{"id":9185,"date":"2026-04-21T12:39:17","date_gmt":"2026-04-21T10:39:17","guid":{"rendered":"https:\/\/artisjet-printers.eu\/?post_type=product&#038;p=9185"},"modified":"2026-04-21T12:52:15","modified_gmt":"2026-04-21T10:52:15","slug":"uv-led-cartrdiges-220-ml-proud","status":"publish","type":"product","link":"https:\/\/artisjet-printers.eu\/pt\/shop\/uv-led-cartrdiges-220-ml-proud\/","title":{"rendered":"Cartuchos UV LED 220 ml &#8211; artis Proud"},"content":{"rendered":"<p data-start=\"6967\" data-end=\"7322\">Os cartuchos <strong data-start=\"6980\" data-end=\"7006\">artisJet DTSAT3 UV LED<\/strong> de <strong data-start=\"7010\" data-end=\"7020\">220 ml<\/strong> foram concebidos especificamente para <strong data-start=\"7059\" data-end=\"7093\">impress\u00e3o direta sobre cart\u00f5es<\/strong> com a <strong data-start=\"7100\" data-end=\"7140\">impressora de cart\u00f5es artisJet Proud<\/strong>. A sua formula\u00e7\u00e3o foi desenvolvida para garantir uma aplica\u00e7\u00e3o uniforme, um fluxo est\u00e1vel e uma fixa\u00e7\u00e3o eficaz, permitindo obter impress\u00f5es n\u00edtidas, cores s\u00f3lidas e degrad\u00e9s limpos.<\/p>\n<p data-start=\"7324\" data-end=\"7671\">Para al\u00e9m da sua qualidade de impress\u00e3o, destacam-se pela sua durabilidade. Estas tintas oferecem boa resist\u00eancia a riscos e ao \u00e1lcool, o que as torna uma op\u00e7\u00e3o adequada para trabalhos que exigem estabilidade e resist\u00eancia no acabamento final. A tecnologia <strong data-start=\"7581\" data-end=\"7591\">UV LED<\/strong> permite uma cura r\u00e1pida e um resultado consistente em aplica\u00e7\u00f5es profissionais.<\/p>\n<p data-start=\"7673\" data-end=\"7762\">A gama no formato <strong data-start=\"7691\" data-end=\"7701\">220 ml<\/strong> est\u00e1 dispon\u00edvel nas cores <strong data-start=\"7728\" data-end=\"7761\">Cyan, Magenta, Yellow e Black<\/strong>.<\/p>\n<h3 data-section-id=\"27xqiu\" data-start=\"7764\" data-end=\"7782\">Especifica\u00e7\u00f5es<\/h3>\n<ul data-start=\"7784\" data-end=\"8243\">\n<li data-section-id=\"1m94bxr\" data-start=\"7784\" data-end=\"7840\"><strong data-start=\"7786\" data-end=\"7806\">Tipo de produto:<\/strong> cartucho de tinta UV LED DTSAT3<\/li>\n<li data-section-id=\"dtvgam\" data-start=\"7841\" data-end=\"7867\"><strong data-start=\"7843\" data-end=\"7858\">Capacidade:<\/strong> 220 ml<\/li>\n<li data-section-id=\"g68ut2\" data-start=\"7868\" data-end=\"7933\"><strong data-start=\"7870\" data-end=\"7890\">Compatibilidade:<\/strong> <strong data-start=\"7891\" data-end=\"7931\">impressora de cart\u00f5es artisJet Proud<\/strong><\/li>\n<li data-section-id=\"xti8s7\" data-start=\"7934\" data-end=\"7990\"><strong data-start=\"7936\" data-end=\"7958\">Cores dispon\u00edveis:<\/strong> Cyan, Magenta, Yellow e Black<\/li>\n<li data-section-id=\"lzn3s1\" data-start=\"7991\" data-end=\"8040\"><strong data-start=\"7993\" data-end=\"8007\">Aplica\u00e7\u00e3o:<\/strong> impress\u00e3o direta sobre cart\u00f5es<\/li>\n<li data-section-id=\"5b539r\" data-start=\"8041\" data-end=\"8150\"><strong data-start=\"8043\" data-end=\"8071\">Principais propriedades:<\/strong> fluxo elevado, boa ader\u00eancia, cor definida, resist\u00eancia a riscos e ao \u00e1lcool<\/li>\n<li data-section-id=\"1x5rzfr\" data-start=\"8151\" data-end=\"8185\"><strong data-start=\"8153\" data-end=\"8176\">Tecnologia de cura:<\/strong> UV LED<\/li>\n<li data-section-id=\"3ts779\" data-start=\"8186\" data-end=\"8243\"><strong data-start=\"8188\" data-end=\"8230\">Temperatura ambiente de funcionamento:<\/strong> 20 a 30 \u00baC<\/li>\n<\/ul>\n","protected":false},"excerpt":{"rendered":"<p data-start=\"6297\" data-end=\"6622\"><strong data-start=\"6297\" data-end=\"6352\">Cartuchos de tinta UV LED artisJet DTSAT3 de 220 ml<\/strong>, concebidos especificamente para a <strong data-start=\"6388\" data-end=\"6428\">impressora de cart\u00f5es artisJet Proud<\/strong>. Oferecem cores intensas, fluxo est\u00e1vel, excelente ader\u00eancia em m\u00faltiplos materiais e elevada resist\u00eancia a riscos e ao \u00e1lcool, com um desempenho fi\u00e1vel para <strong data-start=\"6587\" data-end=\"6621\">impress\u00e3o direta sobre cart\u00f5es<\/strong>.<\/p>\n<p data-start=\"6624\" data-end=\"6685\"><strong data-start=\"6624\" data-end=\"6644\">Compatibilidade:<\/strong> <strong data-start=\"6645\" data-end=\"6685\">impressora de cart\u00f5es artisJet Proud<\/strong><\/p>\n<ul data-start=\"6687\" data-end=\"6900\">\n<li data-section-id=\"1fasv7r\" data-start=\"6687\" data-end=\"6713\">Cores vivas e intensas<\/li>\n<li data-section-id=\"b17zjf\" data-start=\"6714\" data-end=\"6734\">Secagem imediata<\/li>\n<li data-section-id=\"92qd20\" data-start=\"6735\" data-end=\"6758\">Excelente ader\u00eancia<\/li>\n<li data-section-id=\"hy2se6\" data-start=\"6759\" data-end=\"6797\">Elevada resist\u00eancia e durabilidade<\/li>\n<li data-section-id=\"1q9z8w0\" data-start=\"6798\" data-end=\"6865\">Reformuladas para facilitar a manuten\u00e7\u00e3o da cabe\u00e7a de impress\u00e3o<\/li>\n<li data-section-id=\"k0e7cm\" data-start=\"6866\" data-end=\"6900\">Respeitadoras do meio ambiente<\/li>\n<\/ul>\n<p data-start=\"6902\" data-end=\"6944\"><strong data-start=\"6902\" data-end=\"6944\">Prazo de entrega aproximado: 3 semanas<\/strong><\/p>\n","protected":false},"featured_media":9192,"template":"","meta":{"ngg_post_thumbnail":0},"product_brand":[],"product_cat":[5],"product_tag":[],"class_list":{"0":"post-9185","1":"product","2":"type-product","3":"status-publish","4":"has-post-thumbnail","6":"product_cat-artisjet-inks","7":"pa_color-black","8":"pa_color-cyan","9":"pa_color-magenta","10":"pa_color-varnish","11":"pa_color-white","12":"pa_color-yellow","14":"first","15":"instock","16":"taxable","17":"shipping-taxable","18":"purchasable","19":"product-type-variable"},"translation":{"provider":"WPGlobus","version":"2.12.2","language":"pt","enabled_languages":["fr","de","pt","en"],"languages":{"fr":{"title":true,"content":true,"excerpt":true},"de":{"title":true,"content":true,"excerpt":true},"pt":{"title":true,"content":true,"excerpt":true},"en":{"title":true,"content":true,"excerpt":true}}},"yoast_head":"<!-- This site is optimized with the Yoast SEO plugin v22.0 - https:\/\/yoast.com\/wordpress\/plugins\/seo\/ -->\n<title>Cartuchos UV LED 220 ml - artis Proud | Artisjet Europe<\/title>\n<meta name=\"robots\" content=\"index, follow, max-snippet:-1, max-image-preview:large, max-video-preview:-1\" \/>\n<link rel=\"canonical\" href=\"https:\/\/artisjet-printers.eu\/gb\/shop\/uv-led-cartrdiges-220-ml-proud\/\" \/>\n<meta property=\"og:locale\" content=\"pt_PT\" \/>\n<meta property=\"og:type\" content=\"article\" \/>\n<meta property=\"og:title\" content=\"Cartuchos UV LED 220 ml - artis Proud | Artisjet Europe\" \/>\n<meta property=\"og:url\" content=\"https:\/\/artisjet-printers.eu\/gb\/shop\/uv-led-cartrdiges-220-ml-proud\/\" \/>\n<meta property=\"og:site_name\" content=\"Artisjet Europe\" \/>\n<meta property=\"article:modified_time\" content=\"2026-04-21T10:52:15+00:00\" \/>\n<meta property=\"og:image\" content=\"https:\/\/artisjet-printers.eu\/wp-content\/uploads\/2026\/04\/cartd-proud.png\" \/>\n\t<meta property=\"og:image:width\" content=\"1531\" \/>\n\t<meta property=\"og:image:height\" content=\"1021\" \/>\n\t<meta property=\"og:image:type\" content=\"image\/png\" \/>\n<meta name=\"twitter:card\" content=\"summary_large_image\" \/>\n<meta name=\"twitter:label1\" content=\"Tempo estimado de leitura\" \/>\n\t<meta name=\"twitter:data1\" content=\"1 minuto\" \/>\n<script type=\"application\/ld+json\" class=\"yoast-schema-graph\">{\"@context\":\"https:\/\/schema.org\",\"@graph\":[{\"@type\":\"WebPage\",\"@id\":\"https:\/\/artisjet-printers.eu\/gb\/shop\/uv-led-cartrdiges-220-ml-proud\/\",\"url\":\"https:\/\/artisjet-printers.eu\/gb\/shop\/uv-led-cartrdiges-220-ml-proud\/\",\"name\":\"Cartuchos UV LED 220 ml - artis Proud | Artisjet Europe\",\"isPartOf\":{\"@id\":\"https:\/\/artisjet-printers.eu\/#website\"},\"datePublished\":\"2026-04-21T10:39:17+00:00\",\"dateModified\":\"2026-04-21T10:52:15+00:00\",\"breadcrumb\":{\"@id\":\"https:\/\/artisjet-printers.eu\/gb\/shop\/uv-led-cartrdiges-220-ml-proud\/#breadcrumb\"},\"inLanguage\":\"pt-PT\",\"potentialAction\":[{\"@type\":\"ReadAction\",\"target\":[\"https:\/\/artisjet-printers.eu\/gb\/shop\/uv-led-cartrdiges-220-ml-proud\/\"]}]},{\"@type\":\"BreadcrumbList\",\"@id\":\"https:\/\/artisjet-printers.eu\/gb\/shop\/uv-led-cartrdiges-220-ml-proud\/#breadcrumb\",\"itemListElement\":[{\"@type\":\"ListItem\",\"position\":1,\"name\":\"Home\",\"item\":\"https:\/\/artisjet-printers.eu\/\"},{\"@type\":\"ListItem\",\"position\":2,\"name\":\"Shop\",\"item\":\"https:\/\/artisjet-printers.eu\/de\/shop\/\"},{\"@type\":\"ListItem\",\"position\":3,\"name\":\"Cartouches UV LED 220 ml &#8211; artis Proud\"}]},{\"@type\":\"WebSite\",\"@id\":\"https:\/\/artisjet-printers.eu\/#website\",\"url\":\"https:\/\/artisjet-printers.eu\/\",\"name\":\"Artisjet Europe\",\"description\":\"Official distributor in Europe\",\"publisher\":{\"@id\":\"https:\/\/artisjet-printers.eu\/#organization\"},\"potentialAction\":[{\"@type\":\"SearchAction\",\"target\":{\"@type\":\"EntryPoint\",\"urlTemplate\":\"https:\/\/artisjet-printers.eu\/?s={search_term_string}\"},\"query-input\":\"required name=search_term_string\"}],\"inLanguage\":\"pt-PT\"},{\"@type\":\"Organization\",\"@id\":\"https:\/\/artisjet-printers.eu\/#organization\",\"name\":\"ArtisJet\",\"url\":\"https:\/\/artisjet-printers.eu\/\",\"logo\":{\"@type\":\"ImageObject\",\"inLanguage\":\"pt-PT\",\"@id\":\"https:\/\/artisjet-printers.eu\/#\/schema\/logo\/image\/\",\"url\":\"https:\/\/artisjet-printers.eu\/wp-content\/uploads\/2017\/12\/logoartisjet.jpg\",\"contentUrl\":\"https:\/\/artisjet-printers.eu\/wp-content\/uploads\/2017\/12\/logoartisjet.jpg\",\"width\":217,\"height\":80,\"caption\":\"ArtisJet\"},\"image\":{\"@id\":\"https:\/\/artisjet-printers.eu\/#\/schema\/logo\/image\/\"}}]}<\/script>\n<!-- \/ Yoast SEO plugin. -->","yoast_head_json":{"title":"Cartuchos UV LED 220 ml - artis Proud | Artisjet Europe","robots":{"index":"index","follow":"follow","max-snippet":"max-snippet:-1","max-image-preview":"max-image-preview:large","max-video-preview":"max-video-preview:-1"},"canonical":"https:\/\/artisjet-printers.eu\/gb\/shop\/uv-led-cartrdiges-220-ml-proud\/","og_locale":"pt_PT","og_type":"article","og_title":"Cartuchos UV LED 220 ml - artis Proud | Artisjet Europe","og_url":"https:\/\/artisjet-printers.eu\/gb\/shop\/uv-led-cartrdiges-220-ml-proud\/","og_site_name":"Artisjet Europe","article_modified_time":"2026-04-21T10:52:15+00:00","og_image":[{"width":1531,"height":1021,"url":"https:\/\/artisjet-printers.eu\/wp-content\/uploads\/2026\/04\/cartd-proud.png","type":"image\/png"}],"twitter_card":"summary_large_image","twitter_misc":{"Tempo estimado de leitura":"1 minuto"},"schema":{"@context":"https:\/\/schema.org","@graph":[{"@type":"WebPage","@id":"https:\/\/artisjet-printers.eu\/gb\/shop\/uv-led-cartrdiges-220-ml-proud\/","url":"https:\/\/artisjet-printers.eu\/gb\/shop\/uv-led-cartrdiges-220-ml-proud\/","name":"Cartuchos UV LED 220 ml - artis Proud | Artisjet Europe","isPartOf":{"@id":"https:\/\/artisjet-printers.eu\/#website"},"datePublished":"2026-04-21T10:39:17+00:00","dateModified":"2026-04-21T10:52:15+00:00","breadcrumb":{"@id":"https:\/\/artisjet-printers.eu\/gb\/shop\/uv-led-cartrdiges-220-ml-proud\/#breadcrumb"},"inLanguage":"pt-PT","potentialAction":[{"@type":"ReadAction","target":["https:\/\/artisjet-printers.eu\/gb\/shop\/uv-led-cartrdiges-220-ml-proud\/"]}]},{"@type":"BreadcrumbList","@id":"https:\/\/artisjet-printers.eu\/gb\/shop\/uv-led-cartrdiges-220-ml-proud\/#breadcrumb","itemListElement":[{"@type":"ListItem","position":1,"name":"Home","item":"https:\/\/artisjet-printers.eu\/"},{"@type":"ListItem","position":2,"name":"Shop","item":"https:\/\/artisjet-printers.eu\/de\/shop\/"},{"@type":"ListItem","position":3,"name":"Cartouches UV LED 220 ml &#8211; artis Proud"}]},{"@type":"WebSite","@id":"https:\/\/artisjet-printers.eu\/#website","url":"https:\/\/artisjet-printers.eu\/","name":"Artisjet Europe","description":"Official distributor in Europe","publisher":{"@id":"https:\/\/artisjet-printers.eu\/#organization"},"potentialAction":[{"@type":"SearchAction","target":{"@type":"EntryPoint","urlTemplate":"https:\/\/artisjet-printers.eu\/?s={search_term_string}"},"query-input":"required name=search_term_string"}],"inLanguage":"pt-PT"},{"@type":"Organization","@id":"https:\/\/artisjet-printers.eu\/#organization","name":"ArtisJet","url":"https:\/\/artisjet-printers.eu\/","logo":{"@type":"ImageObject","inLanguage":"pt-PT","@id":"https:\/\/artisjet-printers.eu\/#\/schema\/logo\/image\/","url":"https:\/\/artisjet-printers.eu\/wp-content\/uploads\/2017\/12\/logoartisjet.jpg","contentUrl":"https:\/\/artisjet-printers.eu\/wp-content\/uploads\/2017\/12\/logoartisjet.jpg","width":217,"height":80,"caption":"ArtisJet"},"image":{"@id":"https:\/\/artisjet-printers.eu\/#\/schema\/logo\/image\/"}}]}},"_links":{"self":[{"href":"https:\/\/artisjet-printers.eu\/pt\/wp-json\/wp\/v2\/product\/9185","targetHints":{"allow":["GET"]}}],"collection":[{"href":"https:\/\/artisjet-printers.eu\/pt\/wp-json\/wp\/v2\/product"}],"about":[{"href":"https:\/\/artisjet-printers.eu\/pt\/wp-json\/wp\/v2\/types\/product"}],"wp:featuredmedia":[{"embeddable":true,"href":"https:\/\/artisjet-printers.eu\/pt\/wp-json\/wp\/v2\/media\/9192"}],"wp:attachment":[{"href":"https:\/\/artisjet-printers.eu\/pt\/wp-json\/wp\/v2\/media?parent=9185"}],"wp:term":[{"taxonomy":"product_brand","embeddable":true,"href":"https:\/\/artisjet-printers.eu\/pt\/wp-json\/wp\/v2\/product_brand?post=9185"},{"taxonomy":"product_cat","embeddable":true,"href":"https:\/\/artisjet-printers.eu\/pt\/wp-json\/wp\/v2\/product_cat?post=9185"},{"taxonomy":"product_tag","embeddable":true,"href":"https:\/\/artisjet-printers.eu\/pt\/wp-json\/wp\/v2\/product_tag?post=9185"}],"curies":[{"name":"wp","href":"https:\/\/api.w.org\/{rel}","templated":true}]}}