{"id":493,"date":"2017-11-21T11:59:23","date_gmt":"2017-11-21T11:59:23","guid":{"rendered":"http:\/\/artisjet-printers.eu\/product\/rip-software\/"},"modified":"2018-10-23T18:03:52","modified_gmt":"2018-10-23T16:03:52","slug":"rip-software","status":"publish","type":"product","link":"https:\/\/artisjet-printers.eu\/pt\/shop\/rip-software\/","title":{"rendered":"WhiteRIP Software de impress\u00e3o"},"content":{"rendered":"<p><strong>WhiteRip <\/strong><strong>\u00e9 capaz de imprimir na mesma passada as capas de branco e de cor, com maior precis\u00e3o e velocidade. Inclusivamente sobre uma mesa mal equilibrada, as duas c<\/strong><strong>apas ficar\u00e3o<\/strong><strong> perfeitamente alinhadas.<\/strong><\/p>\n<ul>\n<li><em>Reduz a metade o n<\/em><em>\u00famero de passadas de impress\u00e3o.<\/em><\/li>\n<li><em>Reduz o tempo de prepara\u00e7\u00e3o<\/em><em> da mesa para a impress\u00e3o da segunda capa.<\/em><\/li>\n<\/ul>\n<p><strong>A vers\u00e3o UV permite<\/strong><strong> imprimir at\u00e9 tr\u00eas capas simultaneamente sobre qualquer <\/strong><strong>\u00a0material, aumentando as vantagens de uma impress\u00e3o<\/strong><strong> tradicional<\/strong><strong>. Deste modo pode imprimir, por exemplo, cor, branco e cor em objetos transparentes.<\/strong><\/p>\n<p>&nbsp;<\/p>\n","protected":false},"excerpt":{"rendered":"<p><strong>WhiteRip foi desenhado para ser usado para aplica\u00e7\u00f5es em diferentes \u00e1reas, principalmente:<\/strong><\/p>\n<ul>\n<li><strong>WhiteRip T\u00eaxtil, para impress\u00e3o<\/strong><strong> t\u00eaxtil<\/strong><\/li>\n<li><strong>WhiteRip UV para impressoras plana multi-objetos<\/strong><\/li>\n<\/ul>\n<p><strong>O programa funciona com a maior<\/strong><strong>\u00eda de formatos de ficheiros gr\u00e1ficos, rasteriza\u00e7\u00f5es ou vectorial, incluindo JPG, TIFF, BMP, PSD. Est\u00e1 equipado com um motor de renderiza\u00e7\u00e3o de 16 bits que permite ter maior qualidade nos detalhes<\/strong><strong>.<\/strong><\/p>\n<p>O c\u00f3digo de processo constru\u00eddo para&nbsp;<strong>WhiteRip<\/strong>&nbsp;proporciona distintos algoritmos de meios tons, incluindo tamb\u00e9m regula\u00e7\u00e3o de amplitude e frequ\u00eancia.<\/p>\n<p>A gest\u00e3o de cor est\u00e1 baseada nos perfis WICC. \u00c0 parte dos perfis por defeito \u00e9 poss\u00edvel usar e criar novos perfis ajustados \u00e0s necessidades de cada um. Al\u00e9m do mais \u00e9 poss\u00edvel modificar um perfil de modo intuitivo, a renderiza\u00e7\u00e3o crom\u00e1tica das impress\u00f5es modificando os limites de tinta.<\/p>\n<p>O software \u00e9 capaz de controlar, al\u00e9m das 4 cores do processo, a impress\u00e3o com branco. A cria\u00e7\u00e3o da capa de branco, est\u00e1 completamente automatizada e optimizada por v\u00e1rios campos de uso, seletiva, global, para fundo negro ou para usos criativos. Tamb\u00e9m se pode gerar manualmente.<\/p>\n<p>&nbsp;<\/p>\n<p>&nbsp;<br \/>\n<a class=\"fasc-button fasc-size-large fasc-type-glossy fasc-rounded-medium fasc-ico-before dashicons-edit\" style=\"background-color: #247edd; color: #ffffff;\" href=\"\/pt\/contact\/\">Or\u00e7amento<\/a><\/p>\n","protected":false},"featured_media":494,"template":"","meta":{"ngg_post_thumbnail":0},"product_brand":[],"product_cat":[19],"product_tag":[],"class_list":{"0":"post-493","1":"product","2":"type-product","3":"status-publish","4":"has-post-thumbnail","6":"product_cat-software","8":"first","9":"instock","10":"taxable","11":"shipping-taxable","12":"product-type-simple"},"translation":{"provider":"WPGlobus","version":"2.12.2","language":"pt","enabled_languages":["fr","de","pt","en"],"languages":{"fr":{"title":true,"content":true,"excerpt":true},"de":{"title":true,"content":true,"excerpt":true},"pt":{"title":true,"content":true,"excerpt":true},"en":{"title":true,"content":true,"excerpt":true}}},"yoast_head":"<!-- This site is optimized with the Yoast SEO plugin v22.0 - https:\/\/yoast.com\/wordpress\/plugins\/seo\/ -->\n<title>WhiteRIP Software de impress\u00e3o | Artisjet Europe<\/title>\n<meta name=\"robots\" content=\"index, follow, max-snippet:-1, max-image-preview:large, max-video-preview:-1\" \/>\n<link rel=\"canonical\" href=\"https:\/\/artisjet-printers.eu\/shop\/rip-software\/\" \/>\n<meta property=\"og:locale\" content=\"pt_PT\" \/>\n<meta property=\"og:type\" content=\"article\" \/>\n<meta property=\"og:title\" content=\"WhiteRIP Software de impress\u00e3o | Artisjet Europe\" \/>\n<meta property=\"og:url\" content=\"https:\/\/artisjet-printers.eu\/shop\/rip-software\/\" \/>\n<meta property=\"og:site_name\" content=\"Artisjet Europe\" \/>\n<meta property=\"article:modified_time\" content=\"2018-10-23T16:03:52+00:00\" \/>\n<meta property=\"og:image\" content=\"https:\/\/artisjet-printers.eu\/wp-content\/uploads\/2017\/12\/sofware-white-rip.jpg\" \/>\n\t<meta property=\"og:image:width\" content=\"500\" \/>\n\t<meta property=\"og:image:height\" content=\"500\" \/>\n\t<meta property=\"og:image:type\" content=\"image\/jpeg\" \/>\n<meta name=\"twitter:card\" content=\"summary_large_image\" \/>\n<meta name=\"twitter:label1\" content=\"Tempo estimado de leitura\" \/>\n\t<meta name=\"twitter:data1\" content=\"2 minutos\" \/>\n<script type=\"application\/ld+json\" class=\"yoast-schema-graph\">{\"@context\":\"https:\/\/schema.org\",\"@graph\":[{\"@type\":\"WebPage\",\"@id\":\"https:\/\/artisjet-printers.eu\/shop\/rip-software\/\",\"url\":\"https:\/\/artisjet-printers.eu\/shop\/rip-software\/\",\"name\":\"WhiteRIP Software de impress\u00e3o | Artisjet Europe\",\"isPartOf\":{\"@id\":\"https:\/\/artisjet-printers.eu\/#website\"},\"datePublished\":\"2017-11-21T11:59:23+00:00\",\"dateModified\":\"2018-10-23T16:03:52+00:00\",\"breadcrumb\":{\"@id\":\"https:\/\/artisjet-printers.eu\/shop\/rip-software\/#breadcrumb\"},\"inLanguage\":\"pt-PT\",\"potentialAction\":[{\"@type\":\"ReadAction\",\"target\":[\"https:\/\/artisjet-printers.eu\/shop\/rip-software\/\"]}]},{\"@type\":\"BreadcrumbList\",\"@id\":\"https:\/\/artisjet-printers.eu\/shop\/rip-software\/#breadcrumb\",\"itemListElement\":[{\"@type\":\"ListItem\",\"position\":1,\"name\":\"Home\",\"item\":\"https:\/\/artisjet-printers.eu\/\"},{\"@type\":\"ListItem\",\"position\":2,\"name\":\"Shop\",\"item\":\"https:\/\/artisjet-printers.eu\/de\/shop\/\"},{\"@type\":\"ListItem\",\"position\":3,\"name\":\"WhiteRIP LOGICIEL D\u2019IMPRESSION\"}]},{\"@type\":\"WebSite\",\"@id\":\"https:\/\/artisjet-printers.eu\/#website\",\"url\":\"https:\/\/artisjet-printers.eu\/\",\"name\":\"Artisjet Europe\",\"description\":\"Official distributor in Europe\",\"publisher\":{\"@id\":\"https:\/\/artisjet-printers.eu\/#organization\"},\"potentialAction\":[{\"@type\":\"SearchAction\",\"target\":{\"@type\":\"EntryPoint\",\"urlTemplate\":\"https:\/\/artisjet-printers.eu\/?s={search_term_string}\"},\"query-input\":\"required name=search_term_string\"}],\"inLanguage\":\"pt-PT\"},{\"@type\":\"Organization\",\"@id\":\"https:\/\/artisjet-printers.eu\/#organization\",\"name\":\"ArtisJet\",\"url\":\"https:\/\/artisjet-printers.eu\/\",\"logo\":{\"@type\":\"ImageObject\",\"inLanguage\":\"pt-PT\",\"@id\":\"https:\/\/artisjet-printers.eu\/#\/schema\/logo\/image\/\",\"url\":\"https:\/\/artisjet-printers.eu\/wp-content\/uploads\/2017\/12\/logoartisjet.jpg\",\"contentUrl\":\"https:\/\/artisjet-printers.eu\/wp-content\/uploads\/2017\/12\/logoartisjet.jpg\",\"width\":217,\"height\":80,\"caption\":\"ArtisJet\"},\"image\":{\"@id\":\"https:\/\/artisjet-printers.eu\/#\/schema\/logo\/image\/\"}}]}<\/script>\n<!-- \/ Yoast SEO plugin. -->","yoast_head_json":{"title":"WhiteRIP Software de impress\u00e3o | Artisjet Europe","robots":{"index":"index","follow":"follow","max-snippet":"max-snippet:-1","max-image-preview":"max-image-preview:large","max-video-preview":"max-video-preview:-1"},"canonical":"https:\/\/artisjet-printers.eu\/shop\/rip-software\/","og_locale":"pt_PT","og_type":"article","og_title":"WhiteRIP Software de impress\u00e3o | Artisjet Europe","og_url":"https:\/\/artisjet-printers.eu\/shop\/rip-software\/","og_site_name":"Artisjet Europe","article_modified_time":"2018-10-23T16:03:52+00:00","og_image":[{"width":500,"height":500,"url":"https:\/\/artisjet-printers.eu\/wp-content\/uploads\/2017\/12\/sofware-white-rip.jpg","type":"image\/jpeg"}],"twitter_card":"summary_large_image","twitter_misc":{"Tempo estimado de leitura":"2 minutos"},"schema":{"@context":"https:\/\/schema.org","@graph":[{"@type":"WebPage","@id":"https:\/\/artisjet-printers.eu\/shop\/rip-software\/","url":"https:\/\/artisjet-printers.eu\/shop\/rip-software\/","name":"WhiteRIP Software de impress\u00e3o | Artisjet Europe","isPartOf":{"@id":"https:\/\/artisjet-printers.eu\/#website"},"datePublished":"2017-11-21T11:59:23+00:00","dateModified":"2018-10-23T16:03:52+00:00","breadcrumb":{"@id":"https:\/\/artisjet-printers.eu\/shop\/rip-software\/#breadcrumb"},"inLanguage":"pt-PT","potentialAction":[{"@type":"ReadAction","target":["https:\/\/artisjet-printers.eu\/shop\/rip-software\/"]}]},{"@type":"BreadcrumbList","@id":"https:\/\/artisjet-printers.eu\/shop\/rip-software\/#breadcrumb","itemListElement":[{"@type":"ListItem","position":1,"name":"Home","item":"https:\/\/artisjet-printers.eu\/"},{"@type":"ListItem","position":2,"name":"Shop","item":"https:\/\/artisjet-printers.eu\/de\/shop\/"},{"@type":"ListItem","position":3,"name":"WhiteRIP LOGICIEL D\u2019IMPRESSION"}]},{"@type":"WebSite","@id":"https:\/\/artisjet-printers.eu\/#website","url":"https:\/\/artisjet-printers.eu\/","name":"Artisjet Europe","description":"Official distributor in Europe","publisher":{"@id":"https:\/\/artisjet-printers.eu\/#organization"},"potentialAction":[{"@type":"SearchAction","target":{"@type":"EntryPoint","urlTemplate":"https:\/\/artisjet-printers.eu\/?s={search_term_string}"},"query-input":"required name=search_term_string"}],"inLanguage":"pt-PT"},{"@type":"Organization","@id":"https:\/\/artisjet-printers.eu\/#organization","name":"ArtisJet","url":"https:\/\/artisjet-printers.eu\/","logo":{"@type":"ImageObject","inLanguage":"pt-PT","@id":"https:\/\/artisjet-printers.eu\/#\/schema\/logo\/image\/","url":"https:\/\/artisjet-printers.eu\/wp-content\/uploads\/2017\/12\/logoartisjet.jpg","contentUrl":"https:\/\/artisjet-printers.eu\/wp-content\/uploads\/2017\/12\/logoartisjet.jpg","width":217,"height":80,"caption":"ArtisJet"},"image":{"@id":"https:\/\/artisjet-printers.eu\/#\/schema\/logo\/image\/"}}]}},"_links":{"self":[{"href":"https:\/\/artisjet-printers.eu\/pt\/wp-json\/wp\/v2\/product\/493","targetHints":{"allow":["GET"]}}],"collection":[{"href":"https:\/\/artisjet-printers.eu\/pt\/wp-json\/wp\/v2\/product"}],"about":[{"href":"https:\/\/artisjet-printers.eu\/pt\/wp-json\/wp\/v2\/types\/product"}],"wp:featuredmedia":[{"embeddable":true,"href":"https:\/\/artisjet-printers.eu\/pt\/wp-json\/wp\/v2\/media\/494"}],"wp:attachment":[{"href":"https:\/\/artisjet-printers.eu\/pt\/wp-json\/wp\/v2\/media?parent=493"}],"wp:term":[{"taxonomy":"product_brand","embeddable":true,"href":"https:\/\/artisjet-printers.eu\/pt\/wp-json\/wp\/v2\/product_brand?post=493"},{"taxonomy":"product_cat","embeddable":true,"href":"https:\/\/artisjet-printers.eu\/pt\/wp-json\/wp\/v2\/product_cat?post=493"},{"taxonomy":"product_tag","embeddable":true,"href":"https:\/\/artisjet-printers.eu\/pt\/wp-json\/wp\/v2\/product_tag?post=493"}],"curies":[{"name":"wp","href":"https:\/\/api.w.org\/{rel}","templated":true}]}}