{"id":4013,"date":"2024-05-06T09:19:26","date_gmt":"2024-05-06T07:19:26","guid":{"rendered":"https:\/\/artisjet-printers.eu\/?post_type=product&#038;p=4013"},"modified":"2025-06-16T12:32:43","modified_gmt":"2025-06-16T10:32:43","slug":"artisjet-proud","status":"publish","type":"product","link":"https:\/\/artisjet-printers.eu\/pt\/shop\/artisjet-proud\/","title":{"rendered":"artisJet Proud"},"content":{"rendered":"<p><strong>Simplifiez l&#8217;impression de cartes en masse avec artisJet Proud<\/strong><\/p>\n<p>D\u00e9couvrez l&#8217;imprimante industrielle r\u00e9volutionnaire de cartes d&#8217;identit\u00e9 UV, artisJet Proud. Cette solution de bureau est con\u00e7ue pour rationaliser vos processus d&#8217;impression en masse, vous permettant ainsi d&#8217;\u00e9conomiser du temps et de l&#8217;argent. Avec une fiabilit\u00e9 \u00e9prouv\u00e9e et une capacit\u00e9 \u00e0 g\u00e9rer des volumes de travail \u00e9lev\u00e9s, Proud transforme l&#8217;\u00e9mission de cartes financi\u00e8res et d&#8217;identification.<\/p>\n<p><img loading=\"lazy\" decoding=\"async\" class=\"size-full wp-image-4014 aligncenter\" src=\"https:\/\/artisjet-printers.eu\/wp-content\/uploads\/2024\/05\/artisJet-proud-card-printer-left-side-view.jpeg\" alt=\"\" width=\"1170\" height=\"990\" srcset=\"https:\/\/artisjet-printers.eu\/wp-content\/uploads\/2024\/05\/artisJet-proud-card-printer-left-side-view.jpeg 1170w, https:\/\/artisjet-printers.eu\/wp-content\/uploads\/2024\/05\/artisJet-proud-card-printer-left-side-view-300x254.jpeg 300w, https:\/\/artisjet-printers.eu\/wp-content\/uploads\/2024\/05\/artisJet-proud-card-printer-left-side-view-1024x866.jpeg 1024w, https:\/\/artisjet-printers.eu\/wp-content\/uploads\/2024\/05\/artisJet-proud-card-printer-left-side-view-768x650.jpeg 768w, https:\/\/artisjet-printers.eu\/wp-content\/uploads\/2024\/05\/artisJet-proud-card-printer-left-side-view-600x508.jpeg 600w\" sizes=\"auto, (max-width: 1170px) 100vw, 1170px\" \/><\/p>\n<p><strong>Avantages cl\u00e9s:<\/strong><\/p>\n<ul>\n<li><strong>Rentable&nbsp;: <\/strong>\u00e9conomisez des co\u00fbts et am\u00e9liorez l\u2019efficacit\u00e9 de votre production.<\/li>\n<li><strong>Fiabilit\u00e9&nbsp;: <\/strong>comptez sur une imprimante \u00e0 gros volume qui r\u00e9pond \u00e0 vos exigences op\u00e9rationnelles les plus exigeantes.<\/li>\n<li><strong>Innovation&nbsp;: <\/strong>d\u00e9couvrez la pointe de la technologie avec des fonctionnalit\u00e9s con\u00e7ues pour optimiser votre flux de travail.<\/li>\n<\/ul>\n<p><strong>Donner du pouvoir aux programmes gouvernementaux et aux entreprises<\/strong><\/p>\n<p>L&#8217;imprimante Proud est con\u00e7ue pour r\u00e9pondre aux besoins sp\u00e9cifiques des programmes gouvernementaux de cartes d&#8217;identit\u00e9, des bureaux de services et des grandes entreprises. \u00c9quip\u00e9 d&#8217;un moteur d&#8217;impression \u00e0 jet d&#8217;encre UV haute r\u00e9solution et d&#8217;un syst\u00e8me avanc\u00e9 d&#8217;alimentation automatique des cartes, Proud offre une large gamme d&#8217;options de codage pour diverses applications.<\/p>\n<div id='gallery-1' class='gallery galleryid-4013 gallery-columns-3 gallery-size-medium'><figure class='gallery-item'>\n\t\t\t<div class='gallery-icon landscape'>\n\t\t\t\t<a href='https:\/\/artisjet-printers.eu\/pt\/?attachment_id=4020'><img loading=\"lazy\" decoding=\"async\" width=\"300\" height=\"223\" src=\"https:\/\/artisjet-printers.eu\/wp-content\/uploads\/2024\/05\/card-id-badges-300x223.jpeg\" class=\"attachment-medium size-medium\" alt=\"\" srcset=\"https:\/\/artisjet-printers.eu\/wp-content\/uploads\/2024\/05\/card-id-badges-300x223.jpeg 300w, https:\/\/artisjet-printers.eu\/wp-content\/uploads\/2024\/05\/card-id-badges.jpeg 373w\" sizes=\"auto, (max-width: 300px) 100vw, 300px\" \/><\/a>\n\t\t\t<\/div><\/figure><figure class='gallery-item'>\n\t\t\t<div class='gallery-icon landscape'>\n\t\t\t\t<a href='https:\/\/artisjet-printers.eu\/pt\/?attachment_id=4019'><img loading=\"lazy\" decoding=\"async\" width=\"300\" height=\"223\" src=\"https:\/\/artisjet-printers.eu\/wp-content\/uploads\/2024\/05\/rfid-credit-bank-cards-300x223.jpeg\" class=\"attachment-medium size-medium\" alt=\"\" srcset=\"https:\/\/artisjet-printers.eu\/wp-content\/uploads\/2024\/05\/rfid-credit-bank-cards-300x223.jpeg 300w, https:\/\/artisjet-printers.eu\/wp-content\/uploads\/2024\/05\/rfid-credit-bank-cards.jpeg 373w\" sizes=\"auto, (max-width: 300px) 100vw, 300px\" \/><\/a>\n\t\t\t<\/div><\/figure><figure class='gallery-item'>\n\t\t\t<div class='gallery-icon landscape'>\n\t\t\t\t<a href='https:\/\/artisjet-printers.eu\/pt\/?attachment_id=4018'><img loading=\"lazy\" decoding=\"async\" width=\"300\" height=\"223\" src=\"https:\/\/artisjet-printers.eu\/wp-content\/uploads\/2024\/05\/press-id-cards-300x223.jpeg\" class=\"attachment-medium size-medium\" alt=\"\" srcset=\"https:\/\/artisjet-printers.eu\/wp-content\/uploads\/2024\/05\/press-id-cards-300x223.jpeg 300w, https:\/\/artisjet-printers.eu\/wp-content\/uploads\/2024\/05\/press-id-cards.jpeg 373w\" sizes=\"auto, (max-width: 300px) 100vw, 300px\" \/><\/a>\n\t\t\t<\/div><\/figure><figure class='gallery-item'>\n\t\t\t<div class='gallery-icon landscape'>\n\t\t\t\t<a href='https:\/\/artisjet-printers.eu\/pt\/?attachment_id=4017'><img loading=\"lazy\" decoding=\"async\" width=\"300\" height=\"223\" src=\"https:\/\/artisjet-printers.eu\/wp-content\/uploads\/2024\/05\/event-registration-cards-300x223.jpeg\" class=\"attachment-medium size-medium\" alt=\"\" srcset=\"https:\/\/artisjet-printers.eu\/wp-content\/uploads\/2024\/05\/event-registration-cards-300x223.jpeg 300w, https:\/\/artisjet-printers.eu\/wp-content\/uploads\/2024\/05\/event-registration-cards.jpeg 373w\" sizes=\"auto, (max-width: 300px) 100vw, 300px\" \/><\/a>\n\t\t\t<\/div><\/figure><figure class='gallery-item'>\n\t\t\t<div class='gallery-icon landscape'>\n\t\t\t\t<a href='https:\/\/artisjet-printers.eu\/pt\/?attachment_id=4016'><img loading=\"lazy\" decoding=\"async\" width=\"300\" height=\"223\" src=\"https:\/\/artisjet-printers.eu\/wp-content\/uploads\/2024\/05\/vdp-cards-printing-300x223.jpeg\" class=\"attachment-medium size-medium\" alt=\"\" srcset=\"https:\/\/artisjet-printers.eu\/wp-content\/uploads\/2024\/05\/vdp-cards-printing-300x223.jpeg 300w, https:\/\/artisjet-printers.eu\/wp-content\/uploads\/2024\/05\/vdp-cards-printing.jpeg 373w\" sizes=\"auto, (max-width: 300px) 100vw, 300px\" \/><\/a>\n\t\t\t<\/div><\/figure><figure class='gallery-item'>\n\t\t\t<div class='gallery-icon landscape'>\n\t\t\t\t<a href='https:\/\/artisjet-printers.eu\/pt\/?attachment_id=4015'><img loading=\"lazy\" decoding=\"async\" width=\"300\" height=\"223\" src=\"https:\/\/artisjet-printers.eu\/wp-content\/uploads\/2024\/05\/government-id-cards-300x223.jpeg\" class=\"attachment-medium size-medium\" alt=\"\" srcset=\"https:\/\/artisjet-printers.eu\/wp-content\/uploads\/2024\/05\/government-id-cards-300x223.jpeg 300w, https:\/\/artisjet-printers.eu\/wp-content\/uploads\/2024\/05\/government-id-cards.jpeg 373w\" sizes=\"auto, (max-width: 300px) 100vw, 300px\" \/><\/a>\n\t\t\t<\/div><\/figure>\n\t\t<\/div>\n\n<p><strong>Fonctionnalit\u00e9s en vedette&nbsp;:<\/strong><\/p>\n<ul>\n<li><strong>Haute r\u00e9solution&nbsp;: <\/strong>des r\u00e9sultats nets et d\u00e9taill\u00e9s pour r\u00e9pondre aux exigences de tout projet.<\/li>\n<li><strong>Automatisation efficace : <\/strong>optimisez vos processus de production avec une alimentation automatique et rapide.<\/li>\n<\/ul>\n<p><strong>D\u00e9couvrez l&#8217;avant-garde technologique<\/strong><\/p>\n<p>D\u00e9couvrez les fonctionnalit\u00e9s innovantes d&#8217;artisJet Proud. Avec une production rentable soutenue par les cartouches d&#8217;encre artisInk DTSAT4, cette imprimante fournit plus de 8 000 impressions par jeu, garantissant une production quotidienne efficace et \u00e9conomique. Sa vitesse et sa qualit\u00e9 d&#8217;impression exceptionnelles vous permettent de r\u00e9aliser des projets de haute qualit\u00e9 en moins de temps.<\/p>\n<p><img loading=\"lazy\" decoding=\"async\" class=\"size-full wp-image-4021 aligncenter\" src=\"https:\/\/artisjet-printers.eu\/wp-content\/uploads\/2024\/05\/rfid-data-code-reading-and-writing.jpeg\" alt=\"\" width=\"1170\" height=\"491\" srcset=\"https:\/\/artisjet-printers.eu\/wp-content\/uploads\/2024\/05\/rfid-data-code-reading-and-writing.jpeg 1170w, https:\/\/artisjet-printers.eu\/wp-content\/uploads\/2024\/05\/rfid-data-code-reading-and-writing-300x126.jpeg 300w, https:\/\/artisjet-printers.eu\/wp-content\/uploads\/2024\/05\/rfid-data-code-reading-and-writing-1024x430.jpeg 1024w, https:\/\/artisjet-printers.eu\/wp-content\/uploads\/2024\/05\/rfid-data-code-reading-and-writing-768x322.jpeg 768w, https:\/\/artisjet-printers.eu\/wp-content\/uploads\/2024\/05\/rfid-data-code-reading-and-writing-600x252.jpeg 600w\" sizes=\"auto, (max-width: 1170px) 100vw, 1170px\" \/><\/p>\n<p><strong>Points cl\u00e9s:<\/strong><\/p>\n<ul>\n<li><strong>Production rentable&nbsp;: <\/strong>plus de 8&nbsp;000&nbsp;impressions par jeu pour des performances durables.<\/li>\n<li><strong>Qualit\u00e9 in\u00e9gal\u00e9e&nbsp;: <\/strong>des r\u00e9sultats de qualit\u00e9 photo qui impressionneront vos clients.<\/li>\n<\/ul>\n<p><strong>Qualit\u00e9 d&#8217;impression in\u00e9gal\u00e9e<\/strong><\/p>\n<p>Avec Proud, obtenez une qualit\u00e9 d\u2019impression in\u00e9gal\u00e9e. Chaque d\u00e9tail est affich\u00e9 dans des couleurs vives et pr\u00e9cises gr\u00e2ce \u00e0 sa r\u00e9solution de 1 440 DPI et \u00e0 son syst\u00e8me jet d&#8217;encre avanc\u00e9. Cette qualit\u00e9 photographique vous permet de r\u00e9aliser des cartes qui se d\u00e9marquent et v\u00e9hiculent du professionnalisme.<\/p>\n<p><img loading=\"lazy\" decoding=\"async\" class=\"size-full wp-image-4024 aligncenter\" src=\"https:\/\/artisjet-printers.eu\/wp-content\/uploads\/2024\/05\/id-cards-photo-quality-1.jpeg\" alt=\"\" width=\"1170\" height=\"570\" srcset=\"https:\/\/artisjet-printers.eu\/wp-content\/uploads\/2024\/05\/id-cards-photo-quality-1.jpeg 1170w, https:\/\/artisjet-printers.eu\/wp-content\/uploads\/2024\/05\/id-cards-photo-quality-1-300x146.jpeg 300w, https:\/\/artisjet-printers.eu\/wp-content\/uploads\/2024\/05\/id-cards-photo-quality-1-1024x499.jpeg 1024w, https:\/\/artisjet-printers.eu\/wp-content\/uploads\/2024\/05\/id-cards-photo-quality-1-768x374.jpeg 768w, https:\/\/artisjet-printers.eu\/wp-content\/uploads\/2024\/05\/id-cards-photo-quality-1-600x292.jpeg 600w\" sizes=\"auto, (max-width: 1170px) 100vw, 1170px\" \/><\/p>\n<p><strong>Avantages cl\u00e9s :<\/strong><\/p>\n<ul>\n<li><strong>Couleurs vibrantes : <\/strong>Des r\u00e9sultats qui se distinguent par leur intensit\u00e9 et leur clart\u00e9.<\/li>\n<li><strong>Des d\u00e9tails pr\u00e9cis : <\/strong>Chaque \u00e9l\u00e9ment de votre design est reproduit avec la plus grande fid\u00e9lit\u00e9.<\/li>\n<\/ul>\n<p><strong>Solutions d&#8217;impression polyvalentes<\/strong><\/p>\n<p>Proud s&#8217;int\u00e8gre dans n&#8217;importe quel environnement professionnel gr\u00e2ce \u00e0 son design compact et ses fonctionnalit\u00e9s de mobilit\u00e9. Des cartes d&#8217;identit\u00e9 aux cartes RFID, cette imprimante offre la flexibilit\u00e9 d&#8217;imprimer diff\u00e9rents types de cartes, y compris des options d&#8217;impression recto verso et couleur.<\/p>\n<p><img loading=\"lazy\" decoding=\"async\" class=\"size-full wp-image-4025 aligncenter\" src=\"https:\/\/artisjet-printers.eu\/wp-content\/uploads\/2024\/05\/artisJet-proud-card-printer-right-side-view.jpeg\" alt=\"\" width=\"1170\" height=\"710\" srcset=\"https:\/\/artisjet-printers.eu\/wp-content\/uploads\/2024\/05\/artisJet-proud-card-printer-right-side-view.jpeg 1170w, https:\/\/artisjet-printers.eu\/wp-content\/uploads\/2024\/05\/artisJet-proud-card-printer-right-side-view-300x182.jpeg 300w, https:\/\/artisjet-printers.eu\/wp-content\/uploads\/2024\/05\/artisJet-proud-card-printer-right-side-view-1024x621.jpeg 1024w, https:\/\/artisjet-printers.eu\/wp-content\/uploads\/2024\/05\/artisJet-proud-card-printer-right-side-view-768x466.jpeg 768w, https:\/\/artisjet-printers.eu\/wp-content\/uploads\/2024\/05\/artisJet-proud-card-printer-right-side-view-600x364.jpeg 600w\" sizes=\"auto, (max-width: 1170px) 100vw, 1170px\" \/><\/p>\n<p><strong>Fonctionnalit\u00e9s en vedette&nbsp;:<\/strong><\/p>\n<ul>\n<li><strong>Flexibilit\u00e9 d&#8217;impression : <\/strong>Imprimez diff\u00e9rents types de cartes sans sacrifier la qualit\u00e9.<\/li>\n<li><strong>Mobilit\u00e9 : <\/strong>Son design compact lui permet d&#8217;\u00eatre plac\u00e9 dans n&#8217;importe quel espace de travail.<\/li>\n<\/ul>\n<p><strong>Fonctionnement simplifi\u00e9<\/strong><\/p>\n<p>D\u00e9couvrez la simplicit\u00e9 de l\u2019impression de cartes de personnalisation de masse avec l\u2019imprimante Proud. Gr\u00e2ce \u00e0 sa configuration plug-and-play simple et \u00e0 son fonctionnement intuitif, Proud simplifie les t\u00e2ches d&#8217;impression pour les professionnels et les d\u00e9butants.<\/p>\n<p><img loading=\"lazy\" decoding=\"async\" class=\"size-full wp-image-4023 aligncenter\" src=\"https:\/\/artisjet-printers.eu\/wp-content\/uploads\/2024\/05\/artisjet-proud-card-printer-back-view-inks.jpeg\" alt=\"\" width=\"1170\" height=\"710\" srcset=\"https:\/\/artisjet-printers.eu\/wp-content\/uploads\/2024\/05\/artisjet-proud-card-printer-back-view-inks.jpeg 1170w, https:\/\/artisjet-printers.eu\/wp-content\/uploads\/2024\/05\/artisjet-proud-card-printer-back-view-inks-300x182.jpeg 300w, https:\/\/artisjet-printers.eu\/wp-content\/uploads\/2024\/05\/artisjet-proud-card-printer-back-view-inks-1024x621.jpeg 1024w, https:\/\/artisjet-printers.eu\/wp-content\/uploads\/2024\/05\/artisjet-proud-card-printer-back-view-inks-768x466.jpeg 768w, https:\/\/artisjet-printers.eu\/wp-content\/uploads\/2024\/05\/artisjet-proud-card-printer-back-view-inks-600x364.jpeg 600w\" sizes=\"auto, (max-width: 1170px) 100vw, 1170px\" \/><\/p>\n<p><strong>Avantages cl\u00e9s:<\/strong><\/p>\n<ul>\n<li><strong>Installation rapide&nbsp;: <\/strong>commencez \u00e0 imprimer en quelques minutes, sans tracas.<\/li>\n<li><strong>Fonctionnement intuitif&nbsp;: <\/strong>r\u00e9alisez vos projets en toute simplicit\u00e9, sans avoir besoin de comp\u00e9tences techniques avanc\u00e9es.<\/li>\n<\/ul>\n<p><strong>Des capacit\u00e9s am\u00e9lior\u00e9es pour vos besoins<\/strong><\/p>\n<p>D\u00e9couvrez la capacit\u00e9 de Proud \u00e0 imprimer sur une large gamme de mat\u00e9riaux, tailles et \u00e9paisseurs de cartes, du PVC au PETG. Avec la prise en charge des capacit\u00e9s RFID, VDP et d&#8217;int\u00e9gration, Proud offre des fonctionnalit\u00e9s avanc\u00e9es pour une gestion et un codage pr\u00e9cis des donn\u00e9es.<\/p>\n<p><img loading=\"lazy\" decoding=\"async\" class=\"size-full wp-image-4026 aligncenter\" src=\"https:\/\/artisjet-printers.eu\/wp-content\/uploads\/2024\/05\/card-materials-and-card-thickness.jpeg\" alt=\"\" width=\"1170\" height=\"624\" srcset=\"https:\/\/artisjet-printers.eu\/wp-content\/uploads\/2024\/05\/card-materials-and-card-thickness.jpeg 1170w, https:\/\/artisjet-printers.eu\/wp-content\/uploads\/2024\/05\/card-materials-and-card-thickness-300x160.jpeg 300w, https:\/\/artisjet-printers.eu\/wp-content\/uploads\/2024\/05\/card-materials-and-card-thickness-1024x546.jpeg 1024w, https:\/\/artisjet-printers.eu\/wp-content\/uploads\/2024\/05\/card-materials-and-card-thickness-768x410.jpeg 768w, https:\/\/artisjet-printers.eu\/wp-content\/uploads\/2024\/05\/card-materials-and-card-thickness-600x320.jpeg 600w\" sizes=\"auto, (max-width: 1170px) 100vw, 1170px\" \/><\/p>\n<p><strong>Principales caract\u00e9ristiques:<\/strong><\/p>\n<ul>\n<li><strong>Impression sur divers supports : <\/strong>Adaptabilit\u00e9 pour r\u00e9pondre \u00e0 vos besoins sp\u00e9cifiques.<\/li>\n<li><strong>Compatibilit\u00e9 avanc\u00e9e&nbsp;: <\/strong>fonctionnalit\u00e9s qui facilitent la gestion et le cryptage des donn\u00e9es.<\/li>\n<\/ul>\n","protected":false},"excerpt":{"rendered":"<p><strong>Simplifiez l&#8217;impression de cartes en masse avec artisJet Proud<\/strong><\/p>\n<p>D\u00e9couvrez l&#8217;imprimante industrielle r\u00e9volutionnaire de cartes d&#8217;identit\u00e9 UV, artisJet Proud. Cette solution de bureau est con\u00e7ue pour rationaliser vos processus d&#8217;impression en masse, vous permettant ainsi d&#8217;\u00e9conomiser du temps et de l&#8217;argent. Avec une fiabilit\u00e9 \u00e9prouv\u00e9e et une capacit\u00e9 \u00e0 g\u00e9rer des volumes de travail \u00e9lev\u00e9s, Proud transforme l&#8217;\u00e9mission de cartes financi\u00e8res et d&#8217;identification.<\/p>\n<p><strong>Avantages cl\u00e9s:<\/strong><\/p>\n<ul>\n<li><strong>Rentable&nbsp;: <\/strong>\u00e9conomisez des co\u00fbts et am\u00e9liorez l\u2019efficacit\u00e9 de votre production.<\/li>\n<li><strong>Fiabilit\u00e9&nbsp;: <\/strong>comptez sur une imprimante \u00e0 gros volume qui r\u00e9pond \u00e0 vos exigences op\u00e9rationnelles les plus exigeantes.<\/li>\n<li><strong>Innovation&nbsp;: <\/strong>d\u00e9couvrez la pointe de la technologie avec des fonctionnalit\u00e9s con\u00e7ues pour optimiser votre flux de travail.<\/li>\n<\/ul>\n<p><a class=\"fasc-button fasc-size-medium fasc-type-flat\" style=\"background-color: #33809e; color: #ffffff;\" href=\"\/contact\/\">Contact<\/a><\/p>\n","protected":false},"featured_media":4014,"template":"","meta":{"ngg_post_thumbnail":0},"product_brand":[],"product_cat":[3],"product_tag":[],"class_list":{"0":"post-4013","1":"product","2":"type-product","3":"status-publish","4":"has-post-thumbnail","6":"product_cat-uv-led-printers","8":"first","9":"instock","10":"featured","11":"taxable","12":"shipping-taxable","13":"product-type-simple"},"translation":{"provider":"WPGlobus","version":"2.12.2","language":"pt","enabled_languages":["fr","de","pt","en"],"languages":{"fr":{"title":true,"content":true,"excerpt":true},"de":{"title":true,"content":true,"excerpt":true},"pt":{"title":false,"content":false,"excerpt":false},"en":{"title":false,"content":true,"excerpt":true}}},"yoast_head":"<!-- This site is optimized with the Yoast SEO plugin v22.0 - https:\/\/yoast.com\/wordpress\/plugins\/seo\/ -->\n<title>| Artisjet Europe<\/title>\n<meta name=\"robots\" content=\"index, follow, max-snippet:-1, max-image-preview:large, max-video-preview:-1\" \/>\n<link rel=\"canonical\" href=\"https:\/\/artisjet-printers.eu\/shop\/artisjet-proud\/\" \/>\n<meta property=\"og:locale\" content=\"pt_PT\" \/>\n<meta property=\"og:type\" content=\"article\" \/>\n<meta property=\"og:title\" content=\"| Artisjet Europe\" \/>\n<meta property=\"og:url\" content=\"https:\/\/artisjet-printers.eu\/shop\/artisjet-proud\/\" \/>\n<meta property=\"og:site_name\" content=\"Artisjet Europe\" \/>\n<meta property=\"article:modified_time\" content=\"2025-06-16T10:32:43+00:00\" \/>\n<meta property=\"og:image\" content=\"https:\/\/artisjet-printers.eu\/wp-content\/uploads\/2024\/05\/artisJet-proud-card-printer-left-side-view.jpeg\" \/>\n\t<meta property=\"og:image:width\" content=\"1170\" \/>\n\t<meta property=\"og:image:height\" content=\"990\" \/>\n\t<meta property=\"og:image:type\" content=\"image\/jpeg\" \/>\n<meta name=\"twitter:card\" content=\"summary_large_image\" \/>\n<meta name=\"twitter:label1\" content=\"Tempo estimado de leitura\" \/>\n\t<meta name=\"twitter:data1\" content=\"4 minutos\" \/>\n<script type=\"application\/ld+json\" class=\"yoast-schema-graph\">{\"@context\":\"https:\/\/schema.org\",\"@graph\":[{\"@type\":\"WebPage\",\"@id\":\"https:\/\/artisjet-printers.eu\/shop\/artisjet-proud\/\",\"url\":\"https:\/\/artisjet-printers.eu\/shop\/artisjet-proud\/\",\"name\":\"| Artisjet Europe\",\"isPartOf\":{\"@id\":\"https:\/\/artisjet-printers.eu\/#website\"},\"datePublished\":\"2024-05-06T07:19:26+00:00\",\"dateModified\":\"2025-06-16T10:32:43+00:00\",\"breadcrumb\":{\"@id\":\"https:\/\/artisjet-printers.eu\/shop\/artisjet-proud\/#breadcrumb\"},\"inLanguage\":\"pt-PT\",\"potentialAction\":[{\"@type\":\"ReadAction\",\"target\":[\"https:\/\/artisjet-printers.eu\/shop\/artisjet-proud\/\"]}]},{\"@type\":\"BreadcrumbList\",\"@id\":\"https:\/\/artisjet-printers.eu\/shop\/artisjet-proud\/#breadcrumb\",\"itemListElement\":[{\"@type\":\"ListItem\",\"position\":1,\"name\":\"Home\",\"item\":\"https:\/\/artisjet-printers.eu\/\"},{\"@type\":\"ListItem\",\"position\":2,\"name\":\"Shop\",\"item\":\"https:\/\/artisjet-printers.eu\/de\/shop\/\"},{\"@type\":\"ListItem\",\"position\":3,\"name\":\"artisJet Proud\"}]},{\"@type\":\"WebSite\",\"@id\":\"https:\/\/artisjet-printers.eu\/#website\",\"url\":\"https:\/\/artisjet-printers.eu\/\",\"name\":\"Artisjet Europe\",\"description\":\"Official distributor in Europe\",\"publisher\":{\"@id\":\"https:\/\/artisjet-printers.eu\/#organization\"},\"potentialAction\":[{\"@type\":\"SearchAction\",\"target\":{\"@type\":\"EntryPoint\",\"urlTemplate\":\"https:\/\/artisjet-printers.eu\/?s={search_term_string}\"},\"query-input\":\"required name=search_term_string\"}],\"inLanguage\":\"pt-PT\"},{\"@type\":\"Organization\",\"@id\":\"https:\/\/artisjet-printers.eu\/#organization\",\"name\":\"ArtisJet\",\"url\":\"https:\/\/artisjet-printers.eu\/\",\"logo\":{\"@type\":\"ImageObject\",\"inLanguage\":\"pt-PT\",\"@id\":\"https:\/\/artisjet-printers.eu\/#\/schema\/logo\/image\/\",\"url\":\"https:\/\/artisjet-printers.eu\/wp-content\/uploads\/2017\/12\/logoartisjet.jpg\",\"contentUrl\":\"https:\/\/artisjet-printers.eu\/wp-content\/uploads\/2017\/12\/logoartisjet.jpg\",\"width\":217,\"height\":80,\"caption\":\"ArtisJet\"},\"image\":{\"@id\":\"https:\/\/artisjet-printers.eu\/#\/schema\/logo\/image\/\"}}]}<\/script>\n<!-- \/ Yoast SEO plugin. -->","yoast_head_json":{"title":"| Artisjet Europe","robots":{"index":"index","follow":"follow","max-snippet":"max-snippet:-1","max-image-preview":"max-image-preview:large","max-video-preview":"max-video-preview:-1"},"canonical":"https:\/\/artisjet-printers.eu\/shop\/artisjet-proud\/","og_locale":"pt_PT","og_type":"article","og_title":"| Artisjet Europe","og_url":"https:\/\/artisjet-printers.eu\/shop\/artisjet-proud\/","og_site_name":"Artisjet Europe","article_modified_time":"2025-06-16T10:32:43+00:00","og_image":[{"width":1170,"height":990,"url":"https:\/\/artisjet-printers.eu\/wp-content\/uploads\/2024\/05\/artisJet-proud-card-printer-left-side-view.jpeg","type":"image\/jpeg"}],"twitter_card":"summary_large_image","twitter_misc":{"Tempo estimado de leitura":"4 minutos"},"schema":{"@context":"https:\/\/schema.org","@graph":[{"@type":"WebPage","@id":"https:\/\/artisjet-printers.eu\/shop\/artisjet-proud\/","url":"https:\/\/artisjet-printers.eu\/shop\/artisjet-proud\/","name":"| Artisjet Europe","isPartOf":{"@id":"https:\/\/artisjet-printers.eu\/#website"},"datePublished":"2024-05-06T07:19:26+00:00","dateModified":"2025-06-16T10:32:43+00:00","breadcrumb":{"@id":"https:\/\/artisjet-printers.eu\/shop\/artisjet-proud\/#breadcrumb"},"inLanguage":"pt-PT","potentialAction":[{"@type":"ReadAction","target":["https:\/\/artisjet-printers.eu\/shop\/artisjet-proud\/"]}]},{"@type":"BreadcrumbList","@id":"https:\/\/artisjet-printers.eu\/shop\/artisjet-proud\/#breadcrumb","itemListElement":[{"@type":"ListItem","position":1,"name":"Home","item":"https:\/\/artisjet-printers.eu\/"},{"@type":"ListItem","position":2,"name":"Shop","item":"https:\/\/artisjet-printers.eu\/de\/shop\/"},{"@type":"ListItem","position":3,"name":"artisJet Proud"}]},{"@type":"WebSite","@id":"https:\/\/artisjet-printers.eu\/#website","url":"https:\/\/artisjet-printers.eu\/","name":"Artisjet Europe","description":"Official distributor in Europe","publisher":{"@id":"https:\/\/artisjet-printers.eu\/#organization"},"potentialAction":[{"@type":"SearchAction","target":{"@type":"EntryPoint","urlTemplate":"https:\/\/artisjet-printers.eu\/?s={search_term_string}"},"query-input":"required name=search_term_string"}],"inLanguage":"pt-PT"},{"@type":"Organization","@id":"https:\/\/artisjet-printers.eu\/#organization","name":"ArtisJet","url":"https:\/\/artisjet-printers.eu\/","logo":{"@type":"ImageObject","inLanguage":"pt-PT","@id":"https:\/\/artisjet-printers.eu\/#\/schema\/logo\/image\/","url":"https:\/\/artisjet-printers.eu\/wp-content\/uploads\/2017\/12\/logoartisjet.jpg","contentUrl":"https:\/\/artisjet-printers.eu\/wp-content\/uploads\/2017\/12\/logoartisjet.jpg","width":217,"height":80,"caption":"ArtisJet"},"image":{"@id":"https:\/\/artisjet-printers.eu\/#\/schema\/logo\/image\/"}}]}},"_links":{"self":[{"href":"https:\/\/artisjet-printers.eu\/pt\/wp-json\/wp\/v2\/product\/4013","targetHints":{"allow":["GET"]}}],"collection":[{"href":"https:\/\/artisjet-printers.eu\/pt\/wp-json\/wp\/v2\/product"}],"about":[{"href":"https:\/\/artisjet-printers.eu\/pt\/wp-json\/wp\/v2\/types\/product"}],"wp:featuredmedia":[{"embeddable":true,"href":"https:\/\/artisjet-printers.eu\/pt\/wp-json\/wp\/v2\/media\/4014"}],"wp:attachment":[{"href":"https:\/\/artisjet-printers.eu\/pt\/wp-json\/wp\/v2\/media?parent=4013"}],"wp:term":[{"taxonomy":"product_brand","embeddable":true,"href":"https:\/\/artisjet-printers.eu\/pt\/wp-json\/wp\/v2\/product_brand?post=4013"},{"taxonomy":"product_cat","embeddable":true,"href":"https:\/\/artisjet-printers.eu\/pt\/wp-json\/wp\/v2\/product_cat?post=4013"},{"taxonomy":"product_tag","embeddable":true,"href":"https:\/\/artisjet-printers.eu\/pt\/wp-json\/wp\/v2\/product_tag?post=4013"}],"curies":[{"name":"wp","href":"https:\/\/api.w.org\/{rel}","templated":true}]}}