{"id":400,"date":"2017-11-21T09:22:44","date_gmt":"2017-11-21T09:22:44","guid":{"rendered":"http:\/\/artisjet-printers.eu\/product\/tintas-textil-directa\/"},"modified":"2025-06-19T12:12:54","modified_gmt":"2025-06-19T10:12:54","slug":"dtf-ink","status":"publish","type":"product","link":"https:\/\/artisjet-printers.eu\/pt\/shop\/dtf-ink\/","title":{"rendered":"Tintas DTG artisJet"},"content":{"rendered":"<h3><strong>O PRINC\u00cdPIO DE FUNCIONAMENTO DA TINTA<\/strong><\/h3>\n<p>As tintas para pe\u00e7as de vestu\u00e1rio DTG-TX2 s\u00e3o 100% n\u00e3o t\u00f3xicas, in\u00f3cuas e<\/p>\n<p>ecol\u00f3gicas. S\u00e3o 100% biodegrad\u00e1veis de base aquosa. A tinta DTG-TX2 proporciona alta elasticidade e firmeza numa cor excelente. Pode imprimir em diferentes tipos de tecido. Tanto para os tecidos claros como para os escuros, produz numa excepcional qualidade ao mais baixo custo de impress\u00e3o. Artisjet oferece tinta branca DTG duradoura e f\u00e1cil de usar, proporcionando grande detalle, vitalidade e consist\u00eancia. A\u00a0 tinta branca est\u00e1 pensada para afetar o m\u00ednimo poss\u00edvel a vida \u00fatil do cabe\u00e7a de impress\u00e3o.<\/p>\n<h3><strong>COMPATIBILIDADE<\/strong><\/h3>\n<p>As tintas artisJet DTG diretas para t\u00eaxtil s\u00e3o perfeitamente compat\u00edveis com as impressoras artis 3000T, artis 3060T, artis 5000T DTG e impressoras que usem cabe\u00e7as de impress\u00e3o Epson de gama alta.<\/p>\n","protected":false},"excerpt":{"rendered":"<h3><strong>CARACTER\u00cdSTICAS PRINCIPAIS<\/strong><\/h3>\n<ul>\n<li>Alta densidade de cor<\/li>\n<li>Secagem r\u00e1pida<\/li>\n<li>Excelente ader\u00eancia a muitos tipos de tecido<\/li>\n<li>Livre de subst\u00e2ncias t\u00f3xicas<\/li>\n<li>Alta resist\u00eancia \u00e0 lavagem<\/li>\n<li>Branco de Dupont<\/li>\n<\/ul>\n<h3><strong>APLICACIONES<\/strong><\/h3>\n<ul>\n<li>As tintas DTG s\u00e3o aptas para imprimir numa ampla gama de t\u00eaxtis e tecidos como camisetas, uniformes, ganga, sacos, roupa de beb\u00e9, sapatos, bon\u00e9s, viseiras, etiquetas, meias, toalhas e muito mais.<\/li>\n<\/ul>\n<p>&nbsp;<\/p>\n<p>&nbsp;<\/p>\n<p><a class=\"fasc-button fasc-size-large fasc-type-glossy fasc-rounded-medium fasc-ico-before dashicons-edit\" style=\"background-color: #247edd; color: #ffffff;\" href=\"\/pt\/contact\/\">Or\u00e7amento<\/a><\/p>\n","protected":false},"featured_media":401,"template":"","meta":{"ngg_post_thumbnail":0},"product_brand":[],"product_cat":[53],"product_tag":[],"class_list":{"0":"post-400","1":"product","2":"type-product","3":"status-publish","4":"has-post-thumbnail","6":"product_cat-uv-led-inks","7":"pa_color-black","8":"pa_color-cyan","9":"pa_color-magenta","10":"pa_color-white","11":"pa_color-yellow","13":"first","14":"instock","15":"taxable","16":"shipping-taxable","17":"purchasable","18":"product-type-variable"},"translation":{"provider":"WPGlobus","version":"2.12.2","language":"pt","enabled_languages":["fr","de","pt","en"],"languages":{"fr":{"title":true,"content":true,"excerpt":true},"de":{"title":true,"content":true,"excerpt":true},"pt":{"title":true,"content":true,"excerpt":true},"en":{"title":true,"content":true,"excerpt":true}}},"yoast_head":"<!-- This site is optimized with the Yoast SEO plugin v22.0 - https:\/\/yoast.com\/wordpress\/plugins\/seo\/ -->\n<title>Tintas DTG artisJet | Artisjet Europe<\/title>\n<meta name=\"robots\" content=\"index, follow, max-snippet:-1, max-image-preview:large, max-video-preview:-1\" \/>\n<link rel=\"canonical\" href=\"https:\/\/artisjet-printers.eu\/gb\/shop\/dtf-ink\/\" \/>\n<meta property=\"og:locale\" content=\"pt_PT\" \/>\n<meta property=\"og:type\" content=\"article\" \/>\n<meta property=\"og:title\" content=\"Tintas DTG artisJet | Artisjet Europe\" \/>\n<meta property=\"og:url\" content=\"https:\/\/artisjet-printers.eu\/gb\/shop\/dtf-ink\/\" \/>\n<meta property=\"og:site_name\" content=\"Artisjet Europe\" \/>\n<meta property=\"article:modified_time\" content=\"2025-06-19T10:12:54+00:00\" \/>\n<meta property=\"og:image\" content=\"https:\/\/artisjet-printers.eu\/wp-content\/uploads\/2017\/12\/ink-DTG.jpg\" \/>\n\t<meta property=\"og:image:width\" content=\"560\" \/>\n\t<meta property=\"og:image:height\" content=\"500\" \/>\n\t<meta property=\"og:image:type\" content=\"image\/jpeg\" \/>\n<meta name=\"twitter:card\" content=\"summary_large_image\" \/>\n<meta name=\"twitter:label1\" content=\"Tempo estimado de leitura\" \/>\n\t<meta name=\"twitter:data1\" content=\"3 minutos\" \/>\n<script type=\"application\/ld+json\" class=\"yoast-schema-graph\">{\"@context\":\"https:\/\/schema.org\",\"@graph\":[{\"@type\":\"WebPage\",\"@id\":\"https:\/\/artisjet-printers.eu\/gb\/shop\/dtf-ink\/\",\"url\":\"https:\/\/artisjet-printers.eu\/gb\/shop\/dtf-ink\/\",\"name\":\"Tintas DTG artisJet | Artisjet Europe\",\"isPartOf\":{\"@id\":\"https:\/\/artisjet-printers.eu\/#website\"},\"datePublished\":\"2017-11-21T09:22:44+00:00\",\"dateModified\":\"2025-06-19T10:12:54+00:00\",\"breadcrumb\":{\"@id\":\"https:\/\/artisjet-printers.eu\/gb\/shop\/dtf-ink\/#breadcrumb\"},\"inLanguage\":\"pt-PT\",\"potentialAction\":[{\"@type\":\"ReadAction\",\"target\":[\"https:\/\/artisjet-printers.eu\/gb\/shop\/dtf-ink\/\"]}]},{\"@type\":\"BreadcrumbList\",\"@id\":\"https:\/\/artisjet-printers.eu\/gb\/shop\/dtf-ink\/#breadcrumb\",\"itemListElement\":[{\"@type\":\"ListItem\",\"position\":1,\"name\":\"Home\",\"item\":\"https:\/\/artisjet-printers.eu\/\"},{\"@type\":\"ListItem\",\"position\":2,\"name\":\"Shop\",\"item\":\"https:\/\/artisjet-printers.eu\/de\/shop\/\"},{\"@type\":\"ListItem\",\"position\":3,\"name\":\"Encres DTF 30 textil\"}]},{\"@type\":\"WebSite\",\"@id\":\"https:\/\/artisjet-printers.eu\/#website\",\"url\":\"https:\/\/artisjet-printers.eu\/\",\"name\":\"Artisjet Europe\",\"description\":\"Official distributor in Europe\",\"publisher\":{\"@id\":\"https:\/\/artisjet-printers.eu\/#organization\"},\"potentialAction\":[{\"@type\":\"SearchAction\",\"target\":{\"@type\":\"EntryPoint\",\"urlTemplate\":\"https:\/\/artisjet-printers.eu\/?s={search_term_string}\"},\"query-input\":\"required name=search_term_string\"}],\"inLanguage\":\"pt-PT\"},{\"@type\":\"Organization\",\"@id\":\"https:\/\/artisjet-printers.eu\/#organization\",\"name\":\"ArtisJet\",\"url\":\"https:\/\/artisjet-printers.eu\/\",\"logo\":{\"@type\":\"ImageObject\",\"inLanguage\":\"pt-PT\",\"@id\":\"https:\/\/artisjet-printers.eu\/#\/schema\/logo\/image\/\",\"url\":\"https:\/\/artisjet-printers.eu\/wp-content\/uploads\/2017\/12\/logoartisjet.jpg\",\"contentUrl\":\"https:\/\/artisjet-printers.eu\/wp-content\/uploads\/2017\/12\/logoartisjet.jpg\",\"width\":217,\"height\":80,\"caption\":\"ArtisJet\"},\"image\":{\"@id\":\"https:\/\/artisjet-printers.eu\/#\/schema\/logo\/image\/\"}}]}<\/script>\n<!-- \/ Yoast SEO plugin. -->","yoast_head_json":{"title":"Tintas DTG artisJet | Artisjet Europe","robots":{"index":"index","follow":"follow","max-snippet":"max-snippet:-1","max-image-preview":"max-image-preview:large","max-video-preview":"max-video-preview:-1"},"canonical":"https:\/\/artisjet-printers.eu\/gb\/shop\/dtf-ink\/","og_locale":"pt_PT","og_type":"article","og_title":"Tintas DTG artisJet | Artisjet Europe","og_url":"https:\/\/artisjet-printers.eu\/gb\/shop\/dtf-ink\/","og_site_name":"Artisjet Europe","article_modified_time":"2025-06-19T10:12:54+00:00","og_image":[{"width":560,"height":500,"url":"https:\/\/artisjet-printers.eu\/wp-content\/uploads\/2017\/12\/ink-DTG.jpg","type":"image\/jpeg"}],"twitter_card":"summary_large_image","twitter_misc":{"Tempo estimado de leitura":"3 minutos"},"schema":{"@context":"https:\/\/schema.org","@graph":[{"@type":"WebPage","@id":"https:\/\/artisjet-printers.eu\/gb\/shop\/dtf-ink\/","url":"https:\/\/artisjet-printers.eu\/gb\/shop\/dtf-ink\/","name":"Tintas DTG artisJet | Artisjet Europe","isPartOf":{"@id":"https:\/\/artisjet-printers.eu\/#website"},"datePublished":"2017-11-21T09:22:44+00:00","dateModified":"2025-06-19T10:12:54+00:00","breadcrumb":{"@id":"https:\/\/artisjet-printers.eu\/gb\/shop\/dtf-ink\/#breadcrumb"},"inLanguage":"pt-PT","potentialAction":[{"@type":"ReadAction","target":["https:\/\/artisjet-printers.eu\/gb\/shop\/dtf-ink\/"]}]},{"@type":"BreadcrumbList","@id":"https:\/\/artisjet-printers.eu\/gb\/shop\/dtf-ink\/#breadcrumb","itemListElement":[{"@type":"ListItem","position":1,"name":"Home","item":"https:\/\/artisjet-printers.eu\/"},{"@type":"ListItem","position":2,"name":"Shop","item":"https:\/\/artisjet-printers.eu\/de\/shop\/"},{"@type":"ListItem","position":3,"name":"Encres DTF 30 textil"}]},{"@type":"WebSite","@id":"https:\/\/artisjet-printers.eu\/#website","url":"https:\/\/artisjet-printers.eu\/","name":"Artisjet Europe","description":"Official distributor in Europe","publisher":{"@id":"https:\/\/artisjet-printers.eu\/#organization"},"potentialAction":[{"@type":"SearchAction","target":{"@type":"EntryPoint","urlTemplate":"https:\/\/artisjet-printers.eu\/?s={search_term_string}"},"query-input":"required name=search_term_string"}],"inLanguage":"pt-PT"},{"@type":"Organization","@id":"https:\/\/artisjet-printers.eu\/#organization","name":"ArtisJet","url":"https:\/\/artisjet-printers.eu\/","logo":{"@type":"ImageObject","inLanguage":"pt-PT","@id":"https:\/\/artisjet-printers.eu\/#\/schema\/logo\/image\/","url":"https:\/\/artisjet-printers.eu\/wp-content\/uploads\/2017\/12\/logoartisjet.jpg","contentUrl":"https:\/\/artisjet-printers.eu\/wp-content\/uploads\/2017\/12\/logoartisjet.jpg","width":217,"height":80,"caption":"ArtisJet"},"image":{"@id":"https:\/\/artisjet-printers.eu\/#\/schema\/logo\/image\/"}}]}},"_links":{"self":[{"href":"https:\/\/artisjet-printers.eu\/pt\/wp-json\/wp\/v2\/product\/400","targetHints":{"allow":["GET"]}}],"collection":[{"href":"https:\/\/artisjet-printers.eu\/pt\/wp-json\/wp\/v2\/product"}],"about":[{"href":"https:\/\/artisjet-printers.eu\/pt\/wp-json\/wp\/v2\/types\/product"}],"wp:featuredmedia":[{"embeddable":true,"href":"https:\/\/artisjet-printers.eu\/pt\/wp-json\/wp\/v2\/media\/401"}],"wp:attachment":[{"href":"https:\/\/artisjet-printers.eu\/pt\/wp-json\/wp\/v2\/media?parent=400"}],"wp:term":[{"taxonomy":"product_brand","embeddable":true,"href":"https:\/\/artisjet-printers.eu\/pt\/wp-json\/wp\/v2\/product_brand?post=400"},{"taxonomy":"product_cat","embeddable":true,"href":"https:\/\/artisjet-printers.eu\/pt\/wp-json\/wp\/v2\/product_cat?post=400"},{"taxonomy":"product_tag","embeddable":true,"href":"https:\/\/artisjet-printers.eu\/pt\/wp-json\/wp\/v2\/product_tag?post=400"}],"curies":[{"name":"wp","href":"https:\/\/api.w.org\/{rel}","templated":true}]}}