{"id":275,"date":"2017-11-15T16:53:48","date_gmt":"2017-11-15T15:53:48","guid":{"rendered":"http:\/\/artisjet-printers.eu\/product\/tintas-uv-led\/"},"modified":"2025-06-19T12:19:57","modified_gmt":"2025-06-19T10:19:57","slug":"uv-led-inks","status":"publish","type":"product","link":"https:\/\/artisjet-printers.eu\/pt\/shop\/uv-led-inks\/","title":{"rendered":"Tintas UV Led UQ &#8211; DX5\/7\/8"},"content":{"rendered":"<h6><strong>CARACTER\u00cdSTICAS PRINCIPAIS<\/strong><\/h6>\n<ul>\n<li>Alta densidade de cor<\/li>\n<li>Secagem imediata<\/li>\n<li>Excelente ader\u00eancia a quase todos os materiais<\/li>\n<li>Livre de subst\u00e2ncias t\u00f3xicas e ecol\u00f3gico<\/li>\n<li>Resist\u00eancia superior aos l\u00edquidos, \u00e1lcool e \u00e0s fissuras<\/li>\n<\/ul>\n<p>&nbsp;<\/p>\n<h6><strong>APLICA\u00c7\u00d5ES<\/strong><\/h6>\n<p>As tintas UV LED de DTSAT3 est\u00e3o desenvolvidas para oferecer uma excelente ader\u00eancia e grande resist\u00eancia. Adequado para todo o tipo de metais, pele, PU, madeira, vidro, azulejos, tabuleiros, placas de pl\u00e1stico, PVC, metacrilato, PE, PP etc.<\/p>\n","protected":false},"excerpt":{"rendered":"<h6><strong>TINTA DTS DE ALTA QUALIDADE<\/strong><\/h6>\n<ul>\n<li>Secagem de tintas a trav\u00e9s de polimeriza\u00e7\u00e3o utilizando a tecnologia de cura UV<\/li>\n<li>A cura LED UV aumentada permite usar substratos mais finos e sens\u00edveis ao calor<\/li>\n<li>A tecnologia FOIF (disparo seletivo de luz) permite que o UV LED s\u00f3 cure quando seja necess\u00e1rio<\/li>\n<li>O sistema FOIF acende e apaga os LED ao instante em sincronia com o disparo de tinta. Como resultado, o FOIF reduz os custos operativos e maximiza a dura\u00e7\u00e3o do cabe\u00e7a de impress\u00e3o da impressora<\/li>\n<li>A longitude de onda para a tinta cur\u00e1vel UV LED de DTS \u00e9 \u00b1395mm<\/li>\n<\/ul>\n<p>&nbsp;<\/p>\n<h6><strong>BRANCO DE ALTA DENSIDADE E INTENSIDADE<\/strong><\/h6>\n<ul>\n<li>A impress\u00e3o em materiais transparentes ou escuros requer o uso de tinta branca que faz ressaltar a intensidade das cores CMYK<\/li>\n<li>A tinta DTS UV LED branca oferece branco de alta densidade e intensidade que permite cores ricos e vibrantes, inclusivamente em substratos transparentes e escuros<\/li>\n<\/ul>\n<p><strong>Printhead:<\/strong><br \/>\n<strong>DX 5\/7\/8<\/strong> for Artis 3000Pro, 5000Pro, Young, MBO printers<\/p>\n<p>&nbsp;<br \/>\n<a class=\"fasc-button fasc-size-large fasc-type-glossy fasc-rounded-medium fasc-ico-before dashicons-edit\" style=\"background-color: #247edd; color: #ffffff;\" href=\"\/pt\/contact\/\">Or\u00e7amento<\/a><\/p>\n","protected":false},"featured_media":276,"template":"","meta":{"ngg_post_thumbnail":0},"product_brand":[],"product_cat":[53,5],"product_tag":[],"class_list":{"0":"post-275","1":"product","2":"type-product","3":"status-publish","4":"has-post-thumbnail","6":"product_cat-uv-led-inks","7":"product_cat-artisjet-inks","8":"pa_color-black","9":"pa_color-cyan","10":"pa_color-magenta","11":"pa_color-varnish","12":"pa_color-white","13":"pa_color-yellow","14":"pa_size-1000-ml","15":"pa_size-250-ml","16":"pa_size-500-ml","18":"first","19":"instock","20":"taxable","21":"shipping-taxable","22":"purchasable","23":"product-type-variable","24":"has-default-attributes"},"translation":{"provider":"WPGlobus","version":"2.12.2","language":"pt","enabled_languages":["fr","de","pt","en"],"languages":{"fr":{"title":true,"content":true,"excerpt":true},"de":{"title":true,"content":true,"excerpt":true},"pt":{"title":true,"content":true,"excerpt":true},"en":{"title":true,"content":true,"excerpt":true}}},"yoast_head":"<!-- This site is optimized with the Yoast SEO plugin v22.0 - https:\/\/yoast.com\/wordpress\/plugins\/seo\/ -->\n<title>Tintas UV Led UQ - DX5\/7\/8 | Artisjet Europe<\/title>\n<meta name=\"robots\" content=\"index, follow, max-snippet:-1, max-image-preview:large, max-video-preview:-1\" \/>\n<link rel=\"canonical\" href=\"https:\/\/artisjet-printers.eu\/shop\/uv-led-inks\/\" \/>\n<meta property=\"og:locale\" content=\"pt_PT\" \/>\n<meta property=\"og:type\" content=\"article\" \/>\n<meta property=\"og:title\" content=\"Tintas UV Led UQ - DX5\/7\/8 | Artisjet Europe\" \/>\n<meta property=\"og:url\" content=\"https:\/\/artisjet-printers.eu\/shop\/uv-led-inks\/\" \/>\n<meta property=\"og:site_name\" content=\"Artisjet Europe\" \/>\n<meta property=\"article:modified_time\" content=\"2025-06-19T10:19:57+00:00\" \/>\n<meta property=\"og:image\" content=\"https:\/\/artisjet-printers.eu\/wp-content\/uploads\/2017\/12\/led-uv-DTS3.jpg\" \/>\n\t<meta property=\"og:image:width\" content=\"560\" \/>\n\t<meta property=\"og:image:height\" content=\"500\" \/>\n\t<meta property=\"og:image:type\" content=\"image\/jpeg\" \/>\n<meta name=\"twitter:card\" content=\"summary_large_image\" \/>\n<meta name=\"twitter:label1\" content=\"Tempo estimado de leitura\" \/>\n\t<meta name=\"twitter:data1\" content=\"1 minuto\" \/>\n<script type=\"application\/ld+json\" class=\"yoast-schema-graph\">{\"@context\":\"https:\/\/schema.org\",\"@graph\":[{\"@type\":\"WebPage\",\"@id\":\"https:\/\/artisjet-printers.eu\/shop\/uv-led-inks\/\",\"url\":\"https:\/\/artisjet-printers.eu\/shop\/uv-led-inks\/\",\"name\":\"Tintas UV Led UQ - DX5\/7\/8 | Artisjet Europe\",\"isPartOf\":{\"@id\":\"https:\/\/artisjet-printers.eu\/#website\"},\"datePublished\":\"2017-11-15T15:53:48+00:00\",\"dateModified\":\"2025-06-19T10:19:57+00:00\",\"breadcrumb\":{\"@id\":\"https:\/\/artisjet-printers.eu\/shop\/uv-led-inks\/#breadcrumb\"},\"inLanguage\":\"pt-PT\",\"potentialAction\":[{\"@type\":\"ReadAction\",\"target\":[\"https:\/\/artisjet-printers.eu\/shop\/uv-led-inks\/\"]}]},{\"@type\":\"BreadcrumbList\",\"@id\":\"https:\/\/artisjet-printers.eu\/shop\/uv-led-inks\/#breadcrumb\",\"itemListElement\":[{\"@type\":\"ListItem\",\"position\":1,\"name\":\"Home\",\"item\":\"https:\/\/artisjet-printers.eu\/\"},{\"@type\":\"ListItem\",\"position\":2,\"name\":\"Shop\",\"item\":\"https:\/\/artisjet-printers.eu\/de\/shop\/\"},{\"@type\":\"ListItem\",\"position\":3,\"name\":\"Encres LED UV UQ &#8211; DX5\/7\/8\"}]},{\"@type\":\"WebSite\",\"@id\":\"https:\/\/artisjet-printers.eu\/#website\",\"url\":\"https:\/\/artisjet-printers.eu\/\",\"name\":\"Artisjet Europe\",\"description\":\"Official distributor in Europe\",\"publisher\":{\"@id\":\"https:\/\/artisjet-printers.eu\/#organization\"},\"potentialAction\":[{\"@type\":\"SearchAction\",\"target\":{\"@type\":\"EntryPoint\",\"urlTemplate\":\"https:\/\/artisjet-printers.eu\/?s={search_term_string}\"},\"query-input\":\"required name=search_term_string\"}],\"inLanguage\":\"pt-PT\"},{\"@type\":\"Organization\",\"@id\":\"https:\/\/artisjet-printers.eu\/#organization\",\"name\":\"ArtisJet\",\"url\":\"https:\/\/artisjet-printers.eu\/\",\"logo\":{\"@type\":\"ImageObject\",\"inLanguage\":\"pt-PT\",\"@id\":\"https:\/\/artisjet-printers.eu\/#\/schema\/logo\/image\/\",\"url\":\"https:\/\/artisjet-printers.eu\/wp-content\/uploads\/2017\/12\/logoartisjet.jpg\",\"contentUrl\":\"https:\/\/artisjet-printers.eu\/wp-content\/uploads\/2017\/12\/logoartisjet.jpg\",\"width\":217,\"height\":80,\"caption\":\"ArtisJet\"},\"image\":{\"@id\":\"https:\/\/artisjet-printers.eu\/#\/schema\/logo\/image\/\"}}]}<\/script>\n<!-- \/ Yoast SEO plugin. -->","yoast_head_json":{"title":"Tintas UV Led UQ - DX5\/7\/8 | Artisjet Europe","robots":{"index":"index","follow":"follow","max-snippet":"max-snippet:-1","max-image-preview":"max-image-preview:large","max-video-preview":"max-video-preview:-1"},"canonical":"https:\/\/artisjet-printers.eu\/shop\/uv-led-inks\/","og_locale":"pt_PT","og_type":"article","og_title":"Tintas UV Led UQ - DX5\/7\/8 | Artisjet Europe","og_url":"https:\/\/artisjet-printers.eu\/shop\/uv-led-inks\/","og_site_name":"Artisjet Europe","article_modified_time":"2025-06-19T10:19:57+00:00","og_image":[{"width":560,"height":500,"url":"https:\/\/artisjet-printers.eu\/wp-content\/uploads\/2017\/12\/led-uv-DTS3.jpg","type":"image\/jpeg"}],"twitter_card":"summary_large_image","twitter_misc":{"Tempo estimado de leitura":"1 minuto"},"schema":{"@context":"https:\/\/schema.org","@graph":[{"@type":"WebPage","@id":"https:\/\/artisjet-printers.eu\/shop\/uv-led-inks\/","url":"https:\/\/artisjet-printers.eu\/shop\/uv-led-inks\/","name":"Tintas UV Led UQ - DX5\/7\/8 | Artisjet Europe","isPartOf":{"@id":"https:\/\/artisjet-printers.eu\/#website"},"datePublished":"2017-11-15T15:53:48+00:00","dateModified":"2025-06-19T10:19:57+00:00","breadcrumb":{"@id":"https:\/\/artisjet-printers.eu\/shop\/uv-led-inks\/#breadcrumb"},"inLanguage":"pt-PT","potentialAction":[{"@type":"ReadAction","target":["https:\/\/artisjet-printers.eu\/shop\/uv-led-inks\/"]}]},{"@type":"BreadcrumbList","@id":"https:\/\/artisjet-printers.eu\/shop\/uv-led-inks\/#breadcrumb","itemListElement":[{"@type":"ListItem","position":1,"name":"Home","item":"https:\/\/artisjet-printers.eu\/"},{"@type":"ListItem","position":2,"name":"Shop","item":"https:\/\/artisjet-printers.eu\/de\/shop\/"},{"@type":"ListItem","position":3,"name":"Encres LED UV UQ &#8211; DX5\/7\/8"}]},{"@type":"WebSite","@id":"https:\/\/artisjet-printers.eu\/#website","url":"https:\/\/artisjet-printers.eu\/","name":"Artisjet Europe","description":"Official distributor in Europe","publisher":{"@id":"https:\/\/artisjet-printers.eu\/#organization"},"potentialAction":[{"@type":"SearchAction","target":{"@type":"EntryPoint","urlTemplate":"https:\/\/artisjet-printers.eu\/?s={search_term_string}"},"query-input":"required name=search_term_string"}],"inLanguage":"pt-PT"},{"@type":"Organization","@id":"https:\/\/artisjet-printers.eu\/#organization","name":"ArtisJet","url":"https:\/\/artisjet-printers.eu\/","logo":{"@type":"ImageObject","inLanguage":"pt-PT","@id":"https:\/\/artisjet-printers.eu\/#\/schema\/logo\/image\/","url":"https:\/\/artisjet-printers.eu\/wp-content\/uploads\/2017\/12\/logoartisjet.jpg","contentUrl":"https:\/\/artisjet-printers.eu\/wp-content\/uploads\/2017\/12\/logoartisjet.jpg","width":217,"height":80,"caption":"ArtisJet"},"image":{"@id":"https:\/\/artisjet-printers.eu\/#\/schema\/logo\/image\/"}}]}},"_links":{"self":[{"href":"https:\/\/artisjet-printers.eu\/pt\/wp-json\/wp\/v2\/product\/275","targetHints":{"allow":["GET"]}}],"collection":[{"href":"https:\/\/artisjet-printers.eu\/pt\/wp-json\/wp\/v2\/product"}],"about":[{"href":"https:\/\/artisjet-printers.eu\/pt\/wp-json\/wp\/v2\/types\/product"}],"wp:featuredmedia":[{"embeddable":true,"href":"https:\/\/artisjet-printers.eu\/pt\/wp-json\/wp\/v2\/media\/276"}],"wp:attachment":[{"href":"https:\/\/artisjet-printers.eu\/pt\/wp-json\/wp\/v2\/media?parent=275"}],"wp:term":[{"taxonomy":"product_brand","embeddable":true,"href":"https:\/\/artisjet-printers.eu\/pt\/wp-json\/wp\/v2\/product_brand?post=275"},{"taxonomy":"product_cat","embeddable":true,"href":"https:\/\/artisjet-printers.eu\/pt\/wp-json\/wp\/v2\/product_cat?post=275"},{"taxonomy":"product_tag","embeddable":true,"href":"https:\/\/artisjet-printers.eu\/pt\/wp-json\/wp\/v2\/product_tag?post=275"}],"curies":[{"name":"wp","href":"https:\/\/api.w.org\/{rel}","templated":true}]}}