{"id":252,"date":"2017-10-15T14:01:05","date_gmt":"2017-10-15T12:01:05","guid":{"rendered":"http:\/\/artisjet-printers.eu\/product\/impresora-artis-2100\/"},"modified":"2024-04-10T08:17:28","modified_gmt":"2024-04-10T06:17:28","slug":"artis-2100-uv-led","status":"publish","type":"product","link":"https:\/\/artisjet-printers.eu\/pt\/shop\/artis-2100-uv-led\/","title":{"rendered":"Impressora Artis 2100U UV Led"},"content":{"rendered":"<p>A Artis 2100 pode imprimir sobre qualquer cor de fundo, gra\u00e7as \u00e0s tintas brancas, e sobre quase qualquer material, com resist\u00eancia \u00e0 \u00e1gua, arranh\u00f5es e luz solar. A m\u00e1quina \u00e9 muito apropriada para a produ\u00e7\u00e3o de brindes personalizados, reclames publicit\u00e1rios, rotula\u00e7\u00e3o, capas de telem\u00f3veis, etc.<\/p>\n<p>A Artis 2100 oferece uma qualidade fotogr\u00e1fica j\u00e1 que usa tecnologia de impress\u00e3o e cabe\u00e7a de impress\u00e3o Epson.<\/p>\n<p>\u00c9 una impressora de gama profissional com um custo de consum\u00edveis, que s\u00e3o em muitos casos, a metade dos custos de outras marcas j\u00e1 que usam tintas em garrafas em vez de cartuchos, e pe\u00e7as de reposi\u00e7\u00e3o\u00a0 originais de Epson, em vez de pe\u00e7as de reposi\u00e7\u00e3o de marcas especializadas.<\/p>\n<p>As m\u00e1quinas incluem um software RIP de impress\u00e3o que permite gerir as impress\u00f5es e os perfis de cor. Al\u00e9m do mais dispomos de um RIP avan\u00e7ado para poder operar com a m\u00e1xima resolu\u00e7\u00e3o e permite imprimir as capas de branco e cor na mesma passada.<\/p>\n<p>&nbsp;<\/p>\n<table border=\"0\" width=\"100%\" cellspacing=\"0\" cellpadding=\"0\">\n<tbody>\n<tr>\n<td valign=\"bottom\" width=\"50%\"><strong>Sistema disparo selecionado UV<\/strong><\/p>\n<ol>\n<li>A impressora Artis 2100 funciona com o sistema FOIF de artisJet, e ativa electr\u00f3nicamente o LED UV s\u00f3 quando dispara tinta. Como resultado,\u00a0 maximiza a vida \u00fatil dos LED e do cabe\u00e7a de impress\u00e3o.<\/li>\n<\/ol>\n<\/td>\n<td valign=\"bottom\" width=\"50%\"><strong>Sistema de controle UV.<\/strong><\/p>\n<ol>\n<li>Desenhado para uma maior flexibilidade e simplicidade, artisJet COD controla digitalmemte o funcionamento do sistema UV de LED. Adapta-se a diferentes materiais e entornos de trabalho<\/li>\n<\/ol>\n<\/td>\n<\/tr>\n<tr>\n<td valign=\"bottom\" width=\"50%\"><strong>Ajuste da altura de impress\u00e3o<\/strong><strong> automatizad<\/strong><strong>o<\/strong><\/p>\n<ol>\n<li>Equipado com sensores para ajuste autom\u00e1tico da altura do cabe\u00e7a de impress\u00e3o e redu\u00e7\u00e3o de golpes do cabe\u00e7a de impress\u00e3o..<\/li>\n<\/ol>\n<\/td>\n<td valign=\"bottom\" width=\"50%\"><strong>Sistema de controle de refrigera\u00e7\u00e3o <\/strong><strong>\u00a0de l\u00edquido<\/strong><\/p>\n<ol>\n<li>O sistema de controle de refrigera\u00e7\u00e3o\u00a0 de artisJet est\u00e1 baseado num sistema de refrigera\u00e7\u00e3o \u00a0industrial para evitar o desgaste da l\u00e1mpada UV e do cabe\u00e7a de impress\u00e3o.<\/li>\n<\/ol>\n<\/td>\n<\/tr>\n<tr>\n<td valign=\"bottom\" width=\"50%\"><strong>Sistema\u00a0 de tinta em garrafas<\/strong><\/p>\n<ol>\n<li>\u00c0 diferen\u00e7a dos cartuchos de tinta, este sistema permite utilizar 100% a tinta dispon\u00edvel o que resulta muito mais econ\u00f3mico.<\/li>\n<\/ol>\n<\/td>\n<td valign=\"bottom\" width=\"50%\"><strong>Dese<\/strong><strong>nho da plataforma de carga lateral \u00fanic<\/strong><strong>o<\/strong><\/p>\n<ol>\n<li>Desenho \u00fanico que assegura uma melhor visibilidade da sa\u00edda. Ideal para lugares de trabalho com limita\u00e7\u00f5es de espa\u00e7o.<\/li>\n<\/ol>\n<\/td>\n<\/tr>\n<\/tbody>\n<\/table>\n","protected":false},"excerpt":{"rendered":"<hr>\n<h3 id=\"tw-target-text\" class=\"tw-data-text tw-ta tw-text-medium\" dir=\"ltr\" data-placeholder=\"Translation\"><span lang=\"pt\">Impress\u00e3o de capas de telefone e mais &#8230;<\/span><\/h3>\n<ul>\n<li>Ideal para a impress\u00e3o de capas para dispositivos como telem\u00f3veis, brindes personalizados, obs\u00e9quios, impress\u00e3o de cart\u00f5es de PVC\u2026 etc\u2026<\/li>\n<li>A impressora compacta perfeita para a impress\u00e3o sobre substratos flex\u00edveis e duros<\/li>\n<li>A tinta branca permite a impress\u00e3o em materiais transparentes e escuros.<\/li>\n<li>Podem realizar-se impress\u00f5es com textura ou efeitos 3D<\/li>\n<li>\u00c1rea de impress\u00e3o 17,5 x 30,5 cm<\/li>\n<li>Altura m\u00e1xima: 4,5 cm<\/li>\n<\/ul>\n<h3>&nbsp;<\/h3>\n<h3>Desenho compacto para grandes resultados<\/h3>\n<ul>\n<li>Qualidade fotogr\u00e1fica gra\u00e7as \u00e0 tecnologia de impress\u00e3o e cabe\u00e7a de impress\u00e3o Epson<\/li>\n<li>M\u00ednimo custo operativo uma vez que usa tinta em garrafas<\/li>\n<li>Sistema de refrigera\u00e7\u00e3o l\u00edquida do sistema UV Led<\/li>\n<li>Manuten\u00e7\u00e3o e opera\u00e7\u00e3o simples<\/li>\n<li>Servomotor para maior qualidade de impress\u00e3o<\/li>\n<\/ul>\n<p>&nbsp;<\/p>\n<p><a class=\"fasc-button fasc-size-large fasc-type-glossy fasc-rounded-medium fasc-ico-before dashicons-edit\" style=\"background-color: #247edd; color: #ffffff;\" href=\"\/pt\/contact\/\">Or\u00e7amento<\/a><\/p>\n","protected":false},"featured_media":253,"template":"","meta":{"ngg_post_thumbnail":0},"product_brand":[],"product_cat":[3],"product_tag":[],"class_list":{"0":"post-252","1":"product","2":"type-product","3":"status-publish","4":"has-post-thumbnail","6":"product_cat-uv-led-printers","8":"first","9":"instock","10":"taxable","11":"shipping-taxable","12":"product-type-simple"},"translation":{"provider":"WPGlobus","version":"2.12.2","language":"pt","enabled_languages":["fr","de","pt","en"],"languages":{"fr":{"title":true,"content":true,"excerpt":true},"de":{"title":true,"content":true,"excerpt":true},"pt":{"title":true,"content":true,"excerpt":true},"en":{"title":true,"content":true,"excerpt":true}}},"yoast_head":"<!-- This site is optimized with the Yoast SEO plugin v22.0 - https:\/\/yoast.com\/wordpress\/plugins\/seo\/ -->\n<title>ArtisJet 2100 - Imprimante UV Led- Coques T\u00e9l\u00e9phones<\/title>\n<meta name=\"robots\" content=\"index, follow, max-snippet:-1, max-image-preview:large, max-video-preview:-1\" \/>\n<link rel=\"canonical\" href=\"https:\/\/artisjet-printers.eu\/shop\/artis-2100-uv-led\/\" \/>\n<meta property=\"og:locale\" content=\"pt_PT\" \/>\n<meta property=\"og:type\" content=\"article\" \/>\n<meta property=\"og:title\" content=\"Impressora Artis 2100U UV Led | Artisjet Europe\" \/>\n<meta property=\"og:url\" content=\"https:\/\/artisjet-printers.eu\/shop\/artis-2100-uv-led\/\" \/>\n<meta property=\"og:site_name\" content=\"Artisjet Europe\" \/>\n<meta property=\"article:modified_time\" content=\"2024-04-10T06:17:28+00:00\" \/>\n<meta property=\"og:image\" content=\"https:\/\/artisjet-printers.eu\/wp-content\/uploads\/2017\/12\/artis2100Uimg3.jpg\" \/>\n\t<meta property=\"og:image:width\" content=\"560\" \/>\n\t<meta property=\"og:image:height\" content=\"500\" \/>\n\t<meta property=\"og:image:type\" content=\"image\/jpeg\" \/>\n<meta name=\"twitter:card\" content=\"summary_large_image\" \/>\n<meta name=\"twitter:label1\" content=\"Tempo estimado de leitura\" \/>\n\t<meta name=\"twitter:data1\" content=\"7 minutos\" \/>\n<script type=\"application\/ld+json\" class=\"yoast-schema-graph\">{\"@context\":\"https:\/\/schema.org\",\"@graph\":[{\"@type\":\"WebPage\",\"@id\":\"https:\/\/artisjet-printers.eu\/shop\/artis-2100-uv-led\/\",\"url\":\"https:\/\/artisjet-printers.eu\/shop\/artis-2100-uv-led\/\",\"name\":\"ArtisJet 2100 - Imprimante UV Led- Coques T\u00e9l\u00e9phones\",\"isPartOf\":{\"@id\":\"https:\/\/artisjet-printers.eu\/#website\"},\"datePublished\":\"2017-10-15T12:01:05+00:00\",\"dateModified\":\"2024-04-10T06:17:28+00:00\",\"description\":\"\",\"breadcrumb\":{\"@id\":\"https:\/\/artisjet-printers.eu\/shop\/artis-2100-uv-led\/#breadcrumb\"},\"inLanguage\":\"pt-PT\",\"potentialAction\":[{\"@type\":\"ReadAction\",\"target\":[\"https:\/\/artisjet-printers.eu\/shop\/artis-2100-uv-led\/\"]}]},{\"@type\":\"BreadcrumbList\",\"@id\":\"https:\/\/artisjet-printers.eu\/shop\/artis-2100-uv-led\/#breadcrumb\",\"itemListElement\":[{\"@type\":\"ListItem\",\"position\":1,\"name\":\"Home\",\"item\":\"https:\/\/artisjet-printers.eu\/\"},{\"@type\":\"ListItem\",\"position\":2,\"name\":\"Shop\",\"item\":\"https:\/\/artisjet-printers.eu\/de\/shop\/\"},{\"@type\":\"ListItem\",\"position\":3,\"name\":\"Artis 2100 UV LED\"}]},{\"@type\":\"WebSite\",\"@id\":\"https:\/\/artisjet-printers.eu\/#website\",\"url\":\"https:\/\/artisjet-printers.eu\/\",\"name\":\"Artisjet Europe\",\"description\":\"Official distributor in Europe\",\"publisher\":{\"@id\":\"https:\/\/artisjet-printers.eu\/#organization\"},\"potentialAction\":[{\"@type\":\"SearchAction\",\"target\":{\"@type\":\"EntryPoint\",\"urlTemplate\":\"https:\/\/artisjet-printers.eu\/?s={search_term_string}\"},\"query-input\":\"required name=search_term_string\"}],\"inLanguage\":\"pt-PT\"},{\"@type\":\"Organization\",\"@id\":\"https:\/\/artisjet-printers.eu\/#organization\",\"name\":\"ArtisJet\",\"url\":\"https:\/\/artisjet-printers.eu\/\",\"logo\":{\"@type\":\"ImageObject\",\"inLanguage\":\"pt-PT\",\"@id\":\"https:\/\/artisjet-printers.eu\/#\/schema\/logo\/image\/\",\"url\":\"https:\/\/artisjet-printers.eu\/wp-content\/uploads\/2017\/12\/logoartisjet.jpg\",\"contentUrl\":\"https:\/\/artisjet-printers.eu\/wp-content\/uploads\/2017\/12\/logoartisjet.jpg\",\"width\":217,\"height\":80,\"caption\":\"ArtisJet\"},\"image\":{\"@id\":\"https:\/\/artisjet-printers.eu\/#\/schema\/logo\/image\/\"}}]}<\/script>\n<!-- \/ Yoast SEO plugin. -->","yoast_head_json":{"title":"ArtisJet 2100 - Imprimante UV Led- Coques T\u00e9l\u00e9phones","robots":{"index":"index","follow":"follow","max-snippet":"max-snippet:-1","max-image-preview":"max-image-preview:large","max-video-preview":"max-video-preview:-1"},"canonical":"https:\/\/artisjet-printers.eu\/shop\/artis-2100-uv-led\/","og_locale":"pt_PT","og_type":"article","og_title":"Impressora Artis 2100U UV Led | Artisjet Europe","og_url":"https:\/\/artisjet-printers.eu\/shop\/artis-2100-uv-led\/","og_site_name":"Artisjet Europe","article_modified_time":"2024-04-10T06:17:28+00:00","og_image":[{"width":560,"height":500,"url":"https:\/\/artisjet-printers.eu\/wp-content\/uploads\/2017\/12\/artis2100Uimg3.jpg","type":"image\/jpeg"}],"twitter_card":"summary_large_image","twitter_misc":{"Tempo estimado de leitura":"7 minutos"},"schema":{"@context":"https:\/\/schema.org","@graph":[{"@type":"WebPage","@id":"https:\/\/artisjet-printers.eu\/shop\/artis-2100-uv-led\/","url":"https:\/\/artisjet-printers.eu\/shop\/artis-2100-uv-led\/","name":"ArtisJet 2100 - Imprimante UV Led- Coques T\u00e9l\u00e9phones","isPartOf":{"@id":"https:\/\/artisjet-printers.eu\/#website"},"datePublished":"2017-10-15T12:01:05+00:00","dateModified":"2024-04-10T06:17:28+00:00","description":"","breadcrumb":{"@id":"https:\/\/artisjet-printers.eu\/shop\/artis-2100-uv-led\/#breadcrumb"},"inLanguage":"pt-PT","potentialAction":[{"@type":"ReadAction","target":["https:\/\/artisjet-printers.eu\/shop\/artis-2100-uv-led\/"]}]},{"@type":"BreadcrumbList","@id":"https:\/\/artisjet-printers.eu\/shop\/artis-2100-uv-led\/#breadcrumb","itemListElement":[{"@type":"ListItem","position":1,"name":"Home","item":"https:\/\/artisjet-printers.eu\/"},{"@type":"ListItem","position":2,"name":"Shop","item":"https:\/\/artisjet-printers.eu\/de\/shop\/"},{"@type":"ListItem","position":3,"name":"Artis 2100 UV LED"}]},{"@type":"WebSite","@id":"https:\/\/artisjet-printers.eu\/#website","url":"https:\/\/artisjet-printers.eu\/","name":"Artisjet Europe","description":"Official distributor in Europe","publisher":{"@id":"https:\/\/artisjet-printers.eu\/#organization"},"potentialAction":[{"@type":"SearchAction","target":{"@type":"EntryPoint","urlTemplate":"https:\/\/artisjet-printers.eu\/?s={search_term_string}"},"query-input":"required name=search_term_string"}],"inLanguage":"pt-PT"},{"@type":"Organization","@id":"https:\/\/artisjet-printers.eu\/#organization","name":"ArtisJet","url":"https:\/\/artisjet-printers.eu\/","logo":{"@type":"ImageObject","inLanguage":"pt-PT","@id":"https:\/\/artisjet-printers.eu\/#\/schema\/logo\/image\/","url":"https:\/\/artisjet-printers.eu\/wp-content\/uploads\/2017\/12\/logoartisjet.jpg","contentUrl":"https:\/\/artisjet-printers.eu\/wp-content\/uploads\/2017\/12\/logoartisjet.jpg","width":217,"height":80,"caption":"ArtisJet"},"image":{"@id":"https:\/\/artisjet-printers.eu\/#\/schema\/logo\/image\/"}}]}},"_links":{"self":[{"href":"https:\/\/artisjet-printers.eu\/pt\/wp-json\/wp\/v2\/product\/252","targetHints":{"allow":["GET"]}}],"collection":[{"href":"https:\/\/artisjet-printers.eu\/pt\/wp-json\/wp\/v2\/product"}],"about":[{"href":"https:\/\/artisjet-printers.eu\/pt\/wp-json\/wp\/v2\/types\/product"}],"wp:featuredmedia":[{"embeddable":true,"href":"https:\/\/artisjet-printers.eu\/pt\/wp-json\/wp\/v2\/media\/253"}],"wp:attachment":[{"href":"https:\/\/artisjet-printers.eu\/pt\/wp-json\/wp\/v2\/media?parent=252"}],"wp:term":[{"taxonomy":"product_brand","embeddable":true,"href":"https:\/\/artisjet-printers.eu\/pt\/wp-json\/wp\/v2\/product_brand?post=252"},{"taxonomy":"product_cat","embeddable":true,"href":"https:\/\/artisjet-printers.eu\/pt\/wp-json\/wp\/v2\/product_cat?post=252"},{"taxonomy":"product_tag","embeddable":true,"href":"https:\/\/artisjet-printers.eu\/pt\/wp-json\/wp\/v2\/product_tag?post=252"}],"curies":[{"name":"wp","href":"https:\/\/api.w.org\/{rel}","templated":true}]}}