{"id":247,"date":"2017-11-15T13:52:59","date_gmt":"2017-11-15T13:52:59","guid":{"rendered":"http:\/\/artisjet-printers.eu\/product\/impresora-artis-3000\/"},"modified":"2020-10-23T13:25:21","modified_gmt":"2020-10-23T11:25:21","slug":"artis-3000-uv-led","status":"publish","type":"product","link":"https:\/\/artisjet-printers.eu\/pt\/shop\/artis-3000-uv-led\/","title":{"rendered":"Impressora Artis 3000U UV Led"},"content":{"rendered":"<p>A Artis 3000 pode imprimir sobre qualquer cor de fundo, gra\u00e7as \u00e0s tintas brancas, e sobre quase qualquer\u00a0 material, com resist\u00eancia \u00e0 \u00e1gua, arranh\u00f5es e luz solar. Esta m\u00e1quina de impress\u00e3o UV \u00e9 muito apropriada para a produ\u00e7\u00e3o de brindes personalizados, reclames publicit\u00e1rios, rotula\u00e7\u00e3o, capas de telem\u00f3vel, etc.<\/p>\n<p>A Artis 3000 oferece qualidade fotogr\u00e1fica j\u00e1 que usa tecnologia de impress\u00e3o y cabe\u00e7a de impress\u00e3o Epson.<\/p>\n<p>\u00c9 uma impressora de gama profissional com um custo de consum\u00edveis, que s\u00e3o em muitos casos, a metade do custo de outras marcas j\u00e1 que usam tintas em garrafas em vez de cartuchos, e pe\u00e7as de reposi\u00e7\u00e3o originais de Epson em vez de pe\u00e7as de reposi\u00e7\u00e3o de marcas especializadas.<\/p>\n<p>As m\u00e1quinas incluem um software RIP de impress\u00e3o que permite gerir as impress\u00f5es e os perfis de cor. Al\u00e9m de que, dispomos de um RIP avan\u00e7ado para poder operar com a m\u00e1xima resolu\u00e7\u00e3o e permite imprimir as capas de branco e cor na mesma passada.<\/p>\n<p>artisJet disp\u00f5em de servi\u00e7o t\u00e9cnico pr\u00f3prio e oferecemos respostas e solu\u00e7\u00f5es de maneira r\u00e1pida e eficaz. Somos especialistas em PEMEs e proporcionamos um trato direto e personalizado que permite aos nossos clientes trabalhar com total confian\u00e7a e tranquilidade.<\/p>\n<p>&nbsp;<\/p>\n<table border=\"0\" width=\"100%\" cellspacing=\"0\" cellpadding=\"0\">\n<tbody>\n<tr>\n<td valign=\"bottom\" width=\"50%\"><strong>Sistema disparo selecionado UV<\/strong><\/p>\n<ul>\n<li>A impressora Artis 3000 funciona com o sistema FOIF de artisJet, e ativa electr\u00f3nicamente o LED UV s\u00f3 quando dispara tinta. Como resultado, maximiza a vida \u00fatil dos LED e do cabe\u00e7a de impress\u00e3o.<\/li>\n<\/ul>\n<\/td>\n<td valign=\"bottom\" width=\"50%\"><strong>Sistema de controle UV.<\/strong><\/p>\n<ul>\n<li>Desenhado para uma maior flexibilidade e simplicidade, artisJet COD controla digitalmemte o funcionamento do sistema UV de LED. Adapta-se a diferentes materiais e entornos de trabalho<\/li>\n<\/ul>\n<\/td>\n<\/tr>\n<tr>\n<td valign=\"bottom\" width=\"50%\"><strong>Ajuste da altura de impress\u00e3o<\/strong><strong> semi-automatizad<\/strong><strong>o<\/strong><\/p>\n<ul>\n<li>Equipado com sensores para ajuste semi-autom\u00e1tico da altura do cabe\u00e7a de impress\u00e3o e redu\u00e7\u00e3o de golpes do cabe\u00e7a de impress\u00e3o..<\/li>\n<\/ul>\n<\/td>\n<td valign=\"bottom\" width=\"50%\"><strong>Sistema de controle de refrigera\u00e7\u00e3o <\/strong><strong> de l\u00edquido<\/strong><\/p>\n<ul>\n<li>O sistema de controle de refrigera\u00e7\u00e3o de artisJet est\u00e1 baseado num sistema de refrigera\u00e7\u00e3o industrial para evitar o desgaste da l\u00e1mpada UV e do cabe\u00e7a de impress\u00e3o.<\/li>\n<\/ul>\n<\/td>\n<\/tr>\n<tr>\n<td valign=\"bottom\" width=\"50%\"><strong>Sistema de tinta em garrafas<\/strong><\/p>\n<ul>\n<li>\u00c0 diferen\u00e7a dos cartuchos de tinta, este sistema permite utilizar 100% a tinta dispon\u00edvel o que resulta muito mais econ\u00f3mico.<\/li>\n<\/ul>\n<\/td>\n<td valign=\"bottom\" width=\"50%\"><strong>Dese<\/strong><strong>nho da plataforma de carga lateral \u00fanic<\/strong><strong>o<\/strong><\/p>\n<ul>\n<li>Desenho \u00fanico que assegura uma melhor visibilidade da sa\u00edda. Ideal para lugares de trabalho com limita\u00e7\u00f5es de espa\u00e7o.<\/li>\n<\/ul>\n<\/td>\n<\/tr>\n<\/tbody>\n<\/table>\n","protected":false},"excerpt":{"rendered":"<hr>\n<h6><strong>IMPRESS\u00c3O REALISTA DA FOTO COM TEXTURA E RELEVO 3D ASSOMBROSO<\/strong><\/h6>\n<ul>\n<li>Ideal para a produ\u00e7\u00e3o de todo tipo de objetos, reclames publicit\u00e1rios, rotula\u00e7\u00e3o, foto-brindes, personaliza\u00e7\u00e3o, etc.<\/li>\n<li>M\u00e1quina preparada para a alta produ\u00e7\u00e3o<\/li>\n<li>Impress\u00e3o direta sobre materiais transparentes e escuros<\/li>\n<li>Tintas brancas, CMYK e Vernizes<\/li>\n<li>Impress\u00e3o \u00f3ptima em materiais r\u00edgidos e flex\u00edveis<\/li>\n<li>\u00c1rea de impress\u00e3o 29 x 57,5 cm<\/li>\n<li>Altura m\u00e1xima: 9 cm<\/li>\n<\/ul>\n<p><strong>&nbsp;<\/strong><\/p>\n<h6><strong>DESENHADO PARA IMPRESSIONAR<\/strong><\/h6>\n<ul>\n<li>Conveni\u00eancia operativa com&nbsp;<strong>arquitetura <\/strong><strong>\u00fanica de carga lateral<\/strong><\/li>\n<li>M\u00ednimo custo operativo com<strong>sistema de provisi<\/strong><strong>onamento cont\u00ednuo de tinta<\/strong><\/li>\n<li>Impress\u00e3o de alta defini\u00e7\u00e3o em pl\u00e1sticos pelo<strong>m<\/strong><strong>\u00f3dulo antiest\u00e1tico<\/strong><\/li>\n<li><strong>Vida m\u00e9dia do cabe\u00e7a de impress\u00e3o<\/strong><strong>estendida <\/strong>com o sistema de disparo s\u00fabito de tinta<\/li>\n<li>Manuten\u00e7\u00e3o e opera\u00e7\u00e3o simplificadas<\/li>\n<li>Opera\u00e7\u00e3o segura com o&nbsp;<strong>sistema de limpeza do cabe\u00e7a de impress\u00e3o <\/strong><strong>automatizado<\/strong><strong>&nbsp;<\/strong><\/li>\n<li><strong>Constru\u00eddo no<\/strong>sistema de controle de refrigera\u00e7\u00e3o &nbsp;por l\u00edquido<\/li>\n<li>Impress\u00e3o vers\u00e1til com<strong>ajuste do n\u00edvel de pot\u00eancia LED UV<\/strong><\/li>\n<\/ul>\n<p>&nbsp;<\/p>\n<p>&nbsp;<br \/>\n<a class=\"fasc-button fasc-size-large fasc-type-glossy fasc-rounded-medium fasc-ico-before dashicons-edit\" style=\"background-color: #247edd; color: #ffffff;\" href=\"\/contact\/\">Or\u00e7amento<\/a><\/p>\n","protected":false},"featured_media":1174,"template":"","meta":{"ngg_post_thumbnail":0},"product_brand":[],"product_cat":[3],"product_tag":[],"class_list":{"0":"post-247","1":"product","2":"type-product","3":"status-publish","4":"has-post-thumbnail","6":"product_cat-uv-led-printers","8":"first","9":"instock","10":"taxable","11":"shipping-taxable","12":"product-type-simple"},"translation":{"provider":"WPGlobus","version":"2.12.2","language":"pt","enabled_languages":["fr","de","pt","en"],"languages":{"fr":{"title":true,"content":true,"excerpt":true},"de":{"title":true,"content":true,"excerpt":true},"pt":{"title":true,"content":true,"excerpt":true},"en":{"title":true,"content":true,"excerpt":true}}},"yoast_head":"<!-- This site is optimized with the Yoast SEO plugin v22.0 - https:\/\/yoast.com\/wordpress\/plugins\/seo\/ -->\n<title>Impressora Artis 3000U UV Led | Artisjet Europe<\/title>\n<meta name=\"robots\" content=\"index, follow, max-snippet:-1, max-image-preview:large, max-video-preview:-1\" \/>\n<link rel=\"canonical\" href=\"https:\/\/artisjet-printers.eu\/de\/shop\/artis-3000-uv-led\/\" \/>\n<meta property=\"og:locale\" content=\"pt_PT\" \/>\n<meta property=\"og:type\" content=\"article\" \/>\n<meta property=\"og:title\" content=\"Impressora Artis 3000U UV Led | Artisjet Europe\" \/>\n<meta property=\"og:url\" content=\"https:\/\/artisjet-printers.eu\/de\/shop\/artis-3000-uv-led\/\" \/>\n<meta property=\"og:site_name\" content=\"Artisjet Europe\" \/>\n<meta property=\"article:modified_time\" content=\"2020-10-23T11:25:21+00:00\" \/>\n<meta property=\"og:image\" content=\"https:\/\/artisjet-printers.eu\/wp-content\/uploads\/2017\/11\/3000U.jpg\" \/>\n\t<meta property=\"og:image:width\" content=\"561\" \/>\n\t<meta property=\"og:image:height\" content=\"561\" \/>\n\t<meta property=\"og:image:type\" content=\"image\/jpeg\" \/>\n<meta name=\"twitter:card\" content=\"summary_large_image\" \/>\n<meta name=\"twitter:label1\" content=\"Tempo estimado de leitura\" \/>\n\t<meta name=\"twitter:data1\" content=\"8 minutos\" \/>\n<script type=\"application\/ld+json\" class=\"yoast-schema-graph\">{\"@context\":\"https:\/\/schema.org\",\"@graph\":[{\"@type\":\"WebPage\",\"@id\":\"https:\/\/artisjet-printers.eu\/de\/shop\/artis-3000-uv-led\/\",\"url\":\"https:\/\/artisjet-printers.eu\/de\/shop\/artis-3000-uv-led\/\",\"name\":\"Impressora Artis 3000U UV Led | Artisjet Europe\",\"isPartOf\":{\"@id\":\"https:\/\/artisjet-printers.eu\/#website\"},\"datePublished\":\"2017-11-15T13:52:59+00:00\",\"dateModified\":\"2020-10-23T11:25:21+00:00\",\"description\":\"\",\"breadcrumb\":{\"@id\":\"https:\/\/artisjet-printers.eu\/de\/shop\/artis-3000-uv-led\/#breadcrumb\"},\"inLanguage\":\"pt-PT\",\"potentialAction\":[{\"@type\":\"ReadAction\",\"target\":[\"https:\/\/artisjet-printers.eu\/de\/shop\/artis-3000-uv-led\/\"]}]},{\"@type\":\"BreadcrumbList\",\"@id\":\"https:\/\/artisjet-printers.eu\/de\/shop\/artis-3000-uv-led\/#breadcrumb\",\"itemListElement\":[{\"@type\":\"ListItem\",\"position\":1,\"name\":\"Home\",\"item\":\"https:\/\/artisjet-printers.eu\/\"},{\"@type\":\"ListItem\",\"position\":2,\"name\":\"Shop\",\"item\":\"https:\/\/artisjet-printers.eu\/de\/shop\/\"},{\"@type\":\"ListItem\",\"position\":3,\"name\":\"Artis 3000U UV LED\"}]},{\"@type\":\"WebSite\",\"@id\":\"https:\/\/artisjet-printers.eu\/#website\",\"url\":\"https:\/\/artisjet-printers.eu\/\",\"name\":\"Artisjet Europe\",\"description\":\"Official distributor in Europe\",\"publisher\":{\"@id\":\"https:\/\/artisjet-printers.eu\/#organization\"},\"potentialAction\":[{\"@type\":\"SearchAction\",\"target\":{\"@type\":\"EntryPoint\",\"urlTemplate\":\"https:\/\/artisjet-printers.eu\/?s={search_term_string}\"},\"query-input\":\"required name=search_term_string\"}],\"inLanguage\":\"pt-PT\"},{\"@type\":\"Organization\",\"@id\":\"https:\/\/artisjet-printers.eu\/#organization\",\"name\":\"ArtisJet\",\"url\":\"https:\/\/artisjet-printers.eu\/\",\"logo\":{\"@type\":\"ImageObject\",\"inLanguage\":\"pt-PT\",\"@id\":\"https:\/\/artisjet-printers.eu\/#\/schema\/logo\/image\/\",\"url\":\"https:\/\/artisjet-printers.eu\/wp-content\/uploads\/2017\/12\/logoartisjet.jpg\",\"contentUrl\":\"https:\/\/artisjet-printers.eu\/wp-content\/uploads\/2017\/12\/logoartisjet.jpg\",\"width\":217,\"height\":80,\"caption\":\"ArtisJet\"},\"image\":{\"@id\":\"https:\/\/artisjet-printers.eu\/#\/schema\/logo\/image\/\"}}]}<\/script>\n<!-- \/ Yoast SEO plugin. -->","yoast_head_json":{"title":"Impressora Artis 3000U UV Led | Artisjet Europe","robots":{"index":"index","follow":"follow","max-snippet":"max-snippet:-1","max-image-preview":"max-image-preview:large","max-video-preview":"max-video-preview:-1"},"canonical":"https:\/\/artisjet-printers.eu\/de\/shop\/artis-3000-uv-led\/","og_locale":"pt_PT","og_type":"article","og_title":"Impressora Artis 3000U UV Led | Artisjet Europe","og_url":"https:\/\/artisjet-printers.eu\/de\/shop\/artis-3000-uv-led\/","og_site_name":"Artisjet Europe","article_modified_time":"2020-10-23T11:25:21+00:00","og_image":[{"width":561,"height":561,"url":"https:\/\/artisjet-printers.eu\/wp-content\/uploads\/2017\/11\/3000U.jpg","type":"image\/jpeg"}],"twitter_card":"summary_large_image","twitter_misc":{"Tempo estimado de leitura":"8 minutos"},"schema":{"@context":"https:\/\/schema.org","@graph":[{"@type":"WebPage","@id":"https:\/\/artisjet-printers.eu\/de\/shop\/artis-3000-uv-led\/","url":"https:\/\/artisjet-printers.eu\/de\/shop\/artis-3000-uv-led\/","name":"Impressora Artis 3000U UV Led | Artisjet Europe","isPartOf":{"@id":"https:\/\/artisjet-printers.eu\/#website"},"datePublished":"2017-11-15T13:52:59+00:00","dateModified":"2020-10-23T11:25:21+00:00","description":"","breadcrumb":{"@id":"https:\/\/artisjet-printers.eu\/de\/shop\/artis-3000-uv-led\/#breadcrumb"},"inLanguage":"pt-PT","potentialAction":[{"@type":"ReadAction","target":["https:\/\/artisjet-printers.eu\/de\/shop\/artis-3000-uv-led\/"]}]},{"@type":"BreadcrumbList","@id":"https:\/\/artisjet-printers.eu\/de\/shop\/artis-3000-uv-led\/#breadcrumb","itemListElement":[{"@type":"ListItem","position":1,"name":"Home","item":"https:\/\/artisjet-printers.eu\/"},{"@type":"ListItem","position":2,"name":"Shop","item":"https:\/\/artisjet-printers.eu\/de\/shop\/"},{"@type":"ListItem","position":3,"name":"Artis 3000U UV LED"}]},{"@type":"WebSite","@id":"https:\/\/artisjet-printers.eu\/#website","url":"https:\/\/artisjet-printers.eu\/","name":"Artisjet Europe","description":"Official distributor in Europe","publisher":{"@id":"https:\/\/artisjet-printers.eu\/#organization"},"potentialAction":[{"@type":"SearchAction","target":{"@type":"EntryPoint","urlTemplate":"https:\/\/artisjet-printers.eu\/?s={search_term_string}"},"query-input":"required name=search_term_string"}],"inLanguage":"pt-PT"},{"@type":"Organization","@id":"https:\/\/artisjet-printers.eu\/#organization","name":"ArtisJet","url":"https:\/\/artisjet-printers.eu\/","logo":{"@type":"ImageObject","inLanguage":"pt-PT","@id":"https:\/\/artisjet-printers.eu\/#\/schema\/logo\/image\/","url":"https:\/\/artisjet-printers.eu\/wp-content\/uploads\/2017\/12\/logoartisjet.jpg","contentUrl":"https:\/\/artisjet-printers.eu\/wp-content\/uploads\/2017\/12\/logoartisjet.jpg","width":217,"height":80,"caption":"ArtisJet"},"image":{"@id":"https:\/\/artisjet-printers.eu\/#\/schema\/logo\/image\/"}}]}},"_links":{"self":[{"href":"https:\/\/artisjet-printers.eu\/pt\/wp-json\/wp\/v2\/product\/247","targetHints":{"allow":["GET"]}}],"collection":[{"href":"https:\/\/artisjet-printers.eu\/pt\/wp-json\/wp\/v2\/product"}],"about":[{"href":"https:\/\/artisjet-printers.eu\/pt\/wp-json\/wp\/v2\/types\/product"}],"wp:featuredmedia":[{"embeddable":true,"href":"https:\/\/artisjet-printers.eu\/pt\/wp-json\/wp\/v2\/media\/1174"}],"wp:attachment":[{"href":"https:\/\/artisjet-printers.eu\/pt\/wp-json\/wp\/v2\/media?parent=247"}],"wp:term":[{"taxonomy":"product_brand","embeddable":true,"href":"https:\/\/artisjet-printers.eu\/pt\/wp-json\/wp\/v2\/product_brand?post=247"},{"taxonomy":"product_cat","embeddable":true,"href":"https:\/\/artisjet-printers.eu\/pt\/wp-json\/wp\/v2\/product_cat?post=247"},{"taxonomy":"product_tag","embeddable":true,"href":"https:\/\/artisjet-printers.eu\/pt\/wp-json\/wp\/v2\/product_tag?post=247"}],"curies":[{"name":"wp","href":"https:\/\/api.w.org\/{rel}","templated":true}]}}