{"id":9031,"date":"2026-03-18T21:29:19","date_gmt":"2026-03-18T21:29:19","guid":{"rendered":"https:\/\/artisjet-printers.eu\/ciss-ink-supply\/"},"modified":"2026-03-19T07:38:22","modified_gmt":"2026-03-19T06:38:22","slug":"ciss-ink-supply","status":"publish","type":"page","link":"https:\/\/artisjet-printers.eu\/pt\/technology\/ciss-ink-supply\/","title":{"rendered":"Sistema CISS de fornecimento de tinta"},"content":{"rendered":"\n<div class=\"wp-block-group aj-article\"><div class=\"wp-block-group__inner-container is-layout-constrained wp-block-group-is-layout-constrained\">\n\n\n<h1 class=\"wp-block-heading\">Sistema de fornecimento cont\u00ednuo de tinta UV-LED da artisJet (CISS)<\/h1>\n\n\n\n<p>O sistema de fornecimento cont\u00ednuo de tinta (CISS) da artisJet \u00e9 um dos elementos diferenciadores chave das impressoras UV-LED artisJet. Ao contr\u00e1rio dos sistemas baseados em cartuchos, o CISS permite uma <strong>utiliza\u00e7\u00e3o de 100% da tinta dispon\u00edvel<\/strong>, a um custo por impress\u00e3o significativamente menor.<\/p>\n\n\n\n<h2 class=\"wp-block-heading\">Porqu\u00ea fornecimento cont\u00ednuo de tinta?<\/h2>\n\n\n\n<ul class=\"wp-block-list\">\n\n<li><strong>Custo reduzido por impress\u00e3o<\/strong> \u2014 garrafas de tinta recarreg\u00e1veis em vez de cartuchos descarrt\u00e1veis. O consumo de tinta \u00e9 muito baixo: apenas 30\u00a0ml de todas as tintas combinadas por metro quadrado impresso.<\/li>\n\n\n<li><strong>Recarga f\u00e1cil e port\u00e1til<\/strong> \u2014 pequenas garrafas de 200\u00a0ml f\u00e1ceis de manusear e recarregar sem complica\u00e7\u00f5es.<\/li>\n\n\n<li><strong>Evita a decanta\u00e7\u00e3o<\/strong> \u2014 o formato de garrafa pequena evita que o TiO\u00b2 da tinta UV-LED se deposite se a tinta permanecer nos reservat\u00f3rios durante muito tempo.<\/li>\n\n\n<li><strong>Menos manuten\u00e7\u00e3o<\/strong> \u2014 o sistema est\u00e1 concebido para um servi\u00e7o prolongado com um m\u00ednimo de interven\u00e7\u00e3o do utilizador.<\/li>\n\n<\/ul>\n\n\n\n<h2 class=\"wp-block-heading\">Componentes do sistema CISS<\/h2>\n\n\n\n<figure class=\"wp-block-table\"><table><tbody>\n<tr><td><strong>Reservat\u00f3rios de tinta<\/strong><\/td><td>Garrafas de tinta abertas de 200\u00a0ml por cor. Sistema de fornecimento cont\u00ednuo (CISS).<\/td><\/tr>\n<tr><td><strong>Bomba de tinta<\/strong><\/td><td>Aspira a tinta dos reservat\u00f3rios e dirige-a atrav\u00e9s de bomba motorizada com tampa superior.<\/td><\/tr>\n<tr><td><strong>Tubos de tinta<\/strong><\/td><td>Tubos de pl\u00e1stico escuro 3\u00d72\u00a0mm, 1,5\u00a0m de comprimento. C\u00f3digo num\u00e9rico por cor (1\u20138).<\/td><\/tr>\n<tr><td><strong>Amortecedores<\/strong><\/td><td>Filtram a tinta antes da cabe\u00e7a. Um por cada cor.<\/td><\/tr>\n<tr><td><strong>Cabe\u00e7a de impress\u00e3o<\/strong><\/td><td>Dispara a tinta sobre o substrato por tecnologia piezoel\u00e9trica.<\/td><\/tr>\n<tr><td><strong>Sistema de limpeza<\/strong><\/td><td>Limpador de sil\u00edcone + reservat\u00f3rio de res\u00edduos. Manuten\u00e7\u00e3o autom\u00e1tica ou manual.<\/td><\/tr>\n<\/tbody><\/table><\/figure>\n\n\n\n<h2 class=\"wp-block-heading\">Dicas de manuten\u00e7\u00e3o do sistema CISS<\/h2>\n\n\n\n<ul class=\"wp-block-list\">\n\n<li>Usar as tintas num prazo de <strong>45\u00a0dias<\/strong> ap\u00f3s abertura para garantir a qualidade.<\/li>\n\n\n<li>Substituir ou limpar as garrafas de tinta a cada <strong>3\u20135\u00a0meses<\/strong>.<\/li>\n\n\n<li>Limpar a tampa superior atrav\u00e9s da limpeza autom\u00e1tica e substitu\u00ed-la a cada <strong>3\u00a0meses<\/strong>.<\/li>\n\n\n<li>O sistema de automanu-ten\u00e7\u00e3o cuida da impressora mesmo durante per\u00edodos de inatividade de at\u00e9 <strong>35\u00a0dias<\/strong>.<\/li>\n\n<\/ul>\n\n\n\n<h2 class=\"wp-block-heading\">Custo de impress\u00e3o real<\/h2>\n\n\n\n<p>Para melhor compreens\u00e3o: um metro quadrado impresso equivale a aproximadamente <strong>130 capas de telm\u00f3vel iPhone com cobertura de impress\u00e3o completa<\/strong> \u2014 tudo com apenas 30\u00a0ml de tinta combinada. Este n\u00edvel de efici\u00eancia torna o sistema artisJet um dos mais rent\u00e1veis do mercado de impress\u00e3o UV-LED.<\/p>\n\n\n\n<div class=\"wp-block-group has-background\" style=\"background-color:#f5f5f5;padding-top:1.5rem;padding-right:1.5rem;padding-bottom:1.5rem;padding-left:1.5rem\"><div class=\"wp-block-group__inner-container is-layout-constrained wp-container-core-group-is-layout-1675ba18 wp-block-group-is-layout-constrained\">\n\n<p>Quer conhecer o custo real de impress\u00e3o para a sua aplica\u00e7\u00e3o espec\u00edfica? Fazemos-lhe um c\u00e1lculo personalizado sem compromisso.<br\/><br\/>\ud83d\udcde <a href=\"tel:+351308800977\">+351 308 800 977<\/a> \u00b7 \ud83d\udce7 <a href=\"mailto:info@artisjet-printers.eu\">info@artisjet-printers.eu<\/a><\/p>\n\n\n<div class=\"wp-block-buttons is-layout-flex wp-block-buttons-is-layout-flex\">\n\n<div class=\"wp-block-button\"><a class=\"wp-block-button__link wp-element-button\" href=\"\/pt\/contact\/\">Consultar custo de impress\u00e3o<\/a><\/div>\n\n<\/div>\n\n<\/div><\/div>\n\n\n<\/div><\/div>\n","protected":false},"excerpt":{"rendered":"<p>Sistema de fornecimento cont\u00ednuo de tinta UV-LED da artisJet (CISS) O sistema de fornecimento cont\u00ednuo de tinta (CISS) da artisJet \u00e9 um dos elementos diferenciadores chave das impressoras UV-LED artisJet. Ao contr\u00e1rio dos sistemas baseados em cartuchos, o CISS permite<\/p>\n","protected":false},"author":1,"featured_media":0,"parent":9013,"menu_order":0,"comment_status":"closed","ping_status":"closed","template":"","meta":{"ngg_post_thumbnail":0,"footnotes":""},"class_list":["post-9031","page","type-page","status-publish","hentry"],"translation":{"provider":"WPGlobus","version":"2.12.2","language":"pt","enabled_languages":["fr","de","pt","en"],"languages":{"fr":{"title":true,"content":true,"excerpt":false},"de":{"title":true,"content":true,"excerpt":false},"pt":{"title":true,"content":true,"excerpt":false},"en":{"title":true,"content":true,"excerpt":false}}},"yoast_head":"<!-- This site is optimized with the Yoast SEO plugin v22.0 - https:\/\/yoast.com\/wordpress\/plugins\/seo\/ -->\n<title>Sistema CISS de fornecimento de tinta | Artisjet Europe<\/title>\n<meta name=\"robots\" content=\"index, follow, max-snippet:-1, max-image-preview:large, max-video-preview:-1\" \/>\n<link rel=\"canonical\" href=\"https:\/\/artisjet-printers.eu\/technology\/ciss-ink-supply\/\" \/>\n<meta property=\"og:locale\" content=\"pt_PT\" \/>\n<meta property=\"og:type\" content=\"article\" \/>\n<meta property=\"og:title\" content=\"Sistema CISS de fornecimento de tinta | Artisjet Europe\" \/>\n<meta property=\"og:url\" content=\"https:\/\/artisjet-printers.eu\/technology\/ciss-ink-supply\/\" \/>\n<meta property=\"og:site_name\" content=\"Artisjet Europe\" \/>\n<meta property=\"article:modified_time\" content=\"2026-03-19T06:38:22+00:00\" \/>\n<meta name=\"twitter:card\" content=\"summary_large_image\" \/>\n<meta name=\"twitter:label1\" content=\"Tempo estimado de leitura\" \/>\n\t<meta name=\"twitter:data1\" content=\"7 minutos\" \/>\n<script type=\"application\/ld+json\" class=\"yoast-schema-graph\">{\"@context\":\"https:\/\/schema.org\",\"@graph\":[{\"@type\":\"WebPage\",\"@id\":\"https:\/\/artisjet-printers.eu\/technology\/ciss-ink-supply\/\",\"url\":\"https:\/\/artisjet-printers.eu\/technology\/ciss-ink-supply\/\",\"name\":\"Sistema CISS de fornecimento de tinta | Artisjet Europe\",\"isPartOf\":{\"@id\":\"https:\/\/artisjet-printers.eu\/#website\"},\"datePublished\":\"2026-03-18T21:29:19+00:00\",\"dateModified\":\"2026-03-19T06:38:22+00:00\",\"breadcrumb\":{\"@id\":\"https:\/\/artisjet-printers.eu\/technology\/ciss-ink-supply\/#breadcrumb\"},\"inLanguage\":\"pt-PT\",\"potentialAction\":[{\"@type\":\"ReadAction\",\"target\":[\"https:\/\/artisjet-printers.eu\/technology\/ciss-ink-supply\/\"]}]},{\"@type\":\"BreadcrumbList\",\"@id\":\"https:\/\/artisjet-printers.eu\/technology\/ciss-ink-supply\/#breadcrumb\",\"itemListElement\":[{\"@type\":\"ListItem\",\"position\":1,\"name\":\"Home\",\"item\":\"https:\/\/artisjet-printers.eu\/\"},{\"@type\":\"ListItem\",\"position\":2,\"name\":\"Technologie d\u2019impression UV\",\"item\":\"https:\/\/artisjet-printers.eu\/technology\/\"},{\"@type\":\"ListItem\",\"position\":3,\"name\":\"Syst\u00e8me CISS\"}]},{\"@type\":\"WebSite\",\"@id\":\"https:\/\/artisjet-printers.eu\/#website\",\"url\":\"https:\/\/artisjet-printers.eu\/\",\"name\":\"Artisjet Europe\",\"description\":\"Official distributor in Europe\",\"publisher\":{\"@id\":\"https:\/\/artisjet-printers.eu\/#organization\"},\"potentialAction\":[{\"@type\":\"SearchAction\",\"target\":{\"@type\":\"EntryPoint\",\"urlTemplate\":\"https:\/\/artisjet-printers.eu\/?s={search_term_string}\"},\"query-input\":\"required name=search_term_string\"}],\"inLanguage\":\"pt-PT\"},{\"@type\":\"Organization\",\"@id\":\"https:\/\/artisjet-printers.eu\/#organization\",\"name\":\"ArtisJet\",\"url\":\"https:\/\/artisjet-printers.eu\/\",\"logo\":{\"@type\":\"ImageObject\",\"inLanguage\":\"pt-PT\",\"@id\":\"https:\/\/artisjet-printers.eu\/#\/schema\/logo\/image\/\",\"url\":\"https:\/\/artisjet-printers.eu\/wp-content\/uploads\/2017\/12\/logoartisjet.jpg\",\"contentUrl\":\"https:\/\/artisjet-printers.eu\/wp-content\/uploads\/2017\/12\/logoartisjet.jpg\",\"width\":217,\"height\":80,\"caption\":\"ArtisJet\"},\"image\":{\"@id\":\"https:\/\/artisjet-printers.eu\/#\/schema\/logo\/image\/\"}}]}<\/script>\n<!-- \/ Yoast SEO plugin. -->","yoast_head_json":{"title":"Sistema CISS de fornecimento de tinta | Artisjet Europe","robots":{"index":"index","follow":"follow","max-snippet":"max-snippet:-1","max-image-preview":"max-image-preview:large","max-video-preview":"max-video-preview:-1"},"canonical":"https:\/\/artisjet-printers.eu\/technology\/ciss-ink-supply\/","og_locale":"pt_PT","og_type":"article","og_title":"Sistema CISS de fornecimento de tinta | Artisjet Europe","og_url":"https:\/\/artisjet-printers.eu\/technology\/ciss-ink-supply\/","og_site_name":"Artisjet Europe","article_modified_time":"2026-03-19T06:38:22+00:00","twitter_card":"summary_large_image","twitter_misc":{"Tempo estimado de leitura":"7 minutos"},"schema":{"@context":"https:\/\/schema.org","@graph":[{"@type":"WebPage","@id":"https:\/\/artisjet-printers.eu\/technology\/ciss-ink-supply\/","url":"https:\/\/artisjet-printers.eu\/technology\/ciss-ink-supply\/","name":"Sistema CISS de fornecimento de tinta | Artisjet Europe","isPartOf":{"@id":"https:\/\/artisjet-printers.eu\/#website"},"datePublished":"2026-03-18T21:29:19+00:00","dateModified":"2026-03-19T06:38:22+00:00","breadcrumb":{"@id":"https:\/\/artisjet-printers.eu\/technology\/ciss-ink-supply\/#breadcrumb"},"inLanguage":"pt-PT","potentialAction":[{"@type":"ReadAction","target":["https:\/\/artisjet-printers.eu\/technology\/ciss-ink-supply\/"]}]},{"@type":"BreadcrumbList","@id":"https:\/\/artisjet-printers.eu\/technology\/ciss-ink-supply\/#breadcrumb","itemListElement":[{"@type":"ListItem","position":1,"name":"Home","item":"https:\/\/artisjet-printers.eu\/"},{"@type":"ListItem","position":2,"name":"Technologie d\u2019impression UV","item":"https:\/\/artisjet-printers.eu\/technology\/"},{"@type":"ListItem","position":3,"name":"Syst\u00e8me CISS"}]},{"@type":"WebSite","@id":"https:\/\/artisjet-printers.eu\/#website","url":"https:\/\/artisjet-printers.eu\/","name":"Artisjet Europe","description":"Official distributor in Europe","publisher":{"@id":"https:\/\/artisjet-printers.eu\/#organization"},"potentialAction":[{"@type":"SearchAction","target":{"@type":"EntryPoint","urlTemplate":"https:\/\/artisjet-printers.eu\/?s={search_term_string}"},"query-input":"required name=search_term_string"}],"inLanguage":"pt-PT"},{"@type":"Organization","@id":"https:\/\/artisjet-printers.eu\/#organization","name":"ArtisJet","url":"https:\/\/artisjet-printers.eu\/","logo":{"@type":"ImageObject","inLanguage":"pt-PT","@id":"https:\/\/artisjet-printers.eu\/#\/schema\/logo\/image\/","url":"https:\/\/artisjet-printers.eu\/wp-content\/uploads\/2017\/12\/logoartisjet.jpg","contentUrl":"https:\/\/artisjet-printers.eu\/wp-content\/uploads\/2017\/12\/logoartisjet.jpg","width":217,"height":80,"caption":"ArtisJet"},"image":{"@id":"https:\/\/artisjet-printers.eu\/#\/schema\/logo\/image\/"}}]}},"_links":{"self":[{"href":"https:\/\/artisjet-printers.eu\/pt\/wp-json\/wp\/v2\/pages\/9031","targetHints":{"allow":["GET"]}}],"collection":[{"href":"https:\/\/artisjet-printers.eu\/pt\/wp-json\/wp\/v2\/pages"}],"about":[{"href":"https:\/\/artisjet-printers.eu\/pt\/wp-json\/wp\/v2\/types\/page"}],"author":[{"embeddable":true,"href":"https:\/\/artisjet-printers.eu\/pt\/wp-json\/wp\/v2\/users\/1"}],"replies":[{"embeddable":true,"href":"https:\/\/artisjet-printers.eu\/pt\/wp-json\/wp\/v2\/comments?post=9031"}],"version-history":[{"count":1,"href":"https:\/\/artisjet-printers.eu\/pt\/wp-json\/wp\/v2\/pages\/9031\/revisions"}],"predecessor-version":[{"id":9093,"href":"https:\/\/artisjet-printers.eu\/pt\/wp-json\/wp\/v2\/pages\/9031\/revisions\/9093"}],"up":[{"embeddable":true,"href":"https:\/\/artisjet-printers.eu\/pt\/wp-json\/wp\/v2\/pages\/9013"}],"wp:attachment":[{"href":"https:\/\/artisjet-printers.eu\/pt\/wp-json\/wp\/v2\/media?parent=9031"}],"curies":[{"name":"wp","href":"https:\/\/api.w.org\/{rel}","templated":true}]}}