{"id":9030,"date":"2026-03-18T21:29:19","date_gmt":"2026-03-18T21:29:19","guid":{"rendered":"https:\/\/artisjet-printers.eu\/uv-led-ink-system\/"},"modified":"2026-03-19T07:38:22","modified_gmt":"2026-03-19T06:38:22","slug":"uv-led-ink-system","status":"publish","type":"page","link":"https:\/\/artisjet-printers.eu\/pt\/technology\/uv-led-ink-system\/","title":{"rendered":"Sistema de tinta UV-LED"},"content":{"rendered":"\n<div class=\"wp-block-group aj-article\"><div class=\"wp-block-group__inner-container is-layout-constrained wp-block-group-is-layout-constrained\">\n\n\n<h1 class=\"wp-block-heading\">Como funciona o sistema de tinta UV-LED nas impressoras artisJet<\/h1>\n\n\n\n<p>O sistema de tinta artisJet refere-se ao conjunto completo instalado nas m\u00e1quinas de impress\u00e3o direta sobre substratos. \u00c9 um sistema complexo e ao mesmo tempo muito f\u00e1cil de seguir. Tem m\u00faltiplas partes, cada uma com uma funcionalidade espec\u00edfica: bombear, transmitir, filtrar, disparar\/expelir e limpar a tinta, bem como armazenar os res\u00edduos de tinta.<\/p>\n\n\n\n<h2 class=\"wp-block-heading\">1. Reservat\u00f3rios de tinta (garrafas de tinta)<\/h2>\n\n\n\n<figure class=\"wp-block-image size-medium\"><img decoding=\"async\" src=\"https:\/\/www.artisjet.com\/images\/easyblog_articles\/90\/b2ap3_thumbnail_1.jpg\" alt=\"artisJet ink bottles CISS\"\/><\/figure>\n\n\n\n<p>A artisJet utiliza pequenas garrafas de tinta abertas de <strong>200\u00a0ml de capacidade<\/strong> por cor de tinta para o sistema de fornecimento cont\u00ednuo de tinta (CISS). S\u00e3o f\u00e1ceis de recarregar a baixo custo e o seu formato port\u00e1til evita a decanta\u00e7\u00e3o dos sedimentos de tinta.<\/p>\n\n\n\n<p><strong>Dica de opera\u00e7\u00e3o:<\/strong> usar as tintas num prazo de 45\u00a0dias. Substituir ou limpar as garrafas de tinta a cada 3\u20135\u00a0meses.<\/p>\n\n\n\n<h2 class=\"wp-block-heading\">2. Bomba de tinta (esta\u00e7\u00e3o de servi\u00e7o)<\/h2>\n\n\n\n<figure class=\"wp-block-image size-medium\"><img decoding=\"async\" src=\"https:\/\/www.artisjet.com\/images\/easyblog_articles\/90\/b2ap3_thumbnail_3.jpg\" alt=\"artisJet ink pump\"\/><\/figure>\n\n\n\n<p>A bomba aspira a tinta dos reservat\u00f3rios e dirige-a para o sistema de tinta completo atrav\u00e9s de uma bomba motorizada com tampa superior esponjosa ligada \u00e0 cabe\u00e7a de impress\u00e3o. Quando a impressora est\u00e1 em espera ou desligada, a unidade de tampa evita que a tinta engrossa.<\/p>\n\n\n\n<p><strong>Dica de opera\u00e7\u00e3o:<\/strong> limpar regularmente a tampa atrav\u00e9s da limpeza autom\u00e1tica e substitu\u00ed-la a cada 3\u00a0meses.<\/p>\n\n\n\n<h2 class=\"wp-block-heading\">3. Transmiss\u00e3o de tinta (tubos de tinta)<\/h2>\n\n\n\n<figure class=\"wp-block-image size-medium\"><img decoding=\"async\" src=\"https:\/\/www.artisjet.com\/images\/easyblog_articles\/90\/b2ap3_thumbnail_7.jpg\" alt=\"artisJet ink tubes\"\/><\/figure>\n\n\n\n<p>Tubos de pl\u00e1stico escuro de 3\u00d72\u00a0mm e comprimento padr\u00e3o de 1,5\u00a0m protegidos pelo reservat\u00f3rio de tubos. Uma extremidade dos tubos est\u00e1 ligada aos reservat\u00f3rios de tinta e a outra ao amortecedor. Cada tubo tem um c\u00f3digo num\u00e9rico de 1 a 8 (para uma impressora de 8 canais de tinta CMYK+WWWW).<\/p>\n\n\n\n<h2 class=\"wp-block-heading\">4. Filtragem de tinta (amortecedores)<\/h2>\n\n\n\n<figure class=\"wp-block-image size-medium\"><img decoding=\"async\" src=\"https:\/\/www.artisjet.com\/images\/easyblog_articles\/90\/b2ap3_thumbnail_11.jpg\" alt=\"artisJet dampers\"\/><\/figure>\n\n\n\n<p>Os amortecedores s\u00e3o pe\u00e7as de pl\u00e1stico com um filtro de papel de alum\u00ednio no interior que ligam o tubo de tinta \u00e0 cabe\u00e7a de impress\u00e3o e filtram a tinta antes da \u00faltima etapa de expuls\u00e3o. H\u00e1 um amortecedor por cada cor.<\/p>\n\n\n\n<h2 class=\"wp-block-heading\">5. Expuls\u00e3o de tinta, limpador e reservat\u00f3rio de res\u00edduos<\/h2>\n\n\n\n<figure class=\"wp-block-image size-medium\"><img decoding=\"async\" src=\"https:\/\/www.artisjet.com\/images\/easyblog_articles\/90\/b2ap3_thumbnail_15.jpg\" alt=\"artisJet wiper and waste tank\"\/><\/figure>\n\n\n\n<ul class=\"wp-block-list\">\n\n<li><strong>Expuls\u00e3o de tinta<\/strong> \u2014 a cabe\u00e7a de impress\u00e3o dispara as tintas sobre o substrato com base nas instru\u00e7\u00f5es da placa-m\u00e3e.<\/li>\n\n\n<li><strong>Limpador de tinta<\/strong> \u2014 borracha de sil\u00edcone que limpa a tinta residual durante o processo de impress\u00e3o no lado espelho da cabe\u00e7a.<\/li>\n\n\n<li><strong>Reservat\u00f3rio de res\u00edduos de tinta<\/strong> \u2014 durante a bombagem e a impress\u00e3o, a tinta residual \u00e9 armazenada numa garrafa separada.<\/li>\n\n<\/ul>\n\n\n\n<h2 class=\"wp-block-heading\">6. M\u00f3dulos de manuten\u00e7\u00e3o do sistema de tinta<\/h2>\n\n\n\n<ul class=\"wp-block-list\">\n\n<li><strong>M\u00f3dulo de manuten\u00e7\u00e3o autom\u00e1tica<\/strong> \u2014 sistema que ativa a manuten\u00e7\u00e3o do sistema de tinta por pedido quando o utilizador n\u00e3o est\u00e1 presente.<\/li>\n\n\n<li><strong>Limpeza manual<\/strong> \u2014 alternativa quando \u00e9 necess\u00e1ria uma manuten\u00e7\u00e3o mais espec\u00edfica ou aprofundada.<\/li>\n\n<\/ul>\n\n\n\n<div class=\"wp-block-group has-background\" style=\"background-color:#f5f5f5;padding-top:1.5rem;padding-right:1.5rem;padding-bottom:1.5rem;padding-left:1.5rem\"><div class=\"wp-block-group__inner-container is-layout-constrained wp-container-core-group-is-layout-1675ba18 wp-block-group-is-layout-constrained\">\n\n<p>Precisa de ajuda com o sistema de tinta da sua impressora artisJet?<br\/><br\/>\ud83d\udcde <a href=\"tel:+351308800977\">+351 308 800 977<\/a> \u00b7 \ud83d\udce7 <a href=\"mailto:info@artisjet-printers.eu\">info@artisjet-printers.eu<\/a><\/p>\n\n\n<div class=\"wp-block-buttons is-layout-flex wp-block-buttons-is-layout-flex\">\n\n<div class=\"wp-block-button\"><a class=\"wp-block-button__link wp-element-button\" href=\"\/pt\/contact\/\">Contactar suporte t\u00e9cnico<\/a><\/div>\n\n<\/div>\n\n<\/div><\/div>\n\n\n<\/div><\/div>\n","protected":false},"excerpt":{"rendered":"<p>Como funciona o sistema de tinta UV-LED nas impressoras artisJet O sistema de tinta artisJet refere-se ao conjunto completo instalado nas m\u00e1quinas de impress\u00e3o direta sobre substratos. \u00c9 um sistema complexo e ao mesmo tempo muito f\u00e1cil de seguir. Tem<\/p>\n","protected":false},"author":1,"featured_media":0,"parent":9013,"menu_order":0,"comment_status":"closed","ping_status":"closed","template":"","meta":{"ngg_post_thumbnail":0,"footnotes":""},"class_list":["post-9030","page","type-page","status-publish","hentry"],"translation":{"provider":"WPGlobus","version":"2.12.2","language":"pt","enabled_languages":["fr","de","pt","en"],"languages":{"fr":{"title":true,"content":true,"excerpt":false},"de":{"title":true,"content":true,"excerpt":false},"pt":{"title":true,"content":true,"excerpt":false},"en":{"title":true,"content":true,"excerpt":false}}},"yoast_head":"<!-- This site is optimized with the Yoast SEO plugin v22.0 - https:\/\/yoast.com\/wordpress\/plugins\/seo\/ -->\n<title>Sistema de tinta UV-LED | Artisjet Europe<\/title>\n<meta name=\"robots\" content=\"index, follow, max-snippet:-1, max-image-preview:large, max-video-preview:-1\" \/>\n<link rel=\"canonical\" href=\"https:\/\/artisjet-printers.eu\/technology\/uv-led-ink-system\/\" \/>\n<meta property=\"og:locale\" content=\"pt_PT\" \/>\n<meta property=\"og:type\" content=\"article\" \/>\n<meta property=\"og:title\" content=\"Sistema de tinta UV-LED | Artisjet Europe\" \/>\n<meta property=\"og:url\" content=\"https:\/\/artisjet-printers.eu\/technology\/uv-led-ink-system\/\" \/>\n<meta property=\"og:site_name\" content=\"Artisjet Europe\" \/>\n<meta property=\"article:modified_time\" content=\"2026-03-19T06:38:22+00:00\" \/>\n<meta property=\"og:image\" content=\"https:\/\/www.artisjet.com\/images\/easyblog_articles\/90\/b2ap3_thumbnail_1.jpg\" \/>\n<meta name=\"twitter:card\" content=\"summary_large_image\" \/>\n<meta name=\"twitter:label1\" content=\"Tempo estimado de leitura\" \/>\n\t<meta name=\"twitter:data1\" content=\"8 minutos\" \/>\n<script type=\"application\/ld+json\" class=\"yoast-schema-graph\">{\"@context\":\"https:\/\/schema.org\",\"@graph\":[{\"@type\":\"WebPage\",\"@id\":\"https:\/\/artisjet-printers.eu\/technology\/uv-led-ink-system\/\",\"url\":\"https:\/\/artisjet-printers.eu\/technology\/uv-led-ink-system\/\",\"name\":\"Sistema de tinta UV-LED | Artisjet Europe\",\"isPartOf\":{\"@id\":\"https:\/\/artisjet-printers.eu\/#website\"},\"datePublished\":\"2026-03-18T21:29:19+00:00\",\"dateModified\":\"2026-03-19T06:38:22+00:00\",\"breadcrumb\":{\"@id\":\"https:\/\/artisjet-printers.eu\/technology\/uv-led-ink-system\/#breadcrumb\"},\"inLanguage\":\"pt-PT\",\"potentialAction\":[{\"@type\":\"ReadAction\",\"target\":[\"https:\/\/artisjet-printers.eu\/technology\/uv-led-ink-system\/\"]}]},{\"@type\":\"BreadcrumbList\",\"@id\":\"https:\/\/artisjet-printers.eu\/technology\/uv-led-ink-system\/#breadcrumb\",\"itemListElement\":[{\"@type\":\"ListItem\",\"position\":1,\"name\":\"Home\",\"item\":\"https:\/\/artisjet-printers.eu\/\"},{\"@type\":\"ListItem\",\"position\":2,\"name\":\"Technologie d\u2019impression UV\",\"item\":\"https:\/\/artisjet-printers.eu\/technology\/\"},{\"@type\":\"ListItem\",\"position\":3,\"name\":\"Syst\u00e8me d\u2019encre UV-LED\"}]},{\"@type\":\"WebSite\",\"@id\":\"https:\/\/artisjet-printers.eu\/#website\",\"url\":\"https:\/\/artisjet-printers.eu\/\",\"name\":\"Artisjet Europe\",\"description\":\"Official distributor in Europe\",\"publisher\":{\"@id\":\"https:\/\/artisjet-printers.eu\/#organization\"},\"potentialAction\":[{\"@type\":\"SearchAction\",\"target\":{\"@type\":\"EntryPoint\",\"urlTemplate\":\"https:\/\/artisjet-printers.eu\/?s={search_term_string}\"},\"query-input\":\"required name=search_term_string\"}],\"inLanguage\":\"pt-PT\"},{\"@type\":\"Organization\",\"@id\":\"https:\/\/artisjet-printers.eu\/#organization\",\"name\":\"ArtisJet\",\"url\":\"https:\/\/artisjet-printers.eu\/\",\"logo\":{\"@type\":\"ImageObject\",\"inLanguage\":\"pt-PT\",\"@id\":\"https:\/\/artisjet-printers.eu\/#\/schema\/logo\/image\/\",\"url\":\"https:\/\/artisjet-printers.eu\/wp-content\/uploads\/2017\/12\/logoartisjet.jpg\",\"contentUrl\":\"https:\/\/artisjet-printers.eu\/wp-content\/uploads\/2017\/12\/logoartisjet.jpg\",\"width\":217,\"height\":80,\"caption\":\"ArtisJet\"},\"image\":{\"@id\":\"https:\/\/artisjet-printers.eu\/#\/schema\/logo\/image\/\"}}]}<\/script>\n<!-- \/ Yoast SEO plugin. -->","yoast_head_json":{"title":"Sistema de tinta UV-LED | Artisjet Europe","robots":{"index":"index","follow":"follow","max-snippet":"max-snippet:-1","max-image-preview":"max-image-preview:large","max-video-preview":"max-video-preview:-1"},"canonical":"https:\/\/artisjet-printers.eu\/technology\/uv-led-ink-system\/","og_locale":"pt_PT","og_type":"article","og_title":"Sistema de tinta UV-LED | Artisjet Europe","og_url":"https:\/\/artisjet-printers.eu\/technology\/uv-led-ink-system\/","og_site_name":"Artisjet Europe","article_modified_time":"2026-03-19T06:38:22+00:00","og_image":[{"url":"https:\/\/www.artisjet.com\/images\/easyblog_articles\/90\/b2ap3_thumbnail_1.jpg"}],"twitter_card":"summary_large_image","twitter_misc":{"Tempo estimado de leitura":"8 minutos"},"schema":{"@context":"https:\/\/schema.org","@graph":[{"@type":"WebPage","@id":"https:\/\/artisjet-printers.eu\/technology\/uv-led-ink-system\/","url":"https:\/\/artisjet-printers.eu\/technology\/uv-led-ink-system\/","name":"Sistema de tinta UV-LED | Artisjet Europe","isPartOf":{"@id":"https:\/\/artisjet-printers.eu\/#website"},"datePublished":"2026-03-18T21:29:19+00:00","dateModified":"2026-03-19T06:38:22+00:00","breadcrumb":{"@id":"https:\/\/artisjet-printers.eu\/technology\/uv-led-ink-system\/#breadcrumb"},"inLanguage":"pt-PT","potentialAction":[{"@type":"ReadAction","target":["https:\/\/artisjet-printers.eu\/technology\/uv-led-ink-system\/"]}]},{"@type":"BreadcrumbList","@id":"https:\/\/artisjet-printers.eu\/technology\/uv-led-ink-system\/#breadcrumb","itemListElement":[{"@type":"ListItem","position":1,"name":"Home","item":"https:\/\/artisjet-printers.eu\/"},{"@type":"ListItem","position":2,"name":"Technologie d\u2019impression UV","item":"https:\/\/artisjet-printers.eu\/technology\/"},{"@type":"ListItem","position":3,"name":"Syst\u00e8me d\u2019encre UV-LED"}]},{"@type":"WebSite","@id":"https:\/\/artisjet-printers.eu\/#website","url":"https:\/\/artisjet-printers.eu\/","name":"Artisjet Europe","description":"Official distributor in Europe","publisher":{"@id":"https:\/\/artisjet-printers.eu\/#organization"},"potentialAction":[{"@type":"SearchAction","target":{"@type":"EntryPoint","urlTemplate":"https:\/\/artisjet-printers.eu\/?s={search_term_string}"},"query-input":"required name=search_term_string"}],"inLanguage":"pt-PT"},{"@type":"Organization","@id":"https:\/\/artisjet-printers.eu\/#organization","name":"ArtisJet","url":"https:\/\/artisjet-printers.eu\/","logo":{"@type":"ImageObject","inLanguage":"pt-PT","@id":"https:\/\/artisjet-printers.eu\/#\/schema\/logo\/image\/","url":"https:\/\/artisjet-printers.eu\/wp-content\/uploads\/2017\/12\/logoartisjet.jpg","contentUrl":"https:\/\/artisjet-printers.eu\/wp-content\/uploads\/2017\/12\/logoartisjet.jpg","width":217,"height":80,"caption":"ArtisJet"},"image":{"@id":"https:\/\/artisjet-printers.eu\/#\/schema\/logo\/image\/"}}]}},"_links":{"self":[{"href":"https:\/\/artisjet-printers.eu\/pt\/wp-json\/wp\/v2\/pages\/9030","targetHints":{"allow":["GET"]}}],"collection":[{"href":"https:\/\/artisjet-printers.eu\/pt\/wp-json\/wp\/v2\/pages"}],"about":[{"href":"https:\/\/artisjet-printers.eu\/pt\/wp-json\/wp\/v2\/types\/page"}],"author":[{"embeddable":true,"href":"https:\/\/artisjet-printers.eu\/pt\/wp-json\/wp\/v2\/users\/1"}],"replies":[{"embeddable":true,"href":"https:\/\/artisjet-printers.eu\/pt\/wp-json\/wp\/v2\/comments?post=9030"}],"version-history":[{"count":1,"href":"https:\/\/artisjet-printers.eu\/pt\/wp-json\/wp\/v2\/pages\/9030\/revisions"}],"predecessor-version":[{"id":9068,"href":"https:\/\/artisjet-printers.eu\/pt\/wp-json\/wp\/v2\/pages\/9030\/revisions\/9068"}],"up":[{"embeddable":true,"href":"https:\/\/artisjet-printers.eu\/pt\/wp-json\/wp\/v2\/pages\/9013"}],"wp:attachment":[{"href":"https:\/\/artisjet-printers.eu\/pt\/wp-json\/wp\/v2\/media?parent=9030"}],"curies":[{"name":"wp","href":"https:\/\/api.w.org\/{rel}","templated":true}]}}