{"id":9029,"date":"2026-03-18T21:29:19","date_gmt":"2026-03-18T21:29:19","guid":{"rendered":"https:\/\/artisjet-printers.eu\/dtg-textile-printing\/"},"modified":"2026-03-19T07:38:22","modified_gmt":"2026-03-19T06:38:22","slug":"dtg-textile-printing","status":"publish","type":"page","link":"https:\/\/artisjet-printers.eu\/pt\/technology\/dtg-textile-printing\/","title":{"rendered":"Impress\u00e3o DTG sobre t\u00eaxteis"},"content":{"rendered":"\n<div class=\"wp-block-group aj-article\"><div class=\"wp-block-group__inner-container is-layout-constrained wp-block-group-is-layout-constrained\">\n\n\n<h1 class=\"wp-block-heading\">O que \u00e9 a impress\u00e3o digital direta sobre tecidos (DTG)?<\/h1>\n\n\n\n<p>A <strong>impress\u00e3o direta sobre pe\u00e7as de vestu\u00e1rio<\/strong>, tamb\u00e9m conhecida como DTG (Direct to Garment), \u00e9 um processo de impress\u00e3o sobre t\u00eaxteis e pe\u00e7as que utiliza tecnologia de jacto de tinta especializada. Aplica diretamente tintas especiais sobre o tecido, que s\u00e3o absorvidas pelas fibras.<\/p>\n\n\n\n<figure class=\"wp-block-image size-large\"><img decoding=\"async\" src=\"https:\/\/www.artisjet.com\/images\/easyblog_articles\/202\/dtg-banner.jpg\" alt=\"artisJet DTG direct to garment printing banner\"\/><\/figure>\n\n\n\n<h2 class=\"wp-block-heading\">DTG vs. outros m\u00e9todos de impress\u00e3o em pe\u00e7as de vestu\u00e1rio<\/h2>\n\n\n\n<ul class=\"wp-block-list\">\n\n<li><strong>Sublima\u00e7\u00e3o<\/strong> \u2014 a imagem \u00e9 primeiro impressa em papel de transfer\u00eancia, depois aplicada ao tecido com calor e press\u00e3o. Limitada ao poliester.<\/li>\n\n\n<li><strong>Transfer\u00eancia t\u00e9rmica<\/strong> \u2014 combina calor e press\u00e3o para aplicar designs. Adequada para tiragens curtas, mas com limita\u00e7\u00f5es de durabilidade.<\/li>\n\n\n<li><strong>Serigrafia<\/strong> \u2014 empurra tinta atrav\u00e9s de uma malha. Excelente para grandes tiragens, mas complexa para designs personalizados ou tiragens curtas.<\/li>\n\n\n<li><strong>DTG digital<\/strong> \u2014 imprime diretamente sobre a pe\u00e7a como se fosse papel. Muito menos tempo e m\u00e3o de obra do que os m\u00e9todos tradicionais.<\/li>\n\n<\/ul>\n\n\n\n<h2 class=\"wp-block-heading\">Vantagens da impress\u00e3o DTG<\/h2>\n\n\n\n<div class=\"wp-block-columns is-layout-flex wp-container-core-columns-is-layout-9d6595d7 wp-block-columns-is-layout-flex\">\n\n<div class=\"wp-block-column is-layout-flow wp-block-column-is-layout-flow\">\n\n<figure class=\"wp-block-image size-medium\"><img decoding=\"async\" src=\"https:\/\/www.artisjet.com\/images\/easyblog_articles\/202\/b2ap3_thumbnail_img-1.jpg\" alt=\"DTG print on t-shirt example 1\"\/><\/figure>\n\n<\/div>\n\n\n<div class=\"wp-block-column is-layout-flow wp-block-column-is-layout-flow\">\n\n<figure class=\"wp-block-image size-medium\"><img decoding=\"async\" src=\"https:\/\/www.artisjet.com\/images\/easyblog_articles\/202\/b2ap3_thumbnail_img-2.jpg\" alt=\"DTG print on t-shirt example 2\"\/><\/figure>\n\n<\/div>\n\n<\/div>\n\n\n\n<ul class=\"wp-block-list\">\n\n<li>\u2705 A maioria das pe\u00e7as de cor pode ser impressa \u2014 canal de tinta branca para fundos escuros e transparentes.<\/li>\n\n\n<li>\u2705 Ampla gama de aplica\u00e7\u00f5es: t-shirts, bon\u00e9s, sweatshirts, meias, sacos, toalhas e muito mais.<\/li>\n\n\n<li>\u2705 Tintas \u00e0 base de \u00e1gua, <strong>n\u00e3o t\u00f3xicas e ecol\u00f3gicas<\/strong>, com excelente fixa\u00e7\u00e3o de cor, alta elasticidade e sem fissuras.<\/li>\n\n\n<li>\u2705 Ideal para tiragens curtas, prot\u00f3tipos e pe\u00e7as de vestu\u00e1rio personalizadas de alta gama.<\/li>\n\n\n<li>\u2705 Diversas <strong>pranchas de impress\u00e3o por encomenda<\/strong> para facilitar o processo \u2014 f\u00e1cil de imprimir a baixo custo sem limite m\u00ednimo de encomenda.<\/li>\n\n<\/ul>\n\n\n\n<h2 class=\"wp-block-heading\">O processo de impress\u00e3o DTG \u00e9 simples<\/h2>\n\n\n\n<ul class=\"wp-block-list\">\n\n<li><strong>1. Pr\u00e9-tratamento<\/strong> \u2014 prepara a pe\u00e7a para a impress\u00e3o.<\/li>\n\n\n<li><strong>2. Carregar a impressora<\/strong> \u2014 coloque a pe\u00e7a e prepare-se para imprimir.<\/li>\n\n\n<li><strong>3. Imprimir e vender<\/strong> \u2014 deixe a impressora fazer o seu trabalho, termine com prensa t\u00e9rmica e venda.<\/li>\n\n<\/ul>\n\n\n\n<h2 class=\"wp-block-heading\">Impressoras DTG artisJet recomendadas<\/h2>\n\n\n\n<div class=\"wp-block-columns is-layout-flex wp-container-core-columns-is-layout-9d6595d7 wp-block-columns-is-layout-flex\">\n\n<div class=\"wp-block-column is-layout-flow wp-block-column-is-layout-flow\">\n\n<figure class=\"wp-block-image size-medium\"><img decoding=\"async\" src=\"https:\/\/www.artisjet.com\/images\/easyblog_articles\/202\/b2ap3_thumbnail_3000T.jpg\" alt=\"artisJet artis 3000T DTG printer\"\/><\/figure>\n\n\n<p><strong>artis 3000T<\/strong> \u2014 formato B3, ideal para PME e personaliza\u00e7\u00e3o profissional.<\/p>\n\n<\/div>\n\n\n<div class=\"wp-block-column is-layout-flow wp-block-column-is-layout-flow\">\n\n<figure class=\"wp-block-image size-medium\"><img decoding=\"async\" src=\"https:\/\/www.artisjet.com\/images\/easyblog_articles\/202\/b2ap3_thumbnail_5000T.jpg\" alt=\"artisJet artis 5000T DTG printer\"\/><\/figure>\n\n\n<p><strong>artis 5000T<\/strong> \u2014 maior formato e velocidade para maior volume de produ\u00e7\u00e3o.<\/p>\n\n<\/div>\n\n<\/div>\n\n\n\n<div class=\"wp-block-group has-background\" style=\"background-color:#f5f5f5;padding-top:1.5rem;padding-right:1.5rem;padding-bottom:1.5rem;padding-left:1.5rem\"><div class=\"wp-block-group__inner-container is-layout-constrained wp-container-core-group-is-layout-1675ba18 wp-block-group-is-layout-constrained\">\n\n<p>Quer explorar a impress\u00e3o DTG para o seu neg\u00f3cio t\u00eaxtil? Solicite uma amostra ou demonstra\u00e7\u00e3o.<br\/><br\/>\ud83d\udcde <a href=\"tel:+351308800977\">+351 308 800 977<\/a> \u00b7 \ud83d\udce7 <a href=\"mailto:info@artisjet-printers.eu\">info@artisjet-printers.eu<\/a><\/p>\n\n\n<div class=\"wp-block-buttons is-layout-flex wp-block-buttons-is-layout-flex\">\n\n<div class=\"wp-block-button\"><a class=\"wp-block-button__link wp-element-button\" href=\"\/pt\/contact\/\">Solicitar amostra DTG<\/a><\/div>\n\n<\/div>\n\n<\/div><\/div>\n\n\n<\/div><\/div>\n","protected":false},"excerpt":{"rendered":"<p>O que \u00e9 a impress\u00e3o digital direta sobre tecidos (DTG)? A impress\u00e3o direta sobre pe\u00e7as de vestu\u00e1rio, tamb\u00e9m conhecida como DTG (Direct to Garment), \u00e9 um processo de impress\u00e3o sobre t\u00eaxteis e pe\u00e7as que utiliza tecnologia de jacto de tinta<\/p>\n","protected":false},"author":1,"featured_media":0,"parent":9013,"menu_order":0,"comment_status":"closed","ping_status":"closed","template":"","meta":{"ngg_post_thumbnail":0,"footnotes":""},"class_list":["post-9029","page","type-page","status-publish","hentry"],"translation":{"provider":"WPGlobus","version":"2.12.2","language":"pt","enabled_languages":["fr","de","pt","en"],"languages":{"fr":{"title":true,"content":true,"excerpt":false},"de":{"title":true,"content":true,"excerpt":false},"pt":{"title":true,"content":true,"excerpt":false},"en":{"title":true,"content":true,"excerpt":false}}},"yoast_head":"<!-- This site is optimized with the Yoast SEO plugin v22.0 - https:\/\/yoast.com\/wordpress\/plugins\/seo\/ -->\n<title>Impress\u00e3o DTG sobre t\u00eaxteis | Artisjet Europe<\/title>\n<meta name=\"robots\" content=\"index, follow, max-snippet:-1, max-image-preview:large, max-video-preview:-1\" \/>\n<link rel=\"canonical\" href=\"https:\/\/artisjet-printers.eu\/technology\/dtg-textile-printing\/\" \/>\n<meta property=\"og:locale\" content=\"pt_PT\" \/>\n<meta property=\"og:type\" content=\"article\" \/>\n<meta property=\"og:title\" content=\"Impress\u00e3o DTG sobre t\u00eaxteis | Artisjet Europe\" \/>\n<meta property=\"og:url\" content=\"https:\/\/artisjet-printers.eu\/technology\/dtg-textile-printing\/\" \/>\n<meta property=\"og:site_name\" content=\"Artisjet Europe\" \/>\n<meta property=\"article:modified_time\" content=\"2026-03-19T06:38:22+00:00\" \/>\n<meta property=\"og:image\" content=\"https:\/\/www.artisjet.com\/images\/easyblog_articles\/202\/dtg-banner.jpg\" \/>\n<meta name=\"twitter:card\" content=\"summary_large_image\" \/>\n<meta name=\"twitter:label1\" content=\"Tempo estimado de leitura\" \/>\n\t<meta name=\"twitter:data1\" content=\"7 minutos\" \/>\n<script type=\"application\/ld+json\" class=\"yoast-schema-graph\">{\"@context\":\"https:\/\/schema.org\",\"@graph\":[{\"@type\":\"WebPage\",\"@id\":\"https:\/\/artisjet-printers.eu\/technology\/dtg-textile-printing\/\",\"url\":\"https:\/\/artisjet-printers.eu\/technology\/dtg-textile-printing\/\",\"name\":\"Impress\u00e3o DTG sobre t\u00eaxteis | Artisjet Europe\",\"isPartOf\":{\"@id\":\"https:\/\/artisjet-printers.eu\/#website\"},\"datePublished\":\"2026-03-18T21:29:19+00:00\",\"dateModified\":\"2026-03-19T06:38:22+00:00\",\"breadcrumb\":{\"@id\":\"https:\/\/artisjet-printers.eu\/technology\/dtg-textile-printing\/#breadcrumb\"},\"inLanguage\":\"pt-PT\",\"potentialAction\":[{\"@type\":\"ReadAction\",\"target\":[\"https:\/\/artisjet-printers.eu\/technology\/dtg-textile-printing\/\"]}]},{\"@type\":\"BreadcrumbList\",\"@id\":\"https:\/\/artisjet-printers.eu\/technology\/dtg-textile-printing\/#breadcrumb\",\"itemListElement\":[{\"@type\":\"ListItem\",\"position\":1,\"name\":\"Home\",\"item\":\"https:\/\/artisjet-printers.eu\/\"},{\"@type\":\"ListItem\",\"position\":2,\"name\":\"Technologie d\u2019impression UV\",\"item\":\"https:\/\/artisjet-printers.eu\/technology\/\"},{\"@type\":\"ListItem\",\"position\":3,\"name\":\"Impression DTG sur textiles\"}]},{\"@type\":\"WebSite\",\"@id\":\"https:\/\/artisjet-printers.eu\/#website\",\"url\":\"https:\/\/artisjet-printers.eu\/\",\"name\":\"Artisjet Europe\",\"description\":\"Official distributor in Europe\",\"publisher\":{\"@id\":\"https:\/\/artisjet-printers.eu\/#organization\"},\"potentialAction\":[{\"@type\":\"SearchAction\",\"target\":{\"@type\":\"EntryPoint\",\"urlTemplate\":\"https:\/\/artisjet-printers.eu\/?s={search_term_string}\"},\"query-input\":\"required name=search_term_string\"}],\"inLanguage\":\"pt-PT\"},{\"@type\":\"Organization\",\"@id\":\"https:\/\/artisjet-printers.eu\/#organization\",\"name\":\"ArtisJet\",\"url\":\"https:\/\/artisjet-printers.eu\/\",\"logo\":{\"@type\":\"ImageObject\",\"inLanguage\":\"pt-PT\",\"@id\":\"https:\/\/artisjet-printers.eu\/#\/schema\/logo\/image\/\",\"url\":\"https:\/\/artisjet-printers.eu\/wp-content\/uploads\/2017\/12\/logoartisjet.jpg\",\"contentUrl\":\"https:\/\/artisjet-printers.eu\/wp-content\/uploads\/2017\/12\/logoartisjet.jpg\",\"width\":217,\"height\":80,\"caption\":\"ArtisJet\"},\"image\":{\"@id\":\"https:\/\/artisjet-printers.eu\/#\/schema\/logo\/image\/\"}}]}<\/script>\n<!-- \/ Yoast SEO plugin. -->","yoast_head_json":{"title":"Impress\u00e3o DTG sobre t\u00eaxteis | Artisjet Europe","robots":{"index":"index","follow":"follow","max-snippet":"max-snippet:-1","max-image-preview":"max-image-preview:large","max-video-preview":"max-video-preview:-1"},"canonical":"https:\/\/artisjet-printers.eu\/technology\/dtg-textile-printing\/","og_locale":"pt_PT","og_type":"article","og_title":"Impress\u00e3o DTG sobre t\u00eaxteis | Artisjet Europe","og_url":"https:\/\/artisjet-printers.eu\/technology\/dtg-textile-printing\/","og_site_name":"Artisjet Europe","article_modified_time":"2026-03-19T06:38:22+00:00","og_image":[{"url":"https:\/\/www.artisjet.com\/images\/easyblog_articles\/202\/dtg-banner.jpg"}],"twitter_card":"summary_large_image","twitter_misc":{"Tempo estimado de leitura":"7 minutos"},"schema":{"@context":"https:\/\/schema.org","@graph":[{"@type":"WebPage","@id":"https:\/\/artisjet-printers.eu\/technology\/dtg-textile-printing\/","url":"https:\/\/artisjet-printers.eu\/technology\/dtg-textile-printing\/","name":"Impress\u00e3o DTG sobre t\u00eaxteis | Artisjet Europe","isPartOf":{"@id":"https:\/\/artisjet-printers.eu\/#website"},"datePublished":"2026-03-18T21:29:19+00:00","dateModified":"2026-03-19T06:38:22+00:00","breadcrumb":{"@id":"https:\/\/artisjet-printers.eu\/technology\/dtg-textile-printing\/#breadcrumb"},"inLanguage":"pt-PT","potentialAction":[{"@type":"ReadAction","target":["https:\/\/artisjet-printers.eu\/technology\/dtg-textile-printing\/"]}]},{"@type":"BreadcrumbList","@id":"https:\/\/artisjet-printers.eu\/technology\/dtg-textile-printing\/#breadcrumb","itemListElement":[{"@type":"ListItem","position":1,"name":"Home","item":"https:\/\/artisjet-printers.eu\/"},{"@type":"ListItem","position":2,"name":"Technologie d\u2019impression UV","item":"https:\/\/artisjet-printers.eu\/technology\/"},{"@type":"ListItem","position":3,"name":"Impression DTG sur textiles"}]},{"@type":"WebSite","@id":"https:\/\/artisjet-printers.eu\/#website","url":"https:\/\/artisjet-printers.eu\/","name":"Artisjet Europe","description":"Official distributor in Europe","publisher":{"@id":"https:\/\/artisjet-printers.eu\/#organization"},"potentialAction":[{"@type":"SearchAction","target":{"@type":"EntryPoint","urlTemplate":"https:\/\/artisjet-printers.eu\/?s={search_term_string}"},"query-input":"required name=search_term_string"}],"inLanguage":"pt-PT"},{"@type":"Organization","@id":"https:\/\/artisjet-printers.eu\/#organization","name":"ArtisJet","url":"https:\/\/artisjet-printers.eu\/","logo":{"@type":"ImageObject","inLanguage":"pt-PT","@id":"https:\/\/artisjet-printers.eu\/#\/schema\/logo\/image\/","url":"https:\/\/artisjet-printers.eu\/wp-content\/uploads\/2017\/12\/logoartisjet.jpg","contentUrl":"https:\/\/artisjet-printers.eu\/wp-content\/uploads\/2017\/12\/logoartisjet.jpg","width":217,"height":80,"caption":"ArtisJet"},"image":{"@id":"https:\/\/artisjet-printers.eu\/#\/schema\/logo\/image\/"}}]}},"_links":{"self":[{"href":"https:\/\/artisjet-printers.eu\/pt\/wp-json\/wp\/v2\/pages\/9029","targetHints":{"allow":["GET"]}}],"collection":[{"href":"https:\/\/artisjet-printers.eu\/pt\/wp-json\/wp\/v2\/pages"}],"about":[{"href":"https:\/\/artisjet-printers.eu\/pt\/wp-json\/wp\/v2\/types\/page"}],"author":[{"embeddable":true,"href":"https:\/\/artisjet-printers.eu\/pt\/wp-json\/wp\/v2\/users\/1"}],"replies":[{"embeddable":true,"href":"https:\/\/artisjet-printers.eu\/pt\/wp-json\/wp\/v2\/comments?post=9029"}],"version-history":[{"count":1,"href":"https:\/\/artisjet-printers.eu\/pt\/wp-json\/wp\/v2\/pages\/9029\/revisions"}],"predecessor-version":[{"id":9092,"href":"https:\/\/artisjet-printers.eu\/pt\/wp-json\/wp\/v2\/pages\/9029\/revisions\/9092"}],"up":[{"embeddable":true,"href":"https:\/\/artisjet-printers.eu\/pt\/wp-json\/wp\/v2\/pages\/9013"}],"wp:attachment":[{"href":"https:\/\/artisjet-printers.eu\/pt\/wp-json\/wp\/v2\/media?parent=9029"}],"curies":[{"name":"wp","href":"https:\/\/api.w.org\/{rel}","templated":true}]}}