{"id":9028,"date":"2026-03-18T21:29:19","date_gmt":"2026-03-18T21:29:19","guid":{"rendered":"https:\/\/artisjet-printers.eu\/uv-printing-plastics\/"},"modified":"2026-03-19T07:38:21","modified_gmt":"2026-03-19T06:38:21","slug":"uv-printing-plastics","status":"publish","type":"page","link":"https:\/\/artisjet-printers.eu\/pt\/technology\/uv-printing-plastics\/","title":{"rendered":"Impress\u00e3o UV sobre pl\u00e1sticos"},"content":{"rendered":"\n<div class=\"wp-block-group aj-article\"><div class=\"wp-block-group__inner-container is-layout-constrained wp-block-group-is-layout-constrained\">\n\n\n<h1 class=\"wp-block-heading\">Problemas comuns na impress\u00e3o UV-LED direta sobre pl\u00e1sticos \u2014 e como a artisJet os resolve<\/h1>\n\n\n\n<p>O que diferencia uma impressora UV-LED de outras tecnologias de impress\u00e3o \u00e9 a tecnologia de cura UV. A impress\u00e3o UV-LED \u00e9 uma t\u00e9cnica de jacto de tinta sem impacto que cura ou seca instantaneamente as got\u00edculas de tinta diretamente sobre o substrato imprim\u00edvel. \u00c9 surpreendente o que uma \u00fanica impressora UV-LED pode produzir.<\/p>\n\n\n\n<h2 class=\"wp-block-heading\">Quais s\u00e3o os problemas comuns na impress\u00e3o UV-LED sobre pl\u00e1sticos?<\/h2>\n\n\n\n<h3 class=\"wp-block-heading\">1. Tintas volantes que mancham os materiais<\/h3>\n\n\n\n<p>Todas as impressoras digitais distribuem cores mediante tecnologia piezoel\u00e9trica. No entanto, algumas got\u00edculas de tinta podem espirrar aleatoriamente devido ao ar enquanto a impressora est\u00e1 em funcionamento. Isto cria p\u00f3 e suja o sistema de tinta e a cabe\u00e7a de impress\u00e3o, reduzindo a sua vida \u00fatil.<\/p>\n\n\n\n<h3 class=\"wp-block-heading\">2. Eletricidade est\u00e1tica dos materiais que provoca sobreimpress\u00e3o<\/h3>\n\n\n\n<p>A carga eletrost\u00e1tica da superf\u00edcie \u00e9 tamb\u00e9m causa de muitos defeitos de impress\u00e3o comuns. A eletricidade est\u00e1tica, gerada por pl\u00e1sticos, papel, vidro, cer\u00e2mica e outros materiais n\u00e3o condutores, interfere com a dire\u00e7\u00e3o da tinta durante a impress\u00e3o, desviando as part\u00edculas de tinta das suas trajet\u00f3rias previstas e causando defeitos como a sobreimpress\u00e3o.<\/p>\n\n\n\n<h2 class=\"wp-block-heading\">Como a artisJet o resolve?<\/h2>\n\n\n\n<h3 class=\"wp-block-heading\">Sistema de filtragem para absorver as got\u00edculas flutuantes<\/h3>\n\n\n\n<div class=\"wp-block-columns is-layout-flex wp-container-core-columns-is-layout-9d6595d7 wp-block-columns-is-layout-flex\">\n\n<div class=\"wp-block-column is-layout-flow wp-block-column-is-layout-flow\">\n\n<figure class=\"wp-block-image size-medium\"><img decoding=\"async\" src=\"https:\/\/www.artisjet.com\/images\/easyblog_articles\/219\/air-filtering-system-front-view.jpg\" alt=\"artisJet air filtering system front\"\/><\/figure>\n\n<\/div>\n\n\n<div class=\"wp-block-column is-layout-flow wp-block-column-is-layout-flow\">\n\n<figure class=\"wp-block-image size-medium\"><img decoding=\"async\" src=\"https:\/\/www.artisjet.com\/images\/easyblog_articles\/219\/air-filtering-system-back-view.jpg\" alt=\"artisJet air filtering system back\"\/><\/figure>\n\n<\/div>\n\n<\/div>\n\n\n\n<p>As impressoras digitais UV-LED da artisJet est\u00e3o equipadas com um <strong>sistema de filtragem profissional<\/strong> perto do carro (a cerca de 7\u00a0cm), minimizando o p\u00f3 gerado pelas tintas. Isto resulta numa maior vida \u00fatil de todo o sistema de tinta e em impress\u00f5es limpas e claras.<\/p>\n\n\n\n<h3 class=\"wp-block-heading\">Sistema antiest\u00e1tico para neutralizar a eletricidade dos materiais<\/h3>\n\n\n\n<figure class=\"wp-block-image size-medium\"><img decoding=\"async\" src=\"https:\/\/www.artisjet.com\/images\/easyblog_articles\/219\/electrostatic-rod.jpg\" alt=\"artisJet anti-static bar\"\/><\/figure>\n\n\n\n<p>As <strong>barras eletrost\u00e1ticas artisJet<\/strong>, instaladas na porta de carregamento de materiais 2\u00a0cm antes do in\u00edcio da impress\u00e3o, podem produzir uma grande quantidade de cargas de massa de ar positivas e negativas que neutralizam a eletricidade da superf\u00edcie do objeto. Quando a superf\u00edcie do objeto est\u00e1 carregada negativamente, atrai a carga positiva na \u00e1rea de radia\u00e7\u00e3o, e vice-versa, neutralizando assim a eletricidade est\u00e1tica da superf\u00edcie.<\/p>\n\n\n\n<h2 class=\"wp-block-heading\">Benef\u00edcios combinados<\/h2>\n\n\n\n<ul class=\"wp-block-list\">\n\n<li>\u2705 Maior vida \u00fatil do sistema de tinta completo<\/li>\n\n\n<li>\u2705 Impress\u00f5es limpas e claras sem manchas nem sobreimpress\u00e3o<\/li>\n\n\n<li>\u2705 100% de dire\u00e7\u00e3o de got\u00edculas de tinta garantida<\/li>\n\n\n<li>\u2705 Sem emiss\u00f5es de oz\u00f3nio nem res\u00edduos perigosos \u2014 seguro para lojas, quiosques e espa\u00e7os p\u00fablicos<\/li>\n\n\n<li>\u2705 Compat\u00edvel com pl\u00e1stico, metacrilato, vidro, alum\u00ednio, PVC, cer\u00e2mica e muito mais<\/li>\n\n<\/ul>\n\n\n\n<div class=\"wp-block-group has-background\" style=\"background-color:#f5f5f5;padding-top:1.5rem;padding-right:1.5rem;padding-bottom:1.5rem;padding-left:1.5rem\"><div class=\"wp-block-group__inner-container is-layout-constrained wp-container-core-group-is-layout-1675ba18 wp-block-group-is-layout-constrained\">\n\n<p>Tem problemas com a impress\u00e3o sobre pl\u00e1sticos ou outros materiais? A nossa equipa t\u00e9cnica na Europa pode ajud\u00e1-lo.<br\/><br\/>\ud83d\udcde <a href=\"tel:+351308800977\">+351 308 800 977<\/a> \u00b7 \ud83d\udce7 <a href=\"mailto:info@artisjet-printers.eu\">info@artisjet-printers.eu<\/a><\/p>\n\n\n<div class=\"wp-block-buttons is-layout-flex wp-block-buttons-is-layout-flex\">\n\n<div class=\"wp-block-button\"><a class=\"wp-block-button__link wp-element-button\" href=\"\/pt\/contact\/\">Falar com o suporte t\u00e9cnico<\/a><\/div>\n\n<\/div>\n\n<\/div><\/div>\n\n\n<\/div><\/div>\n","protected":false},"excerpt":{"rendered":"<p>Problemas comuns na impress\u00e3o UV-LED direta sobre pl\u00e1sticos \u2014 e como a artisJet os resolve O que diferencia uma impressora UV-LED de outras tecnologias de impress\u00e3o \u00e9 a tecnologia de cura UV. A impress\u00e3o UV-LED \u00e9 uma t\u00e9cnica de jacto<\/p>\n","protected":false},"author":1,"featured_media":0,"parent":9013,"menu_order":0,"comment_status":"closed","ping_status":"closed","template":"","meta":{"ngg_post_thumbnail":0,"footnotes":""},"class_list":["post-9028","page","type-page","status-publish","hentry"],"translation":{"provider":"WPGlobus","version":"2.12.2","language":"pt","enabled_languages":["fr","de","pt","en"],"languages":{"fr":{"title":true,"content":true,"excerpt":false},"de":{"title":true,"content":true,"excerpt":false},"pt":{"title":true,"content":true,"excerpt":false},"en":{"title":true,"content":true,"excerpt":false}}},"yoast_head":"<!-- This site is optimized with the Yoast SEO plugin v22.0 - https:\/\/yoast.com\/wordpress\/plugins\/seo\/ -->\n<title>Impress\u00e3o UV sobre pl\u00e1sticos | Artisjet Europe<\/title>\n<meta name=\"robots\" content=\"index, follow, max-snippet:-1, max-image-preview:large, max-video-preview:-1\" \/>\n<link rel=\"canonical\" href=\"https:\/\/artisjet-printers.eu\/technology\/uv-printing-plastics\/\" \/>\n<meta property=\"og:locale\" content=\"pt_PT\" \/>\n<meta property=\"og:type\" content=\"article\" \/>\n<meta property=\"og:title\" content=\"Impress\u00e3o UV sobre pl\u00e1sticos | Artisjet Europe\" \/>\n<meta property=\"og:url\" content=\"https:\/\/artisjet-printers.eu\/technology\/uv-printing-plastics\/\" \/>\n<meta property=\"og:site_name\" content=\"Artisjet Europe\" \/>\n<meta property=\"article:modified_time\" content=\"2026-03-19T06:38:21+00:00\" \/>\n<meta property=\"og:image\" content=\"https:\/\/www.artisjet.com\/images\/easyblog_articles\/219\/air-filtering-system-front-view.jpg\" \/>\n<meta name=\"twitter:card\" content=\"summary_large_image\" \/>\n<meta name=\"twitter:label1\" content=\"Tempo estimado de leitura\" \/>\n\t<meta name=\"twitter:data1\" content=\"8 minutos\" \/>\n<script type=\"application\/ld+json\" class=\"yoast-schema-graph\">{\"@context\":\"https:\/\/schema.org\",\"@graph\":[{\"@type\":\"WebPage\",\"@id\":\"https:\/\/artisjet-printers.eu\/technology\/uv-printing-plastics\/\",\"url\":\"https:\/\/artisjet-printers.eu\/technology\/uv-printing-plastics\/\",\"name\":\"Impress\u00e3o UV sobre pl\u00e1sticos | Artisjet Europe\",\"isPartOf\":{\"@id\":\"https:\/\/artisjet-printers.eu\/#website\"},\"datePublished\":\"2026-03-18T21:29:19+00:00\",\"dateModified\":\"2026-03-19T06:38:21+00:00\",\"breadcrumb\":{\"@id\":\"https:\/\/artisjet-printers.eu\/technology\/uv-printing-plastics\/#breadcrumb\"},\"inLanguage\":\"pt-PT\",\"potentialAction\":[{\"@type\":\"ReadAction\",\"target\":[\"https:\/\/artisjet-printers.eu\/technology\/uv-printing-plastics\/\"]}]},{\"@type\":\"BreadcrumbList\",\"@id\":\"https:\/\/artisjet-printers.eu\/technology\/uv-printing-plastics\/#breadcrumb\",\"itemListElement\":[{\"@type\":\"ListItem\",\"position\":1,\"name\":\"Home\",\"item\":\"https:\/\/artisjet-printers.eu\/\"},{\"@type\":\"ListItem\",\"position\":2,\"name\":\"Technologie d\u2019impression UV\",\"item\":\"https:\/\/artisjet-printers.eu\/technology\/\"},{\"@type\":\"ListItem\",\"position\":3,\"name\":\"Impression UV sur plastiques\"}]},{\"@type\":\"WebSite\",\"@id\":\"https:\/\/artisjet-printers.eu\/#website\",\"url\":\"https:\/\/artisjet-printers.eu\/\",\"name\":\"Artisjet Europe\",\"description\":\"Official distributor in Europe\",\"publisher\":{\"@id\":\"https:\/\/artisjet-printers.eu\/#organization\"},\"potentialAction\":[{\"@type\":\"SearchAction\",\"target\":{\"@type\":\"EntryPoint\",\"urlTemplate\":\"https:\/\/artisjet-printers.eu\/?s={search_term_string}\"},\"query-input\":\"required name=search_term_string\"}],\"inLanguage\":\"pt-PT\"},{\"@type\":\"Organization\",\"@id\":\"https:\/\/artisjet-printers.eu\/#organization\",\"name\":\"ArtisJet\",\"url\":\"https:\/\/artisjet-printers.eu\/\",\"logo\":{\"@type\":\"ImageObject\",\"inLanguage\":\"pt-PT\",\"@id\":\"https:\/\/artisjet-printers.eu\/#\/schema\/logo\/image\/\",\"url\":\"https:\/\/artisjet-printers.eu\/wp-content\/uploads\/2017\/12\/logoartisjet.jpg\",\"contentUrl\":\"https:\/\/artisjet-printers.eu\/wp-content\/uploads\/2017\/12\/logoartisjet.jpg\",\"width\":217,\"height\":80,\"caption\":\"ArtisJet\"},\"image\":{\"@id\":\"https:\/\/artisjet-printers.eu\/#\/schema\/logo\/image\/\"}}]}<\/script>\n<!-- \/ Yoast SEO plugin. -->","yoast_head_json":{"title":"Impress\u00e3o UV sobre pl\u00e1sticos | Artisjet Europe","robots":{"index":"index","follow":"follow","max-snippet":"max-snippet:-1","max-image-preview":"max-image-preview:large","max-video-preview":"max-video-preview:-1"},"canonical":"https:\/\/artisjet-printers.eu\/technology\/uv-printing-plastics\/","og_locale":"pt_PT","og_type":"article","og_title":"Impress\u00e3o UV sobre pl\u00e1sticos | Artisjet Europe","og_url":"https:\/\/artisjet-printers.eu\/technology\/uv-printing-plastics\/","og_site_name":"Artisjet Europe","article_modified_time":"2026-03-19T06:38:21+00:00","og_image":[{"url":"https:\/\/www.artisjet.com\/images\/easyblog_articles\/219\/air-filtering-system-front-view.jpg"}],"twitter_card":"summary_large_image","twitter_misc":{"Tempo estimado de leitura":"8 minutos"},"schema":{"@context":"https:\/\/schema.org","@graph":[{"@type":"WebPage","@id":"https:\/\/artisjet-printers.eu\/technology\/uv-printing-plastics\/","url":"https:\/\/artisjet-printers.eu\/technology\/uv-printing-plastics\/","name":"Impress\u00e3o UV sobre pl\u00e1sticos | Artisjet Europe","isPartOf":{"@id":"https:\/\/artisjet-printers.eu\/#website"},"datePublished":"2026-03-18T21:29:19+00:00","dateModified":"2026-03-19T06:38:21+00:00","breadcrumb":{"@id":"https:\/\/artisjet-printers.eu\/technology\/uv-printing-plastics\/#breadcrumb"},"inLanguage":"pt-PT","potentialAction":[{"@type":"ReadAction","target":["https:\/\/artisjet-printers.eu\/technology\/uv-printing-plastics\/"]}]},{"@type":"BreadcrumbList","@id":"https:\/\/artisjet-printers.eu\/technology\/uv-printing-plastics\/#breadcrumb","itemListElement":[{"@type":"ListItem","position":1,"name":"Home","item":"https:\/\/artisjet-printers.eu\/"},{"@type":"ListItem","position":2,"name":"Technologie d\u2019impression UV","item":"https:\/\/artisjet-printers.eu\/technology\/"},{"@type":"ListItem","position":3,"name":"Impression UV sur plastiques"}]},{"@type":"WebSite","@id":"https:\/\/artisjet-printers.eu\/#website","url":"https:\/\/artisjet-printers.eu\/","name":"Artisjet Europe","description":"Official distributor in Europe","publisher":{"@id":"https:\/\/artisjet-printers.eu\/#organization"},"potentialAction":[{"@type":"SearchAction","target":{"@type":"EntryPoint","urlTemplate":"https:\/\/artisjet-printers.eu\/?s={search_term_string}"},"query-input":"required name=search_term_string"}],"inLanguage":"pt-PT"},{"@type":"Organization","@id":"https:\/\/artisjet-printers.eu\/#organization","name":"ArtisJet","url":"https:\/\/artisjet-printers.eu\/","logo":{"@type":"ImageObject","inLanguage":"pt-PT","@id":"https:\/\/artisjet-printers.eu\/#\/schema\/logo\/image\/","url":"https:\/\/artisjet-printers.eu\/wp-content\/uploads\/2017\/12\/logoartisjet.jpg","contentUrl":"https:\/\/artisjet-printers.eu\/wp-content\/uploads\/2017\/12\/logoartisjet.jpg","width":217,"height":80,"caption":"ArtisJet"},"image":{"@id":"https:\/\/artisjet-printers.eu\/#\/schema\/logo\/image\/"}}]}},"_links":{"self":[{"href":"https:\/\/artisjet-printers.eu\/pt\/wp-json\/wp\/v2\/pages\/9028","targetHints":{"allow":["GET"]}}],"collection":[{"href":"https:\/\/artisjet-printers.eu\/pt\/wp-json\/wp\/v2\/pages"}],"about":[{"href":"https:\/\/artisjet-printers.eu\/pt\/wp-json\/wp\/v2\/types\/page"}],"author":[{"embeddable":true,"href":"https:\/\/artisjet-printers.eu\/pt\/wp-json\/wp\/v2\/users\/1"}],"replies":[{"embeddable":true,"href":"https:\/\/artisjet-printers.eu\/pt\/wp-json\/wp\/v2\/comments?post=9028"}],"version-history":[{"count":1,"href":"https:\/\/artisjet-printers.eu\/pt\/wp-json\/wp\/v2\/pages\/9028\/revisions"}],"predecessor-version":[{"id":9062,"href":"https:\/\/artisjet-printers.eu\/pt\/wp-json\/wp\/v2\/pages\/9028\/revisions\/9062"}],"up":[{"embeddable":true,"href":"https:\/\/artisjet-printers.eu\/pt\/wp-json\/wp\/v2\/pages\/9013"}],"wp:attachment":[{"href":"https:\/\/artisjet-printers.eu\/pt\/wp-json\/wp\/v2\/media?parent=9028"}],"curies":[{"name":"wp","href":"https:\/\/api.w.org\/{rel}","templated":true}]}}