{"id":9027,"date":"2026-03-18T21:29:19","date_gmt":"2026-03-18T21:29:19","guid":{"rendered":"https:\/\/artisjet-printers.eu\/braille-ada-printing\/"},"modified":"2026-03-19T07:38:19","modified_gmt":"2026-03-19T06:38:19","slug":"braille-ada-printing","status":"publish","type":"page","link":"https:\/\/artisjet-printers.eu\/pt\/technology\/braille-ada-printing\/","title":{"rendered":"Impress\u00e3o Braille ADA"},"content":{"rendered":"\n<div class=\"wp-block-group aj-article\"><div class=\"wp-block-group__inner-container is-layout-constrained wp-block-group-is-layout-constrained\">\n\n\n<h1 class=\"wp-block-heading\">Imprima Braille ADA de forma mais eficiente e simples<\/h1>\n\n\n\n<p>A impress\u00e3o Braille padr\u00e3o n\u00e3o tem de ser um processo frustrante e complexo. Com as impressoras de jacto de tinta digital da artisJet, com apenas alguns cliques obt\u00e9m impress\u00e3o Braille conforme \u00e0 norma ADA numa variedade ilimitada de materiais.<\/p>\n\n\n\n<figure class=\"wp-block-image size-large\"><img decoding=\"async\" src=\"https:\/\/www.artisjet.com\/images\/easyblog_articles\/239\/braille-printing-highlights-banner.jpg\" alt=\"artisJet ADA Braille printing highlights\"\/><\/figure>\n\n\n\n<h2 class=\"wp-block-heading\">A tecnologia<\/h2>\n\n\n\n<h3 class=\"wp-block-heading\">Modo Braille dedicado \u2014 Opera\u00e7\u00e3o simplificada com um clique<\/h3>\n\n\n\n<div class=\"wp-block-columns is-layout-flex wp-container-core-columns-is-layout-9d6595d7 wp-block-columns-is-layout-flex\">\n\n<div class=\"wp-block-column is-layout-flow wp-block-column-is-layout-flow\">\n\n<figure class=\"wp-block-image size-medium\"><img decoding=\"async\" src=\"https:\/\/www.artisjet.com\/images\/easyblog_articles\/239\/dedicated-braille-mode.png\" alt=\"Dedicated Braille mode artisJet Workstation\"\/><\/figure>\n\n<\/div>\n\n\n<div class=\"wp-block-column is-layout-flow wp-block-column-is-layout-flow\">\n\n<p>Para imprimir Braille padr\u00e3o ADA, selecione simplesmente o modo Braille integrado. Toda a configura\u00e7\u00e3o de forma e tamanho dos pontos est\u00e1 pr\u00e9-programada para seguir estritamente as normas oficiais. Se for tamb\u00e9m necess\u00e1rio um efeito de relevo normal, est\u00e3o dispon\u00edveis tr\u00eas predefinies de espessura.<\/p>\n\n<\/div>\n\n<\/div>\n\n\n\n<div class=\"wp-block-columns is-layout-flex wp-container-core-columns-is-layout-9d6595d7 wp-block-columns-is-layout-flex\">\n\n<div class=\"wp-block-column is-layout-flow wp-block-column-is-layout-flow\">\n\n<figure class=\"wp-block-image size-medium\"><img decoding=\"async\" src=\"https:\/\/www.artisjet.com\/images\/easyblog_articles\/239\/printing-set-braille.jpg\" alt=\"Braille print settings artisJet\"\/><\/figure>\n\n<\/div>\n\n\n<div class=\"wp-block-column is-layout-flow wp-block-column-is-layout-flow\">\n\n<figure class=\"wp-block-image size-medium\"><img decoding=\"async\" src=\"https:\/\/www.artisjet.com\/images\/easyblog_articles\/239\/braille-varnish-dots.jpg\" alt=\"Braille varnish dots artisJet\"\/><\/figure>\n\n<\/div>\n\n<\/div>\n\n\n\n<h3 class=\"wp-block-heading\">Impress\u00e3o cont\u00ednua \u2014 Minimizando o custo de m\u00e3o de obra<\/h3>\n\n\n\n<div class=\"wp-block-columns is-layout-flex wp-container-core-columns-is-layout-9d6595d7 wp-block-columns-is-layout-flex\">\n\n<div class=\"wp-block-column is-layout-flow wp-block-column-is-layout-flow\">\n\n<figure class=\"wp-block-image size-medium\"><img decoding=\"async\" src=\"https:\/\/www.artisjet.com\/images\/easyblog_articles\/239\/continuous-printing.png\" alt=\"Continuous Braille printing artisJet\"\/><\/figure>\n\n<\/div>\n\n\n<div class=\"wp-block-column is-layout-flow wp-block-column-is-layout-flow\">\n\n<p>A artisJet Workstation pode combinar m\u00faltiplas tarefas para o mesmo trabalho: (1) impress\u00e3o a cores, (2) efeito de relevo e (3) Braille, configuradas para prosseguir automaticamente uma ap\u00f3s a outra sem necessidade de opera\u00e7\u00e3o manual entre elas.<\/p>\n\n<\/div>\n\n<\/div>\n\n\n\n<div class=\"wp-block-columns is-layout-flex wp-container-core-columns-is-layout-9d6595d7 wp-block-columns-is-layout-flex\">\n\n<div class=\"wp-block-column is-layout-flow wp-block-column-is-layout-flow\">\n\n<figure class=\"wp-block-image size-medium\"><img decoding=\"async\" src=\"https:\/\/www.artisjet.com\/images\/easyblog_articles\/239\/ACS-command-system.jpg\" alt=\"ACS command system artisJet\"\/><\/figure>\n\n<\/div>\n\n\n<div class=\"wp-block-column is-layout-flow wp-block-column-is-layout-flow\">\n\n<figure class=\"wp-block-image size-medium\"><img decoding=\"async\" src=\"https:\/\/www.artisjet.com\/images\/easyblog_articles\/239\/embossed-and-braille.jpg\" alt=\"Embossed and Braille result artisJet\"\/><\/figure>\n\n<\/div>\n\n<\/div>\n\n\n\n<h3 class=\"wp-block-heading\">Impress\u00e3o numa \u00fanica passagem \u2014 Menos tarefas, menos tempo<\/h3>\n\n\n\n<figure class=\"wp-block-image size-medium\"><img decoding=\"async\" src=\"https:\/\/www.artisjet.com\/images\/easyblog_articles\/239\/print-in-one-pass.png\" alt=\"Single-pass Braille printing artisJet\"\/><\/figure>\n\n\n\n<p>As impressoras artisJet aplicam a impress\u00e3o Braille numa \u00fanica passagem, eliminando o tempo perdido causado por processos de m\u00faltiplas etapas.<\/p>\n\n\n\n<h2 class=\"wp-block-heading\">Os resultados<\/h2>\n\n\n\n<div class=\"wp-block-columns is-layout-flex wp-container-core-columns-is-layout-9d6595d7 wp-block-columns-is-layout-flex\">\n\n<div class=\"wp-block-column is-layout-flow wp-block-column-is-layout-flow\">\n\n<figure class=\"wp-block-image size-medium\"><img decoding=\"async\" src=\"https:\/\/www.artisjet.com\/images\/easyblog_articles\/239\/_LUS3369-1.JPG\" alt=\"Smooth dome Braille dots artisJet\"\/><\/figure>\n\n\n<p><strong>Suave e elegante<\/strong> \u2014 pontos Braille em forma de c\u00fapula, sem bordas rugosas.<\/p>\n\n<\/div>\n\n\n<div class=\"wp-block-column is-layout-flow wp-block-column-is-layout-flow\">\n\n<figure class=\"wp-block-image size-medium\"><img decoding=\"async\" src=\"https:\/\/www.artisjet.com\/images\/easyblog_articles\/239\/clear-printing-braille-dots.gif\" alt=\"Clear Braille dots with transparent varnish artisJet\"\/><\/figure>\n\n\n<p><strong>Conforme \u00e0 norma<\/strong> \u2014 dispon\u00edvel em verniz transparente ou tinta branca s\u00f3lida. Os pontos brancos podem ser cobertos com tinta de cor.<\/p>\n\n<\/div>\n\n<\/div>\n\n\n\n<figure class=\"wp-block-image size-medium\"><img decoding=\"async\" src=\"https:\/\/www.artisjet.com\/images\/easyblog_articles\/239\/braille-durability.gif\" alt=\"artisJet Braille durability scratch resistance\"\/><\/figure>\n\n\n\n<p><strong>Dur\u00e1vel<\/strong> \u2014 os pontos Braille e outros efeitos de relevo produzidos pela artisJet s\u00e3o capazes de suportar um uso intensivo gra\u00e7as \u00e0 elevada resist\u00eancia ao risco da tecnologia de impress\u00e3o UV.<\/p>\n\n\n\n<div class=\"wp-block-group has-background\" style=\"background-color:#f5f5f5;padding-top:1.5rem;padding-right:1.5rem;padding-bottom:1.5rem;padding-left:1.5rem\"><div class=\"wp-block-group__inner-container is-layout-constrained wp-container-core-group-is-layout-1675ba18 wp-block-group-is-layout-constrained\">\n\n<p>Quer ver uma demonstra\u00e7\u00e3o ao vivo de impress\u00e3o Braille ADA?<br\/><br\/>\ud83d\udcde <a href=\"tel:+351308800977\">+351 308 800 977<\/a> \u00b7 \ud83d\udce7 <a href=\"mailto:info@artisjet-printers.eu\">info@artisjet-printers.eu<\/a><\/p>\n\n\n<div class=\"wp-block-buttons is-layout-flex wp-block-buttons-is-layout-flex\">\n\n<div class=\"wp-block-button\"><a class=\"wp-block-button__link wp-element-button\" href=\"\/pt\/contact\/\">Solicitar demo Braille<\/a><\/div>\n\n<\/div>\n\n<\/div><\/div>\n\n\n<\/div><\/div>\n","protected":false},"excerpt":{"rendered":"<p>Imprima Braille ADA de forma mais eficiente e simples A impress\u00e3o Braille padr\u00e3o n\u00e3o tem de ser um processo frustrante e complexo. Com as impressoras de jacto de tinta digital da artisJet, com apenas alguns cliques obt\u00e9m impress\u00e3o Braille conforme<\/p>\n","protected":false},"author":1,"featured_media":0,"parent":9013,"menu_order":0,"comment_status":"closed","ping_status":"closed","template":"","meta":{"ngg_post_thumbnail":0,"footnotes":""},"class_list":["post-9027","page","type-page","status-publish","hentry"],"translation":{"provider":"WPGlobus","version":"2.12.2","language":"pt","enabled_languages":["fr","de","pt","en"],"languages":{"fr":{"title":true,"content":true,"excerpt":false},"de":{"title":true,"content":true,"excerpt":false},"pt":{"title":true,"content":true,"excerpt":false},"en":{"title":true,"content":true,"excerpt":false}}},"yoast_head":"<!-- This site is optimized with the Yoast SEO plugin v22.0 - https:\/\/yoast.com\/wordpress\/plugins\/seo\/ -->\n<title>Impress\u00e3o Braille ADA | Artisjet Europe<\/title>\n<meta name=\"robots\" content=\"index, follow, max-snippet:-1, max-image-preview:large, max-video-preview:-1\" \/>\n<link rel=\"canonical\" href=\"https:\/\/artisjet-printers.eu\/technology\/braille-ada-printing\/\" \/>\n<meta property=\"og:locale\" content=\"pt_PT\" \/>\n<meta property=\"og:type\" content=\"article\" \/>\n<meta property=\"og:title\" content=\"Impress\u00e3o Braille ADA | Artisjet Europe\" \/>\n<meta property=\"og:url\" content=\"https:\/\/artisjet-printers.eu\/technology\/braille-ada-printing\/\" \/>\n<meta property=\"og:site_name\" content=\"Artisjet Europe\" \/>\n<meta property=\"article:modified_time\" content=\"2026-03-19T06:38:19+00:00\" \/>\n<meta property=\"og:image\" content=\"https:\/\/www.artisjet.com\/images\/easyblog_articles\/239\/braille-printing-highlights-banner.jpg\" \/>\n<meta name=\"twitter:card\" content=\"summary_large_image\" \/>\n<meta name=\"twitter:label1\" content=\"Tempo estimado de leitura\" \/>\n\t<meta name=\"twitter:data1\" content=\"5 minutos\" \/>\n<script type=\"application\/ld+json\" class=\"yoast-schema-graph\">{\"@context\":\"https:\/\/schema.org\",\"@graph\":[{\"@type\":\"WebPage\",\"@id\":\"https:\/\/artisjet-printers.eu\/technology\/braille-ada-printing\/\",\"url\":\"https:\/\/artisjet-printers.eu\/technology\/braille-ada-printing\/\",\"name\":\"Impress\u00e3o Braille ADA | Artisjet Europe\",\"isPartOf\":{\"@id\":\"https:\/\/artisjet-printers.eu\/#website\"},\"datePublished\":\"2026-03-18T21:29:19+00:00\",\"dateModified\":\"2026-03-19T06:38:19+00:00\",\"breadcrumb\":{\"@id\":\"https:\/\/artisjet-printers.eu\/technology\/braille-ada-printing\/#breadcrumb\"},\"inLanguage\":\"pt-PT\",\"potentialAction\":[{\"@type\":\"ReadAction\",\"target\":[\"https:\/\/artisjet-printers.eu\/technology\/braille-ada-printing\/\"]}]},{\"@type\":\"BreadcrumbList\",\"@id\":\"https:\/\/artisjet-printers.eu\/technology\/braille-ada-printing\/#breadcrumb\",\"itemListElement\":[{\"@type\":\"ListItem\",\"position\":1,\"name\":\"Home\",\"item\":\"https:\/\/artisjet-printers.eu\/\"},{\"@type\":\"ListItem\",\"position\":2,\"name\":\"Technologie d\u2019impression UV\",\"item\":\"https:\/\/artisjet-printers.eu\/technology\/\"},{\"@type\":\"ListItem\",\"position\":3,\"name\":\"Impression Braille ADA\"}]},{\"@type\":\"WebSite\",\"@id\":\"https:\/\/artisjet-printers.eu\/#website\",\"url\":\"https:\/\/artisjet-printers.eu\/\",\"name\":\"Artisjet Europe\",\"description\":\"Official distributor in Europe\",\"publisher\":{\"@id\":\"https:\/\/artisjet-printers.eu\/#organization\"},\"potentialAction\":[{\"@type\":\"SearchAction\",\"target\":{\"@type\":\"EntryPoint\",\"urlTemplate\":\"https:\/\/artisjet-printers.eu\/?s={search_term_string}\"},\"query-input\":\"required name=search_term_string\"}],\"inLanguage\":\"pt-PT\"},{\"@type\":\"Organization\",\"@id\":\"https:\/\/artisjet-printers.eu\/#organization\",\"name\":\"ArtisJet\",\"url\":\"https:\/\/artisjet-printers.eu\/\",\"logo\":{\"@type\":\"ImageObject\",\"inLanguage\":\"pt-PT\",\"@id\":\"https:\/\/artisjet-printers.eu\/#\/schema\/logo\/image\/\",\"url\":\"https:\/\/artisjet-printers.eu\/wp-content\/uploads\/2017\/12\/logoartisjet.jpg\",\"contentUrl\":\"https:\/\/artisjet-printers.eu\/wp-content\/uploads\/2017\/12\/logoartisjet.jpg\",\"width\":217,\"height\":80,\"caption\":\"ArtisJet\"},\"image\":{\"@id\":\"https:\/\/artisjet-printers.eu\/#\/schema\/logo\/image\/\"}}]}<\/script>\n<!-- \/ Yoast SEO plugin. -->","yoast_head_json":{"title":"Impress\u00e3o Braille ADA | Artisjet Europe","robots":{"index":"index","follow":"follow","max-snippet":"max-snippet:-1","max-image-preview":"max-image-preview:large","max-video-preview":"max-video-preview:-1"},"canonical":"https:\/\/artisjet-printers.eu\/technology\/braille-ada-printing\/","og_locale":"pt_PT","og_type":"article","og_title":"Impress\u00e3o Braille ADA | Artisjet Europe","og_url":"https:\/\/artisjet-printers.eu\/technology\/braille-ada-printing\/","og_site_name":"Artisjet Europe","article_modified_time":"2026-03-19T06:38:19+00:00","og_image":[{"url":"https:\/\/www.artisjet.com\/images\/easyblog_articles\/239\/braille-printing-highlights-banner.jpg"}],"twitter_card":"summary_large_image","twitter_misc":{"Tempo estimado de leitura":"5 minutos"},"schema":{"@context":"https:\/\/schema.org","@graph":[{"@type":"WebPage","@id":"https:\/\/artisjet-printers.eu\/technology\/braille-ada-printing\/","url":"https:\/\/artisjet-printers.eu\/technology\/braille-ada-printing\/","name":"Impress\u00e3o Braille ADA | Artisjet Europe","isPartOf":{"@id":"https:\/\/artisjet-printers.eu\/#website"},"datePublished":"2026-03-18T21:29:19+00:00","dateModified":"2026-03-19T06:38:19+00:00","breadcrumb":{"@id":"https:\/\/artisjet-printers.eu\/technology\/braille-ada-printing\/#breadcrumb"},"inLanguage":"pt-PT","potentialAction":[{"@type":"ReadAction","target":["https:\/\/artisjet-printers.eu\/technology\/braille-ada-printing\/"]}]},{"@type":"BreadcrumbList","@id":"https:\/\/artisjet-printers.eu\/technology\/braille-ada-printing\/#breadcrumb","itemListElement":[{"@type":"ListItem","position":1,"name":"Home","item":"https:\/\/artisjet-printers.eu\/"},{"@type":"ListItem","position":2,"name":"Technologie d\u2019impression UV","item":"https:\/\/artisjet-printers.eu\/technology\/"},{"@type":"ListItem","position":3,"name":"Impression Braille ADA"}]},{"@type":"WebSite","@id":"https:\/\/artisjet-printers.eu\/#website","url":"https:\/\/artisjet-printers.eu\/","name":"Artisjet Europe","description":"Official distributor in Europe","publisher":{"@id":"https:\/\/artisjet-printers.eu\/#organization"},"potentialAction":[{"@type":"SearchAction","target":{"@type":"EntryPoint","urlTemplate":"https:\/\/artisjet-printers.eu\/?s={search_term_string}"},"query-input":"required name=search_term_string"}],"inLanguage":"pt-PT"},{"@type":"Organization","@id":"https:\/\/artisjet-printers.eu\/#organization","name":"ArtisJet","url":"https:\/\/artisjet-printers.eu\/","logo":{"@type":"ImageObject","inLanguage":"pt-PT","@id":"https:\/\/artisjet-printers.eu\/#\/schema\/logo\/image\/","url":"https:\/\/artisjet-printers.eu\/wp-content\/uploads\/2017\/12\/logoartisjet.jpg","contentUrl":"https:\/\/artisjet-printers.eu\/wp-content\/uploads\/2017\/12\/logoartisjet.jpg","width":217,"height":80,"caption":"ArtisJet"},"image":{"@id":"https:\/\/artisjet-printers.eu\/#\/schema\/logo\/image\/"}}]}},"_links":{"self":[{"href":"https:\/\/artisjet-printers.eu\/pt\/wp-json\/wp\/v2\/pages\/9027","targetHints":{"allow":["GET"]}}],"collection":[{"href":"https:\/\/artisjet-printers.eu\/pt\/wp-json\/wp\/v2\/pages"}],"about":[{"href":"https:\/\/artisjet-printers.eu\/pt\/wp-json\/wp\/v2\/types\/page"}],"author":[{"embeddable":true,"href":"https:\/\/artisjet-printers.eu\/pt\/wp-json\/wp\/v2\/users\/1"}],"replies":[{"embeddable":true,"href":"https:\/\/artisjet-printers.eu\/pt\/wp-json\/wp\/v2\/comments?post=9027"}],"version-history":[{"count":1,"href":"https:\/\/artisjet-printers.eu\/pt\/wp-json\/wp\/v2\/pages\/9027\/revisions"}],"predecessor-version":[{"id":9089,"href":"https:\/\/artisjet-printers.eu\/pt\/wp-json\/wp\/v2\/pages\/9027\/revisions\/9089"}],"up":[{"embeddable":true,"href":"https:\/\/artisjet-printers.eu\/pt\/wp-json\/wp\/v2\/pages\/9013"}],"wp:attachment":[{"href":"https:\/\/artisjet-printers.eu\/pt\/wp-json\/wp\/v2\/media?parent=9027"}],"curies":[{"name":"wp","href":"https:\/\/api.w.org\/{rel}","templated":true}]}}