{"id":9026,"date":"2026-03-18T21:29:19","date_gmt":"2026-03-18T21:29:19","guid":{"rendered":"https:\/\/artisjet-printers.eu\/upgraded-print-system\/"},"modified":"2026-03-19T07:38:21","modified_gmt":"2026-03-19T06:38:21","slug":"upgraded-print-system","status":"publish","type":"page","link":"https:\/\/artisjet-printers.eu\/pt\/technology\/upgraded-print-system\/","title":{"rendered":"Sistema de impress\u00e3o melhorado"},"content":{"rendered":"\n<div class=\"wp-block-group aj-article\"><div class=\"wp-block-group__inner-container is-layout-constrained wp-block-group-is-layout-constrained\">\n\n\n<h1 class=\"wp-block-heading\">Sistema de impress\u00e3o melhorado \u2014 Melhor experi\u00eancia do utilizador<\/h1>\n\n\n\n<p>A inova\u00e7\u00e3o tecnol\u00f3gica e as atualiza\u00e7\u00f5es do sistema s\u00e3o o n\u00facleo da forma como a artisJet cumpre e supera as expectativas dos clientes. Com base nos coment\u00e1rios dos utilizadores, a artisJet identificou duas \u00e1reas-chave de melhoria: <strong>a durabilidade do sistema de tinta<\/strong> e <strong>a experi\u00eancia de utilizador do software<\/strong>.<\/p>\n\n\n\n<figure class=\"wp-block-image size-large\"><img decoding=\"async\" src=\"https:\/\/www.artisjet.com\/images\/easyblog_articles\/242\/artisjet-upgrades-in-printing-system.jpg\" alt=\"artisJet printing system upgrades\"\/><\/figure>\n\n\n\n<h2 class=\"wp-block-heading\">Parte 1 \u2014 O novo sistema de dupla bomba<\/h2>\n\n\n\n<p><em>Mais preciso, mais consistente, mais dur\u00e1vel, mais limpo e menos manuten\u00e7\u00e3o<\/em><\/p>\n\n\n\n<figure class=\"wp-block-image size-large\"><img decoding=\"async\" src=\"https:\/\/www.artisjet.com\/images\/easyblog_articles\/242\/ink-system-new-dual-pump-system.jpg\" alt=\"artisJet new dual pump ink system\"\/><\/figure>\n\n\n\n<ul class=\"wp-block-list\">\n\n<li><strong>Bomba inteligente<\/strong> \u2014 fornece tinta comprimindo externamente o tubo em incrementos m\u00ednimos e precisos. Garante um fluxo constante e preciso em todos os momentos.<\/li>\n\n\n<li><strong>Alta consist\u00eancia<\/strong> \u2014 fluxo de tinta constante sem as pulsa\u00e7\u00f5es flutuantes da bomba de suc\u00e7\u00e3o anterior.<\/li>\n\n\n<li><strong>Alta precis\u00e3o e fiabilidade<\/strong> \u2014 os resultados de limpeza e manuten\u00e7\u00e3o s\u00e3o consistentes.<\/li>\n\n\n<li><strong>Maior durabilidade<\/strong> \u2014 a nova bomba inteligente n\u00e3o tem contacto direto com a tinta, eliminando qualquer efeito adverso sobre o sistema de bomba.<\/li>\n\n\n<li><strong>Bomba de limpeza dedicada<\/strong> \u2014 esvazia o reservat\u00f3rio de res\u00edduos de tinta para manter o interior e o exterior das impressoras limpos e organizados.<\/li>\n\n<\/ul>\n\n\n\n<h2 class=\"wp-block-heading\">Parte 2 \u2014 Melhorias no software<\/h2>\n\n\n\n<figure class=\"wp-block-image size-large\"><img decoding=\"async\" src=\"https:\/\/www.artisjet.com\/images\/easyblog_articles\/242\/software-upgrades.jpg\" alt=\"artisJet software upgrades\"\/><\/figure>\n\n\n\n<ul class=\"wp-block-list\">\n\n<li><strong>Carro inteligente (beta)<\/strong> \u2014 se apenas uma pequena \u00e1rea precisar de ser impressa, a cabe\u00e7a pode dirigir-se apenas a essa \u00e1rea, poupando tempo.<\/li>\n\n\n<li><strong>Poupan\u00e7a inteligente de energia da l\u00e2mpada UV<\/strong> \u2014 a l\u00e2mpada UV pode ser programada para acender apenas sobre a \u00e1rea impressa e apagar automaticamente onde n\u00e3o se aplica tinta.<\/li>\n\n\n<li><strong>API (pasta monitorizada)<\/strong> \u2014 atrav\u00e9s de uma pasta monitorizada, os trabalhos de impress\u00e3o s\u00e3o criados t\u00e3o facilmente como arrastar e largar. As defini\u00e7\u00f5es desejadas podem ser programadas para cada pasta.<\/li>\n\n\n<li><strong>Chave USB mais f\u00e1cil de usar<\/strong> \u2014 aparece uma janela pop-up se a chave n\u00e3o estiver ligada. O software RIP inicia automaticamente quando \u00e9 detetada.<\/li>\n\n<\/ul>\n\n\n\n<h2 class=\"wp-block-heading\">Parte 3 \u2014 Outras melhorias<\/h2>\n\n\n\n<figure class=\"wp-block-image size-large\"><img decoding=\"async\" src=\"https:\/\/www.artisjet.com\/images\/easyblog_articles\/242\/more-printing-system-upgrades.jpg\" alt=\"artisJet more system upgrades\"\/><\/figure>\n\n\n\n<ul class=\"wp-block-list\">\n\n<li><strong>Novo tubo de tinta<\/strong> \u2014 produzido pela Saint-Gobain, com o mais alto padr\u00e3o industrial em resist\u00eancia \u00e0 corros\u00e3o.<\/li>\n\n\n<li><strong>Novas gui\u00f3s industriais para artis 3000U Pro<\/strong> \u2014 movimentos de plataforma mais precisos e elementos mec\u00e2nicos que requerem menos manuten\u00e7\u00e3o.<\/li>\n\n<\/ul>\n\n\n\n<div class=\"wp-block-group has-background\" style=\"background-color:#f5f5f5;padding-top:1.5rem;padding-right:1.5rem;padding-bottom:1.5rem;padding-left:1.5rem\"><div class=\"wp-block-group__inner-container is-layout-constrained wp-container-core-group-is-layout-1675ba18 wp-block-group-is-layout-constrained\">\n\n<p>Tem perguntas sobre atualiza\u00e7\u00f5es ou manuten\u00e7\u00e3o da sua impressora artisJet?<br\/><br\/>\ud83d\udcde <a href=\"tel:+351308800977\">+351 308 800 977<\/a> \u00b7 \ud83d\udce7 <a href=\"mailto:info@artisjet-printers.eu\">info@artisjet-printers.eu<\/a><\/p>\n\n\n<div class=\"wp-block-buttons is-layout-flex wp-block-buttons-is-layout-flex\">\n\n<div class=\"wp-block-button\"><a class=\"wp-block-button__link wp-element-button\" href=\"\/pt\/contact\/\">Contactar artisJet Europe<\/a><\/div>\n\n<\/div>\n\n<\/div><\/div>\n\n\n<\/div><\/div>\n","protected":false},"excerpt":{"rendered":"<p>Sistema de impress\u00e3o melhorado \u2014 Melhor experi\u00eancia do utilizador A inova\u00e7\u00e3o tecnol\u00f3gica e as atualiza\u00e7\u00f5es do sistema s\u00e3o o n\u00facleo da forma como a artisJet cumpre e supera as expectativas dos clientes. Com base nos coment\u00e1rios dos utilizadores, a artisJet<\/p>\n","protected":false},"author":1,"featured_media":0,"parent":9013,"menu_order":0,"comment_status":"closed","ping_status":"closed","template":"","meta":{"ngg_post_thumbnail":0,"footnotes":""},"class_list":["post-9026","page","type-page","status-publish","hentry"],"translation":{"provider":"WPGlobus","version":"2.12.2","language":"pt","enabled_languages":["fr","de","pt","en"],"languages":{"fr":{"title":true,"content":true,"excerpt":false},"de":{"title":true,"content":true,"excerpt":false},"pt":{"title":true,"content":true,"excerpt":false},"en":{"title":true,"content":true,"excerpt":false}}},"yoast_head":"<!-- This site is optimized with the Yoast SEO plugin v22.0 - https:\/\/yoast.com\/wordpress\/plugins\/seo\/ -->\n<title>Sistema de impress\u00e3o melhorado | Artisjet Europe<\/title>\n<meta name=\"robots\" content=\"index, follow, max-snippet:-1, max-image-preview:large, max-video-preview:-1\" \/>\n<link rel=\"canonical\" href=\"https:\/\/artisjet-printers.eu\/technology\/upgraded-print-system\/\" \/>\n<meta property=\"og:locale\" content=\"pt_PT\" \/>\n<meta property=\"og:type\" content=\"article\" \/>\n<meta property=\"og:title\" content=\"Sistema de impress\u00e3o melhorado | Artisjet Europe\" \/>\n<meta property=\"og:url\" content=\"https:\/\/artisjet-printers.eu\/technology\/upgraded-print-system\/\" \/>\n<meta property=\"og:site_name\" content=\"Artisjet Europe\" \/>\n<meta property=\"article:modified_time\" content=\"2026-03-19T06:38:21+00:00\" \/>\n<meta property=\"og:image\" content=\"https:\/\/www.artisjet.com\/images\/easyblog_articles\/242\/artisjet-upgrades-in-printing-system.jpg\" \/>\n<meta name=\"twitter:card\" content=\"summary_large_image\" \/>\n<meta name=\"twitter:label1\" content=\"Tempo estimado de leitura\" \/>\n\t<meta name=\"twitter:data1\" content=\"7 minutos\" \/>\n<script type=\"application\/ld+json\" class=\"yoast-schema-graph\">{\"@context\":\"https:\/\/schema.org\",\"@graph\":[{\"@type\":\"WebPage\",\"@id\":\"https:\/\/artisjet-printers.eu\/technology\/upgraded-print-system\/\",\"url\":\"https:\/\/artisjet-printers.eu\/technology\/upgraded-print-system\/\",\"name\":\"Sistema de impress\u00e3o melhorado | Artisjet Europe\",\"isPartOf\":{\"@id\":\"https:\/\/artisjet-printers.eu\/#website\"},\"datePublished\":\"2026-03-18T21:29:19+00:00\",\"dateModified\":\"2026-03-19T06:38:21+00:00\",\"breadcrumb\":{\"@id\":\"https:\/\/artisjet-printers.eu\/technology\/upgraded-print-system\/#breadcrumb\"},\"inLanguage\":\"pt-PT\",\"potentialAction\":[{\"@type\":\"ReadAction\",\"target\":[\"https:\/\/artisjet-printers.eu\/technology\/upgraded-print-system\/\"]}]},{\"@type\":\"BreadcrumbList\",\"@id\":\"https:\/\/artisjet-printers.eu\/technology\/upgraded-print-system\/#breadcrumb\",\"itemListElement\":[{\"@type\":\"ListItem\",\"position\":1,\"name\":\"Home\",\"item\":\"https:\/\/artisjet-printers.eu\/\"},{\"@type\":\"ListItem\",\"position\":2,\"name\":\"Technologie d\u2019impression UV\",\"item\":\"https:\/\/artisjet-printers.eu\/technology\/\"},{\"@type\":\"ListItem\",\"position\":3,\"name\":\"Syst\u00e8me d\u2019impression am\u00e9lior\u00e9\"}]},{\"@type\":\"WebSite\",\"@id\":\"https:\/\/artisjet-printers.eu\/#website\",\"url\":\"https:\/\/artisjet-printers.eu\/\",\"name\":\"Artisjet Europe\",\"description\":\"Official distributor in Europe\",\"publisher\":{\"@id\":\"https:\/\/artisjet-printers.eu\/#organization\"},\"potentialAction\":[{\"@type\":\"SearchAction\",\"target\":{\"@type\":\"EntryPoint\",\"urlTemplate\":\"https:\/\/artisjet-printers.eu\/?s={search_term_string}\"},\"query-input\":\"required name=search_term_string\"}],\"inLanguage\":\"pt-PT\"},{\"@type\":\"Organization\",\"@id\":\"https:\/\/artisjet-printers.eu\/#organization\",\"name\":\"ArtisJet\",\"url\":\"https:\/\/artisjet-printers.eu\/\",\"logo\":{\"@type\":\"ImageObject\",\"inLanguage\":\"pt-PT\",\"@id\":\"https:\/\/artisjet-printers.eu\/#\/schema\/logo\/image\/\",\"url\":\"https:\/\/artisjet-printers.eu\/wp-content\/uploads\/2017\/12\/logoartisjet.jpg\",\"contentUrl\":\"https:\/\/artisjet-printers.eu\/wp-content\/uploads\/2017\/12\/logoartisjet.jpg\",\"width\":217,\"height\":80,\"caption\":\"ArtisJet\"},\"image\":{\"@id\":\"https:\/\/artisjet-printers.eu\/#\/schema\/logo\/image\/\"}}]}<\/script>\n<!-- \/ Yoast SEO plugin. -->","yoast_head_json":{"title":"Sistema de impress\u00e3o melhorado | Artisjet Europe","robots":{"index":"index","follow":"follow","max-snippet":"max-snippet:-1","max-image-preview":"max-image-preview:large","max-video-preview":"max-video-preview:-1"},"canonical":"https:\/\/artisjet-printers.eu\/technology\/upgraded-print-system\/","og_locale":"pt_PT","og_type":"article","og_title":"Sistema de impress\u00e3o melhorado | Artisjet Europe","og_url":"https:\/\/artisjet-printers.eu\/technology\/upgraded-print-system\/","og_site_name":"Artisjet Europe","article_modified_time":"2026-03-19T06:38:21+00:00","og_image":[{"url":"https:\/\/www.artisjet.com\/images\/easyblog_articles\/242\/artisjet-upgrades-in-printing-system.jpg"}],"twitter_card":"summary_large_image","twitter_misc":{"Tempo estimado de leitura":"7 minutos"},"schema":{"@context":"https:\/\/schema.org","@graph":[{"@type":"WebPage","@id":"https:\/\/artisjet-printers.eu\/technology\/upgraded-print-system\/","url":"https:\/\/artisjet-printers.eu\/technology\/upgraded-print-system\/","name":"Sistema de impress\u00e3o melhorado | Artisjet Europe","isPartOf":{"@id":"https:\/\/artisjet-printers.eu\/#website"},"datePublished":"2026-03-18T21:29:19+00:00","dateModified":"2026-03-19T06:38:21+00:00","breadcrumb":{"@id":"https:\/\/artisjet-printers.eu\/technology\/upgraded-print-system\/#breadcrumb"},"inLanguage":"pt-PT","potentialAction":[{"@type":"ReadAction","target":["https:\/\/artisjet-printers.eu\/technology\/upgraded-print-system\/"]}]},{"@type":"BreadcrumbList","@id":"https:\/\/artisjet-printers.eu\/technology\/upgraded-print-system\/#breadcrumb","itemListElement":[{"@type":"ListItem","position":1,"name":"Home","item":"https:\/\/artisjet-printers.eu\/"},{"@type":"ListItem","position":2,"name":"Technologie d\u2019impression UV","item":"https:\/\/artisjet-printers.eu\/technology\/"},{"@type":"ListItem","position":3,"name":"Syst\u00e8me d\u2019impression am\u00e9lior\u00e9"}]},{"@type":"WebSite","@id":"https:\/\/artisjet-printers.eu\/#website","url":"https:\/\/artisjet-printers.eu\/","name":"Artisjet Europe","description":"Official distributor in Europe","publisher":{"@id":"https:\/\/artisjet-printers.eu\/#organization"},"potentialAction":[{"@type":"SearchAction","target":{"@type":"EntryPoint","urlTemplate":"https:\/\/artisjet-printers.eu\/?s={search_term_string}"},"query-input":"required name=search_term_string"}],"inLanguage":"pt-PT"},{"@type":"Organization","@id":"https:\/\/artisjet-printers.eu\/#organization","name":"ArtisJet","url":"https:\/\/artisjet-printers.eu\/","logo":{"@type":"ImageObject","inLanguage":"pt-PT","@id":"https:\/\/artisjet-printers.eu\/#\/schema\/logo\/image\/","url":"https:\/\/artisjet-printers.eu\/wp-content\/uploads\/2017\/12\/logoartisjet.jpg","contentUrl":"https:\/\/artisjet-printers.eu\/wp-content\/uploads\/2017\/12\/logoartisjet.jpg","width":217,"height":80,"caption":"ArtisJet"},"image":{"@id":"https:\/\/artisjet-printers.eu\/#\/schema\/logo\/image\/"}}]}},"_links":{"self":[{"href":"https:\/\/artisjet-printers.eu\/pt\/wp-json\/wp\/v2\/pages\/9026","targetHints":{"allow":["GET"]}}],"collection":[{"href":"https:\/\/artisjet-printers.eu\/pt\/wp-json\/wp\/v2\/pages"}],"about":[{"href":"https:\/\/artisjet-printers.eu\/pt\/wp-json\/wp\/v2\/types\/page"}],"author":[{"embeddable":true,"href":"https:\/\/artisjet-printers.eu\/pt\/wp-json\/wp\/v2\/users\/1"}],"replies":[{"embeddable":true,"href":"https:\/\/artisjet-printers.eu\/pt\/wp-json\/wp\/v2\/comments?post=9026"}],"version-history":[{"count":1,"href":"https:\/\/artisjet-printers.eu\/pt\/wp-json\/wp\/v2\/pages\/9026\/revisions"}],"predecessor-version":[{"id":9067,"href":"https:\/\/artisjet-printers.eu\/pt\/wp-json\/wp\/v2\/pages\/9026\/revisions\/9067"}],"up":[{"embeddable":true,"href":"https:\/\/artisjet-printers.eu\/pt\/wp-json\/wp\/v2\/pages\/9013"}],"wp:attachment":[{"href":"https:\/\/artisjet-printers.eu\/pt\/wp-json\/wp\/v2\/media?parent=9026"}],"curies":[{"name":"wp","href":"https:\/\/api.w.org\/{rel}","templated":true}]}}