{"id":9024,"date":"2026-03-18T21:29:19","date_gmt":"2026-03-18T21:29:19","guid":{"rendered":"https:\/\/artisjet-printers.eu\/halftone-dither\/"},"modified":"2026-03-19T07:38:21","modified_gmt":"2026-03-19T06:38:21","slug":"halftone-dither","status":"publish","type":"page","link":"https:\/\/artisjet-printers.eu\/pt\/technology\/halftone-dither\/","title":{"rendered":"Tramagem Halftone"},"content":{"rendered":"\n<div class=\"wp-block-group aj-article\"><div class=\"wp-block-group__inner-container is-layout-constrained wp-block-group-is-layout-constrained\">\n\n\n<h1 class=\"wp-block-heading\">95% dos utilizadores nunca usam esta defini\u00e7\u00e3o \u2014 Tramagem Halftone na artisJet Workstation<\/h1>\n\n\n\n<p>Se \u00e9 um utilizador avan\u00e7ado ou est\u00e1 a configurar a sua impressora artisJet pela primeira vez, provavelmente j\u00e1 viu a op\u00e7\u00e3o chamada \u201cHalftone Dither\u201d na artisJet Workstation. Se este termo t\u00e9cnico o deixou perplexo, n\u00e3o \u00e9 o \u00fanico \u2014 \u00e9 alis a rea\u00e7\u00e3o habitual.<\/p>\n\n\n\n<figure class=\"wp-block-image size-large\"><img decoding=\"async\" src=\"https:\/\/www.artisjet.com\/images\/easyblog_articles\/259\/feathering-setting-in-printing-workstation.jpg\" alt=\"Halftone dither setting in artisJet Workstation\"\/><\/figure>\n\n\n\n<h2 class=\"wp-block-heading\">Para que serve a tramagem Halftone?<\/h2>\n\n\n\n<p>Determina a quantidade de \u201cdifus\u00e3o\u201d ou \u201csobreposi\u00e7\u00e3o parcial\u201d que cada passagem de tinta impressa partilha com a anterior e a seguinte. Em termos simples, funciona como uma v\u00e1lvula que controla se a transi\u00e7\u00e3o entre as diferentes partes da impress\u00e3o \u00e9 n\u00edtida ou suave.<\/p>\n\n\n\n<div class=\"wp-block-columns is-layout-flex wp-container-core-columns-is-layout-9d6595d7 wp-block-columns-is-layout-flex\">\n\n<div class=\"wp-block-column is-layout-flow wp-block-column-is-layout-flow\">\n\n<figure class=\"wp-block-image size-medium\"><img decoding=\"async\" src=\"https:\/\/www.artisjet.com\/images\/easyblog_articles\/259\/what-is-halftone-dithering.jpg\" alt=\"Halftone dithering\"\/><\/figure>\n\n\n<p><strong>Halftone Dither<\/strong><\/p>\n\n<\/div>\n\n\n<div class=\"wp-block-column is-layout-flow wp-block-column-is-layout-flow\">\n\n<figure class=\"wp-block-image size-medium\"><img decoding=\"async\" src=\"https:\/\/www.artisjet.com\/images\/easyblog_articles\/259\/full-dither-setting.jpg\" alt=\"Full dither setting\"\/><\/figure>\n\n\n<p><strong>F (completo)<\/strong> \u2014 defini\u00e7\u00e3o predefinida, ideal para a maioria dos trabalhos<\/p>\n\n<\/div>\n\n<\/div>\n\n\n\n<div class=\"wp-block-columns is-layout-flex wp-container-core-columns-is-layout-9d6595d7 wp-block-columns-is-layout-flex\">\n\n<div class=\"wp-block-column is-layout-flow wp-block-column-is-layout-flow\">\n\n<figure class=\"wp-block-image size-medium\"><img decoding=\"async\" src=\"https:\/\/www.artisjet.com\/images\/easyblog_articles\/259\/medium-dither-setting.jpg\" alt=\"Medium dither setting\"\/><\/figure>\n\n\n<p><strong>M (m\u00e9dio)<\/strong> \u2014 equil\u00edbrio entre suavidade e nitidez<\/p>\n\n<\/div>\n\n\n<div class=\"wp-block-column is-layout-flow wp-block-column-is-layout-flow\">\n\n<figure class=\"wp-block-image size-medium\"><img decoding=\"async\" src=\"https:\/\/www.artisjet.com\/images\/easyblog_articles\/259\/small-dither-setting.jpg\" alt=\"Small dither setting\"\/><\/figure>\n\n\n<p><strong>S (pequeno)<\/strong> \u2014 ideal para linhas finas, texto pequeno e quadrantes<\/p>\n\n<\/div>\n\n<\/div>\n\n\n\n<h2 class=\"wp-block-heading\">Quando usar cada defini\u00e7\u00e3o?<\/h2>\n\n\n\n<ul class=\"wp-block-list\">\n\n<li><strong>F (completo)<\/strong> \u2014 predefini\u00e7\u00e3o. Gere satisfatoriamente a maioria dos requisitos de impress\u00e3o. Para uso geral com qualidade fotorrealista e sem bandas.<\/li>\n\n\n<li><strong>S (pequeno)<\/strong> \u2014 melhor para padr\u00f5es com linhas finas delgadas como texto pequeno ou quadrantes de medidores. Ao minimizar a difus\u00e3o da tinta, os contornos das linhas ficam mais n\u00edtidos. A distin\u00e7\u00e3o \u00e9 mais pronunciada quanto mais finas forem as linhas.<\/li>\n\n<\/ul>\n\n\n\n<figure class=\"wp-block-image size-large\"><img decoding=\"async\" src=\"https:\/\/www.artisjet.com\/images\/easyblog_articles\/259\/feather-types-in-printing-software.png\" alt=\"Dither types comparison\"\/><\/figure>\n\n\n\n<p><strong>Nota:<\/strong> o efeito S pode por vezes ser percebido n\u00e3o s\u00f3 como mais n\u00edtido, mas tamb\u00e9m mais claro em densidade de cor. Experimente diferentes defini\u00e7\u00f5es para ver qual a combina\u00e7\u00e3o que funciona melhor para o seu projeto.<\/p>\n\n\n\n<div class=\"wp-block-group has-background\" style=\"background-color:#f5f5f5;padding-top:1.5rem;padding-right:1.5rem;padding-bottom:1.5rem;padding-left:1.5rem\"><div class=\"wp-block-group__inner-container is-layout-constrained wp-container-core-group-is-layout-1675ba18 wp-block-group-is-layout-constrained\">\n\n<p>Tem perguntas sobre a artisJet Workstation ou a configura\u00e7\u00e3o da sua impressora? Contacte a nossa equipa na Europa.<br\/><br\/>\ud83d\udcde <a href=\"tel:+351308800977\">+351 308 800 977<\/a> \u00b7 \ud83d\udce7 <a href=\"mailto:info@artisjet-printers.eu\">info@artisjet-printers.eu<\/a><\/p>\n\n\n<div class=\"wp-block-buttons is-layout-flex wp-block-buttons-is-layout-flex\">\n\n<div class=\"wp-block-button\"><a class=\"wp-block-button__link wp-element-button\" href=\"\/pt\/contact\/\">Contactar artisJet Europe<\/a><\/div>\n\n<\/div>\n\n<\/div><\/div>\n\n\n<\/div><\/div>\n","protected":false},"excerpt":{"rendered":"<p>95% dos utilizadores nunca usam esta defini\u00e7\u00e3o \u2014 Tramagem Halftone na artisJet Workstation Se \u00e9 um utilizador avan\u00e7ado ou est\u00e1 a configurar a sua impressora artisJet pela primeira vez, provavelmente j\u00e1 viu a op\u00e7\u00e3o chamada \u201cHalftone Dither\u201d na artisJet Workstation.<\/p>\n","protected":false},"author":1,"featured_media":0,"parent":9013,"menu_order":0,"comment_status":"closed","ping_status":"closed","template":"","meta":{"ngg_post_thumbnail":0,"footnotes":""},"class_list":["post-9024","page","type-page","status-publish","hentry"],"translation":{"provider":"WPGlobus","version":"2.12.2","language":"pt","enabled_languages":["fr","de","pt","en"],"languages":{"fr":{"title":true,"content":true,"excerpt":false},"de":{"title":true,"content":true,"excerpt":false},"pt":{"title":true,"content":true,"excerpt":false},"en":{"title":true,"content":true,"excerpt":false}}},"yoast_head":"<!-- This site is optimized with the Yoast SEO plugin v22.0 - https:\/\/yoast.com\/wordpress\/plugins\/seo\/ -->\n<title>Tramagem Halftone | Artisjet Europe<\/title>\n<meta name=\"robots\" content=\"index, follow, max-snippet:-1, max-image-preview:large, max-video-preview:-1\" \/>\n<link rel=\"canonical\" href=\"https:\/\/artisjet-printers.eu\/technology\/halftone-dither\/\" \/>\n<meta property=\"og:locale\" content=\"pt_PT\" \/>\n<meta property=\"og:type\" content=\"article\" \/>\n<meta property=\"og:title\" content=\"Tramagem Halftone | Artisjet Europe\" \/>\n<meta property=\"og:url\" content=\"https:\/\/artisjet-printers.eu\/technology\/halftone-dither\/\" \/>\n<meta property=\"og:site_name\" content=\"Artisjet Europe\" \/>\n<meta property=\"article:modified_time\" content=\"2026-03-19T06:38:21+00:00\" \/>\n<meta property=\"og:image\" content=\"https:\/\/www.artisjet.com\/images\/easyblog_articles\/259\/feathering-setting-in-printing-workstation.jpg\" \/>\n<meta name=\"twitter:card\" content=\"summary_large_image\" \/>\n<meta name=\"twitter:label1\" content=\"Tempo estimado de leitura\" \/>\n\t<meta name=\"twitter:data1\" content=\"5 minutos\" \/>\n<script type=\"application\/ld+json\" class=\"yoast-schema-graph\">{\"@context\":\"https:\/\/schema.org\",\"@graph\":[{\"@type\":\"WebPage\",\"@id\":\"https:\/\/artisjet-printers.eu\/technology\/halftone-dither\/\",\"url\":\"https:\/\/artisjet-printers.eu\/technology\/halftone-dither\/\",\"name\":\"Tramagem Halftone | Artisjet Europe\",\"isPartOf\":{\"@id\":\"https:\/\/artisjet-printers.eu\/#website\"},\"datePublished\":\"2026-03-18T21:29:19+00:00\",\"dateModified\":\"2026-03-19T06:38:21+00:00\",\"breadcrumb\":{\"@id\":\"https:\/\/artisjet-printers.eu\/technology\/halftone-dither\/#breadcrumb\"},\"inLanguage\":\"pt-PT\",\"potentialAction\":[{\"@type\":\"ReadAction\",\"target\":[\"https:\/\/artisjet-printers.eu\/technology\/halftone-dither\/\"]}]},{\"@type\":\"BreadcrumbList\",\"@id\":\"https:\/\/artisjet-printers.eu\/technology\/halftone-dither\/#breadcrumb\",\"itemListElement\":[{\"@type\":\"ListItem\",\"position\":1,\"name\":\"Home\",\"item\":\"https:\/\/artisjet-printers.eu\/\"},{\"@type\":\"ListItem\",\"position\":2,\"name\":\"Technologie d\u2019impression UV\",\"item\":\"https:\/\/artisjet-printers.eu\/technology\/\"},{\"@type\":\"ListItem\",\"position\":3,\"name\":\"Tramage Halftone\"}]},{\"@type\":\"WebSite\",\"@id\":\"https:\/\/artisjet-printers.eu\/#website\",\"url\":\"https:\/\/artisjet-printers.eu\/\",\"name\":\"Artisjet Europe\",\"description\":\"Official distributor in Europe\",\"publisher\":{\"@id\":\"https:\/\/artisjet-printers.eu\/#organization\"},\"potentialAction\":[{\"@type\":\"SearchAction\",\"target\":{\"@type\":\"EntryPoint\",\"urlTemplate\":\"https:\/\/artisjet-printers.eu\/?s={search_term_string}\"},\"query-input\":\"required name=search_term_string\"}],\"inLanguage\":\"pt-PT\"},{\"@type\":\"Organization\",\"@id\":\"https:\/\/artisjet-printers.eu\/#organization\",\"name\":\"ArtisJet\",\"url\":\"https:\/\/artisjet-printers.eu\/\",\"logo\":{\"@type\":\"ImageObject\",\"inLanguage\":\"pt-PT\",\"@id\":\"https:\/\/artisjet-printers.eu\/#\/schema\/logo\/image\/\",\"url\":\"https:\/\/artisjet-printers.eu\/wp-content\/uploads\/2017\/12\/logoartisjet.jpg\",\"contentUrl\":\"https:\/\/artisjet-printers.eu\/wp-content\/uploads\/2017\/12\/logoartisjet.jpg\",\"width\":217,\"height\":80,\"caption\":\"ArtisJet\"},\"image\":{\"@id\":\"https:\/\/artisjet-printers.eu\/#\/schema\/logo\/image\/\"}}]}<\/script>\n<!-- \/ Yoast SEO plugin. -->","yoast_head_json":{"title":"Tramagem Halftone | Artisjet Europe","robots":{"index":"index","follow":"follow","max-snippet":"max-snippet:-1","max-image-preview":"max-image-preview:large","max-video-preview":"max-video-preview:-1"},"canonical":"https:\/\/artisjet-printers.eu\/technology\/halftone-dither\/","og_locale":"pt_PT","og_type":"article","og_title":"Tramagem Halftone | Artisjet Europe","og_url":"https:\/\/artisjet-printers.eu\/technology\/halftone-dither\/","og_site_name":"Artisjet Europe","article_modified_time":"2026-03-19T06:38:21+00:00","og_image":[{"url":"https:\/\/www.artisjet.com\/images\/easyblog_articles\/259\/feathering-setting-in-printing-workstation.jpg"}],"twitter_card":"summary_large_image","twitter_misc":{"Tempo estimado de leitura":"5 minutos"},"schema":{"@context":"https:\/\/schema.org","@graph":[{"@type":"WebPage","@id":"https:\/\/artisjet-printers.eu\/technology\/halftone-dither\/","url":"https:\/\/artisjet-printers.eu\/technology\/halftone-dither\/","name":"Tramagem Halftone | Artisjet Europe","isPartOf":{"@id":"https:\/\/artisjet-printers.eu\/#website"},"datePublished":"2026-03-18T21:29:19+00:00","dateModified":"2026-03-19T06:38:21+00:00","breadcrumb":{"@id":"https:\/\/artisjet-printers.eu\/technology\/halftone-dither\/#breadcrumb"},"inLanguage":"pt-PT","potentialAction":[{"@type":"ReadAction","target":["https:\/\/artisjet-printers.eu\/technology\/halftone-dither\/"]}]},{"@type":"BreadcrumbList","@id":"https:\/\/artisjet-printers.eu\/technology\/halftone-dither\/#breadcrumb","itemListElement":[{"@type":"ListItem","position":1,"name":"Home","item":"https:\/\/artisjet-printers.eu\/"},{"@type":"ListItem","position":2,"name":"Technologie d\u2019impression UV","item":"https:\/\/artisjet-printers.eu\/technology\/"},{"@type":"ListItem","position":3,"name":"Tramage Halftone"}]},{"@type":"WebSite","@id":"https:\/\/artisjet-printers.eu\/#website","url":"https:\/\/artisjet-printers.eu\/","name":"Artisjet Europe","description":"Official distributor in Europe","publisher":{"@id":"https:\/\/artisjet-printers.eu\/#organization"},"potentialAction":[{"@type":"SearchAction","target":{"@type":"EntryPoint","urlTemplate":"https:\/\/artisjet-printers.eu\/?s={search_term_string}"},"query-input":"required name=search_term_string"}],"inLanguage":"pt-PT"},{"@type":"Organization","@id":"https:\/\/artisjet-printers.eu\/#organization","name":"ArtisJet","url":"https:\/\/artisjet-printers.eu\/","logo":{"@type":"ImageObject","inLanguage":"pt-PT","@id":"https:\/\/artisjet-printers.eu\/#\/schema\/logo\/image\/","url":"https:\/\/artisjet-printers.eu\/wp-content\/uploads\/2017\/12\/logoartisjet.jpg","contentUrl":"https:\/\/artisjet-printers.eu\/wp-content\/uploads\/2017\/12\/logoartisjet.jpg","width":217,"height":80,"caption":"ArtisJet"},"image":{"@id":"https:\/\/artisjet-printers.eu\/#\/schema\/logo\/image\/"}}]}},"_links":{"self":[{"href":"https:\/\/artisjet-printers.eu\/pt\/wp-json\/wp\/v2\/pages\/9024","targetHints":{"allow":["GET"]}}],"collection":[{"href":"https:\/\/artisjet-printers.eu\/pt\/wp-json\/wp\/v2\/pages"}],"about":[{"href":"https:\/\/artisjet-printers.eu\/pt\/wp-json\/wp\/v2\/types\/page"}],"author":[{"embeddable":true,"href":"https:\/\/artisjet-printers.eu\/pt\/wp-json\/wp\/v2\/users\/1"}],"replies":[{"embeddable":true,"href":"https:\/\/artisjet-printers.eu\/pt\/wp-json\/wp\/v2\/comments?post=9024"}],"version-history":[{"count":1,"href":"https:\/\/artisjet-printers.eu\/pt\/wp-json\/wp\/v2\/pages\/9024\/revisions"}],"predecessor-version":[{"id":9065,"href":"https:\/\/artisjet-printers.eu\/pt\/wp-json\/wp\/v2\/pages\/9024\/revisions\/9065"}],"up":[{"embeddable":true,"href":"https:\/\/artisjet-printers.eu\/pt\/wp-json\/wp\/v2\/pages\/9013"}],"wp:attachment":[{"href":"https:\/\/artisjet-printers.eu\/pt\/wp-json\/wp\/v2\/media?parent=9024"}],"curies":[{"name":"wp","href":"https:\/\/api.w.org\/{rel}","templated":true}]}}