{"id":9022,"date":"2026-03-18T21:29:19","date_gmt":"2026-03-18T21:29:19","guid":{"rendered":"https:\/\/artisjet-printers.eu\/freebird-print-engine\/"},"modified":"2026-03-19T07:38:20","modified_gmt":"2026-03-19T06:38:20","slug":"freebird-print-engine","status":"publish","type":"page","link":"https:\/\/artisjet-printers.eu\/pt\/technology\/freebird-print-engine\/","title":{"rendered":"FREEBIRD \u2014 Motor de impress\u00e3o de nova gera\u00e7\u00e3o"},"content":{"rendered":"\n<div class=\"wp-block-group aj-article\"><div class=\"wp-block-group__inner-container is-layout-constrained wp-block-group-is-layout-constrained\">\n\n\n<h1 class=\"wp-block-heading\">FREEBIRD \u2014 O m\u00f3dulo de motor de impress\u00e3o de nova gera\u00e7\u00e3o da artisJet<\/h1>\n\n\n\n<p>FREEBIRD \u00e9 uma <strong>melhoria din\u00e2mica do motor de impress\u00e3o<\/strong> integr\u00e1vel em todas as impressoras artisJet. Oferece <strong>velocidades de impress\u00e3o 2 vezes mais r\u00e1pidas<\/strong>, precis\u00e3o superior e controlo total sobre as suas opera\u00e7\u00f5es de impress\u00e3o com <strong>integra\u00e7\u00e3o Open API<\/strong>.<\/p>\n\n\n\n<h2 class=\"wp-block-heading\">Porqu\u00ea o FREEBIRD?<\/h2>\n\n\n\n<p>O FREEBIRD n\u00e3o se limita a <strong>aumentar a velocidade de impress\u00e3o<\/strong> \u2014 oferece flexibilidade total e controlo sobre todo o processo. Com a sua integra\u00e7\u00e3o API avan\u00e7ada, gere tudo, desde a manuten\u00e7\u00e3o do sistema de tinta aos processos de limpeza e configura\u00e7\u00f5es de trabalhos.<\/p>\n\n\n\n<div class=\"wp-block-columns is-layout-flex wp-container-core-columns-is-layout-9d6595d7 wp-block-columns-is-layout-flex\">\n\n<div class=\"wp-block-column is-layout-flow wp-block-column-is-layout-flow\">\n\n<figure class=\"wp-block-image size-medium\"><img decoding=\"async\" src=\"https:\/\/www.artisjet.com\/images\/easyblog_articles\/276\/printing-speed-two-times-faster.jpg\" alt=\"Velocidade de impress\u00e3o 2 vezes mais r\u00e1pida com FREEBIRD\"\/><\/figure>\n\n\n<h3 class=\"wp-block-heading\">VELOCIDADE DE IMPRESS\u00c3O 2X<\/h3>\n\n\n<p>Desenvolvido para quem n\u00e3o pode dar-se ao luxo de atrasos. Garante o cumprimento de prazos sem comprometer a precis\u00e3o.<\/p>\n\n<\/div>\n\n\n<div class=\"wp-block-column is-layout-flow wp-block-column-is-layout-flow\">\n\n<figure class=\"wp-block-image size-medium\"><img decoding=\"async\" src=\"https:\/\/www.artisjet.com\/images\/easyblog_articles\/276\/next-gen-chip-architecture-uv-printing.jpg\" alt=\"Arquitetura de chip de nova gera\u00e7\u00e3o para impress\u00e3o UV\"\/><\/figure>\n\n\n<h3 class=\"wp-block-heading\">ARQUITETURA DE CHIP DE NOVA GERA\u00c7\u00c3O<\/h3>\n\n\n<p>O FREEBIRD utiliza tecnologia de chip avan\u00e7ada para uma estabiliza\u00e7\u00e3o de tinta e velocidade superiores, superando as limita\u00e7\u00f5es dos condensadores tradicionais.<\/p>\n\n<\/div>\n\n<\/div>\n\n\n\n<div class=\"wp-block-columns is-layout-flex wp-container-core-columns-is-layout-9d6595d7 wp-block-columns-is-layout-flex\">\n\n<div class=\"wp-block-column is-layout-flow wp-block-column-is-layout-flow\">\n\n<figure class=\"wp-block-image size-medium\"><img decoding=\"async\" src=\"https:\/\/www.artisjet.com\/images\/easyblog_articles\/276\/clear-grayscale-printing.jpg\" alt=\"Impress\u00e3o em escala de cinzas clara com FREEBIRD\"\/><\/figure>\n\n\n<h3 class=\"wp-block-heading\">IMPRESS\u00c3O EM ESCALA DE CINZAS<\/h3>\n\n\n<p>Com impress\u00e3o em escala de cinzas multibit, o FREEBIRD oferece clareza e profundidade de impress\u00e3o superiores, dando vida aos seus designs com precis\u00e3o.<\/p>\n\n<\/div>\n\n\n<div class=\"wp-block-column is-layout-flow wp-block-column-is-layout-flow\">\n\n<figure class=\"wp-block-image size-medium\"><img decoding=\"async\" src=\"https:\/\/www.artisjet.com\/images\/easyblog_articles\/276\/open-API-integration.jpg\" alt=\"Integra\u00e7\u00e3o Open API para fluxo de trabalho cont\u00ednuo com FREEBIRD\"\/><\/figure>\n\n\n<h3 class=\"wp-block-heading\">INTEGRA\u00c7\u00c3O CONT\u00cdNUA NO SEU FLUXO DE TRABALHO<\/h3>\n\n\n<p>Integre as suas tarefas de impress\u00e3o nas opera\u00e7\u00f5es existentes com Open API, com controlo total sobre a gest\u00e3o de trabalhos.<\/p>\n\n<\/div>\n\n<\/div>\n\n\n\n<div class=\"wp-block-columns is-layout-flex wp-container-core-columns-is-layout-9d6595d7 wp-block-columns-is-layout-flex\">\n\n<div class=\"wp-block-column is-layout-flow wp-block-column-is-layout-flow\">\n\n<figure class=\"wp-block-image size-medium\"><img decoding=\"async\" src=\"https:\/\/www.artisjet.com\/images\/easyblog_articles\/276\/cloud-based-monitoring-printing-jobs.jpg\" alt=\"Monitoriza\u00e7\u00e3o na nuvem de trabalhos de impress\u00e3o\"\/><\/figure>\n\n\n<h3 class=\"wp-block-heading\">MONITORIZA\u00c7\u00c3O NA NUVEM<\/h3>\n\n\n<p>Acompanhe trabalhos de impress\u00e3o, desempenho e manuten\u00e7\u00e3o de qualquer lugar do mundo, a qualquer momento.<\/p>\n\n<\/div>\n\n\n<div class=\"wp-block-column is-layout-flow wp-block-column-is-layout-flow\">\n\n<figure class=\"wp-block-image size-medium\"><img decoding=\"async\" src=\"https:\/\/www.artisjet.com\/images\/easyblog_articles\/276\/braille-dots-printing-and-print-effects.jpg\" alt=\"Impress\u00e3o de pontos Braille e efeitos de impress\u00e3o com FREEBIRD\"\/><\/figure>\n\n\n<h3 class=\"wp-block-heading\">POT\u00caNCIA DE PERSONALIZA\u00c7\u00c3O<\/h3>\n\n\n<p>Efeitos especiais como Braille, texturas 3D ou verniz \u2014 o vers\u00e1til motor FREEBIRD trata de tudo, garantindo qualidade premium em cada trabalho.<\/p>\n\n<\/div>\n\n<\/div>\n\n\n\n<h2 class=\"wp-block-heading\">Para quem \u00e9 o FREEBIRD?<\/h2>\n\n\n\n<p>Compat\u00edvel com as impressoras UV da artisJet, o FREEBIRD foi concebido para profissionais que gerem <strong>fluxos de trabalho orientados para projetos<\/strong> e exigem solu\u00e7\u00f5es de impress\u00e3o r\u00e1pidas, de alta qualidade e personaliz\u00e1veis.<\/p>\n\n\n\n<div class=\"wp-block-group has-background\" style=\"background-color:#f5f5f5;padding-top:1.5rem;padding-right:1.5rem;padding-bottom:1.5rem;padding-left:1.5rem\"><div class=\"wp-block-group__inner-container is-layout-constrained wp-container-core-group-is-layout-1675ba18 wp-block-group-is-layout-constrained\">\n\n<h3 class=\"wp-block-heading\">Quer ver o FREEBIRD em a\u00e7\u00e3o?<\/h3>\n\n\n<p>Contacte-nos para uma demonstra\u00e7\u00e3o ao vivo e descubra como o FREEBIRD pode integrar-se no seu fluxo de trabalho e aumentar a produtividade.<br\/><br\/>\ud83d\udcde <a href=\"tel:+351308800977\">+351 308 800 977<\/a><br\/>\ud83d\udce7 <a href=\"mailto:info@artisjet-printers.eu\">info@artisjet-printers.eu<\/a><\/p>\n\n\n<div class=\"wp-block-buttons is-layout-flex wp-block-buttons-is-layout-flex\">\n\n<div class=\"wp-block-button\"><a class=\"wp-block-button__link wp-element-button\" href=\"\/pt\/contact\/\">Solicitar demo FREEBIRD<\/a><\/div>\n\n<\/div>\n\n<\/div><\/div>\n\n\n<\/div><\/div>\n","protected":false},"excerpt":{"rendered":"<p>FREEBIRD \u2014 O m\u00f3dulo de motor de impress\u00e3o de nova gera\u00e7\u00e3o da artisJet FREEBIRD \u00e9 uma melhoria din\u00e2mica do motor de impress\u00e3o integr\u00e1vel em todas as impressoras artisJet. Oferece velocidades de impress\u00e3o 2 vezes mais r\u00e1pidas, precis\u00e3o superior e controlo<\/p>\n","protected":false},"author":1,"featured_media":0,"parent":9013,"menu_order":0,"comment_status":"closed","ping_status":"closed","template":"","meta":{"ngg_post_thumbnail":0,"footnotes":""},"class_list":["post-9022","page","type-page","status-publish","hentry"],"translation":{"provider":"WPGlobus","version":"2.12.2","language":"pt","enabled_languages":["fr","de","pt","en"],"languages":{"fr":{"title":true,"content":true,"excerpt":false},"de":{"title":true,"content":true,"excerpt":false},"pt":{"title":true,"content":true,"excerpt":false},"en":{"title":true,"content":true,"excerpt":false}}},"yoast_head":"<!-- This site is optimized with the Yoast SEO plugin v22.0 - https:\/\/yoast.com\/wordpress\/plugins\/seo\/ -->\n<title>FREEBIRD \u2014 Motor de impress\u00e3o de nova gera\u00e7\u00e3o | Artisjet Europe<\/title>\n<meta name=\"robots\" content=\"index, follow, max-snippet:-1, max-image-preview:large, max-video-preview:-1\" \/>\n<link rel=\"canonical\" href=\"https:\/\/artisjet-printers.eu\/technology\/freebird-print-engine\/\" \/>\n<meta property=\"og:locale\" content=\"pt_PT\" \/>\n<meta property=\"og:type\" content=\"article\" \/>\n<meta property=\"og:title\" content=\"FREEBIRD \u2014 Motor de impress\u00e3o de nova gera\u00e7\u00e3o | Artisjet Europe\" \/>\n<meta property=\"og:url\" content=\"https:\/\/artisjet-printers.eu\/technology\/freebird-print-engine\/\" \/>\n<meta property=\"og:site_name\" content=\"Artisjet Europe\" \/>\n<meta property=\"article:modified_time\" content=\"2026-03-19T06:38:20+00:00\" \/>\n<meta property=\"og:image\" content=\"https:\/\/www.artisjet.com\/images\/easyblog_articles\/276\/printing-speed-two-times-faster.jpg\" \/>\n<meta name=\"twitter:card\" content=\"summary_large_image\" \/>\n<meta name=\"twitter:label1\" content=\"Tempo estimado de leitura\" \/>\n\t<meta name=\"twitter:data1\" content=\"6 minutos\" \/>\n<script type=\"application\/ld+json\" class=\"yoast-schema-graph\">{\"@context\":\"https:\/\/schema.org\",\"@graph\":[{\"@type\":\"WebPage\",\"@id\":\"https:\/\/artisjet-printers.eu\/technology\/freebird-print-engine\/\",\"url\":\"https:\/\/artisjet-printers.eu\/technology\/freebird-print-engine\/\",\"name\":\"FREEBIRD \u2014 Motor de impress\u00e3o de nova gera\u00e7\u00e3o | Artisjet Europe\",\"isPartOf\":{\"@id\":\"https:\/\/artisjet-printers.eu\/#website\"},\"datePublished\":\"2026-03-18T21:29:19+00:00\",\"dateModified\":\"2026-03-19T06:38:20+00:00\",\"breadcrumb\":{\"@id\":\"https:\/\/artisjet-printers.eu\/technology\/freebird-print-engine\/#breadcrumb\"},\"inLanguage\":\"pt-PT\",\"potentialAction\":[{\"@type\":\"ReadAction\",\"target\":[\"https:\/\/artisjet-printers.eu\/technology\/freebird-print-engine\/\"]}]},{\"@type\":\"BreadcrumbList\",\"@id\":\"https:\/\/artisjet-printers.eu\/technology\/freebird-print-engine\/#breadcrumb\",\"itemListElement\":[{\"@type\":\"ListItem\",\"position\":1,\"name\":\"Home\",\"item\":\"https:\/\/artisjet-printers.eu\/\"},{\"@type\":\"ListItem\",\"position\":2,\"name\":\"Technologie d\u2019impression UV\",\"item\":\"https:\/\/artisjet-printers.eu\/technology\/\"},{\"@type\":\"ListItem\",\"position\":3,\"name\":\"FREEBIRD \u2014 Moteur d\u2019impression nouvelle g\u00e9n\u00e9ration\"}]},{\"@type\":\"WebSite\",\"@id\":\"https:\/\/artisjet-printers.eu\/#website\",\"url\":\"https:\/\/artisjet-printers.eu\/\",\"name\":\"Artisjet Europe\",\"description\":\"Official distributor in Europe\",\"publisher\":{\"@id\":\"https:\/\/artisjet-printers.eu\/#organization\"},\"potentialAction\":[{\"@type\":\"SearchAction\",\"target\":{\"@type\":\"EntryPoint\",\"urlTemplate\":\"https:\/\/artisjet-printers.eu\/?s={search_term_string}\"},\"query-input\":\"required name=search_term_string\"}],\"inLanguage\":\"pt-PT\"},{\"@type\":\"Organization\",\"@id\":\"https:\/\/artisjet-printers.eu\/#organization\",\"name\":\"ArtisJet\",\"url\":\"https:\/\/artisjet-printers.eu\/\",\"logo\":{\"@type\":\"ImageObject\",\"inLanguage\":\"pt-PT\",\"@id\":\"https:\/\/artisjet-printers.eu\/#\/schema\/logo\/image\/\",\"url\":\"https:\/\/artisjet-printers.eu\/wp-content\/uploads\/2017\/12\/logoartisjet.jpg\",\"contentUrl\":\"https:\/\/artisjet-printers.eu\/wp-content\/uploads\/2017\/12\/logoartisjet.jpg\",\"width\":217,\"height\":80,\"caption\":\"ArtisJet\"},\"image\":{\"@id\":\"https:\/\/artisjet-printers.eu\/#\/schema\/logo\/image\/\"}}]}<\/script>\n<!-- \/ Yoast SEO plugin. -->","yoast_head_json":{"title":"FREEBIRD \u2014 Motor de impress\u00e3o de nova gera\u00e7\u00e3o | Artisjet Europe","robots":{"index":"index","follow":"follow","max-snippet":"max-snippet:-1","max-image-preview":"max-image-preview:large","max-video-preview":"max-video-preview:-1"},"canonical":"https:\/\/artisjet-printers.eu\/technology\/freebird-print-engine\/","og_locale":"pt_PT","og_type":"article","og_title":"FREEBIRD \u2014 Motor de impress\u00e3o de nova gera\u00e7\u00e3o | Artisjet Europe","og_url":"https:\/\/artisjet-printers.eu\/technology\/freebird-print-engine\/","og_site_name":"Artisjet Europe","article_modified_time":"2026-03-19T06:38:20+00:00","og_image":[{"url":"https:\/\/www.artisjet.com\/images\/easyblog_articles\/276\/printing-speed-two-times-faster.jpg"}],"twitter_card":"summary_large_image","twitter_misc":{"Tempo estimado de leitura":"6 minutos"},"schema":{"@context":"https:\/\/schema.org","@graph":[{"@type":"WebPage","@id":"https:\/\/artisjet-printers.eu\/technology\/freebird-print-engine\/","url":"https:\/\/artisjet-printers.eu\/technology\/freebird-print-engine\/","name":"FREEBIRD \u2014 Motor de impress\u00e3o de nova gera\u00e7\u00e3o | Artisjet Europe","isPartOf":{"@id":"https:\/\/artisjet-printers.eu\/#website"},"datePublished":"2026-03-18T21:29:19+00:00","dateModified":"2026-03-19T06:38:20+00:00","breadcrumb":{"@id":"https:\/\/artisjet-printers.eu\/technology\/freebird-print-engine\/#breadcrumb"},"inLanguage":"pt-PT","potentialAction":[{"@type":"ReadAction","target":["https:\/\/artisjet-printers.eu\/technology\/freebird-print-engine\/"]}]},{"@type":"BreadcrumbList","@id":"https:\/\/artisjet-printers.eu\/technology\/freebird-print-engine\/#breadcrumb","itemListElement":[{"@type":"ListItem","position":1,"name":"Home","item":"https:\/\/artisjet-printers.eu\/"},{"@type":"ListItem","position":2,"name":"Technologie d\u2019impression UV","item":"https:\/\/artisjet-printers.eu\/technology\/"},{"@type":"ListItem","position":3,"name":"FREEBIRD \u2014 Moteur d\u2019impression nouvelle g\u00e9n\u00e9ration"}]},{"@type":"WebSite","@id":"https:\/\/artisjet-printers.eu\/#website","url":"https:\/\/artisjet-printers.eu\/","name":"Artisjet Europe","description":"Official distributor in Europe","publisher":{"@id":"https:\/\/artisjet-printers.eu\/#organization"},"potentialAction":[{"@type":"SearchAction","target":{"@type":"EntryPoint","urlTemplate":"https:\/\/artisjet-printers.eu\/?s={search_term_string}"},"query-input":"required name=search_term_string"}],"inLanguage":"pt-PT"},{"@type":"Organization","@id":"https:\/\/artisjet-printers.eu\/#organization","name":"ArtisJet","url":"https:\/\/artisjet-printers.eu\/","logo":{"@type":"ImageObject","inLanguage":"pt-PT","@id":"https:\/\/artisjet-printers.eu\/#\/schema\/logo\/image\/","url":"https:\/\/artisjet-printers.eu\/wp-content\/uploads\/2017\/12\/logoartisjet.jpg","contentUrl":"https:\/\/artisjet-printers.eu\/wp-content\/uploads\/2017\/12\/logoartisjet.jpg","width":217,"height":80,"caption":"ArtisJet"},"image":{"@id":"https:\/\/artisjet-printers.eu\/#\/schema\/logo\/image\/"}}]}},"_links":{"self":[{"href":"https:\/\/artisjet-printers.eu\/pt\/wp-json\/wp\/v2\/pages\/9022","targetHints":{"allow":["GET"]}}],"collection":[{"href":"https:\/\/artisjet-printers.eu\/pt\/wp-json\/wp\/v2\/pages"}],"about":[{"href":"https:\/\/artisjet-printers.eu\/pt\/wp-json\/wp\/v2\/types\/page"}],"author":[{"embeddable":true,"href":"https:\/\/artisjet-printers.eu\/pt\/wp-json\/wp\/v2\/users\/1"}],"replies":[{"embeddable":true,"href":"https:\/\/artisjet-printers.eu\/pt\/wp-json\/wp\/v2\/comments?post=9022"}],"version-history":[{"count":1,"href":"https:\/\/artisjet-printers.eu\/pt\/wp-json\/wp\/v2\/pages\/9022\/revisions"}],"predecessor-version":[{"id":9064,"href":"https:\/\/artisjet-printers.eu\/pt\/wp-json\/wp\/v2\/pages\/9022\/revisions\/9064"}],"up":[{"embeddable":true,"href":"https:\/\/artisjet-printers.eu\/pt\/wp-json\/wp\/v2\/pages\/9013"}],"wp:attachment":[{"href":"https:\/\/artisjet-printers.eu\/pt\/wp-json\/wp\/v2\/media?parent=9022"}],"curies":[{"name":"wp","href":"https:\/\/api.w.org\/{rel}","templated":true}]}}