{"id":9020,"date":"2026-03-18T21:29:19","date_gmt":"2026-03-18T21:29:19","guid":{"rendered":"https:\/\/artisjet-printers.eu\/trust-signs-printer\/"},"modified":"2026-03-19T07:38:20","modified_gmt":"2026-03-19T06:38:20","slug":"trust-signs-printer","status":"publish","type":"page","link":"https:\/\/artisjet-printers.eu\/pt\/technology\/trust-signs-printer\/","title":{"rendered":"TRUST \u2014 Impressora UV de sinal\u00e9tica"},"content":{"rendered":"\n<div class=\"wp-block-group aj-article\"><div class=\"wp-block-group__inner-container is-layout-constrained wp-block-group-is-layout-constrained\">\n\n\n<h1 class=\"wp-block-heading\">Fa\u00e7a Mais com TRUST \u2014 A sua pr\u00f3xima impressora UV profissional para sinal\u00e9tica<\/h1>\n\n\n\n<p>Uma impressora UV compacta para profissionais de sinal\u00e9tica: grandes formatos de cartaz, impress\u00e3o est\u00e1vel, Braille totalmente conforme \u00e0 norma ADA e manuten\u00e7\u00e3o pensada para produ\u00e7\u00e3o di\u00e1ria.<\/p>\n\n\n\n<figure class=\"wp-block-image size-large\"><img decoding=\"async\" src=\"https:\/\/www.artisjet.com\/images\/easyblog_articles\/286\/the-NEW-artisJet-TRUST-printer-for-signage-and-more.jpeg\" alt=\"artisJet TRUST \u2014 impressora UV para sinal\u00e9tica\"\/><\/figure>\n\n\n\n<div class=\"wp-block-buttons is-layout-flex wp-block-buttons-is-layout-flex\">\n\n<div class=\"wp-block-button\"><a class=\"wp-block-button__link wp-element-button\" href=\"https:\/\/youtu.be\/rlkaiwQgR8o\">Ver v\u00eddeo<\/a><\/div>\n\n\n<div class=\"wp-block-button is-style-outline is-style-outline--1\"><a class=\"wp-block-button__link wp-element-button\" href=\"\/pt\/contact\/\">Pedir informa\u00e7\u00f5es<\/a><\/div>\n\n<\/div>\n\n\n\n<h2 class=\"wp-block-heading\">Porqu\u00ea TRUST<\/h2>\n\n\n\n<p>Nascida de uma necessidade real: uma marca l\u00edder em laser e CNC procurava uma impressora UV mais fi\u00e1vel para complementar as suas solu\u00e7\u00f5es. O que come\u00e7ou como o modelo &#8220;6090&#8221; (ISO A1+ 60 \u00d7 90 cm) evoluiu para se tornar a impressora mais compacta do seu tamanho a n\u00edvel mundial, concebida para formatos de sinal\u00e9tica profissional e produ\u00e7\u00e3o personalizada vers\u00e1til.<\/p>\n\n\n\n<h3 class=\"wp-block-heading\">Concebida para sinal\u00e9tica e muito mais<\/h3>\n\n\n\n<ul class=\"wp-block-list\">\n\n<li>Tamanhos de cartaz: <strong>45\u00d760 cm<\/strong>, <strong>60\u00d760 cm<\/strong>, <strong>60\u00d790 cm<\/strong><\/li>\n\n\n<li>Sinal\u00e9tica interior: orienta\u00e7\u00e3o e seguran\u00e7a<\/li>\n\n\n<li>Sinal\u00e9tica Braille conforme \u00e0 norma ADA<\/li>\n\n\n<li>Personaliza\u00e7\u00e3o de pain\u00e9is de elevador e de controlo<\/li>\n\n\n<li>Produ\u00e7\u00e3o em tiragem curta e em lotes<\/li>\n\n<\/ul>\n\n\n\n<h2 class=\"wp-block-heading\">Especifica\u00e7\u00f5es principais<\/h2>\n\n\n\n<figure class=\"wp-block-table\"><table><tbody>\n<tr><td><strong>\u00c1rea de impress\u00e3o<\/strong><\/td><td>60,96 \u00d7 91,44 cm<\/td><\/tr>\n<tr><td><strong>Altura m\u00e1xima do objeto<\/strong><\/td><td>at\u00e9 25,4 cm<\/td><\/tr>\n<tr><td><strong>Resolu\u00e7\u00e3o<\/strong><\/td><td>at\u00e9 1800 DPI<\/td><\/tr>\n<tr><td><strong>Canais de tinta<\/strong><\/td><td>CMYK + WW + VV<\/td><\/tr>\n<tr><td><strong>Efeitos<\/strong><\/td><td>Braille ADA, relevo 3D, verniz gloss\/mate, sandwich CWC, efeito ouro<\/td><\/tr>\n<tr><td><strong>Rotativo<\/strong><\/td><td>\u00d8 1,5 \u2013 22,5 cm<\/td><\/tr>\n<tr><td><strong>Scan de altura<\/strong><\/td><td>Autom\u00e1tico \u2014 sem ajuste manual<\/td><\/tr>\n<\/tbody><\/table><\/figure>\n\n\n\n<h2 class=\"wp-block-heading\">Efeitos de impress\u00e3o para sinal\u00e9tica<\/h2>\n\n\n\n<div class=\"wp-block-columns is-layout-flex wp-container-core-columns-is-layout-9d6595d7 wp-block-columns-is-layout-flex\">\n\n<div class=\"wp-block-column is-layout-flow wp-block-column-is-layout-flow\">\n\n<figure class=\"wp-block-image size-medium\"><img decoding=\"async\" src=\"https:\/\/www.artisjet.com\/images\/easyblog_articles\/286\/fully-compliant-ADA-Braille-signage.png\" alt=\"Sinal\u00e9tica Braille conforme \u00e0 norma ADA\"\/><\/figure>\n\n\n<p><strong>Braille totalmente conforme \u00e0 norma ADA<\/strong><br\/>Pontos impressos numa \u00fanica passagem, altura 0,74\u20130,76 mm.<\/p>\n\n<\/div>\n\n\n<div class=\"wp-block-column is-layout-flow wp-block-column-is-layout-flow\">\n\n<figure class=\"wp-block-image size-medium\"><img decoding=\"async\" src=\"https:\/\/www.artisjet.com\/images\/easyblog_articles\/286\/embossed-letters-printing-on-yard-signage.png\" alt=\"Letras em relevo em pain\u00e9is de sinal\u00e9tica\"\/><\/figure>\n\n\n<p><strong>Texturas em relevo a 3 n\u00edveis<\/strong><br\/>Pequeno 0,18 mm \u00b7 M\u00e9dio 0,38 mm \u00b7 Grande 0,58 mm<\/p>\n\n<\/div>\n\n<\/div>\n\n\n\n<div class=\"wp-block-columns is-layout-flex wp-container-core-columns-is-layout-9d6595d7 wp-block-columns-is-layout-flex\">\n\n<div class=\"wp-block-column is-layout-flow wp-block-column-is-layout-flow\">\n\n<figure class=\"wp-block-image size-medium\"><img decoding=\"async\" src=\"https:\/\/www.artisjet.com\/images\/easyblog_articles\/286\/accurate-real-photo-quality-color-reproduction.png\" alt=\"Reprodu\u00e7\u00e3o de cor com qualidade fotogr\u00e1fica real\"\/><\/figure>\n\n\n<p><strong>Qualidade fotogr\u00e1fica real<\/strong><br\/>Reprodu\u00e7\u00e3o de cor e contraste de alto n\u00edvel.<\/p>\n\n<\/div>\n\n\n<div class=\"wp-block-column is-layout-flow wp-block-column-is-layout-flow\">\n\n<figure class=\"wp-block-image size-medium\"><img decoding=\"async\" src=\"https:\/\/www.artisjet.com\/images\/easyblog_articles\/286\/color-white-color-layers-printing-for-transparent-signage.png\" alt=\"Impress\u00e3o CWC para sinal\u00e9tica transparente\"\/><\/figure>\n\n\n<p><strong>Impress\u00e3o sandwich CWC<\/strong><br\/>Cor\u2013Branco\u2013Cor numa \u00fanica passagem para substratos transparentes.<\/p>\n\n<\/div>\n\n<\/div>\n\n\n\n<div class=\"wp-block-columns is-layout-flex wp-container-core-columns-is-layout-9d6595d7 wp-block-columns-is-layout-flex\">\n\n<div class=\"wp-block-column is-layout-flow wp-block-column-is-layout-flow\">\n\n<figure class=\"wp-block-image size-medium\"><img decoding=\"async\" src=\"https:\/\/www.artisjet.com\/images\/easyblog_articles\/286\/varnish-printing-on-rotary.png\" alt=\"Acabamento com verniz em impress\u00e3o rotativa\"\/><\/figure>\n\n\n<p><strong>Acabamentos de verniz<\/strong><br\/>Gloss \/ mate \/ verniz inverso para contraste premium e durabilidade.<\/p>\n\n<\/div>\n\n\n<div class=\"wp-block-column is-layout-flow wp-block-column-is-layout-flow\">\n\n<figure class=\"wp-block-image size-medium\"><img decoding=\"async\" src=\"https:\/\/www.artisjet.com\/images\/easyblog_articles\/286\/wedding-cards-signage-gold-printing.png\" alt=\"Efeitos de impress\u00e3o ouro em sinal\u00e9tica\"\/><\/figure>\n\n\n<p><strong>Ouro sem ouro<\/strong><br\/>3 tipos de efeito ouro: brilhante liso, brilhante\/mate com textura (com Braille).<\/p>\n\n<\/div>\n\n<\/div>\n\n\n\n<p><strong>Fluxo de trabalho BEC1GO\u2122:<\/strong> Braille + relevo + cor numa \u00fanica etapa estruturada.<\/p>\n\n\n\n<h2 class=\"wp-block-heading\">Fluxo de trabalho r\u00e1pido sob press\u00e3o<\/h2>\n\n\n\n<div class=\"wp-block-columns is-layout-flex wp-container-core-columns-is-layout-9d6595d7 wp-block-columns-is-layout-flex\">\n\n<div class=\"wp-block-column is-layout-flow wp-block-column-is-layout-flow\">\n\n<figure class=\"wp-block-image size-medium\"><img decoding=\"async\" src=\"https:\/\/www.artisjet.com\/images\/easyblog_articles\/286\/hot-folder-direct-artwork-and-design-selection.png\" alt=\"Interface software artisJet Workstation \u2014 pasta monitorizada\"\/><\/figure>\n\n<\/div>\n\n\n<div class=\"wp-block-column is-layout-flow wp-block-column-is-layout-flow\">\n\n<figure class=\"wp-block-image size-medium\"><img decoding=\"async\" src=\"https:\/\/www.artisjet.com\/images\/easyblog_articles\/286\/hot-folder-integration.png\" alt=\"Designer a preparar trabalho de impress\u00e3o na workstation\"\/><\/figure>\n\n<\/div>\n\n<\/div>\n\n\n\n<ul class=\"wp-block-list\">\n\n<li><strong>Hot Folder<\/strong> \u2014 coloque o ficheiro e a impress\u00e3o come\u00e7a automaticamente.<\/li>\n\n\n<li><strong>Compat\u00edvel com Photoshop \/ Illustrator \/ CorelDRAW<\/strong> \u2014 sem alterar o seu fluxo de design.<\/li>\n\n\n<li><strong>Nitidez de contornos<\/strong> \u2014 texto pequeno e detalhes finos mais n\u00edtidos para melhor legibilidade.<\/li>\n\n\n<li><strong>Estimativa de tempo e custo do trabalho<\/strong> \u2014 planeie a produ\u00e7\u00e3o, pre\u00e7os e prazos.<\/li>\n\n\n<li><strong>Alertas de n\u00edvel de tinta<\/strong> \u2014 evita paragens a meio do trabalho.<\/li>\n\n<\/ul>\n\n\n\n<h2 class=\"wp-block-heading\">Manuten\u00e7\u00e3o simples \u2014 sim, pode deslig\u00e1-la \u00e0 noite<\/h2>\n\n\n\n<div class=\"wp-block-columns is-layout-flex wp-container-core-columns-is-layout-9d6595d7 wp-block-columns-is-layout-flex\">\n\n<div class=\"wp-block-column is-layout-flow wp-block-column-is-layout-flow\">\n\n<figure class=\"wp-block-image size-medium\"><img decoding=\"async\" src=\"https:\/\/www.artisjet.com\/images\/easyblog_articles\/286\/coffee-level-maintenance.png\" alt=\"Tampa de acesso f\u00e1cil para manuten\u00e7\u00e3o artisJet TRUST\"\/><\/figure>\n\n<\/div>\n\n\n<div class=\"wp-block-column is-layout-flow wp-block-column-is-layout-flow\">\n\n<figure class=\"wp-block-image size-medium\"><img decoding=\"async\" src=\"https:\/\/www.artisjet.com\/images\/easyblog_articles\/286\/easy-printer-maintenance.png\" alt=\"Sistema de tinta e processo de limpeza artisJet TRUST\"\/><\/figure>\n\n<\/div>\n\n<\/div>\n\n\n\n<ul class=\"wp-block-list\">\n\n<li><strong>Desligar \u00e0 noite<\/strong> \u2014 sem rotinas de desligamento complicadas.<\/li>\n\n\n<li><strong>LIMPAR de manh\u00e3 com um clique<\/strong> \u2192 verifica\u00e7\u00e3o\/limpeza autom\u00e1tica \u2192 pronta a imprimir.<\/li>\n\n\n<li><strong>Automanuten\u00e7\u00e3o<\/strong> ap\u00f3s uso intensivo ou per\u00edodos de inatividade prolongados.<\/li>\n\n\n<li><strong>Tampas de acesso r\u00e1pido<\/strong> para resolu\u00e7\u00e3o de problemas e servi\u00e7o t\u00e9cnico.<\/li>\n\n\n<li><strong>Alertas de tinta e res\u00edduos<\/strong> para evitar surpresas desagrad\u00e1veis.<\/li>\n\n<\/ul>\n\n\n\n<div class=\"wp-block-group has-background\" style=\"background-color:#f5f5f5;padding-top:1.5rem;padding-right:1.5rem;padding-bottom:1.5rem;padding-left:1.5rem\"><div class=\"wp-block-group__inner-container is-layout-constrained wp-container-core-group-is-layout-1675ba18 wp-block-group-is-layout-constrained\">\n\n<h3 class=\"wp-block-heading\">Tem perguntas sobre impress\u00e3o de sinal\u00e9tica?<\/h3>\n\n\n<p>Diga-nos o que imprime (cartazes, Braille ADA, orienta\u00e7\u00e3o, sinal\u00e9tica de seguran\u00e7a, pain\u00e9is) e ajudamo-lo a avaliar a solu\u00e7\u00e3o mais adequada.<br\/><br\/>\ud83d\udcde <a href=\"tel:+351308800977\">+351 308 800 977<\/a><br\/>\ud83d\udce7 <a href=\"mailto:info@artisjet-printers.eu\">info@artisjet-printers.eu<\/a><\/p>\n\n\n<div class=\"wp-block-buttons is-layout-flex wp-block-buttons-is-layout-flex\">\n\n<div class=\"wp-block-button\"><a class=\"wp-block-button__link wp-element-button\" href=\"\/pt\/contact\/\">Contactar artisJet Europe<\/a><\/div>\n\n<\/div>\n\n<\/div><\/div>\n\n\n<\/div><\/div>\n","protected":false},"excerpt":{"rendered":"<p>Fa\u00e7a Mais com TRUST \u2014 A sua pr\u00f3xima impressora UV profissional para sinal\u00e9tica Uma impressora UV compacta para profissionais de sinal\u00e9tica: grandes formatos de cartaz, impress\u00e3o est\u00e1vel, Braille totalmente conforme \u00e0 norma ADA e manuten\u00e7\u00e3o pensada para produ\u00e7\u00e3o di\u00e1ria. Porqu\u00ea<\/p>\n","protected":false},"author":1,"featured_media":0,"parent":9013,"menu_order":0,"comment_status":"closed","ping_status":"closed","template":"","meta":{"ngg_post_thumbnail":0,"footnotes":""},"class_list":["post-9020","page","type-page","status-publish","hentry"],"translation":{"provider":"WPGlobus","version":"2.12.2","language":"pt","enabled_languages":["fr","de","pt","en"],"languages":{"fr":{"title":true,"content":true,"excerpt":false},"de":{"title":true,"content":true,"excerpt":false},"pt":{"title":true,"content":true,"excerpt":false},"en":{"title":true,"content":true,"excerpt":false}}},"yoast_head":"<!-- This site is optimized with the Yoast SEO plugin v22.0 - https:\/\/yoast.com\/wordpress\/plugins\/seo\/ -->\n<title>TRUST \u2014 Impressora UV de sinal\u00e9tica | Artisjet Europe<\/title>\n<meta name=\"robots\" content=\"index, follow, max-snippet:-1, max-image-preview:large, max-video-preview:-1\" \/>\n<link rel=\"canonical\" href=\"https:\/\/artisjet-printers.eu\/technology\/trust-signs-printer\/\" \/>\n<meta property=\"og:locale\" content=\"pt_PT\" \/>\n<meta property=\"og:type\" content=\"article\" \/>\n<meta property=\"og:title\" content=\"TRUST \u2014 Impressora UV de sinal\u00e9tica | Artisjet Europe\" \/>\n<meta property=\"og:url\" content=\"https:\/\/artisjet-printers.eu\/technology\/trust-signs-printer\/\" \/>\n<meta property=\"og:site_name\" content=\"Artisjet Europe\" \/>\n<meta property=\"article:modified_time\" content=\"2026-03-19T06:38:20+00:00\" \/>\n<meta property=\"og:image\" content=\"https:\/\/www.artisjet.com\/images\/easyblog_articles\/286\/the-NEW-artisJet-TRUST-printer-for-signage-and-more.jpeg\" \/>\n<meta name=\"twitter:card\" content=\"summary_large_image\" \/>\n<meta name=\"twitter:label1\" content=\"Tempo estimado de leitura\" \/>\n\t<meta name=\"twitter:data1\" content=\"8 minutos\" \/>\n<script type=\"application\/ld+json\" class=\"yoast-schema-graph\">{\"@context\":\"https:\/\/schema.org\",\"@graph\":[{\"@type\":\"WebPage\",\"@id\":\"https:\/\/artisjet-printers.eu\/technology\/trust-signs-printer\/\",\"url\":\"https:\/\/artisjet-printers.eu\/technology\/trust-signs-printer\/\",\"name\":\"TRUST \u2014 Impressora UV de sinal\u00e9tica | Artisjet Europe\",\"isPartOf\":{\"@id\":\"https:\/\/artisjet-printers.eu\/#website\"},\"datePublished\":\"2026-03-18T21:29:19+00:00\",\"dateModified\":\"2026-03-19T06:38:20+00:00\",\"breadcrumb\":{\"@id\":\"https:\/\/artisjet-printers.eu\/technology\/trust-signs-printer\/#breadcrumb\"},\"inLanguage\":\"pt-PT\",\"potentialAction\":[{\"@type\":\"ReadAction\",\"target\":[\"https:\/\/artisjet-printers.eu\/technology\/trust-signs-printer\/\"]}]},{\"@type\":\"BreadcrumbList\",\"@id\":\"https:\/\/artisjet-printers.eu\/technology\/trust-signs-printer\/#breadcrumb\",\"itemListElement\":[{\"@type\":\"ListItem\",\"position\":1,\"name\":\"Home\",\"item\":\"https:\/\/artisjet-printers.eu\/\"},{\"@type\":\"ListItem\",\"position\":2,\"name\":\"Technologie d\u2019impression UV\",\"item\":\"https:\/\/artisjet-printers.eu\/technology\/\"},{\"@type\":\"ListItem\",\"position\":3,\"name\":\"TRUST \u2014 Imprimante UV de signalet\u00e9ique\"}]},{\"@type\":\"WebSite\",\"@id\":\"https:\/\/artisjet-printers.eu\/#website\",\"url\":\"https:\/\/artisjet-printers.eu\/\",\"name\":\"Artisjet Europe\",\"description\":\"Official distributor in Europe\",\"publisher\":{\"@id\":\"https:\/\/artisjet-printers.eu\/#organization\"},\"potentialAction\":[{\"@type\":\"SearchAction\",\"target\":{\"@type\":\"EntryPoint\",\"urlTemplate\":\"https:\/\/artisjet-printers.eu\/?s={search_term_string}\"},\"query-input\":\"required name=search_term_string\"}],\"inLanguage\":\"pt-PT\"},{\"@type\":\"Organization\",\"@id\":\"https:\/\/artisjet-printers.eu\/#organization\",\"name\":\"ArtisJet\",\"url\":\"https:\/\/artisjet-printers.eu\/\",\"logo\":{\"@type\":\"ImageObject\",\"inLanguage\":\"pt-PT\",\"@id\":\"https:\/\/artisjet-printers.eu\/#\/schema\/logo\/image\/\",\"url\":\"https:\/\/artisjet-printers.eu\/wp-content\/uploads\/2017\/12\/logoartisjet.jpg\",\"contentUrl\":\"https:\/\/artisjet-printers.eu\/wp-content\/uploads\/2017\/12\/logoartisjet.jpg\",\"width\":217,\"height\":80,\"caption\":\"ArtisJet\"},\"image\":{\"@id\":\"https:\/\/artisjet-printers.eu\/#\/schema\/logo\/image\/\"}}]}<\/script>\n<!-- \/ Yoast SEO plugin. -->","yoast_head_json":{"title":"TRUST \u2014 Impressora UV de sinal\u00e9tica | Artisjet Europe","robots":{"index":"index","follow":"follow","max-snippet":"max-snippet:-1","max-image-preview":"max-image-preview:large","max-video-preview":"max-video-preview:-1"},"canonical":"https:\/\/artisjet-printers.eu\/technology\/trust-signs-printer\/","og_locale":"pt_PT","og_type":"article","og_title":"TRUST \u2014 Impressora UV de sinal\u00e9tica | Artisjet Europe","og_url":"https:\/\/artisjet-printers.eu\/technology\/trust-signs-printer\/","og_site_name":"Artisjet Europe","article_modified_time":"2026-03-19T06:38:20+00:00","og_image":[{"url":"https:\/\/www.artisjet.com\/images\/easyblog_articles\/286\/the-NEW-artisJet-TRUST-printer-for-signage-and-more.jpeg"}],"twitter_card":"summary_large_image","twitter_misc":{"Tempo estimado de leitura":"8 minutos"},"schema":{"@context":"https:\/\/schema.org","@graph":[{"@type":"WebPage","@id":"https:\/\/artisjet-printers.eu\/technology\/trust-signs-printer\/","url":"https:\/\/artisjet-printers.eu\/technology\/trust-signs-printer\/","name":"TRUST \u2014 Impressora UV de sinal\u00e9tica | Artisjet Europe","isPartOf":{"@id":"https:\/\/artisjet-printers.eu\/#website"},"datePublished":"2026-03-18T21:29:19+00:00","dateModified":"2026-03-19T06:38:20+00:00","breadcrumb":{"@id":"https:\/\/artisjet-printers.eu\/technology\/trust-signs-printer\/#breadcrumb"},"inLanguage":"pt-PT","potentialAction":[{"@type":"ReadAction","target":["https:\/\/artisjet-printers.eu\/technology\/trust-signs-printer\/"]}]},{"@type":"BreadcrumbList","@id":"https:\/\/artisjet-printers.eu\/technology\/trust-signs-printer\/#breadcrumb","itemListElement":[{"@type":"ListItem","position":1,"name":"Home","item":"https:\/\/artisjet-printers.eu\/"},{"@type":"ListItem","position":2,"name":"Technologie d\u2019impression UV","item":"https:\/\/artisjet-printers.eu\/technology\/"},{"@type":"ListItem","position":3,"name":"TRUST \u2014 Imprimante UV de signalet\u00e9ique"}]},{"@type":"WebSite","@id":"https:\/\/artisjet-printers.eu\/#website","url":"https:\/\/artisjet-printers.eu\/","name":"Artisjet Europe","description":"Official distributor in Europe","publisher":{"@id":"https:\/\/artisjet-printers.eu\/#organization"},"potentialAction":[{"@type":"SearchAction","target":{"@type":"EntryPoint","urlTemplate":"https:\/\/artisjet-printers.eu\/?s={search_term_string}"},"query-input":"required name=search_term_string"}],"inLanguage":"pt-PT"},{"@type":"Organization","@id":"https:\/\/artisjet-printers.eu\/#organization","name":"ArtisJet","url":"https:\/\/artisjet-printers.eu\/","logo":{"@type":"ImageObject","inLanguage":"pt-PT","@id":"https:\/\/artisjet-printers.eu\/#\/schema\/logo\/image\/","url":"https:\/\/artisjet-printers.eu\/wp-content\/uploads\/2017\/12\/logoartisjet.jpg","contentUrl":"https:\/\/artisjet-printers.eu\/wp-content\/uploads\/2017\/12\/logoartisjet.jpg","width":217,"height":80,"caption":"ArtisJet"},"image":{"@id":"https:\/\/artisjet-printers.eu\/#\/schema\/logo\/image\/"}}]}},"_links":{"self":[{"href":"https:\/\/artisjet-printers.eu\/pt\/wp-json\/wp\/v2\/pages\/9020","targetHints":{"allow":["GET"]}}],"collection":[{"href":"https:\/\/artisjet-printers.eu\/pt\/wp-json\/wp\/v2\/pages"}],"about":[{"href":"https:\/\/artisjet-printers.eu\/pt\/wp-json\/wp\/v2\/types\/page"}],"author":[{"embeddable":true,"href":"https:\/\/artisjet-printers.eu\/pt\/wp-json\/wp\/v2\/users\/1"}],"replies":[{"embeddable":true,"href":"https:\/\/artisjet-printers.eu\/pt\/wp-json\/wp\/v2\/comments?post=9020"}],"version-history":[{"count":1,"href":"https:\/\/artisjet-printers.eu\/pt\/wp-json\/wp\/v2\/pages\/9020\/revisions"}],"predecessor-version":[{"id":9063,"href":"https:\/\/artisjet-printers.eu\/pt\/wp-json\/wp\/v2\/pages\/9020\/revisions\/9063"}],"up":[{"embeddable":true,"href":"https:\/\/artisjet-printers.eu\/pt\/wp-json\/wp\/v2\/pages\/9013"}],"wp:attachment":[{"href":"https:\/\/artisjet-printers.eu\/pt\/wp-json\/wp\/v2\/media?parent=9020"}],"curies":[{"name":"wp","href":"https:\/\/api.w.org\/{rel}","templated":true}]}}