{"id":9013,"date":"2026-03-19T06:20:19","date_gmt":"2026-03-19T06:20:19","guid":{"rendered":"https:\/\/artisjet-printers.eu\/technology\/"},"modified":"2026-03-19T06:20:19","modified_gmt":"2026-03-19T06:20:19","slug":"technology","status":"publish","type":"page","link":"https:\/\/artisjet-printers.eu\/pt\/technology\/","title":{"rendered":"Tecnologia artisJet Europe"},"content":{"rendered":"\n<div class=\"wp-block-group aj-page-technology\"><div class=\"wp-block-group__inner-container is-layout-constrained wp-block-group-is-layout-constrained\">\n\n\n<h1 class=\"wp-block-heading\">Tecnologia artisJet Europe<\/h1>\n\n\n\n<p>Artigos t\u00e9cnicos, guias de produto e novidades tecnol\u00f3gicas da artisJet para utilizadores e profissionais de impress\u00e3o UV-LED na Europa.<\/p>\n\n\n\n<div class=\"wp-block-group aj-post-card has-border-color\" style=\"border-color:#e0e0e0;border-width:1px;padding-top:2rem;padding-right:2rem;padding-bottom:2rem;padding-left:2rem\"><div class=\"wp-block-group__inner-container is-layout-constrained wp-container-core-group-is-layout-bcd1463b wp-block-group-is-layout-constrained\">\n\n\n<p><strong>TECNOLOGIA \u00b7 PRODUTO<\/strong><\/p>\n\n\n\n<h2 class=\"wp-block-heading\"><a href=\"\/pt\/technology\/trust-signs-printer\/\">TRUST \u2014 A sua pr\u00f3xima impressora UV profissional para sinal\u00e9tica<\/a><\/h2>\n\n\n\n<figure class=\"wp-block-image size-large\"><img decoding=\"async\" src=\"https:\/\/www.artisjet.com\/images\/easyblog_articles\/286\/the-NEW-artisJet-TRUST-printer-for-signage-and-more.jpeg\" alt=\"artisJet TRUST\"\/><\/figure>\n\n\n\n<p>Uma impressora UV compacta para profissionais de sinal\u00e9tica: grandes formatos at\u00e9 60\u00d790\u00a0cm, Braille ADA conforme, efeitos de relevo, verniz e manuten\u00e7\u00e3o para produ\u00e7\u00e3o di\u00e1ria.<\/p>\n\n\n\n<div class=\"wp-block-buttons is-layout-flex wp-block-buttons-is-layout-flex\">\n\n<div class=\"wp-block-button\"><a class=\"wp-block-button__link wp-element-button\" href=\"\/pt\/technology\/trust-signs-printer\/\">Ler mais<\/a><\/div>\n\n<\/div>\n\n\n<\/div><\/div>\n\n\n\n<div class=\"wp-block-group aj-post-card has-border-color\" style=\"border-color:#e0e0e0;border-width:1px;padding-top:2rem;padding-right:2rem;padding-bottom:2rem;padding-left:2rem\"><div class=\"wp-block-group__inner-container is-layout-constrained wp-container-core-group-is-layout-bcd1463b wp-block-group-is-layout-constrained\">\n\n\n<p><strong>NOT\u00cdCIAS \u00b7 RECONHECIMENTOS<\/strong><\/p>\n\n\n\n<h2 class=\"wp-block-heading\"><a href=\"\/pt\/bec1go-edison-awards\/\">BEC1GO\u2122 nomeado para os Edison Awards 2026<\/a><\/h2>\n\n\n\n<figure class=\"wp-block-image size-large\"><img decoding=\"async\" src=\"https:\/\/www.artisjet.com\/images\/Signatures\/edison-seal.png\" alt=\"Edison Awards 2026\"\/><\/figure>\n\n\n\n<p>BEC1GO\u2122 oficialmente nomeado para os Edison Awards 2026, categoria Commercial Technology. Um marco partilhado que reconhece a tecnologia de impress\u00e3o numa \u00fanica passagem.<\/p>\n\n\n\n<div class=\"wp-block-buttons is-layout-flex wp-block-buttons-is-layout-flex\">\n\n<div class=\"wp-block-button\"><a class=\"wp-block-button__link wp-element-button\" href=\"\/pt\/bec1go-edison-awards\/\">Ler mais<\/a><\/div>\n\n<\/div>\n\n\n<\/div><\/div>\n\n\n\n<div class=\"wp-block-group aj-post-card has-border-color\" style=\"border-color:#e0e0e0;border-width:1px;padding-top:2rem;padding-right:2rem;padding-bottom:2rem;padding-left:2rem\"><div class=\"wp-block-group__inner-container is-layout-constrained wp-container-core-group-is-layout-bcd1463b wp-block-group-is-layout-constrained\">\n\n\n<p><strong>TECNOLOGIA \u00b7 MOTOR<\/strong><\/p>\n\n\n\n<h2 class=\"wp-block-heading\"><a href=\"\/pt\/technology\/freebird-print-engine\/\">FREEBIRD \u2014 O m\u00f3dulo de motor de impress\u00e3o de nova gera\u00e7\u00e3o<\/a><\/h2>\n\n\n\n<figure class=\"wp-block-image size-large\"><img decoding=\"async\" src=\"https:\/\/www.artisjet.com\/images\/easyblog_articles\/276\/printing-speed-two-times-faster.jpg\" alt=\"FREEBIRD 2x\"\/><\/figure>\n\n\n\n<p>FREEBIRD \u00e9 a melhoria do motor de impress\u00e3o para todas as impressoras artisJet: velocidade 2x, chip nova gera\u00e7\u00e3o, escala de cinzas, Open API e monitoriza\u00e7\u00e3o na nuvem.<\/p>\n\n\n\n<div class=\"wp-block-buttons is-layout-flex wp-block-buttons-is-layout-flex\">\n\n<div class=\"wp-block-button\"><a class=\"wp-block-button__link wp-element-button\" href=\"\/pt\/technology\/freebird-print-engine\/\">Ler mais<\/a><\/div>\n\n<\/div>\n\n\n<\/div><\/div>\n\n\n\n<div class=\"wp-block-group aj-post-card has-border-color\" style=\"border-color:#e0e0e0;border-width:1px;padding-top:2rem;padding-right:2rem;padding-bottom:2rem;padding-left:2rem\"><div class=\"wp-block-group__inner-container is-layout-constrained wp-container-core-group-is-layout-bcd1463b wp-block-group-is-layout-constrained\">\n\n\n<p><strong>TECNOLOGIA \u00b7 SOFTWARE E SERVI\u00c7O<\/strong><\/p>\n\n\n\n<h2 class=\"wp-block-heading\"><a href=\"\/pt\/cloud-service\/\">Servi\u00e7o Cloud \u2014 Otimize o trabalho e a impress\u00e3o<\/a><\/h2>\n\n\n\n<figure class=\"wp-block-image size-large\"><img decoding=\"async\" src=\"https:\/\/www.artisjet.com\/images\/easyblog_articles\/263\/automation-and-digitalization.png\" alt=\"Servi\u00e7o Cloud artisJet\"\/><\/figure>\n\n\n\n<p>O sistema cloud da artisJet permite automatiza\u00e7\u00e3o, estimativa de custos, manuten\u00e7\u00e3o com um clique, compatibilidade com software de terceiros e assist\u00eancia t\u00e9cnica remota.<\/p>\n\n\n\n<div class=\"wp-block-buttons is-layout-flex wp-block-buttons-is-layout-flex\">\n\n<div class=\"wp-block-button\"><a class=\"wp-block-button__link wp-element-button\" href=\"\/pt\/cloud-service\/\">Ler mais<\/a><\/div>\n\n<\/div>\n\n\n<\/div><\/div>\n\n\n\n<div class=\"wp-block-group aj-post-card has-border-color\" style=\"border-color:#e0e0e0;border-width:1px;padding-top:2rem;padding-right:2rem;padding-bottom:2rem;padding-left:2rem\"><div class=\"wp-block-group__inner-container is-layout-constrained wp-container-core-group-is-layout-bcd1463b wp-block-group-is-layout-constrained\">\n\n\n<p><strong>TECNOLOGIA \u00b7 SOFTWARE<\/strong><\/p>\n\n\n\n<h2 class=\"wp-block-heading\"><a href=\"\/pt\/technology\/halftone-dither\/\">95% dos utilizadores nunca usam esta defini\u00e7\u00e3o \u2014 Tramagem Halftone<\/a><\/h2>\n\n\n\n<figure class=\"wp-block-image size-large\"><img decoding=\"async\" src=\"https:\/\/www.artisjet.com\/images\/easyblog_articles\/259\/feathering-setting-in-printing-workstation.jpg\" alt=\"Tramagem Halftone\"\/><\/figure>\n\n\n\n<p>A defini\u00e7\u00e3o Halftone Dither controla a nitidez de transi\u00e7\u00e3o entre passagens de tinta. Aprenda quando usar F, M ou S para o melhor resultado.<\/p>\n\n\n\n<div class=\"wp-block-buttons is-layout-flex wp-block-buttons-is-layout-flex\">\n\n<div class=\"wp-block-button\"><a class=\"wp-block-button__link wp-element-button\" href=\"\/pt\/technology\/halftone-dither\/\">Ler mais<\/a><\/div>\n\n<\/div>\n\n\n<\/div><\/div>\n\n\n\n<div class=\"wp-block-group aj-post-card has-border-color\" style=\"border-color:#e0e0e0;border-width:1px;padding-top:2rem;padding-right:2rem;padding-bottom:2rem;padding-left:2rem\"><div class=\"wp-block-group__inner-container is-layout-constrained wp-container-core-group-is-layout-bcd1463b wp-block-group-is-layout-constrained\">\n\n\n<p><strong>TECNOLOGIA \u00b7 MERCADO<\/strong><\/p>\n\n\n\n<h2 class=\"wp-block-heading\"><a href=\"\/pt\/technology\/why-artisjet\/\">3 raz\u00f5es pelas quais a artisJet talvez n\u00e3o seja para si<\/a><\/h2>\n\n\n\n<figure class=\"wp-block-image size-large\"><img decoding=\"async\" src=\"https:\/\/www.artisjet.com\/images\/easyblog_articles\/229\/SOHO-Business-Solution-for-Mobile-Customization-Young-printer.jpg\" alt=\"artisJet Young SOHO\"\/><\/figure>\n\n\n\n<p>A artisJet est\u00e1 no segmento m\u00e9dio-alto. Antes de investir, explicamos claramente em que casos a nossa solu\u00e7\u00e3o pode n\u00e3o ser adequada \u2014 e em quais encaixa perfeitamente.<\/p>\n\n\n\n<div class=\"wp-block-buttons is-layout-flex wp-block-buttons-is-layout-flex\">\n\n<div class=\"wp-block-button\"><a class=\"wp-block-button__link wp-element-button\" href=\"\/pt\/technology\/why-artisjet\/\">Ler mais<\/a><\/div>\n\n<\/div>\n\n\n<\/div><\/div>\n\n\n\n<div class=\"wp-block-group aj-post-card has-border-color\" style=\"border-color:#e0e0e0;border-width:1px;padding-top:2rem;padding-right:2rem;padding-bottom:2rem;padding-left:2rem\"><div class=\"wp-block-group__inner-container is-layout-constrained wp-container-core-group-is-layout-bcd1463b wp-block-group-is-layout-constrained\">\n\n\n<p><strong>TECNOLOGIA \u00b7 HARDWARE<\/strong><\/p>\n\n\n\n<h2 class=\"wp-block-heading\"><a href=\"\/pt\/technology\/upgraded-print-system\/\">Sistema de impress\u00e3o melhorado \u2014 Melhor experi\u00eancia do utilizador<\/a><\/h2>\n\n\n\n<figure class=\"wp-block-image size-large\"><img decoding=\"async\" src=\"https:\/\/www.artisjet.com\/images\/easyblog_articles\/242\/artisjet-upgrades-in-printing-system.jpg\" alt=\"Melhorias sistema artisJet\"\/><\/figure>\n\n\n\n<p>A artisJet atualizou o sistema de impress\u00e3o: nova dupla bomba (mais precisa, dur\u00e1vel e limpa) e melhorias na Workstation com carro inteligente, pasta monitorizada e poupan\u00e7a UV.<\/p>\n\n\n\n<div class=\"wp-block-buttons is-layout-flex wp-block-buttons-is-layout-flex\">\n\n<div class=\"wp-block-button\"><a class=\"wp-block-button__link wp-element-button\" href=\"\/pt\/technology\/upgraded-print-system\/\">Ler mais<\/a><\/div>\n\n<\/div>\n\n\n<\/div><\/div>\n\n\n\n<div class=\"wp-block-group aj-post-card has-border-color\" style=\"border-color:#e0e0e0;border-width:1px;padding-top:2rem;padding-right:2rem;padding-bottom:2rem;padding-left:2rem\"><div class=\"wp-block-group__inner-container is-layout-constrained wp-container-core-group-is-layout-bcd1463b wp-block-group-is-layout-constrained\">\n\n\n<p><strong>TECNOLOGIA \u00b7 BRAILLE<\/strong><\/p>\n\n\n\n<h2 class=\"wp-block-heading\"><a href=\"\/pt\/braille-ada-printing\/\">Impress\u00e3o Braille ADA \u2014 Mais eficiente e simples<\/a><\/h2>\n\n\n\n<figure class=\"wp-block-image size-large\"><img decoding=\"async\" src=\"https:\/\/www.artisjet.com\/images\/easyblog_articles\/239\/braille-printing-highlights-banner.jpg\" alt=\"Impress\u00e3o Braille ADA\"\/><\/figure>\n\n\n\n<p>Com as impressoras artisJet, a impress\u00e3o Braille ADA faz-se com um clique. Uma passagem, sem processos de m\u00faltiplas etapas. Pontos suaves em forma de c\u00fapula, dur\u00e1veis e elegantes.<\/p>\n\n\n\n<div class=\"wp-block-buttons is-layout-flex wp-block-buttons-is-layout-flex\">\n\n<div class=\"wp-block-button\"><a class=\"wp-block-button__link wp-element-button\" href=\"\/pt\/braille-ada-printing\/\">Ler mais<\/a><\/div>\n\n<\/div>\n\n\n<\/div><\/div>\n\n\n\n<div class=\"wp-block-group aj-post-card has-border-color\" style=\"border-color:#e0e0e0;border-width:1px;padding-top:2rem;padding-right:2rem;padding-bottom:2rem;padding-left:2rem\"><div class=\"wp-block-group__inner-container is-layout-constrained wp-container-core-group-is-layout-bcd1463b wp-block-group-is-layout-constrained\">\n\n\n<p><strong>TECNOLOGIA \u00b7 MATERIAIS<\/strong><\/p>\n\n\n\n<h2 class=\"wp-block-heading\"><a href=\"\/pt\/technology\/uv-printing-plastics\/\">Problemas comuns na impress\u00e3o UV sobre pl\u00e1sticos \u2014 e como a artisJet os resolve<\/a><\/h2>\n\n\n\n<figure class=\"wp-block-image size-large\"><img decoding=\"async\" src=\"https:\/\/www.artisjet.com\/images\/easyblog_articles\/219\/air-filtering-system-front-view.jpg\" alt=\"artisJet filtragem ar\"\/><\/figure>\n\n\n\n<p>Tintas volantes, eletricidade est\u00e1tica, sobreimpress\u00e3o: os problemas mais comuns e como o sistema de filtragem e as barras anti\u0435\u0441\u0442\u00e1ticas da artisJet os resolvem.<\/p>\n\n\n\n<div class=\"wp-block-buttons is-layout-flex wp-block-buttons-is-layout-flex\">\n\n<div class=\"wp-block-button\"><a class=\"wp-block-button__link wp-element-button\" href=\"\/pt\/technology\/uv-printing-plastics\/\">Ler mais<\/a><\/div>\n\n<\/div>\n\n\n<\/div><\/div>\n\n\n\n<div class=\"wp-block-group aj-post-card has-border-color\" style=\"border-color:#e0e0e0;border-width:1px;padding-top:2rem;padding-right:2rem;padding-bottom:2rem;padding-left:2rem\"><div class=\"wp-block-group__inner-container is-layout-constrained wp-container-core-group-is-layout-bcd1463b wp-block-group-is-layout-constrained\">\n\n\n<p><strong>TECNOLOGIA \u00b7 T\u00caXTIL<\/strong><\/p>\n\n\n\n<h2 class=\"wp-block-heading\"><a href=\"\/pt\/dtg-textile-printing\/\">O que \u00e9 a impress\u00e3o digital direta sobre tecidos (DTG)?<\/a><\/h2>\n\n\n\n<figure class=\"wp-block-image size-large\"><img decoding=\"async\" src=\"https:\/\/www.artisjet.com\/images\/easyblog_articles\/202\/dtg-banner.jpg\" alt=\"Impress\u00e3o DTG artisJet\"\/><\/figure>\n\n\n\n<p>DTG vs serigrafia, sublima\u00e7\u00e3o e transfer\u00eancia t\u00e9rmica. Vantagens, processo passo a passo e modelos artisJet recomendados para impress\u00e3o t\u00eaxtil direta.<\/p>\n\n\n\n<div class=\"wp-block-buttons is-layout-flex wp-block-buttons-is-layout-flex\">\n\n<div class=\"wp-block-button\"><a class=\"wp-block-button__link wp-element-button\" href=\"\/pt\/dtg-textile-printing\/\">Ler mais<\/a><\/div>\n\n<\/div>\n\n\n<\/div><\/div>\n\n\n\n<div class=\"wp-block-group aj-post-card has-border-color\" style=\"border-color:#e0e0e0;border-width:1px;padding-top:2rem;padding-right:2rem;padding-bottom:2rem;padding-left:2rem\"><div class=\"wp-block-group__inner-container is-layout-constrained wp-container-core-group-is-layout-bcd1463b wp-block-group-is-layout-constrained\">\n\n\n<p><strong>TECNOLOGIA \u00b7 SISTEMA DE TINTA<\/strong><\/p>\n\n\n\n<h2 class=\"wp-block-heading\"><a href=\"\/pt\/technology\/uv-led-ink-system\/\">Como funciona o sistema de tinta UV-LED nas impressoras artisJet<\/a><\/h2>\n\n\n\n<figure class=\"wp-block-image size-large\"><img decoding=\"async\" src=\"https:\/\/www.artisjet.com\/images\/easyblog_articles\/90\/b2ap3_thumbnail_3.jpg\" alt=\"Bomba de tinta artisJet\"\/><\/figure>\n\n\n\n<p>Guia completo: reservat\u00f3rios, bomba, tubos, amortecedores, cabe\u00e7a, limpador e reservat\u00f3rio de res\u00edduos. Como funciona cada parte e dicas de manuten\u00e7\u00e3o.<\/p>\n\n\n\n<div class=\"wp-block-buttons is-layout-flex wp-block-buttons-is-layout-flex\">\n\n<div class=\"wp-block-button\"><a class=\"wp-block-button__link wp-element-button\" href=\"\/pt\/technology\/uv-led-ink-system\/\">Ler mais<\/a><\/div>\n\n<\/div>\n\n\n<\/div><\/div>\n\n\n\n<div class=\"wp-block-group aj-post-card has-border-color\" style=\"border-color:#e0e0e0;border-width:1px;padding-top:2rem;padding-right:2rem;padding-bottom:2rem;padding-left:2rem\"><div class=\"wp-block-group__inner-container is-layout-constrained wp-container-core-group-is-layout-bcd1463b wp-block-group-is-layout-constrained\">\n\n\n<p><strong>TECNOLOGIA \u00b7 SISTEMA DE TINTA<\/strong><\/p>\n\n\n\n<h2 class=\"wp-block-heading\"><a href=\"\/pt\/ciss-ink-supply\/\">Sistema CISS de fornecimento cont\u00ednuo de tinta da artisJet<\/a><\/h2>\n\n\n\n<figure class=\"wp-block-image size-large\"><img decoding=\"async\" src=\"https:\/\/www.artisjet.com\/images\/easyblog_articles\/90\/b2ap3_thumbnail_1.jpg\" alt=\"artisJet CISS\"\/><\/figure>\n\n\n\n<p>O sistema CISS permite 100% de utiliza\u00e7\u00e3o da tinta a custo muito inferior aos cartuchos. Apenas 30\u00a0ml de tinta combinada por metro quadrado impresso.<\/p>\n\n\n\n<div class=\"wp-block-buttons is-layout-flex wp-block-buttons-is-layout-flex\">\n\n<div class=\"wp-block-button\"><a class=\"wp-block-button__link wp-element-button\" href=\"\/pt\/ciss-ink-supply\/\">Ler mais<\/a><\/div>\n\n<\/div>\n\n\n<\/div><\/div>\n\n\n<\/div><\/div>\n","protected":false},"excerpt":{"rendered":"<p>Tecnologia artisJet Europe Artigos t\u00e9cnicos, guias de produto e novidades tecnol\u00f3gicas da artisJet para utilizadores e profissionais de impress\u00e3o UV-LED na Europa. TECNOLOGIA \u00b7 PRODUTO TRUST \u2014 A sua pr\u00f3xima impressora UV profissional para sinal\u00e9tica Uma impressora UV compacta para<\/p>\n","protected":false},"author":1,"featured_media":0,"parent":0,"menu_order":0,"comment_status":"closed","ping_status":"closed","template":"","meta":{"ngg_post_thumbnail":0,"footnotes":""},"class_list":["post-9013","page","type-page","status-publish","hentry"],"translation":{"provider":"WPGlobus","version":"2.12.2","language":"pt","enabled_languages":["fr","de","pt","en"],"languages":{"fr":{"title":true,"content":true,"excerpt":false},"de":{"title":true,"content":true,"excerpt":false},"pt":{"title":true,"content":true,"excerpt":false},"en":{"title":true,"content":true,"excerpt":false}}},"yoast_head":"<!-- This site is optimized with the Yoast SEO plugin v22.0 - https:\/\/yoast.com\/wordpress\/plugins\/seo\/ -->\n<title>Tecnologia artisJet Europe | Artisjet Europe<\/title>\n<meta name=\"robots\" content=\"index, follow, max-snippet:-1, max-image-preview:large, max-video-preview:-1\" \/>\n<link rel=\"canonical\" href=\"https:\/\/artisjet-printers.eu\/technology\/\" \/>\n<meta property=\"og:locale\" content=\"pt_PT\" \/>\n<meta property=\"og:type\" content=\"article\" \/>\n<meta property=\"og:title\" content=\"Tecnologia artisJet Europe | Artisjet Europe\" \/>\n<meta property=\"og:url\" content=\"https:\/\/artisjet-printers.eu\/technology\/\" \/>\n<meta property=\"og:site_name\" content=\"Artisjet Europe\" \/>\n<meta property=\"og:image\" content=\"https:\/\/www.artisjet.com\/images\/easyblog_articles\/286\/the-NEW-artisJet-TRUST-printer-for-signage-and-more.jpeg\" \/>\n<meta name=\"twitter:card\" content=\"summary_large_image\" \/>\n<meta name=\"twitter:label1\" content=\"Tempo estimado de leitura\" \/>\n\t<meta name=\"twitter:data1\" content=\"10 minutos\" \/>\n<script type=\"application\/ld+json\" class=\"yoast-schema-graph\">{\"@context\":\"https:\/\/schema.org\",\"@graph\":[{\"@type\":\"WebPage\",\"@id\":\"https:\/\/artisjet-printers.eu\/technology\/\",\"url\":\"https:\/\/artisjet-printers.eu\/technology\/\",\"name\":\"Tecnologia artisJet Europe | Artisjet Europe\",\"isPartOf\":{\"@id\":\"https:\/\/artisjet-printers.eu\/#website\"},\"datePublished\":\"2026-03-19T06:20:19+00:00\",\"dateModified\":\"2026-03-19T06:20:19+00:00\",\"breadcrumb\":{\"@id\":\"https:\/\/artisjet-printers.eu\/technology\/#breadcrumb\"},\"inLanguage\":\"pt-PT\",\"potentialAction\":[{\"@type\":\"ReadAction\",\"target\":[\"https:\/\/artisjet-printers.eu\/technology\/\"]}]},{\"@type\":\"BreadcrumbList\",\"@id\":\"https:\/\/artisjet-printers.eu\/technology\/#breadcrumb\",\"itemListElement\":[{\"@type\":\"ListItem\",\"position\":1,\"name\":\"Home\",\"item\":\"https:\/\/artisjet-printers.eu\/\"},{\"@type\":\"ListItem\",\"position\":2,\"name\":\"Technologie d\u2019impression UV\"}]},{\"@type\":\"WebSite\",\"@id\":\"https:\/\/artisjet-printers.eu\/#website\",\"url\":\"https:\/\/artisjet-printers.eu\/\",\"name\":\"Artisjet Europe\",\"description\":\"Official distributor in Europe\",\"publisher\":{\"@id\":\"https:\/\/artisjet-printers.eu\/#organization\"},\"potentialAction\":[{\"@type\":\"SearchAction\",\"target\":{\"@type\":\"EntryPoint\",\"urlTemplate\":\"https:\/\/artisjet-printers.eu\/?s={search_term_string}\"},\"query-input\":\"required name=search_term_string\"}],\"inLanguage\":\"pt-PT\"},{\"@type\":\"Organization\",\"@id\":\"https:\/\/artisjet-printers.eu\/#organization\",\"name\":\"ArtisJet\",\"url\":\"https:\/\/artisjet-printers.eu\/\",\"logo\":{\"@type\":\"ImageObject\",\"inLanguage\":\"pt-PT\",\"@id\":\"https:\/\/artisjet-printers.eu\/#\/schema\/logo\/image\/\",\"url\":\"https:\/\/artisjet-printers.eu\/wp-content\/uploads\/2017\/12\/logoartisjet.jpg\",\"contentUrl\":\"https:\/\/artisjet-printers.eu\/wp-content\/uploads\/2017\/12\/logoartisjet.jpg\",\"width\":217,\"height\":80,\"caption\":\"ArtisJet\"},\"image\":{\"@id\":\"https:\/\/artisjet-printers.eu\/#\/schema\/logo\/image\/\"}}]}<\/script>\n<!-- \/ Yoast SEO plugin. -->","yoast_head_json":{"title":"Tecnologia artisJet Europe | Artisjet Europe","robots":{"index":"index","follow":"follow","max-snippet":"max-snippet:-1","max-image-preview":"max-image-preview:large","max-video-preview":"max-video-preview:-1"},"canonical":"https:\/\/artisjet-printers.eu\/technology\/","og_locale":"pt_PT","og_type":"article","og_title":"Tecnologia artisJet Europe | Artisjet Europe","og_url":"https:\/\/artisjet-printers.eu\/technology\/","og_site_name":"Artisjet Europe","og_image":[{"url":"https:\/\/www.artisjet.com\/images\/easyblog_articles\/286\/the-NEW-artisJet-TRUST-printer-for-signage-and-more.jpeg"}],"twitter_card":"summary_large_image","twitter_misc":{"Tempo estimado de leitura":"10 minutos"},"schema":{"@context":"https:\/\/schema.org","@graph":[{"@type":"WebPage","@id":"https:\/\/artisjet-printers.eu\/technology\/","url":"https:\/\/artisjet-printers.eu\/technology\/","name":"Tecnologia artisJet Europe | Artisjet Europe","isPartOf":{"@id":"https:\/\/artisjet-printers.eu\/#website"},"datePublished":"2026-03-19T06:20:19+00:00","dateModified":"2026-03-19T06:20:19+00:00","breadcrumb":{"@id":"https:\/\/artisjet-printers.eu\/technology\/#breadcrumb"},"inLanguage":"pt-PT","potentialAction":[{"@type":"ReadAction","target":["https:\/\/artisjet-printers.eu\/technology\/"]}]},{"@type":"BreadcrumbList","@id":"https:\/\/artisjet-printers.eu\/technology\/#breadcrumb","itemListElement":[{"@type":"ListItem","position":1,"name":"Home","item":"https:\/\/artisjet-printers.eu\/"},{"@type":"ListItem","position":2,"name":"Technologie d\u2019impression UV"}]},{"@type":"WebSite","@id":"https:\/\/artisjet-printers.eu\/#website","url":"https:\/\/artisjet-printers.eu\/","name":"Artisjet Europe","description":"Official distributor in Europe","publisher":{"@id":"https:\/\/artisjet-printers.eu\/#organization"},"potentialAction":[{"@type":"SearchAction","target":{"@type":"EntryPoint","urlTemplate":"https:\/\/artisjet-printers.eu\/?s={search_term_string}"},"query-input":"required name=search_term_string"}],"inLanguage":"pt-PT"},{"@type":"Organization","@id":"https:\/\/artisjet-printers.eu\/#organization","name":"ArtisJet","url":"https:\/\/artisjet-printers.eu\/","logo":{"@type":"ImageObject","inLanguage":"pt-PT","@id":"https:\/\/artisjet-printers.eu\/#\/schema\/logo\/image\/","url":"https:\/\/artisjet-printers.eu\/wp-content\/uploads\/2017\/12\/logoartisjet.jpg","contentUrl":"https:\/\/artisjet-printers.eu\/wp-content\/uploads\/2017\/12\/logoartisjet.jpg","width":217,"height":80,"caption":"ArtisJet"},"image":{"@id":"https:\/\/artisjet-printers.eu\/#\/schema\/logo\/image\/"}}]}},"_links":{"self":[{"href":"https:\/\/artisjet-printers.eu\/pt\/wp-json\/wp\/v2\/pages\/9013","targetHints":{"allow":["GET"]}}],"collection":[{"href":"https:\/\/artisjet-printers.eu\/pt\/wp-json\/wp\/v2\/pages"}],"about":[{"href":"https:\/\/artisjet-printers.eu\/pt\/wp-json\/wp\/v2\/types\/page"}],"author":[{"embeddable":true,"href":"https:\/\/artisjet-printers.eu\/pt\/wp-json\/wp\/v2\/users\/1"}],"replies":[{"embeddable":true,"href":"https:\/\/artisjet-printers.eu\/pt\/wp-json\/wp\/v2\/comments?post=9013"}],"version-history":[{"count":0,"href":"https:\/\/artisjet-printers.eu\/pt\/wp-json\/wp\/v2\/pages\/9013\/revisions"}],"wp:attachment":[{"href":"https:\/\/artisjet-printers.eu\/pt\/wp-json\/wp\/v2\/media?parent=9013"}],"curies":[{"name":"wp","href":"https:\/\/api.w.org\/{rel}","templated":true}]}}