{"id":9010,"date":"2026-03-19T06:20:19","date_gmt":"2026-03-19T06:20:19","guid":{"rendered":"https:\/\/artisjet-printers.eu\/community\/"},"modified":"2026-03-19T06:20:19","modified_gmt":"2026-03-19T06:20:19","slug":"community","status":"publish","type":"page","link":"https:\/\/artisjet-printers.eu\/pt\/community\/","title":{"rendered":"Blog artisJet Europe"},"content":{"rendered":"\n<div class=\"wp-block-group aj-page-community\"><div class=\"wp-block-group__inner-container is-layout-constrained wp-block-group-is-layout-constrained\">\n\n\n<h1 class=\"wp-block-heading\">Blog artisJet Europe<\/h1>\n\n\n\n<p>\u00daltimas not\u00edcias, eventos, aplica\u00e7\u00f5es e novidades tecnol\u00f3gicas da artisJet para a Europa.<\/p>\n\n\n\n<div class=\"wp-block-group aj-post-card has-border-color\" style=\"border-color:#e0e0e0;border-width:1px;padding-top:2rem;padding-right:2rem;padding-bottom:2rem;padding-left:2rem\"><div class=\"wp-block-group__inner-container is-layout-constrained wp-container-core-group-is-layout-bcd1463b wp-block-group-is-layout-constrained\">\n\n\n<p><strong>EVENTOS \u00b7 C!Print Lyon 2026<\/strong><\/p>\n\n\n\n<h2 class=\"wp-block-heading\"><a href=\"\/pt\/events\/\">Personaliza\u00e7\u00e3o, savoir-faire e produ\u00e7\u00e3o flex\u00edvel \u2014 artisJet na C!Print Lyon 2026<\/a><\/h2>\n\n\n\n<figure class=\"wp-block-image size-large\"><img decoding=\"async\" src=\"https:\/\/www.artisjet.com\/images\/easyblog_articles\/artisJet-Printing-Solutions-in-Lyon-France-at-CPrint-Lyon-2026.png\" alt=\"C!Print Lyon 2026\"\/><\/figure>\n\n\n\n<p>Visite a <strong>Bomedia<\/strong> (parceiro oficial artisJet) no <strong>Hall\u00a01 \u2014 Stand\u00a0A11<\/strong> e descubra a impress\u00e3o UV-LED para personaliza\u00e7\u00e3o premium e fabrico \u00e1gil. De 3 a 5 de fevereiro de 2026, Lyon acolhe um dos eventos de refer\u00eancia em cria\u00e7\u00e3o, personaliza\u00e7\u00e3o e produ\u00e7\u00e3o.<\/p>\n\n\n\n<div class=\"wp-block-buttons is-layout-flex wp-block-buttons-is-layout-flex\">\n\n<div class=\"wp-block-button\"><a class=\"wp-block-button__link wp-element-button\" href=\"\/pt\/events\/\">Ler mais<\/a><\/div>\n\n<\/div>\n\n\n<\/div><\/div>\n\n\n\n<div class=\"wp-block-group aj-post-card has-border-color\" style=\"border-color:#e0e0e0;border-width:1px;padding-top:2rem;padding-right:2rem;padding-bottom:2rem;padding-left:2rem\"><div class=\"wp-block-group__inner-container is-layout-constrained wp-container-core-group-is-layout-bcd1463b wp-block-group-is-layout-constrained\">\n\n\n<p><strong>RECONHECIMENTOS<\/strong><\/p>\n\n\n\n<h2 class=\"wp-block-heading\"><a href=\"\/pt\/bec1go-edison-awards\/\">BEC1GO\u2122 da artisJet, finalista nos EDISON AWARDS 2026!<\/a><\/h2>\n\n\n\n<figure class=\"wp-block-image size-large\"><img decoding=\"async\" src=\"https:\/\/www.artisjet.com\/images\/easyblog_articles\/artisJet-Edison-Awards-2026-finalist-Commercial-technology.png\" alt=\"BEC1GO Edison Awards 2026\"\/><\/figure>\n\n\n\n<p>Temos o prazer de partilhar um marco importante: <strong>BEC1GO\u2122 da artisJet \u00e9 finalista nos Edison Awards 2026<\/strong>, categoria <em>Commercial Technology<\/em>. Este reconhecimento valida a nossa vis\u00e3o de longo prazo: tecnologia que transforma a imagina\u00e7\u00e3o em algo tang\u00edvel.<\/p>\n\n\n\n<div class=\"wp-block-buttons is-layout-flex wp-block-buttons-is-layout-flex\">\n\n<div class=\"wp-block-button\"><a class=\"wp-block-button__link wp-element-button\" href=\"\/pt\/bec1go-edison-awards\/\">Ler mais<\/a><\/div>\n\n<\/div>\n\n\n<\/div><\/div>\n\n\n\n<div class=\"wp-block-group aj-post-card has-border-color\" style=\"border-color:#e0e0e0;border-width:1px;padding-top:2rem;padding-right:2rem;padding-bottom:2rem;padding-left:2rem\"><div class=\"wp-block-group__inner-container is-layout-constrained wp-container-core-group-is-layout-bcd1463b wp-block-group-is-layout-constrained\">\n\n\n<p><strong>TECNOLOGIA<\/strong><\/p>\n\n\n\n<h2 class=\"wp-block-heading\"><a href=\"\/pt\/technology\/trust-signs-printer\/\">Fa\u00e7a Mais com TRUST \u2014 A sua pr\u00f3xima impressora UV profissional para sinal\u00e9tica<\/a><\/h2>\n\n\n\n<figure class=\"wp-block-image size-large\"><img decoding=\"async\" src=\"https:\/\/www.artisjet.com\/images\/easyblog_articles\/286\/the-NEW-artisJet-TRUST-printer-for-signage-and-more.jpeg\" alt=\"artisJet TRUST\"\/><\/figure>\n\n\n\n<p>A impressora UV compacta TRUST (6090) nasceu de uma necessidade real: fiabilidade m\u00e1xima para complementar solu\u00e7\u00f5es existentes. \u00c1rea de impress\u00e3o <strong>600\u00d7900\u00a0mm<\/strong>, altura m\u00e1xima <strong>25\u00a0cm<\/strong>, flatbed\u00a0+\u00a0rotativo.<\/p>\n\n\n\n<div class=\"wp-block-buttons is-layout-flex wp-block-buttons-is-layout-flex\">\n\n<div class=\"wp-block-button\"><a class=\"wp-block-button__link wp-element-button\" href=\"\/pt\/technology\/trust-signs-printer\/\">Ler mais<\/a><\/div>\n\n<\/div>\n\n\n<\/div><\/div>\n\n\n<\/div><\/div>\n","protected":false},"excerpt":{"rendered":"<p>Blog artisJet Europe \u00daltimas not\u00edcias, eventos, aplica\u00e7\u00f5es e novidades tecnol\u00f3gicas da artisJet para a Europa. EVENTOS \u00b7 C!Print Lyon 2026 Personaliza\u00e7\u00e3o, savoir-faire e produ\u00e7\u00e3o flex\u00edvel \u2014 artisJet na C!Print Lyon 2026 Visite a Bomedia (parceiro oficial artisJet) no Hall\u00a01 \u2014<\/p>\n","protected":false},"author":1,"featured_media":0,"parent":0,"menu_order":0,"comment_status":"closed","ping_status":"closed","template":"","meta":{"ngg_post_thumbnail":0,"footnotes":""},"class_list":["post-9010","page","type-page","status-publish","hentry"],"translation":{"provider":"WPGlobus","version":"2.12.2","language":"pt","enabled_languages":["fr","de","pt","en"],"languages":{"fr":{"title":true,"content":true,"excerpt":false},"de":{"title":true,"content":true,"excerpt":false},"pt":{"title":true,"content":true,"excerpt":false},"en":{"title":true,"content":true,"excerpt":false}}},"yoast_head":"<!-- This site is optimized with the Yoast SEO plugin v22.0 - https:\/\/yoast.com\/wordpress\/plugins\/seo\/ -->\n<title>Blog artisJet Europe | Artisjet Europe<\/title>\n<meta name=\"robots\" content=\"index, follow, max-snippet:-1, max-image-preview:large, max-video-preview:-1\" \/>\n<link rel=\"canonical\" href=\"https:\/\/artisjet-printers.eu\/community\/\" \/>\n<meta property=\"og:locale\" content=\"pt_PT\" \/>\n<meta property=\"og:type\" content=\"article\" \/>\n<meta property=\"og:title\" content=\"Blog artisJet Europe | Artisjet Europe\" \/>\n<meta property=\"og:url\" content=\"https:\/\/artisjet-printers.eu\/community\/\" \/>\n<meta property=\"og:site_name\" content=\"Artisjet Europe\" \/>\n<meta property=\"og:image\" content=\"https:\/\/www.artisjet.com\/images\/easyblog_articles\/artisJet-Printing-Solutions-in-Lyon-France-at-CPrint-Lyon-2026.png\" \/>\n<meta name=\"twitter:card\" content=\"summary_large_image\" \/>\n<meta name=\"twitter:label1\" content=\"Tempo estimado de leitura\" \/>\n\t<meta name=\"twitter:data1\" content=\"3 minutos\" \/>\n<script type=\"application\/ld+json\" class=\"yoast-schema-graph\">{\"@context\":\"https:\/\/schema.org\",\"@graph\":[{\"@type\":\"WebPage\",\"@id\":\"https:\/\/artisjet-printers.eu\/community\/\",\"url\":\"https:\/\/artisjet-printers.eu\/community\/\",\"name\":\"Blog artisJet Europe | Artisjet Europe\",\"isPartOf\":{\"@id\":\"https:\/\/artisjet-printers.eu\/#website\"},\"datePublished\":\"2026-03-19T06:20:19+00:00\",\"dateModified\":\"2026-03-19T06:20:19+00:00\",\"breadcrumb\":{\"@id\":\"https:\/\/artisjet-printers.eu\/community\/#breadcrumb\"},\"inLanguage\":\"pt-PT\",\"potentialAction\":[{\"@type\":\"ReadAction\",\"target\":[\"https:\/\/artisjet-printers.eu\/community\/\"]}]},{\"@type\":\"BreadcrumbList\",\"@id\":\"https:\/\/artisjet-printers.eu\/community\/#breadcrumb\",\"itemListElement\":[{\"@type\":\"ListItem\",\"position\":1,\"name\":\"Home\",\"item\":\"https:\/\/artisjet-printers.eu\/\"},{\"@type\":\"ListItem\",\"position\":2,\"name\":\"Blog artisJet Europe\"}]},{\"@type\":\"WebSite\",\"@id\":\"https:\/\/artisjet-printers.eu\/#website\",\"url\":\"https:\/\/artisjet-printers.eu\/\",\"name\":\"Artisjet Europe\",\"description\":\"Official distributor in Europe\",\"publisher\":{\"@id\":\"https:\/\/artisjet-printers.eu\/#organization\"},\"potentialAction\":[{\"@type\":\"SearchAction\",\"target\":{\"@type\":\"EntryPoint\",\"urlTemplate\":\"https:\/\/artisjet-printers.eu\/?s={search_term_string}\"},\"query-input\":\"required name=search_term_string\"}],\"inLanguage\":\"pt-PT\"},{\"@type\":\"Organization\",\"@id\":\"https:\/\/artisjet-printers.eu\/#organization\",\"name\":\"ArtisJet\",\"url\":\"https:\/\/artisjet-printers.eu\/\",\"logo\":{\"@type\":\"ImageObject\",\"inLanguage\":\"pt-PT\",\"@id\":\"https:\/\/artisjet-printers.eu\/#\/schema\/logo\/image\/\",\"url\":\"https:\/\/artisjet-printers.eu\/wp-content\/uploads\/2017\/12\/logoartisjet.jpg\",\"contentUrl\":\"https:\/\/artisjet-printers.eu\/wp-content\/uploads\/2017\/12\/logoartisjet.jpg\",\"width\":217,\"height\":80,\"caption\":\"ArtisJet\"},\"image\":{\"@id\":\"https:\/\/artisjet-printers.eu\/#\/schema\/logo\/image\/\"}}]}<\/script>\n<!-- \/ Yoast SEO plugin. -->","yoast_head_json":{"title":"Blog artisJet Europe | Artisjet Europe","robots":{"index":"index","follow":"follow","max-snippet":"max-snippet:-1","max-image-preview":"max-image-preview:large","max-video-preview":"max-video-preview:-1"},"canonical":"https:\/\/artisjet-printers.eu\/community\/","og_locale":"pt_PT","og_type":"article","og_title":"Blog artisJet Europe | Artisjet Europe","og_url":"https:\/\/artisjet-printers.eu\/community\/","og_site_name":"Artisjet Europe","og_image":[{"url":"https:\/\/www.artisjet.com\/images\/easyblog_articles\/artisJet-Printing-Solutions-in-Lyon-France-at-CPrint-Lyon-2026.png"}],"twitter_card":"summary_large_image","twitter_misc":{"Tempo estimado de leitura":"3 minutos"},"schema":{"@context":"https:\/\/schema.org","@graph":[{"@type":"WebPage","@id":"https:\/\/artisjet-printers.eu\/community\/","url":"https:\/\/artisjet-printers.eu\/community\/","name":"Blog artisJet Europe | Artisjet Europe","isPartOf":{"@id":"https:\/\/artisjet-printers.eu\/#website"},"datePublished":"2026-03-19T06:20:19+00:00","dateModified":"2026-03-19T06:20:19+00:00","breadcrumb":{"@id":"https:\/\/artisjet-printers.eu\/community\/#breadcrumb"},"inLanguage":"pt-PT","potentialAction":[{"@type":"ReadAction","target":["https:\/\/artisjet-printers.eu\/community\/"]}]},{"@type":"BreadcrumbList","@id":"https:\/\/artisjet-printers.eu\/community\/#breadcrumb","itemListElement":[{"@type":"ListItem","position":1,"name":"Home","item":"https:\/\/artisjet-printers.eu\/"},{"@type":"ListItem","position":2,"name":"Blog artisJet Europe"}]},{"@type":"WebSite","@id":"https:\/\/artisjet-printers.eu\/#website","url":"https:\/\/artisjet-printers.eu\/","name":"Artisjet Europe","description":"Official distributor in Europe","publisher":{"@id":"https:\/\/artisjet-printers.eu\/#organization"},"potentialAction":[{"@type":"SearchAction","target":{"@type":"EntryPoint","urlTemplate":"https:\/\/artisjet-printers.eu\/?s={search_term_string}"},"query-input":"required name=search_term_string"}],"inLanguage":"pt-PT"},{"@type":"Organization","@id":"https:\/\/artisjet-printers.eu\/#organization","name":"ArtisJet","url":"https:\/\/artisjet-printers.eu\/","logo":{"@type":"ImageObject","inLanguage":"pt-PT","@id":"https:\/\/artisjet-printers.eu\/#\/schema\/logo\/image\/","url":"https:\/\/artisjet-printers.eu\/wp-content\/uploads\/2017\/12\/logoartisjet.jpg","contentUrl":"https:\/\/artisjet-printers.eu\/wp-content\/uploads\/2017\/12\/logoartisjet.jpg","width":217,"height":80,"caption":"ArtisJet"},"image":{"@id":"https:\/\/artisjet-printers.eu\/#\/schema\/logo\/image\/"}}]}},"_links":{"self":[{"href":"https:\/\/artisjet-printers.eu\/pt\/wp-json\/wp\/v2\/pages\/9010","targetHints":{"allow":["GET"]}}],"collection":[{"href":"https:\/\/artisjet-printers.eu\/pt\/wp-json\/wp\/v2\/pages"}],"about":[{"href":"https:\/\/artisjet-printers.eu\/pt\/wp-json\/wp\/v2\/types\/page"}],"author":[{"embeddable":true,"href":"https:\/\/artisjet-printers.eu\/pt\/wp-json\/wp\/v2\/users\/1"}],"replies":[{"embeddable":true,"href":"https:\/\/artisjet-printers.eu\/pt\/wp-json\/wp\/v2\/comments?post=9010"}],"version-history":[{"count":0,"href":"https:\/\/artisjet-printers.eu\/pt\/wp-json\/wp\/v2\/pages\/9010\/revisions"}],"wp:attachment":[{"href":"https:\/\/artisjet-printers.eu\/pt\/wp-json\/wp\/v2\/media?parent=9010"}],"curies":[{"name":"wp","href":"https:\/\/api.w.org\/{rel}","templated":true}]}}