{"id":870,"date":"2018-05-08T08:07:51","date_gmt":"2018-05-08T06:07:51","guid":{"rendered":"http:\/\/artisjet-printers.eu\/?page_id=870"},"modified":"2025-05-28T11:48:24","modified_gmt":"2025-05-28T09:48:24","slug":"phone-case-printing","status":"publish","type":"page","link":"https:\/\/artisjet-printers.eu\/pt\/phone-case-printing\/","title":{"rendered":"Imprimante pour coques"},"content":{"rendered":"\n<h1 class=\"wp-block-heading\">Impression de coques pour t\u00e9l\u00e9phone avec les imprimantes Artisjet<\/h1>\n\n\n\n<div class=\"wp-block-columns is-layout-flex wp-container-core-columns-is-layout-9d6595d7 wp-block-columns-is-layout-flex\">\n<div class=\"wp-block-column is-layout-flow wp-block-column-is-layout-flow\">\n<figure class=\"wp-block-image size-full\"><img decoding=\"async\" src=\"http:\/\/artisjet.fr\/wp-content\/uploads\/2020\/03\/Coque_personnalis\u00e9e_13.jpg\" alt=\"\" class=\"wp-image-1286\"\/><\/figure>\n<\/div>\n\n\n\n<div class=\"wp-block-column is-layout-flow wp-block-column-is-layout-flow\">\n<h3 class=\"wp-block-heading\">Innovation dans l&#8217;Impression de Coques de T\u00e9l\u00e9phone Personnalis\u00e9es :<\/h3>\n\n\n\n<p class=\"has-medium-font-size\">D\u00e9couvrez les avantages de notre gamme d&#8217;imprimantes UV LED, telles que la <a href=\"https:\/\/artisjet.fr\/shop\/imprimante-uv-led-artis-3000-pro-8c\/\" data-type=\"product\" data-id=\"1194\">Artis 3000 Pro 8C<\/a> ou la <a href=\"https:\/\/artisjet.fr\/shop\/artis-young-uv-led\/\" data-type=\"product\" data-id=\"1651\">artisJet Young UV Led<\/a>, pour r\u00e9pondre \u00e0 vos besoins en impression de coques de t\u00e9l\u00e9phone personnalis\u00e9es. Avec notre technologie de pointe, imprimez \u00e0 la demande sans minimum de commande, offrant ainsi une flexibilit\u00e9 totale pour vos besoins d&#8217;impression.<\/p>\n<\/div>\n<\/div>\n\n\n\n<div class=\"wp-block-columns is-layout-flex wp-container-core-columns-is-layout-9d6595d7 wp-block-columns-is-layout-flex\">\n<div class=\"wp-block-column is-layout-flow wp-block-column-is-layout-flow\">\n<h3 class=\"wp-block-heading\">Imprimez vos designs sur tous types de coques de t\u00e9l\u00e9phone<\/h3>\n\n\n\n<p class=\"has-medium-font-size\">Nos machines sont sp\u00e9cialement con\u00e7ues pour vous permettre de cr\u00e9er des designs uniques sur les coques de t\u00e9l\u00e9phone. Gr\u00e2ce \u00e0 nos impressions en relief, ressentez la texture sur chaque coque, ajoutant une dimension suppl\u00e9mentaire \u00e0 vos cr\u00e9ations. Contr\u00f4lez vos motifs avec notre logiciel WhiteRip pour des designs 3D impressionnants et une personnalisation sans limites.<\/p>\n<\/div>\n\n\n\n<div class=\"wp-block-column is-layout-flow wp-block-column-is-layout-flow\">\n<div class=\"wp-block-cover is-light has-white-color has-text-color has-link-color wp-elements-74a4ce62bae06e89b7d9501ef8d4fd78\"><span aria-hidden=\"true\" class=\"wp-block-cover__background has-background-dim-10 has-background-dim\"><\/span><img decoding=\"async\" class=\"wp-block-cover__image-background wp-image-1653\" alt=\"\" src=\"http:\/\/artisjet.fr\/wp-content\/uploads\/2021\/03\/Imagen-102-1024x867.png\" data-object-fit=\"cover\"\/><div class=\"wp-block-cover__inner-container is-layout-flow wp-block-cover-is-layout-flow\">\n<p class=\"has-text-align-center has-white-color has-text-color has-link-color has-large-font-size wp-elements-2f1dc05ace07cc6872998e7a203ea99d\"><a href=\"https:\/\/artisjet.fr\/shop\/artis-young-uv-led\/\" data-type=\"product\" data-id=\"1651\">artisJet Young<\/a><\/p>\n<\/div><\/div>\n<\/div>\n<\/div>\n\n\n\n<div style=\"height:20px\" aria-hidden=\"true\" class=\"wp-block-spacer\"><\/div>\n\n\n\n<div class=\"wp-block-buttons is-content-justification-center is-layout-flex wp-container-core-buttons-is-layout-16018d1d wp-block-buttons-is-layout-flex\">\n<div class=\"wp-block-button\"><a class=\"wp-block-button__link has-vivid-cyan-blue-background-color has-background wp-element-button\" href=\"https:\/\/artisjet.fr\/contact\/\" style=\"border-radius:4px\">Plus d&#8217;informations<\/a><\/div>\n<\/div>\n\n\n\n<div style=\"height:20px\" aria-hidden=\"true\" class=\"wp-block-spacer\"><\/div>\n\n\n\n<div class=\"wp-block-columns is-layout-flex wp-container-core-columns-is-layout-9d6595d7 wp-block-columns-is-layout-flex\">\n<div class=\"wp-block-column is-layout-flow wp-block-column-is-layout-flow\">\n<div class=\"wp-block-cover is-light has-white-color has-text-color has-link-color wp-elements-e7f4ec13fd19d4ab8c6e14db995f1f68\"><span aria-hidden=\"true\" class=\"wp-block-cover__background has-background-dim-10 has-background-dim\"><\/span><img decoding=\"async\" class=\"wp-block-cover__image-background wp-image-1802\" alt=\"\" src=\"http:\/\/artisjet.fr\/wp-content\/uploads\/2024\/04\/3000pro-gifts.jpeg\" data-object-fit=\"cover\"\/><div class=\"wp-block-cover__inner-container is-layout-flow wp-block-cover-is-layout-flow\">\n<p class=\"has-text-align-center has-large-font-size\"><a href=\"https:\/\/artisjet.fr\/shop\/imprimante-uv-led-artis-3000-pro-8c\/\" data-type=\"product\" data-id=\"1194\">Artis 3000 Pro 8C<\/a><\/p>\n<\/div><\/div>\n<\/div>\n\n\n\n<div class=\"wp-block-column is-layout-flow wp-block-column-is-layout-flow\">\n<h3 class=\"wp-block-heading\">Qualit\u00e9 Exceptionnelle pour des R\u00e9sultats Impressionnants :<\/h3>\n\n\n\n<p class=\"has-medium-font-size\">Avec nos imprimantes, b\u00e9n\u00e9ficiez d&#8217;une qualit\u00e9 d&#8217;impression exceptionnelle, avec des couleurs vives et une luminosit\u00e9 optimale sur une vari\u00e9t\u00e9 de mat\u00e9riaux. Que vous souhaitiez imprimer sur du m\u00e9tal, du plastique, du cuir ou d&#8217;autres substrats, nos machines offrent une impression dimensionnelle qui se d\u00e9marque.<\/p>\n<\/div>\n<\/div>\n\n\n\n<div class=\"wp-block-columns is-layout-flex wp-container-core-columns-is-layout-9d6595d7 wp-block-columns-is-layout-flex\">\n<div class=\"wp-block-column is-layout-flow wp-block-column-is-layout-flow\">\n<h3 class=\"wp-block-heading\">Choisissez la Machine pour la impresi\u00f3n de coques de t\u00e9lephone Adapt\u00e9e \u00e0 Votre Entreprise <\/h3>\n\n\n\n<p class=\"has-medium-font-size\">Des petites entreprises aux grandes soci\u00e9t\u00e9s, nous avons la machine d&#8217;impression de coques de t\u00e9l\u00e9phone adapt\u00e9e \u00e0 vos besoins. Que ce soit pour personnaliser des coques individuelles ou pour une production \u00e0 grande \u00e9chelle, notre gamme d&#8217;imprimantes r\u00e9pondra \u00e0 vos exigences en mati\u00e8re d&#8217;impression de coques de t\u00e9l\u00e9phone.<\/p>\n<\/div>\n\n\n\n<div class=\"wp-block-column is-layout-flow wp-block-column-is-layout-flow\">\n<figure class=\"wp-block-gallery has-nested-images columns-4 is-cropped wp-block-gallery-1 is-layout-flex wp-block-gallery-is-layout-flex\">\n<figure class=\"wp-block-image size-medium\"><img decoding=\"async\" data-id=\"1294\" src=\"https:\/\/artisjet.fr\/wp-content\/uploads\/2020\/03\/Coque_personnalis\u00e9e_21-200x300.jpg\" alt=\"\" class=\"wp-image-1294\"\/><\/figure>\n\n\n\n<figure class=\"wp-block-image size-medium\"><img decoding=\"async\" data-id=\"1293\" src=\"https:\/\/artisjet.fr\/wp-content\/uploads\/2020\/03\/Coque_personnalis\u00e9e_20-300x200.jpg\" alt=\"\" class=\"wp-image-1293\"\/><\/figure>\n\n\n\n<figure class=\"wp-block-image size-medium\"><img decoding=\"async\" data-id=\"1291\" src=\"https:\/\/artisjet.fr\/wp-content\/uploads\/2020\/03\/Coque_personnalis\u00e9e_18-300x200.jpg\" alt=\"\" class=\"wp-image-1291\"\/><\/figure>\n\n\n\n<figure class=\"wp-block-image size-medium\"><img decoding=\"async\" data-id=\"1280\" src=\"https:\/\/artisjet.fr\/wp-content\/uploads\/2020\/03\/Coque_personnalis\u00e9e_7-300x200.jpg\" alt=\"\" class=\"wp-image-1280\"\/><\/figure>\n\n\n\n<figure class=\"wp-block-image size-medium\"><img decoding=\"async\" data-id=\"1282\" src=\"https:\/\/artisjet.fr\/wp-content\/uploads\/2020\/03\/Coque_personnalis\u00e9e_9-300x200.jpg\" alt=\"\" class=\"wp-image-1282\"\/><\/figure>\n\n\n\n<figure class=\"wp-block-image size-medium\"><img decoding=\"async\" data-id=\"1284\" src=\"https:\/\/artisjet.fr\/wp-content\/uploads\/2020\/03\/Coque_personnalis\u00e9e_11-300x200.jpg\" alt=\"\" class=\"wp-image-1284\"\/><\/figure>\n\n\n\n<figure class=\"wp-block-image size-medium\"><img decoding=\"async\" data-id=\"1285\" src=\"https:\/\/artisjet.fr\/wp-content\/uploads\/2020\/03\/Coque_personnalis\u00e9e_12-300x200.jpg\" alt=\"\" class=\"wp-image-1285\"\/><\/figure>\n\n\n\n<figure class=\"wp-block-image size-medium\"><img decoding=\"async\" data-id=\"1277\" src=\"https:\/\/artisjet.fr\/wp-content\/uploads\/2020\/03\/Coque_personnalis\u00e9e_4-200x300.jpg\" alt=\"\" class=\"wp-image-1277\"\/><\/figure>\n<\/figure>\n<\/div>\n<\/div>\n\n\n\n<div style=\"height:20px\" aria-hidden=\"true\" class=\"wp-block-spacer\"><\/div>\n\n\n\n<div class=\"wp-block-buttons is-content-justification-center is-layout-flex wp-container-core-buttons-is-layout-16018d1d wp-block-buttons-is-layout-flex\">\n<div class=\"wp-block-button\"><a class=\"wp-block-button__link has-vivid-cyan-blue-background-color has-background wp-element-button\" href=\"https:\/\/artisjet.fr\/contact\/\" style=\"border-radius:4px\">Plus d&#8217;informations<\/a><\/div>\n<\/div>\n\n\n\n<div style=\"height:20px\" aria-hidden=\"true\" class=\"wp-block-spacer\"><\/div>\n\n\n\n<figure class=\"wp-block-embed is-type-video is-provider-youtube wp-block-embed-youtube wp-embed-aspect-16-9 wp-has-aspect-ratio\"><div class=\"wp-block-embed__wrapper\">\n<iframe loading=\"lazy\" title=\"Print Phonecovers accesories airpads powerbanks with the Artisjet UV LED printer\" width=\"750\" height=\"422\" src=\"https:\/\/www.youtube.com\/embed\/rheLcYL5Yxw?feature=oembed\" frameborder=\"0\" allow=\"accelerometer; autoplay; clipboard-write; encrypted-media; gyroscope; picture-in-picture; web-share\" referrerpolicy=\"strict-origin-when-cross-origin\" allowfullscreen><\/iframe>\n<\/div><\/figure>\n\n\n\n<div style=\"height:20px\" aria-hidden=\"true\" class=\"wp-block-spacer\"><\/div>\n\n\n\n<figure class=\"wp-block-image size-large\"><img decoding=\"async\" src=\"http:\/\/artisjet.fr\/wp-content\/uploads\/2020\/03\/coques-t\u00e9l\u00e9phone-impression-relief-1024x208.jpg\" alt=\"coques-t\u00e9l\u00e9phone-impression-relief\" class=\"wp-image-1563\"\/><\/figure>\n\n\n\n<p><strong>Artisjet<\/strong> vous donne tout l&#8217;\u00e9quipement et les mat\u00e9riaux ainsi que la formation pour cr\u00e9er une entreprise puissante qui fabrique des coques de t\u00e9l\u00e9phone personnalis\u00e9es, magnifiquement con\u00e7ues et durables avec une production d&#8217;impression rapide et rentable.<br>Int\u00e9ress\u00e9 par la solution d\u2019impression d\u2019artisJet pour votre entreprise? D\u00e9couvrez-en plus en envoyant vos demandes \u00e0 info@artisjet.fr ou utilisez facilement le formulaire de contact sur notre site.<\/p>\n\n\n\n<p>Vous avez un produit a imprimer pr\u00e9f\u00e9r\u00e9? <a href=\"http:\/\/artisjet.fr\/contact\/\">Demandez un \u00e9chantillon!<\/a><\/p>\n","protected":false},"excerpt":{"rendered":"<p>Impression de coques pour t\u00e9l\u00e9phone avec les imprimantes Artisjet Innovation dans l&#8217;Impression de Coques de T\u00e9l\u00e9phone Personnalis\u00e9es : D\u00e9couvrez les avantages de notre gamme d&#8217;imprimantes UV LED, telles que la Artis 3000 Pro 8C ou la artisJet Young UV Led,<\/p>\n","protected":false},"author":1,"featured_media":0,"parent":0,"menu_order":0,"comment_status":"closed","ping_status":"closed","template":"","meta":{"ngg_post_thumbnail":0,"footnotes":""},"class_list":["post-870","page","type-page","status-publish","hentry"],"translation":{"provider":"WPGlobus","version":"2.12.2","language":"pt","enabled_languages":["fr","de","pt","en"],"languages":{"fr":{"title":true,"content":true,"excerpt":false},"de":{"title":true,"content":true,"excerpt":false},"pt":{"title":false,"content":false,"excerpt":false},"en":{"title":true,"content":false,"excerpt":false}}},"yoast_head":"<!-- This site is optimized with the Yoast SEO plugin v22.0 - https:\/\/yoast.com\/wordpress\/plugins\/seo\/ -->\n<title>| Artisjet Europe<\/title>\n<meta name=\"robots\" content=\"index, follow, max-snippet:-1, max-image-preview:large, max-video-preview:-1\" \/>\n<link rel=\"canonical\" href=\"https:\/\/artisjet-printers.eu\/phone-case-printing\/\" \/>\n<meta property=\"og:locale\" content=\"pt_PT\" \/>\n<meta property=\"og:type\" content=\"article\" \/>\n<meta property=\"og:title\" content=\"| Artisjet Europe\" \/>\n<meta property=\"og:url\" content=\"https:\/\/artisjet-printers.eu\/phone-case-printing\/\" \/>\n<meta property=\"og:site_name\" content=\"Artisjet Europe\" \/>\n<meta property=\"article:modified_time\" content=\"2025-05-28T09:48:24+00:00\" \/>\n<meta property=\"og:image\" content=\"http:\/\/artisjet.fr\/wp-content\/uploads\/2021\/03\/Imagen-102-1024x867.png\" \/>\n<meta name=\"twitter:card\" content=\"summary_large_image\" \/>\n<meta name=\"twitter:label1\" content=\"Tempo estimado de leitura\" \/>\n\t<meta name=\"twitter:data1\" content=\"4 minutos\" \/>\n<script type=\"application\/ld+json\" class=\"yoast-schema-graph\">{\"@context\":\"https:\/\/schema.org\",\"@graph\":[{\"@type\":\"WebPage\",\"@id\":\"https:\/\/artisjet-printers.eu\/phone-case-printing\/\",\"url\":\"https:\/\/artisjet-printers.eu\/phone-case-printing\/\",\"name\":\"| Artisjet Europe\",\"isPartOf\":{\"@id\":\"https:\/\/artisjet-printers.eu\/#website\"},\"datePublished\":\"2018-05-08T06:07:51+00:00\",\"dateModified\":\"2025-05-28T09:48:24+00:00\",\"breadcrumb\":{\"@id\":\"https:\/\/artisjet-printers.eu\/phone-case-printing\/#breadcrumb\"},\"inLanguage\":\"pt-PT\",\"potentialAction\":[{\"@type\":\"ReadAction\",\"target\":[\"https:\/\/artisjet-printers.eu\/phone-case-printing\/\"]}]},{\"@type\":\"BreadcrumbList\",\"@id\":\"https:\/\/artisjet-printers.eu\/phone-case-printing\/#breadcrumb\",\"itemListElement\":[{\"@type\":\"ListItem\",\"position\":1,\"name\":\"Home\",\"item\":\"https:\/\/artisjet-printers.eu\/\"},{\"@type\":\"ListItem\",\"position\":2,\"name\":\"Imprimante pour coques\"}]},{\"@type\":\"WebSite\",\"@id\":\"https:\/\/artisjet-printers.eu\/#website\",\"url\":\"https:\/\/artisjet-printers.eu\/\",\"name\":\"Artisjet Europe\",\"description\":\"Official distributor in Europe\",\"publisher\":{\"@id\":\"https:\/\/artisjet-printers.eu\/#organization\"},\"potentialAction\":[{\"@type\":\"SearchAction\",\"target\":{\"@type\":\"EntryPoint\",\"urlTemplate\":\"https:\/\/artisjet-printers.eu\/?s={search_term_string}\"},\"query-input\":\"required name=search_term_string\"}],\"inLanguage\":\"pt-PT\"},{\"@type\":\"Organization\",\"@id\":\"https:\/\/artisjet-printers.eu\/#organization\",\"name\":\"ArtisJet\",\"url\":\"https:\/\/artisjet-printers.eu\/\",\"logo\":{\"@type\":\"ImageObject\",\"inLanguage\":\"pt-PT\",\"@id\":\"https:\/\/artisjet-printers.eu\/#\/schema\/logo\/image\/\",\"url\":\"https:\/\/artisjet-printers.eu\/wp-content\/uploads\/2017\/12\/logoartisjet.jpg\",\"contentUrl\":\"https:\/\/artisjet-printers.eu\/wp-content\/uploads\/2017\/12\/logoartisjet.jpg\",\"width\":217,\"height\":80,\"caption\":\"ArtisJet\"},\"image\":{\"@id\":\"https:\/\/artisjet-printers.eu\/#\/schema\/logo\/image\/\"}}]}<\/script>\n<!-- \/ Yoast SEO plugin. -->","yoast_head_json":{"title":"| Artisjet Europe","robots":{"index":"index","follow":"follow","max-snippet":"max-snippet:-1","max-image-preview":"max-image-preview:large","max-video-preview":"max-video-preview:-1"},"canonical":"https:\/\/artisjet-printers.eu\/phone-case-printing\/","og_locale":"pt_PT","og_type":"article","og_title":"| Artisjet Europe","og_url":"https:\/\/artisjet-printers.eu\/phone-case-printing\/","og_site_name":"Artisjet Europe","article_modified_time":"2025-05-28T09:48:24+00:00","og_image":[{"url":"http:\/\/artisjet.fr\/wp-content\/uploads\/2021\/03\/Imagen-102-1024x867.png"}],"twitter_card":"summary_large_image","twitter_misc":{"Tempo estimado de leitura":"4 minutos"},"schema":{"@context":"https:\/\/schema.org","@graph":[{"@type":"WebPage","@id":"https:\/\/artisjet-printers.eu\/phone-case-printing\/","url":"https:\/\/artisjet-printers.eu\/phone-case-printing\/","name":"| Artisjet Europe","isPartOf":{"@id":"https:\/\/artisjet-printers.eu\/#website"},"datePublished":"2018-05-08T06:07:51+00:00","dateModified":"2025-05-28T09:48:24+00:00","breadcrumb":{"@id":"https:\/\/artisjet-printers.eu\/phone-case-printing\/#breadcrumb"},"inLanguage":"pt-PT","potentialAction":[{"@type":"ReadAction","target":["https:\/\/artisjet-printers.eu\/phone-case-printing\/"]}]},{"@type":"BreadcrumbList","@id":"https:\/\/artisjet-printers.eu\/phone-case-printing\/#breadcrumb","itemListElement":[{"@type":"ListItem","position":1,"name":"Home","item":"https:\/\/artisjet-printers.eu\/"},{"@type":"ListItem","position":2,"name":"Imprimante pour coques"}]},{"@type":"WebSite","@id":"https:\/\/artisjet-printers.eu\/#website","url":"https:\/\/artisjet-printers.eu\/","name":"Artisjet Europe","description":"Official distributor in Europe","publisher":{"@id":"https:\/\/artisjet-printers.eu\/#organization"},"potentialAction":[{"@type":"SearchAction","target":{"@type":"EntryPoint","urlTemplate":"https:\/\/artisjet-printers.eu\/?s={search_term_string}"},"query-input":"required name=search_term_string"}],"inLanguage":"pt-PT"},{"@type":"Organization","@id":"https:\/\/artisjet-printers.eu\/#organization","name":"ArtisJet","url":"https:\/\/artisjet-printers.eu\/","logo":{"@type":"ImageObject","inLanguage":"pt-PT","@id":"https:\/\/artisjet-printers.eu\/#\/schema\/logo\/image\/","url":"https:\/\/artisjet-printers.eu\/wp-content\/uploads\/2017\/12\/logoartisjet.jpg","contentUrl":"https:\/\/artisjet-printers.eu\/wp-content\/uploads\/2017\/12\/logoartisjet.jpg","width":217,"height":80,"caption":"ArtisJet"},"image":{"@id":"https:\/\/artisjet-printers.eu\/#\/schema\/logo\/image\/"}}]}},"_links":{"self":[{"href":"https:\/\/artisjet-printers.eu\/pt\/wp-json\/wp\/v2\/pages\/870","targetHints":{"allow":["GET"]}}],"collection":[{"href":"https:\/\/artisjet-printers.eu\/pt\/wp-json\/wp\/v2\/pages"}],"about":[{"href":"https:\/\/artisjet-printers.eu\/pt\/wp-json\/wp\/v2\/types\/page"}],"author":[{"embeddable":true,"href":"https:\/\/artisjet-printers.eu\/pt\/wp-json\/wp\/v2\/users\/1"}],"replies":[{"embeddable":true,"href":"https:\/\/artisjet-printers.eu\/pt\/wp-json\/wp\/v2\/comments?post=870"}],"version-history":[{"count":7,"href":"https:\/\/artisjet-printers.eu\/pt\/wp-json\/wp\/v2\/pages\/870\/revisions"}],"predecessor-version":[{"id":5002,"href":"https:\/\/artisjet-printers.eu\/pt\/wp-json\/wp\/v2\/pages\/870\/revisions\/5002"}],"wp:attachment":[{"href":"https:\/\/artisjet-printers.eu\/pt\/wp-json\/wp\/v2\/media?parent=870"}],"curies":[{"name":"wp","href":"https:\/\/api.w.org\/{rel}","templated":true}]}}