{"id":716,"date":"2018-04-06T18:07:23","date_gmt":"2018-04-06T16:07:23","guid":{"rendered":"http:\/\/artisjet-printers.eu\/?page_id=716"},"modified":"2025-05-28T11:32:34","modified_gmt":"2025-05-28T09:32:34","slug":"sportpreise-drucken","status":"publish","type":"page","link":"https:\/\/artisjet-printers.eu\/pt\/sportpreise-drucken\/","title":{"rendered":"Imprimante num\u00e9rique pour troph\u00e9es et m\u00e9dailles"},"content":{"rendered":"<p><img loading=\"lazy\" decoding=\"async\" class=\"wp-image-853 size-large aligncenter\" src=\"https:\/\/rescate.artisjet-printers.eu\/wp-content\/uploads\/2018\/04\/GRIDTROFEOS-1024x342.jpg\" alt=\"\" height=\"250\" width=\"750\" srcset=\"https:\/\/artisjet-printers.eu\/wp-content\/uploads\/2018\/04\/GRIDTROFEOS-1024x342.jpg 1024w, https:\/\/artisjet-printers.eu\/wp-content\/uploads\/2018\/04\/GRIDTROFEOS-600x200.jpg 600w, https:\/\/artisjet-printers.eu\/wp-content\/uploads\/2018\/04\/GRIDTROFEOS-300x100.jpg 300w, https:\/\/artisjet-printers.eu\/wp-content\/uploads\/2018\/04\/GRIDTROFEOS-768x256.jpg 768w, https:\/\/artisjet-printers.eu\/wp-content\/uploads\/2018\/04\/GRIDTROFEOS.jpg 1772w\" sizes=\"auto, (max-width: 750px) 100vw, 750px\" \/><\/p>\n<p><span lang=\"FR\">Personnaliser vos troph\u00e9es, m\u00e9tal, plexiglas, verre ou sur tout support rigide. Impression num\u00e9rique Artisjet UV LEd sous&nbsp; divers formats A4, A3 et A2&nbsp;. <\/span><\/p>\n<p><span lang=\"FR\">Qualit\u00e9 et r\u00e9sistance de nos machines Artisjet.<\/span><span lang=\"FR\"> Troph\u00e9es en cristal, troph\u00e9es en m\u00e9tal, troph\u00e9es en bois, coupes et troph\u00e9es en acrylique.<\/span><\/p>\n<p><span lang=\"FR\">Un service apr\u00e8s-ventes qui sera \u00e0 vos c\u00f4t\u00e9s et qui vous conseillera pour l\u2019utilisation optimale de votre machine Artisjet. <\/span><\/p>\n<p><span lang=\"FR\">Gain de temps pour vos d\u00e9lais clients et une qualit\u00e9 garantie de votre production.<\/span><\/p>\n<p>&nbsp;<\/p>\n<p><strong><img loading=\"lazy\" decoding=\"async\" class=\"alignleft wp-image-255 size-medium\" src=\"https:\/\/rescate.artisjet-printers.eu\/wp-content\/uploads\/2017\/12\/artis2100Uimg2-300x268.jpg\" alt=\"Phoncase printer\" height=\"268\" width=\"300\" srcset=\"https:\/\/artisjet-printers.eu\/wp-content\/uploads\/2017\/12\/artis2100Uimg2-300x268.jpg 300w, https:\/\/artisjet-printers.eu\/wp-content\/uploads\/2017\/12\/artis2100Uimg2.jpg 560w\" sizes=\"auto, (max-width: 300px) 100vw, 300px\" \/><\/strong><\/p>\n<p>L\u2019Artis 2100 peut imprimer sur n\u2019importe quelle couleur de fond, gr\u00e2ce aux encres blanches, et sur presque n\u2019importe quel mat\u00e9riel, avec une r\u00e9sistance \u00e0 l\u2019humidit\u00e9, aux rayures et \u00e0 la lumi\u00e8re du soleil. La machine est tr\u00e8s appropri\u00e9e pour la production de cadeaux personnalis\u00e9s, panneaux publicitaires, signal\u00e9tiques, coques pour mobiles, etc.<\/p>\n<p>L\u2019Artis 2100 offre une super qualit\u00e9 photo puisqu\u2019elle utilise la technologie et t\u00eate d\u2019impression Epson.<\/p>\n<p>C\u2019est une imprimante de gamme semi-professionnelle avec un co\u00fbt de consommables qui sont pour la plupart a un co\u00fbt ne d\u00e9passant pas la moiti\u00e9 du prix des autres marques parce qu\u2019elles utilisent des encres en bouteille au lieu de cartouches originales et des pi\u00e8ces de rechange Epson au lieu de autres marques.<\/p>\n<p>Les machines comprennent un logiciel RIP d\u2019impression qui permet de g\u00e9rer les impressions et les profils de couleurs. Nous avons \u00e9galement un RIP avanc\u00e9 pour pouvoir fonctionner avec une r\u00e9solution maximale et vous permettre d\u2019imprimer les couches de blanc et de couleur dans un seul et m\u00eame passage.<\/p>\n<p>&nbsp;<\/p>\n<p style=\"text-align: center;\"><a class=\"fasc-button fasc-size-xlarge fasc-type-glossy fasc-rounded-medium fasc-ico-before dashicons-edit\" style=\"background-color: #33809e; color: #ffffff;\" href=\"https:\/\/rescate.artisjet-printers.eu\/fr\/contact\/\">Contactez Nous<\/a><\/p>\n","protected":false},"excerpt":{"rendered":"<p>Personnaliser vos troph\u00e9es, m\u00e9tal, plexiglas, verre ou sur tout support rigide. Impression num\u00e9rique Artisjet UV LEd sous&nbsp; divers formats A4, A3 et A2&nbsp;. Qualit\u00e9 et r\u00e9sistance de nos machines Artisjet. Troph\u00e9es en cristal, troph\u00e9es en m\u00e9tal, troph\u00e9es en bois, coupes<\/p>\n","protected":false},"author":1,"featured_media":0,"parent":0,"menu_order":0,"comment_status":"closed","ping_status":"closed","template":"","meta":{"ngg_post_thumbnail":0,"footnotes":""},"class_list":["post-716","page","type-page","status-publish","hentry"],"translation":{"provider":"WPGlobus","version":"2.12.2","language":"pt","enabled_languages":["fr","de","pt","en"],"languages":{"fr":{"title":true,"content":true,"excerpt":false},"de":{"title":true,"content":true,"excerpt":false},"pt":{"title":false,"content":false,"excerpt":false},"en":{"title":true,"content":false,"excerpt":false}}},"yoast_head":"<!-- This site is optimized with the Yoast SEO plugin v22.0 - https:\/\/yoast.com\/wordpress\/plugins\/seo\/ -->\n<title>| Artisjet Europe<\/title>\n<meta name=\"robots\" content=\"index, follow, max-snippet:-1, max-image-preview:large, max-video-preview:-1\" \/>\n<link rel=\"canonical\" href=\"https:\/\/artisjet-printers.eu\/sportpreise-drucken\/\" \/>\n<meta property=\"og:locale\" content=\"pt_PT\" \/>\n<meta property=\"og:type\" content=\"article\" \/>\n<meta property=\"og:title\" content=\"| Artisjet Europe\" \/>\n<meta property=\"og:url\" content=\"https:\/\/artisjet-printers.eu\/sportpreise-drucken\/\" \/>\n<meta property=\"og:site_name\" content=\"Artisjet Europe\" \/>\n<meta property=\"article:modified_time\" content=\"2025-05-28T09:32:34+00:00\" \/>\n<meta property=\"og:image\" content=\"https:\/\/rescate.artisjet-printers.eu\/wp-content\/uploads\/2018\/04\/GRIDTROFEOS-1024x342.jpg\" \/>\n<meta name=\"twitter:card\" content=\"summary_large_image\" \/>\n<meta name=\"twitter:label1\" content=\"Tempo estimado de leitura\" \/>\n\t<meta name=\"twitter:data1\" content=\"4 minutos\" \/>\n<script type=\"application\/ld+json\" class=\"yoast-schema-graph\">{\"@context\":\"https:\/\/schema.org\",\"@graph\":[{\"@type\":\"WebPage\",\"@id\":\"https:\/\/artisjet-printers.eu\/sportpreise-drucken\/\",\"url\":\"https:\/\/artisjet-printers.eu\/sportpreise-drucken\/\",\"name\":\"| Artisjet Europe\",\"isPartOf\":{\"@id\":\"https:\/\/artisjet-printers.eu\/#website\"},\"datePublished\":\"2018-04-06T16:07:23+00:00\",\"dateModified\":\"2025-05-28T09:32:34+00:00\",\"breadcrumb\":{\"@id\":\"https:\/\/artisjet-printers.eu\/sportpreise-drucken\/#breadcrumb\"},\"inLanguage\":\"pt-PT\",\"potentialAction\":[{\"@type\":\"ReadAction\",\"target\":[\"https:\/\/artisjet-printers.eu\/sportpreise-drucken\/\"]}]},{\"@type\":\"BreadcrumbList\",\"@id\":\"https:\/\/artisjet-printers.eu\/sportpreise-drucken\/#breadcrumb\",\"itemListElement\":[{\"@type\":\"ListItem\",\"position\":1,\"name\":\"Home\",\"item\":\"https:\/\/artisjet-printers.eu\/\"},{\"@type\":\"ListItem\",\"position\":2,\"name\":\"Imprimante num\u00e9rique pour troph\u00e9es et m\u00e9dailles\"}]},{\"@type\":\"WebSite\",\"@id\":\"https:\/\/artisjet-printers.eu\/#website\",\"url\":\"https:\/\/artisjet-printers.eu\/\",\"name\":\"Artisjet Europe\",\"description\":\"Official distributor in Europe\",\"publisher\":{\"@id\":\"https:\/\/artisjet-printers.eu\/#organization\"},\"potentialAction\":[{\"@type\":\"SearchAction\",\"target\":{\"@type\":\"EntryPoint\",\"urlTemplate\":\"https:\/\/artisjet-printers.eu\/?s={search_term_string}\"},\"query-input\":\"required name=search_term_string\"}],\"inLanguage\":\"pt-PT\"},{\"@type\":\"Organization\",\"@id\":\"https:\/\/artisjet-printers.eu\/#organization\",\"name\":\"ArtisJet\",\"url\":\"https:\/\/artisjet-printers.eu\/\",\"logo\":{\"@type\":\"ImageObject\",\"inLanguage\":\"pt-PT\",\"@id\":\"https:\/\/artisjet-printers.eu\/#\/schema\/logo\/image\/\",\"url\":\"https:\/\/artisjet-printers.eu\/wp-content\/uploads\/2017\/12\/logoartisjet.jpg\",\"contentUrl\":\"https:\/\/artisjet-printers.eu\/wp-content\/uploads\/2017\/12\/logoartisjet.jpg\",\"width\":217,\"height\":80,\"caption\":\"ArtisJet\"},\"image\":{\"@id\":\"https:\/\/artisjet-printers.eu\/#\/schema\/logo\/image\/\"}}]}<\/script>\n<!-- \/ Yoast SEO plugin. -->","yoast_head_json":{"title":"| Artisjet Europe","robots":{"index":"index","follow":"follow","max-snippet":"max-snippet:-1","max-image-preview":"max-image-preview:large","max-video-preview":"max-video-preview:-1"},"canonical":"https:\/\/artisjet-printers.eu\/sportpreise-drucken\/","og_locale":"pt_PT","og_type":"article","og_title":"| Artisjet Europe","og_url":"https:\/\/artisjet-printers.eu\/sportpreise-drucken\/","og_site_name":"Artisjet Europe","article_modified_time":"2025-05-28T09:32:34+00:00","og_image":[{"url":"https:\/\/rescate.artisjet-printers.eu\/wp-content\/uploads\/2018\/04\/GRIDTROFEOS-1024x342.jpg"}],"twitter_card":"summary_large_image","twitter_misc":{"Tempo estimado de leitura":"4 minutos"},"schema":{"@context":"https:\/\/schema.org","@graph":[{"@type":"WebPage","@id":"https:\/\/artisjet-printers.eu\/sportpreise-drucken\/","url":"https:\/\/artisjet-printers.eu\/sportpreise-drucken\/","name":"| Artisjet Europe","isPartOf":{"@id":"https:\/\/artisjet-printers.eu\/#website"},"datePublished":"2018-04-06T16:07:23+00:00","dateModified":"2025-05-28T09:32:34+00:00","breadcrumb":{"@id":"https:\/\/artisjet-printers.eu\/sportpreise-drucken\/#breadcrumb"},"inLanguage":"pt-PT","potentialAction":[{"@type":"ReadAction","target":["https:\/\/artisjet-printers.eu\/sportpreise-drucken\/"]}]},{"@type":"BreadcrumbList","@id":"https:\/\/artisjet-printers.eu\/sportpreise-drucken\/#breadcrumb","itemListElement":[{"@type":"ListItem","position":1,"name":"Home","item":"https:\/\/artisjet-printers.eu\/"},{"@type":"ListItem","position":2,"name":"Imprimante num\u00e9rique pour troph\u00e9es et m\u00e9dailles"}]},{"@type":"WebSite","@id":"https:\/\/artisjet-printers.eu\/#website","url":"https:\/\/artisjet-printers.eu\/","name":"Artisjet Europe","description":"Official distributor in Europe","publisher":{"@id":"https:\/\/artisjet-printers.eu\/#organization"},"potentialAction":[{"@type":"SearchAction","target":{"@type":"EntryPoint","urlTemplate":"https:\/\/artisjet-printers.eu\/?s={search_term_string}"},"query-input":"required name=search_term_string"}],"inLanguage":"pt-PT"},{"@type":"Organization","@id":"https:\/\/artisjet-printers.eu\/#organization","name":"ArtisJet","url":"https:\/\/artisjet-printers.eu\/","logo":{"@type":"ImageObject","inLanguage":"pt-PT","@id":"https:\/\/artisjet-printers.eu\/#\/schema\/logo\/image\/","url":"https:\/\/artisjet-printers.eu\/wp-content\/uploads\/2017\/12\/logoartisjet.jpg","contentUrl":"https:\/\/artisjet-printers.eu\/wp-content\/uploads\/2017\/12\/logoartisjet.jpg","width":217,"height":80,"caption":"ArtisJet"},"image":{"@id":"https:\/\/artisjet-printers.eu\/#\/schema\/logo\/image\/"}}]}},"_links":{"self":[{"href":"https:\/\/artisjet-printers.eu\/pt\/wp-json\/wp\/v2\/pages\/716","targetHints":{"allow":["GET"]}}],"collection":[{"href":"https:\/\/artisjet-printers.eu\/pt\/wp-json\/wp\/v2\/pages"}],"about":[{"href":"https:\/\/artisjet-printers.eu\/pt\/wp-json\/wp\/v2\/types\/page"}],"author":[{"embeddable":true,"href":"https:\/\/artisjet-printers.eu\/pt\/wp-json\/wp\/v2\/users\/1"}],"replies":[{"embeddable":true,"href":"https:\/\/artisjet-printers.eu\/pt\/wp-json\/wp\/v2\/comments?post=716"}],"version-history":[{"count":11,"href":"https:\/\/artisjet-printers.eu\/pt\/wp-json\/wp\/v2\/pages\/716\/revisions"}],"predecessor-version":[{"id":4994,"href":"https:\/\/artisjet-printers.eu\/pt\/wp-json\/wp\/v2\/pages\/716\/revisions\/4994"}],"wp:attachment":[{"href":"https:\/\/artisjet-printers.eu\/pt\/wp-json\/wp\/v2\/media?parent=716"}],"curies":[{"name":"wp","href":"https:\/\/api.w.org\/{rel}","templated":true}]}}