{"id":540,"date":"2017-12-14T14:26:44","date_gmt":"2017-12-14T14:26:44","guid":{"rendered":"http:\/\/artisjet-printers.eu\/?page_id=540"},"modified":"2018-10-23T09:40:50","modified_gmt":"2018-10-23T07:40:50","slug":"storefront","status":"publish","type":"page","link":"https:\/\/artisjet-printers.eu\/pt\/storefront\/","title":{"rendered":"Loja"},"content":{"rendered":"<div class=\"column-grid column-grid-2\"><div class=\"column column-span-1 column-push-0 column-first\"><p><img loading=\"lazy\" decoding=\"async\" class=\"alignnone wp-image-543\" src=\"https:\/\/rescate.artisjet-printers.eu\/wp-content\/uploads\/2017\/12\/artis2100Uimg3-1.jpg\" alt=\"\" width=\"560\" height=\"500\" srcset=\"https:\/\/artisjet-printers.eu\/wp-content\/uploads\/2017\/12\/artis2100Uimg3-1.jpg 560w, https:\/\/artisjet-printers.eu\/wp-content\/uploads\/2017\/12\/artis2100Uimg3-1-300x268.jpg 300w\" sizes=\"auto, (max-width: 560px) 100vw, 560px\" \/><\/p>\n<\/div>\n<div class=\"column column-span-1 column-push-0 column-last\"><\/p>\n<h2 class=\"dark-grey-text uppercase-text\"><a href=\"https:\/\/rescate.artisjet-printers.eu\/pt\/uv-led-printers\/\">Impressoras UV Led<\/a><\/h2>\n<ul>\n<li>Imprima as suas ideias sobre os materiais de cor e surpreenda os seus clientes com qualidade fotogr\u00e1fica ou pelo efeito de relevo.<\/li>\n<li>Tinta branca e clara ressalta muito bem toda a gama de cores.<\/li>\n<li>Imprime as suas ideias diretamente sobre substratos flex\u00edveis e r\u00edgidos.<\/li>\n<li>Fa\u00e7a uma elei\u00e7\u00e3o inteligente entre impressoras de distintos tamanhos e consiga excelentes cores nos produtos.<\/li>\n<li>O cabe\u00e7a de impress\u00e3o tem uma larga dura\u00e7\u00e3o gra\u00e7as \u00e0 refrigera\u00e7\u00e3o por l\u00edquido incorporada.<\/li>\n<li>Limpeza automatizada e l\u00e2mpada UV com sistema de disparo s\u00fabito de tinta.<\/li>\n<li>Obtenha resultados de impress\u00e3o limpos gra\u00e7as ao sistema antiest\u00e1tico.<\/li>\n<\/ul>\n<p>&nbsp;<\/p>\n<p><a class=\"fasc-button fasc-size-large fasc-type-glossy fasc-rounded-medium fasc-ico-before dashicons-visibility\" style=\"background-color: #247edd; color: #ffffff;\" href=\"\/uv-led-printers\/\">Ler mais<\/a><\/p>\n<p>\n<\/div><\/div>\n<div class=\"column-grid column-grid-2\"><div class=\"column column-span-1 column-push-0 column-first\"><p><img loading=\"lazy\" decoding=\"async\" class=\"alignnone wp-image-382\" src=\"https:\/\/rescate.artisjet-printers.eu\/wp-content\/uploads\/2017\/12\/artis3000Timg3-1.jpg\" alt=\"Impresora Textil Artis 3060T\" width=\"560\" height=\"500\" srcset=\"https:\/\/artisjet-printers.eu\/wp-content\/uploads\/2017\/12\/artis3000Timg3-1.jpg 560w, https:\/\/artisjet-printers.eu\/wp-content\/uploads\/2017\/12\/artis3000Timg3-1-300x268.jpg 300w\" sizes=\"auto, (max-width: 560px) 100vw, 560px\" \/><\/p>\n<\/div>\n<div class=\"column column-span-1 column-push-0 column-last\"><\/p>\n<h2 class=\"dark-grey-text uppercase-text\"><a href=\"https:\/\/rescate.artisjet-printers.eu\/pt\/dtg-printers\/\">Impressoras de T\u00eaxtil Direta<\/a><\/h2>\n<ul>\n<li>Impress\u00e3o direta sobre vestu\u00e1rio t\u00eaxtil de algod\u00e3o e poli\u00e9ster.<\/li>\n<li>Tamanho da impress\u00e3o de A3+ (3900*570mm) a A2+ (500*700mm).<\/li>\n<li>Grande resist\u00eancia \u00e0 lavagem com a nova tinta de pigmento formulado \u00e0 base de \u00e1gua.<\/li>\n<li>Compat\u00edveis com tintas Dupont<\/li>\n<li>Cor viva e forte em t\u00eaxtis claros e escuros.<\/li>\n<li>Placas intercambi\u00e1veis para diferentes aplica\u00e7\u00f5es de impress\u00e3o.<\/li>\n<li>Sistema de limpeza automatizado.<\/li>\n<li>Produ\u00e7\u00e3o r\u00e1pida.<\/li>\n<li>Custo de produ\u00e7\u00e3o baixo.<\/li>\n<li>F\u00e1cil repeti\u00e7\u00e3o de impress\u00e3o.<\/li>\n<\/ul>\n<p>&nbsp;<\/p>\n<p><a class=\"fasc-button fasc-size-large fasc-type-glossy fasc-rounded-medium fasc-ico-before dashicons-visibility\" style=\"background-color: #247edd; color: #ffffff;\" href=\"\/pt\/dtg-printers\/\">Ler mais<\/a><\/p>\n<p>\n<\/div><\/div>\n<div class=\"column-grid column-grid-2\"><div class=\"column column-span-1 column-push-0 column-first\"><p><img loading=\"lazy\" decoding=\"async\" class=\"alignnone wp-image-545\" src=\"https:\/\/rescate.artisjet-printers.eu\/wp-content\/uploads\/2017\/12\/inks-300x212.png\" alt=\"\" width=\"560\" height=\"397\" srcset=\"https:\/\/artisjet-printers.eu\/wp-content\/uploads\/2017\/12\/inks-300x212.png 300w, https:\/\/artisjet-printers.eu\/wp-content\/uploads\/2017\/12\/inks.png 370w\" sizes=\"auto, (max-width: 560px) 100vw, 560px\" \/><\/p>\n<\/div>\n<div class=\"column column-span-1 column-push-0 column-last\"><\/p>\n<h2 class=\"dark-grey-text uppercase-text\"><a href=\"https:\/\/rescate.artisjet-printers.eu\/pt\/inks\/\">Tintas &#8211; UV Led, DTG, Ecosolvente<\/a><\/h2>\n<ul>\n<li>Serie de tintas UV LED e T\u00eaxtil (DTS).<\/li>\n<li>Serie BR de tintas com pigmentos solventes ecol\u00f3gicos.<\/li>\n<li>Tintas com pigmentos base de \u00e1gua DTG.<\/li>\n<li>Solu\u00e7\u00f5es de limpeza para cada tipo de tintas.<\/li>\n<li>Resultados vivos.<\/li>\n<li>Altas presta\u00e7\u00f5es em quanto a durabilidade.<\/li>\n<li>Compat\u00edvel com muitos materiais diferentes.<\/li>\n<li>Dispon\u00edvel em garrafas de 200ML \/ 500ML \/ 1000ML.<\/li>\n<\/ul>\n<p>&nbsp;<\/p>\n<p><a class=\"fasc-button fasc-size-large fasc-type-glossy fasc-rounded-medium fasc-ico-before dashicons-visibility\" style=\"background-color: #247edd; color: #ffffff;\" href=\"\/pt\/inks\/\">Ler mais<\/a><\/p>\n<p>\n<\/div><\/div>\n<div class=\"column-grid column-grid-2\"><div class=\"column column-span-1 column-push-0 column-first\"><p> <img loading=\"lazy\" decoding=\"async\" class=\"wp-image-494 size-full aligncenter\" src=\"https:\/\/rescate.artisjet-printers.eu\/wp-content\/uploads\/2017\/12\/sofware-white-rip.jpg\" alt=\"WhiteRIP Printing Software\" width=\"500\" height=\"500\" srcset=\"https:\/\/artisjet-printers.eu\/wp-content\/uploads\/2017\/12\/sofware-white-rip.jpg 500w, https:\/\/artisjet-printers.eu\/wp-content\/uploads\/2017\/12\/sofware-white-rip-300x300.jpg 300w, https:\/\/artisjet-printers.eu\/wp-content\/uploads\/2017\/12\/sofware-white-rip-100x100.jpg 100w, https:\/\/artisjet-printers.eu\/wp-content\/uploads\/2017\/12\/sofware-white-rip-150x150.jpg 150w, https:\/\/artisjet-printers.eu\/wp-content\/uploads\/2017\/12\/sofware-white-rip-270x270.jpg 270w, https:\/\/artisjet-printers.eu\/wp-content\/uploads\/2017\/12\/sofware-white-rip-230x230.jpg 230w\" sizes=\"auto, (max-width: 500px) 100vw, 500px\" \/> <\/p>\n<\/div>\n<div class=\"column column-span-1 column-push-0 column-last\"><\/p>\n<ul>\n<li class=\"dark-grey-text\"><a href=\"https:\/\/rescate.artisjet-printers.eu\/pt\/product\/rip-software\/\">Software RIP<\/a><\/li>\n<li>Temos duas vers\u00f5es dispon\u00edveis.<\/li>\n<li>Vers\u00e3o b\u00e1sica e vers\u00e3o avan\u00e7ada.<\/li>\n<li>F\u00e1cil gest\u00e3o dos softwares professionais RIP para a melhor impress\u00e3o de cor.<\/li>\n<li>Uso de perfis de cor<\/li>\n<li>Impress\u00e3o de relevo numa s\u00f3 passada<\/li>\n<li>Impress\u00e3o de verniz<\/li>\n<li>Impress\u00e3o a Cores e Brancos para superf\u00edcies transparentes ou escuras numa s\u00f3 passada (dependa da vers\u00e3o do rip)<\/li>\n<\/ul>\n<p>&nbsp;<\/p>\n<p><a class=\"fasc-button fasc-size-large fasc-type-glossy fasc-rounded-medium fasc-ico-before dashicons-visibility\" style=\"background-color: #247edd; color: #ffffff;\" href=\"https:\/\/rescate.artisjet-printers.eu\/pt\/product\/rip-software\/\">Ler mais<\/a><\/p>\n<p>\n<\/div><\/div>\n<div class=\"column-grid column-grid-2\"><div class=\"column column-span-1 column-push-0 column-first\"><p> <img loading=\"lazy\" decoding=\"async\" class=\"alignnone wp-image-547 size-full\" src=\"https:\/\/rescate.artisjet-printers.eu\/wp-content\/uploads\/2017\/12\/spare-parts.jpg\" alt=\"\" width=\"560\" height=\"500\" srcset=\"https:\/\/artisjet-printers.eu\/wp-content\/uploads\/2017\/12\/spare-parts.jpg 560w, https:\/\/artisjet-printers.eu\/wp-content\/uploads\/2017\/12\/spare-parts-300x268.jpg 300w\" sizes=\"auto, (max-width: 560px) 100vw, 560px\" \/> <\/p>\n<\/div>\n<div class=\"column column-span-1 column-push-0 column-last\"><\/p>\n<h2 class=\"dark-grey-text uppercase-text\"><a href=\"\/pt\/accesories\/\">Acess\u00f3rios<\/a><\/h2>\n<ul>\n<li>Linha completa de produtos e pe\u00e7as de reposi\u00e7\u00e3o artisJet.<\/li>\n<li>Moldes e chapas distintas para diferentes aplica\u00e7\u00f5es.<\/li>\n<li>Pe\u00e7as originais com garantia<\/li>\n<li>Manual de funcionamento para cada produto.<\/li>\n<li>Entrega r\u00e1pida<\/li>\n<\/ul>\n<p>&nbsp;<\/p>\n<p><a class=\"fasc-button fasc-size-large fasc-type-glossy fasc-rounded-medium fasc-ico-before dashicons-visibility\" style=\"background-color: #247edd; color: #ffffff;\" href=\"\/pt\/accesories\/\">Ler mais<\/a><\/p>\n<p>\n<\/div><\/div>\n","protected":false},"excerpt":{"rendered":"","protected":false},"author":1,"featured_media":0,"parent":0,"menu_order":0,"comment_status":"closed","ping_status":"closed","template":"","meta":{"ngg_post_thumbnail":0,"footnotes":""},"class_list":["post-540","page","type-page","status-publish","hentry"],"translation":{"provider":"WPGlobus","version":"2.12.2","language":"pt","enabled_languages":["fr","de","pt","en"],"languages":{"fr":{"title":true,"content":true,"excerpt":false},"de":{"title":true,"content":true,"excerpt":false},"pt":{"title":true,"content":true,"excerpt":false},"en":{"title":true,"content":true,"excerpt":false}}},"yoast_head":"<!-- This site is optimized with the Yoast SEO plugin v22.0 - https:\/\/yoast.com\/wordpress\/plugins\/seo\/ -->\n<title>Loja | Artisjet Europe<\/title>\n<meta name=\"robots\" content=\"index, follow, max-snippet:-1, max-image-preview:large, max-video-preview:-1\" \/>\n<link rel=\"canonical\" href=\"https:\/\/artisjet-printers.eu\/storefront\/\" \/>\n<meta property=\"og:locale\" content=\"pt_PT\" \/>\n<meta property=\"og:type\" content=\"article\" \/>\n<meta property=\"og:title\" content=\"Loja | Artisjet Europe\" \/>\n<meta property=\"og:url\" content=\"https:\/\/artisjet-printers.eu\/storefront\/\" \/>\n<meta property=\"og:site_name\" content=\"Artisjet Europe\" \/>\n<meta property=\"article:modified_time\" content=\"2018-10-23T07:40:50+00:00\" \/>\n<meta property=\"og:image\" content=\"https:\/\/rescate.artisjet-printers.eu\/wp-content\/uploads\/2017\/12\/artis2100Uimg3-1.jpg\" \/>\n<meta name=\"twitter:card\" content=\"summary_large_image\" \/>\n<meta name=\"twitter:label1\" content=\"Tempo estimado de leitura\" \/>\n\t<meta name=\"twitter:data1\" content=\"7 minutos\" \/>\n<script type=\"application\/ld+json\" class=\"yoast-schema-graph\">{\"@context\":\"https:\/\/schema.org\",\"@graph\":[{\"@type\":\"WebPage\",\"@id\":\"https:\/\/artisjet-printers.eu\/storefront\/\",\"url\":\"https:\/\/artisjet-printers.eu\/storefront\/\",\"name\":\"Loja | Artisjet Europe\",\"isPartOf\":{\"@id\":\"https:\/\/artisjet-printers.eu\/#website\"},\"datePublished\":\"2017-12-14T14:26:44+00:00\",\"dateModified\":\"2018-10-23T07:40:50+00:00\",\"breadcrumb\":{\"@id\":\"https:\/\/artisjet-printers.eu\/storefront\/#breadcrumb\"},\"inLanguage\":\"pt-PT\",\"potentialAction\":[{\"@type\":\"ReadAction\",\"target\":[\"https:\/\/artisjet-printers.eu\/storefront\/\"]}]},{\"@type\":\"BreadcrumbList\",\"@id\":\"https:\/\/artisjet-printers.eu\/storefront\/#breadcrumb\",\"itemListElement\":[{\"@type\":\"ListItem\",\"position\":1,\"name\":\"Home\",\"item\":\"https:\/\/artisjet-printers.eu\/\"},{\"@type\":\"ListItem\",\"position\":2,\"name\":\"Boutique\"}]},{\"@type\":\"WebSite\",\"@id\":\"https:\/\/artisjet-printers.eu\/#website\",\"url\":\"https:\/\/artisjet-printers.eu\/\",\"name\":\"Artisjet Europe\",\"description\":\"Official distributor in Europe\",\"publisher\":{\"@id\":\"https:\/\/artisjet-printers.eu\/#organization\"},\"potentialAction\":[{\"@type\":\"SearchAction\",\"target\":{\"@type\":\"EntryPoint\",\"urlTemplate\":\"https:\/\/artisjet-printers.eu\/?s={search_term_string}\"},\"query-input\":\"required name=search_term_string\"}],\"inLanguage\":\"pt-PT\"},{\"@type\":\"Organization\",\"@id\":\"https:\/\/artisjet-printers.eu\/#organization\",\"name\":\"ArtisJet\",\"url\":\"https:\/\/artisjet-printers.eu\/\",\"logo\":{\"@type\":\"ImageObject\",\"inLanguage\":\"pt-PT\",\"@id\":\"https:\/\/artisjet-printers.eu\/#\/schema\/logo\/image\/\",\"url\":\"https:\/\/artisjet-printers.eu\/wp-content\/uploads\/2017\/12\/logoartisjet.jpg\",\"contentUrl\":\"https:\/\/artisjet-printers.eu\/wp-content\/uploads\/2017\/12\/logoartisjet.jpg\",\"width\":217,\"height\":80,\"caption\":\"ArtisJet\"},\"image\":{\"@id\":\"https:\/\/artisjet-printers.eu\/#\/schema\/logo\/image\/\"}}]}<\/script>\n<!-- \/ Yoast SEO plugin. -->","yoast_head_json":{"title":"Loja | Artisjet Europe","robots":{"index":"index","follow":"follow","max-snippet":"max-snippet:-1","max-image-preview":"max-image-preview:large","max-video-preview":"max-video-preview:-1"},"canonical":"https:\/\/artisjet-printers.eu\/storefront\/","og_locale":"pt_PT","og_type":"article","og_title":"Loja | Artisjet Europe","og_url":"https:\/\/artisjet-printers.eu\/storefront\/","og_site_name":"Artisjet Europe","article_modified_time":"2018-10-23T07:40:50+00:00","og_image":[{"url":"https:\/\/rescate.artisjet-printers.eu\/wp-content\/uploads\/2017\/12\/artis2100Uimg3-1.jpg"}],"twitter_card":"summary_large_image","twitter_misc":{"Tempo estimado de leitura":"7 minutos"},"schema":{"@context":"https:\/\/schema.org","@graph":[{"@type":"WebPage","@id":"https:\/\/artisjet-printers.eu\/storefront\/","url":"https:\/\/artisjet-printers.eu\/storefront\/","name":"Loja | Artisjet Europe","isPartOf":{"@id":"https:\/\/artisjet-printers.eu\/#website"},"datePublished":"2017-12-14T14:26:44+00:00","dateModified":"2018-10-23T07:40:50+00:00","breadcrumb":{"@id":"https:\/\/artisjet-printers.eu\/storefront\/#breadcrumb"},"inLanguage":"pt-PT","potentialAction":[{"@type":"ReadAction","target":["https:\/\/artisjet-printers.eu\/storefront\/"]}]},{"@type":"BreadcrumbList","@id":"https:\/\/artisjet-printers.eu\/storefront\/#breadcrumb","itemListElement":[{"@type":"ListItem","position":1,"name":"Home","item":"https:\/\/artisjet-printers.eu\/"},{"@type":"ListItem","position":2,"name":"Boutique"}]},{"@type":"WebSite","@id":"https:\/\/artisjet-printers.eu\/#website","url":"https:\/\/artisjet-printers.eu\/","name":"Artisjet Europe","description":"Official distributor in Europe","publisher":{"@id":"https:\/\/artisjet-printers.eu\/#organization"},"potentialAction":[{"@type":"SearchAction","target":{"@type":"EntryPoint","urlTemplate":"https:\/\/artisjet-printers.eu\/?s={search_term_string}"},"query-input":"required name=search_term_string"}],"inLanguage":"pt-PT"},{"@type":"Organization","@id":"https:\/\/artisjet-printers.eu\/#organization","name":"ArtisJet","url":"https:\/\/artisjet-printers.eu\/","logo":{"@type":"ImageObject","inLanguage":"pt-PT","@id":"https:\/\/artisjet-printers.eu\/#\/schema\/logo\/image\/","url":"https:\/\/artisjet-printers.eu\/wp-content\/uploads\/2017\/12\/logoartisjet.jpg","contentUrl":"https:\/\/artisjet-printers.eu\/wp-content\/uploads\/2017\/12\/logoartisjet.jpg","width":217,"height":80,"caption":"ArtisJet"},"image":{"@id":"https:\/\/artisjet-printers.eu\/#\/schema\/logo\/image\/"}}]}},"_links":{"self":[{"href":"https:\/\/artisjet-printers.eu\/pt\/wp-json\/wp\/v2\/pages\/540","targetHints":{"allow":["GET"]}}],"collection":[{"href":"https:\/\/artisjet-printers.eu\/pt\/wp-json\/wp\/v2\/pages"}],"about":[{"href":"https:\/\/artisjet-printers.eu\/pt\/wp-json\/wp\/v2\/types\/page"}],"author":[{"embeddable":true,"href":"https:\/\/artisjet-printers.eu\/pt\/wp-json\/wp\/v2\/users\/1"}],"replies":[{"embeddable":true,"href":"https:\/\/artisjet-printers.eu\/pt\/wp-json\/wp\/v2\/comments?post=540"}],"version-history":[{"count":31,"href":"https:\/\/artisjet-printers.eu\/pt\/wp-json\/wp\/v2\/pages\/540\/revisions"}],"predecessor-version":[{"id":1051,"href":"https:\/\/artisjet-printers.eu\/pt\/wp-json\/wp\/v2\/pages\/540\/revisions\/1051"}],"wp:attachment":[{"href":"https:\/\/artisjet-printers.eu\/pt\/wp-json\/wp\/v2\/media?parent=540"}],"curies":[{"name":"wp","href":"https:\/\/api.w.org\/{rel}","templated":true}]}}