{"id":533,"date":"2017-12-14T14:13:35","date_gmt":"2017-12-14T14:13:35","guid":{"rendered":"http:\/\/artisjet-printers.eu\/?page_id=533"},"modified":"2025-03-07T11:08:04","modified_gmt":"2025-03-07T10:08:04","slug":"about-artisjet","status":"publish","type":"page","link":"https:\/\/artisjet-printers.eu\/pt\/about-artisjet\/","title":{"rendered":"Sobre N\u00f3s"},"content":{"rendered":"\n<figure class=\"wp-block-image size-large\"><img loading=\"lazy\" decoding=\"async\" width=\"1024\" height=\"351\" src=\"https:\/\/artisjet-printers.eu\/wp-content\/uploads\/2017\/12\/about-us-banner-1024x351.jpg\" alt=\"\" class=\"wp-image-537\" srcset=\"https:\/\/artisjet-printers.eu\/wp-content\/uploads\/2017\/12\/about-us-banner-1024x351.jpg 1024w, https:\/\/artisjet-printers.eu\/wp-content\/uploads\/2017\/12\/about-us-banner-600x205.jpg 600w, https:\/\/artisjet-printers.eu\/wp-content\/uploads\/2017\/12\/about-us-banner-300x103.jpg 300w, https:\/\/artisjet-printers.eu\/wp-content\/uploads\/2017\/12\/about-us-banner-768x263.jpg 768w, https:\/\/artisjet-printers.eu\/wp-content\/uploads\/2017\/12\/about-us-banner.jpg 1171w\" sizes=\"auto, (max-width: 1024px) 100vw, 1024px\" \/><\/figure>\n\n\n\n<h3 class=\"wp-block-heading has-text-align-center\"><strong><strong><strong>FORNECENDO PARA A IND\u00daSTRIA DA CUSTOMIZA\u00c7\u00c3O<\/strong><\/strong><\/strong><\/h3>\n\n\n\n<p class=\"has-text-align-center\">A ArtisJet desenvolveu uma ampla gama de solu\u00e7\u00f5es empresariais. H\u00e1 anos, a ArtisJet investe no desenvolvimento de tecnologias de impress\u00e3o de ponta. A ArtisJet oferece inova\u00e7\u00f5es em impress\u00e3o digital direta sobre substratos, permitindo que as pessoas criem ou personalizem todos os tipos de objetos e expressem sua inspira\u00e7\u00e3o no design e na produ\u00e7\u00e3o.<\/p>\n\n\n\n<p class=\"has-text-align-center\">O sucesso da ArtisJet depende principalmente de oferecer produtos s\u00f3lidos e confi\u00e1veis, que possam ser integrados a fluxos de trabalho complexos, com baixos custos de consum\u00edveis e manuten\u00e7\u00e3o. A ArtisJet \u00e9 uma fabricante de produtos de impress\u00e3o confi\u00e1veis e inovadores. A equipe da ArtisJet, juntamente com sua rede global de parceiros, dedica-se \u00e0 produ\u00e7\u00e3o de produtos valiosos e \u00e0 presta\u00e7\u00e3o dos melhores servi\u00e7os.<\/p>\n\n\n\n<h3 class=\"wp-block-heading has-text-align-center\">NOSSA MISS\u00c3O<\/h3>\n\n\n\n<p class=\"has-text-align-center\">Nossa miss\u00e3o \u00e9 desenvolver e explorar a tecnologia de impress\u00e3o direta para facilitar as vendas e gerar valor agregado para nossos clientes. Seja voc\u00ea um indiv\u00edduo, uma empresa ou uma comunidade que deseja iniciar ou expandir um neg\u00f3cio, a ArtisJet oferece solu\u00e7\u00f5es empresariais adequadas para otimizar seus custos de produ\u00e7\u00e3o.<\/p>\n\n\n\n<p class=\"has-text-align-center\">Somos uma empresa comprometida em atender \u00e0s necessidades dos nossos clientes nas \u00e1reas de produ\u00e7\u00e3o, marketing, treinamento e p\u00f3s-venda. Nosso objetivo fundamental \u00e9 contribuir para o sucesso dos nossos clientes.<\/p>\n\n\n\n<h3 class=\"wp-block-heading has-text-align-center\"><strong><strong><strong><strong>COMPROMISSO AMBIENTAL<\/strong><\/strong><\/strong><\/strong><\/h3>\n\n\n\n<p class=\"has-text-align-center\">A ArtisJet desenvolveu proativamente pr\u00e1ticas empresariais ecologicamente corretas para seus produtos, reduzindo significativamente o impacto ambiental. Como resultado, nossa produ\u00e7\u00e3o tornou-se mais limpa e eficiente. Continuaremos a adotar e implementar novas iniciativas ecol\u00f3gicas para fortalecer a preserva\u00e7\u00e3o ambiental. Temos orgulho de fazer parte do movimento &#8220;Eco-Attitude&#8221; e do impacto positivo que nossos esfor\u00e7os ter\u00e3o no meio ambiente.<\/p>\n","protected":false},"excerpt":{"rendered":"<p>FORNECENDO PARA A IND\u00daSTRIA DA CUSTOMIZA\u00c7\u00c3O A ArtisJet desenvolveu uma ampla gama de solu\u00e7\u00f5es empresariais. H\u00e1 anos, a ArtisJet investe no desenvolvimento de tecnologias de impress\u00e3o de ponta. A ArtisJet oferece inova\u00e7\u00f5es em impress\u00e3o digital direta sobre substratos, permitindo que<\/p>\n","protected":false},"author":1,"featured_media":0,"parent":0,"menu_order":0,"comment_status":"closed","ping_status":"closed","template":"","meta":{"ngg_post_thumbnail":0,"footnotes":""},"class_list":["post-533","page","type-page","status-publish","hentry"],"translation":{"provider":"WPGlobus","version":"2.12.2","language":"pt","enabled_languages":["fr","de","pt","en"],"languages":{"fr":{"title":true,"content":true,"excerpt":false},"de":{"title":true,"content":true,"excerpt":false},"pt":{"title":true,"content":true,"excerpt":false},"en":{"title":true,"content":true,"excerpt":false}}},"yoast_head":"<!-- This site is optimized with the Yoast SEO plugin v22.0 - https:\/\/yoast.com\/wordpress\/plugins\/seo\/ -->\n<title>Sobre N\u00f3s | Artisjet Europe<\/title>\n<meta name=\"robots\" content=\"index, follow, max-snippet:-1, max-image-preview:large, max-video-preview:-1\" \/>\n<link rel=\"canonical\" href=\"https:\/\/artisjet-printers.eu\/about-artisjet\/\" \/>\n<meta property=\"og:locale\" content=\"pt_PT\" \/>\n<meta property=\"og:type\" content=\"article\" \/>\n<meta property=\"og:title\" content=\"Sobre N\u00f3s | Artisjet Europe\" \/>\n<meta property=\"og:url\" content=\"https:\/\/artisjet-printers.eu\/about-artisjet\/\" \/>\n<meta property=\"og:site_name\" content=\"Artisjet Europe\" \/>\n<meta property=\"article:modified_time\" content=\"2025-03-07T10:08:04+00:00\" \/>\n<meta property=\"og:image\" content=\"https:\/\/artisjet-printers.eu\/wp-content\/uploads\/2017\/12\/about-us-banner-1024x351.jpg\" \/>\n<meta name=\"twitter:card\" content=\"summary_large_image\" \/>\n<meta name=\"twitter:label1\" content=\"Tempo estimado de leitura\" \/>\n\t<meta name=\"twitter:data1\" content=\"2 minutos\" \/>\n<script type=\"application\/ld+json\" class=\"yoast-schema-graph\">{\"@context\":\"https:\/\/schema.org\",\"@graph\":[{\"@type\":\"WebPage\",\"@id\":\"https:\/\/artisjet-printers.eu\/about-artisjet\/\",\"url\":\"https:\/\/artisjet-printers.eu\/about-artisjet\/\",\"name\":\"Sobre N\u00f3s | Artisjet Europe\",\"isPartOf\":{\"@id\":\"https:\/\/artisjet-printers.eu\/#website\"},\"datePublished\":\"2017-12-14T14:13:35+00:00\",\"dateModified\":\"2025-03-07T10:08:04+00:00\",\"breadcrumb\":{\"@id\":\"https:\/\/artisjet-printers.eu\/about-artisjet\/#breadcrumb\"},\"inLanguage\":\"pt-PT\",\"potentialAction\":[{\"@type\":\"ReadAction\",\"target\":[\"https:\/\/artisjet-printers.eu\/about-artisjet\/\"]}]},{\"@type\":\"BreadcrumbList\",\"@id\":\"https:\/\/artisjet-printers.eu\/about-artisjet\/#breadcrumb\",\"itemListElement\":[{\"@type\":\"ListItem\",\"position\":1,\"name\":\"Home\",\"item\":\"https:\/\/artisjet-printers.eu\/\"},{\"@type\":\"ListItem\",\"position\":2,\"name\":\"\u00c0 propos de nous\"}]},{\"@type\":\"WebSite\",\"@id\":\"https:\/\/artisjet-printers.eu\/#website\",\"url\":\"https:\/\/artisjet-printers.eu\/\",\"name\":\"Artisjet Europe\",\"description\":\"Official distributor in Europe\",\"publisher\":{\"@id\":\"https:\/\/artisjet-printers.eu\/#organization\"},\"potentialAction\":[{\"@type\":\"SearchAction\",\"target\":{\"@type\":\"EntryPoint\",\"urlTemplate\":\"https:\/\/artisjet-printers.eu\/?s={search_term_string}\"},\"query-input\":\"required name=search_term_string\"}],\"inLanguage\":\"pt-PT\"},{\"@type\":\"Organization\",\"@id\":\"https:\/\/artisjet-printers.eu\/#organization\",\"name\":\"ArtisJet\",\"url\":\"https:\/\/artisjet-printers.eu\/\",\"logo\":{\"@type\":\"ImageObject\",\"inLanguage\":\"pt-PT\",\"@id\":\"https:\/\/artisjet-printers.eu\/#\/schema\/logo\/image\/\",\"url\":\"https:\/\/artisjet-printers.eu\/wp-content\/uploads\/2017\/12\/logoartisjet.jpg\",\"contentUrl\":\"https:\/\/artisjet-printers.eu\/wp-content\/uploads\/2017\/12\/logoartisjet.jpg\",\"width\":217,\"height\":80,\"caption\":\"ArtisJet\"},\"image\":{\"@id\":\"https:\/\/artisjet-printers.eu\/#\/schema\/logo\/image\/\"}}]}<\/script>\n<!-- \/ Yoast SEO plugin. -->","yoast_head_json":{"title":"Sobre N\u00f3s | Artisjet Europe","robots":{"index":"index","follow":"follow","max-snippet":"max-snippet:-1","max-image-preview":"max-image-preview:large","max-video-preview":"max-video-preview:-1"},"canonical":"https:\/\/artisjet-printers.eu\/about-artisjet\/","og_locale":"pt_PT","og_type":"article","og_title":"Sobre N\u00f3s | Artisjet Europe","og_url":"https:\/\/artisjet-printers.eu\/about-artisjet\/","og_site_name":"Artisjet Europe","article_modified_time":"2025-03-07T10:08:04+00:00","og_image":[{"url":"https:\/\/artisjet-printers.eu\/wp-content\/uploads\/2017\/12\/about-us-banner-1024x351.jpg"}],"twitter_card":"summary_large_image","twitter_misc":{"Tempo estimado de leitura":"2 minutos"},"schema":{"@context":"https:\/\/schema.org","@graph":[{"@type":"WebPage","@id":"https:\/\/artisjet-printers.eu\/about-artisjet\/","url":"https:\/\/artisjet-printers.eu\/about-artisjet\/","name":"Sobre N\u00f3s | Artisjet Europe","isPartOf":{"@id":"https:\/\/artisjet-printers.eu\/#website"},"datePublished":"2017-12-14T14:13:35+00:00","dateModified":"2025-03-07T10:08:04+00:00","breadcrumb":{"@id":"https:\/\/artisjet-printers.eu\/about-artisjet\/#breadcrumb"},"inLanguage":"pt-PT","potentialAction":[{"@type":"ReadAction","target":["https:\/\/artisjet-printers.eu\/about-artisjet\/"]}]},{"@type":"BreadcrumbList","@id":"https:\/\/artisjet-printers.eu\/about-artisjet\/#breadcrumb","itemListElement":[{"@type":"ListItem","position":1,"name":"Home","item":"https:\/\/artisjet-printers.eu\/"},{"@type":"ListItem","position":2,"name":"\u00c0 propos de nous"}]},{"@type":"WebSite","@id":"https:\/\/artisjet-printers.eu\/#website","url":"https:\/\/artisjet-printers.eu\/","name":"Artisjet Europe","description":"Official distributor in Europe","publisher":{"@id":"https:\/\/artisjet-printers.eu\/#organization"},"potentialAction":[{"@type":"SearchAction","target":{"@type":"EntryPoint","urlTemplate":"https:\/\/artisjet-printers.eu\/?s={search_term_string}"},"query-input":"required name=search_term_string"}],"inLanguage":"pt-PT"},{"@type":"Organization","@id":"https:\/\/artisjet-printers.eu\/#organization","name":"ArtisJet","url":"https:\/\/artisjet-printers.eu\/","logo":{"@type":"ImageObject","inLanguage":"pt-PT","@id":"https:\/\/artisjet-printers.eu\/#\/schema\/logo\/image\/","url":"https:\/\/artisjet-printers.eu\/wp-content\/uploads\/2017\/12\/logoartisjet.jpg","contentUrl":"https:\/\/artisjet-printers.eu\/wp-content\/uploads\/2017\/12\/logoartisjet.jpg","width":217,"height":80,"caption":"ArtisJet"},"image":{"@id":"https:\/\/artisjet-printers.eu\/#\/schema\/logo\/image\/"}}]}},"_links":{"self":[{"href":"https:\/\/artisjet-printers.eu\/pt\/wp-json\/wp\/v2\/pages\/533","targetHints":{"allow":["GET"]}}],"collection":[{"href":"https:\/\/artisjet-printers.eu\/pt\/wp-json\/wp\/v2\/pages"}],"about":[{"href":"https:\/\/artisjet-printers.eu\/pt\/wp-json\/wp\/v2\/types\/page"}],"author":[{"embeddable":true,"href":"https:\/\/artisjet-printers.eu\/pt\/wp-json\/wp\/v2\/users\/1"}],"replies":[{"embeddable":true,"href":"https:\/\/artisjet-printers.eu\/pt\/wp-json\/wp\/v2\/comments?post=533"}],"version-history":[{"count":23,"href":"https:\/\/artisjet-printers.eu\/pt\/wp-json\/wp\/v2\/pages\/533\/revisions"}],"predecessor-version":[{"id":4698,"href":"https:\/\/artisjet-printers.eu\/pt\/wp-json\/wp\/v2\/pages\/533\/revisions\/4698"}],"wp:attachment":[{"href":"https:\/\/artisjet-printers.eu\/pt\/wp-json\/wp\/v2\/media?parent=533"}],"curies":[{"name":"wp","href":"https:\/\/api.w.org\/{rel}","templated":true}]}}