{"id":512,"date":"2017-12-14T13:47:42","date_gmt":"2017-12-14T13:47:42","guid":{"rendered":"http:\/\/artisjet-printers.eu\/?page_id=512"},"modified":"2025-05-29T07:04:47","modified_gmt":"2025-05-29T05:04:47","slug":"uv-led-printers","status":"publish","type":"page","link":"https:\/\/artisjet-printers.eu\/pt\/uv-led-printers\/","title":{"rendered":"Artisjet Impressoras UV Led"},"content":{"rendered":"<div class=\"woocommerce columns-5 \"><ul class=\"products columns-5\">\n<li class=\"product type-product post-4629 status-publish first instock product_cat-uv-led-printers has-post-thumbnail featured taxable shipping-taxable product-type-simple\">\n\t<a href=\"https:\/\/artisjet-printers.eu\/pt\/shop\/artisjet-3000pro-freebird-led-uv\/\" class=\"woocommerce-LoopProduct-link woocommerce-loop-product__link\"><img loading=\"lazy\" decoding=\"async\" width=\"300\" height=\"300\" src=\"https:\/\/artisjet-printers.eu\/wp-content\/uploads\/2025\/02\/3000-pro-freebirdok-300x300.png\" class=\"attachment-woocommerce_thumbnail size-woocommerce_thumbnail\" alt=\"artisJet 3000Pro Freebird Led UV\" srcset=\"https:\/\/artisjet-printers.eu\/wp-content\/uploads\/2025\/02\/3000-pro-freebirdok-300x300.png 300w, https:\/\/artisjet-printers.eu\/wp-content\/uploads\/2025\/02\/3000-pro-freebirdok-1024x1024.png 1024w, https:\/\/artisjet-printers.eu\/wp-content\/uploads\/2025\/02\/3000-pro-freebirdok-150x150.png 150w, https:\/\/artisjet-printers.eu\/wp-content\/uploads\/2025\/02\/3000-pro-freebirdok-768x768.png 768w, https:\/\/artisjet-printers.eu\/wp-content\/uploads\/2025\/02\/3000-pro-freebirdok-270x270.png 270w, https:\/\/artisjet-printers.eu\/wp-content\/uploads\/2025\/02\/3000-pro-freebirdok-230x230.png 230w, https:\/\/artisjet-printers.eu\/wp-content\/uploads\/2025\/02\/3000-pro-freebirdok-600x600.png 600w, https:\/\/artisjet-printers.eu\/wp-content\/uploads\/2025\/02\/3000-pro-freebirdok-100x100.png 100w, https:\/\/artisjet-printers.eu\/wp-content\/uploads\/2025\/02\/3000-pro-freebirdok.png 1200w\" sizes=\"auto, (max-width: 300px) 100vw, 300px\" \/><h2 class=\"woocommerce-loop-product__title\">artisJet 3000Pro Freebird Led UV<\/h2>\n<\/a><a href=\"https:\/\/artisjet-printers.eu\/pt\/shop\/artisjet-3000pro-freebird-led-uv\/\" aria-describedby=\"woocommerce_loop_add_to_cart_link_describedby_4629\" data-quantity=\"1\" class=\"button product_type_simple\" data-product_id=\"4629\" data-product_sku=\"\" aria-label=\"Leia mais sobre &ldquo;artisJet 3000Pro Freebird Led UV&rdquo;\" rel=\"nofollow\" data-success_message=\"\">Ler mais<\/a>\t<span id=\"woocommerce_loop_add_to_cart_link_describedby_4629\" class=\"screen-reader-text\">\n\t\t\t<\/span>\n<\/li>\n<li class=\"product type-product post-4320 status-publish instock product_cat-uv-led-printers has-post-thumbnail featured taxable shipping-taxable product-type-simple\">\n\t<a href=\"https:\/\/artisjet-printers.eu\/pt\/shop\/artisjet-6090-led-uv\/\" class=\"woocommerce-LoopProduct-link woocommerce-loop-product__link\"><img loading=\"lazy\" decoding=\"async\" width=\"300\" height=\"300\" src=\"https:\/\/artisjet-printers.eu\/wp-content\/uploads\/2024\/08\/trust-freebird-300x300.png\" class=\"attachment-woocommerce_thumbnail size-woocommerce_thumbnail\" alt=\"artisJet 6090 Led UV\" srcset=\"https:\/\/artisjet-printers.eu\/wp-content\/uploads\/2024\/08\/trust-freebird-300x300.png 300w, https:\/\/artisjet-printers.eu\/wp-content\/uploads\/2024\/08\/trust-freebird-1024x1024.png 1024w, https:\/\/artisjet-printers.eu\/wp-content\/uploads\/2024\/08\/trust-freebird-150x150.png 150w, https:\/\/artisjet-printers.eu\/wp-content\/uploads\/2024\/08\/trust-freebird-768x768.png 768w, https:\/\/artisjet-printers.eu\/wp-content\/uploads\/2024\/08\/trust-freebird-1536x1536.png 1536w, https:\/\/artisjet-printers.eu\/wp-content\/uploads\/2024\/08\/trust-freebird-2048x2048.png 2048w, https:\/\/artisjet-printers.eu\/wp-content\/uploads\/2024\/08\/trust-freebird-270x270.png 270w, https:\/\/artisjet-printers.eu\/wp-content\/uploads\/2024\/08\/trust-freebird-230x230.png 230w, https:\/\/artisjet-printers.eu\/wp-content\/uploads\/2024\/08\/trust-freebird-600x600.png 600w, https:\/\/artisjet-printers.eu\/wp-content\/uploads\/2024\/08\/trust-freebird-100x100.png 100w\" sizes=\"auto, (max-width: 300px) 100vw, 300px\" \/><h2 class=\"woocommerce-loop-product__title\">artisJet 6090 Led UV<\/h2>\n<\/a><a href=\"https:\/\/artisjet-printers.eu\/pt\/shop\/artisjet-6090-led-uv\/\" aria-describedby=\"woocommerce_loop_add_to_cart_link_describedby_4320\" data-quantity=\"1\" class=\"button product_type_simple\" data-product_id=\"4320\" data-product_sku=\"\" aria-label=\"Leia mais sobre &ldquo;artisJet 6090 Led UV&rdquo;\" rel=\"nofollow\" data-success_message=\"\">Ler mais<\/a>\t<span id=\"woocommerce_loop_add_to_cart_link_describedby_4320\" class=\"screen-reader-text\">\n\t\t\t<\/span>\n<\/li>\n<li class=\"product type-product post-4013 status-publish instock product_cat-uv-led-printers has-post-thumbnail featured taxable shipping-taxable product-type-simple\">\n\t<a href=\"https:\/\/artisjet-printers.eu\/pt\/shop\/artisjet-proud\/\" class=\"woocommerce-LoopProduct-link woocommerce-loop-product__link\"><img loading=\"lazy\" decoding=\"async\" width=\"300\" height=\"300\" src=\"https:\/\/artisjet-printers.eu\/wp-content\/uploads\/2024\/05\/artisJet-proud-card-printer-left-side-view-300x300.jpeg\" class=\"attachment-woocommerce_thumbnail size-woocommerce_thumbnail\" alt=\"artisJet Proud\" srcset=\"https:\/\/artisjet-printers.eu\/wp-content\/uploads\/2024\/05\/artisJet-proud-card-printer-left-side-view-300x300.jpeg 300w, https:\/\/artisjet-printers.eu\/wp-content\/uploads\/2024\/05\/artisJet-proud-card-printer-left-side-view-150x150.jpeg 150w, https:\/\/artisjet-printers.eu\/wp-content\/uploads\/2024\/05\/artisJet-proud-card-printer-left-side-view-270x270.jpeg 270w, https:\/\/artisjet-printers.eu\/wp-content\/uploads\/2024\/05\/artisJet-proud-card-printer-left-side-view-230x230.jpeg 230w, https:\/\/artisjet-printers.eu\/wp-content\/uploads\/2024\/05\/artisJet-proud-card-printer-left-side-view-100x100.jpeg 100w\" sizes=\"auto, (max-width: 300px) 100vw, 300px\" \/><h2 class=\"woocommerce-loop-product__title\">artisJet Proud<\/h2>\n<\/a><a href=\"https:\/\/artisjet-printers.eu\/pt\/shop\/artisjet-proud\/\" aria-describedby=\"woocommerce_loop_add_to_cart_link_describedby_4013\" data-quantity=\"1\" class=\"button product_type_simple\" data-product_id=\"4013\" data-product_sku=\"\" aria-label=\"Leia mais sobre &ldquo;artisJet Proud&rdquo;\" rel=\"nofollow\" data-success_message=\"\">Ler mais<\/a>\t<span id=\"woocommerce_loop_add_to_cart_link_describedby_4013\" class=\"screen-reader-text\">\n\t\t\t<\/span>\n<\/li>\n<li class=\"product type-product post-1280 status-publish instock product_cat-uv-led-printers has-post-thumbnail featured taxable shipping-taxable product-type-simple\">\n\t<a href=\"https:\/\/artisjet-printers.eu\/pt\/shop\/artisjet-young\/\" class=\"woocommerce-LoopProduct-link woocommerce-loop-product__link\"><img loading=\"lazy\" decoding=\"async\" width=\"300\" height=\"300\" src=\"https:\/\/artisjet-printers.eu\/wp-content\/uploads\/2020\/10\/Imagen-102-300x300.png\" class=\"attachment-woocommerce_thumbnail size-woocommerce_thumbnail\" alt=\"artisJet Young\" srcset=\"https:\/\/artisjet-printers.eu\/wp-content\/uploads\/2020\/10\/Imagen-102-300x300.png 300w, https:\/\/artisjet-printers.eu\/wp-content\/uploads\/2020\/10\/Imagen-102-150x150.png 150w, https:\/\/artisjet-printers.eu\/wp-content\/uploads\/2020\/10\/Imagen-102-270x270.png 270w, https:\/\/artisjet-printers.eu\/wp-content\/uploads\/2020\/10\/Imagen-102-230x230.png 230w, https:\/\/artisjet-printers.eu\/wp-content\/uploads\/2020\/10\/Imagen-102-100x100.png 100w\" sizes=\"auto, (max-width: 300px) 100vw, 300px\" \/><h2 class=\"woocommerce-loop-product__title\">artisJet Young<\/h2>\n<\/a><a href=\"https:\/\/artisjet-printers.eu\/pt\/shop\/artisjet-young\/\" aria-describedby=\"woocommerce_loop_add_to_cart_link_describedby_1280\" data-quantity=\"1\" class=\"button product_type_simple\" data-product_id=\"1280\" data-product_sku=\"\" aria-label=\"Leia mais sobre &ldquo;artisJet Young&rdquo;\" rel=\"nofollow\" data-success_message=\"\">Ler mais<\/a>\t<span id=\"woocommerce_loop_add_to_cart_link_describedby_1280\" class=\"screen-reader-text\">\n\t\t\t<\/span>\n<\/li>\n<li class=\"product type-product post-1226 status-publish last instock product_cat-uv-led-printers has-post-thumbnail taxable shipping-taxable product-type-simple\">\n\t<a href=\"https:\/\/artisjet-printers.eu\/pt\/shop\/artisjet-prov6\/\" class=\"woocommerce-LoopProduct-link woocommerce-loop-product__link\"><img loading=\"lazy\" decoding=\"async\" width=\"300\" height=\"300\" src=\"https:\/\/artisjet-printers.eu\/wp-content\/uploads\/2020\/02\/artisjet_proV6-300x300.jpg\" class=\"attachment-woocommerce_thumbnail size-woocommerce_thumbnail\" alt=\"Artisjet ProV6\" srcset=\"https:\/\/artisjet-printers.eu\/wp-content\/uploads\/2020\/02\/artisjet_proV6-300x300.jpg 300w, https:\/\/artisjet-printers.eu\/wp-content\/uploads\/2020\/02\/artisjet_proV6-1024x1024.jpg 1024w, https:\/\/artisjet-printers.eu\/wp-content\/uploads\/2020\/02\/artisjet_proV6-150x150.jpg 150w, https:\/\/artisjet-printers.eu\/wp-content\/uploads\/2020\/02\/artisjet_proV6-768x768.jpg 768w, https:\/\/artisjet-printers.eu\/wp-content\/uploads\/2020\/02\/artisjet_proV6-270x270.jpg 270w, https:\/\/artisjet-printers.eu\/wp-content\/uploads\/2020\/02\/artisjet_proV6-230x230.jpg 230w, https:\/\/artisjet-printers.eu\/wp-content\/uploads\/2020\/02\/artisjet_proV6-600x600.jpg 600w, https:\/\/artisjet-printers.eu\/wp-content\/uploads\/2020\/02\/artisjet_proV6-100x100.jpg 100w, https:\/\/artisjet-printers.eu\/wp-content\/uploads\/2020\/02\/artisjet_proV6.jpg 1280w\" sizes=\"auto, (max-width: 300px) 100vw, 300px\" \/><h2 class=\"woocommerce-loop-product__title\">Artisjet ProV6<\/h2>\n<\/a><a href=\"https:\/\/artisjet-printers.eu\/pt\/shop\/artisjet-prov6\/\" aria-describedby=\"woocommerce_loop_add_to_cart_link_describedby_1226\" data-quantity=\"1\" class=\"button product_type_simple\" data-product_id=\"1226\" data-product_sku=\"\" aria-label=\"Leia mais sobre &ldquo;Artisjet ProV6&rdquo;\" rel=\"nofollow\" data-success_message=\"\">Ler mais<\/a>\t<span id=\"woocommerce_loop_add_to_cart_link_describedby_1226\" class=\"screen-reader-text\">\n\t\t\t<\/span>\n<\/li>\n<li class=\"product type-product post-1189 status-publish first instock product_cat-uv-led-printers has-post-thumbnail featured taxable shipping-taxable product-type-simple\">\n\t<a href=\"https:\/\/artisjet-printers.eu\/pt\/shop\/3000u-pro-8c\/\" class=\"woocommerce-LoopProduct-link woocommerce-loop-product__link\"><img loading=\"lazy\" decoding=\"async\" width=\"300\" height=\"300\" src=\"https:\/\/artisjet-printers.eu\/wp-content\/uploads\/2019\/10\/Artis-3000-Pro-300x300.jpg\" class=\"attachment-woocommerce_thumbnail size-woocommerce_thumbnail\" alt=\"Impressora Artis 3000U Pro 8C\" srcset=\"https:\/\/artisjet-printers.eu\/wp-content\/uploads\/2019\/10\/Artis-3000-Pro-300x300.jpg 300w, https:\/\/artisjet-printers.eu\/wp-content\/uploads\/2019\/10\/Artis-3000-Pro-150x150.jpg 150w, https:\/\/artisjet-printers.eu\/wp-content\/uploads\/2019\/10\/Artis-3000-Pro-270x270.jpg 270w, https:\/\/artisjet-printers.eu\/wp-content\/uploads\/2019\/10\/Artis-3000-Pro-230x230.jpg 230w, https:\/\/artisjet-printers.eu\/wp-content\/uploads\/2019\/10\/Artis-3000-Pro-100x100.jpg 100w, https:\/\/artisjet-printers.eu\/wp-content\/uploads\/2019\/10\/Artis-3000-Pro.jpg 400w\" sizes=\"auto, (max-width: 300px) 100vw, 300px\" \/><h2 class=\"woocommerce-loop-product__title\">Impressora Artis 3000U Pro 8C<\/h2>\n<\/a><a href=\"https:\/\/artisjet-printers.eu\/pt\/shop\/3000u-pro-8c\/\" aria-describedby=\"woocommerce_loop_add_to_cart_link_describedby_1189\" data-quantity=\"1\" class=\"button product_type_simple\" data-product_id=\"1189\" data-product_sku=\"\" aria-label=\"Leia mais sobre &ldquo;Impressora Artis 3000U Pro 8C&rdquo;\" rel=\"nofollow\" data-success_message=\"\">Ler mais<\/a>\t<span id=\"woocommerce_loop_add_to_cart_link_describedby_1189\" class=\"screen-reader-text\">\n\t\t\t<\/span>\n<\/li>\n<li class=\"product type-product post-364 status-publish instock product_cat-uv-led-printers has-post-thumbnail featured taxable shipping-taxable product-type-simple\">\n\t<a href=\"https:\/\/artisjet-printers.eu\/pt\/shop\/artis-5000u-uv-led\/\" class=\"woocommerce-LoopProduct-link woocommerce-loop-product__link\"><img loading=\"lazy\" decoding=\"async\" width=\"300\" height=\"300\" src=\"https:\/\/artisjet-printers.eu\/wp-content\/uploads\/2017\/11\/artis5000Uimg1-300x300.jpg\" class=\"attachment-woocommerce_thumbnail size-woocommerce_thumbnail\" alt=\"Impressora Artis 5000 UV Led\" srcset=\"https:\/\/artisjet-printers.eu\/wp-content\/uploads\/2017\/11\/artis5000Uimg1-300x300.jpg 300w, https:\/\/artisjet-printers.eu\/wp-content\/uploads\/2017\/11\/artis5000Uimg1-150x150.jpg 150w, https:\/\/artisjet-printers.eu\/wp-content\/uploads\/2017\/11\/artis5000Uimg1-270x270.jpg 270w, https:\/\/artisjet-printers.eu\/wp-content\/uploads\/2017\/11\/artis5000Uimg1-230x230.jpg 230w, https:\/\/artisjet-printers.eu\/wp-content\/uploads\/2017\/11\/artis5000Uimg1-100x100.jpg 100w\" sizes=\"auto, (max-width: 300px) 100vw, 300px\" \/><h2 class=\"woocommerce-loop-product__title\">Impressora Artis 5000 UV Led<\/h2>\n<\/a><a href=\"https:\/\/artisjet-printers.eu\/pt\/shop\/artis-5000u-uv-led\/\" aria-describedby=\"woocommerce_loop_add_to_cart_link_describedby_364\" data-quantity=\"1\" class=\"button product_type_simple\" data-product_id=\"364\" data-product_sku=\"\" aria-label=\"Leia mais sobre &ldquo;Impressora Artis 5000 UV Led&rdquo;\" rel=\"nofollow\" data-success_message=\"\">Ler mais<\/a>\t<span id=\"woocommerce_loop_add_to_cart_link_describedby_364\" class=\"screen-reader-text\">\n\t\t\t<\/span>\n<\/li>\n<li class=\"product type-product post-252 status-publish instock product_cat-uv-led-printers has-post-thumbnail taxable shipping-taxable product-type-simple\">\n\t<a href=\"https:\/\/artisjet-printers.eu\/pt\/shop\/artis-2100-uv-led\/\" class=\"woocommerce-LoopProduct-link woocommerce-loop-product__link\"><img loading=\"lazy\" decoding=\"async\" width=\"300\" height=\"300\" src=\"https:\/\/artisjet-printers.eu\/wp-content\/uploads\/2017\/12\/artis2100Uimg3-300x300.jpg\" class=\"attachment-woocommerce_thumbnail size-woocommerce_thumbnail\" alt=\"Artis 2100 imprimante UV Led\" srcset=\"https:\/\/artisjet-printers.eu\/wp-content\/uploads\/2017\/12\/artis2100Uimg3-300x300.jpg 300w, https:\/\/artisjet-printers.eu\/wp-content\/uploads\/2017\/12\/artis2100Uimg3-100x100.jpg 100w, https:\/\/artisjet-printers.eu\/wp-content\/uploads\/2017\/12\/artis2100Uimg3-150x150.jpg 150w, https:\/\/artisjet-printers.eu\/wp-content\/uploads\/2017\/12\/artis2100Uimg3-270x270.jpg 270w, https:\/\/artisjet-printers.eu\/wp-content\/uploads\/2017\/12\/artis2100Uimg3-230x230.jpg 230w\" sizes=\"auto, (max-width: 300px) 100vw, 300px\" \/><h2 class=\"woocommerce-loop-product__title\">Impressora Artis 2100U UV Led<\/h2>\n<\/a><a href=\"https:\/\/artisjet-printers.eu\/pt\/shop\/artis-2100-uv-led\/\" aria-describedby=\"woocommerce_loop_add_to_cart_link_describedby_252\" data-quantity=\"1\" class=\"button product_type_simple\" data-product_id=\"252\" data-product_sku=\"\" aria-label=\"Leia mais sobre &ldquo;Impressora Artis 2100U UV Led&rdquo;\" rel=\"nofollow\" data-success_message=\"\">Ler mais<\/a>\t<span id=\"woocommerce_loop_add_to_cart_link_describedby_252\" class=\"screen-reader-text\">\n\t\t\t<\/span>\n<\/li>\n<\/ul>\n<\/div>\n<h2>Artisjet Impressoras UV Led<\/h2>\n<p>As impressoras UV podem imprimir sobre qualquer cor de fundo, gra\u00e7as \u00e0s tintas brancas, e sobre quase qualquer material, com resist\u00eancia \u00e0 \u00e1gua, arranh\u00f5es e luz solar. A m\u00e1quina \u00e9 apropriada para a produ\u00e7\u00e3o de brindes personalizados, reclames publicit\u00e1rios, rotula\u00e7\u00e3o, capas de telem\u00f3veis, etc. As impressoras Artis UV LED oferecem uma qualidade fotogr\u00e1fica j\u00e1 que usa tecnologia de impress\u00e3o e cabe\u00e7a de impress\u00e3o Epson.<\/p>\n<p>S\u00e3o impressoras de gama profissional com um custo de consum\u00edveis, que s\u00e3o em muitos casos a metade dos custos, de outras marcas j\u00e1 que usam tintas em garrafas, em vez de cartuchos e pe\u00e7as de reposi\u00e7\u00e3o originais de Epson em vez de pe\u00e7as de reposi\u00e7\u00e3o de marcas especializadas.<\/p>\n<p>Dispomos de servi\u00e7o t\u00e9cnico pr\u00f3prio y oferecemos respostas e solu\u00e7\u00f5es de maneira r\u00e1pida e eficaz. Somos especialistas em PEMEs e proporcionamos um trato direto e personalizado que permite aos nossos clientes trabalhar com total confian\u00e7a e tranquilidade.<\/p>\n<p><img loading=\"lazy\" decoding=\"async\" class=\"size-full wp-image-563 aligncenter\" src=\"https:\/\/rescate.artisjet-printers.eu\/wp-content\/uploads\/2017\/12\/LED-UV-application-banner.jpg\" alt=\"\" width=\"1900\" height=\"500\" srcset=\"https:\/\/artisjet-printers.eu\/wp-content\/uploads\/2017\/12\/LED-UV-application-banner.jpg 1900w, https:\/\/artisjet-printers.eu\/wp-content\/uploads\/2017\/12\/LED-UV-application-banner-600x158.jpg 600w, https:\/\/artisjet-printers.eu\/wp-content\/uploads\/2017\/12\/LED-UV-application-banner-300x79.jpg 300w, https:\/\/artisjet-printers.eu\/wp-content\/uploads\/2017\/12\/LED-UV-application-banner-768x202.jpg 768w, https:\/\/artisjet-printers.eu\/wp-content\/uploads\/2017\/12\/LED-UV-application-banner-1024x269.jpg 1024w\" sizes=\"auto, (max-width: 1900px) 100vw, 1900px\" \/><\/p>\n","protected":false},"excerpt":{"rendered":"<p>Artisjet Impressoras UV Led As impressoras UV podem imprimir sobre qualquer cor de fundo, gra\u00e7as \u00e0s tintas brancas, e sobre quase qualquer material, com resist\u00eancia \u00e0 \u00e1gua, arranh\u00f5es e luz solar. A m\u00e1quina \u00e9 apropriada para a produ\u00e7\u00e3o de brindes<\/p>\n","protected":false},"author":1,"featured_media":1282,"parent":0,"menu_order":0,"comment_status":"closed","ping_status":"closed","template":"","meta":{"ngg_post_thumbnail":0,"footnotes":""},"class_list":["post-512","page","type-page","status-publish","has-post-thumbnail","hentry"],"translation":{"provider":"WPGlobus","version":"2.12.2","language":"pt","enabled_languages":["fr","de","pt","en"],"languages":{"fr":{"title":true,"content":true,"excerpt":false},"de":{"title":true,"content":true,"excerpt":false},"pt":{"title":true,"content":true,"excerpt":false},"en":{"title":true,"content":true,"excerpt":false}}},"yoast_head":"<!-- This site is optimized with the Yoast SEO plugin v22.0 - https:\/\/yoast.com\/wordpress\/plugins\/seo\/ -->\n<title>Artisjet Impressoras UV Led | Artisjet Europe<\/title>\n<meta name=\"robots\" content=\"index, follow, max-snippet:-1, max-image-preview:large, max-video-preview:-1\" \/>\n<link rel=\"canonical\" href=\"https:\/\/artisjet-printers.eu\/uv-led-printers\/\" \/>\n<meta property=\"og:locale\" content=\"pt_PT\" \/>\n<meta property=\"og:type\" content=\"article\" \/>\n<meta property=\"og:title\" content=\"Artisjet Impressoras UV Led | Artisjet Europe\" \/>\n<meta property=\"og:url\" content=\"https:\/\/artisjet-printers.eu\/uv-led-printers\/\" \/>\n<meta property=\"og:site_name\" content=\"Artisjet Europe\" \/>\n<meta property=\"article:modified_time\" content=\"2025-05-29T05:04:47+00:00\" \/>\n<meta property=\"og:image\" content=\"https:\/\/artisjet-printers.eu\/wp-content\/uploads\/2020\/10\/applicaties.png\" \/>\n\t<meta property=\"og:image:width\" content=\"931\" \/>\n\t<meta property=\"og:image:height\" content=\"311\" \/>\n\t<meta property=\"og:image:type\" content=\"image\/png\" \/>\n<meta name=\"twitter:card\" content=\"summary_large_image\" \/>\n<meta name=\"twitter:label1\" content=\"Tempo estimado de leitura\" \/>\n\t<meta name=\"twitter:data1\" content=\"2 minutos\" \/>\n<script type=\"application\/ld+json\" class=\"yoast-schema-graph\">{\"@context\":\"https:\/\/schema.org\",\"@graph\":[{\"@type\":\"WebPage\",\"@id\":\"https:\/\/artisjet-printers.eu\/uv-led-printers\/\",\"url\":\"https:\/\/artisjet-printers.eu\/uv-led-printers\/\",\"name\":\"Artisjet Impressoras UV Led | Artisjet Europe\",\"isPartOf\":{\"@id\":\"https:\/\/artisjet-printers.eu\/#website\"},\"datePublished\":\"2017-12-14T13:47:42+00:00\",\"dateModified\":\"2025-05-29T05:04:47+00:00\",\"breadcrumb\":{\"@id\":\"https:\/\/artisjet-printers.eu\/uv-led-printers\/#breadcrumb\"},\"inLanguage\":\"pt-PT\",\"potentialAction\":[{\"@type\":\"ReadAction\",\"target\":[\"https:\/\/artisjet-printers.eu\/uv-led-printers\/\"]}]},{\"@type\":\"BreadcrumbList\",\"@id\":\"https:\/\/artisjet-printers.eu\/uv-led-printers\/#breadcrumb\",\"itemListElement\":[{\"@type\":\"ListItem\",\"position\":1,\"name\":\"Home\",\"item\":\"https:\/\/artisjet-printers.eu\/\"},{\"@type\":\"ListItem\",\"position\":2,\"name\":\"Artisjet Imprimantes UV Led\"}]},{\"@type\":\"WebSite\",\"@id\":\"https:\/\/artisjet-printers.eu\/#website\",\"url\":\"https:\/\/artisjet-printers.eu\/\",\"name\":\"Artisjet Europe\",\"description\":\"Official distributor in Europe\",\"publisher\":{\"@id\":\"https:\/\/artisjet-printers.eu\/#organization\"},\"potentialAction\":[{\"@type\":\"SearchAction\",\"target\":{\"@type\":\"EntryPoint\",\"urlTemplate\":\"https:\/\/artisjet-printers.eu\/?s={search_term_string}\"},\"query-input\":\"required name=search_term_string\"}],\"inLanguage\":\"pt-PT\"},{\"@type\":\"Organization\",\"@id\":\"https:\/\/artisjet-printers.eu\/#organization\",\"name\":\"ArtisJet\",\"url\":\"https:\/\/artisjet-printers.eu\/\",\"logo\":{\"@type\":\"ImageObject\",\"inLanguage\":\"pt-PT\",\"@id\":\"https:\/\/artisjet-printers.eu\/#\/schema\/logo\/image\/\",\"url\":\"https:\/\/artisjet-printers.eu\/wp-content\/uploads\/2017\/12\/logoartisjet.jpg\",\"contentUrl\":\"https:\/\/artisjet-printers.eu\/wp-content\/uploads\/2017\/12\/logoartisjet.jpg\",\"width\":217,\"height\":80,\"caption\":\"ArtisJet\"},\"image\":{\"@id\":\"https:\/\/artisjet-printers.eu\/#\/schema\/logo\/image\/\"}}]}<\/script>\n<!-- \/ Yoast SEO plugin. -->","yoast_head_json":{"title":"Artisjet Impressoras UV Led | Artisjet Europe","robots":{"index":"index","follow":"follow","max-snippet":"max-snippet:-1","max-image-preview":"max-image-preview:large","max-video-preview":"max-video-preview:-1"},"canonical":"https:\/\/artisjet-printers.eu\/uv-led-printers\/","og_locale":"pt_PT","og_type":"article","og_title":"Artisjet Impressoras UV Led | Artisjet Europe","og_url":"https:\/\/artisjet-printers.eu\/uv-led-printers\/","og_site_name":"Artisjet Europe","article_modified_time":"2025-05-29T05:04:47+00:00","og_image":[{"width":931,"height":311,"url":"https:\/\/artisjet-printers.eu\/wp-content\/uploads\/2020\/10\/applicaties.png","type":"image\/png"}],"twitter_card":"summary_large_image","twitter_misc":{"Tempo estimado de leitura":"2 minutos"},"schema":{"@context":"https:\/\/schema.org","@graph":[{"@type":"WebPage","@id":"https:\/\/artisjet-printers.eu\/uv-led-printers\/","url":"https:\/\/artisjet-printers.eu\/uv-led-printers\/","name":"Artisjet Impressoras UV Led | Artisjet Europe","isPartOf":{"@id":"https:\/\/artisjet-printers.eu\/#website"},"datePublished":"2017-12-14T13:47:42+00:00","dateModified":"2025-05-29T05:04:47+00:00","breadcrumb":{"@id":"https:\/\/artisjet-printers.eu\/uv-led-printers\/#breadcrumb"},"inLanguage":"pt-PT","potentialAction":[{"@type":"ReadAction","target":["https:\/\/artisjet-printers.eu\/uv-led-printers\/"]}]},{"@type":"BreadcrumbList","@id":"https:\/\/artisjet-printers.eu\/uv-led-printers\/#breadcrumb","itemListElement":[{"@type":"ListItem","position":1,"name":"Home","item":"https:\/\/artisjet-printers.eu\/"},{"@type":"ListItem","position":2,"name":"Artisjet Imprimantes UV Led"}]},{"@type":"WebSite","@id":"https:\/\/artisjet-printers.eu\/#website","url":"https:\/\/artisjet-printers.eu\/","name":"Artisjet Europe","description":"Official distributor in Europe","publisher":{"@id":"https:\/\/artisjet-printers.eu\/#organization"},"potentialAction":[{"@type":"SearchAction","target":{"@type":"EntryPoint","urlTemplate":"https:\/\/artisjet-printers.eu\/?s={search_term_string}"},"query-input":"required name=search_term_string"}],"inLanguage":"pt-PT"},{"@type":"Organization","@id":"https:\/\/artisjet-printers.eu\/#organization","name":"ArtisJet","url":"https:\/\/artisjet-printers.eu\/","logo":{"@type":"ImageObject","inLanguage":"pt-PT","@id":"https:\/\/artisjet-printers.eu\/#\/schema\/logo\/image\/","url":"https:\/\/artisjet-printers.eu\/wp-content\/uploads\/2017\/12\/logoartisjet.jpg","contentUrl":"https:\/\/artisjet-printers.eu\/wp-content\/uploads\/2017\/12\/logoartisjet.jpg","width":217,"height":80,"caption":"ArtisJet"},"image":{"@id":"https:\/\/artisjet-printers.eu\/#\/schema\/logo\/image\/"}}]}},"_links":{"self":[{"href":"https:\/\/artisjet-printers.eu\/pt\/wp-json\/wp\/v2\/pages\/512","targetHints":{"allow":["GET"]}}],"collection":[{"href":"https:\/\/artisjet-printers.eu\/pt\/wp-json\/wp\/v2\/pages"}],"about":[{"href":"https:\/\/artisjet-printers.eu\/pt\/wp-json\/wp\/v2\/types\/page"}],"author":[{"embeddable":true,"href":"https:\/\/artisjet-printers.eu\/pt\/wp-json\/wp\/v2\/users\/1"}],"replies":[{"embeddable":true,"href":"https:\/\/artisjet-printers.eu\/pt\/wp-json\/wp\/v2\/comments?post=512"}],"version-history":[{"count":41,"href":"https:\/\/artisjet-printers.eu\/pt\/wp-json\/wp\/v2\/pages\/512\/revisions"}],"predecessor-version":[{"id":5007,"href":"https:\/\/artisjet-printers.eu\/pt\/wp-json\/wp\/v2\/pages\/512\/revisions\/5007"}],"wp:featuredmedia":[{"embeddable":true,"href":"https:\/\/artisjet-printers.eu\/pt\/wp-json\/wp\/v2\/media\/1282"}],"wp:attachment":[{"href":"https:\/\/artisjet-printers.eu\/pt\/wp-json\/wp\/v2\/media?parent=512"}],"curies":[{"name":"wp","href":"https:\/\/api.w.org\/{rel}","templated":true}]}}