{"id":1189,"date":"2019-10-24T15:52:09","date_gmt":"2019-10-24T13:52:09","guid":{"rendered":"http:\/\/artisjet-printers.eu\/?post_type=product&#038;p=1189"},"modified":"2025-05-22T08:30:45","modified_gmt":"2025-05-22T06:30:45","slug":"3000u-pro-8c","status":"publish","type":"product","link":"https:\/\/artisjet-printers.eu\/en\/shop\/3000u-pro-8c\/","title":{"rendered":"Artis 3000U Pro 8C"},"content":{"rendered":"<p>The Artis 3000U Pro 8C printer is equipped with an <strong>8-channel head<\/strong> that allows you to work with different combinations: <strong>color + 4 white or color + white + varnish<\/strong>. You can print on almost any material with the use of water-resistant, scratch and sun-resistant white inks. This UV printer is ideal for the production of personalized gifts, advertising, laptop cases, usb, powerbanks, pens, lighters, signs, paintings and in general all kinds of promotional items.<\/p>\n<p>The Artis 3000U Pro 8C incorporates an <strong>8-channel Epson DX7<\/strong> head, offering exceptional photographic quality at a very affordable price. The print quality can be complemented by the possibility of finishing your products with a layer of gloss varnish.<\/p>\n<p>Video of the artis 5000 with the same printhead and functionality as the Young and 3000 Pro<\/p>\n<p><iframe loading=\"lazy\" title=\"A5000 ENG\" src=\"https:\/\/player.vimeo.com\/video\/415440622?dnt=1&amp;app_id=122963\" width=\"750\" height=\"422\" frameborder=\"0\" allow=\"autoplay; fullscreen; picture-in-picture; clipboard-write\"><\/iframe><\/p>\n<p>It can print on a wide variety of materials: wood, metal, glass, ceramic, plastic, leather &#8230;<\/p>\n<p>The maximum print dimensions are 347 x 490 mm and supports objects up to 170mm high. Thanks to its open frame on both sides, it is possible to insert much longer objects into the machine.<\/p>\n<p>A rotating accessory is available for 360 \u00b0 printing of cylindrical objects from 3 to 13 cm. diameter.<\/p>\n<p>The cost per print is in most cases half that of other brands, because it uses ink in bottles rather than cartridges.<\/p>\n<p>The machines include RIP printing software that allows you to manage printouts and color profiles. Plus, we have an advanced RIP that works with the highest resolution and allows you to print pure white and color at one time.<\/p>\n<p>ArtisJet has its own technical service and we offer answers and solutions quickly and efficiently. We are specialized in SMEs and provide a direct and personalized service that allows our customers to work with confidence and peace of mind.<\/p>\n<p>Due to its low price, low ink consumption and minimal maintenance, the 3000U Pro 8C is best suited for small and medium businesses.<\/p>\n<table border=\"0\" width=\"100%\" cellspacing=\"5\" cellpadding=\"0\">\n<tbody>\n<tr>\n<td>\n<table border=\"0\" width=\"100%\" cellspacing=\"0\" cellpadding=\"0\">\n<tbody>\n<tr>\n<td valign=\"bottom\"><strong>UV Selected Trigger System<\/strong><\/p>\n<ul>\n<li>The Artis 3000U Pro printer works with the ArtisJet FOIF system and electronically activates the UV LED only when firing ink. As a result, the life of the LEDs and the print head is maximized.<\/li>\n<\/ul>\n<\/td>\n<\/tr>\n<\/tbody>\n<\/table>\n<\/td>\n<td>\n<table border=\"0\" width=\"100%\" cellspacing=\"0\" cellpadding=\"0\">\n<tbody>\n<tr>\n<td valign=\"bottom\"><strong>UV Control System<\/strong><\/p>\n<ul>\n<li>Designed for greater flexibility and simplicity, ArtisJet COD digitally controls operation of the UV LED system. It adapts to different materials and work environments.<\/li>\n<\/ul>\n<\/td>\n<\/tr>\n<\/tbody>\n<\/table>\n<\/td>\n<\/tr>\n<tr>\n<td>\n<table border=\"0\" width=\"100%\" cellspacing=\"0\" cellpadding=\"0\">\n<tbody>\n<tr>\n<td valign=\"bottom\"><strong>Automated Print Height Adjustment<\/strong><\/p>\n<ul>\n<li>Equipped with sensors for automatic adjustment of the height of the print head and reduction of print head strikes.<\/li>\n<\/ul>\n<\/td>\n<\/tr>\n<\/tbody>\n<\/table>\n<\/td>\n<td>\n<table border=\"0\" width=\"100%\" cellspacing=\"0\" cellpadding=\"0\">\n<tbody>\n<tr>\n<td valign=\"bottom\"><strong>Liquid cooling control system<\/strong><\/p>\n<ul>\n<li>The ArtisJet cooling control system is based on an industrial cooling system in order to avoid the wear of the UV lamp and the print head.<\/li>\n<\/ul>\n<\/td>\n<\/tr>\n<\/tbody>\n<\/table>\n<\/td>\n<\/tr>\n<tr>\n<td>\n<table border=\"0\" width=\"100%\" cellspacing=\"0\" cellpadding=\"0\">\n<tbody>\n<tr>\n<td valign=\"bottom\"><strong>Bottled Ink System<\/strong><\/p>\n<ul>\n<li>Unlike ink cartridges, this system enables the use of 100% of the ink, making it much more economical.<\/li>\n<\/ul>\n<\/td>\n<\/tr>\n<\/tbody>\n<\/table>\n<\/td>\n<td><strong>Single Side Loading Platform Design<\/strong><br \/>\nUnique design that ensures better visibility of the output. Ideal for workplaces with limited space.<\/td>\n<\/tr>\n<\/tbody>\n<\/table>\n","protected":false},"excerpt":{"rendered":"<hr>\n<p><strong>DESIGNED TO CONVERT YOUR IDEAS IN REAL PRODUCTS<\/strong><\/p>\n<ul>\n<li>Customization of all types of advertising claims, posters, photo gifts, USB key, covers, etc.<\/li>\n<li>Direct printing on a wide variety of materials, rigid and flexible<\/li>\n<li>8 ink channels WWWW+CMYK \/ VV+WW+CMYK<\/li>\n<li>Printing area 34,7 x 49cm<\/li>\n<li>Maximum height of the object to print: 17 cm<\/li>\n<li>Possibility to print cylindrical objects from 3 to 13 cm. diameter<\/li>\n<li>Automatic adjustment of the height of the table<\/li>\n<\/ul>\n<p><strong>CHARACTERISTICS<\/strong><\/p>\n<ul>\n<li>Comfortable use thanks to its unique lateral loading architecture<\/li>\n<li>Reduce operating costs with the continuous ink supply system<\/li>\n<li>High definition printing on plastics thanks to its antistatic module<\/li>\n<li>Flash ink system that extends the life of the head<\/li>\n<li>Minimum maintenance<\/li>\n<li>Secure operation with automatic height adjustment system<\/li>\n<li>Liquid cooling<\/li>\n<li>Adjust the power of the UV LED to adapt to different materials<\/li>\n<li>High speed feather for better color transition&nbsp;<\/li>\n<\/ul>\n<p>&nbsp;<\/p>\n<div>&nbsp;<a class=\"fasc-button fasc-size-large fasc-type-glossy fasc-rounded-medium fasc-ico-before dashicons-edit\" href=\"\/contact\/\">Information and pricing<\/a><\/div>\n<div>&nbsp;<\/div>\n","protected":false},"featured_media":1181,"template":"","meta":{"ngg_post_thumbnail":0},"product_brand":[],"product_cat":[3],"product_tag":[],"class_list":{"0":"post-1189","1":"product","2":"type-product","3":"status-publish","4":"has-post-thumbnail","6":"product_cat-uv-led-printers","8":"first","9":"instock","10":"featured","11":"taxable","12":"shipping-taxable","13":"product-type-simple"},"translation":{"provider":"WPGlobus","version":"2.12.2","language":"en","enabled_languages":["fr","de","pt","en"],"languages":{"fr":{"title":true,"content":true,"excerpt":true},"de":{"title":true,"content":true,"excerpt":true},"pt":{"title":true,"content":true,"excerpt":true},"en":{"title":true,"content":true,"excerpt":true}}},"yoast_head":"<!-- This site is optimized with the Yoast SEO plugin v22.0 - https:\/\/yoast.com\/wordpress\/plugins\/seo\/ -->\n<title>Artisjet Europe | Artis 3000U Pro 8C<\/title>\n<meta name=\"robots\" content=\"index, follow, max-snippet:-1, max-image-preview:large, max-video-preview:-1\" \/>\n<link rel=\"canonical\" href=\"https:\/\/artisjet-printers.eu\/shop\/3000u-pro-8c\/\" \/>\n<meta property=\"og:locale\" content=\"en_US\" \/>\n<meta property=\"og:type\" content=\"article\" \/>\n<meta property=\"og:title\" content=\"Artis 3000U Pro 8C | Artisjet Europe\" \/>\n<meta property=\"og:url\" content=\"https:\/\/artisjet-printers.eu\/shop\/3000u-pro-8c\/\" \/>\n<meta property=\"og:site_name\" content=\"Artisjet Europe\" \/>\n<meta property=\"article:modified_time\" content=\"2025-05-22T06:30:45+00:00\" \/>\n<meta property=\"og:image\" content=\"https:\/\/artisjet-printers.eu\/wp-content\/uploads\/2019\/10\/Artis-3000-Pro.jpg\" \/>\n\t<meta property=\"og:image:width\" content=\"400\" \/>\n\t<meta property=\"og:image:height\" content=\"400\" \/>\n\t<meta property=\"og:image:type\" content=\"image\/jpeg\" \/>\n<meta name=\"twitter:card\" content=\"summary_large_image\" \/>\n<meta name=\"twitter:label1\" content=\"Est. reading time\" \/>\n\t<meta name=\"twitter:data1\" content=\"9 minutes\" \/>\n<script type=\"application\/ld+json\" class=\"yoast-schema-graph\">{\"@context\":\"https:\/\/schema.org\",\"@graph\":[{\"@type\":\"WebPage\",\"@id\":\"https:\/\/artisjet-printers.eu\/shop\/3000u-pro-8c\/\",\"url\":\"https:\/\/artisjet-printers.eu\/shop\/3000u-pro-8c\/\",\"name\":\"Artisjet Europe | Artis 3000U Pro 8C\",\"isPartOf\":{\"@id\":\"https:\/\/artisjet-printers.eu\/#website\"},\"datePublished\":\"2019-10-24T13:52:09+00:00\",\"dateModified\":\"2025-05-22T06:30:45+00:00\",\"description\":\"Impression r\u00e9aliste UV Led pour tout type d\u00b4objets, photo-cadeaux, sur mat\u00e9riel transparent ou sombre, pour production \u00e9lev\u00e9e, texture 3D\",\"breadcrumb\":{\"@id\":\"https:\/\/artisjet-printers.eu\/shop\/3000u-pro-8c\/#breadcrumb\"},\"inLanguage\":\"en-US\",\"potentialAction\":[{\"@type\":\"ReadAction\",\"target\":[\"https:\/\/artisjet-printers.eu\/shop\/3000u-pro-8c\/\"]}]},{\"@type\":\"BreadcrumbList\",\"@id\":\"https:\/\/artisjet-printers.eu\/shop\/3000u-pro-8c\/#breadcrumb\",\"itemListElement\":[{\"@type\":\"ListItem\",\"position\":1,\"name\":\"Home\",\"item\":\"https:\/\/artisjet-printers.eu\/\"},{\"@type\":\"ListItem\",\"position\":2,\"name\":\"Shop\",\"item\":\"https:\/\/artisjet-printers.eu\/de\/shop\/\"},{\"@type\":\"ListItem\",\"position\":3,\"name\":\"Artis 3000U Pro 8C\"}]},{\"@type\":\"WebSite\",\"@id\":\"https:\/\/artisjet-printers.eu\/#website\",\"url\":\"https:\/\/artisjet-printers.eu\/\",\"name\":\"Artisjet Europe\",\"description\":\"Official distributor in Europe\",\"publisher\":{\"@id\":\"https:\/\/artisjet-printers.eu\/#organization\"},\"potentialAction\":[{\"@type\":\"SearchAction\",\"target\":{\"@type\":\"EntryPoint\",\"urlTemplate\":\"https:\/\/artisjet-printers.eu\/?s={search_term_string}\"},\"query-input\":\"required name=search_term_string\"}],\"inLanguage\":\"en-US\"},{\"@type\":\"Organization\",\"@id\":\"https:\/\/artisjet-printers.eu\/#organization\",\"name\":\"ArtisJet\",\"url\":\"https:\/\/artisjet-printers.eu\/\",\"logo\":{\"@type\":\"ImageObject\",\"inLanguage\":\"en-US\",\"@id\":\"https:\/\/artisjet-printers.eu\/#\/schema\/logo\/image\/\",\"url\":\"https:\/\/artisjet-printers.eu\/wp-content\/uploads\/2017\/12\/logoartisjet.jpg\",\"contentUrl\":\"https:\/\/artisjet-printers.eu\/wp-content\/uploads\/2017\/12\/logoartisjet.jpg\",\"width\":217,\"height\":80,\"caption\":\"ArtisJet\"},\"image\":{\"@id\":\"https:\/\/artisjet-printers.eu\/#\/schema\/logo\/image\/\"}}]}<\/script>\n<!-- \/ Yoast SEO plugin. -->","yoast_head_json":{"title":"Artisjet Europe | Artis 3000U Pro 8C","robots":{"index":"index","follow":"follow","max-snippet":"max-snippet:-1","max-image-preview":"max-image-preview:large","max-video-preview":"max-video-preview:-1"},"canonical":"https:\/\/artisjet-printers.eu\/shop\/3000u-pro-8c\/","og_locale":"en_US","og_type":"article","og_title":"Artis 3000U Pro 8C | Artisjet Europe","og_url":"https:\/\/artisjet-printers.eu\/shop\/3000u-pro-8c\/","og_site_name":"Artisjet Europe","article_modified_time":"2025-05-22T06:30:45+00:00","og_image":[{"width":400,"height":400,"url":"https:\/\/artisjet-printers.eu\/wp-content\/uploads\/2019\/10\/Artis-3000-Pro.jpg","type":"image\/jpeg"}],"twitter_card":"summary_large_image","twitter_misc":{"Est. reading time":"9 minutes"},"schema":{"@context":"https:\/\/schema.org","@graph":[{"@type":"WebPage","@id":"https:\/\/artisjet-printers.eu\/shop\/3000u-pro-8c\/","url":"https:\/\/artisjet-printers.eu\/shop\/3000u-pro-8c\/","name":"Artisjet Europe | Artis 3000U Pro 8C","isPartOf":{"@id":"https:\/\/artisjet-printers.eu\/#website"},"datePublished":"2019-10-24T13:52:09+00:00","dateModified":"2025-05-22T06:30:45+00:00","description":"Impression r\u00e9aliste UV Led pour tout type d\u00b4objets, photo-cadeaux, sur mat\u00e9riel transparent ou sombre, pour production \u00e9lev\u00e9e, texture 3D","breadcrumb":{"@id":"https:\/\/artisjet-printers.eu\/shop\/3000u-pro-8c\/#breadcrumb"},"inLanguage":"en-US","potentialAction":[{"@type":"ReadAction","target":["https:\/\/artisjet-printers.eu\/shop\/3000u-pro-8c\/"]}]},{"@type":"BreadcrumbList","@id":"https:\/\/artisjet-printers.eu\/shop\/3000u-pro-8c\/#breadcrumb","itemListElement":[{"@type":"ListItem","position":1,"name":"Home","item":"https:\/\/artisjet-printers.eu\/"},{"@type":"ListItem","position":2,"name":"Shop","item":"https:\/\/artisjet-printers.eu\/de\/shop\/"},{"@type":"ListItem","position":3,"name":"Artis 3000U Pro 8C"}]},{"@type":"WebSite","@id":"https:\/\/artisjet-printers.eu\/#website","url":"https:\/\/artisjet-printers.eu\/","name":"Artisjet Europe","description":"Official distributor in Europe","publisher":{"@id":"https:\/\/artisjet-printers.eu\/#organization"},"potentialAction":[{"@type":"SearchAction","target":{"@type":"EntryPoint","urlTemplate":"https:\/\/artisjet-printers.eu\/?s={search_term_string}"},"query-input":"required name=search_term_string"}],"inLanguage":"en-US"},{"@type":"Organization","@id":"https:\/\/artisjet-printers.eu\/#organization","name":"ArtisJet","url":"https:\/\/artisjet-printers.eu\/","logo":{"@type":"ImageObject","inLanguage":"en-US","@id":"https:\/\/artisjet-printers.eu\/#\/schema\/logo\/image\/","url":"https:\/\/artisjet-printers.eu\/wp-content\/uploads\/2017\/12\/logoartisjet.jpg","contentUrl":"https:\/\/artisjet-printers.eu\/wp-content\/uploads\/2017\/12\/logoartisjet.jpg","width":217,"height":80,"caption":"ArtisJet"},"image":{"@id":"https:\/\/artisjet-printers.eu\/#\/schema\/logo\/image\/"}}]}},"_links":{"self":[{"href":"https:\/\/artisjet-printers.eu\/en\/wp-json\/wp\/v2\/product\/1189","targetHints":{"allow":["GET"]}}],"collection":[{"href":"https:\/\/artisjet-printers.eu\/en\/wp-json\/wp\/v2\/product"}],"about":[{"href":"https:\/\/artisjet-printers.eu\/en\/wp-json\/wp\/v2\/types\/product"}],"wp:featuredmedia":[{"embeddable":true,"href":"https:\/\/artisjet-printers.eu\/en\/wp-json\/wp\/v2\/media\/1181"}],"wp:attachment":[{"href":"https:\/\/artisjet-printers.eu\/en\/wp-json\/wp\/v2\/media?parent=1189"}],"wp:term":[{"taxonomy":"product_brand","embeddable":true,"href":"https:\/\/artisjet-printers.eu\/en\/wp-json\/wp\/v2\/product_brand?post=1189"},{"taxonomy":"product_cat","embeddable":true,"href":"https:\/\/artisjet-printers.eu\/en\/wp-json\/wp\/v2\/product_cat?post=1189"},{"taxonomy":"product_tag","embeddable":true,"href":"https:\/\/artisjet-printers.eu\/en\/wp-json\/wp\/v2\/product_tag?post=1189"}],"curies":[{"name":"wp","href":"https:\/\/api.w.org\/{rel}","templated":true}]}}