{"id":862,"date":"2018-04-19T12:17:15","date_gmt":"2018-04-19T10:17:15","guid":{"rendered":"http:\/\/artisjet-printers.eu\/?page_id=862"},"modified":"2025-07-08T11:04:48","modified_gmt":"2025-07-08T09:04:48","slug":"personliche-gegenstande-individualisieren","status":"publish","type":"page","link":"https:\/\/artisjet-printers.eu\/en\/personliche-gegenstande-individualisieren\/","title":{"rendered":"Pers\u00f6nliche Gegenst\u00e4nde individualisieren"},"content":{"rendered":"<p><img loading=\"lazy\" decoding=\"async\" class=\"size-full wp-image-863 aligncenter\" src=\"https:\/\/rescate.artisjet-printers.eu\/wp-content\/uploads\/2018\/04\/Imagen-1.png\" alt=\"\" width=\"857\" height=\"402\" srcset=\"https:\/\/artisjet-printers.eu\/wp-content\/uploads\/2018\/04\/Imagen-1.png 857w, https:\/\/artisjet-printers.eu\/wp-content\/uploads\/2018\/04\/Imagen-1-600x281.png 600w, https:\/\/artisjet-printers.eu\/wp-content\/uploads\/2018\/04\/Imagen-1-300x141.png 300w, https:\/\/artisjet-printers.eu\/wp-content\/uploads\/2018\/04\/Imagen-1-768x360.png 768w, https:\/\/artisjet-printers.eu\/wp-content\/uploads\/2018\/04\/Imagen-1-642x300.png 642w\" sizes=\"auto, (max-width: 857px) 100vw, 857px\" \/><\/p>\n<p>Imprimantes Uv led sur objets ArtisJet pour goodies personnalisables. Devenez entrepreneur ou amplifiez la diversit\u00e9 de votre catalogue. Machines performantes avec un cout d\u2019exploitation comp\u00e9titif. Divers formats Artis 2100,&nbsp; Artis 3000 et Artis&nbsp; 5000 pour s\u2019 adapter \u00e0 vos besoins. Possibilit\u00e9 de vous aidez avec vos supports. Vous serez auto suffisant sur l\u2019 imprimante gr\u00e2ce \u00e0 notre service apr\u00e8s vente qui vous formera.<\/p>\n<table width=\"100%\" cellspacing=\"0\" cellpadding=\"0\" border=\"1\">\n<tbody>\n<tr>\n<td valign=\"bottom\" width=\"50%\"><strong>Syst\u00e8me de jet d\u2019encre s\u00e9lectionn\u00e9 UV<\/strong><\/p>\n<ul>\n<li>L\u2019imprimante Artis 2100 fonctionne avec le syst\u00e8me FOIF d\u2019artisJet et active \u00e9lectroniquement la LED UV uniquement lors du jet d\u2019encre. En cons\u00e9quence, la dur\u00e9e de vie des LED et de la t\u00eate d\u2019impression est maximis\u00e9e.<\/li>\n<\/ul>\n<\/td>\n<td valign=\"bottom\" width=\"50%\"><strong>Syst\u00e8me de contr\u00f4le UV.<\/strong><\/p>\n<ul>\n<li>Con\u00e7u pour plus de flexibilit\u00e9 et de simplicit\u00e9, artisJet COD contr\u00f4le num\u00e9riquement le fonctionnement du syst\u00e8me LED UV. Il s\u2019adapte aux diff\u00e9rents mat\u00e9riaux et environnements de travail<\/li>\n<\/ul>\n<\/td>\n<\/tr>\n<tr>\n<td valign=\"bottom\" width=\"50%\"><strong>R\u00e9glage automatique de la hauteur d\u2019impression<\/strong><\/p>\n<ul>\n<li>Equip\u00e9 de capteurs pour le r\u00e9glage semi-automatique de la hauteur de la t\u00eate.<\/li>\n<\/ul>\n<\/td>\n<td valign=\"bottom\" width=\"50%\"><strong>Syst\u00e8me de contr\u00f4le de refroidissement par liquide<\/strong><\/p>\n<ul>\n<li>Le syst\u00e8me de contr\u00f4le de refroidissement d\u2019artisJet est bas\u00e9 sur un syst\u00e8me de refroidissement industriel pour \u00e9viter l\u2019usure de la lampe UV et de la t\u00eate.<\/li>\n<\/ul>\n<\/td>\n<\/tr>\n<tr>\n<td valign=\"bottom\" width=\"50%\"><strong>Syst\u00e8me d\u2019encre en bouteille<\/strong><\/p>\n<ul>\n<li>A la diff\u00e9rence des cartouches d\u2019encre, ce syst\u00e8me permet l\u2019utilisation de 100% d\u2019encre disponible et l\u2019encre est beaucoup plus \u00e9conomique.<\/li>\n<\/ul>\n<\/td>\n<td valign=\"bottom\" width=\"50%\"><strong>Design unique de plateforme de chargement lat\u00e9ral<\/strong><\/p>\n<ul>\n<li>Un design unique qui assure une meilleure visibilit\u00e9 \u00e0 la sortie. Id\u00e9al pour les environnements de travail dans un espace limit\u00e9.<\/li>\n<\/ul>\n<\/td>\n<\/tr>\n<\/tbody>\n<\/table>\n<p>&nbsp;<\/p>\n<table width=\"100%\">\n<tbody>\n<tr>\n<td width=\"50%\">\n<h2 style=\"text-align: center;\">&nbsp;<strong>Artis 2100 UV Led<br \/>\n<\/strong><\/h2>\n<\/td>\n<td width=\"50%\">\n<h2 style=\"text-align: center;\">&nbsp;<strong>Artis 3000 UV Led<br \/>\n<\/strong><\/h2>\n<\/td>\n<\/tr>\n<tr>\n<td width=\"50%\"><img loading=\"lazy\" decoding=\"async\" class=\"aligncenter wp-image-543 size-full\" src=\"https:\/\/rescate.artisjet-printers.eu\/wp-content\/uploads\/2017\/12\/artis2100Uimg3-1.jpg\" alt=\"\" width=\"560\" height=\"500\" srcset=\"https:\/\/artisjet-printers.eu\/wp-content\/uploads\/2017\/12\/artis2100Uimg3-1.jpg 560w, https:\/\/artisjet-printers.eu\/wp-content\/uploads\/2017\/12\/artis2100Uimg3-1-300x268.jpg 300w\" sizes=\"auto, (max-width: 560px) 100vw, 560px\" \/>&nbsp;<\/p>\n<p>&nbsp;<\/p>\n<p style=\"text-align: center;\"><a class=\"fasc-button fasc-size-xlarge fasc-type-glossy fasc-rounded-medium\" style=\"background-color: #33809e; color: #ffffff;\" href=\"https:\/\/rescate.artisjet-printers.eu\/fr\/shop\/artis-2100-uv-led\">Artis 2100 UV Led<\/a><\/p>\n<\/td>\n<td width=\"50%\"><strong><img loading=\"lazy\" decoding=\"async\" class=\"aligncenter wp-image-198 size-full\" src=\"https:\/\/rescate.artisjet-printers.eu\/wp-content\/uploads\/2017\/12\/artis3060Uimg3.jpg\" alt=\"Impresora Artis 3060U UV Led\" width=\"560\" height=\"500\" srcset=\"https:\/\/artisjet-printers.eu\/wp-content\/uploads\/2017\/12\/artis3060Uimg3.jpg 560w, https:\/\/artisjet-printers.eu\/wp-content\/uploads\/2017\/12\/artis3060Uimg3-300x268.jpg 300w\" sizes=\"auto, (max-width: 560px) 100vw, 560px\" \/><\/strong><\/p>\n<p>&nbsp;<\/p>\n<p style=\"text-align: center;\"><a class=\"fasc-button fasc-size-xlarge fasc-type-glossy fasc-rounded-medium\" style=\"background-color: #247edd; color: #ffffff;\" href=\"https:\/\/rescate.artisjet-printers.eu\/fr\/shop\/artis-3000-uv-led\/\">Artis 3000 UV Led<\/a><\/p>\n<p>&nbsp;<\/td>\n<\/tr>\n<tr>\n<td width=\"50%\">&nbsp;<\/p>\n<p>&nbsp;<\/p>\n<p style=\"text-align: center;\"><a class=\"fasc-button fasc-size-xlarge fasc-type-glossy fasc-rounded-medium fasc-ico-before dashicons-edit\" style=\"background-color: #247edd; color: #ffffff;\" href=\"https:\/\/rescate.artisjet-printers.eu\/fr\/contact\/\">Contactez Nous<\/a><\/p>\n<\/td>\n<td width=\"50%\">&nbsp;<\/td>\n<\/tr>\n<\/tbody>\n<\/table>\n","protected":false},"excerpt":{"rendered":"<p>Imprimantes Uv led sur objets ArtisJet pour goodies personnalisables. Devenez entrepreneur ou amplifiez la diversit\u00e9 de votre catalogue. Machines performantes avec un cout d\u2019exploitation comp\u00e9titif. Divers formats Artis 2100,&nbsp; Artis 3000 et Artis&nbsp; 5000 pour s\u2019 adapter \u00e0 vos besoins.<\/p>\n","protected":false},"author":1,"featured_media":3943,"parent":0,"menu_order":0,"comment_status":"closed","ping_status":"closed","template":"","meta":{"ngg_post_thumbnail":0,"footnotes":""},"class_list":["post-862","page","type-page","status-publish","has-post-thumbnail","hentry"],"translation":{"provider":"WPGlobus","version":"2.12.2","language":"en","enabled_languages":["fr","de","pt","en"],"languages":{"fr":{"title":true,"content":true,"excerpt":false},"de":{"title":true,"content":true,"excerpt":false},"pt":{"title":false,"content":false,"excerpt":false},"en":{"title":true,"content":false,"excerpt":false}}},"yoast_head":"<!-- This site is optimized with the Yoast SEO plugin v22.0 - https:\/\/yoast.com\/wordpress\/plugins\/seo\/ -->\n<title>Pers\u00f6nliche Gegenst\u00e4nde individualisieren | Artisjet Europe<\/title>\n<meta name=\"robots\" content=\"index, follow, max-snippet:-1, max-image-preview:large, max-video-preview:-1\" \/>\n<link rel=\"canonical\" href=\"https:\/\/artisjet-printers.eu\/personliche-gegenstande-individualisieren\/\" \/>\n<meta property=\"og:locale\" content=\"en_US\" \/>\n<meta property=\"og:type\" content=\"article\" \/>\n<meta property=\"og:title\" content=\"Pers\u00f6nliche Gegenst\u00e4nde individualisieren | Artisjet Europe\" \/>\n<meta property=\"og:url\" content=\"https:\/\/artisjet-printers.eu\/personliche-gegenstande-individualisieren\/\" \/>\n<meta property=\"og:site_name\" content=\"Artisjet Europe\" \/>\n<meta property=\"article:modified_time\" content=\"2025-07-08T09:04:48+00:00\" \/>\n<meta property=\"og:image\" content=\"https:\/\/artisjet-printers.eu\/wp-content\/uploads\/2024\/04\/customized-gifts.jpeg\" \/>\n\t<meta property=\"og:image:width\" content=\"1023\" \/>\n\t<meta property=\"og:image:height\" content=\"682\" \/>\n\t<meta property=\"og:image:type\" content=\"image\/jpeg\" \/>\n<meta name=\"twitter:card\" content=\"summary_large_image\" \/>\n<meta name=\"twitter:label1\" content=\"Est. reading time\" \/>\n\t<meta name=\"twitter:data1\" content=\"3 minutes\" \/>\n<script type=\"application\/ld+json\" class=\"yoast-schema-graph\">{\"@context\":\"https:\/\/schema.org\",\"@graph\":[{\"@type\":\"WebPage\",\"@id\":\"https:\/\/artisjet-printers.eu\/personliche-gegenstande-individualisieren\/\",\"url\":\"https:\/\/artisjet-printers.eu\/personliche-gegenstande-individualisieren\/\",\"name\":\"Pers\u00f6nliche Gegenst\u00e4nde individualisieren | Artisjet Europe\",\"isPartOf\":{\"@id\":\"https:\/\/artisjet-printers.eu\/#website\"},\"datePublished\":\"2018-04-19T10:17:15+00:00\",\"dateModified\":\"2025-07-08T09:04:48+00:00\",\"breadcrumb\":{\"@id\":\"https:\/\/artisjet-printers.eu\/personliche-gegenstande-individualisieren\/#breadcrumb\"},\"inLanguage\":\"en-US\",\"potentialAction\":[{\"@type\":\"ReadAction\",\"target\":[\"https:\/\/artisjet-printers.eu\/personliche-gegenstande-individualisieren\/\"]}]},{\"@type\":\"BreadcrumbList\",\"@id\":\"https:\/\/artisjet-printers.eu\/personliche-gegenstande-individualisieren\/#breadcrumb\",\"itemListElement\":[{\"@type\":\"ListItem\",\"position\":1,\"name\":\"Home\",\"item\":\"https:\/\/artisjet-printers.eu\/\"},{\"@type\":\"ListItem\",\"position\":2,\"name\":\"Imprimante pour objets publicitaires personnalisables\"}]},{\"@type\":\"WebSite\",\"@id\":\"https:\/\/artisjet-printers.eu\/#website\",\"url\":\"https:\/\/artisjet-printers.eu\/\",\"name\":\"Artisjet Europe\",\"description\":\"Official distributor in Europe\",\"publisher\":{\"@id\":\"https:\/\/artisjet-printers.eu\/#organization\"},\"potentialAction\":[{\"@type\":\"SearchAction\",\"target\":{\"@type\":\"EntryPoint\",\"urlTemplate\":\"https:\/\/artisjet-printers.eu\/?s={search_term_string}\"},\"query-input\":\"required name=search_term_string\"}],\"inLanguage\":\"en-US\"},{\"@type\":\"Organization\",\"@id\":\"https:\/\/artisjet-printers.eu\/#organization\",\"name\":\"ArtisJet\",\"url\":\"https:\/\/artisjet-printers.eu\/\",\"logo\":{\"@type\":\"ImageObject\",\"inLanguage\":\"en-US\",\"@id\":\"https:\/\/artisjet-printers.eu\/#\/schema\/logo\/image\/\",\"url\":\"https:\/\/artisjet-printers.eu\/wp-content\/uploads\/2017\/12\/logoartisjet.jpg\",\"contentUrl\":\"https:\/\/artisjet-printers.eu\/wp-content\/uploads\/2017\/12\/logoartisjet.jpg\",\"width\":217,\"height\":80,\"caption\":\"ArtisJet\"},\"image\":{\"@id\":\"https:\/\/artisjet-printers.eu\/#\/schema\/logo\/image\/\"}}]}<\/script>\n<!-- \/ Yoast SEO plugin. -->","yoast_head_json":{"title":"Pers\u00f6nliche Gegenst\u00e4nde individualisieren | Artisjet Europe","robots":{"index":"index","follow":"follow","max-snippet":"max-snippet:-1","max-image-preview":"max-image-preview:large","max-video-preview":"max-video-preview:-1"},"canonical":"https:\/\/artisjet-printers.eu\/personliche-gegenstande-individualisieren\/","og_locale":"en_US","og_type":"article","og_title":"Pers\u00f6nliche Gegenst\u00e4nde individualisieren | Artisjet Europe","og_url":"https:\/\/artisjet-printers.eu\/personliche-gegenstande-individualisieren\/","og_site_name":"Artisjet Europe","article_modified_time":"2025-07-08T09:04:48+00:00","og_image":[{"width":1023,"height":682,"url":"https:\/\/artisjet-printers.eu\/wp-content\/uploads\/2024\/04\/customized-gifts.jpeg","type":"image\/jpeg"}],"twitter_card":"summary_large_image","twitter_misc":{"Est. reading time":"3 minutes"},"schema":{"@context":"https:\/\/schema.org","@graph":[{"@type":"WebPage","@id":"https:\/\/artisjet-printers.eu\/personliche-gegenstande-individualisieren\/","url":"https:\/\/artisjet-printers.eu\/personliche-gegenstande-individualisieren\/","name":"Pers\u00f6nliche Gegenst\u00e4nde individualisieren | Artisjet Europe","isPartOf":{"@id":"https:\/\/artisjet-printers.eu\/#website"},"datePublished":"2018-04-19T10:17:15+00:00","dateModified":"2025-07-08T09:04:48+00:00","breadcrumb":{"@id":"https:\/\/artisjet-printers.eu\/personliche-gegenstande-individualisieren\/#breadcrumb"},"inLanguage":"en-US","potentialAction":[{"@type":"ReadAction","target":["https:\/\/artisjet-printers.eu\/personliche-gegenstande-individualisieren\/"]}]},{"@type":"BreadcrumbList","@id":"https:\/\/artisjet-printers.eu\/personliche-gegenstande-individualisieren\/#breadcrumb","itemListElement":[{"@type":"ListItem","position":1,"name":"Home","item":"https:\/\/artisjet-printers.eu\/"},{"@type":"ListItem","position":2,"name":"Imprimante pour objets publicitaires personnalisables"}]},{"@type":"WebSite","@id":"https:\/\/artisjet-printers.eu\/#website","url":"https:\/\/artisjet-printers.eu\/","name":"Artisjet Europe","description":"Official distributor in Europe","publisher":{"@id":"https:\/\/artisjet-printers.eu\/#organization"},"potentialAction":[{"@type":"SearchAction","target":{"@type":"EntryPoint","urlTemplate":"https:\/\/artisjet-printers.eu\/?s={search_term_string}"},"query-input":"required name=search_term_string"}],"inLanguage":"en-US"},{"@type":"Organization","@id":"https:\/\/artisjet-printers.eu\/#organization","name":"ArtisJet","url":"https:\/\/artisjet-printers.eu\/","logo":{"@type":"ImageObject","inLanguage":"en-US","@id":"https:\/\/artisjet-printers.eu\/#\/schema\/logo\/image\/","url":"https:\/\/artisjet-printers.eu\/wp-content\/uploads\/2017\/12\/logoartisjet.jpg","contentUrl":"https:\/\/artisjet-printers.eu\/wp-content\/uploads\/2017\/12\/logoartisjet.jpg","width":217,"height":80,"caption":"ArtisJet"},"image":{"@id":"https:\/\/artisjet-printers.eu\/#\/schema\/logo\/image\/"}}]}},"_links":{"self":[{"href":"https:\/\/artisjet-printers.eu\/en\/wp-json\/wp\/v2\/pages\/862","targetHints":{"allow":["GET"]}}],"collection":[{"href":"https:\/\/artisjet-printers.eu\/en\/wp-json\/wp\/v2\/pages"}],"about":[{"href":"https:\/\/artisjet-printers.eu\/en\/wp-json\/wp\/v2\/types\/page"}],"author":[{"embeddable":true,"href":"https:\/\/artisjet-printers.eu\/en\/wp-json\/wp\/v2\/users\/1"}],"replies":[{"embeddable":true,"href":"https:\/\/artisjet-printers.eu\/en\/wp-json\/wp\/v2\/comments?post=862"}],"version-history":[{"count":15,"href":"https:\/\/artisjet-printers.eu\/en\/wp-json\/wp\/v2\/pages\/862\/revisions"}],"predecessor-version":[{"id":5222,"href":"https:\/\/artisjet-printers.eu\/en\/wp-json\/wp\/v2\/pages\/862\/revisions\/5222"}],"wp:featuredmedia":[{"embeddable":true,"href":"https:\/\/artisjet-printers.eu\/en\/wp-json\/wp\/v2\/media\/3943"}],"wp:attachment":[{"href":"https:\/\/artisjet-printers.eu\/en\/wp-json\/wp\/v2\/media?parent=862"}],"curies":[{"name":"wp","href":"https:\/\/api.w.org\/{rel}","templated":true}]}}