{"id":839,"date":"2018-04-06T15:10:15","date_gmt":"2018-04-06T13:10:15","guid":{"rendered":"http:\/\/artisjet-printers.eu\/?page_id=839"},"modified":"2018-04-09T12:41:49","modified_gmt":"2018-04-09T10:41:49","slug":"brotherjet-is-now-artisjet","status":"publish","type":"page","link":"https:\/\/artisjet-printers.eu\/en\/brotherjet-is-now-artisjet\/","title":{"rendered":"Brotherjet is now Artisjet"},"content":{"rendered":"<p><img loading=\"lazy\" decoding=\"async\" class=\"size-full wp-image-840 aligncenter\" src=\"https:\/\/rescate.artisjet-printers.eu\/wp-content\/uploads\/2018\/04\/brotherjet-logo-is-artisjet.jpg\" alt=\"\" width=\"425\" height=\"85\" srcset=\"https:\/\/artisjet-printers.eu\/wp-content\/uploads\/2018\/04\/brotherjet-logo-is-artisjet.jpg 425w, https:\/\/artisjet-printers.eu\/wp-content\/uploads\/2018\/04\/brotherjet-logo-is-artisjet-300x60.jpg 300w\" sizes=\"auto, (max-width: 425px) 100vw, 425px\" \/><\/p>\n<p>Notre soci\u00e9t\u00e9 est constamment \u00e0 la recherche de la performance et de l&#8217; innovation. C&#8217; est par coh\u00e9rence que nous avons opt\u00e9s pour substituer la marque Brotherjet par ArtisJet. C&#8217; est ainsi que les anciennes nominations passent \u00e0 \u00eatre:<\/p>\n<p><img loading=\"lazy\" decoding=\"async\" class=\"size-full wp-image-9 aligncenter\" src=\"https:\/\/rescate.artisjet-printers.eu\/wp-content\/uploads\/2017\/12\/application-banner.jpg\" alt=\"\" width=\"1860\" height=\"437\" srcset=\"https:\/\/artisjet-printers.eu\/wp-content\/uploads\/2017\/12\/application-banner.jpg 1860w, https:\/\/artisjet-printers.eu\/wp-content\/uploads\/2017\/12\/application-banner-600x141.jpg 600w, https:\/\/artisjet-printers.eu\/wp-content\/uploads\/2017\/12\/application-banner-300x70.jpg 300w, https:\/\/artisjet-printers.eu\/wp-content\/uploads\/2017\/12\/application-banner-768x180.jpg 768w, https:\/\/artisjet-printers.eu\/wp-content\/uploads\/2017\/12\/application-banner-1024x241.jpg 1024w\" sizes=\"auto, (max-width: 1860px) 100vw, 1860px\" \/><\/p>\n<p>Correspondance BrotherJet &#8211; Artisjet<\/p>\n<ul>\n<li>BROTHERJET\u00a02100 UV Led \u00e0 ARTIS 2100\u00a0UV Led<\/li>\n<li>BROTHERJET \u00a03000\u00a0UV Led\u00a0\u00e0 ARTIS 3000\u00a0UV Led<\/li>\n<li>BROTHERJET\u00a03060\u00a0\u00a0UV Led\u00a0\u00e0 ARTIS 3060\u00a0\u00a0UV Led<\/li>\n<li>BROTHERJET\u00a05000\u00a0\u00a0UV Led\u00a0\u00e0 ARTIS 5000\u00a0\u00a0UV Led<\/li>\n<li>BROTHERJET \u00a0BR 1800\u00a0\u00a0UV Led\u00a0\u00e0 ARTIS BR 1800\u00a0\u00a0UV Led<\/li>\n<li>BROTHERJET\u00a03000 T \u00e0 ARTIS 3000\u00a0T<\/li>\n<li>BROTHERJET\u00a03060 T \u00e0 ARTIS 3060 T<\/li>\n<li>BROTHER\u00a0JET 5000 T \u00e0 ARTIS 5000T<\/li>\n<\/ul>\n<p>Artis sont des machines qui, entre autres, ont une qualit\u00e9 d&#8217;impression \u00e9lev\u00e9e gr\u00e2ce \u00e0 la t\u00eate d&#8217;impression et \u00e0 la technologie d&#8217;impression d&#8217;Epson. Ce qui nous distingue des autres fournisseurs, ce sont les co\u00fbts d&#8217;exploitation, qui sont tr\u00e8s inf\u00e9rieurs aux alternatives du march\u00e9. Surtout parce que nos machines utilisent des encres en bouteilles, et non\u00a0 dans des cartouches.<\/p>\n<p><a href=\"https:\/\/rescate.artisjet-printers.eu\/fr\/shop\/artis-3000-uv-led\/\"><img loading=\"lazy\" decoding=\"async\" class=\"alignright wp-image-198 size-medium\" src=\"https:\/\/rescate.artisjet-printers.eu\/wp-content\/uploads\/2017\/12\/artis3060Uimg3-300x268.jpg\" alt=\"Impresora Artis 3060U UV Led\" width=\"300\" height=\"268\" srcset=\"https:\/\/artisjet-printers.eu\/wp-content\/uploads\/2017\/12\/artis3060Uimg3-300x268.jpg 300w, https:\/\/artisjet-printers.eu\/wp-content\/uploads\/2017\/12\/artis3060Uimg3.jpg 560w\" sizes=\"auto, (max-width: 300px) 100vw, 300px\" \/><\/a><\/p>\n<p>Gr\u00e2ce \u00e0 l&#8217;utilisation de l&#8217;encre blanche, vous pouvez imprimer sur n&#8217;importe quelle couleur de fond avec une haute qualit\u00e9. De plus, presque tous les types de mat\u00e9riaux peuvent \u00eatre imprim\u00e9s.<\/p>\n<p>Nos imprimantes sont id\u00e9ales pour la production d&#8217;objets personnalis\u00e9s, souvenirs, publicit\u00e9s, signal\u00e9tique, coques de t\u00e9l\u00e9phones portables, photographies et bien plus encore.<\/p>\n<p><a href=\"https:\/\/rescate.artisjet-printers.eu\/fr\/shop\/artis-2100-uv-led\/\"><img loading=\"lazy\" decoding=\"async\" class=\"alignleft wp-image-253 size-medium\" src=\"https:\/\/rescate.artisjet-printers.eu\/wp-content\/uploads\/2017\/12\/artis2100Uimg3-300x268.jpg\" alt=\"Artis 2100 imprimante UV Led\" width=\"300\" height=\"268\" srcset=\"https:\/\/artisjet-printers.eu\/wp-content\/uploads\/2017\/12\/artis2100Uimg3-300x268.jpg 300w, https:\/\/artisjet-printers.eu\/wp-content\/uploads\/2017\/12\/artis2100Uimg3.jpg 560w\" sizes=\"auto, (max-width: 300px) 100vw, 300px\" \/><\/a>En plus du logiciel de base d\u00e9j\u00e0 int\u00e9gr\u00e9, nous vendons \u00e9galement une version \u00e9tendue afin d&#8217;imprimer en blanc et en couleur dans le m\u00eame processus d&#8217;impression. Ceci est fait en tenant en assurant une\u00a0 haute r\u00e9solution.<\/p>\n<p>Artisjet dispose d&#8217;un service technique local pour les r\u00e9parations. Nous sommes \u00e9galement disponibles pour r\u00e9pondre \u00e0 toutes les questions que vous pourriez avoir sur nos produits et nous nous effor\u00e7ons toujours de fournir des solutions efficaces.<\/p>\n<p>Nos imprimantes les plus populaires; L&#8217;<a href=\"https:\/\/rescate.artisjet-printers.eu\/fr\/shop\/artis-2100-uv-led\/\">Artis 2100 UV Led<\/a> et l&#8217;<a href=\"https:\/\/rescate.artisjet-printers.eu\/fr\/shop\/artis-3000-uv-led\/\">Artis 3000 A3 UV Led<\/a>. D&#8217;autres mod\u00e8les pour grand format peuvent \u00e9galement \u00eatre trouv\u00e9s sur notre site Web.<\/p>\n","protected":false},"excerpt":{"rendered":"<p>Notre soci\u00e9t\u00e9 est constamment \u00e0 la recherche de la performance et de l&#8217; innovation. C&#8217; est par coh\u00e9rence que nous avons opt\u00e9s pour substituer la marque Brotherjet par ArtisJet. C&#8217; est ainsi que les anciennes nominations passent \u00e0 \u00eatre: Correspondance<\/p>\n","protected":false},"author":1,"featured_media":0,"parent":0,"menu_order":0,"comment_status":"closed","ping_status":"closed","template":"","meta":{"ngg_post_thumbnail":0,"footnotes":""},"class_list":["post-839","page","type-page","status-publish","hentry"],"translation":{"provider":"WPGlobus","version":"2.12.2","language":"en","enabled_languages":["fr","de","pt","en"],"languages":{"fr":{"title":true,"content":true,"excerpt":false},"de":{"title":true,"content":true,"excerpt":false},"pt":{"title":false,"content":false,"excerpt":false},"en":{"title":true,"content":false,"excerpt":false}}},"yoast_head":"<!-- This site is optimized with the Yoast SEO plugin v22.0 - https:\/\/yoast.com\/wordpress\/plugins\/seo\/ -->\n<title>Brotherjet is now Artisjet | Artisjet Europe<\/title>\n<meta name=\"robots\" content=\"index, follow, max-snippet:-1, max-image-preview:large, max-video-preview:-1\" \/>\n<link rel=\"canonical\" href=\"https:\/\/artisjet-printers.eu\/de\/brotherjet-is-now-artisjet\/\" \/>\n<meta property=\"og:locale\" content=\"en_US\" \/>\n<meta property=\"og:type\" content=\"article\" \/>\n<meta property=\"og:title\" content=\"Brotherjet is now Artisjet | Artisjet Europe\" \/>\n<meta property=\"og:url\" content=\"https:\/\/artisjet-printers.eu\/de\/brotherjet-is-now-artisjet\/\" \/>\n<meta property=\"og:site_name\" content=\"Artisjet Europe\" \/>\n<meta property=\"article:modified_time\" content=\"2018-04-09T10:41:49+00:00\" \/>\n<meta property=\"og:image\" content=\"https:\/\/rescate.artisjet-printers.eu\/wp-content\/uploads\/2018\/04\/brotherjet-logo-is-artisjet.jpg\" \/>\n<meta name=\"twitter:card\" content=\"summary_large_image\" \/>\n<meta name=\"twitter:label1\" content=\"Est. reading time\" \/>\n\t<meta name=\"twitter:data1\" content=\"3 minutes\" \/>\n<script type=\"application\/ld+json\" class=\"yoast-schema-graph\">{\"@context\":\"https:\/\/schema.org\",\"@graph\":[{\"@type\":\"WebPage\",\"@id\":\"https:\/\/artisjet-printers.eu\/de\/brotherjet-is-now-artisjet\/\",\"url\":\"https:\/\/artisjet-printers.eu\/de\/brotherjet-is-now-artisjet\/\",\"name\":\"Brotherjet is now Artisjet | Artisjet Europe\",\"isPartOf\":{\"@id\":\"https:\/\/artisjet-printers.eu\/#website\"},\"datePublished\":\"2018-04-06T13:10:15+00:00\",\"dateModified\":\"2018-04-09T10:41:49+00:00\",\"description\":\"\",\"breadcrumb\":{\"@id\":\"https:\/\/artisjet-printers.eu\/de\/brotherjet-is-now-artisjet\/#breadcrumb\"},\"inLanguage\":\"en-US\",\"potentialAction\":[{\"@type\":\"ReadAction\",\"target\":[\"https:\/\/artisjet-printers.eu\/de\/brotherjet-is-now-artisjet\/\"]}]},{\"@type\":\"BreadcrumbList\",\"@id\":\"https:\/\/artisjet-printers.eu\/de\/brotherjet-is-now-artisjet\/#breadcrumb\",\"itemListElement\":[{\"@type\":\"ListItem\",\"position\":1,\"name\":\"Home\",\"item\":\"https:\/\/artisjet-printers.eu\/\"},{\"@type\":\"ListItem\",\"position\":2,\"name\":\"Fr\u00fcher Brotherjet, heute Artisjet!\"}]},{\"@type\":\"WebSite\",\"@id\":\"https:\/\/artisjet-printers.eu\/#website\",\"url\":\"https:\/\/artisjet-printers.eu\/\",\"name\":\"Artisjet Europe\",\"description\":\"Official distributor in Europe\",\"publisher\":{\"@id\":\"https:\/\/artisjet-printers.eu\/#organization\"},\"potentialAction\":[{\"@type\":\"SearchAction\",\"target\":{\"@type\":\"EntryPoint\",\"urlTemplate\":\"https:\/\/artisjet-printers.eu\/?s={search_term_string}\"},\"query-input\":\"required name=search_term_string\"}],\"inLanguage\":\"en-US\"},{\"@type\":\"Organization\",\"@id\":\"https:\/\/artisjet-printers.eu\/#organization\",\"name\":\"ArtisJet\",\"url\":\"https:\/\/artisjet-printers.eu\/\",\"logo\":{\"@type\":\"ImageObject\",\"inLanguage\":\"en-US\",\"@id\":\"https:\/\/artisjet-printers.eu\/#\/schema\/logo\/image\/\",\"url\":\"https:\/\/artisjet-printers.eu\/wp-content\/uploads\/2017\/12\/logoartisjet.jpg\",\"contentUrl\":\"https:\/\/artisjet-printers.eu\/wp-content\/uploads\/2017\/12\/logoartisjet.jpg\",\"width\":217,\"height\":80,\"caption\":\"ArtisJet\"},\"image\":{\"@id\":\"https:\/\/artisjet-printers.eu\/#\/schema\/logo\/image\/\"}}]}<\/script>\n<!-- \/ Yoast SEO plugin. -->","yoast_head_json":{"title":"Brotherjet is now Artisjet | Artisjet Europe","robots":{"index":"index","follow":"follow","max-snippet":"max-snippet:-1","max-image-preview":"max-image-preview:large","max-video-preview":"max-video-preview:-1"},"canonical":"https:\/\/artisjet-printers.eu\/de\/brotherjet-is-now-artisjet\/","og_locale":"en_US","og_type":"article","og_title":"Brotherjet is now Artisjet | Artisjet Europe","og_url":"https:\/\/artisjet-printers.eu\/de\/brotherjet-is-now-artisjet\/","og_site_name":"Artisjet Europe","article_modified_time":"2018-04-09T10:41:49+00:00","og_image":[{"url":"https:\/\/rescate.artisjet-printers.eu\/wp-content\/uploads\/2018\/04\/brotherjet-logo-is-artisjet.jpg"}],"twitter_card":"summary_large_image","twitter_misc":{"Est. reading time":"3 minutes"},"schema":{"@context":"https:\/\/schema.org","@graph":[{"@type":"WebPage","@id":"https:\/\/artisjet-printers.eu\/de\/brotherjet-is-now-artisjet\/","url":"https:\/\/artisjet-printers.eu\/de\/brotherjet-is-now-artisjet\/","name":"Brotherjet is now Artisjet | Artisjet Europe","isPartOf":{"@id":"https:\/\/artisjet-printers.eu\/#website"},"datePublished":"2018-04-06T13:10:15+00:00","dateModified":"2018-04-09T10:41:49+00:00","description":"","breadcrumb":{"@id":"https:\/\/artisjet-printers.eu\/de\/brotherjet-is-now-artisjet\/#breadcrumb"},"inLanguage":"en-US","potentialAction":[{"@type":"ReadAction","target":["https:\/\/artisjet-printers.eu\/de\/brotherjet-is-now-artisjet\/"]}]},{"@type":"BreadcrumbList","@id":"https:\/\/artisjet-printers.eu\/de\/brotherjet-is-now-artisjet\/#breadcrumb","itemListElement":[{"@type":"ListItem","position":1,"name":"Home","item":"https:\/\/artisjet-printers.eu\/"},{"@type":"ListItem","position":2,"name":"Fr\u00fcher Brotherjet, heute Artisjet!"}]},{"@type":"WebSite","@id":"https:\/\/artisjet-printers.eu\/#website","url":"https:\/\/artisjet-printers.eu\/","name":"Artisjet Europe","description":"Official distributor in Europe","publisher":{"@id":"https:\/\/artisjet-printers.eu\/#organization"},"potentialAction":[{"@type":"SearchAction","target":{"@type":"EntryPoint","urlTemplate":"https:\/\/artisjet-printers.eu\/?s={search_term_string}"},"query-input":"required name=search_term_string"}],"inLanguage":"en-US"},{"@type":"Organization","@id":"https:\/\/artisjet-printers.eu\/#organization","name":"ArtisJet","url":"https:\/\/artisjet-printers.eu\/","logo":{"@type":"ImageObject","inLanguage":"en-US","@id":"https:\/\/artisjet-printers.eu\/#\/schema\/logo\/image\/","url":"https:\/\/artisjet-printers.eu\/wp-content\/uploads\/2017\/12\/logoartisjet.jpg","contentUrl":"https:\/\/artisjet-printers.eu\/wp-content\/uploads\/2017\/12\/logoartisjet.jpg","width":217,"height":80,"caption":"ArtisJet"},"image":{"@id":"https:\/\/artisjet-printers.eu\/#\/schema\/logo\/image\/"}}]}},"_links":{"self":[{"href":"https:\/\/artisjet-printers.eu\/en\/wp-json\/wp\/v2\/pages\/839","targetHints":{"allow":["GET"]}}],"collection":[{"href":"https:\/\/artisjet-printers.eu\/en\/wp-json\/wp\/v2\/pages"}],"about":[{"href":"https:\/\/artisjet-printers.eu\/en\/wp-json\/wp\/v2\/types\/page"}],"author":[{"embeddable":true,"href":"https:\/\/artisjet-printers.eu\/en\/wp-json\/wp\/v2\/users\/1"}],"replies":[{"embeddable":true,"href":"https:\/\/artisjet-printers.eu\/en\/wp-json\/wp\/v2\/comments?post=839"}],"version-history":[{"count":8,"href":"https:\/\/artisjet-printers.eu\/en\/wp-json\/wp\/v2\/pages\/839\/revisions"}],"predecessor-version":[{"id":942,"href":"https:\/\/artisjet-printers.eu\/en\/wp-json\/wp\/v2\/pages\/839\/revisions\/942"}],"wp:attachment":[{"href":"https:\/\/artisjet-printers.eu\/en\/wp-json\/wp\/v2\/media?parent=839"}],"curies":[{"name":"wp","href":"https:\/\/api.w.org\/{rel}","templated":true}]}}