{"id":9185,"date":"2026-04-21T12:39:17","date_gmt":"2026-04-21T10:39:17","guid":{"rendered":"https:\/\/artisjet-printers.eu\/?post_type=product&#038;p=9185"},"modified":"2026-04-21T12:52:15","modified_gmt":"2026-04-21T10:52:15","slug":"uv-led-cartrdiges-220-ml-proud","status":"publish","type":"product","link":"https:\/\/artisjet-printers.eu\/de\/shop\/uv-led-cartrdiges-220-ml-proud\/","title":{"rendered":"UV-LED-Kartuschen 220 ml &#8211; artis Proud"},"content":{"rendered":"<p data-start=\"4986\" data-end=\"5325\">Die <strong data-start=\"4990\" data-end=\"5027\">artisJet DTSAT3 UV-LED-Kartuschen<\/strong> mit <strong data-start=\"5032\" data-end=\"5042\">220 ml<\/strong> sind speziell f\u00fcr den <strong data-start=\"5065\" data-end=\"5091\">Direktdruck auf Karten<\/strong> mit dem <strong data-start=\"5100\" data-end=\"5132\">artisJet Proud Kartendrucker<\/strong> konzipiert. Ihre Formulierung sorgt f\u00fcr einen gleichm\u00e4\u00dfigen Auftrag, einen stabilen Fluss und eine wirksame Haftung, sodass scharfe Drucke, kr\u00e4ftige Farben und saubere Verl\u00e4ufe erzielt werden.<\/p>\n<p data-start=\"5327\" data-end=\"5722\">Neben ihrer Druckqualit\u00e4t zeichnen sie sich durch ihre Langlebigkeit aus. Diese Tinten bieten eine gute Best\u00e4ndigkeit gegen Kratzer und Alkohol und sind damit eine geeignete Option f\u00fcr Arbeiten, bei denen Stabilit\u00e4t und Widerstandsf\u00e4higkeit im Endfinish erforderlich sind. Die <strong data-start=\"5604\" data-end=\"5614\">UV-LED<\/strong>-Technologie erm\u00f6glicht eine schnelle Aush\u00e4rtung und ein konstantes Ergebnis in professionellen Anwendungen.<\/p>\n<p data-start=\"5724\" data-end=\"5827\">Die Produktreihe im Format <strong data-start=\"5751\" data-end=\"5761\">220 ml<\/strong> ist in den Farben <strong data-start=\"5780\" data-end=\"5815\">Cyan, Magenta, Yellow und Black<\/strong> erh\u00e4ltlich.<\/p>\n<h3 data-section-id=\"1pv5j1d\" data-start=\"5829\" data-end=\"5848\">Spezifikationen<\/h3>\n<ul data-start=\"5850\" data-end=\"6276\">\n<li data-section-id=\"a2xsad\" data-start=\"5850\" data-end=\"5897\"><strong data-start=\"5852\" data-end=\"5867\">Produkttyp:<\/strong> UV-LED-DTSAT3-Tintenpatrone<\/li>\n<li data-section-id=\"ze0o6n\" data-start=\"5898\" data-end=\"5923\"><strong data-start=\"5900\" data-end=\"5914\">Kapazit\u00e4t:<\/strong> 220 ml<\/li>\n<li data-section-id=\"16bhc4c\" data-start=\"5924\" data-end=\"5980\"><strong data-start=\"5926\" data-end=\"5945\">Kompatibilit\u00e4t:<\/strong> <strong data-start=\"5946\" data-end=\"5978\">artisJet Proud Kartendrucker<\/strong><\/li>\n<li data-section-id=\"rmkot6\" data-start=\"5981\" data-end=\"6039\"><strong data-start=\"5983\" data-end=\"6005\">Verf\u00fcgbare Farben:<\/strong> Cyan, Magenta, Yellow und Black<\/li>\n<li data-section-id=\"109h9s2\" data-start=\"6040\" data-end=\"6081\"><strong data-start=\"6042\" data-end=\"6056\">Anwendung:<\/strong> Direktdruck auf Karten<\/li>\n<li data-section-id=\"1myefwj\" data-start=\"6082\" data-end=\"6187\"><strong data-start=\"6084\" data-end=\"6107\">Haupteigenschaften:<\/strong> hoher Fluss, gute Haftung, definierte Farben, Kratz- und Alkoholbest\u00e4ndigkeit<\/li>\n<li data-section-id=\"1vrs0zx\" data-start=\"6188\" data-end=\"6226\"><strong data-start=\"6190\" data-end=\"6217\">Aush\u00e4rtungstechnologie:<\/strong> UV LED<\/li>\n<li data-section-id=\"143t3v4\" data-start=\"6227\" data-end=\"6276\"><strong data-start=\"6229\" data-end=\"6261\">Betriebsumgebungstemperatur:<\/strong> 20 bis 30 \u00baC<\/li>\n<\/ul>\n","protected":false},"excerpt":{"rendered":"<p data-start=\"4304\" data-end=\"4654\"><strong data-start=\"4304\" data-end=\"4356\">artisJet DTSAT3 UV-LED-Tintenpatronen mit 220 ml<\/strong>, speziell entwickelt f\u00fcr den <strong data-start=\"4386\" data-end=\"4418\">artisJet Proud Kartendrucker<\/strong>. Sie bieten intensive Farben, einen stabilen Fluss, hervorragende Haftung auf verschiedenen Materialien sowie eine hohe Best\u00e4ndigkeit gegen Kratzer und Alkohol und sorgen damit f\u00fcr zuverl\u00e4ssige Leistung beim <strong data-start=\"4627\" data-end=\"4653\">Direktdruck auf Karten<\/strong>.<\/p>\n<p data-start=\"4656\" data-end=\"4708\"><strong data-start=\"4656\" data-end=\"4675\">Kompatibilit\u00e4t:<\/strong> <strong data-start=\"4676\" data-end=\"4708\">artisJet Proud Kartendrucker<\/strong><\/p>\n<ul data-start=\"4710\" data-end=\"4924\">\n<li data-section-id=\"ydt4qm\" data-start=\"4710\" data-end=\"4743\">Kr\u00e4ftige und intensive Farben<\/li>\n<li data-section-id=\"19omww3\" data-start=\"4744\" data-end=\"4767\">Sofortige Trocknung<\/li>\n<li data-section-id=\"1a059xh\" data-start=\"4768\" data-end=\"4793\">Hervorragende Haftung<\/li>\n<li data-section-id=\"7twmbu\" data-start=\"4794\" data-end=\"4841\">Hohe Widerstandsf\u00e4higkeit und Langlebigkeit<\/li>\n<li data-section-id=\"yr9i2c\" data-start=\"4842\" data-end=\"4903\">Neu formuliert f\u00fcr eine einfachere Wartung des Druckkopfs<\/li>\n<li data-section-id=\"8z5emy\" data-start=\"4904\" data-end=\"4924\">Umweltfreundlich<\/li>\n<\/ul>\n<p data-start=\"4926\" data-end=\"4960\"><strong data-start=\"4926\" data-end=\"4960\">Ungef\u00e4hre Lieferzeit: 3 Wochen<\/strong><\/p>\n","protected":false},"featured_media":9192,"template":"","meta":{"ngg_post_thumbnail":0},"product_brand":[],"product_cat":[5],"product_tag":[],"class_list":{"0":"post-9185","1":"product","2":"type-product","3":"status-publish","4":"has-post-thumbnail","6":"product_cat-artisjet-inks","7":"pa_color-black","8":"pa_color-cyan","9":"pa_color-magenta","10":"pa_color-varnish","11":"pa_color-white","12":"pa_color-yellow","14":"first","15":"instock","16":"taxable","17":"shipping-taxable","18":"purchasable","19":"product-type-variable"},"translation":{"provider":"WPGlobus","version":"2.12.2","language":"de","enabled_languages":["fr","de","pt","en"],"languages":{"fr":{"title":true,"content":true,"excerpt":true},"de":{"title":true,"content":true,"excerpt":true},"pt":{"title":true,"content":true,"excerpt":true},"en":{"title":true,"content":true,"excerpt":true}}},"yoast_head":"<!-- This site is optimized with the Yoast SEO plugin v22.0 - https:\/\/yoast.com\/wordpress\/plugins\/seo\/ -->\n<title>UV-LED-Kartuschen 220 ml - artis Proud | Artisjet Europe<\/title>\n<meta name=\"robots\" content=\"index, follow, max-snippet:-1, max-image-preview:large, max-video-preview:-1\" \/>\n<link rel=\"canonical\" href=\"https:\/\/artisjet-printers.eu\/gb\/shop\/uv-led-cartrdiges-220-ml-proud\/\" \/>\n<meta property=\"og:locale\" content=\"de_DE\" \/>\n<meta property=\"og:type\" content=\"article\" \/>\n<meta property=\"og:title\" content=\"UV-LED-Kartuschen 220 ml - artis Proud | Artisjet Europe\" \/>\n<meta property=\"og:url\" content=\"https:\/\/artisjet-printers.eu\/gb\/shop\/uv-led-cartrdiges-220-ml-proud\/\" \/>\n<meta property=\"og:site_name\" content=\"Artisjet Europe\" \/>\n<meta property=\"article:modified_time\" content=\"2026-04-21T10:52:15+00:00\" \/>\n<meta property=\"og:image\" content=\"https:\/\/artisjet-printers.eu\/wp-content\/uploads\/2026\/04\/cartd-proud.png\" \/>\n\t<meta property=\"og:image:width\" content=\"1531\" \/>\n\t<meta property=\"og:image:height\" content=\"1021\" \/>\n\t<meta property=\"og:image:type\" content=\"image\/png\" \/>\n<meta name=\"twitter:card\" content=\"summary_large_image\" \/>\n<meta name=\"twitter:label1\" content=\"Gesch\u00e4tzte Lesezeit\" \/>\n\t<meta name=\"twitter:data1\" content=\"1\u00a0Minute\" \/>\n<script type=\"application\/ld+json\" class=\"yoast-schema-graph\">{\"@context\":\"https:\/\/schema.org\",\"@graph\":[{\"@type\":\"WebPage\",\"@id\":\"https:\/\/artisjet-printers.eu\/gb\/shop\/uv-led-cartrdiges-220-ml-proud\/\",\"url\":\"https:\/\/artisjet-printers.eu\/gb\/shop\/uv-led-cartrdiges-220-ml-proud\/\",\"name\":\"UV-LED-Kartuschen 220 ml - artis Proud | Artisjet Europe\",\"isPartOf\":{\"@id\":\"https:\/\/artisjet-printers.eu\/#website\"},\"datePublished\":\"2026-04-21T10:39:17+00:00\",\"dateModified\":\"2026-04-21T10:52:15+00:00\",\"breadcrumb\":{\"@id\":\"https:\/\/artisjet-printers.eu\/gb\/shop\/uv-led-cartrdiges-220-ml-proud\/#breadcrumb\"},\"inLanguage\":\"de\",\"potentialAction\":[{\"@type\":\"ReadAction\",\"target\":[\"https:\/\/artisjet-printers.eu\/gb\/shop\/uv-led-cartrdiges-220-ml-proud\/\"]}]},{\"@type\":\"BreadcrumbList\",\"@id\":\"https:\/\/artisjet-printers.eu\/gb\/shop\/uv-led-cartrdiges-220-ml-proud\/#breadcrumb\",\"itemListElement\":[{\"@type\":\"ListItem\",\"position\":1,\"name\":\"Home\",\"item\":\"https:\/\/artisjet-printers.eu\/\"},{\"@type\":\"ListItem\",\"position\":2,\"name\":\"Shop\",\"item\":\"https:\/\/artisjet-printers.eu\/de\/shop\/\"},{\"@type\":\"ListItem\",\"position\":3,\"name\":\"Cartouches UV LED 220 ml &#8211; artis Proud\"}]},{\"@type\":\"WebSite\",\"@id\":\"https:\/\/artisjet-printers.eu\/#website\",\"url\":\"https:\/\/artisjet-printers.eu\/\",\"name\":\"Artisjet Europe\",\"description\":\"Official distributor in Europe\",\"publisher\":{\"@id\":\"https:\/\/artisjet-printers.eu\/#organization\"},\"potentialAction\":[{\"@type\":\"SearchAction\",\"target\":{\"@type\":\"EntryPoint\",\"urlTemplate\":\"https:\/\/artisjet-printers.eu\/?s={search_term_string}\"},\"query-input\":\"required name=search_term_string\"}],\"inLanguage\":\"de\"},{\"@type\":\"Organization\",\"@id\":\"https:\/\/artisjet-printers.eu\/#organization\",\"name\":\"ArtisJet\",\"url\":\"https:\/\/artisjet-printers.eu\/\",\"logo\":{\"@type\":\"ImageObject\",\"inLanguage\":\"de\",\"@id\":\"https:\/\/artisjet-printers.eu\/#\/schema\/logo\/image\/\",\"url\":\"https:\/\/artisjet-printers.eu\/wp-content\/uploads\/2017\/12\/logoartisjet.jpg\",\"contentUrl\":\"https:\/\/artisjet-printers.eu\/wp-content\/uploads\/2017\/12\/logoartisjet.jpg\",\"width\":217,\"height\":80,\"caption\":\"ArtisJet\"},\"image\":{\"@id\":\"https:\/\/artisjet-printers.eu\/#\/schema\/logo\/image\/\"}}]}<\/script>\n<!-- \/ Yoast SEO plugin. -->","yoast_head_json":{"title":"UV-LED-Kartuschen 220 ml - artis Proud | Artisjet Europe","robots":{"index":"index","follow":"follow","max-snippet":"max-snippet:-1","max-image-preview":"max-image-preview:large","max-video-preview":"max-video-preview:-1"},"canonical":"https:\/\/artisjet-printers.eu\/gb\/shop\/uv-led-cartrdiges-220-ml-proud\/","og_locale":"de_DE","og_type":"article","og_title":"UV-LED-Kartuschen 220 ml - artis Proud | Artisjet Europe","og_url":"https:\/\/artisjet-printers.eu\/gb\/shop\/uv-led-cartrdiges-220-ml-proud\/","og_site_name":"Artisjet Europe","article_modified_time":"2026-04-21T10:52:15+00:00","og_image":[{"width":1531,"height":1021,"url":"https:\/\/artisjet-printers.eu\/wp-content\/uploads\/2026\/04\/cartd-proud.png","type":"image\/png"}],"twitter_card":"summary_large_image","twitter_misc":{"Gesch\u00e4tzte Lesezeit":"1\u00a0Minute"},"schema":{"@context":"https:\/\/schema.org","@graph":[{"@type":"WebPage","@id":"https:\/\/artisjet-printers.eu\/gb\/shop\/uv-led-cartrdiges-220-ml-proud\/","url":"https:\/\/artisjet-printers.eu\/gb\/shop\/uv-led-cartrdiges-220-ml-proud\/","name":"UV-LED-Kartuschen 220 ml - artis Proud | Artisjet Europe","isPartOf":{"@id":"https:\/\/artisjet-printers.eu\/#website"},"datePublished":"2026-04-21T10:39:17+00:00","dateModified":"2026-04-21T10:52:15+00:00","breadcrumb":{"@id":"https:\/\/artisjet-printers.eu\/gb\/shop\/uv-led-cartrdiges-220-ml-proud\/#breadcrumb"},"inLanguage":"de","potentialAction":[{"@type":"ReadAction","target":["https:\/\/artisjet-printers.eu\/gb\/shop\/uv-led-cartrdiges-220-ml-proud\/"]}]},{"@type":"BreadcrumbList","@id":"https:\/\/artisjet-printers.eu\/gb\/shop\/uv-led-cartrdiges-220-ml-proud\/#breadcrumb","itemListElement":[{"@type":"ListItem","position":1,"name":"Home","item":"https:\/\/artisjet-printers.eu\/"},{"@type":"ListItem","position":2,"name":"Shop","item":"https:\/\/artisjet-printers.eu\/de\/shop\/"},{"@type":"ListItem","position":3,"name":"Cartouches UV LED 220 ml &#8211; artis Proud"}]},{"@type":"WebSite","@id":"https:\/\/artisjet-printers.eu\/#website","url":"https:\/\/artisjet-printers.eu\/","name":"Artisjet Europe","description":"Official distributor in Europe","publisher":{"@id":"https:\/\/artisjet-printers.eu\/#organization"},"potentialAction":[{"@type":"SearchAction","target":{"@type":"EntryPoint","urlTemplate":"https:\/\/artisjet-printers.eu\/?s={search_term_string}"},"query-input":"required name=search_term_string"}],"inLanguage":"de"},{"@type":"Organization","@id":"https:\/\/artisjet-printers.eu\/#organization","name":"ArtisJet","url":"https:\/\/artisjet-printers.eu\/","logo":{"@type":"ImageObject","inLanguage":"de","@id":"https:\/\/artisjet-printers.eu\/#\/schema\/logo\/image\/","url":"https:\/\/artisjet-printers.eu\/wp-content\/uploads\/2017\/12\/logoartisjet.jpg","contentUrl":"https:\/\/artisjet-printers.eu\/wp-content\/uploads\/2017\/12\/logoartisjet.jpg","width":217,"height":80,"caption":"ArtisJet"},"image":{"@id":"https:\/\/artisjet-printers.eu\/#\/schema\/logo\/image\/"}}]}},"_links":{"self":[{"href":"https:\/\/artisjet-printers.eu\/de\/wp-json\/wp\/v2\/product\/9185","targetHints":{"allow":["GET"]}}],"collection":[{"href":"https:\/\/artisjet-printers.eu\/de\/wp-json\/wp\/v2\/product"}],"about":[{"href":"https:\/\/artisjet-printers.eu\/de\/wp-json\/wp\/v2\/types\/product"}],"wp:featuredmedia":[{"embeddable":true,"href":"https:\/\/artisjet-printers.eu\/de\/wp-json\/wp\/v2\/media\/9192"}],"wp:attachment":[{"href":"https:\/\/artisjet-printers.eu\/de\/wp-json\/wp\/v2\/media?parent=9185"}],"wp:term":[{"taxonomy":"product_brand","embeddable":true,"href":"https:\/\/artisjet-printers.eu\/de\/wp-json\/wp\/v2\/product_brand?post=9185"},{"taxonomy":"product_cat","embeddable":true,"href":"https:\/\/artisjet-printers.eu\/de\/wp-json\/wp\/v2\/product_cat?post=9185"},{"taxonomy":"product_tag","embeddable":true,"href":"https:\/\/artisjet-printers.eu\/de\/wp-json\/wp\/v2\/product_tag?post=9185"}],"curies":[{"name":"wp","href":"https:\/\/api.w.org\/{rel}","templated":true}]}}