{"id":5149,"date":"2025-06-19T11:53:44","date_gmt":"2025-06-19T09:53:44","guid":{"rendered":"https:\/\/artisjet-printers.eu\/?post_type=product&#038;p=5149"},"modified":"2025-06-19T11:54:13","modified_gmt":"2025-06-19T09:54:13","slug":"amortisseur-de-capot-superieur-artisjet-3000pro-5000pro","status":"publish","type":"product","link":"https:\/\/artisjet-printers.eu\/de\/shop\/amortisseur-de-capot-superieur-artisjet-3000pro-5000pro\/","title":{"rendered":"D\u00e4mpfer f\u00fcr obere Abdeckung \u2013 ArtisJet 3000Pro \/ 5000Pro"},"content":{"rendered":"","protected":false},"excerpt":{"rendered":"<p data-start=\"1010\" data-end=\"1378\">Komponente zur erleichterten und sanften \u00d6ffnung und Schlie\u00dfung der oberen Abdeckung der ArtisJet 3000Pro und 5000Pro Drucker. Dieser D\u00e4mpfer verhindert pl\u00f6tzliche St\u00f6\u00dfe, sch\u00fctzt die Maschinenstruktur und erh\u00f6ht die Sicherheit bei Betrieb und Wartung. Hergestellt aus widerstandsf\u00e4higen Materialien f\u00fcr eine langlebige und zuverl\u00e4ssige Funktion.<\/p>\n","protected":false},"featured_media":5150,"template":"","meta":{"ngg_post_thumbnail":0},"product_brand":[],"product_cat":[50,51],"product_tag":[],"class_list":{"0":"post-5149","1":"product","2":"type-product","3":"status-publish","4":"has-post-thumbnail","6":"product_cat-parts-3000-pro","7":"product_cat-parts-a5000","9":"first","10":"instock","11":"taxable","12":"shipping-taxable","13":"purchasable","14":"product-type-simple"},"translation":{"provider":"WPGlobus","version":"2.12.2","language":"de","enabled_languages":["fr","de","pt","en"],"languages":{"fr":{"title":true,"content":false,"excerpt":true},"de":{"title":true,"content":false,"excerpt":true},"pt":{"title":true,"content":false,"excerpt":true},"en":{"title":true,"content":false,"excerpt":true}}},"yoast_head":"<!-- This site is optimized with the Yoast SEO plugin v22.0 - https:\/\/yoast.com\/wordpress\/plugins\/seo\/ -->\n<title>D\u00e4mpfer f\u00fcr obere Abdeckung \u2013 ArtisJet 3000Pro \/ 5000Pro | Artisjet Europe<\/title>\n<meta name=\"robots\" content=\"index, follow, max-snippet:-1, max-image-preview:large, max-video-preview:-1\" \/>\n<link rel=\"canonical\" href=\"https:\/\/artisjet-printers.eu\/shop\/amortisseur-de-capot-superieur-artisjet-3000pro-5000pro\/\" \/>\n<meta property=\"og:locale\" content=\"de_DE\" \/>\n<meta property=\"og:type\" content=\"article\" \/>\n<meta property=\"og:title\" content=\"D\u00e4mpfer f\u00fcr obere Abdeckung \u2013 ArtisJet 3000Pro \/ 5000Pro | Artisjet Europe\" \/>\n<meta property=\"og:url\" content=\"https:\/\/artisjet-printers.eu\/shop\/amortisseur-de-capot-superieur-artisjet-3000pro-5000pro\/\" \/>\n<meta property=\"og:site_name\" content=\"Artisjet Europe\" \/>\n<meta property=\"article:modified_time\" content=\"2025-06-19T09:54:13+00:00\" \/>\n<meta property=\"og:image\" content=\"https:\/\/artisjet-printers.eu\/wp-content\/uploads\/2025\/06\/amortiguador-3000-y-5000.jpeg\" \/>\n\t<meta property=\"og:image:width\" content=\"1500\" \/>\n\t<meta property=\"og:image:height\" content=\"2000\" \/>\n\t<meta property=\"og:image:type\" content=\"image\/jpeg\" \/>\n<meta name=\"twitter:card\" content=\"summary_large_image\" \/>\n<meta name=\"twitter:label1\" content=\"Gesch\u00e4tzte Lesezeit\" \/>\n\t<meta name=\"twitter:data1\" content=\"1\u00a0Minute\" \/>\n<script type=\"application\/ld+json\" class=\"yoast-schema-graph\">{\"@context\":\"https:\/\/schema.org\",\"@graph\":[{\"@type\":\"WebPage\",\"@id\":\"https:\/\/artisjet-printers.eu\/shop\/amortisseur-de-capot-superieur-artisjet-3000pro-5000pro\/\",\"url\":\"https:\/\/artisjet-printers.eu\/shop\/amortisseur-de-capot-superieur-artisjet-3000pro-5000pro\/\",\"name\":\"D\u00e4mpfer f\u00fcr obere Abdeckung \u2013 ArtisJet 3000Pro \/ 5000Pro | Artisjet Europe\",\"isPartOf\":{\"@id\":\"https:\/\/artisjet-printers.eu\/#website\"},\"datePublished\":\"2025-06-19T09:53:44+00:00\",\"dateModified\":\"2025-06-19T09:54:13+00:00\",\"breadcrumb\":{\"@id\":\"https:\/\/artisjet-printers.eu\/shop\/amortisseur-de-capot-superieur-artisjet-3000pro-5000pro\/#breadcrumb\"},\"inLanguage\":\"de\",\"potentialAction\":[{\"@type\":\"ReadAction\",\"target\":[\"https:\/\/artisjet-printers.eu\/shop\/amortisseur-de-capot-superieur-artisjet-3000pro-5000pro\/\"]}]},{\"@type\":\"BreadcrumbList\",\"@id\":\"https:\/\/artisjet-printers.eu\/shop\/amortisseur-de-capot-superieur-artisjet-3000pro-5000pro\/#breadcrumb\",\"itemListElement\":[{\"@type\":\"ListItem\",\"position\":1,\"name\":\"Home\",\"item\":\"https:\/\/artisjet-printers.eu\/\"},{\"@type\":\"ListItem\",\"position\":2,\"name\":\"Shop\",\"item\":\"https:\/\/artisjet-printers.eu\/de\/shop\/\"},{\"@type\":\"ListItem\",\"position\":3,\"name\":\"Amortisseur de capot sup\u00e9rieur \u2013 ArtisJet 3000Pro \/ 5000Pro\"}]},{\"@type\":\"WebSite\",\"@id\":\"https:\/\/artisjet-printers.eu\/#website\",\"url\":\"https:\/\/artisjet-printers.eu\/\",\"name\":\"Artisjet Europe\",\"description\":\"Official distributor in Europe\",\"publisher\":{\"@id\":\"https:\/\/artisjet-printers.eu\/#organization\"},\"potentialAction\":[{\"@type\":\"SearchAction\",\"target\":{\"@type\":\"EntryPoint\",\"urlTemplate\":\"https:\/\/artisjet-printers.eu\/?s={search_term_string}\"},\"query-input\":\"required name=search_term_string\"}],\"inLanguage\":\"de\"},{\"@type\":\"Organization\",\"@id\":\"https:\/\/artisjet-printers.eu\/#organization\",\"name\":\"ArtisJet\",\"url\":\"https:\/\/artisjet-printers.eu\/\",\"logo\":{\"@type\":\"ImageObject\",\"inLanguage\":\"de\",\"@id\":\"https:\/\/artisjet-printers.eu\/#\/schema\/logo\/image\/\",\"url\":\"https:\/\/artisjet-printers.eu\/wp-content\/uploads\/2017\/12\/logoartisjet.jpg\",\"contentUrl\":\"https:\/\/artisjet-printers.eu\/wp-content\/uploads\/2017\/12\/logoartisjet.jpg\",\"width\":217,\"height\":80,\"caption\":\"ArtisJet\"},\"image\":{\"@id\":\"https:\/\/artisjet-printers.eu\/#\/schema\/logo\/image\/\"}}]}<\/script>\n<!-- \/ Yoast SEO plugin. -->","yoast_head_json":{"title":"D\u00e4mpfer f\u00fcr obere Abdeckung \u2013 ArtisJet 3000Pro \/ 5000Pro | Artisjet Europe","robots":{"index":"index","follow":"follow","max-snippet":"max-snippet:-1","max-image-preview":"max-image-preview:large","max-video-preview":"max-video-preview:-1"},"canonical":"https:\/\/artisjet-printers.eu\/shop\/amortisseur-de-capot-superieur-artisjet-3000pro-5000pro\/","og_locale":"de_DE","og_type":"article","og_title":"D\u00e4mpfer f\u00fcr obere Abdeckung \u2013 ArtisJet 3000Pro \/ 5000Pro | Artisjet Europe","og_url":"https:\/\/artisjet-printers.eu\/shop\/amortisseur-de-capot-superieur-artisjet-3000pro-5000pro\/","og_site_name":"Artisjet Europe","article_modified_time":"2025-06-19T09:54:13+00:00","og_image":[{"width":1500,"height":2000,"url":"https:\/\/artisjet-printers.eu\/wp-content\/uploads\/2025\/06\/amortiguador-3000-y-5000.jpeg","type":"image\/jpeg"}],"twitter_card":"summary_large_image","twitter_misc":{"Gesch\u00e4tzte Lesezeit":"1\u00a0Minute"},"schema":{"@context":"https:\/\/schema.org","@graph":[{"@type":"WebPage","@id":"https:\/\/artisjet-printers.eu\/shop\/amortisseur-de-capot-superieur-artisjet-3000pro-5000pro\/","url":"https:\/\/artisjet-printers.eu\/shop\/amortisseur-de-capot-superieur-artisjet-3000pro-5000pro\/","name":"D\u00e4mpfer f\u00fcr obere Abdeckung \u2013 ArtisJet 3000Pro \/ 5000Pro | Artisjet Europe","isPartOf":{"@id":"https:\/\/artisjet-printers.eu\/#website"},"datePublished":"2025-06-19T09:53:44+00:00","dateModified":"2025-06-19T09:54:13+00:00","breadcrumb":{"@id":"https:\/\/artisjet-printers.eu\/shop\/amortisseur-de-capot-superieur-artisjet-3000pro-5000pro\/#breadcrumb"},"inLanguage":"de","potentialAction":[{"@type":"ReadAction","target":["https:\/\/artisjet-printers.eu\/shop\/amortisseur-de-capot-superieur-artisjet-3000pro-5000pro\/"]}]},{"@type":"BreadcrumbList","@id":"https:\/\/artisjet-printers.eu\/shop\/amortisseur-de-capot-superieur-artisjet-3000pro-5000pro\/#breadcrumb","itemListElement":[{"@type":"ListItem","position":1,"name":"Home","item":"https:\/\/artisjet-printers.eu\/"},{"@type":"ListItem","position":2,"name":"Shop","item":"https:\/\/artisjet-printers.eu\/de\/shop\/"},{"@type":"ListItem","position":3,"name":"Amortisseur de capot sup\u00e9rieur \u2013 ArtisJet 3000Pro \/ 5000Pro"}]},{"@type":"WebSite","@id":"https:\/\/artisjet-printers.eu\/#website","url":"https:\/\/artisjet-printers.eu\/","name":"Artisjet Europe","description":"Official distributor in Europe","publisher":{"@id":"https:\/\/artisjet-printers.eu\/#organization"},"potentialAction":[{"@type":"SearchAction","target":{"@type":"EntryPoint","urlTemplate":"https:\/\/artisjet-printers.eu\/?s={search_term_string}"},"query-input":"required name=search_term_string"}],"inLanguage":"de"},{"@type":"Organization","@id":"https:\/\/artisjet-printers.eu\/#organization","name":"ArtisJet","url":"https:\/\/artisjet-printers.eu\/","logo":{"@type":"ImageObject","inLanguage":"de","@id":"https:\/\/artisjet-printers.eu\/#\/schema\/logo\/image\/","url":"https:\/\/artisjet-printers.eu\/wp-content\/uploads\/2017\/12\/logoartisjet.jpg","contentUrl":"https:\/\/artisjet-printers.eu\/wp-content\/uploads\/2017\/12\/logoartisjet.jpg","width":217,"height":80,"caption":"ArtisJet"},"image":{"@id":"https:\/\/artisjet-printers.eu\/#\/schema\/logo\/image\/"}}]}},"_links":{"self":[{"href":"https:\/\/artisjet-printers.eu\/de\/wp-json\/wp\/v2\/product\/5149","targetHints":{"allow":["GET"]}}],"collection":[{"href":"https:\/\/artisjet-printers.eu\/de\/wp-json\/wp\/v2\/product"}],"about":[{"href":"https:\/\/artisjet-printers.eu\/de\/wp-json\/wp\/v2\/types\/product"}],"wp:featuredmedia":[{"embeddable":true,"href":"https:\/\/artisjet-printers.eu\/de\/wp-json\/wp\/v2\/media\/5150"}],"wp:attachment":[{"href":"https:\/\/artisjet-printers.eu\/de\/wp-json\/wp\/v2\/media?parent=5149"}],"wp:term":[{"taxonomy":"product_brand","embeddable":true,"href":"https:\/\/artisjet-printers.eu\/de\/wp-json\/wp\/v2\/product_brand?post=5149"},{"taxonomy":"product_cat","embeddable":true,"href":"https:\/\/artisjet-printers.eu\/de\/wp-json\/wp\/v2\/product_cat?post=5149"},{"taxonomy":"product_tag","embeddable":true,"href":"https:\/\/artisjet-printers.eu\/de\/wp-json\/wp\/v2\/product_tag?post=5149"}],"curies":[{"name":"wp","href":"https:\/\/api.w.org\/{rel}","templated":true}]}}