{"id":493,"date":"2017-11-21T11:59:23","date_gmt":"2017-11-21T11:59:23","guid":{"rendered":"http:\/\/artisjet-printers.eu\/product\/rip-software\/"},"modified":"2018-10-23T18:03:52","modified_gmt":"2018-10-23T16:03:52","slug":"rip-software","status":"publish","type":"product","link":"https:\/\/artisjet-printers.eu\/de\/shop\/rip-software\/","title":{"rendered":"WhiteRIP-Drucksoftware"},"content":{"rendered":"<p><strong>Mit der WhiteRip Software k\u00f6nnen die wei\u00dfen und farbigen Ebenen in einem einzigen Druckdurchgang mit gr\u00f6\u00dferer Pr\u00e4zision und Geschwindigkeit gedruckt werden. Selbst auf einem schlecht ausbalancierten Tisch sind die beiden Schichten perfekt ausgerichtet.<\/strong><\/p>\n<p>&#8211; Reduziert die Anzahl der Druckdurchl\u00e4ufe um die H\u00e4lfte.<\/p>\n<p>&#8211; Reduziert die Vorbereitungszeit der Tabelle zum Drucken der zweiten Ebene.<\/p>\n<p><strong>Die UV-Version erm\u00f6glicht es Ihnen, bis zu drei Schichten gleichzeitig auf jedem Material zu drucken, was die Vorteile gegen\u00fcber eines traditionellen Drucks darstellt. Auf diese Weise k\u00f6nnen beispielsweise Farbe, Wei\u00df und Farbe auf transparente Objekten gedruckt werden.<\/strong><\/p>\n","protected":false},"excerpt":{"rendered":"<p><strong>WhiteRip wurde entwickelt, um in verschiedensten Bereichen verwendet zu werden. Dabei handelt es sich haupts\u00e4chlich um:<\/strong><\/p>\n<ul>\n<li>WhiteRip Textile f\u00fcr Textildruck<\/li>\n<li>WhiteRip UV f\u00fcr Mehrzweck-Flachbettdrucker<\/li>\n<\/ul>\n<p>Das Programm arbeitet mit den meisten Grafik-, Raster- oder Vektordateiformaten, einschlie\u00dflich JPG, TIFF, BMP, PSD. Es ist mit dem 16-Bit-Rendering-Engine ausgestattet, die eine h\u00f6here Qualit\u00e4t der Details erm\u00f6glicht.<\/p>\n<p>Der integrierte Prozesscode f\u00fcr WhiteRip bietet verschiedene Halbtonalgorithmen, einschlie\u00dflich Amplituden- und Frequenzregelung.<\/p>\n<p>Das Farbmanagement basiert auf WICC-Profilen. Abgesehen von den Standardprofilen ist es m\u00f6glich neue Profile zu verwenden und zu erstellen. Diese k\u00f6nnen an die jeweiligen Bed\u00fcrfnisse angepasst weerden. Es ist auch m\u00f6glich ein Profil auf intuitive Weise zu modifizieren, wobei das chromatische Rendering der Eindr\u00fccke, die Tintengrenzen ver\u00e4ndert.<\/p>\n<p>Die Software ist in der Lage zus\u00e4tzlich zu den 4 Prozessfarben Wei\u00dfdruck zu verarbeiten. Die Generierung der wei\u00dfen Ebene ist vollst\u00e4ndig automatisiert und optimiert durch mehrere Einsatzbereiche (selektiv oder gesamt) f\u00fcr schwarzen oder farbigen Hintergrund oder f\u00fcr kreative Anwendungen. Manuelle Generierungen sind ebenfalls m\u00f6glich.&nbsp;<\/p>\n<p>&nbsp;<\/p>\n<p>&nbsp;<br \/>\n<a class=\"fasc-button fasc-size-large fasc-type-glossy fasc-rounded-medium fasc-ico-before dashicons-edit\" style=\"background-color: #247edd; color: #ffffff;\" href=\"\/de\/contact\/\">Weitere Informationen anfragen<\/a><\/p>\n<p>&nbsp;<\/p>\n","protected":false},"featured_media":494,"template":"","meta":{"ngg_post_thumbnail":0},"product_brand":[],"product_cat":[19],"product_tag":[],"class_list":{"0":"post-493","1":"product","2":"type-product","3":"status-publish","4":"has-post-thumbnail","6":"product_cat-software","8":"first","9":"instock","10":"taxable","11":"shipping-taxable","12":"product-type-simple"},"translation":{"provider":"WPGlobus","version":"2.12.2","language":"de","enabled_languages":["fr","de","pt","en"],"languages":{"fr":{"title":true,"content":true,"excerpt":true},"de":{"title":true,"content":true,"excerpt":true},"pt":{"title":true,"content":true,"excerpt":true},"en":{"title":true,"content":true,"excerpt":true}}},"yoast_head":"<!-- This site is optimized with the Yoast SEO plugin v22.0 - https:\/\/yoast.com\/wordpress\/plugins\/seo\/ -->\n<title>WhiteRIP-Drucksoftware | Artisjet Europe<\/title>\n<meta name=\"robots\" content=\"index, follow, max-snippet:-1, max-image-preview:large, max-video-preview:-1\" \/>\n<link rel=\"canonical\" href=\"https:\/\/artisjet-printers.eu\/shop\/rip-software\/\" \/>\n<meta property=\"og:locale\" content=\"de_DE\" \/>\n<meta property=\"og:type\" content=\"article\" \/>\n<meta property=\"og:title\" content=\"WhiteRIP-Drucksoftware | Artisjet Europe\" \/>\n<meta property=\"og:url\" content=\"https:\/\/artisjet-printers.eu\/shop\/rip-software\/\" \/>\n<meta property=\"og:site_name\" content=\"Artisjet Europe\" \/>\n<meta property=\"article:modified_time\" content=\"2018-10-23T16:03:52+00:00\" \/>\n<meta property=\"og:image\" content=\"https:\/\/artisjet-printers.eu\/wp-content\/uploads\/2017\/12\/sofware-white-rip.jpg\" \/>\n\t<meta property=\"og:image:width\" content=\"500\" \/>\n\t<meta property=\"og:image:height\" content=\"500\" \/>\n\t<meta property=\"og:image:type\" content=\"image\/jpeg\" \/>\n<meta name=\"twitter:card\" content=\"summary_large_image\" \/>\n<meta name=\"twitter:label1\" content=\"Gesch\u00e4tzte Lesezeit\" \/>\n\t<meta name=\"twitter:data1\" content=\"2\u00a0Minuten\" \/>\n<script type=\"application\/ld+json\" class=\"yoast-schema-graph\">{\"@context\":\"https:\/\/schema.org\",\"@graph\":[{\"@type\":\"WebPage\",\"@id\":\"https:\/\/artisjet-printers.eu\/shop\/rip-software\/\",\"url\":\"https:\/\/artisjet-printers.eu\/shop\/rip-software\/\",\"name\":\"WhiteRIP-Drucksoftware | Artisjet Europe\",\"isPartOf\":{\"@id\":\"https:\/\/artisjet-printers.eu\/#website\"},\"datePublished\":\"2017-11-21T11:59:23+00:00\",\"dateModified\":\"2018-10-23T16:03:52+00:00\",\"breadcrumb\":{\"@id\":\"https:\/\/artisjet-printers.eu\/shop\/rip-software\/#breadcrumb\"},\"inLanguage\":\"de\",\"potentialAction\":[{\"@type\":\"ReadAction\",\"target\":[\"https:\/\/artisjet-printers.eu\/shop\/rip-software\/\"]}]},{\"@type\":\"BreadcrumbList\",\"@id\":\"https:\/\/artisjet-printers.eu\/shop\/rip-software\/#breadcrumb\",\"itemListElement\":[{\"@type\":\"ListItem\",\"position\":1,\"name\":\"Home\",\"item\":\"https:\/\/artisjet-printers.eu\/\"},{\"@type\":\"ListItem\",\"position\":2,\"name\":\"Shop\",\"item\":\"https:\/\/artisjet-printers.eu\/de\/shop\/\"},{\"@type\":\"ListItem\",\"position\":3,\"name\":\"WhiteRIP LOGICIEL D\u2019IMPRESSION\"}]},{\"@type\":\"WebSite\",\"@id\":\"https:\/\/artisjet-printers.eu\/#website\",\"url\":\"https:\/\/artisjet-printers.eu\/\",\"name\":\"Artisjet Europe\",\"description\":\"Official distributor in Europe\",\"publisher\":{\"@id\":\"https:\/\/artisjet-printers.eu\/#organization\"},\"potentialAction\":[{\"@type\":\"SearchAction\",\"target\":{\"@type\":\"EntryPoint\",\"urlTemplate\":\"https:\/\/artisjet-printers.eu\/?s={search_term_string}\"},\"query-input\":\"required name=search_term_string\"}],\"inLanguage\":\"de\"},{\"@type\":\"Organization\",\"@id\":\"https:\/\/artisjet-printers.eu\/#organization\",\"name\":\"ArtisJet\",\"url\":\"https:\/\/artisjet-printers.eu\/\",\"logo\":{\"@type\":\"ImageObject\",\"inLanguage\":\"de\",\"@id\":\"https:\/\/artisjet-printers.eu\/#\/schema\/logo\/image\/\",\"url\":\"https:\/\/artisjet-printers.eu\/wp-content\/uploads\/2017\/12\/logoartisjet.jpg\",\"contentUrl\":\"https:\/\/artisjet-printers.eu\/wp-content\/uploads\/2017\/12\/logoartisjet.jpg\",\"width\":217,\"height\":80,\"caption\":\"ArtisJet\"},\"image\":{\"@id\":\"https:\/\/artisjet-printers.eu\/#\/schema\/logo\/image\/\"}}]}<\/script>\n<!-- \/ Yoast SEO plugin. -->","yoast_head_json":{"title":"WhiteRIP-Drucksoftware | Artisjet Europe","robots":{"index":"index","follow":"follow","max-snippet":"max-snippet:-1","max-image-preview":"max-image-preview:large","max-video-preview":"max-video-preview:-1"},"canonical":"https:\/\/artisjet-printers.eu\/shop\/rip-software\/","og_locale":"de_DE","og_type":"article","og_title":"WhiteRIP-Drucksoftware | Artisjet Europe","og_url":"https:\/\/artisjet-printers.eu\/shop\/rip-software\/","og_site_name":"Artisjet Europe","article_modified_time":"2018-10-23T16:03:52+00:00","og_image":[{"width":500,"height":500,"url":"https:\/\/artisjet-printers.eu\/wp-content\/uploads\/2017\/12\/sofware-white-rip.jpg","type":"image\/jpeg"}],"twitter_card":"summary_large_image","twitter_misc":{"Gesch\u00e4tzte Lesezeit":"2\u00a0Minuten"},"schema":{"@context":"https:\/\/schema.org","@graph":[{"@type":"WebPage","@id":"https:\/\/artisjet-printers.eu\/shop\/rip-software\/","url":"https:\/\/artisjet-printers.eu\/shop\/rip-software\/","name":"WhiteRIP-Drucksoftware | Artisjet Europe","isPartOf":{"@id":"https:\/\/artisjet-printers.eu\/#website"},"datePublished":"2017-11-21T11:59:23+00:00","dateModified":"2018-10-23T16:03:52+00:00","breadcrumb":{"@id":"https:\/\/artisjet-printers.eu\/shop\/rip-software\/#breadcrumb"},"inLanguage":"de","potentialAction":[{"@type":"ReadAction","target":["https:\/\/artisjet-printers.eu\/shop\/rip-software\/"]}]},{"@type":"BreadcrumbList","@id":"https:\/\/artisjet-printers.eu\/shop\/rip-software\/#breadcrumb","itemListElement":[{"@type":"ListItem","position":1,"name":"Home","item":"https:\/\/artisjet-printers.eu\/"},{"@type":"ListItem","position":2,"name":"Shop","item":"https:\/\/artisjet-printers.eu\/de\/shop\/"},{"@type":"ListItem","position":3,"name":"WhiteRIP LOGICIEL D\u2019IMPRESSION"}]},{"@type":"WebSite","@id":"https:\/\/artisjet-printers.eu\/#website","url":"https:\/\/artisjet-printers.eu\/","name":"Artisjet Europe","description":"Official distributor in Europe","publisher":{"@id":"https:\/\/artisjet-printers.eu\/#organization"},"potentialAction":[{"@type":"SearchAction","target":{"@type":"EntryPoint","urlTemplate":"https:\/\/artisjet-printers.eu\/?s={search_term_string}"},"query-input":"required name=search_term_string"}],"inLanguage":"de"},{"@type":"Organization","@id":"https:\/\/artisjet-printers.eu\/#organization","name":"ArtisJet","url":"https:\/\/artisjet-printers.eu\/","logo":{"@type":"ImageObject","inLanguage":"de","@id":"https:\/\/artisjet-printers.eu\/#\/schema\/logo\/image\/","url":"https:\/\/artisjet-printers.eu\/wp-content\/uploads\/2017\/12\/logoartisjet.jpg","contentUrl":"https:\/\/artisjet-printers.eu\/wp-content\/uploads\/2017\/12\/logoartisjet.jpg","width":217,"height":80,"caption":"ArtisJet"},"image":{"@id":"https:\/\/artisjet-printers.eu\/#\/schema\/logo\/image\/"}}]}},"_links":{"self":[{"href":"https:\/\/artisjet-printers.eu\/de\/wp-json\/wp\/v2\/product\/493","targetHints":{"allow":["GET"]}}],"collection":[{"href":"https:\/\/artisjet-printers.eu\/de\/wp-json\/wp\/v2\/product"}],"about":[{"href":"https:\/\/artisjet-printers.eu\/de\/wp-json\/wp\/v2\/types\/product"}],"wp:featuredmedia":[{"embeddable":true,"href":"https:\/\/artisjet-printers.eu\/de\/wp-json\/wp\/v2\/media\/494"}],"wp:attachment":[{"href":"https:\/\/artisjet-printers.eu\/de\/wp-json\/wp\/v2\/media?parent=493"}],"wp:term":[{"taxonomy":"product_brand","embeddable":true,"href":"https:\/\/artisjet-printers.eu\/de\/wp-json\/wp\/v2\/product_brand?post=493"},{"taxonomy":"product_cat","embeddable":true,"href":"https:\/\/artisjet-printers.eu\/de\/wp-json\/wp\/v2\/product_cat?post=493"},{"taxonomy":"product_tag","embeddable":true,"href":"https:\/\/artisjet-printers.eu\/de\/wp-json\/wp\/v2\/product_tag?post=493"}],"curies":[{"name":"wp","href":"https:\/\/api.w.org\/{rel}","templated":true}]}}