{"id":446,"date":"2017-11-21T10:38:32","date_gmt":"2017-11-21T10:38:32","guid":{"rendered":"http:\/\/artisjet-printers.eu\/product\/tintas-ecosolventes\/"},"modified":"2025-06-19T12:12:39","modified_gmt":"2025-06-19T10:12:39","slug":"ecosolvent-inks","status":"publish","type":"product","link":"https:\/\/artisjet-printers.eu\/de\/shop\/ecosolvent-inks\/","title":{"rendered":"Eco-Solvent-Tinten artisJet"},"content":{"rendered":"<h3>TINTENEIGENSCHAFTEN<\/h3>\n<p>Die pigmentierte Tinte artisJet BRP ECO wurde speziell f\u00fcr den artis 3000S entwickelt. Die BRP-Tinte wurde nach mehreren Jahren an Forschung, Pr\u00fcfung und kontinuierlichen Verbesserung eingef\u00fchrt und ihre kontinuierlich gute Leistung wird von unseren Kunden immerwieder auf ein Neues bewiesen. Die BRP-Tinte besitzt die Charakteristik scharfe und lebendige Farben zu gew\u00e4hrleisten. Das Ergebnis ist gleichm\u00e4\u00dfig und konstant. Die BRP ist eine geruchslose ECO-Pigmenttinte. BRP-Tinte tr\u00e4gt nicht zur Vermeidung der Umweltverschmutzung bei sondern ist sie ebenfalls sicher in der Anwendung. Zusammen mit dem artisJet Thermosystem bietet diese Tinte die beste Leistung in jeder Arbeitsumgebung.<\/p>\n","protected":false},"excerpt":{"rendered":"<h3>Hauptmerkmale<\/h3>\n<ul>\n<li>klare und lebendige Farben<\/li>\n<li>Hohe Kompatibilit\u00e4t f\u00fcr verschiedenste Materialien<\/li>\n<li>\u00d6kologische Tinte<\/li>\n<li>Ohne Benzol, Toluol, Xylol, Cyclohexanon<\/li>\n<li>Tinte mit umfangreicher Erfahrung auf dem Markt: Kundenzufriedenheit seit mehr als 6 Jahren<\/li>\n<\/ul>\n<p>&nbsp;<\/p>\n<h3>ANWENDUNGEN<\/h3>\n<p>Die BRP9 Tinte eignet sich f\u00fcr den Druck von einer breiten Palette von Substraten wie Kunststoff, Acryl, Holz, KT-Platte, Glas, Leder, Carbonplatten, beschichtetes Glas, Spiegel, Metall, Preise, Troph\u00e4en, Beschilderungen, Uhrenkugeln oder Indikatoren, USB &#8211; Speicher, Stifte, Golfb\u00e4lle, Handyh\u00fcllen etc.<\/p>\n<p>&nbsp;<\/p>\n<p>&nbsp;<\/p>\n<p>&nbsp; &nbsp; <a class=\"fasc-button fasc-size-large fasc-type-glossy fasc-rounded-medium fasc-ico-before dashicons-edit\" style=\"background-color: #247edd; color: #ffffff;\" href=\"\/de\/contact\/\">Weitere Informationen anfragen<\/a><\/p>\n","protected":false},"featured_media":447,"template":"","meta":{"ngg_post_thumbnail":0},"product_brand":[],"product_cat":[53],"product_tag":[],"class_list":{"0":"post-446","1":"product","2":"type-product","3":"status-publish","4":"has-post-thumbnail","6":"product_cat-uv-led-inks","7":"pa_color-black","8":"pa_color-cyan","9":"pa_color-magenta","10":"pa_color-yellow","11":"pa_size-1000-ml","12":"pa_size-500-ml","14":"first","15":"instock","16":"taxable","17":"shipping-taxable","18":"purchasable","19":"product-type-variable","20":"has-default-attributes"},"translation":{"provider":"WPGlobus","version":"2.12.2","language":"de","enabled_languages":["fr","de","pt","en"],"languages":{"fr":{"title":true,"content":true,"excerpt":true},"de":{"title":true,"content":true,"excerpt":true},"pt":{"title":true,"content":true,"excerpt":true},"en":{"title":true,"content":true,"excerpt":true}}},"yoast_head":"<!-- This site is optimized with the Yoast SEO plugin v22.0 - https:\/\/yoast.com\/wordpress\/plugins\/seo\/ -->\n<title>Eco-Solvent-Tinten artisJet | Artisjet Europe<\/title>\n<meta name=\"robots\" content=\"index, follow, max-snippet:-1, max-image-preview:large, max-video-preview:-1\" \/>\n<link rel=\"canonical\" href=\"https:\/\/artisjet-printers.eu\/gb\/shop\/ecosolvent-inks\/\" \/>\n<meta property=\"og:locale\" content=\"de_DE\" \/>\n<meta property=\"og:type\" content=\"article\" \/>\n<meta property=\"og:title\" content=\"Eco-Solvent-Tinten artisJet | Artisjet Europe\" \/>\n<meta property=\"og:url\" content=\"https:\/\/artisjet-printers.eu\/gb\/shop\/ecosolvent-inks\/\" \/>\n<meta property=\"og:site_name\" content=\"Artisjet Europe\" \/>\n<meta property=\"article:modified_time\" content=\"2025-06-19T10:12:39+00:00\" \/>\n<meta property=\"og:image\" content=\"https:\/\/artisjet-printers.eu\/wp-content\/uploads\/2017\/12\/eco-solvent-ink.jpg\" \/>\n\t<meta property=\"og:image:width\" content=\"560\" \/>\n\t<meta property=\"og:image:height\" content=\"500\" \/>\n\t<meta property=\"og:image:type\" content=\"image\/jpeg\" \/>\n<meta name=\"twitter:card\" content=\"summary_large_image\" \/>\n<meta name=\"twitter:label1\" content=\"Gesch\u00e4tzte Lesezeit\" \/>\n\t<meta name=\"twitter:data1\" content=\"2\u00a0Minuten\" \/>\n<script type=\"application\/ld+json\" class=\"yoast-schema-graph\">{\"@context\":\"https:\/\/schema.org\",\"@graph\":[{\"@type\":\"WebPage\",\"@id\":\"https:\/\/artisjet-printers.eu\/gb\/shop\/ecosolvent-inks\/\",\"url\":\"https:\/\/artisjet-printers.eu\/gb\/shop\/ecosolvent-inks\/\",\"name\":\"Eco-Solvent-Tinten artisJet | Artisjet Europe\",\"isPartOf\":{\"@id\":\"https:\/\/artisjet-printers.eu\/#website\"},\"datePublished\":\"2017-11-21T10:38:32+00:00\",\"dateModified\":\"2025-06-19T10:12:39+00:00\",\"breadcrumb\":{\"@id\":\"https:\/\/artisjet-printers.eu\/gb\/shop\/ecosolvent-inks\/#breadcrumb\"},\"inLanguage\":\"de\",\"potentialAction\":[{\"@type\":\"ReadAction\",\"target\":[\"https:\/\/artisjet-printers.eu\/gb\/shop\/ecosolvent-inks\/\"]}]},{\"@type\":\"BreadcrumbList\",\"@id\":\"https:\/\/artisjet-printers.eu\/gb\/shop\/ecosolvent-inks\/#breadcrumb\",\"itemListElement\":[{\"@type\":\"ListItem\",\"position\":1,\"name\":\"Home\",\"item\":\"https:\/\/artisjet-printers.eu\/\"},{\"@type\":\"ListItem\",\"position\":2,\"name\":\"Shop\",\"item\":\"https:\/\/artisjet-printers.eu\/de\/shop\/\"},{\"@type\":\"ListItem\",\"position\":3,\"name\":\"Encres Eco Solvantes artisJet\"}]},{\"@type\":\"WebSite\",\"@id\":\"https:\/\/artisjet-printers.eu\/#website\",\"url\":\"https:\/\/artisjet-printers.eu\/\",\"name\":\"Artisjet Europe\",\"description\":\"Official distributor in Europe\",\"publisher\":{\"@id\":\"https:\/\/artisjet-printers.eu\/#organization\"},\"potentialAction\":[{\"@type\":\"SearchAction\",\"target\":{\"@type\":\"EntryPoint\",\"urlTemplate\":\"https:\/\/artisjet-printers.eu\/?s={search_term_string}\"},\"query-input\":\"required name=search_term_string\"}],\"inLanguage\":\"de\"},{\"@type\":\"Organization\",\"@id\":\"https:\/\/artisjet-printers.eu\/#organization\",\"name\":\"ArtisJet\",\"url\":\"https:\/\/artisjet-printers.eu\/\",\"logo\":{\"@type\":\"ImageObject\",\"inLanguage\":\"de\",\"@id\":\"https:\/\/artisjet-printers.eu\/#\/schema\/logo\/image\/\",\"url\":\"https:\/\/artisjet-printers.eu\/wp-content\/uploads\/2017\/12\/logoartisjet.jpg\",\"contentUrl\":\"https:\/\/artisjet-printers.eu\/wp-content\/uploads\/2017\/12\/logoartisjet.jpg\",\"width\":217,\"height\":80,\"caption\":\"ArtisJet\"},\"image\":{\"@id\":\"https:\/\/artisjet-printers.eu\/#\/schema\/logo\/image\/\"}}]}<\/script>\n<!-- \/ Yoast SEO plugin. -->","yoast_head_json":{"title":"Eco-Solvent-Tinten artisJet | Artisjet Europe","robots":{"index":"index","follow":"follow","max-snippet":"max-snippet:-1","max-image-preview":"max-image-preview:large","max-video-preview":"max-video-preview:-1"},"canonical":"https:\/\/artisjet-printers.eu\/gb\/shop\/ecosolvent-inks\/","og_locale":"de_DE","og_type":"article","og_title":"Eco-Solvent-Tinten artisJet | Artisjet Europe","og_url":"https:\/\/artisjet-printers.eu\/gb\/shop\/ecosolvent-inks\/","og_site_name":"Artisjet Europe","article_modified_time":"2025-06-19T10:12:39+00:00","og_image":[{"width":560,"height":500,"url":"https:\/\/artisjet-printers.eu\/wp-content\/uploads\/2017\/12\/eco-solvent-ink.jpg","type":"image\/jpeg"}],"twitter_card":"summary_large_image","twitter_misc":{"Gesch\u00e4tzte Lesezeit":"2\u00a0Minuten"},"schema":{"@context":"https:\/\/schema.org","@graph":[{"@type":"WebPage","@id":"https:\/\/artisjet-printers.eu\/gb\/shop\/ecosolvent-inks\/","url":"https:\/\/artisjet-printers.eu\/gb\/shop\/ecosolvent-inks\/","name":"Eco-Solvent-Tinten artisJet | Artisjet Europe","isPartOf":{"@id":"https:\/\/artisjet-printers.eu\/#website"},"datePublished":"2017-11-21T10:38:32+00:00","dateModified":"2025-06-19T10:12:39+00:00","breadcrumb":{"@id":"https:\/\/artisjet-printers.eu\/gb\/shop\/ecosolvent-inks\/#breadcrumb"},"inLanguage":"de","potentialAction":[{"@type":"ReadAction","target":["https:\/\/artisjet-printers.eu\/gb\/shop\/ecosolvent-inks\/"]}]},{"@type":"BreadcrumbList","@id":"https:\/\/artisjet-printers.eu\/gb\/shop\/ecosolvent-inks\/#breadcrumb","itemListElement":[{"@type":"ListItem","position":1,"name":"Home","item":"https:\/\/artisjet-printers.eu\/"},{"@type":"ListItem","position":2,"name":"Shop","item":"https:\/\/artisjet-printers.eu\/de\/shop\/"},{"@type":"ListItem","position":3,"name":"Encres Eco Solvantes artisJet"}]},{"@type":"WebSite","@id":"https:\/\/artisjet-printers.eu\/#website","url":"https:\/\/artisjet-printers.eu\/","name":"Artisjet Europe","description":"Official distributor in Europe","publisher":{"@id":"https:\/\/artisjet-printers.eu\/#organization"},"potentialAction":[{"@type":"SearchAction","target":{"@type":"EntryPoint","urlTemplate":"https:\/\/artisjet-printers.eu\/?s={search_term_string}"},"query-input":"required name=search_term_string"}],"inLanguage":"de"},{"@type":"Organization","@id":"https:\/\/artisjet-printers.eu\/#organization","name":"ArtisJet","url":"https:\/\/artisjet-printers.eu\/","logo":{"@type":"ImageObject","inLanguage":"de","@id":"https:\/\/artisjet-printers.eu\/#\/schema\/logo\/image\/","url":"https:\/\/artisjet-printers.eu\/wp-content\/uploads\/2017\/12\/logoartisjet.jpg","contentUrl":"https:\/\/artisjet-printers.eu\/wp-content\/uploads\/2017\/12\/logoartisjet.jpg","width":217,"height":80,"caption":"ArtisJet"},"image":{"@id":"https:\/\/artisjet-printers.eu\/#\/schema\/logo\/image\/"}}]}},"_links":{"self":[{"href":"https:\/\/artisjet-printers.eu\/de\/wp-json\/wp\/v2\/product\/446","targetHints":{"allow":["GET"]}}],"collection":[{"href":"https:\/\/artisjet-printers.eu\/de\/wp-json\/wp\/v2\/product"}],"about":[{"href":"https:\/\/artisjet-printers.eu\/de\/wp-json\/wp\/v2\/types\/product"}],"wp:featuredmedia":[{"embeddable":true,"href":"https:\/\/artisjet-printers.eu\/de\/wp-json\/wp\/v2\/media\/447"}],"wp:attachment":[{"href":"https:\/\/artisjet-printers.eu\/de\/wp-json\/wp\/v2\/media?parent=446"}],"wp:term":[{"taxonomy":"product_brand","embeddable":true,"href":"https:\/\/artisjet-printers.eu\/de\/wp-json\/wp\/v2\/product_brand?post=446"},{"taxonomy":"product_cat","embeddable":true,"href":"https:\/\/artisjet-printers.eu\/de\/wp-json\/wp\/v2\/product_cat?post=446"},{"taxonomy":"product_tag","embeddable":true,"href":"https:\/\/artisjet-printers.eu\/de\/wp-json\/wp\/v2\/product_tag?post=446"}],"curies":[{"name":"wp","href":"https:\/\/api.w.org\/{rel}","templated":true}]}}