{"id":4013,"date":"2024-05-06T09:19:26","date_gmt":"2024-05-06T07:19:26","guid":{"rendered":"https:\/\/artisjet-printers.eu\/?post_type=product&#038;p=4013"},"modified":"2025-06-16T12:32:43","modified_gmt":"2025-06-16T10:32:43","slug":"artisjet-proud","status":"publish","type":"product","link":"https:\/\/artisjet-printers.eu\/de\/shop\/artisjet-proud\/","title":{"rendered":"artisJet Proud"},"content":{"rendered":"<p><strong>Vereinfachen Sie den Massenkartendruck mit artisJet Proud<\/strong><\/p>\n<p>Entdecken Sie den revolution\u00e4ren industriellen UV-ID-Kartendrucker artisJet Proud. Diese Desktop-L\u00f6sung wurde entwickelt, um Ihre Massendruckprozesse zu optimieren und Ihnen Zeit und Geld zu sparen. Mit bew\u00e4hrter Zuverl\u00e4ssigkeit und der F\u00e4higkeit, gro\u00dfe Arbeitsvolumina zu bew\u00e4ltigen, revolutioniert Proud die Ausgabe von Finanz- und Ausweiskarten.<\/p>\n<p><img loading=\"lazy\" decoding=\"async\" class=\"size-full wp-image-4014 aligncenter\" src=\"https:\/\/artisjet-printers.eu\/wp-content\/uploads\/2024\/05\/artisJet-proud-card-printer-left-side-view.jpeg\" alt=\"\" width=\"1170\" height=\"990\" srcset=\"https:\/\/artisjet-printers.eu\/wp-content\/uploads\/2024\/05\/artisJet-proud-card-printer-left-side-view.jpeg 1170w, https:\/\/artisjet-printers.eu\/wp-content\/uploads\/2024\/05\/artisJet-proud-card-printer-left-side-view-300x254.jpeg 300w, https:\/\/artisjet-printers.eu\/wp-content\/uploads\/2024\/05\/artisJet-proud-card-printer-left-side-view-1024x866.jpeg 1024w, https:\/\/artisjet-printers.eu\/wp-content\/uploads\/2024\/05\/artisJet-proud-card-printer-left-side-view-768x650.jpeg 768w, https:\/\/artisjet-printers.eu\/wp-content\/uploads\/2024\/05\/artisJet-proud-card-printer-left-side-view-600x508.jpeg 600w\" sizes=\"auto, (max-width: 1170px) 100vw, 1170px\" \/><\/p>\n<p><strong>Hauptvorteile:<\/strong><\/p>\n<ul>\n<li><strong>Profitabel: <\/strong>Sparen Sie Kosten und steigern Sie die Effizienz Ihrer Produktion.<\/li>\n<li><strong>Zuverl\u00e4ssigkeit: <\/strong>Verlassen Sie sich auf einen Hochleistungsdrucker, der Ihre anspruchsvollsten betrieblichen Anforderungen erf\u00fcllt.<\/li>\n<li><strong>Innovation: <\/strong>Erleben Sie den neuesten Stand der Technik mit Funktionen zur Optimierung Ihres Arbeitsablaufs.<\/li>\n<\/ul>\n<p><strong>St\u00e4rkung staatlicher Programme und Unternehmen<\/strong><\/p>\n<p>Der Proud-Drucker wurde entwickelt, um die spezifischen Anforderungen staatlicher Ausweisprogramme, Serviceb\u00fcros und gro\u00dfer Unternehmen zu erf\u00fcllen. Ausgestattet mit einer hochaufl\u00f6senden UV-Tintenstrahldruckmaschine und einem fortschrittlichen automatischen Kartenzuf\u00fchrungssystem bietet Proud eine breite Palette an Codierungsoptionen f\u00fcr verschiedene Anwendungen.<\/p>\n<div id='gallery-1' class='gallery galleryid-4013 gallery-columns-3 gallery-size-medium'><figure class='gallery-item'>\n\t\t\t<div class='gallery-icon landscape'>\n\t\t\t\t<a href='https:\/\/artisjet-printers.eu\/de\/?attachment_id=4015'><img loading=\"lazy\" decoding=\"async\" width=\"300\" height=\"223\" src=\"https:\/\/artisjet-printers.eu\/wp-content\/uploads\/2024\/05\/government-id-cards-300x223.jpeg\" class=\"attachment-medium size-medium\" alt=\"\" srcset=\"https:\/\/artisjet-printers.eu\/wp-content\/uploads\/2024\/05\/government-id-cards-300x223.jpeg 300w, https:\/\/artisjet-printers.eu\/wp-content\/uploads\/2024\/05\/government-id-cards.jpeg 373w\" sizes=\"auto, (max-width: 300px) 100vw, 300px\" \/><\/a>\n\t\t\t<\/div><\/figure><figure class='gallery-item'>\n\t\t\t<div class='gallery-icon landscape'>\n\t\t\t\t<a href='https:\/\/artisjet-printers.eu\/de\/?attachment_id=4016'><img loading=\"lazy\" decoding=\"async\" width=\"300\" height=\"223\" src=\"https:\/\/artisjet-printers.eu\/wp-content\/uploads\/2024\/05\/vdp-cards-printing-300x223.jpeg\" class=\"attachment-medium size-medium\" alt=\"\" srcset=\"https:\/\/artisjet-printers.eu\/wp-content\/uploads\/2024\/05\/vdp-cards-printing-300x223.jpeg 300w, https:\/\/artisjet-printers.eu\/wp-content\/uploads\/2024\/05\/vdp-cards-printing.jpeg 373w\" sizes=\"auto, (max-width: 300px) 100vw, 300px\" \/><\/a>\n\t\t\t<\/div><\/figure><figure class='gallery-item'>\n\t\t\t<div class='gallery-icon landscape'>\n\t\t\t\t<a href='https:\/\/artisjet-printers.eu\/de\/?attachment_id=4017'><img loading=\"lazy\" decoding=\"async\" width=\"300\" height=\"223\" src=\"https:\/\/artisjet-printers.eu\/wp-content\/uploads\/2024\/05\/event-registration-cards-300x223.jpeg\" class=\"attachment-medium size-medium\" alt=\"\" srcset=\"https:\/\/artisjet-printers.eu\/wp-content\/uploads\/2024\/05\/event-registration-cards-300x223.jpeg 300w, https:\/\/artisjet-printers.eu\/wp-content\/uploads\/2024\/05\/event-registration-cards.jpeg 373w\" sizes=\"auto, (max-width: 300px) 100vw, 300px\" \/><\/a>\n\t\t\t<\/div><\/figure><figure class='gallery-item'>\n\t\t\t<div class='gallery-icon landscape'>\n\t\t\t\t<a href='https:\/\/artisjet-printers.eu\/de\/?attachment_id=4018'><img loading=\"lazy\" decoding=\"async\" width=\"300\" height=\"223\" src=\"https:\/\/artisjet-printers.eu\/wp-content\/uploads\/2024\/05\/press-id-cards-300x223.jpeg\" class=\"attachment-medium size-medium\" alt=\"\" srcset=\"https:\/\/artisjet-printers.eu\/wp-content\/uploads\/2024\/05\/press-id-cards-300x223.jpeg 300w, https:\/\/artisjet-printers.eu\/wp-content\/uploads\/2024\/05\/press-id-cards.jpeg 373w\" sizes=\"auto, (max-width: 300px) 100vw, 300px\" \/><\/a>\n\t\t\t<\/div><\/figure><figure class='gallery-item'>\n\t\t\t<div class='gallery-icon landscape'>\n\t\t\t\t<a href='https:\/\/artisjet-printers.eu\/de\/?attachment_id=4019'><img loading=\"lazy\" decoding=\"async\" width=\"300\" height=\"223\" src=\"https:\/\/artisjet-printers.eu\/wp-content\/uploads\/2024\/05\/rfid-credit-bank-cards-300x223.jpeg\" class=\"attachment-medium size-medium\" alt=\"\" srcset=\"https:\/\/artisjet-printers.eu\/wp-content\/uploads\/2024\/05\/rfid-credit-bank-cards-300x223.jpeg 300w, https:\/\/artisjet-printers.eu\/wp-content\/uploads\/2024\/05\/rfid-credit-bank-cards.jpeg 373w\" sizes=\"auto, (max-width: 300px) 100vw, 300px\" \/><\/a>\n\t\t\t<\/div><\/figure><figure class='gallery-item'>\n\t\t\t<div class='gallery-icon landscape'>\n\t\t\t\t<a href='https:\/\/artisjet-printers.eu\/de\/?attachment_id=4020'><img loading=\"lazy\" decoding=\"async\" width=\"300\" height=\"223\" src=\"https:\/\/artisjet-printers.eu\/wp-content\/uploads\/2024\/05\/card-id-badges-300x223.jpeg\" class=\"attachment-medium size-medium\" alt=\"\" srcset=\"https:\/\/artisjet-printers.eu\/wp-content\/uploads\/2024\/05\/card-id-badges-300x223.jpeg 300w, https:\/\/artisjet-printers.eu\/wp-content\/uploads\/2024\/05\/card-id-badges.jpeg 373w\" sizes=\"auto, (max-width: 300px) 100vw, 300px\" \/><\/a>\n\t\t\t<\/div><\/figure>\n\t\t<\/div>\n\n<p><strong>Besondere Funktionen:<\/strong><\/p>\n<ul>\n<li><strong>Hohe Aufl\u00f6sung: <\/strong>Scharfe, detaillierte Ergebnisse, um den Anforderungen jedes Projekts gerecht zu werden.<\/li>\n<li><strong>Effiziente Automatisierung: <\/strong>Optimieren Sie Ihre Produktionsprozesse durch automatische und schnelle Beschickung.<\/li>\n<\/ul>\n<p><strong>Erleben Sie die technologische Avantgarde<\/strong><\/p>\n<p>Entdecken Sie die innovativen Funktionen von artisJet Proud. Mit der kosteng\u00fcnstigen Produktion, die durch artisInk DTSAT4-Tintenpatronen unterst\u00fctzt wird, liefert dieser Drucker \u00fcber 8.000 Drucke pro Satz und sorgt so f\u00fcr eine effiziente und wirtschaftliche t\u00e4gliche Produktion. Seine au\u00dfergew\u00f6hnliche Geschwindigkeit und Druckqualit\u00e4t erm\u00f6glichen es Ihnen, hochwertige Projekte in k\u00fcrzerer Zeit abzuschlie\u00dfen.<\/p>\n<p><img loading=\"lazy\" decoding=\"async\" class=\"size-full wp-image-4021 aligncenter\" src=\"https:\/\/artisjet-printers.eu\/wp-content\/uploads\/2024\/05\/rfid-data-code-reading-and-writing.jpeg\" alt=\"\" width=\"1170\" height=\"491\" srcset=\"https:\/\/artisjet-printers.eu\/wp-content\/uploads\/2024\/05\/rfid-data-code-reading-and-writing.jpeg 1170w, https:\/\/artisjet-printers.eu\/wp-content\/uploads\/2024\/05\/rfid-data-code-reading-and-writing-300x126.jpeg 300w, https:\/\/artisjet-printers.eu\/wp-content\/uploads\/2024\/05\/rfid-data-code-reading-and-writing-1024x430.jpeg 1024w, https:\/\/artisjet-printers.eu\/wp-content\/uploads\/2024\/05\/rfid-data-code-reading-and-writing-768x322.jpeg 768w, https:\/\/artisjet-printers.eu\/wp-content\/uploads\/2024\/05\/rfid-data-code-reading-and-writing-600x252.jpeg 600w\" sizes=\"auto, (max-width: 1170px) 100vw, 1170px\" \/><\/p>\n<p><strong>Kernpunkte:<\/strong><\/p>\n<ul>\n<li><strong>Kosteng\u00fcnstige Produktion: <\/strong>\u00dcber 8.000 Drucke pro Satz f\u00fcr langlebige Leistung.<\/li>\n<li><strong>Un\u00fcbertroffene Qualit\u00e4t: <\/strong>Ergebnisse in Fotoqualit\u00e4t, die Ihre Kunden beeindrucken werden.<\/li>\n<\/ul>\n<p><strong>Un\u00fcbertroffene Druckqualit\u00e4t<\/strong><\/p>\n<p>Mit Proud erhalten Sie eine unvergleichliche Druckqualit\u00e4t. Dank der Aufl\u00f6sung von 1440 DPI und dem fortschrittlichen Tintenstrahlsystem wird jedes Detail in lebendigen, pr\u00e4zisen Farben dargestellt. Diese fotografische Qualit\u00e4t erm\u00f6glicht es Ihnen, Karten zu erstellen, die auffallen und Professionalit\u00e4t vermitteln.<\/p>\n<p><img loading=\"lazy\" decoding=\"async\" class=\"size-full wp-image-4022 aligncenter\" src=\"https:\/\/artisjet-printers.eu\/wp-content\/uploads\/2024\/05\/id-cards-photo-quality.jpeg\" alt=\"\" width=\"1170\" height=\"570\" srcset=\"https:\/\/artisjet-printers.eu\/wp-content\/uploads\/2024\/05\/id-cards-photo-quality.jpeg 1170w, https:\/\/artisjet-printers.eu\/wp-content\/uploads\/2024\/05\/id-cards-photo-quality-300x146.jpeg 300w, https:\/\/artisjet-printers.eu\/wp-content\/uploads\/2024\/05\/id-cards-photo-quality-1024x499.jpeg 1024w, https:\/\/artisjet-printers.eu\/wp-content\/uploads\/2024\/05\/id-cards-photo-quality-768x374.jpeg 768w, https:\/\/artisjet-printers.eu\/wp-content\/uploads\/2024\/05\/id-cards-photo-quality-600x292.jpeg 600w\" sizes=\"auto, (max-width: 1170px) 100vw, 1170px\" \/><\/p>\n<p><strong>Hauptvorteile:<\/strong><\/p>\n<ul>\n<li><strong>Lebendige Farben: <\/strong>Ergebnisse, die sich durch Intensit\u00e4t und Klarheit auszeichnen.<\/li>\n<li><strong>Pr\u00e4zise Details: <\/strong>Jedes Element Ihres Designs wird mit h\u00f6chster Genauigkeit reproduziert.<\/li>\n<\/ul>\n<p><strong>Vielseitige Druckl\u00f6sungen<\/strong><\/p>\n<p>Dank seines kompakten Designs und seiner Mobilit\u00e4tsfunktionen passt Proud in jede Gesch\u00e4ftsumgebung. Von ID-Karten bis hin zu RFID-Karten bietet dieser Drucker die Flexibilit\u00e4t, verschiedene Kartentypen zu drucken, einschlie\u00dflich doppelseitiger und Vollfarbdruckoptionen.<\/p>\n<p><img loading=\"lazy\" decoding=\"async\" class=\"wp-image-4025 size-full aligncenter\" src=\"https:\/\/artisjet-printers.eu\/wp-content\/uploads\/2024\/05\/artisJet-proud-card-printer-right-side-view.jpeg\" alt=\"\" width=\"1170\" height=\"710\" srcset=\"https:\/\/artisjet-printers.eu\/wp-content\/uploads\/2024\/05\/artisJet-proud-card-printer-right-side-view.jpeg 1170w, https:\/\/artisjet-printers.eu\/wp-content\/uploads\/2024\/05\/artisJet-proud-card-printer-right-side-view-300x182.jpeg 300w, https:\/\/artisjet-printers.eu\/wp-content\/uploads\/2024\/05\/artisJet-proud-card-printer-right-side-view-1024x621.jpeg 1024w, https:\/\/artisjet-printers.eu\/wp-content\/uploads\/2024\/05\/artisJet-proud-card-printer-right-side-view-768x466.jpeg 768w, https:\/\/artisjet-printers.eu\/wp-content\/uploads\/2024\/05\/artisJet-proud-card-printer-right-side-view-600x364.jpeg 600w\" sizes=\"auto, (max-width: 1170px) 100vw, 1170px\" \/><\/p>\n<p><strong>Besondere Funktionen:<\/strong><\/p>\n<ul>\n<li><strong>Druckflexibilit\u00e4t: <\/strong>Drucken Sie verschiedene Kartentypen ohne Qualit\u00e4tseinbu\u00dfen.<\/li>\n<li><strong>Mobilit\u00e4t: <\/strong>Dank seines kompakten Designs kann es an jedem Arbeitsplatz aufgestellt werden.<\/li>\n<\/ul>\n<p><strong>Vereinfachte Bedienung<\/strong><\/p>\n<p>Erleben Sie die Einfachheit des massenindividuellen Kartendrucks mit dem Proud-Drucker. Mit seiner einfachen Plug-and-Play-Einrichtung und der intuitiven Bedienung vereinfacht Proud Druckaufgaben f\u00fcr Profis und Anf\u00e4nger gleicherma\u00dfen.<\/p>\n<p><img loading=\"lazy\" decoding=\"async\" class=\"size-full wp-image-4023 aligncenter\" src=\"https:\/\/artisjet-printers.eu\/wp-content\/uploads\/2024\/05\/artisjet-proud-card-printer-back-view-inks.jpeg\" alt=\"\" width=\"1170\" height=\"710\" srcset=\"https:\/\/artisjet-printers.eu\/wp-content\/uploads\/2024\/05\/artisjet-proud-card-printer-back-view-inks.jpeg 1170w, https:\/\/artisjet-printers.eu\/wp-content\/uploads\/2024\/05\/artisjet-proud-card-printer-back-view-inks-300x182.jpeg 300w, https:\/\/artisjet-printers.eu\/wp-content\/uploads\/2024\/05\/artisjet-proud-card-printer-back-view-inks-1024x621.jpeg 1024w, https:\/\/artisjet-printers.eu\/wp-content\/uploads\/2024\/05\/artisjet-proud-card-printer-back-view-inks-768x466.jpeg 768w, https:\/\/artisjet-printers.eu\/wp-content\/uploads\/2024\/05\/artisjet-proud-card-printer-back-view-inks-600x364.jpeg 600w\" sizes=\"auto, (max-width: 1170px) 100vw, 1170px\" \/><\/p>\n<p><strong>Hauptvorteile:<\/strong><\/p>\n<ul>\n<li><strong>Schnelle Einrichtung: <\/strong>Beginnen Sie in wenigen Minuten problemlos mit dem Drucken.<\/li>\n<li><strong>Intuitive Bedienung: <\/strong>Schlie\u00dfen Sie Ihre Projekte problemlos ab, ohne dass fortgeschrittene technische Kenntnisse erforderlich sind.<\/li>\n<\/ul>\n<p><strong>Erweiterte Funktionen f\u00fcr Ihre Anforderungen<\/strong><\/p>\n<p>Entdecken Sie die F\u00e4higkeit von Proud, auf einer Vielzahl von Kartenmaterialien, -gr\u00f6\u00dfen und -st\u00e4rken zu drucken, von PVC bis PETG. Mit Unterst\u00fctzung f\u00fcr RFID, VDP und Integrationsfunktionen bietet Proud erweiterte Funktionen f\u00fcr eine genaue Datenverarbeitung und -kodierung.<\/p>\n<p><img loading=\"lazy\" decoding=\"async\" class=\"size-full wp-image-4026 aligncenter\" src=\"https:\/\/artisjet-printers.eu\/wp-content\/uploads\/2024\/05\/card-materials-and-card-thickness.jpeg\" alt=\"\" width=\"1170\" height=\"624\" srcset=\"https:\/\/artisjet-printers.eu\/wp-content\/uploads\/2024\/05\/card-materials-and-card-thickness.jpeg 1170w, https:\/\/artisjet-printers.eu\/wp-content\/uploads\/2024\/05\/card-materials-and-card-thickness-300x160.jpeg 300w, https:\/\/artisjet-printers.eu\/wp-content\/uploads\/2024\/05\/card-materials-and-card-thickness-1024x546.jpeg 1024w, https:\/\/artisjet-printers.eu\/wp-content\/uploads\/2024\/05\/card-materials-and-card-thickness-768x410.jpeg 768w, https:\/\/artisjet-printers.eu\/wp-content\/uploads\/2024\/05\/card-materials-and-card-thickness-600x320.jpeg 600w\" sizes=\"auto, (max-width: 1170px) 100vw, 1170px\" \/><\/p>\n<p><strong>Hauptmerkmale:<\/strong><\/p>\n<ul>\n<li><strong>Drucken auf verschiedenen Materialien: <\/strong>Anpassungsf\u00e4higkeit an Ihre spezifischen Anforderungen.<\/li>\n<li><strong>Erweiterte Kompatibilit\u00e4t: <\/strong>Funktionen, die die Datenverwaltung und -verschl\u00fcsselung erleichtern.<\/li>\n<\/ul>\n","protected":false},"excerpt":{"rendered":"<p><strong>Vereinfachen Sie den Massenkartendruck mit artisJet Proud<\/strong><\/p>\n<p>Entdecken Sie den revolution\u00e4ren industriellen UV-ID-Kartendrucker artisJet Proud. Diese Desktop-L\u00f6sung wurde entwickelt, um Ihre Massendruckprozesse zu optimieren und Ihnen Zeit und Geld zu sparen. Mit bew\u00e4hrter Zuverl\u00e4ssigkeit und der F\u00e4higkeit, gro\u00dfe Arbeitsvolumina zu bew\u00e4ltigen, revolutioniert Proud die Ausgabe von Finanz- und Ausweiskarten.<\/p>\n<p><strong>Hauptvorteile:<\/strong><\/p>\n<ul>\n<li><strong>Profitabel: <\/strong>Sparen Sie Kosten und steigern Sie die Effizienz Ihrer Produktion.<\/li>\n<li><strong>Zuverl\u00e4ssigkeit: <\/strong>Verlassen Sie sich auf einen Hochleistungsdrucker, der Ihre anspruchsvollsten betrieblichen Anforderungen erf\u00fcllt.<\/li>\n<li><strong>Innovation: <\/strong>Erleben Sie den neuesten Stand der Technik mit Funktionen zur Optimierung Ihres Arbeitsablaufs.<\/li>\n<\/ul>\n<p><a class=\"fasc-button fasc-size-medium fasc-type-flat\" style=\"background-color: #33809e; color: #ffffff;\" href=\"\/de\/contact\/\">Kontakt<\/a><\/p>\n","protected":false},"featured_media":4014,"template":"","meta":{"ngg_post_thumbnail":0},"product_brand":[],"product_cat":[3],"product_tag":[],"class_list":{"0":"post-4013","1":"product","2":"type-product","3":"status-publish","4":"has-post-thumbnail","6":"product_cat-uv-led-printers","8":"first","9":"instock","10":"featured","11":"taxable","12":"shipping-taxable","13":"product-type-simple"},"translation":{"provider":"WPGlobus","version":"2.12.2","language":"de","enabled_languages":["fr","de","pt","en"],"languages":{"fr":{"title":true,"content":true,"excerpt":true},"de":{"title":true,"content":true,"excerpt":true},"pt":{"title":false,"content":false,"excerpt":false},"en":{"title":false,"content":true,"excerpt":true}}},"yoast_head":"<!-- This site is optimized with the Yoast SEO plugin v22.0 - https:\/\/yoast.com\/wordpress\/plugins\/seo\/ -->\n<title>artisJet Proud | Artisjet Europe<\/title>\n<meta name=\"robots\" content=\"index, follow, max-snippet:-1, max-image-preview:large, max-video-preview:-1\" \/>\n<link rel=\"canonical\" href=\"https:\/\/artisjet-printers.eu\/shop\/artisjet-proud\/\" \/>\n<meta property=\"og:locale\" content=\"de_DE\" \/>\n<meta property=\"og:type\" content=\"article\" \/>\n<meta property=\"og:title\" content=\"artisJet Proud | Artisjet Europe\" \/>\n<meta property=\"og:url\" content=\"https:\/\/artisjet-printers.eu\/shop\/artisjet-proud\/\" \/>\n<meta property=\"og:site_name\" content=\"Artisjet Europe\" \/>\n<meta property=\"article:modified_time\" content=\"2025-06-16T10:32:43+00:00\" \/>\n<meta property=\"og:image\" content=\"https:\/\/artisjet-printers.eu\/wp-content\/uploads\/2024\/05\/artisJet-proud-card-printer-left-side-view.jpeg\" \/>\n\t<meta property=\"og:image:width\" content=\"1170\" \/>\n\t<meta property=\"og:image:height\" content=\"990\" \/>\n\t<meta property=\"og:image:type\" content=\"image\/jpeg\" \/>\n<meta name=\"twitter:card\" content=\"summary_large_image\" \/>\n<meta name=\"twitter:label1\" content=\"Gesch\u00e4tzte Lesezeit\" \/>\n\t<meta name=\"twitter:data1\" content=\"4\u00a0Minuten\" \/>\n<script type=\"application\/ld+json\" class=\"yoast-schema-graph\">{\"@context\":\"https:\/\/schema.org\",\"@graph\":[{\"@type\":\"WebPage\",\"@id\":\"https:\/\/artisjet-printers.eu\/shop\/artisjet-proud\/\",\"url\":\"https:\/\/artisjet-printers.eu\/shop\/artisjet-proud\/\",\"name\":\"artisJet Proud | Artisjet Europe\",\"isPartOf\":{\"@id\":\"https:\/\/artisjet-printers.eu\/#website\"},\"datePublished\":\"2024-05-06T07:19:26+00:00\",\"dateModified\":\"2025-06-16T10:32:43+00:00\",\"breadcrumb\":{\"@id\":\"https:\/\/artisjet-printers.eu\/shop\/artisjet-proud\/#breadcrumb\"},\"inLanguage\":\"de\",\"potentialAction\":[{\"@type\":\"ReadAction\",\"target\":[\"https:\/\/artisjet-printers.eu\/shop\/artisjet-proud\/\"]}]},{\"@type\":\"BreadcrumbList\",\"@id\":\"https:\/\/artisjet-printers.eu\/shop\/artisjet-proud\/#breadcrumb\",\"itemListElement\":[{\"@type\":\"ListItem\",\"position\":1,\"name\":\"Home\",\"item\":\"https:\/\/artisjet-printers.eu\/\"},{\"@type\":\"ListItem\",\"position\":2,\"name\":\"Shop\",\"item\":\"https:\/\/artisjet-printers.eu\/de\/shop\/\"},{\"@type\":\"ListItem\",\"position\":3,\"name\":\"artisJet Proud\"}]},{\"@type\":\"WebSite\",\"@id\":\"https:\/\/artisjet-printers.eu\/#website\",\"url\":\"https:\/\/artisjet-printers.eu\/\",\"name\":\"Artisjet Europe\",\"description\":\"Official distributor in Europe\",\"publisher\":{\"@id\":\"https:\/\/artisjet-printers.eu\/#organization\"},\"potentialAction\":[{\"@type\":\"SearchAction\",\"target\":{\"@type\":\"EntryPoint\",\"urlTemplate\":\"https:\/\/artisjet-printers.eu\/?s={search_term_string}\"},\"query-input\":\"required name=search_term_string\"}],\"inLanguage\":\"de\"},{\"@type\":\"Organization\",\"@id\":\"https:\/\/artisjet-printers.eu\/#organization\",\"name\":\"ArtisJet\",\"url\":\"https:\/\/artisjet-printers.eu\/\",\"logo\":{\"@type\":\"ImageObject\",\"inLanguage\":\"de\",\"@id\":\"https:\/\/artisjet-printers.eu\/#\/schema\/logo\/image\/\",\"url\":\"https:\/\/artisjet-printers.eu\/wp-content\/uploads\/2017\/12\/logoartisjet.jpg\",\"contentUrl\":\"https:\/\/artisjet-printers.eu\/wp-content\/uploads\/2017\/12\/logoartisjet.jpg\",\"width\":217,\"height\":80,\"caption\":\"ArtisJet\"},\"image\":{\"@id\":\"https:\/\/artisjet-printers.eu\/#\/schema\/logo\/image\/\"}}]}<\/script>\n<!-- \/ Yoast SEO plugin. -->","yoast_head_json":{"title":"artisJet Proud | Artisjet Europe","robots":{"index":"index","follow":"follow","max-snippet":"max-snippet:-1","max-image-preview":"max-image-preview:large","max-video-preview":"max-video-preview:-1"},"canonical":"https:\/\/artisjet-printers.eu\/shop\/artisjet-proud\/","og_locale":"de_DE","og_type":"article","og_title":"artisJet Proud | Artisjet Europe","og_url":"https:\/\/artisjet-printers.eu\/shop\/artisjet-proud\/","og_site_name":"Artisjet Europe","article_modified_time":"2025-06-16T10:32:43+00:00","og_image":[{"width":1170,"height":990,"url":"https:\/\/artisjet-printers.eu\/wp-content\/uploads\/2024\/05\/artisJet-proud-card-printer-left-side-view.jpeg","type":"image\/jpeg"}],"twitter_card":"summary_large_image","twitter_misc":{"Gesch\u00e4tzte Lesezeit":"4\u00a0Minuten"},"schema":{"@context":"https:\/\/schema.org","@graph":[{"@type":"WebPage","@id":"https:\/\/artisjet-printers.eu\/shop\/artisjet-proud\/","url":"https:\/\/artisjet-printers.eu\/shop\/artisjet-proud\/","name":"artisJet Proud | Artisjet Europe","isPartOf":{"@id":"https:\/\/artisjet-printers.eu\/#website"},"datePublished":"2024-05-06T07:19:26+00:00","dateModified":"2025-06-16T10:32:43+00:00","breadcrumb":{"@id":"https:\/\/artisjet-printers.eu\/shop\/artisjet-proud\/#breadcrumb"},"inLanguage":"de","potentialAction":[{"@type":"ReadAction","target":["https:\/\/artisjet-printers.eu\/shop\/artisjet-proud\/"]}]},{"@type":"BreadcrumbList","@id":"https:\/\/artisjet-printers.eu\/shop\/artisjet-proud\/#breadcrumb","itemListElement":[{"@type":"ListItem","position":1,"name":"Home","item":"https:\/\/artisjet-printers.eu\/"},{"@type":"ListItem","position":2,"name":"Shop","item":"https:\/\/artisjet-printers.eu\/de\/shop\/"},{"@type":"ListItem","position":3,"name":"artisJet Proud"}]},{"@type":"WebSite","@id":"https:\/\/artisjet-printers.eu\/#website","url":"https:\/\/artisjet-printers.eu\/","name":"Artisjet Europe","description":"Official distributor in Europe","publisher":{"@id":"https:\/\/artisjet-printers.eu\/#organization"},"potentialAction":[{"@type":"SearchAction","target":{"@type":"EntryPoint","urlTemplate":"https:\/\/artisjet-printers.eu\/?s={search_term_string}"},"query-input":"required name=search_term_string"}],"inLanguage":"de"},{"@type":"Organization","@id":"https:\/\/artisjet-printers.eu\/#organization","name":"ArtisJet","url":"https:\/\/artisjet-printers.eu\/","logo":{"@type":"ImageObject","inLanguage":"de","@id":"https:\/\/artisjet-printers.eu\/#\/schema\/logo\/image\/","url":"https:\/\/artisjet-printers.eu\/wp-content\/uploads\/2017\/12\/logoartisjet.jpg","contentUrl":"https:\/\/artisjet-printers.eu\/wp-content\/uploads\/2017\/12\/logoartisjet.jpg","width":217,"height":80,"caption":"ArtisJet"},"image":{"@id":"https:\/\/artisjet-printers.eu\/#\/schema\/logo\/image\/"}}]}},"_links":{"self":[{"href":"https:\/\/artisjet-printers.eu\/de\/wp-json\/wp\/v2\/product\/4013","targetHints":{"allow":["GET"]}}],"collection":[{"href":"https:\/\/artisjet-printers.eu\/de\/wp-json\/wp\/v2\/product"}],"about":[{"href":"https:\/\/artisjet-printers.eu\/de\/wp-json\/wp\/v2\/types\/product"}],"wp:featuredmedia":[{"embeddable":true,"href":"https:\/\/artisjet-printers.eu\/de\/wp-json\/wp\/v2\/media\/4014"}],"wp:attachment":[{"href":"https:\/\/artisjet-printers.eu\/de\/wp-json\/wp\/v2\/media?parent=4013"}],"wp:term":[{"taxonomy":"product_brand","embeddable":true,"href":"https:\/\/artisjet-printers.eu\/de\/wp-json\/wp\/v2\/product_brand?post=4013"},{"taxonomy":"product_cat","embeddable":true,"href":"https:\/\/artisjet-printers.eu\/de\/wp-json\/wp\/v2\/product_cat?post=4013"},{"taxonomy":"product_tag","embeddable":true,"href":"https:\/\/artisjet-printers.eu\/de\/wp-json\/wp\/v2\/product_tag?post=4013"}],"curies":[{"name":"wp","href":"https:\/\/api.w.org\/{rel}","templated":true}]}}