{"id":400,"date":"2017-11-21T09:22:44","date_gmt":"2017-11-21T09:22:44","guid":{"rendered":"http:\/\/artisjet-printers.eu\/product\/tintas-textil-directa\/"},"modified":"2025-06-19T12:12:54","modified_gmt":"2025-06-19T10:12:54","slug":"dtf-ink","status":"publish","type":"product","link":"https:\/\/artisjet-printers.eu\/de\/shop\/dtf-ink\/","title":{"rendered":"Tinten DTG artisJet"},"content":{"rendered":"<h3>DAS PRINZIP DER BEDIENUNG DER TINTE<\/h3>\n<p>Die Tinten f\u00fcr Kleidungsst\u00fccke DTG-TX2 sind zu 100% ungiftig, unsch\u00e4dlich und \u00f6kologisch. Sie sind zu 100% biologisch abbaubar auf Wasserbasis. Die DTG-TX2 Tinte bietet hohe Elastizit\u00e4t und Festigkeit in einer ausgezeichneten Farbe. Sie k\u00f6nnen auf verschiedene Arten von Stoff drucken. Es wird sowohl f\u00fcr helle als auch f\u00fcr dunkle Stoffe verwendet und produziert au\u00dfergew\u00f6hnliche Qualit\u00e4t bei niedrigsten Druckkosten. Artisjet bietet langlebige und einfach zu bedienende wei\u00dfe DTG-Tinte, die f\u00fcr ein hohes Ma\u00df an Detailgenauigkeit, Vitalit\u00e4t und Konsistenz sorgt. Die wei\u00dfe Tinte soll die Lebensdauer des Druckkopfes so wenig wie m\u00f6glich beeintr\u00e4chtigen.<\/p>\n<p>&nbsp;<\/p>\n<h3>Kompatibilit\u00e4t<\/h3>\n<p>Die artisJet DTG Textilfarben sind perfekt kompatibel mit den artis 3000T, artis 3060T, artis 5000T DTG Druckern und Druckern, die hochwertige Epson Druckk\u00f6pfe verwenden.<\/p>\n","protected":false},"excerpt":{"rendered":"<h3>Hauptmerkmale<\/h3>\n<ul>\n<li>Hohe Farbdichte<\/li>\n<li>Schnelles Trocknen<\/li>\n<li>Ausgezeichnete Haftung auf vielen Arten von Gewebe<\/li>\n<li>Frei von toxischen Substanzen<\/li>\n<li>\u00dcberragende Waschbest\u00e4ndigkeit<\/li>\n<li>Dupont wei\u00df<\/li>\n<\/ul>\n<p>&nbsp;<\/p>\n<h3>ANWENDUNGEN<\/h3>\n<ul>\n<li>DTG-Tinten eignen sich f\u00fcr den Druck auf einer Vielzahl von Stoffen und Stoffen wie T-Shirts, Uniformen, Jeans, Stoffen, Taschen, Babykleidung, Schuhen, M\u00fctzen, Visieren, Etiketten, Socken, Handt\u00fcchern und vielem mehr.<\/li>\n<\/ul>\n<p>&nbsp;<br \/>\n&nbsp; <a class=\"fasc-button fasc-size-large fasc-type-glossy fasc-rounded-medium fasc-ico-before dashicons-edit\" style=\"background-color: #247edd; color: #ffffff;\" href=\"\/de\/contact\/\">Haus halten<\/a><\/p>\n","protected":false},"featured_media":401,"template":"","meta":{"ngg_post_thumbnail":0},"product_brand":[],"product_cat":[53],"product_tag":[],"class_list":{"0":"post-400","1":"product","2":"type-product","3":"status-publish","4":"has-post-thumbnail","6":"product_cat-uv-led-inks","7":"pa_color-black","8":"pa_color-cyan","9":"pa_color-magenta","10":"pa_color-white","11":"pa_color-yellow","13":"first","14":"instock","15":"taxable","16":"shipping-taxable","17":"purchasable","18":"product-type-variable"},"translation":{"provider":"WPGlobus","version":"2.12.2","language":"de","enabled_languages":["fr","de","pt","en"],"languages":{"fr":{"title":true,"content":true,"excerpt":true},"de":{"title":true,"content":true,"excerpt":true},"pt":{"title":true,"content":true,"excerpt":true},"en":{"title":true,"content":true,"excerpt":true}}},"yoast_head":"<!-- This site is optimized with the Yoast SEO plugin v22.0 - https:\/\/yoast.com\/wordpress\/plugins\/seo\/ -->\n<title>Tinten DTG artisJet | Artisjet Europe<\/title>\n<meta name=\"robots\" content=\"index, follow, max-snippet:-1, max-image-preview:large, max-video-preview:-1\" \/>\n<link rel=\"canonical\" href=\"https:\/\/artisjet-printers.eu\/gb\/shop\/dtf-ink\/\" \/>\n<meta property=\"og:locale\" content=\"de_DE\" \/>\n<meta property=\"og:type\" content=\"article\" \/>\n<meta property=\"og:title\" content=\"Tinten DTG artisJet | Artisjet Europe\" \/>\n<meta property=\"og:url\" content=\"https:\/\/artisjet-printers.eu\/gb\/shop\/dtf-ink\/\" \/>\n<meta property=\"og:site_name\" content=\"Artisjet Europe\" \/>\n<meta property=\"article:modified_time\" content=\"2025-06-19T10:12:54+00:00\" \/>\n<meta property=\"og:image\" content=\"https:\/\/artisjet-printers.eu\/wp-content\/uploads\/2017\/12\/ink-DTG.jpg\" \/>\n\t<meta property=\"og:image:width\" content=\"560\" \/>\n\t<meta property=\"og:image:height\" content=\"500\" \/>\n\t<meta property=\"og:image:type\" content=\"image\/jpeg\" \/>\n<meta name=\"twitter:card\" content=\"summary_large_image\" \/>\n<meta name=\"twitter:label1\" content=\"Gesch\u00e4tzte Lesezeit\" \/>\n\t<meta name=\"twitter:data1\" content=\"3\u00a0Minuten\" \/>\n<script type=\"application\/ld+json\" class=\"yoast-schema-graph\">{\"@context\":\"https:\/\/schema.org\",\"@graph\":[{\"@type\":\"WebPage\",\"@id\":\"https:\/\/artisjet-printers.eu\/gb\/shop\/dtf-ink\/\",\"url\":\"https:\/\/artisjet-printers.eu\/gb\/shop\/dtf-ink\/\",\"name\":\"Tinten DTG artisJet | Artisjet Europe\",\"isPartOf\":{\"@id\":\"https:\/\/artisjet-printers.eu\/#website\"},\"datePublished\":\"2017-11-21T09:22:44+00:00\",\"dateModified\":\"2025-06-19T10:12:54+00:00\",\"breadcrumb\":{\"@id\":\"https:\/\/artisjet-printers.eu\/gb\/shop\/dtf-ink\/#breadcrumb\"},\"inLanguage\":\"de\",\"potentialAction\":[{\"@type\":\"ReadAction\",\"target\":[\"https:\/\/artisjet-printers.eu\/gb\/shop\/dtf-ink\/\"]}]},{\"@type\":\"BreadcrumbList\",\"@id\":\"https:\/\/artisjet-printers.eu\/gb\/shop\/dtf-ink\/#breadcrumb\",\"itemListElement\":[{\"@type\":\"ListItem\",\"position\":1,\"name\":\"Home\",\"item\":\"https:\/\/artisjet-printers.eu\/\"},{\"@type\":\"ListItem\",\"position\":2,\"name\":\"Shop\",\"item\":\"https:\/\/artisjet-printers.eu\/de\/shop\/\"},{\"@type\":\"ListItem\",\"position\":3,\"name\":\"Encres DTF 30 textil\"}]},{\"@type\":\"WebSite\",\"@id\":\"https:\/\/artisjet-printers.eu\/#website\",\"url\":\"https:\/\/artisjet-printers.eu\/\",\"name\":\"Artisjet Europe\",\"description\":\"Official distributor in Europe\",\"publisher\":{\"@id\":\"https:\/\/artisjet-printers.eu\/#organization\"},\"potentialAction\":[{\"@type\":\"SearchAction\",\"target\":{\"@type\":\"EntryPoint\",\"urlTemplate\":\"https:\/\/artisjet-printers.eu\/?s={search_term_string}\"},\"query-input\":\"required name=search_term_string\"}],\"inLanguage\":\"de\"},{\"@type\":\"Organization\",\"@id\":\"https:\/\/artisjet-printers.eu\/#organization\",\"name\":\"ArtisJet\",\"url\":\"https:\/\/artisjet-printers.eu\/\",\"logo\":{\"@type\":\"ImageObject\",\"inLanguage\":\"de\",\"@id\":\"https:\/\/artisjet-printers.eu\/#\/schema\/logo\/image\/\",\"url\":\"https:\/\/artisjet-printers.eu\/wp-content\/uploads\/2017\/12\/logoartisjet.jpg\",\"contentUrl\":\"https:\/\/artisjet-printers.eu\/wp-content\/uploads\/2017\/12\/logoartisjet.jpg\",\"width\":217,\"height\":80,\"caption\":\"ArtisJet\"},\"image\":{\"@id\":\"https:\/\/artisjet-printers.eu\/#\/schema\/logo\/image\/\"}}]}<\/script>\n<!-- \/ Yoast SEO plugin. -->","yoast_head_json":{"title":"Tinten DTG artisJet | Artisjet Europe","robots":{"index":"index","follow":"follow","max-snippet":"max-snippet:-1","max-image-preview":"max-image-preview:large","max-video-preview":"max-video-preview:-1"},"canonical":"https:\/\/artisjet-printers.eu\/gb\/shop\/dtf-ink\/","og_locale":"de_DE","og_type":"article","og_title":"Tinten DTG artisJet | Artisjet Europe","og_url":"https:\/\/artisjet-printers.eu\/gb\/shop\/dtf-ink\/","og_site_name":"Artisjet Europe","article_modified_time":"2025-06-19T10:12:54+00:00","og_image":[{"width":560,"height":500,"url":"https:\/\/artisjet-printers.eu\/wp-content\/uploads\/2017\/12\/ink-DTG.jpg","type":"image\/jpeg"}],"twitter_card":"summary_large_image","twitter_misc":{"Gesch\u00e4tzte Lesezeit":"3\u00a0Minuten"},"schema":{"@context":"https:\/\/schema.org","@graph":[{"@type":"WebPage","@id":"https:\/\/artisjet-printers.eu\/gb\/shop\/dtf-ink\/","url":"https:\/\/artisjet-printers.eu\/gb\/shop\/dtf-ink\/","name":"Tinten DTG artisJet | Artisjet Europe","isPartOf":{"@id":"https:\/\/artisjet-printers.eu\/#website"},"datePublished":"2017-11-21T09:22:44+00:00","dateModified":"2025-06-19T10:12:54+00:00","breadcrumb":{"@id":"https:\/\/artisjet-printers.eu\/gb\/shop\/dtf-ink\/#breadcrumb"},"inLanguage":"de","potentialAction":[{"@type":"ReadAction","target":["https:\/\/artisjet-printers.eu\/gb\/shop\/dtf-ink\/"]}]},{"@type":"BreadcrumbList","@id":"https:\/\/artisjet-printers.eu\/gb\/shop\/dtf-ink\/#breadcrumb","itemListElement":[{"@type":"ListItem","position":1,"name":"Home","item":"https:\/\/artisjet-printers.eu\/"},{"@type":"ListItem","position":2,"name":"Shop","item":"https:\/\/artisjet-printers.eu\/de\/shop\/"},{"@type":"ListItem","position":3,"name":"Encres DTF 30 textil"}]},{"@type":"WebSite","@id":"https:\/\/artisjet-printers.eu\/#website","url":"https:\/\/artisjet-printers.eu\/","name":"Artisjet Europe","description":"Official distributor in Europe","publisher":{"@id":"https:\/\/artisjet-printers.eu\/#organization"},"potentialAction":[{"@type":"SearchAction","target":{"@type":"EntryPoint","urlTemplate":"https:\/\/artisjet-printers.eu\/?s={search_term_string}"},"query-input":"required name=search_term_string"}],"inLanguage":"de"},{"@type":"Organization","@id":"https:\/\/artisjet-printers.eu\/#organization","name":"ArtisJet","url":"https:\/\/artisjet-printers.eu\/","logo":{"@type":"ImageObject","inLanguage":"de","@id":"https:\/\/artisjet-printers.eu\/#\/schema\/logo\/image\/","url":"https:\/\/artisjet-printers.eu\/wp-content\/uploads\/2017\/12\/logoartisjet.jpg","contentUrl":"https:\/\/artisjet-printers.eu\/wp-content\/uploads\/2017\/12\/logoartisjet.jpg","width":217,"height":80,"caption":"ArtisJet"},"image":{"@id":"https:\/\/artisjet-printers.eu\/#\/schema\/logo\/image\/"}}]}},"_links":{"self":[{"href":"https:\/\/artisjet-printers.eu\/de\/wp-json\/wp\/v2\/product\/400","targetHints":{"allow":["GET"]}}],"collection":[{"href":"https:\/\/artisjet-printers.eu\/de\/wp-json\/wp\/v2\/product"}],"about":[{"href":"https:\/\/artisjet-printers.eu\/de\/wp-json\/wp\/v2\/types\/product"}],"wp:featuredmedia":[{"embeddable":true,"href":"https:\/\/artisjet-printers.eu\/de\/wp-json\/wp\/v2\/media\/401"}],"wp:attachment":[{"href":"https:\/\/artisjet-printers.eu\/de\/wp-json\/wp\/v2\/media?parent=400"}],"wp:term":[{"taxonomy":"product_brand","embeddable":true,"href":"https:\/\/artisjet-printers.eu\/de\/wp-json\/wp\/v2\/product_brand?post=400"},{"taxonomy":"product_cat","embeddable":true,"href":"https:\/\/artisjet-printers.eu\/de\/wp-json\/wp\/v2\/product_cat?post=400"},{"taxonomy":"product_tag","embeddable":true,"href":"https:\/\/artisjet-printers.eu\/de\/wp-json\/wp\/v2\/product_tag?post=400"}],"curies":[{"name":"wp","href":"https:\/\/api.w.org\/{rel}","templated":true}]}}