{"id":364,"date":"2017-11-21T07:59:24","date_gmt":"2017-11-21T07:59:24","guid":{"rendered":"http:\/\/artisjet-printers.eu\/product\/impresora-artis-5000u\/"},"modified":"2023-05-10T13:23:28","modified_gmt":"2023-05-10T11:23:28","slug":"artis-5000u-uv-led","status":"publish","type":"product","link":"https:\/\/artisjet-printers.eu\/de\/shop\/artis-5000u-uv-led\/","title":{"rendered":"Artis 5000 UV LED"},"content":{"rendered":"<p>Der Artis 5000 kann dank wei\u00dfer Tinten auf jeder Hintergrundfarbe drucken. Dies gilt f\u00fcr fast jede Materialart. Der Druck an sich ist Resistent vor Kratzern, Feuchte und Sonnenlicht. Dieser UV-Drucker eignet sich sehr gut f\u00fcr die Herstellung von personalisierten Geschenken, Werbeananzeigen, Beschilderungen, Handyh\u00fcllen usw.<\/p>\n<p>Der Artis 5000 gew\u00e4hrleistet eine hohe Fotoqualit\u00e4t, da er die Epson Druckkopf- und Drucktechnologie verwendet.<\/p>\n<p><iframe loading=\"lazy\" title=\"A5000 DL\" src=\"https:\/\/player.vimeo.com\/video\/415440141?h=43369cfff0&amp;dnt=1&amp;app_id=122963\" width=\"750\" height=\"422\" frameborder=\"0\" allow=\"autoplay; fullscreen; picture-in-picture\" allowfullscreen><\/iframe><\/p>\n<p>Es handelt sich hierbei um einen professionellen Drucker dessen Kosten weit unter der H\u00e4lfte der Konkurrenz liegen. Dies wird unter anderem durch die Verwendung von Tinten in Flaschen anstatt Patronen erm\u00f6glicht.<\/p>\n<p>Die Maschinen enthalten eine Druck-RIP-Software, die das Verwalten von Ausdrucken und Farbprofilen erm\u00f6glicht. Dar\u00fcber hinaus verf\u00fcgen wir \u00fcber eine fortgeschrittene RIP-Software um mit maximaler Aufl\u00f6sung arbeiten zu k\u00f6nnen. Au\u00dferdem besteht die M\u00f6glichkeit in einem Druckvorgang mehrere Schichten zu drucken. Dabei kann man zwischen verschiedensten Kombinationen von wei\u00dfen und farbigen Schichten w\u00e4hlen.<\/p>\n<p>Artisjet\u00a0verf\u00fcgt \u00fcber einen vor Ort existierenden technischen Service f\u00fcr Reparaturen. Des Weiteren stehen wir\u00a0Ihnen\u00a0f\u00fcr Fragen bez\u00fcglich unserer Produkte zur Verf\u00fcgung und sind stets\u00a0bem\u00fcht, effiziente L\u00f6sungen bereitzustellen.<\/p>\n<p>&nbsp;<\/p>\n<table border=\"0\" width=\"100%\" cellspacing=\"0\" cellpadding=\"0\">\n<tbody>\n<tr>\n<td valign=\"bottom\" width=\"50%\"><strong>UV Triggersystem<\/strong><\/p>\n<ul>\n<li>Der Drucker Artis 5000 arbeitet mit dem FOIF-System von artisJet und aktiviert das UV-LED Licht nur beim aussto\u00dfen von Tinte. Infolgedessen ist die Lebensdauer der LEDs und des Druckkopfes maximiert.<\/li>\n<\/ul>\n<\/td>\n<td valign=\"bottom\" width=\"50%\"><strong>UV-Kontrollsystem<\/strong><\/p>\n<ul>\n<li>Der artisJet COD wurde f\u00fcr mehr Flexibilit\u00e4t und Einfachheit entwickelt und steuert digital den Betrieb des LED-UV-Systems. Es passt sich verschiedensten Materialien und Arbeitsumgebungen an.<\/li>\n<\/ul>\n<\/td>\n<\/tr>\n<tr>\n<td valign=\"bottom\" width=\"50%\"><strong>Automatische Druckkopfh\u00f6heneinstellung<\/strong><\/p>\n<ul>\n<li>Der Atisjet ist mit Sensoren ausgestattet, welche f\u00fcr die automatische Einstellung der H\u00f6he des Druckkopfes zust\u00e4ndig sind.<\/li>\n<\/ul>\n<\/td>\n<td valign=\"bottom\" width=\"50%\"><strong>Fl\u00fcssigkeitsk\u00fchlungssteuerungssystem<\/strong><\/p>\n<ul>\n<li>Das K\u00fchlregelsystem von artisJet \u00a0wurde konzipiert um den Verschlei\u00df der UV-Lampe und des Kopfes zu reduzieren.<\/li>\n<\/ul>\n<\/td>\n<\/tr>\n<tr>\n<td valign=\"bottom\" width=\"50%\"><strong>Tintensystem in Flaschen<\/strong><\/p>\n<ul>\n<li>Im Gegensatz zu Tintenpatronen erm\u00f6glicht dieses System die Verwendung von 100% verf\u00fcgbarer Tinte. Dazu ist diese Art von Tintennutzung um einiges billiger.<\/li>\n<\/ul>\n<\/td>\n<td valign=\"bottom\" width=\"50%\"><strong>Single-Side-Ladeplattform-Design<\/strong><\/p>\n<ul>\n<li>Hierbei handelt es sich um ein einzigartiges Design, dass eine bessere Sichtbarkeit bei der Ausgabe des Drucks gew\u00e4hrleistet. Dies ist ideal f\u00fcr Arbeitspl\u00e4tze mit begrenztem Platzangebot.<\/li>\n<\/ul>\n<\/td>\n<\/tr>\n<\/tbody>\n<\/table>\n","protected":false},"excerpt":{"rendered":"<hr>\n<h6>DRUCKEN SIE GR\u00d6SSER UND SCHNELLER<\/h6>\n<ul>\n<li>Drucken in Fotoqualit\u00e4t mit Textur- und Gro\u00dfformat-Relief<\/li>\n<li>Direktdruck auf alle Arten von transparenten und dunklen Materialien<\/li>\n<li>Optimaler Druck auf starren und flexiblen Materialien<\/li>\n<li>Ideal f\u00fcr den Druck von Schildern, Verpackungen, Dekorationen (Druck auf Holz, Keramik, Glas, Kunststoff, Aluminium &#8230; usw.), Plakaten und Werbeartikeln.<\/li>\n<li>Druckbereich: 48,7 x 69 cm<\/li>\n<li>Maximale H\u00f6he des Mediums: 10 cm<\/li>\n<\/ul>\n<p>&nbsp;<\/p>\n<h6>MERKMALE<\/h6>\n<ul>\n<li>Minimale Betriebskosten zwecks Tintensystem welches Flaschen als Beh\u00e4lter verwendet<\/li>\n<li>Einzigartige Architektur der seitlichen Belastung<\/li>\n<li>Automatische Anpassung der Druckkopfh\u00f6he<\/li>\n<li>Verl\u00e4ngerte Lebensdauer des Kopfes durch FOIF-Technologie (selektives Lichtfeuern)<\/li>\n<li>Wartung und einfache Bedienung<\/li>\n<li>Fl\u00fcssigkeitsk\u00fchlungssystem<\/li>\n<li>Vielseitiger Druck mit UV-LED-Leistungseinstellung<\/li>\n<\/ul>\n<p>&nbsp;<br \/>\n&nbsp; <a class=\"fasc-button fasc-size-large fasc-type-glossy fasc-rounded-medium fasc-ico-before dashicons-edit\" style=\"background-color: #247edd; color: #ffffff;\" href=\"\/de\/contact\/\">Weitere Informationen anfragen<\/a><\/p>\n","protected":false},"featured_media":1311,"template":"","meta":{"ngg_post_thumbnail":0},"product_brand":[],"product_cat":[3],"product_tag":[],"class_list":{"0":"post-364","1":"product","2":"type-product","3":"status-publish","4":"has-post-thumbnail","6":"product_cat-uv-led-printers","8":"first","9":"instock","10":"featured","11":"taxable","12":"shipping-taxable","13":"product-type-simple"},"translation":{"provider":"WPGlobus","version":"2.12.2","language":"de","enabled_languages":["fr","de","pt","en"],"languages":{"fr":{"title":true,"content":true,"excerpt":true},"de":{"title":true,"content":true,"excerpt":true},"pt":{"title":true,"content":true,"excerpt":true},"en":{"title":true,"content":true,"excerpt":true}}},"yoast_head":"<!-- This site is optimized with the Yoast SEO plugin v22.0 - https:\/\/yoast.com\/wordpress\/plugins\/seo\/ -->\n<title>Artis 5000 UV LED | Artisjet Europe<\/title>\n<meta name=\"robots\" content=\"index, follow, max-snippet:-1, max-image-preview:large, max-video-preview:-1\" \/>\n<link rel=\"canonical\" href=\"https:\/\/artisjet-printers.eu\/de\/shop\/artis-5000u-uv-led\/\" \/>\n<meta property=\"og:locale\" content=\"de_DE\" \/>\n<meta property=\"og:type\" content=\"article\" \/>\n<meta property=\"og:title\" content=\"Artis 5000 UV LED | Artisjet Europe\" \/>\n<meta property=\"og:url\" content=\"https:\/\/artisjet-printers.eu\/de\/shop\/artis-5000u-uv-led\/\" \/>\n<meta property=\"og:site_name\" content=\"Artisjet Europe\" \/>\n<meta property=\"article:modified_time\" content=\"2023-05-10T11:23:28+00:00\" \/>\n<meta property=\"og:image\" content=\"https:\/\/artisjet-printers.eu\/wp-content\/uploads\/2017\/11\/artis5000Uimg1.jpg\" \/>\n\t<meta property=\"og:image:width\" content=\"560\" \/>\n\t<meta property=\"og:image:height\" content=\"500\" \/>\n\t<meta property=\"og:image:type\" content=\"image\/jpeg\" \/>\n<meta name=\"twitter:card\" content=\"summary_large_image\" \/>\n<meta name=\"twitter:label1\" content=\"Gesch\u00e4tzte Lesezeit\" \/>\n\t<meta name=\"twitter:data1\" content=\"7\u00a0Minuten\" \/>\n<script type=\"application\/ld+json\" class=\"yoast-schema-graph\">{\"@context\":\"https:\/\/schema.org\",\"@graph\":[{\"@type\":\"WebPage\",\"@id\":\"https:\/\/artisjet-printers.eu\/de\/shop\/artis-5000u-uv-led\/\",\"url\":\"https:\/\/artisjet-printers.eu\/de\/shop\/artis-5000u-uv-led\/\",\"name\":\"Artis 5000 UV LED | Artisjet Europe\",\"isPartOf\":{\"@id\":\"https:\/\/artisjet-printers.eu\/#website\"},\"datePublished\":\"2017-11-21T07:59:24+00:00\",\"dateModified\":\"2023-05-10T11:23:28+00:00\",\"breadcrumb\":{\"@id\":\"https:\/\/artisjet-printers.eu\/de\/shop\/artis-5000u-uv-led\/#breadcrumb\"},\"inLanguage\":\"de\",\"potentialAction\":[{\"@type\":\"ReadAction\",\"target\":[\"https:\/\/artisjet-printers.eu\/de\/shop\/artis-5000u-uv-led\/\"]}]},{\"@type\":\"BreadcrumbList\",\"@id\":\"https:\/\/artisjet-printers.eu\/de\/shop\/artis-5000u-uv-led\/#breadcrumb\",\"itemListElement\":[{\"@type\":\"ListItem\",\"position\":1,\"name\":\"Home\",\"item\":\"https:\/\/artisjet-printers.eu\/\"},{\"@type\":\"ListItem\",\"position\":2,\"name\":\"Shop\",\"item\":\"https:\/\/artisjet-printers.eu\/de\/shop\/\"},{\"@type\":\"ListItem\",\"position\":3,\"name\":\"Artis 5000 UV LED\"}]},{\"@type\":\"WebSite\",\"@id\":\"https:\/\/artisjet-printers.eu\/#website\",\"url\":\"https:\/\/artisjet-printers.eu\/\",\"name\":\"Artisjet Europe\",\"description\":\"Official distributor in Europe\",\"publisher\":{\"@id\":\"https:\/\/artisjet-printers.eu\/#organization\"},\"potentialAction\":[{\"@type\":\"SearchAction\",\"target\":{\"@type\":\"EntryPoint\",\"urlTemplate\":\"https:\/\/artisjet-printers.eu\/?s={search_term_string}\"},\"query-input\":\"required name=search_term_string\"}],\"inLanguage\":\"de\"},{\"@type\":\"Organization\",\"@id\":\"https:\/\/artisjet-printers.eu\/#organization\",\"name\":\"ArtisJet\",\"url\":\"https:\/\/artisjet-printers.eu\/\",\"logo\":{\"@type\":\"ImageObject\",\"inLanguage\":\"de\",\"@id\":\"https:\/\/artisjet-printers.eu\/#\/schema\/logo\/image\/\",\"url\":\"https:\/\/artisjet-printers.eu\/wp-content\/uploads\/2017\/12\/logoartisjet.jpg\",\"contentUrl\":\"https:\/\/artisjet-printers.eu\/wp-content\/uploads\/2017\/12\/logoartisjet.jpg\",\"width\":217,\"height\":80,\"caption\":\"ArtisJet\"},\"image\":{\"@id\":\"https:\/\/artisjet-printers.eu\/#\/schema\/logo\/image\/\"}}]}<\/script>\n<!-- \/ Yoast SEO plugin. -->","yoast_head_json":{"title":"Artis 5000 UV LED | Artisjet Europe","robots":{"index":"index","follow":"follow","max-snippet":"max-snippet:-1","max-image-preview":"max-image-preview:large","max-video-preview":"max-video-preview:-1"},"canonical":"https:\/\/artisjet-printers.eu\/de\/shop\/artis-5000u-uv-led\/","og_locale":"de_DE","og_type":"article","og_title":"Artis 5000 UV LED | Artisjet Europe","og_url":"https:\/\/artisjet-printers.eu\/de\/shop\/artis-5000u-uv-led\/","og_site_name":"Artisjet Europe","article_modified_time":"2023-05-10T11:23:28+00:00","og_image":[{"width":560,"height":500,"url":"https:\/\/artisjet-printers.eu\/wp-content\/uploads\/2017\/11\/artis5000Uimg1.jpg","type":"image\/jpeg"}],"twitter_card":"summary_large_image","twitter_misc":{"Gesch\u00e4tzte Lesezeit":"7\u00a0Minuten"},"schema":{"@context":"https:\/\/schema.org","@graph":[{"@type":"WebPage","@id":"https:\/\/artisjet-printers.eu\/de\/shop\/artis-5000u-uv-led\/","url":"https:\/\/artisjet-printers.eu\/de\/shop\/artis-5000u-uv-led\/","name":"Artis 5000 UV LED | Artisjet Europe","isPartOf":{"@id":"https:\/\/artisjet-printers.eu\/#website"},"datePublished":"2017-11-21T07:59:24+00:00","dateModified":"2023-05-10T11:23:28+00:00","breadcrumb":{"@id":"https:\/\/artisjet-printers.eu\/de\/shop\/artis-5000u-uv-led\/#breadcrumb"},"inLanguage":"de","potentialAction":[{"@type":"ReadAction","target":["https:\/\/artisjet-printers.eu\/de\/shop\/artis-5000u-uv-led\/"]}]},{"@type":"BreadcrumbList","@id":"https:\/\/artisjet-printers.eu\/de\/shop\/artis-5000u-uv-led\/#breadcrumb","itemListElement":[{"@type":"ListItem","position":1,"name":"Home","item":"https:\/\/artisjet-printers.eu\/"},{"@type":"ListItem","position":2,"name":"Shop","item":"https:\/\/artisjet-printers.eu\/de\/shop\/"},{"@type":"ListItem","position":3,"name":"Artis 5000 UV LED"}]},{"@type":"WebSite","@id":"https:\/\/artisjet-printers.eu\/#website","url":"https:\/\/artisjet-printers.eu\/","name":"Artisjet Europe","description":"Official distributor in Europe","publisher":{"@id":"https:\/\/artisjet-printers.eu\/#organization"},"potentialAction":[{"@type":"SearchAction","target":{"@type":"EntryPoint","urlTemplate":"https:\/\/artisjet-printers.eu\/?s={search_term_string}"},"query-input":"required name=search_term_string"}],"inLanguage":"de"},{"@type":"Organization","@id":"https:\/\/artisjet-printers.eu\/#organization","name":"ArtisJet","url":"https:\/\/artisjet-printers.eu\/","logo":{"@type":"ImageObject","inLanguage":"de","@id":"https:\/\/artisjet-printers.eu\/#\/schema\/logo\/image\/","url":"https:\/\/artisjet-printers.eu\/wp-content\/uploads\/2017\/12\/logoartisjet.jpg","contentUrl":"https:\/\/artisjet-printers.eu\/wp-content\/uploads\/2017\/12\/logoartisjet.jpg","width":217,"height":80,"caption":"ArtisJet"},"image":{"@id":"https:\/\/artisjet-printers.eu\/#\/schema\/logo\/image\/"}}]}},"_links":{"self":[{"href":"https:\/\/artisjet-printers.eu\/de\/wp-json\/wp\/v2\/product\/364","targetHints":{"allow":["GET"]}}],"collection":[{"href":"https:\/\/artisjet-printers.eu\/de\/wp-json\/wp\/v2\/product"}],"about":[{"href":"https:\/\/artisjet-printers.eu\/de\/wp-json\/wp\/v2\/types\/product"}],"wp:featuredmedia":[{"embeddable":true,"href":"https:\/\/artisjet-printers.eu\/de\/wp-json\/wp\/v2\/media\/1311"}],"wp:attachment":[{"href":"https:\/\/artisjet-printers.eu\/de\/wp-json\/wp\/v2\/media?parent=364"}],"wp:term":[{"taxonomy":"product_brand","embeddable":true,"href":"https:\/\/artisjet-printers.eu\/de\/wp-json\/wp\/v2\/product_brand?post=364"},{"taxonomy":"product_cat","embeddable":true,"href":"https:\/\/artisjet-printers.eu\/de\/wp-json\/wp\/v2\/product_cat?post=364"},{"taxonomy":"product_tag","embeddable":true,"href":"https:\/\/artisjet-printers.eu\/de\/wp-json\/wp\/v2\/product_tag?post=364"}],"curies":[{"name":"wp","href":"https:\/\/api.w.org\/{rel}","templated":true}]}}