{"id":2979,"date":"2023-01-11T16:58:36","date_gmt":"2023-01-11T15:58:36","guid":{"rendered":"https:\/\/artisjet-printers.eu\/?post_type=product&#038;p=2979"},"modified":"2024-08-28T13:40:42","modified_gmt":"2024-08-28T11:40:42","slug":"uv-dtf-material","status":"publish","type":"product","link":"https:\/\/artisjet-printers.eu\/de\/shop\/uv-dtf-material\/","title":{"rendered":"A4- und A3-Bl\u00e4tter und UV DTF-Filme"},"content":{"rendered":"<p>UV DTF Drucken ist eine neue Druckmethode, die Ultraviolett-H\u00e4rtetechnologie verwendet, um Designs auf Filmen zu erstellen. Diese Designs k\u00f6nnen dann durch Dr\u00fccken mit den Fingern auf harte und unregelm\u00e4\u00dfige Gegenst\u00e4nde \u00fcbertragen werden und das Film abziehen.<\/p>\n<p><iframe loading=\"lazy\" title=\"Presentaci\u00f3n de la Impresi\u00f3n UV DTF en Bomedia\" width=\"750\" height=\"422\" src=\"https:\/\/www.youtube.com\/embed\/nnjDJ5_poy4?feature=oembed\" frameborder=\"0\" allow=\"accelerometer; autoplay; clipboard-write; encrypted-media; gyroscope; picture-in-picture; web-share\" referrerpolicy=\"strict-origin-when-cross-origin\" allowfullscreen><\/iframe><\/p>\n<p>Die Designs werden auf A UV DTF Bl\u00e4ttern (A4 und A3) mit einem UV-LED-System gedruckt und anschlie\u00dfend mit Film B mithilfe einer Laminiermaschine laminiert. Schlie\u00dflich wird jedes Design auf die erforderliche Gr\u00f6\u00dfe zugeschnitten und kann auf allen Arten von Gegenst\u00e4nden durch Abziehen des Films und \u00dcbertragung des Designs durch Druck angewendet werden.<br \/>\nUV DTF Drucken ist vielseitig aufgrund der Arten von Oberfl\u00e4chen, auf denen Designs platziert werden k\u00f6nnen, wie Metall, Leder, Holz, Papier, Kunststoff, Keramik, Glas usw. es kann sog<\/p>\n","protected":false},"excerpt":{"rendered":"<p>A4 und A3 Bl\u00e4tter und UV DTF Filme f\u00fcr UV LED Drucker.<br \/>\nF\u00fcr die Verwendung dieses Produkts wird ein Laminierer ben\u00f6tigt.<\/p>\n","protected":false},"featured_media":2984,"template":"","meta":{"ngg_post_thumbnail":0},"product_brand":[],"product_cat":[46],"product_tag":[],"class_list":{"0":"post-2979","1":"product","2":"type-product","3":"status-publish","4":"has-post-thumbnail","6":"product_cat-add-on-and-spare-parts","8":"first","9":"instock","10":"taxable","11":"shipping-taxable","12":"purchasable","13":"product-type-variable"},"translation":{"provider":"WPGlobus","version":"2.12.2","language":"de","enabled_languages":["fr","de","pt","en"],"languages":{"fr":{"title":true,"content":true,"excerpt":true},"de":{"title":true,"content":true,"excerpt":true},"pt":{"title":false,"content":false,"excerpt":false},"en":{"title":true,"content":true,"excerpt":true}}},"yoast_head":"<!-- This site is optimized with the Yoast SEO plugin v22.0 - https:\/\/yoast.com\/wordpress\/plugins\/seo\/ -->\n<title>A4- und A3-Bl\u00e4tter und UV DTF-Filme | Artisjet Europe<\/title>\n<meta name=\"robots\" content=\"index, follow, max-snippet:-1, max-image-preview:large, max-video-preview:-1\" \/>\n<link rel=\"canonical\" href=\"https:\/\/artisjet-printers.eu\/shop\/uv-dtf-material\/\" \/>\n<meta property=\"og:locale\" content=\"de_DE\" \/>\n<meta property=\"og:type\" content=\"article\" \/>\n<meta property=\"og:title\" content=\"A4- und A3-Bl\u00e4tter und UV DTF-Filme | Artisjet Europe\" \/>\n<meta property=\"og:url\" content=\"https:\/\/artisjet-printers.eu\/shop\/uv-dtf-material\/\" \/>\n<meta property=\"og:site_name\" content=\"Artisjet Europe\" \/>\n<meta property=\"article:modified_time\" content=\"2024-08-28T11:40:42+00:00\" \/>\n<meta property=\"og:image\" content=\"https:\/\/artisjet-printers.eu\/wp-content\/uploads\/2023\/01\/ufdtf-films.jpeg\" \/>\n\t<meta property=\"og:image:width\" content=\"800\" \/>\n\t<meta property=\"og:image:height\" content=\"800\" \/>\n\t<meta property=\"og:image:type\" content=\"image\/jpeg\" \/>\n<meta name=\"twitter:card\" content=\"summary_large_image\" \/>\n<meta name=\"twitter:label1\" content=\"Gesch\u00e4tzte Lesezeit\" \/>\n\t<meta name=\"twitter:data1\" content=\"2\u00a0Minuten\" \/>\n<script type=\"application\/ld+json\" class=\"yoast-schema-graph\">{\"@context\":\"https:\/\/schema.org\",\"@graph\":[{\"@type\":\"WebPage\",\"@id\":\"https:\/\/artisjet-printers.eu\/shop\/uv-dtf-material\/\",\"url\":\"https:\/\/artisjet-printers.eu\/shop\/uv-dtf-material\/\",\"name\":\"A4- und A3-Bl\u00e4tter und UV DTF-Filme | Artisjet Europe\",\"isPartOf\":{\"@id\":\"https:\/\/artisjet-printers.eu\/#website\"},\"datePublished\":\"2023-01-11T15:58:36+00:00\",\"dateModified\":\"2024-08-28T11:40:42+00:00\",\"breadcrumb\":{\"@id\":\"https:\/\/artisjet-printers.eu\/shop\/uv-dtf-material\/#breadcrumb\"},\"inLanguage\":\"de\",\"potentialAction\":[{\"@type\":\"ReadAction\",\"target\":[\"https:\/\/artisjet-printers.eu\/shop\/uv-dtf-material\/\"]}]},{\"@type\":\"BreadcrumbList\",\"@id\":\"https:\/\/artisjet-printers.eu\/shop\/uv-dtf-material\/#breadcrumb\",\"itemListElement\":[{\"@type\":\"ListItem\",\"position\":1,\"name\":\"Home\",\"item\":\"https:\/\/artisjet-printers.eu\/\"},{\"@type\":\"ListItem\",\"position\":2,\"name\":\"Shop\",\"item\":\"https:\/\/artisjet-printers.eu\/de\/shop\/\"},{\"@type\":\"ListItem\",\"position\":3,\"name\":\"Feuilles (A4 et A3) et les films UV LED et textil DTF\"}]},{\"@type\":\"WebSite\",\"@id\":\"https:\/\/artisjet-printers.eu\/#website\",\"url\":\"https:\/\/artisjet-printers.eu\/\",\"name\":\"Artisjet Europe\",\"description\":\"Official distributor in Europe\",\"publisher\":{\"@id\":\"https:\/\/artisjet-printers.eu\/#organization\"},\"potentialAction\":[{\"@type\":\"SearchAction\",\"target\":{\"@type\":\"EntryPoint\",\"urlTemplate\":\"https:\/\/artisjet-printers.eu\/?s={search_term_string}\"},\"query-input\":\"required name=search_term_string\"}],\"inLanguage\":\"de\"},{\"@type\":\"Organization\",\"@id\":\"https:\/\/artisjet-printers.eu\/#organization\",\"name\":\"ArtisJet\",\"url\":\"https:\/\/artisjet-printers.eu\/\",\"logo\":{\"@type\":\"ImageObject\",\"inLanguage\":\"de\",\"@id\":\"https:\/\/artisjet-printers.eu\/#\/schema\/logo\/image\/\",\"url\":\"https:\/\/artisjet-printers.eu\/wp-content\/uploads\/2017\/12\/logoartisjet.jpg\",\"contentUrl\":\"https:\/\/artisjet-printers.eu\/wp-content\/uploads\/2017\/12\/logoartisjet.jpg\",\"width\":217,\"height\":80,\"caption\":\"ArtisJet\"},\"image\":{\"@id\":\"https:\/\/artisjet-printers.eu\/#\/schema\/logo\/image\/\"}}]}<\/script>\n<!-- \/ Yoast SEO plugin. -->","yoast_head_json":{"title":"A4- und A3-Bl\u00e4tter und UV DTF-Filme | Artisjet Europe","robots":{"index":"index","follow":"follow","max-snippet":"max-snippet:-1","max-image-preview":"max-image-preview:large","max-video-preview":"max-video-preview:-1"},"canonical":"https:\/\/artisjet-printers.eu\/shop\/uv-dtf-material\/","og_locale":"de_DE","og_type":"article","og_title":"A4- und A3-Bl\u00e4tter und UV DTF-Filme | Artisjet Europe","og_url":"https:\/\/artisjet-printers.eu\/shop\/uv-dtf-material\/","og_site_name":"Artisjet Europe","article_modified_time":"2024-08-28T11:40:42+00:00","og_image":[{"width":800,"height":800,"url":"https:\/\/artisjet-printers.eu\/wp-content\/uploads\/2023\/01\/ufdtf-films.jpeg","type":"image\/jpeg"}],"twitter_card":"summary_large_image","twitter_misc":{"Gesch\u00e4tzte Lesezeit":"2\u00a0Minuten"},"schema":{"@context":"https:\/\/schema.org","@graph":[{"@type":"WebPage","@id":"https:\/\/artisjet-printers.eu\/shop\/uv-dtf-material\/","url":"https:\/\/artisjet-printers.eu\/shop\/uv-dtf-material\/","name":"A4- und A3-Bl\u00e4tter und UV DTF-Filme | Artisjet Europe","isPartOf":{"@id":"https:\/\/artisjet-printers.eu\/#website"},"datePublished":"2023-01-11T15:58:36+00:00","dateModified":"2024-08-28T11:40:42+00:00","breadcrumb":{"@id":"https:\/\/artisjet-printers.eu\/shop\/uv-dtf-material\/#breadcrumb"},"inLanguage":"de","potentialAction":[{"@type":"ReadAction","target":["https:\/\/artisjet-printers.eu\/shop\/uv-dtf-material\/"]}]},{"@type":"BreadcrumbList","@id":"https:\/\/artisjet-printers.eu\/shop\/uv-dtf-material\/#breadcrumb","itemListElement":[{"@type":"ListItem","position":1,"name":"Home","item":"https:\/\/artisjet-printers.eu\/"},{"@type":"ListItem","position":2,"name":"Shop","item":"https:\/\/artisjet-printers.eu\/de\/shop\/"},{"@type":"ListItem","position":3,"name":"Feuilles (A4 et A3) et les films UV LED et textil DTF"}]},{"@type":"WebSite","@id":"https:\/\/artisjet-printers.eu\/#website","url":"https:\/\/artisjet-printers.eu\/","name":"Artisjet Europe","description":"Official distributor in Europe","publisher":{"@id":"https:\/\/artisjet-printers.eu\/#organization"},"potentialAction":[{"@type":"SearchAction","target":{"@type":"EntryPoint","urlTemplate":"https:\/\/artisjet-printers.eu\/?s={search_term_string}"},"query-input":"required name=search_term_string"}],"inLanguage":"de"},{"@type":"Organization","@id":"https:\/\/artisjet-printers.eu\/#organization","name":"ArtisJet","url":"https:\/\/artisjet-printers.eu\/","logo":{"@type":"ImageObject","inLanguage":"de","@id":"https:\/\/artisjet-printers.eu\/#\/schema\/logo\/image\/","url":"https:\/\/artisjet-printers.eu\/wp-content\/uploads\/2017\/12\/logoartisjet.jpg","contentUrl":"https:\/\/artisjet-printers.eu\/wp-content\/uploads\/2017\/12\/logoartisjet.jpg","width":217,"height":80,"caption":"ArtisJet"},"image":{"@id":"https:\/\/artisjet-printers.eu\/#\/schema\/logo\/image\/"}}]}},"_links":{"self":[{"href":"https:\/\/artisjet-printers.eu\/de\/wp-json\/wp\/v2\/product\/2979","targetHints":{"allow":["GET"]}}],"collection":[{"href":"https:\/\/artisjet-printers.eu\/de\/wp-json\/wp\/v2\/product"}],"about":[{"href":"https:\/\/artisjet-printers.eu\/de\/wp-json\/wp\/v2\/types\/product"}],"wp:featuredmedia":[{"embeddable":true,"href":"https:\/\/artisjet-printers.eu\/de\/wp-json\/wp\/v2\/media\/2984"}],"wp:attachment":[{"href":"https:\/\/artisjet-printers.eu\/de\/wp-json\/wp\/v2\/media?parent=2979"}],"wp:term":[{"taxonomy":"product_brand","embeddable":true,"href":"https:\/\/artisjet-printers.eu\/de\/wp-json\/wp\/v2\/product_brand?post=2979"},{"taxonomy":"product_cat","embeddable":true,"href":"https:\/\/artisjet-printers.eu\/de\/wp-json\/wp\/v2\/product_cat?post=2979"},{"taxonomy":"product_tag","embeddable":true,"href":"https:\/\/artisjet-printers.eu\/de\/wp-json\/wp\/v2\/product_tag?post=2979"}],"curies":[{"name":"wp","href":"https:\/\/api.w.org\/{rel}","templated":true}]}}