{"id":275,"date":"2017-11-15T16:53:48","date_gmt":"2017-11-15T15:53:48","guid":{"rendered":"http:\/\/artisjet-printers.eu\/product\/tintas-uv-led\/"},"modified":"2026-04-08T17:07:20","modified_gmt":"2026-04-08T15:07:20","slug":"uv-led-inks","status":"publish","type":"product","link":"https:\/\/artisjet-printers.eu\/de\/shop\/uv-led-inks\/","title":{"rendered":"UV Led Tinten UQ &#8211; DX5\/7\/8"},"content":{"rendered":"<h6>Hauptmerkmale<\/h6>\n<ul>\n<li>Hohe Farbdichte<\/li>\n<li>Sofortiges Trocknen<\/li>\n<li>Ausgezeichnete Haftung auf fast allen Materialien<\/li>\n<li>Frei von toxischen Substanzen und \u00f6kologisch Abbaubar<\/li>\n<li>\u00dcberragende Best\u00e4ndigkeit gegen Feuchte, Alkohol und Kratzern<\/li>\n<\/ul>\n<p>&nbsp;<\/p>\n<h6>ANWENDUNGEN<\/h6>\n<p>Die LED-UV-Tinten von DTSAT3 wurden entwickelt um eine ausgezeichnete Haftung und gute Best\u00e4ndigkeit zu bieten. Geeignet f\u00fcr alle Arten von Metallen, Leder, PU, \u200b\u200bHolz, Glas, Fliesen, Bretter, Kunststoffplatten, PVC, Methacrylat, PE, PP usw.<\/p>\n","protected":false},"excerpt":{"rendered":"<h6>HOCHWERTIGE DTS-TINTE<\/h6>\n<ul>\n<li>Trocknung von Tinten durch Polymerisation mit UV-H\u00e4rtungstechnologie<\/li>\n<li>Die Verbesserte UV-LED-H\u00e4rtung erm\u00f6glicht die Verwendung von d\u00fcnneren, hitzeempfindlicheren Substraten<\/li>\n<li>Die FOIF-Technologie (Selective Light Firing) optimierung der UV Lampe, schaltet sich nur dann ein, wenn sie ben\u00f6tigt wird.&nbsp;<\/li>\n<li>Das FOIF-System schaltet die LEDs synchron zur Tintenaufnahme ein und aus. Dadurch reduziert FOIF die Betriebskosten und maximiert die Lebensdauer des Druckkopfes<\/li>\n<li>Die Wellenl\u00e4nge f\u00fcr die UV-h\u00e4rtende DTS LED-Tinte betr\u00e4gt \u00b1 395 mm<\/li>\n<\/ul>\n<p>&nbsp;<\/p>\n<p><strong>Druckkopf:<\/strong><br \/>\n<strong>DX 5\/7\/8<\/strong> f\u00fcr Artis 3000Pro, 5000Pro, Young und MBO-Drucker<\/p>\n<p>&nbsp;<\/p>\n<h6>Wei\u00dfe hohe Dichte und Intensit\u00e4t<\/h6>\n<ul>\n<li>Beim Drucken auf transparenten oder dunklen Materialien muss wei\u00dfe Tinte verwendet werden, die die Intensit\u00e4t der CMYK-Farben hervorhebt<\/li>\n<li>DTS UV LED wei\u00dfe Tinte bietet hohe Dichte und Intensit\u00e4t, die satte und lebendige Farben erm\u00f6glicht. Ebenfalls auf transparenten und dunklen Substraten<\/li>\n<\/ul>\n<p>&nbsp;<\/p>\n<p>&nbsp;<\/p>\n<p>&nbsp; <a class=\"fasc-button fasc-size-large fasc-type-glossy fasc-rounded-medium fasc-ico-before dashicons-edit\" style=\"background-color: #247edd; color: #ffffff;\" href=\"\/de\/contact\/\"><strong data-start=\"55\" data-end=\"69\">Mehr Infos<\/strong><br data-start=\"69\" data-end=\"72\"><\/a><\/p>\n","protected":false},"featured_media":276,"template":"","meta":{"ngg_post_thumbnail":0},"product_brand":[],"product_cat":[53,5],"product_tag":[],"class_list":{"0":"post-275","1":"product","2":"type-product","3":"status-publish","4":"has-post-thumbnail","6":"product_cat-uv-led-inks","7":"product_cat-artisjet-inks","8":"pa_color-black","9":"pa_color-cyan","10":"pa_color-magenta","11":"pa_color-varnish","12":"pa_color-white","13":"pa_color-yellow","14":"pa_color-light-cyan","15":"pa_color-light-magenta","16":"pa_size-1000-ml","17":"pa_size-250-ml","18":"pa_size-500-ml","20":"first","21":"instock","22":"taxable","23":"shipping-taxable","24":"purchasable","25":"product-type-variable","26":"has-default-attributes"},"translation":{"provider":"WPGlobus","version":"2.12.2","language":"de","enabled_languages":["fr","de","pt","en"],"languages":{"fr":{"title":true,"content":true,"excerpt":true},"de":{"title":true,"content":true,"excerpt":true},"pt":{"title":true,"content":true,"excerpt":true},"en":{"title":true,"content":true,"excerpt":true}}},"yoast_head":"<!-- This site is optimized with the Yoast SEO plugin v22.0 - https:\/\/yoast.com\/wordpress\/plugins\/seo\/ -->\n<title>UV Led Tinten UQ - DX5\/7\/8 | Artisjet Europe<\/title>\n<meta name=\"robots\" content=\"index, follow, max-snippet:-1, max-image-preview:large, max-video-preview:-1\" \/>\n<link rel=\"canonical\" href=\"https:\/\/artisjet-printers.eu\/shop\/uv-led-inks\/\" \/>\n<meta property=\"og:locale\" content=\"de_DE\" \/>\n<meta property=\"og:type\" content=\"article\" \/>\n<meta property=\"og:title\" content=\"UV Led Tinten UQ - DX5\/7\/8 | Artisjet Europe\" \/>\n<meta property=\"og:url\" content=\"https:\/\/artisjet-printers.eu\/shop\/uv-led-inks\/\" \/>\n<meta property=\"og:site_name\" content=\"Artisjet Europe\" \/>\n<meta property=\"article:modified_time\" content=\"2026-04-08T15:07:20+00:00\" \/>\n<meta property=\"og:image\" content=\"https:\/\/artisjet-printers.eu\/wp-content\/uploads\/2017\/12\/led-uv-DTS3.jpg\" \/>\n\t<meta property=\"og:image:width\" content=\"560\" \/>\n\t<meta property=\"og:image:height\" content=\"500\" \/>\n\t<meta property=\"og:image:type\" content=\"image\/jpeg\" \/>\n<meta name=\"twitter:card\" content=\"summary_large_image\" \/>\n<meta name=\"twitter:label1\" content=\"Gesch\u00e4tzte Lesezeit\" \/>\n\t<meta name=\"twitter:data1\" content=\"1\u00a0Minute\" \/>\n<script type=\"application\/ld+json\" class=\"yoast-schema-graph\">{\"@context\":\"https:\/\/schema.org\",\"@graph\":[{\"@type\":\"WebPage\",\"@id\":\"https:\/\/artisjet-printers.eu\/shop\/uv-led-inks\/\",\"url\":\"https:\/\/artisjet-printers.eu\/shop\/uv-led-inks\/\",\"name\":\"UV Led Tinten UQ - DX5\/7\/8 | Artisjet Europe\",\"isPartOf\":{\"@id\":\"https:\/\/artisjet-printers.eu\/#website\"},\"datePublished\":\"2017-11-15T15:53:48+00:00\",\"dateModified\":\"2026-04-08T15:07:20+00:00\",\"breadcrumb\":{\"@id\":\"https:\/\/artisjet-printers.eu\/shop\/uv-led-inks\/#breadcrumb\"},\"inLanguage\":\"de\",\"potentialAction\":[{\"@type\":\"ReadAction\",\"target\":[\"https:\/\/artisjet-printers.eu\/shop\/uv-led-inks\/\"]}]},{\"@type\":\"BreadcrumbList\",\"@id\":\"https:\/\/artisjet-printers.eu\/shop\/uv-led-inks\/#breadcrumb\",\"itemListElement\":[{\"@type\":\"ListItem\",\"position\":1,\"name\":\"Home\",\"item\":\"https:\/\/artisjet-printers.eu\/\"},{\"@type\":\"ListItem\",\"position\":2,\"name\":\"Shop\",\"item\":\"https:\/\/artisjet-printers.eu\/de\/shop\/\"},{\"@type\":\"ListItem\",\"position\":3,\"name\":\"Encres LED UV UQ &#8211; DX5\/7\/8\"}]},{\"@type\":\"WebSite\",\"@id\":\"https:\/\/artisjet-printers.eu\/#website\",\"url\":\"https:\/\/artisjet-printers.eu\/\",\"name\":\"Artisjet Europe\",\"description\":\"Official distributor in Europe\",\"publisher\":{\"@id\":\"https:\/\/artisjet-printers.eu\/#organization\"},\"potentialAction\":[{\"@type\":\"SearchAction\",\"target\":{\"@type\":\"EntryPoint\",\"urlTemplate\":\"https:\/\/artisjet-printers.eu\/?s={search_term_string}\"},\"query-input\":\"required name=search_term_string\"}],\"inLanguage\":\"de\"},{\"@type\":\"Organization\",\"@id\":\"https:\/\/artisjet-printers.eu\/#organization\",\"name\":\"ArtisJet\",\"url\":\"https:\/\/artisjet-printers.eu\/\",\"logo\":{\"@type\":\"ImageObject\",\"inLanguage\":\"de\",\"@id\":\"https:\/\/artisjet-printers.eu\/#\/schema\/logo\/image\/\",\"url\":\"https:\/\/artisjet-printers.eu\/wp-content\/uploads\/2017\/12\/logoartisjet.jpg\",\"contentUrl\":\"https:\/\/artisjet-printers.eu\/wp-content\/uploads\/2017\/12\/logoartisjet.jpg\",\"width\":217,\"height\":80,\"caption\":\"ArtisJet\"},\"image\":{\"@id\":\"https:\/\/artisjet-printers.eu\/#\/schema\/logo\/image\/\"}}]}<\/script>\n<!-- \/ Yoast SEO plugin. -->","yoast_head_json":{"title":"UV Led Tinten UQ - DX5\/7\/8 | Artisjet Europe","robots":{"index":"index","follow":"follow","max-snippet":"max-snippet:-1","max-image-preview":"max-image-preview:large","max-video-preview":"max-video-preview:-1"},"canonical":"https:\/\/artisjet-printers.eu\/shop\/uv-led-inks\/","og_locale":"de_DE","og_type":"article","og_title":"UV Led Tinten UQ - DX5\/7\/8 | Artisjet Europe","og_url":"https:\/\/artisjet-printers.eu\/shop\/uv-led-inks\/","og_site_name":"Artisjet Europe","article_modified_time":"2026-04-08T15:07:20+00:00","og_image":[{"width":560,"height":500,"url":"https:\/\/artisjet-printers.eu\/wp-content\/uploads\/2017\/12\/led-uv-DTS3.jpg","type":"image\/jpeg"}],"twitter_card":"summary_large_image","twitter_misc":{"Gesch\u00e4tzte Lesezeit":"1\u00a0Minute"},"schema":{"@context":"https:\/\/schema.org","@graph":[{"@type":"WebPage","@id":"https:\/\/artisjet-printers.eu\/shop\/uv-led-inks\/","url":"https:\/\/artisjet-printers.eu\/shop\/uv-led-inks\/","name":"UV Led Tinten UQ - DX5\/7\/8 | Artisjet Europe","isPartOf":{"@id":"https:\/\/artisjet-printers.eu\/#website"},"datePublished":"2017-11-15T15:53:48+00:00","dateModified":"2026-04-08T15:07:20+00:00","breadcrumb":{"@id":"https:\/\/artisjet-printers.eu\/shop\/uv-led-inks\/#breadcrumb"},"inLanguage":"de","potentialAction":[{"@type":"ReadAction","target":["https:\/\/artisjet-printers.eu\/shop\/uv-led-inks\/"]}]},{"@type":"BreadcrumbList","@id":"https:\/\/artisjet-printers.eu\/shop\/uv-led-inks\/#breadcrumb","itemListElement":[{"@type":"ListItem","position":1,"name":"Home","item":"https:\/\/artisjet-printers.eu\/"},{"@type":"ListItem","position":2,"name":"Shop","item":"https:\/\/artisjet-printers.eu\/de\/shop\/"},{"@type":"ListItem","position":3,"name":"Encres LED UV UQ &#8211; DX5\/7\/8"}]},{"@type":"WebSite","@id":"https:\/\/artisjet-printers.eu\/#website","url":"https:\/\/artisjet-printers.eu\/","name":"Artisjet Europe","description":"Official distributor in Europe","publisher":{"@id":"https:\/\/artisjet-printers.eu\/#organization"},"potentialAction":[{"@type":"SearchAction","target":{"@type":"EntryPoint","urlTemplate":"https:\/\/artisjet-printers.eu\/?s={search_term_string}"},"query-input":"required name=search_term_string"}],"inLanguage":"de"},{"@type":"Organization","@id":"https:\/\/artisjet-printers.eu\/#organization","name":"ArtisJet","url":"https:\/\/artisjet-printers.eu\/","logo":{"@type":"ImageObject","inLanguage":"de","@id":"https:\/\/artisjet-printers.eu\/#\/schema\/logo\/image\/","url":"https:\/\/artisjet-printers.eu\/wp-content\/uploads\/2017\/12\/logoartisjet.jpg","contentUrl":"https:\/\/artisjet-printers.eu\/wp-content\/uploads\/2017\/12\/logoartisjet.jpg","width":217,"height":80,"caption":"ArtisJet"},"image":{"@id":"https:\/\/artisjet-printers.eu\/#\/schema\/logo\/image\/"}}]}},"_links":{"self":[{"href":"https:\/\/artisjet-printers.eu\/de\/wp-json\/wp\/v2\/product\/275","targetHints":{"allow":["GET"]}}],"collection":[{"href":"https:\/\/artisjet-printers.eu\/de\/wp-json\/wp\/v2\/product"}],"about":[{"href":"https:\/\/artisjet-printers.eu\/de\/wp-json\/wp\/v2\/types\/product"}],"wp:featuredmedia":[{"embeddable":true,"href":"https:\/\/artisjet-printers.eu\/de\/wp-json\/wp\/v2\/media\/276"}],"wp:attachment":[{"href":"https:\/\/artisjet-printers.eu\/de\/wp-json\/wp\/v2\/media?parent=275"}],"wp:term":[{"taxonomy":"product_brand","embeddable":true,"href":"https:\/\/artisjet-printers.eu\/de\/wp-json\/wp\/v2\/product_brand?post=275"},{"taxonomy":"product_cat","embeddable":true,"href":"https:\/\/artisjet-printers.eu\/de\/wp-json\/wp\/v2\/product_cat?post=275"},{"taxonomy":"product_tag","embeddable":true,"href":"https:\/\/artisjet-printers.eu\/de\/wp-json\/wp\/v2\/product_tag?post=275"}],"curies":[{"name":"wp","href":"https:\/\/api.w.org\/{rel}","templated":true}]}}