{"id":252,"date":"2017-10-15T14:01:05","date_gmt":"2017-10-15T12:01:05","guid":{"rendered":"http:\/\/artisjet-printers.eu\/product\/impresora-artis-2100\/"},"modified":"2024-04-10T08:17:28","modified_gmt":"2024-04-10T06:17:28","slug":"artis-2100-uv-led","status":"publish","type":"product","link":"https:\/\/artisjet-printers.eu\/de\/shop\/artis-2100-uv-led\/","title":{"rendered":"Artis 2100 UV LED"},"content":{"rendered":"<p>Der Artis 2100 kann dank wei\u00dfer Tinten auf jeder Hintergrundfarbe drucken. Dies gilt f\u00fcr fast jede Materialart. Der Druck an sich ist Resistent vor Kratzern, Feuchte und Sonnenlicht. Dieser UV-Drucker eignet sich sehr gut f\u00fcr die Herstellung von personalisierten Geschenken, Werbeananzeigen, Beschilderungen, Handyh\u00fcllen usw.<\/p>\n<p>Die Artis 2100 bietet eine hohe Foto-Qualit\u00e4t, da dieser die Impressions-Technologie des Epson-Druckkopfs verwendet.<\/p>\n<p>Es handelt sich hierbei um einen professionellen Drucker dessen Kosten weit unter der H\u00e4lfte der Konkurrenz liegen. Dies wird unter anderem durch die Verwendung von Tinten in Flaschen anstatt Patronen erm\u00f6glicht. Originalteile von Epson sind ebenfalls im Artis 2100 zu finden.<\/p>\n<p>Die Maschine enth\u00e4lt eine Druck-RIP-Software, die das Verwalten von Ausdrucken und Farbprofilen erm\u00f6glicht. Dar\u00fcber hinaus verf\u00fcgen wir \u00fcber eine fortgeschrittene RIP-Software um mit maximaler Aufl\u00f6sung arbeiten zu k\u00f6nnen. Dar\u00fcber hinaus besteht die M\u00f6glichkeit in einem Druckvorgang mehrere Schichten zu drucken. Dabei kann man zwischen verschiedensten Kombinationen von wei\u00dfen und farbigen Schichten w\u00e4hlen.<\/p>\n<p>&nbsp;<\/p>\n<table border=\"0\" width=\"100%\" cellspacing=\"0\" cellpadding=\"0\">\n<tbody>\n<tr>\n<td valign=\"bottom\" width=\"50%\"><strong>UV Triggersystem<\/strong><\/p>\n<ul>\n<li>Der Drucker Artis 2100 arbeitet mit dem FOIF-System von artisJet und aktiviert das UV-LED Licht nur beim aussto\u00dfen von Tinte. Infolgedessen ist die Lebensdauer der LEDs und des Druckkopfes maximiert.<\/li>\n<\/ul>\n<\/td>\n<td valign=\"bottom\" width=\"50%\"><strong>UV-Kontrollsystem<\/strong><\/p>\n<ul>\n<li>Der artisJet COD wurde f\u00fcr mehr Flexibilit\u00e4t und Einfachheit entwickelt und steuert digital den Betrieb des LED-UV-Systems. Dieses System passt sich verschiedensten Materialien und Arbeitsumgebungen an.<\/li>\n<\/ul>\n<\/td>\n<\/tr>\n<tr>\n<td valign=\"bottom\" width=\"50%\"><strong>Automatische Druckkopfh\u00f6heneinstellung<\/strong><\/p>\n<ul>\n<li>Der Atisjet ist mit Sensoren ausgestattet, welche f\u00fcr die automatische Einstellung der H\u00f6he des Druckkopfes zust\u00e4ndig sind.<\/li>\n<\/ul>\n<\/td>\n<td valign=\"bottom\" width=\"50%\"><strong>Fl\u00fcssigkeitsk\u00fchlungssteuerungssystem<\/strong><\/p>\n<ul>\n<li>Das K\u00fchlregelsystem von artisJet \u00a0wurde konzipiert um den Verschlei\u00df der UV-Lampe und des Kopfes zu reduzieren.<\/li>\n<\/ul>\n<\/td>\n<\/tr>\n<tr>\n<td valign=\"bottom\" width=\"50%\"><strong>Tintensystem in Flaschen<\/strong><\/p>\n<ul>\n<li>Im Gegensatz zu Tintenpatronen erm\u00f6glicht dieses System die Verwendung von der zu G\u00e4nze verf\u00fcgbaren Tinte. Dazu ist diese Art von Tintennutzung einiges billiger.<\/li>\n<\/ul>\n<\/td>\n<td valign=\"bottom\" width=\"50%\"><strong>Single-Side-Ladeplattform-Design<\/strong><\/p>\n<ul>\n<li>Hierbei handelt es sich um ein einzigartiges Design, dass eine bessere Sichtbarkeit bei der Ausgabe des Drucks gew\u00e4hrleistet. Dies ist ideal f\u00fcr Arbeitspl\u00e4tze mit begrenztem Platzangebot.<\/li>\n<\/ul>\n<\/td>\n<\/tr>\n<\/tbody>\n<\/table>\n","protected":false},"excerpt":{"rendered":"<hr>\n<h3 id=\"tw-target-text\" class=\"tw-data-text tw-ta tw-text-medium\" dir=\"ltr\" data-placeholder=\"Traducci\u00f3n\"><span lang=\"de\">Drucken von personalisierten Gegenst\u00e4nden<\/span><\/h3>\n<ul>\n<li>Ideal zum Bedrucken von H\u00fcllen mobiler Ger\u00e4te, personalisierte Geschenke, PVC-Kartendruck, usw.<\/li>\n<li>Kompakter Drucker zum Bedrucken von flexiblen und harten Materialen<\/li>\n<li>Wei\u00dfe Tinte erm\u00f6glicht das Drucken auf transparenten und dunklen Materialien.<\/li>\n<li>Sie k\u00f6nnen Drucke mit Textur- oder 3D-Effekten erstellen&nbsp;<\/li>\n<li>Druckfl\u00e4che 17,5&#215;30,5cm<\/li>\n<li>Maximale H\u00f6he des Mediums: 4,5 cm<\/li>\n<\/ul>\n<h3>&nbsp;<\/h3>\n<h3>Kompaktes Design f\u00fcr gro\u00dfartige Ergebnisse<\/h3>\n<ul>\n<li>Hohe Fotoqualit\u00e4t dank Druckkopf- und Drucktechnologie von&nbsp;Epson<\/li>\n<li>Minimale Betriebskosten, da Tinte in Flaschen verwendet wird<\/li>\n<li>Fl\u00fcssigkeitsk\u00fchlung des UV-LED-Systems<\/li>\n<li>Wartung und einfache Bedienung<\/li>\n<\/ul>\n<p>&nbsp;<\/p>\n<p>&nbsp; <a class=\"fasc-button fasc-size-large fasc-type-glossy fasc-rounded-medium fasc-ico-before dashicons-edit\" style=\"background-color: #247edd; color: #ffffff;\" href=\"\/de\/contact\/\">Weitere Informationen anfragen<\/a><\/p>\n","protected":false},"featured_media":253,"template":"","meta":{"ngg_post_thumbnail":0},"product_brand":[],"product_cat":[3],"product_tag":[],"class_list":{"0":"post-252","1":"product","2":"type-product","3":"status-publish","4":"has-post-thumbnail","6":"product_cat-uv-led-printers","8":"first","9":"instock","10":"taxable","11":"shipping-taxable","12":"product-type-simple"},"translation":{"provider":"WPGlobus","version":"2.12.2","language":"de","enabled_languages":["fr","de","pt","en"],"languages":{"fr":{"title":true,"content":true,"excerpt":true},"de":{"title":true,"content":true,"excerpt":true},"pt":{"title":true,"content":true,"excerpt":true},"en":{"title":true,"content":true,"excerpt":true}}},"yoast_head":"<!-- This site is optimized with the Yoast SEO plugin v22.0 - https:\/\/yoast.com\/wordpress\/plugins\/seo\/ -->\n<title>ArtisJet 2100 - Imprimante UV Led- Coques T\u00e9l\u00e9phones<\/title>\n<meta name=\"robots\" content=\"index, follow, max-snippet:-1, max-image-preview:large, max-video-preview:-1\" \/>\n<link rel=\"canonical\" href=\"https:\/\/artisjet-printers.eu\/shop\/artis-2100-uv-led\/\" \/>\n<meta property=\"og:locale\" content=\"de_DE\" \/>\n<meta property=\"og:type\" content=\"article\" \/>\n<meta property=\"og:title\" content=\"Artis 2100 UV LED | Artisjet Europe\" \/>\n<meta property=\"og:url\" content=\"https:\/\/artisjet-printers.eu\/shop\/artis-2100-uv-led\/\" \/>\n<meta property=\"og:site_name\" content=\"Artisjet Europe\" \/>\n<meta property=\"article:modified_time\" content=\"2024-04-10T06:17:28+00:00\" \/>\n<meta property=\"og:image\" content=\"https:\/\/artisjet-printers.eu\/wp-content\/uploads\/2017\/12\/artis2100Uimg3.jpg\" \/>\n\t<meta property=\"og:image:width\" content=\"560\" \/>\n\t<meta property=\"og:image:height\" content=\"500\" \/>\n\t<meta property=\"og:image:type\" content=\"image\/jpeg\" \/>\n<meta name=\"twitter:card\" content=\"summary_large_image\" \/>\n<meta name=\"twitter:label1\" content=\"Gesch\u00e4tzte Lesezeit\" \/>\n\t<meta name=\"twitter:data1\" content=\"7\u00a0Minuten\" \/>\n<script type=\"application\/ld+json\" class=\"yoast-schema-graph\">{\"@context\":\"https:\/\/schema.org\",\"@graph\":[{\"@type\":\"WebPage\",\"@id\":\"https:\/\/artisjet-printers.eu\/shop\/artis-2100-uv-led\/\",\"url\":\"https:\/\/artisjet-printers.eu\/shop\/artis-2100-uv-led\/\",\"name\":\"ArtisJet 2100 - Imprimante UV Led- Coques T\u00e9l\u00e9phones\",\"isPartOf\":{\"@id\":\"https:\/\/artisjet-printers.eu\/#website\"},\"datePublished\":\"2017-10-15T12:01:05+00:00\",\"dateModified\":\"2024-04-10T06:17:28+00:00\",\"description\":\"\",\"breadcrumb\":{\"@id\":\"https:\/\/artisjet-printers.eu\/shop\/artis-2100-uv-led\/#breadcrumb\"},\"inLanguage\":\"de\",\"potentialAction\":[{\"@type\":\"ReadAction\",\"target\":[\"https:\/\/artisjet-printers.eu\/shop\/artis-2100-uv-led\/\"]}]},{\"@type\":\"BreadcrumbList\",\"@id\":\"https:\/\/artisjet-printers.eu\/shop\/artis-2100-uv-led\/#breadcrumb\",\"itemListElement\":[{\"@type\":\"ListItem\",\"position\":1,\"name\":\"Home\",\"item\":\"https:\/\/artisjet-printers.eu\/\"},{\"@type\":\"ListItem\",\"position\":2,\"name\":\"Shop\",\"item\":\"https:\/\/artisjet-printers.eu\/de\/shop\/\"},{\"@type\":\"ListItem\",\"position\":3,\"name\":\"Artis 2100 UV LED\"}]},{\"@type\":\"WebSite\",\"@id\":\"https:\/\/artisjet-printers.eu\/#website\",\"url\":\"https:\/\/artisjet-printers.eu\/\",\"name\":\"Artisjet Europe\",\"description\":\"Official distributor in Europe\",\"publisher\":{\"@id\":\"https:\/\/artisjet-printers.eu\/#organization\"},\"potentialAction\":[{\"@type\":\"SearchAction\",\"target\":{\"@type\":\"EntryPoint\",\"urlTemplate\":\"https:\/\/artisjet-printers.eu\/?s={search_term_string}\"},\"query-input\":\"required name=search_term_string\"}],\"inLanguage\":\"de\"},{\"@type\":\"Organization\",\"@id\":\"https:\/\/artisjet-printers.eu\/#organization\",\"name\":\"ArtisJet\",\"url\":\"https:\/\/artisjet-printers.eu\/\",\"logo\":{\"@type\":\"ImageObject\",\"inLanguage\":\"de\",\"@id\":\"https:\/\/artisjet-printers.eu\/#\/schema\/logo\/image\/\",\"url\":\"https:\/\/artisjet-printers.eu\/wp-content\/uploads\/2017\/12\/logoartisjet.jpg\",\"contentUrl\":\"https:\/\/artisjet-printers.eu\/wp-content\/uploads\/2017\/12\/logoartisjet.jpg\",\"width\":217,\"height\":80,\"caption\":\"ArtisJet\"},\"image\":{\"@id\":\"https:\/\/artisjet-printers.eu\/#\/schema\/logo\/image\/\"}}]}<\/script>\n<!-- \/ Yoast SEO plugin. -->","yoast_head_json":{"title":"ArtisJet 2100 - Imprimante UV Led- Coques T\u00e9l\u00e9phones","robots":{"index":"index","follow":"follow","max-snippet":"max-snippet:-1","max-image-preview":"max-image-preview:large","max-video-preview":"max-video-preview:-1"},"canonical":"https:\/\/artisjet-printers.eu\/shop\/artis-2100-uv-led\/","og_locale":"de_DE","og_type":"article","og_title":"Artis 2100 UV LED | Artisjet Europe","og_url":"https:\/\/artisjet-printers.eu\/shop\/artis-2100-uv-led\/","og_site_name":"Artisjet Europe","article_modified_time":"2024-04-10T06:17:28+00:00","og_image":[{"width":560,"height":500,"url":"https:\/\/artisjet-printers.eu\/wp-content\/uploads\/2017\/12\/artis2100Uimg3.jpg","type":"image\/jpeg"}],"twitter_card":"summary_large_image","twitter_misc":{"Gesch\u00e4tzte Lesezeit":"7\u00a0Minuten"},"schema":{"@context":"https:\/\/schema.org","@graph":[{"@type":"WebPage","@id":"https:\/\/artisjet-printers.eu\/shop\/artis-2100-uv-led\/","url":"https:\/\/artisjet-printers.eu\/shop\/artis-2100-uv-led\/","name":"ArtisJet 2100 - Imprimante UV Led- Coques T\u00e9l\u00e9phones","isPartOf":{"@id":"https:\/\/artisjet-printers.eu\/#website"},"datePublished":"2017-10-15T12:01:05+00:00","dateModified":"2024-04-10T06:17:28+00:00","description":"","breadcrumb":{"@id":"https:\/\/artisjet-printers.eu\/shop\/artis-2100-uv-led\/#breadcrumb"},"inLanguage":"de","potentialAction":[{"@type":"ReadAction","target":["https:\/\/artisjet-printers.eu\/shop\/artis-2100-uv-led\/"]}]},{"@type":"BreadcrumbList","@id":"https:\/\/artisjet-printers.eu\/shop\/artis-2100-uv-led\/#breadcrumb","itemListElement":[{"@type":"ListItem","position":1,"name":"Home","item":"https:\/\/artisjet-printers.eu\/"},{"@type":"ListItem","position":2,"name":"Shop","item":"https:\/\/artisjet-printers.eu\/de\/shop\/"},{"@type":"ListItem","position":3,"name":"Artis 2100 UV LED"}]},{"@type":"WebSite","@id":"https:\/\/artisjet-printers.eu\/#website","url":"https:\/\/artisjet-printers.eu\/","name":"Artisjet Europe","description":"Official distributor in Europe","publisher":{"@id":"https:\/\/artisjet-printers.eu\/#organization"},"potentialAction":[{"@type":"SearchAction","target":{"@type":"EntryPoint","urlTemplate":"https:\/\/artisjet-printers.eu\/?s={search_term_string}"},"query-input":"required name=search_term_string"}],"inLanguage":"de"},{"@type":"Organization","@id":"https:\/\/artisjet-printers.eu\/#organization","name":"ArtisJet","url":"https:\/\/artisjet-printers.eu\/","logo":{"@type":"ImageObject","inLanguage":"de","@id":"https:\/\/artisjet-printers.eu\/#\/schema\/logo\/image\/","url":"https:\/\/artisjet-printers.eu\/wp-content\/uploads\/2017\/12\/logoartisjet.jpg","contentUrl":"https:\/\/artisjet-printers.eu\/wp-content\/uploads\/2017\/12\/logoartisjet.jpg","width":217,"height":80,"caption":"ArtisJet"},"image":{"@id":"https:\/\/artisjet-printers.eu\/#\/schema\/logo\/image\/"}}]}},"_links":{"self":[{"href":"https:\/\/artisjet-printers.eu\/de\/wp-json\/wp\/v2\/product\/252","targetHints":{"allow":["GET"]}}],"collection":[{"href":"https:\/\/artisjet-printers.eu\/de\/wp-json\/wp\/v2\/product"}],"about":[{"href":"https:\/\/artisjet-printers.eu\/de\/wp-json\/wp\/v2\/types\/product"}],"wp:featuredmedia":[{"embeddable":true,"href":"https:\/\/artisjet-printers.eu\/de\/wp-json\/wp\/v2\/media\/253"}],"wp:attachment":[{"href":"https:\/\/artisjet-printers.eu\/de\/wp-json\/wp\/v2\/media?parent=252"}],"wp:term":[{"taxonomy":"product_brand","embeddable":true,"href":"https:\/\/artisjet-printers.eu\/de\/wp-json\/wp\/v2\/product_brand?post=252"},{"taxonomy":"product_cat","embeddable":true,"href":"https:\/\/artisjet-printers.eu\/de\/wp-json\/wp\/v2\/product_cat?post=252"},{"taxonomy":"product_tag","embeddable":true,"href":"https:\/\/artisjet-printers.eu\/de\/wp-json\/wp\/v2\/product_tag?post=252"}],"curies":[{"name":"wp","href":"https:\/\/api.w.org\/{rel}","templated":true}]}}