{"id":247,"date":"2017-11-15T13:52:59","date_gmt":"2017-11-15T13:52:59","guid":{"rendered":"http:\/\/artisjet-printers.eu\/product\/impresora-artis-3000\/"},"modified":"2020-10-23T13:25:21","modified_gmt":"2020-10-23T11:25:21","slug":"artis-3000-uv-led","status":"publish","type":"product","link":"https:\/\/artisjet-printers.eu\/de\/shop\/artis-3000-uv-led\/","title":{"rendered":"Artis 3000U UV LED"},"content":{"rendered":"<p>Der Artis 3000 kann dank wei\u00dfer Tinten auf jeder Hintergrundfarbe drucken. Dies gilt f\u00fcr fast jede Materialart. Der Druck an sich ist Resistent vor Kratzern, Feuchte und Sonnenlicht. Dieser UV-Drucker eignet sich sehr gut f\u00fcr die Herstellung von personalisierten Geschenken, Werbeananzeigen, Beschilderungen, Handyh\u00fcllen usw.<\/p>\n<p>Der Artis 3000 gew\u00e4hrleistet eine hohe Fotoqualit\u00e4t, da er die Epson Druckkopf- und Drucktechnologie verwendet.<\/p>\n<p>Es handelt sich hierbei um einen professionellen Drucker dessen Kosten weit unter der H\u00e4lfte der Konkurrenz liegen. Dies wird unteranderem durch die Verwendung von Tinten in Flaschen anstatt Patronen erm\u00f6glicht. Originalteile von Epson sind ebenfalls im Artis 3000 zu finden.<\/p>\n<p>Die Maschine enth\u00e4lt eine Druck-RIP-Software, die das Verwalten von Ausdrucken und Farbprofilen erm\u00f6glicht. Dar\u00fcber hinaus verf\u00fcgen wir \u00fcber eine fortgeschrittene RIP-Software um mit maximaler Aufl\u00f6sung arbeiten zu k\u00f6nnen. Dar\u00fcber hinaus besteht die M\u00f6glichkeit in einem Druckvorgang mehrere Schichten zu drucken. Dabei kann man zwischen verschiedensten Kombinationen von wei\u00dfen und farbigen Schichten w\u00e4hlen.<\/p>\n<p>Artisjet\u00a0verf\u00fcgt \u00fcber einen vor Ort existierenden technischen Service f\u00fcr Reparaturen. Des Weiteren stehen wir\u00a0Ihnen\u00a0f\u00fcr Fragen bez\u00fcglich unserer Produkte zur Verf\u00fcgung und sind stets\u00a0bem\u00fcht, effiziente L\u00f6sungen bereitzustellen.<\/p>\n<table border=\"0\" width=\"100%\" cellspacing=\"0\" cellpadding=\"0\">\n<tbody>\n<tr>\n<td valign=\"bottom\" width=\"50%\"><strong>UV Triggersystem<\/strong><\/p>\n<ul>\n<li>Der Drucker Artis 3000 arbeitet mit dem FOIF-System von artisJet und aktiviert das UV-LED Licht nur beim aussto\u00dfen von Tinte. Infolgedessen ist die Lebensdauer der LEDs und des Druckkopfes maximiert.<\/li>\n<\/ul>\n<\/td>\n<td valign=\"bottom\" width=\"50%\"><strong>UV-Kontrollsystem<\/strong><\/p>\n<ul>\n<li>Der artisJet COD wurde f\u00fcr mehr Flexibilit\u00e4t und Einfachheit entwickelt und steuert digital den Betrieb des LED-UV-Systems. Dieses System passt sich verschiedensten Materialien und Arbeitsumgebungen an.<\/li>\n<\/ul>\n<\/td>\n<\/tr>\n<tr>\n<td valign=\"bottom\" width=\"50%\"><strong>Automatische Druckh\u00f6heneinstellung<\/strong><\/p>\n<ul>\n<li>Der Atisjet ist mit Sensoren ausgestattet, welche f\u00fcr die automatische Einstellung der H\u00f6he des Druckkopfes zust\u00e4ndig sind.<\/li>\n<\/ul>\n<\/td>\n<td valign=\"bottom\" width=\"50%\"><strong>Fl\u00fcssigkeitsk\u00fchlungssteuerungssystem<\/strong><\/p>\n<ul>\n<li>Das K\u00fchlregelsystem von artisJet \u00a0wurde konzipiert um den Verschlei\u00df der UV-Lampe und des Kopfes zu reduzieren.<\/li>\n<\/ul>\n<\/td>\n<\/tr>\n<tr>\n<td valign=\"bottom\" width=\"50%\"><strong>Tintensystem in Flaschen<\/strong><\/p>\n<ul>\n<li>Im Gegensatz zu Tintenpatronen erm\u00f6glicht dieses System die Verwendung von der zu G\u00e4nze verf\u00fcgbaren Tinte. Dazu ist diese Art von Tintennutzung einiges billiger.<\/li>\n<\/ul>\n<\/td>\n<td valign=\"bottom\" width=\"50%\"><strong>Single-Side-Ladeplattform-Design<\/strong><\/p>\n<ul>\n<li>Hierbei handelt es sich um ein einzigartiges Design, dass eine bessere Sichtbarkeit bei der Ausgabe des Drucks gew\u00e4hrleistet. Dies ist ideal f\u00fcr Arbeitspl\u00e4tze mit begrenztem Platzangebot.<\/li>\n<\/ul>\n<\/td>\n<\/tr>\n<\/tbody>\n<\/table>\n","protected":false},"excerpt":{"rendered":"<hr>\n<h6>REALISTISCHES DRUCKEN VON FOTOS MIT TEXTUR UND ERSTAUNLICHEM 3D RELIEF<\/h6>\n<ul>\n<li>Ideal f\u00fcr die Herstellung aller Arten von Objekten. Werbeantr\u00e4ge, Beschilderungen, Fotogeschenke, Personalisierungen usw.<\/li>\n<li>Maschine ist f\u00e4hig gro\u00dfe Produktion durchzuf\u00fchren<\/li>\n<li>Direktdruck auf transparente und dunkle Materialien<\/li>\n<li>Wei\u00dfe Tinten, CMYK und Lacke<\/li>\n<li>Optimaler Druck auf starren und flexiblen Materialien<\/li>\n<li>Druckfl\u00e4che 29 x 57,5cm<\/li>\n<li>Maximale H\u00f6he des Mediums: 9 cm<\/li>\n<\/ul>\n<p>&nbsp;<\/p>\n<h6>ENTWICKELT ZUM BEEINDRUCKEN<\/h6>\n<ul>\n<li>Minimale Betriebskosten weil Tinten in Flaschen statt Patronen benutzt werden<\/li>\n<li>Bedienungskomfort mit einzigartiger Lateral-Load-Architektur<\/li>\n<li>Hochaufl\u00f6sende Bedruckung von Kunststoffen durch das Antistatikmodul<\/li>\n<li>L\u00e4ngere durchschnittliche Lebensdauer des Kopfes<\/li>\n<li>Vereinfachte Wartung und Bedienung<\/li>\n<li>Automatisiertes Druckkopfreinigungssystem<\/li>\n<li>Integriertes Fl\u00fcssigkeitsk\u00fchlsystem<\/li>\n<li>Vielseitiger Druck mit UV-LED-Leistungseinstellung<\/li>\n<\/ul>\n<p>&nbsp; <a class=\"fasc-button fasc-size-large fasc-type-glossy fasc-rounded-medium fasc-ico-before dashicons-edit\" style=\"background-color: #247edd; color: #ffffff;\" href=\"\/de\/contact\/\">Weitere Informationen anfragen<\/a>&nbsp;<\/p>\n","protected":false},"featured_media":1174,"template":"","meta":{"ngg_post_thumbnail":0},"product_brand":[],"product_cat":[3],"product_tag":[],"class_list":{"0":"post-247","1":"product","2":"type-product","3":"status-publish","4":"has-post-thumbnail","6":"product_cat-uv-led-printers","8":"first","9":"instock","10":"taxable","11":"shipping-taxable","12":"product-type-simple"},"translation":{"provider":"WPGlobus","version":"2.12.2","language":"de","enabled_languages":["fr","de","pt","en"],"languages":{"fr":{"title":true,"content":true,"excerpt":true},"de":{"title":true,"content":true,"excerpt":true},"pt":{"title":true,"content":true,"excerpt":true},"en":{"title":true,"content":true,"excerpt":true}}},"yoast_head":"<!-- This site is optimized with the Yoast SEO plugin v22.0 - https:\/\/yoast.com\/wordpress\/plugins\/seo\/ -->\n<title>Artis 3000U UV LED | Artisjet Europe<\/title>\n<meta name=\"robots\" content=\"index, follow, max-snippet:-1, max-image-preview:large, max-video-preview:-1\" \/>\n<link rel=\"canonical\" href=\"https:\/\/artisjet-printers.eu\/de\/shop\/artis-3000-uv-led\/\" \/>\n<meta property=\"og:locale\" content=\"de_DE\" \/>\n<meta property=\"og:type\" content=\"article\" \/>\n<meta property=\"og:title\" content=\"Artis 3000U UV LED | Artisjet Europe\" \/>\n<meta property=\"og:url\" content=\"https:\/\/artisjet-printers.eu\/de\/shop\/artis-3000-uv-led\/\" \/>\n<meta property=\"og:site_name\" content=\"Artisjet Europe\" \/>\n<meta property=\"article:modified_time\" content=\"2020-10-23T11:25:21+00:00\" \/>\n<meta property=\"og:image\" content=\"https:\/\/artisjet-printers.eu\/wp-content\/uploads\/2017\/11\/3000U.jpg\" \/>\n\t<meta property=\"og:image:width\" content=\"561\" \/>\n\t<meta property=\"og:image:height\" content=\"561\" \/>\n\t<meta property=\"og:image:type\" content=\"image\/jpeg\" \/>\n<meta name=\"twitter:card\" content=\"summary_large_image\" \/>\n<meta name=\"twitter:label1\" content=\"Gesch\u00e4tzte Lesezeit\" \/>\n\t<meta name=\"twitter:data1\" content=\"8\u00a0Minuten\" \/>\n<script type=\"application\/ld+json\" class=\"yoast-schema-graph\">{\"@context\":\"https:\/\/schema.org\",\"@graph\":[{\"@type\":\"WebPage\",\"@id\":\"https:\/\/artisjet-printers.eu\/de\/shop\/artis-3000-uv-led\/\",\"url\":\"https:\/\/artisjet-printers.eu\/de\/shop\/artis-3000-uv-led\/\",\"name\":\"Artis 3000U UV LED | Artisjet Europe\",\"isPartOf\":{\"@id\":\"https:\/\/artisjet-printers.eu\/#website\"},\"datePublished\":\"2017-11-15T13:52:59+00:00\",\"dateModified\":\"2020-10-23T11:25:21+00:00\",\"description\":\"\",\"breadcrumb\":{\"@id\":\"https:\/\/artisjet-printers.eu\/de\/shop\/artis-3000-uv-led\/#breadcrumb\"},\"inLanguage\":\"de\",\"potentialAction\":[{\"@type\":\"ReadAction\",\"target\":[\"https:\/\/artisjet-printers.eu\/de\/shop\/artis-3000-uv-led\/\"]}]},{\"@type\":\"BreadcrumbList\",\"@id\":\"https:\/\/artisjet-printers.eu\/de\/shop\/artis-3000-uv-led\/#breadcrumb\",\"itemListElement\":[{\"@type\":\"ListItem\",\"position\":1,\"name\":\"Home\",\"item\":\"https:\/\/artisjet-printers.eu\/\"},{\"@type\":\"ListItem\",\"position\":2,\"name\":\"Shop\",\"item\":\"https:\/\/artisjet-printers.eu\/de\/shop\/\"},{\"@type\":\"ListItem\",\"position\":3,\"name\":\"Artis 3000U UV LED\"}]},{\"@type\":\"WebSite\",\"@id\":\"https:\/\/artisjet-printers.eu\/#website\",\"url\":\"https:\/\/artisjet-printers.eu\/\",\"name\":\"Artisjet Europe\",\"description\":\"Official distributor in Europe\",\"publisher\":{\"@id\":\"https:\/\/artisjet-printers.eu\/#organization\"},\"potentialAction\":[{\"@type\":\"SearchAction\",\"target\":{\"@type\":\"EntryPoint\",\"urlTemplate\":\"https:\/\/artisjet-printers.eu\/?s={search_term_string}\"},\"query-input\":\"required name=search_term_string\"}],\"inLanguage\":\"de\"},{\"@type\":\"Organization\",\"@id\":\"https:\/\/artisjet-printers.eu\/#organization\",\"name\":\"ArtisJet\",\"url\":\"https:\/\/artisjet-printers.eu\/\",\"logo\":{\"@type\":\"ImageObject\",\"inLanguage\":\"de\",\"@id\":\"https:\/\/artisjet-printers.eu\/#\/schema\/logo\/image\/\",\"url\":\"https:\/\/artisjet-printers.eu\/wp-content\/uploads\/2017\/12\/logoartisjet.jpg\",\"contentUrl\":\"https:\/\/artisjet-printers.eu\/wp-content\/uploads\/2017\/12\/logoartisjet.jpg\",\"width\":217,\"height\":80,\"caption\":\"ArtisJet\"},\"image\":{\"@id\":\"https:\/\/artisjet-printers.eu\/#\/schema\/logo\/image\/\"}}]}<\/script>\n<!-- \/ Yoast SEO plugin. -->","yoast_head_json":{"title":"Artis 3000U UV LED | Artisjet Europe","robots":{"index":"index","follow":"follow","max-snippet":"max-snippet:-1","max-image-preview":"max-image-preview:large","max-video-preview":"max-video-preview:-1"},"canonical":"https:\/\/artisjet-printers.eu\/de\/shop\/artis-3000-uv-led\/","og_locale":"de_DE","og_type":"article","og_title":"Artis 3000U UV LED | Artisjet Europe","og_url":"https:\/\/artisjet-printers.eu\/de\/shop\/artis-3000-uv-led\/","og_site_name":"Artisjet Europe","article_modified_time":"2020-10-23T11:25:21+00:00","og_image":[{"width":561,"height":561,"url":"https:\/\/artisjet-printers.eu\/wp-content\/uploads\/2017\/11\/3000U.jpg","type":"image\/jpeg"}],"twitter_card":"summary_large_image","twitter_misc":{"Gesch\u00e4tzte Lesezeit":"8\u00a0Minuten"},"schema":{"@context":"https:\/\/schema.org","@graph":[{"@type":"WebPage","@id":"https:\/\/artisjet-printers.eu\/de\/shop\/artis-3000-uv-led\/","url":"https:\/\/artisjet-printers.eu\/de\/shop\/artis-3000-uv-led\/","name":"Artis 3000U UV LED | Artisjet Europe","isPartOf":{"@id":"https:\/\/artisjet-printers.eu\/#website"},"datePublished":"2017-11-15T13:52:59+00:00","dateModified":"2020-10-23T11:25:21+00:00","description":"","breadcrumb":{"@id":"https:\/\/artisjet-printers.eu\/de\/shop\/artis-3000-uv-led\/#breadcrumb"},"inLanguage":"de","potentialAction":[{"@type":"ReadAction","target":["https:\/\/artisjet-printers.eu\/de\/shop\/artis-3000-uv-led\/"]}]},{"@type":"BreadcrumbList","@id":"https:\/\/artisjet-printers.eu\/de\/shop\/artis-3000-uv-led\/#breadcrumb","itemListElement":[{"@type":"ListItem","position":1,"name":"Home","item":"https:\/\/artisjet-printers.eu\/"},{"@type":"ListItem","position":2,"name":"Shop","item":"https:\/\/artisjet-printers.eu\/de\/shop\/"},{"@type":"ListItem","position":3,"name":"Artis 3000U UV LED"}]},{"@type":"WebSite","@id":"https:\/\/artisjet-printers.eu\/#website","url":"https:\/\/artisjet-printers.eu\/","name":"Artisjet Europe","description":"Official distributor in Europe","publisher":{"@id":"https:\/\/artisjet-printers.eu\/#organization"},"potentialAction":[{"@type":"SearchAction","target":{"@type":"EntryPoint","urlTemplate":"https:\/\/artisjet-printers.eu\/?s={search_term_string}"},"query-input":"required name=search_term_string"}],"inLanguage":"de"},{"@type":"Organization","@id":"https:\/\/artisjet-printers.eu\/#organization","name":"ArtisJet","url":"https:\/\/artisjet-printers.eu\/","logo":{"@type":"ImageObject","inLanguage":"de","@id":"https:\/\/artisjet-printers.eu\/#\/schema\/logo\/image\/","url":"https:\/\/artisjet-printers.eu\/wp-content\/uploads\/2017\/12\/logoartisjet.jpg","contentUrl":"https:\/\/artisjet-printers.eu\/wp-content\/uploads\/2017\/12\/logoartisjet.jpg","width":217,"height":80,"caption":"ArtisJet"},"image":{"@id":"https:\/\/artisjet-printers.eu\/#\/schema\/logo\/image\/"}}]}},"_links":{"self":[{"href":"https:\/\/artisjet-printers.eu\/de\/wp-json\/wp\/v2\/product\/247","targetHints":{"allow":["GET"]}}],"collection":[{"href":"https:\/\/artisjet-printers.eu\/de\/wp-json\/wp\/v2\/product"}],"about":[{"href":"https:\/\/artisjet-printers.eu\/de\/wp-json\/wp\/v2\/types\/product"}],"wp:featuredmedia":[{"embeddable":true,"href":"https:\/\/artisjet-printers.eu\/de\/wp-json\/wp\/v2\/media\/1174"}],"wp:attachment":[{"href":"https:\/\/artisjet-printers.eu\/de\/wp-json\/wp\/v2\/media?parent=247"}],"wp:term":[{"taxonomy":"product_brand","embeddable":true,"href":"https:\/\/artisjet-printers.eu\/de\/wp-json\/wp\/v2\/product_brand?post=247"},{"taxonomy":"product_cat","embeddable":true,"href":"https:\/\/artisjet-printers.eu\/de\/wp-json\/wp\/v2\/product_cat?post=247"},{"taxonomy":"product_tag","embeddable":true,"href":"https:\/\/artisjet-printers.eu\/de\/wp-json\/wp\/v2\/product_tag?post=247"}],"curies":[{"name":"wp","href":"https:\/\/api.w.org\/{rel}","templated":true}]}}