{"id":1226,"date":"2020-02-04T12:18:11","date_gmt":"2020-02-04T11:18:11","guid":{"rendered":"http:\/\/artisjet-printers.eu\/?post_type=product&#038;p=1226"},"modified":"2024-08-29T16:32:37","modified_gmt":"2024-08-29T14:32:37","slug":"artisjet-prov6","status":"publish","type":"product","link":"https:\/\/artisjet-printers.eu\/de\/shop\/artisjet-prov6\/","title":{"rendered":"Artisjet ProV6"},"content":{"rendered":"<p><img loading=\"lazy\" decoding=\"async\" class=\"alignnone size-medium wp-image-1227\" src=\"https:\/\/rescate.artisjet-printers.eu\/wp-content\/uploads\/2020\/02\/artisJet_proV6_mini_uv_led_printer_1-300x174.jpg\" alt=\"\" width=\"300\" height=\"174\" srcset=\"https:\/\/artisjet-printers.eu\/wp-content\/uploads\/2020\/02\/artisJet_proV6_mini_uv_led_printer_1-300x174.jpg 300w, https:\/\/artisjet-printers.eu\/wp-content\/uploads\/2020\/02\/artisJet_proV6_mini_uv_led_printer_1-1024x594.jpg 1024w, https:\/\/artisjet-printers.eu\/wp-content\/uploads\/2020\/02\/artisJet_proV6_mini_uv_led_printer_1-768x446.jpg 768w, https:\/\/artisjet-printers.eu\/wp-content\/uploads\/2020\/02\/artisJet_proV6_mini_uv_led_printer_1-600x348.jpg 600w, https:\/\/artisjet-printers.eu\/wp-content\/uploads\/2020\/02\/artisJet_proV6_mini_uv_led_printer_1.jpg 1280w\" sizes=\"auto, (max-width: 300px) 100vw, 300px\" \/><\/p>\n<p>&nbsp;<\/p>\n<p>&nbsp;<\/p>\n<ul>\n<li><strong> Qualit\u00e4t kombiniert mit Geschwindigkeit<\/strong><\/li>\n<li><strong>Einfache Wartung<\/strong><\/li>\n<li><strong>Interner Luftfilter<\/strong><\/li>\n<li><strong>\u00a0Wei\u00dfe Tinte wird auch verwendet, um auf einem dunklen Hintergrund direkt in Farbe zu drucken<\/strong><\/li>\n<li><strong>\u00a0Automatische H\u00f6heneinstellung (nicht f\u00fcr transparente Objekte)<\/strong><\/li>\n<li><strong>\u00a0Flash-On-Ink LED System<\/strong><\/li>\n<li><strong>\u00a0Geringe Betriebs- und Wartungskosten<\/strong><\/li>\n<\/ul>\n<p>&nbsp;<\/p>\n<p>&nbsp;<\/p>\n<p><iframe loading=\"lazy\" src=\"https:\/\/www.youtube.com\/embed\/AzmSFDoxkw8\" width=\"560\" height=\"315\" frameborder=\"0\" allowfullscreen=\"allowfullscreen\"><\/iframe><\/p>\n","protected":false},"excerpt":{"rendered":"<p><strong>Artis Pro V6 UV LED<\/strong><\/p>\n<p>Der neue UV-Drucker artis pro V6 ist eine kompakte Maschine, die f\u00fcr den Einsatz in Gesch\u00e4ften und Einkaufszentren entwickelt wurde. Er ist ideal f\u00fcr die Personalisierung von kosmetischen Accessoires, Fashion- und Designitems, Geschenken, Preise, Etuis f\u00fcr (Sonnen-) Brillen, Schulzubeh\u00f6r, Telefoncovers, Powerbanks, Ladeger\u00e4te,&nbsp;&nbsp;oder 3D gedruckte PVC Visitenkarten und \u00e4hnlichen Produkten. Der Drucker kann direkt vor Ort Bilder in Fotoqualit\u00e4t drucken, w\u00e4hrend die Kunden warten. Auf diese Weise werden alle Arten von Produkte personalisiert und haben in den Augen der Verbraucher sofort einen v\u00f6llig anderen Wert. Dar\u00fcber hinaus ist die Maschine aufgrund der neuen Technologie und des ansprechenden Designs ein Blickfang f\u00fcr&nbsp; Verkaufsstellen. Zudem bietet man den Kunden weitere Gr\u00fcnde, die eigenen Produkte anderen Menschen vorzuf\u00fchren, sowohl \u00fcber soziale Netzwerke als auch direkt den Menschen in ihrer N\u00e4he.<\/p>\n<p>Es eignet sich f\u00fcr den Digitaldruck auf Aluminium, Metall, Kupfer, Holz, MDF, Pappe, Kunststoff, Plexiglas, Leder, PTU, Glas und vielen anderen Materialien direkt in Farbe und Wei\u00df.<br \/>\nEs kann eine personalisierte App entwickelt werden, mit der Fotos direkt von den Telefonen der Verbraucher in die Software des Ger\u00e4ts geladen und gedruckt werden k\u00f6nnen.<br \/>\nOptimieren Sie Ihre Produktivit\u00e4t!<\/p>\n<p>&nbsp;<\/p>\n<p>&nbsp; <a class=\"fasc-button fasc-size-large fasc-type-glossy fasc-rounded-medium fasc-ico-before dashicons-edit\" href=\"\/de\/contact\/\">Weitere Informationen anfragen<\/a><\/p>\n","protected":false},"featured_media":1246,"template":"","meta":{"ngg_post_thumbnail":0},"product_brand":[],"product_cat":[3],"product_tag":[],"class_list":{"0":"post-1226","1":"product","2":"type-product","3":"status-publish","4":"has-post-thumbnail","6":"product_cat-uv-led-printers","8":"first","9":"instock","10":"taxable","11":"shipping-taxable","12":"product-type-simple"},"translation":{"provider":"WPGlobus","version":"2.12.2","language":"de","enabled_languages":["fr","de","pt","en"],"languages":{"fr":{"title":true,"content":true,"excerpt":true},"de":{"title":true,"content":true,"excerpt":true},"pt":{"title":false,"content":false,"excerpt":false},"en":{"title":true,"content":true,"excerpt":true}}},"yoast_head":"<!-- This site is optimized with the Yoast SEO plugin v22.0 - https:\/\/yoast.com\/wordpress\/plugins\/seo\/ -->\n<title>Artisjet ProV6 | Artisjet Europe<\/title>\n<meta name=\"robots\" content=\"index, follow, max-snippet:-1, max-image-preview:large, max-video-preview:-1\" \/>\n<link rel=\"canonical\" href=\"https:\/\/artisjet-printers.eu\/en\/shop\/artisjet-prov6\/\" \/>\n<meta property=\"og:locale\" content=\"de_DE\" \/>\n<meta property=\"og:type\" content=\"article\" \/>\n<meta property=\"og:title\" content=\"Artisjet ProV6 | Artisjet Europe\" \/>\n<meta property=\"og:url\" content=\"https:\/\/artisjet-printers.eu\/en\/shop\/artisjet-prov6\/\" \/>\n<meta property=\"og:site_name\" content=\"Artisjet Europe\" \/>\n<meta property=\"article:modified_time\" content=\"2024-08-29T14:32:37+00:00\" \/>\n<meta property=\"og:image\" content=\"https:\/\/artisjet-printers.eu\/wp-content\/uploads\/2020\/02\/artisjet_proV6.jpg\" \/>\n\t<meta property=\"og:image:width\" content=\"1280\" \/>\n\t<meta property=\"og:image:height\" content=\"1280\" \/>\n\t<meta property=\"og:image:type\" content=\"image\/jpeg\" \/>\n<meta name=\"twitter:card\" content=\"summary_large_image\" \/>\n<meta name=\"twitter:label1\" content=\"Gesch\u00e4tzte Lesezeit\" \/>\n\t<meta name=\"twitter:data1\" content=\"1\u00a0Minute\" \/>\n<script type=\"application\/ld+json\" class=\"yoast-schema-graph\">{\"@context\":\"https:\/\/schema.org\",\"@graph\":[{\"@type\":\"WebPage\",\"@id\":\"https:\/\/artisjet-printers.eu\/en\/shop\/artisjet-prov6\/\",\"url\":\"https:\/\/artisjet-printers.eu\/en\/shop\/artisjet-prov6\/\",\"name\":\"Artisjet ProV6 | Artisjet Europe\",\"isPartOf\":{\"@id\":\"https:\/\/artisjet-printers.eu\/#website\"},\"datePublished\":\"2020-02-04T11:18:11+00:00\",\"dateModified\":\"2024-08-29T14:32:37+00:00\",\"description\":\"\",\"breadcrumb\":{\"@id\":\"https:\/\/artisjet-printers.eu\/en\/shop\/artisjet-prov6\/#breadcrumb\"},\"inLanguage\":\"de\",\"potentialAction\":[{\"@type\":\"ReadAction\",\"target\":[\"https:\/\/artisjet-printers.eu\/en\/shop\/artisjet-prov6\/\"]}]},{\"@type\":\"BreadcrumbList\",\"@id\":\"https:\/\/artisjet-printers.eu\/en\/shop\/artisjet-prov6\/#breadcrumb\",\"itemListElement\":[{\"@type\":\"ListItem\",\"position\":1,\"name\":\"Home\",\"item\":\"https:\/\/artisjet-printers.eu\/\"},{\"@type\":\"ListItem\",\"position\":2,\"name\":\"Shop\",\"item\":\"https:\/\/artisjet-printers.eu\/de\/shop\/\"},{\"@type\":\"ListItem\",\"position\":3,\"name\":\"Artisjet ProV6\"}]},{\"@type\":\"WebSite\",\"@id\":\"https:\/\/artisjet-printers.eu\/#website\",\"url\":\"https:\/\/artisjet-printers.eu\/\",\"name\":\"Artisjet Europe\",\"description\":\"Official distributor in Europe\",\"publisher\":{\"@id\":\"https:\/\/artisjet-printers.eu\/#organization\"},\"potentialAction\":[{\"@type\":\"SearchAction\",\"target\":{\"@type\":\"EntryPoint\",\"urlTemplate\":\"https:\/\/artisjet-printers.eu\/?s={search_term_string}\"},\"query-input\":\"required name=search_term_string\"}],\"inLanguage\":\"de\"},{\"@type\":\"Organization\",\"@id\":\"https:\/\/artisjet-printers.eu\/#organization\",\"name\":\"ArtisJet\",\"url\":\"https:\/\/artisjet-printers.eu\/\",\"logo\":{\"@type\":\"ImageObject\",\"inLanguage\":\"de\",\"@id\":\"https:\/\/artisjet-printers.eu\/#\/schema\/logo\/image\/\",\"url\":\"https:\/\/artisjet-printers.eu\/wp-content\/uploads\/2017\/12\/logoartisjet.jpg\",\"contentUrl\":\"https:\/\/artisjet-printers.eu\/wp-content\/uploads\/2017\/12\/logoartisjet.jpg\",\"width\":217,\"height\":80,\"caption\":\"ArtisJet\"},\"image\":{\"@id\":\"https:\/\/artisjet-printers.eu\/#\/schema\/logo\/image\/\"}}]}<\/script>\n<!-- \/ Yoast SEO plugin. -->","yoast_head_json":{"title":"Artisjet ProV6 | Artisjet Europe","robots":{"index":"index","follow":"follow","max-snippet":"max-snippet:-1","max-image-preview":"max-image-preview:large","max-video-preview":"max-video-preview:-1"},"canonical":"https:\/\/artisjet-printers.eu\/en\/shop\/artisjet-prov6\/","og_locale":"de_DE","og_type":"article","og_title":"Artisjet ProV6 | Artisjet Europe","og_url":"https:\/\/artisjet-printers.eu\/en\/shop\/artisjet-prov6\/","og_site_name":"Artisjet Europe","article_modified_time":"2024-08-29T14:32:37+00:00","og_image":[{"width":1280,"height":1280,"url":"https:\/\/artisjet-printers.eu\/wp-content\/uploads\/2020\/02\/artisjet_proV6.jpg","type":"image\/jpeg"}],"twitter_card":"summary_large_image","twitter_misc":{"Gesch\u00e4tzte Lesezeit":"1\u00a0Minute"},"schema":{"@context":"https:\/\/schema.org","@graph":[{"@type":"WebPage","@id":"https:\/\/artisjet-printers.eu\/en\/shop\/artisjet-prov6\/","url":"https:\/\/artisjet-printers.eu\/en\/shop\/artisjet-prov6\/","name":"Artisjet ProV6 | Artisjet Europe","isPartOf":{"@id":"https:\/\/artisjet-printers.eu\/#website"},"datePublished":"2020-02-04T11:18:11+00:00","dateModified":"2024-08-29T14:32:37+00:00","description":"","breadcrumb":{"@id":"https:\/\/artisjet-printers.eu\/en\/shop\/artisjet-prov6\/#breadcrumb"},"inLanguage":"de","potentialAction":[{"@type":"ReadAction","target":["https:\/\/artisjet-printers.eu\/en\/shop\/artisjet-prov6\/"]}]},{"@type":"BreadcrumbList","@id":"https:\/\/artisjet-printers.eu\/en\/shop\/artisjet-prov6\/#breadcrumb","itemListElement":[{"@type":"ListItem","position":1,"name":"Home","item":"https:\/\/artisjet-printers.eu\/"},{"@type":"ListItem","position":2,"name":"Shop","item":"https:\/\/artisjet-printers.eu\/de\/shop\/"},{"@type":"ListItem","position":3,"name":"Artisjet ProV6"}]},{"@type":"WebSite","@id":"https:\/\/artisjet-printers.eu\/#website","url":"https:\/\/artisjet-printers.eu\/","name":"Artisjet Europe","description":"Official distributor in Europe","publisher":{"@id":"https:\/\/artisjet-printers.eu\/#organization"},"potentialAction":[{"@type":"SearchAction","target":{"@type":"EntryPoint","urlTemplate":"https:\/\/artisjet-printers.eu\/?s={search_term_string}"},"query-input":"required name=search_term_string"}],"inLanguage":"de"},{"@type":"Organization","@id":"https:\/\/artisjet-printers.eu\/#organization","name":"ArtisJet","url":"https:\/\/artisjet-printers.eu\/","logo":{"@type":"ImageObject","inLanguage":"de","@id":"https:\/\/artisjet-printers.eu\/#\/schema\/logo\/image\/","url":"https:\/\/artisjet-printers.eu\/wp-content\/uploads\/2017\/12\/logoartisjet.jpg","contentUrl":"https:\/\/artisjet-printers.eu\/wp-content\/uploads\/2017\/12\/logoartisjet.jpg","width":217,"height":80,"caption":"ArtisJet"},"image":{"@id":"https:\/\/artisjet-printers.eu\/#\/schema\/logo\/image\/"}}]}},"_links":{"self":[{"href":"https:\/\/artisjet-printers.eu\/de\/wp-json\/wp\/v2\/product\/1226","targetHints":{"allow":["GET"]}}],"collection":[{"href":"https:\/\/artisjet-printers.eu\/de\/wp-json\/wp\/v2\/product"}],"about":[{"href":"https:\/\/artisjet-printers.eu\/de\/wp-json\/wp\/v2\/types\/product"}],"wp:featuredmedia":[{"embeddable":true,"href":"https:\/\/artisjet-printers.eu\/de\/wp-json\/wp\/v2\/media\/1246"}],"wp:attachment":[{"href":"https:\/\/artisjet-printers.eu\/de\/wp-json\/wp\/v2\/media?parent=1226"}],"wp:term":[{"taxonomy":"product_brand","embeddable":true,"href":"https:\/\/artisjet-printers.eu\/de\/wp-json\/wp\/v2\/product_brand?post=1226"},{"taxonomy":"product_cat","embeddable":true,"href":"https:\/\/artisjet-printers.eu\/de\/wp-json\/wp\/v2\/product_cat?post=1226"},{"taxonomy":"product_tag","embeddable":true,"href":"https:\/\/artisjet-printers.eu\/de\/wp-json\/wp\/v2\/product_tag?post=1226"}],"curies":[{"name":"wp","href":"https:\/\/api.w.org\/{rel}","templated":true}]}}