{"id":9031,"date":"2026-03-18T21:29:19","date_gmt":"2026-03-18T21:29:19","guid":{"rendered":"https:\/\/artisjet-printers.eu\/ciss-ink-supply\/"},"modified":"2026-03-19T07:38:22","modified_gmt":"2026-03-19T06:38:22","slug":"ciss-ink-supply","status":"publish","type":"page","link":"https:\/\/artisjet-printers.eu\/de\/technology\/ciss-ink-supply\/","title":{"rendered":"CISS-Tintenversorgungssystem"},"content":{"rendered":"\n<div class=\"wp-block-group aj-article\"><div class=\"wp-block-group__inner-container is-layout-constrained wp-block-group-is-layout-constrained\">\n\n\n<h1 class=\"wp-block-heading\">Das UV-LED-CISS-Tintenversorgungssystem von artisJet<\/h1>\n\n\n\n<p>Das kontinuierliche Tintenversorgungssystem (CISS) von artisJet ist eines der wichtigsten Unterscheidungsmerkmale der artisJet UV-LED-Drucker. Im Gegensatz zu patronenbasierten Systemen erm\u00f6glicht das CISS eine <strong>100-prozentige Nutzung der verf\u00fcgbaren Tinte<\/strong> zu deutlich niedrigeren Kosten pro Druck.<\/p>\n\n\n\n<h2 class=\"wp-block-heading\">Warum ein kontinuierliches Tintenversorgungssystem?<\/h2>\n\n\n\n<ul class=\"wp-block-list\">\n\n<li><strong>Niedrigere Kosten pro Druck<\/strong> \u2014 wiederauff\u00fcllbare Tintenflaschen statt Einwegpatronen. Der Tintenverbrauch ist sehr gering: nur 30\u00a0ml aller kombinierten Tinten pro bedrucktem Quadratmeter.<\/li>\n\n\n<li><strong>Einfaches und tragbares Nachf\u00fcllen<\/strong> \u2014 kleine 200-ml-Flaschen, die einfach zu handhaben und nachzuf\u00fcllen sind.<\/li>\n\n\n<li><strong>Verhindert Sedimentablagerung<\/strong> \u2014 das kleine Flaschenformat verhindert, dass sich TiO\u00b2 der UV-LED-Tinte absetzt, wenn die Tinte l\u00e4nger in den Tanks verbleibt.<\/li>\n\n\n<li><strong>Weniger Wartung<\/strong> \u2014 das System ist f\u00fcr langlebigen Betrieb mit minimalem Benutzereingriff ausgelegt.<\/li>\n\n<\/ul>\n\n\n\n<h2 class=\"wp-block-heading\">Komponenten des CISS-Systems<\/h2>\n\n\n\n<figure class=\"wp-block-table\"><table><tbody>\n<tr><td><strong>Tintentanks<\/strong><\/td><td>Offene 200-ml-Tintenflaschen pro Farbe. Kontinuierliches Tintenversorgungssystem (CISS).<\/td><\/tr>\n<tr><td><strong>Tintenpumpe<\/strong><\/td><td>Saugt Tinte aus den Tanks und leitet sie \u00fcber motorisierte Pumpe mit Oberdeckel.<\/td><\/tr>\n<tr><td><strong>Tintenschl\u00e4uche<\/strong><\/td><td>Dunkle Kunststoffschl\u00e4uche 3\u00d72\u00a0mm, 1,5\u00a0m L\u00e4nge. Numerischer Code pro Farbe (1\u20138).<\/td><\/tr>\n<tr><td><strong>D\u00e4mpfer<\/strong><\/td><td>Filtern Tinte vor dem Druckkopf. Einer pro Farbe.<\/td><\/tr>\n<tr><td><strong>Druckkopf<\/strong><\/td><td>Tr\u00e4gt Tinte per Piezotechnologie auf das Substrat auf.<\/td><\/tr>\n<tr><td><strong>Reinigungssystem<\/strong><\/td><td>Silikonwischer + Abfallbeh\u00e4lter. Automatische oder manuelle Wartung.<\/td><\/tr>\n<\/tbody><\/table><\/figure>\n\n\n\n<h2 class=\"wp-block-heading\">Wartungshinweise f\u00fcr das CISS-System<\/h2>\n\n\n\n<ul class=\"wp-block-list\">\n\n<li>Tinten innerhalb von <strong>45\u00a0Tagen<\/strong> nach \u00d6ffnen verwenden, um Qualit\u00e4t zu gew\u00e4hrleisten.<\/li>\n\n\n<li>Tintenflaschen alle <strong>3\u20135\u00a0Monate<\/strong> ersetzen oder reinigen.<\/li>\n\n\n<li>Deckel durch automatische Reinigung reinigen und alle <strong>3\u00a0Monate<\/strong> ersetzen.<\/li>\n\n\n<li>Das Selbstwartungssystem pflegt den Drucker auch w\u00e4hrend Ruhephasen von bis zu <strong>35\u00a0Tagen<\/strong>.<\/li>\n\n<\/ul>\n\n\n\n<h2 class=\"wp-block-heading\">Tats\u00e4chliche Druckkosten<\/h2>\n\n\n\n<p>Zum besseren Verst\u00e4ndnis: Ein bedruckter Quadratmeter entspricht in etwa <strong>130 iPhone-H\u00fcllen mit vollst\u00e4ndiger Druckabdeckung<\/strong> \u2014 alles mit nur 30\u00a0ml kombinierter Tinte. Dieses Effizienzniveau macht das artisJet-System zu einem der rentabelsten im UV-LED-Druckmarkt.<\/p>\n\n\n\n<div class=\"wp-block-group has-background\" style=\"background-color:#f5f5f5;padding-top:1.5rem;padding-right:1.5rem;padding-bottom:1.5rem;padding-left:1.5rem\"><div class=\"wp-block-group__inner-container is-layout-constrained wp-container-core-group-is-layout-1675ba18 wp-block-group-is-layout-constrained\">\n\n<p>M\u00f6chten Sie die tats\u00e4chlichen Druckkosten f\u00fcr Ihre spezifische Anwendung kennen? Wir erstellen Ihnen eine pers\u00f6nliche Kalkulation ohne Verpflichtung.<br\/><br\/>\ud83d\udcde <a href=\"tel:+4921154690\u200b38\">+49 211 54 69 038<\/a> \u00b7 \ud83d\udce7 <a href=\"mailto:info@artisjet-printers.eu\">info@artisjet-printers.eu<\/a><\/p>\n\n\n<div class=\"wp-block-buttons is-layout-flex wp-block-buttons-is-layout-flex\">\n\n<div class=\"wp-block-button\"><a class=\"wp-block-button__link wp-element-button\" href=\"\/de\/contact\/\">Kostenberechnung anfragen<\/a><\/div>\n\n<\/div>\n\n<\/div><\/div>\n\n\n<\/div><\/div>\n","protected":false},"excerpt":{"rendered":"<p>Das UV-LED-CISS-Tintenversorgungssystem von artisJet Das kontinuierliche Tintenversorgungssystem (CISS) von artisJet ist eines der wichtigsten Unterscheidungsmerkmale der artisJet UV-LED-Drucker. Im Gegensatz zu patronenbasierten Systemen erm\u00f6glicht das CISS eine 100-prozentige Nutzung der verf\u00fcgbaren Tinte zu deutlich niedrigeren Kosten pro Druck. Warum ein<\/p>\n","protected":false},"author":1,"featured_media":0,"parent":9013,"menu_order":0,"comment_status":"closed","ping_status":"closed","template":"","meta":{"ngg_post_thumbnail":0,"footnotes":""},"class_list":["post-9031","page","type-page","status-publish","hentry"],"translation":{"provider":"WPGlobus","version":"2.12.2","language":"de","enabled_languages":["fr","de","pt","en"],"languages":{"fr":{"title":true,"content":true,"excerpt":false},"de":{"title":true,"content":true,"excerpt":false},"pt":{"title":true,"content":true,"excerpt":false},"en":{"title":true,"content":true,"excerpt":false}}},"yoast_head":"<!-- This site is optimized with the Yoast SEO plugin v22.0 - https:\/\/yoast.com\/wordpress\/plugins\/seo\/ -->\n<title>CISS-Tintenversorgungssystem | Artisjet Europe<\/title>\n<meta name=\"robots\" content=\"index, follow, max-snippet:-1, max-image-preview:large, max-video-preview:-1\" \/>\n<link rel=\"canonical\" href=\"https:\/\/artisjet-printers.eu\/technology\/ciss-ink-supply\/\" \/>\n<meta property=\"og:locale\" content=\"de_DE\" \/>\n<meta property=\"og:type\" content=\"article\" \/>\n<meta property=\"og:title\" content=\"CISS-Tintenversorgungssystem | Artisjet Europe\" \/>\n<meta property=\"og:url\" content=\"https:\/\/artisjet-printers.eu\/technology\/ciss-ink-supply\/\" \/>\n<meta property=\"og:site_name\" content=\"Artisjet Europe\" \/>\n<meta property=\"article:modified_time\" content=\"2026-03-19T06:38:22+00:00\" \/>\n<meta name=\"twitter:card\" content=\"summary_large_image\" \/>\n<meta name=\"twitter:label1\" content=\"Gesch\u00e4tzte Lesezeit\" \/>\n\t<meta name=\"twitter:data1\" content=\"7\u00a0Minuten\" \/>\n<script type=\"application\/ld+json\" class=\"yoast-schema-graph\">{\"@context\":\"https:\/\/schema.org\",\"@graph\":[{\"@type\":\"WebPage\",\"@id\":\"https:\/\/artisjet-printers.eu\/technology\/ciss-ink-supply\/\",\"url\":\"https:\/\/artisjet-printers.eu\/technology\/ciss-ink-supply\/\",\"name\":\"CISS-Tintenversorgungssystem | Artisjet Europe\",\"isPartOf\":{\"@id\":\"https:\/\/artisjet-printers.eu\/#website\"},\"datePublished\":\"2026-03-18T21:29:19+00:00\",\"dateModified\":\"2026-03-19T06:38:22+00:00\",\"breadcrumb\":{\"@id\":\"https:\/\/artisjet-printers.eu\/technology\/ciss-ink-supply\/#breadcrumb\"},\"inLanguage\":\"de\",\"potentialAction\":[{\"@type\":\"ReadAction\",\"target\":[\"https:\/\/artisjet-printers.eu\/technology\/ciss-ink-supply\/\"]}]},{\"@type\":\"BreadcrumbList\",\"@id\":\"https:\/\/artisjet-printers.eu\/technology\/ciss-ink-supply\/#breadcrumb\",\"itemListElement\":[{\"@type\":\"ListItem\",\"position\":1,\"name\":\"Home\",\"item\":\"https:\/\/artisjet-printers.eu\/\"},{\"@type\":\"ListItem\",\"position\":2,\"name\":\"Technologie d\u2019impression UV\",\"item\":\"https:\/\/artisjet-printers.eu\/technology\/\"},{\"@type\":\"ListItem\",\"position\":3,\"name\":\"Syst\u00e8me CISS\"}]},{\"@type\":\"WebSite\",\"@id\":\"https:\/\/artisjet-printers.eu\/#website\",\"url\":\"https:\/\/artisjet-printers.eu\/\",\"name\":\"Artisjet Europe\",\"description\":\"Official distributor in Europe\",\"publisher\":{\"@id\":\"https:\/\/artisjet-printers.eu\/#organization\"},\"potentialAction\":[{\"@type\":\"SearchAction\",\"target\":{\"@type\":\"EntryPoint\",\"urlTemplate\":\"https:\/\/artisjet-printers.eu\/?s={search_term_string}\"},\"query-input\":\"required name=search_term_string\"}],\"inLanguage\":\"de\"},{\"@type\":\"Organization\",\"@id\":\"https:\/\/artisjet-printers.eu\/#organization\",\"name\":\"ArtisJet\",\"url\":\"https:\/\/artisjet-printers.eu\/\",\"logo\":{\"@type\":\"ImageObject\",\"inLanguage\":\"de\",\"@id\":\"https:\/\/artisjet-printers.eu\/#\/schema\/logo\/image\/\",\"url\":\"https:\/\/artisjet-printers.eu\/wp-content\/uploads\/2017\/12\/logoartisjet.jpg\",\"contentUrl\":\"https:\/\/artisjet-printers.eu\/wp-content\/uploads\/2017\/12\/logoartisjet.jpg\",\"width\":217,\"height\":80,\"caption\":\"ArtisJet\"},\"image\":{\"@id\":\"https:\/\/artisjet-printers.eu\/#\/schema\/logo\/image\/\"}}]}<\/script>\n<!-- \/ Yoast SEO plugin. -->","yoast_head_json":{"title":"CISS-Tintenversorgungssystem | Artisjet Europe","robots":{"index":"index","follow":"follow","max-snippet":"max-snippet:-1","max-image-preview":"max-image-preview:large","max-video-preview":"max-video-preview:-1"},"canonical":"https:\/\/artisjet-printers.eu\/technology\/ciss-ink-supply\/","og_locale":"de_DE","og_type":"article","og_title":"CISS-Tintenversorgungssystem | Artisjet Europe","og_url":"https:\/\/artisjet-printers.eu\/technology\/ciss-ink-supply\/","og_site_name":"Artisjet Europe","article_modified_time":"2026-03-19T06:38:22+00:00","twitter_card":"summary_large_image","twitter_misc":{"Gesch\u00e4tzte Lesezeit":"7\u00a0Minuten"},"schema":{"@context":"https:\/\/schema.org","@graph":[{"@type":"WebPage","@id":"https:\/\/artisjet-printers.eu\/technology\/ciss-ink-supply\/","url":"https:\/\/artisjet-printers.eu\/technology\/ciss-ink-supply\/","name":"CISS-Tintenversorgungssystem | Artisjet Europe","isPartOf":{"@id":"https:\/\/artisjet-printers.eu\/#website"},"datePublished":"2026-03-18T21:29:19+00:00","dateModified":"2026-03-19T06:38:22+00:00","breadcrumb":{"@id":"https:\/\/artisjet-printers.eu\/technology\/ciss-ink-supply\/#breadcrumb"},"inLanguage":"de","potentialAction":[{"@type":"ReadAction","target":["https:\/\/artisjet-printers.eu\/technology\/ciss-ink-supply\/"]}]},{"@type":"BreadcrumbList","@id":"https:\/\/artisjet-printers.eu\/technology\/ciss-ink-supply\/#breadcrumb","itemListElement":[{"@type":"ListItem","position":1,"name":"Home","item":"https:\/\/artisjet-printers.eu\/"},{"@type":"ListItem","position":2,"name":"Technologie d\u2019impression UV","item":"https:\/\/artisjet-printers.eu\/technology\/"},{"@type":"ListItem","position":3,"name":"Syst\u00e8me CISS"}]},{"@type":"WebSite","@id":"https:\/\/artisjet-printers.eu\/#website","url":"https:\/\/artisjet-printers.eu\/","name":"Artisjet Europe","description":"Official distributor in Europe","publisher":{"@id":"https:\/\/artisjet-printers.eu\/#organization"},"potentialAction":[{"@type":"SearchAction","target":{"@type":"EntryPoint","urlTemplate":"https:\/\/artisjet-printers.eu\/?s={search_term_string}"},"query-input":"required name=search_term_string"}],"inLanguage":"de"},{"@type":"Organization","@id":"https:\/\/artisjet-printers.eu\/#organization","name":"ArtisJet","url":"https:\/\/artisjet-printers.eu\/","logo":{"@type":"ImageObject","inLanguage":"de","@id":"https:\/\/artisjet-printers.eu\/#\/schema\/logo\/image\/","url":"https:\/\/artisjet-printers.eu\/wp-content\/uploads\/2017\/12\/logoartisjet.jpg","contentUrl":"https:\/\/artisjet-printers.eu\/wp-content\/uploads\/2017\/12\/logoartisjet.jpg","width":217,"height":80,"caption":"ArtisJet"},"image":{"@id":"https:\/\/artisjet-printers.eu\/#\/schema\/logo\/image\/"}}]}},"_links":{"self":[{"href":"https:\/\/artisjet-printers.eu\/de\/wp-json\/wp\/v2\/pages\/9031","targetHints":{"allow":["GET"]}}],"collection":[{"href":"https:\/\/artisjet-printers.eu\/de\/wp-json\/wp\/v2\/pages"}],"about":[{"href":"https:\/\/artisjet-printers.eu\/de\/wp-json\/wp\/v2\/types\/page"}],"author":[{"embeddable":true,"href":"https:\/\/artisjet-printers.eu\/de\/wp-json\/wp\/v2\/users\/1"}],"replies":[{"embeddable":true,"href":"https:\/\/artisjet-printers.eu\/de\/wp-json\/wp\/v2\/comments?post=9031"}],"version-history":[{"count":1,"href":"https:\/\/artisjet-printers.eu\/de\/wp-json\/wp\/v2\/pages\/9031\/revisions"}],"predecessor-version":[{"id":9093,"href":"https:\/\/artisjet-printers.eu\/de\/wp-json\/wp\/v2\/pages\/9031\/revisions\/9093"}],"up":[{"embeddable":true,"href":"https:\/\/artisjet-printers.eu\/de\/wp-json\/wp\/v2\/pages\/9013"}],"wp:attachment":[{"href":"https:\/\/artisjet-printers.eu\/de\/wp-json\/wp\/v2\/media?parent=9031"}],"curies":[{"name":"wp","href":"https:\/\/api.w.org\/{rel}","templated":true}]}}