{"id":9030,"date":"2026-03-18T21:29:19","date_gmt":"2026-03-18T21:29:19","guid":{"rendered":"https:\/\/artisjet-printers.eu\/uv-led-ink-system\/"},"modified":"2026-03-19T07:38:22","modified_gmt":"2026-03-19T06:38:22","slug":"uv-led-ink-system","status":"publish","type":"page","link":"https:\/\/artisjet-printers.eu\/de\/technology\/uv-led-ink-system\/","title":{"rendered":"UV-LED-Tintensystem"},"content":{"rendered":"\n<div class=\"wp-block-group aj-article\"><div class=\"wp-block-group__inner-container is-layout-constrained wp-block-group-is-layout-constrained\">\n\n\n<h1 class=\"wp-block-heading\">Wie das UV-LED-Tintensystem in artisJet-Druckern funktioniert<\/h1>\n\n\n\n<p>Das artisJet-Tintensystem bezeichnet das gesamte in den Direktdruckmaschinen installierte System. Es ist ein komplexes und gleichzeitig sehr einfach zu verfolgendes System. Es besteht aus mehreren Teilen, jedes mit einer spezifischen Funktion: Pumpen, Transmittieren, Filtern, Auswerfen und Reinigen der Tinte sowie Aufbewahren von Tintenabfall.<\/p>\n\n\n\n<h2 class=\"wp-block-heading\">1. Tintentanks (Tintenflaschen)<\/h2>\n\n\n\n<figure class=\"wp-block-image size-medium\"><img decoding=\"async\" src=\"https:\/\/www.artisjet.com\/images\/easyblog_articles\/90\/b2ap3_thumbnail_1.jpg\" alt=\"artisJet ink bottles CISS\"\/><\/figure>\n\n\n\n<p>artisJet verwendet kleine offene Tintenflaschen mit <strong>200\u00a0ml Kapazit\u00e4t<\/strong> pro Tintenfarbe f\u00fcr das kontinuierliche Tintenversorgungssystem (CISS). Einfach nachzuf\u00fcllen zu niedrigen Kosten, und das tragbare Format verhindert die Absetzung von Tintensedimenten.<\/p>\n\n\n\n<p><strong>Betriebstipp:<\/strong> Tinten innerhalb von 45\u00a0Tagen verwenden. Tintenflaschen alle 3\u20135\u00a0Monate ersetzen oder reinigen.<\/p>\n\n\n\n<h2 class=\"wp-block-heading\">2. Tintenpumpe (Servicestation)<\/h2>\n\n\n\n<figure class=\"wp-block-image size-medium\"><img decoding=\"async\" src=\"https:\/\/www.artisjet.com\/images\/easyblog_articles\/90\/b2ap3_thumbnail_3.jpg\" alt=\"artisJet ink pump\"\/><\/figure>\n\n\n\n<p>Die Pumpe saugt Tinte aus den Tanks und leitet sie durch eine motorisierte Pumpe mit einem schw\u00e4mmigen Oberdeckel, der mit dem Druckkopf verbunden ist, in das komplette Tintensystem. Wenn der Drucker im Standby oder ausgeschaltet ist, verhindert die Deckeleinheit, dass die Tinte eindickt.<\/p>\n\n\n\n<p><strong>Betriebstipp:<\/strong> Deckel regelm\u00e4\u00dfig durch automatische Reinigung reinigen und alle 3\u00a0Monate ersetzen.<\/p>\n\n\n\n<h2 class=\"wp-block-heading\">3. Tinten\u00fcbertragung (Tintenschl\u00e4uche)<\/h2>\n\n\n\n<figure class=\"wp-block-image size-medium\"><img decoding=\"async\" src=\"https:\/\/www.artisjet.com\/images\/easyblog_articles\/90\/b2ap3_thumbnail_7.jpg\" alt=\"artisJet ink tubes\"\/><\/figure>\n\n\n\n<p>Dunkle Kunststoffschl\u00e4uche von 3\u00d72\u00a0mm und Standardl\u00e4nge 1,5\u00a0m, gesch\u00fctzt durch den Schlauchbeh\u00e4lter. Ein Ende der Schl\u00e4uche ist mit den Tintentanks verbunden, das andere mit dem D\u00e4mpfer. Jeder Schlauch hat einen numerischen Code von 1 bis 8 (f\u00fcr einen 8-Kanal-Drucker CMYK+WWWW).<\/p>\n\n\n\n<h2 class=\"wp-block-heading\">4. Tintenfiltration (D\u00e4mpfer)<\/h2>\n\n\n\n<figure class=\"wp-block-image size-medium\"><img decoding=\"async\" src=\"https:\/\/www.artisjet.com\/images\/easyblog_articles\/90\/b2ap3_thumbnail_11.jpg\" alt=\"artisJet dampers\"\/><\/figure>\n\n\n\n<p>D\u00e4mpfer sind Kunststoffteile mit einer Aluminiumfolierfiltermatte im Inneren, die den Tintenschlauch mit dem Druckkopf verbinden und die Tinte vor dem letzten Ausw\u00fcrfschritt filtern. Es gibt einen D\u00e4mpfer pro Farbe.<\/p>\n\n\n\n<h2 class=\"wp-block-heading\">5. Tintenauswurf, Wischer und Abfallbeh\u00e4lter<\/h2>\n\n\n\n<figure class=\"wp-block-image size-medium\"><img decoding=\"async\" src=\"https:\/\/www.artisjet.com\/images\/easyblog_articles\/90\/b2ap3_thumbnail_15.jpg\" alt=\"artisJet wiper and waste tank\"\/><\/figure>\n\n\n\n<ul class=\"wp-block-list\">\n\n<li><strong>Tintenauswurf<\/strong> \u2014 der Druckkopf f\u00fcrt die Tinten basierend auf den Anweisungen der Hauptplatine auf das Substrat aus.<\/li>\n\n\n<li><strong>Tintenwischer<\/strong> \u2014 Silikonkautschuk, der w\u00e4hrend des Druckprozesses restliche Tinte auf der Spiegelseite des Druckkopfs reinigt.<\/li>\n\n\n<li><strong>Tintenabfallbeh\u00e4lter<\/strong> \u2014 beim Pumpen und Drucken wird restliche Tinte in einer separaten Flasche gespeichert.<\/li>\n\n<\/ul>\n\n\n\n<h2 class=\"wp-block-heading\">6. Wartungsmodule des Tintensystems<\/h2>\n\n\n\n<ul class=\"wp-block-list\">\n\n<li><strong>Automatisches Wartungsmodul<\/strong> \u2014 System, das bei Bedarf Tintensystemwartung aktiviert, wenn der Nutzer nicht anwesend ist.<\/li>\n\n\n<li><strong>Manuelle Reinigung<\/strong> \u2014 Alternative, wenn eine spezifischere oder gr\u00fcndlichere Wartung ben\u00f6tigt wird.<\/li>\n\n<\/ul>\n\n\n\n<div class=\"wp-block-group has-background\" style=\"background-color:#f5f5f5;padding-top:1.5rem;padding-right:1.5rem;padding-bottom:1.5rem;padding-left:1.5rem\"><div class=\"wp-block-group__inner-container is-layout-constrained wp-container-core-group-is-layout-1675ba18 wp-block-group-is-layout-constrained\">\n\n<p>Brauchen Sie Hilfe mit dem Tintensystem Ihres artisJet-Druckers?<br\/><br\/>\ud83d\udcde <a href=\"tel:+4921154690\u200b38\">+49 211 54 69 038<\/a> \u00b7 \ud83d\udce7 <a href=\"mailto:info@artisjet-printers.eu\">info@artisjet-printers.eu<\/a><\/p>\n\n\n<div class=\"wp-block-buttons is-layout-flex wp-block-buttons-is-layout-flex\">\n\n<div class=\"wp-block-button\"><a class=\"wp-block-button__link wp-element-button\" href=\"\/de\/contact\/\">Technischen Support kontaktieren<\/a><\/div>\n\n<\/div>\n\n<\/div><\/div>\n\n\n<\/div><\/div>\n","protected":false},"excerpt":{"rendered":"<p>Wie das UV-LED-Tintensystem in artisJet-Druckern funktioniert Das artisJet-Tintensystem bezeichnet das gesamte in den Direktdruckmaschinen installierte System. Es ist ein komplexes und gleichzeitig sehr einfach zu verfolgendes System. Es besteht aus mehreren Teilen, jedes mit einer spezifischen Funktion: Pumpen, Transmittieren, Filtern,<\/p>\n","protected":false},"author":1,"featured_media":0,"parent":9013,"menu_order":0,"comment_status":"closed","ping_status":"closed","template":"","meta":{"ngg_post_thumbnail":0,"footnotes":""},"class_list":["post-9030","page","type-page","status-publish","hentry"],"translation":{"provider":"WPGlobus","version":"2.12.2","language":"de","enabled_languages":["fr","de","pt","en"],"languages":{"fr":{"title":true,"content":true,"excerpt":false},"de":{"title":true,"content":true,"excerpt":false},"pt":{"title":true,"content":true,"excerpt":false},"en":{"title":true,"content":true,"excerpt":false}}},"yoast_head":"<!-- This site is optimized with the Yoast SEO plugin v22.0 - https:\/\/yoast.com\/wordpress\/plugins\/seo\/ -->\n<title>UV-LED-Tintensystem | Artisjet Europe<\/title>\n<meta name=\"robots\" content=\"index, follow, max-snippet:-1, max-image-preview:large, max-video-preview:-1\" \/>\n<link rel=\"canonical\" href=\"https:\/\/artisjet-printers.eu\/technology\/uv-led-ink-system\/\" \/>\n<meta property=\"og:locale\" content=\"de_DE\" \/>\n<meta property=\"og:type\" content=\"article\" \/>\n<meta property=\"og:title\" content=\"UV-LED-Tintensystem | Artisjet Europe\" \/>\n<meta property=\"og:url\" content=\"https:\/\/artisjet-printers.eu\/technology\/uv-led-ink-system\/\" \/>\n<meta property=\"og:site_name\" content=\"Artisjet Europe\" \/>\n<meta property=\"article:modified_time\" content=\"2026-03-19T06:38:22+00:00\" \/>\n<meta property=\"og:image\" content=\"https:\/\/www.artisjet.com\/images\/easyblog_articles\/90\/b2ap3_thumbnail_1.jpg\" \/>\n<meta name=\"twitter:card\" content=\"summary_large_image\" \/>\n<meta name=\"twitter:label1\" content=\"Gesch\u00e4tzte Lesezeit\" \/>\n\t<meta name=\"twitter:data1\" content=\"8\u00a0Minuten\" \/>\n<script type=\"application\/ld+json\" class=\"yoast-schema-graph\">{\"@context\":\"https:\/\/schema.org\",\"@graph\":[{\"@type\":\"WebPage\",\"@id\":\"https:\/\/artisjet-printers.eu\/technology\/uv-led-ink-system\/\",\"url\":\"https:\/\/artisjet-printers.eu\/technology\/uv-led-ink-system\/\",\"name\":\"UV-LED-Tintensystem | Artisjet Europe\",\"isPartOf\":{\"@id\":\"https:\/\/artisjet-printers.eu\/#website\"},\"datePublished\":\"2026-03-18T21:29:19+00:00\",\"dateModified\":\"2026-03-19T06:38:22+00:00\",\"breadcrumb\":{\"@id\":\"https:\/\/artisjet-printers.eu\/technology\/uv-led-ink-system\/#breadcrumb\"},\"inLanguage\":\"de\",\"potentialAction\":[{\"@type\":\"ReadAction\",\"target\":[\"https:\/\/artisjet-printers.eu\/technology\/uv-led-ink-system\/\"]}]},{\"@type\":\"BreadcrumbList\",\"@id\":\"https:\/\/artisjet-printers.eu\/technology\/uv-led-ink-system\/#breadcrumb\",\"itemListElement\":[{\"@type\":\"ListItem\",\"position\":1,\"name\":\"Home\",\"item\":\"https:\/\/artisjet-printers.eu\/\"},{\"@type\":\"ListItem\",\"position\":2,\"name\":\"Technologie d\u2019impression UV\",\"item\":\"https:\/\/artisjet-printers.eu\/technology\/\"},{\"@type\":\"ListItem\",\"position\":3,\"name\":\"Syst\u00e8me d\u2019encre UV-LED\"}]},{\"@type\":\"WebSite\",\"@id\":\"https:\/\/artisjet-printers.eu\/#website\",\"url\":\"https:\/\/artisjet-printers.eu\/\",\"name\":\"Artisjet Europe\",\"description\":\"Official distributor in Europe\",\"publisher\":{\"@id\":\"https:\/\/artisjet-printers.eu\/#organization\"},\"potentialAction\":[{\"@type\":\"SearchAction\",\"target\":{\"@type\":\"EntryPoint\",\"urlTemplate\":\"https:\/\/artisjet-printers.eu\/?s={search_term_string}\"},\"query-input\":\"required name=search_term_string\"}],\"inLanguage\":\"de\"},{\"@type\":\"Organization\",\"@id\":\"https:\/\/artisjet-printers.eu\/#organization\",\"name\":\"ArtisJet\",\"url\":\"https:\/\/artisjet-printers.eu\/\",\"logo\":{\"@type\":\"ImageObject\",\"inLanguage\":\"de\",\"@id\":\"https:\/\/artisjet-printers.eu\/#\/schema\/logo\/image\/\",\"url\":\"https:\/\/artisjet-printers.eu\/wp-content\/uploads\/2017\/12\/logoartisjet.jpg\",\"contentUrl\":\"https:\/\/artisjet-printers.eu\/wp-content\/uploads\/2017\/12\/logoartisjet.jpg\",\"width\":217,\"height\":80,\"caption\":\"ArtisJet\"},\"image\":{\"@id\":\"https:\/\/artisjet-printers.eu\/#\/schema\/logo\/image\/\"}}]}<\/script>\n<!-- \/ Yoast SEO plugin. -->","yoast_head_json":{"title":"UV-LED-Tintensystem | Artisjet Europe","robots":{"index":"index","follow":"follow","max-snippet":"max-snippet:-1","max-image-preview":"max-image-preview:large","max-video-preview":"max-video-preview:-1"},"canonical":"https:\/\/artisjet-printers.eu\/technology\/uv-led-ink-system\/","og_locale":"de_DE","og_type":"article","og_title":"UV-LED-Tintensystem | Artisjet Europe","og_url":"https:\/\/artisjet-printers.eu\/technology\/uv-led-ink-system\/","og_site_name":"Artisjet Europe","article_modified_time":"2026-03-19T06:38:22+00:00","og_image":[{"url":"https:\/\/www.artisjet.com\/images\/easyblog_articles\/90\/b2ap3_thumbnail_1.jpg"}],"twitter_card":"summary_large_image","twitter_misc":{"Gesch\u00e4tzte Lesezeit":"8\u00a0Minuten"},"schema":{"@context":"https:\/\/schema.org","@graph":[{"@type":"WebPage","@id":"https:\/\/artisjet-printers.eu\/technology\/uv-led-ink-system\/","url":"https:\/\/artisjet-printers.eu\/technology\/uv-led-ink-system\/","name":"UV-LED-Tintensystem | Artisjet Europe","isPartOf":{"@id":"https:\/\/artisjet-printers.eu\/#website"},"datePublished":"2026-03-18T21:29:19+00:00","dateModified":"2026-03-19T06:38:22+00:00","breadcrumb":{"@id":"https:\/\/artisjet-printers.eu\/technology\/uv-led-ink-system\/#breadcrumb"},"inLanguage":"de","potentialAction":[{"@type":"ReadAction","target":["https:\/\/artisjet-printers.eu\/technology\/uv-led-ink-system\/"]}]},{"@type":"BreadcrumbList","@id":"https:\/\/artisjet-printers.eu\/technology\/uv-led-ink-system\/#breadcrumb","itemListElement":[{"@type":"ListItem","position":1,"name":"Home","item":"https:\/\/artisjet-printers.eu\/"},{"@type":"ListItem","position":2,"name":"Technologie d\u2019impression UV","item":"https:\/\/artisjet-printers.eu\/technology\/"},{"@type":"ListItem","position":3,"name":"Syst\u00e8me d\u2019encre UV-LED"}]},{"@type":"WebSite","@id":"https:\/\/artisjet-printers.eu\/#website","url":"https:\/\/artisjet-printers.eu\/","name":"Artisjet Europe","description":"Official distributor in Europe","publisher":{"@id":"https:\/\/artisjet-printers.eu\/#organization"},"potentialAction":[{"@type":"SearchAction","target":{"@type":"EntryPoint","urlTemplate":"https:\/\/artisjet-printers.eu\/?s={search_term_string}"},"query-input":"required name=search_term_string"}],"inLanguage":"de"},{"@type":"Organization","@id":"https:\/\/artisjet-printers.eu\/#organization","name":"ArtisJet","url":"https:\/\/artisjet-printers.eu\/","logo":{"@type":"ImageObject","inLanguage":"de","@id":"https:\/\/artisjet-printers.eu\/#\/schema\/logo\/image\/","url":"https:\/\/artisjet-printers.eu\/wp-content\/uploads\/2017\/12\/logoartisjet.jpg","contentUrl":"https:\/\/artisjet-printers.eu\/wp-content\/uploads\/2017\/12\/logoartisjet.jpg","width":217,"height":80,"caption":"ArtisJet"},"image":{"@id":"https:\/\/artisjet-printers.eu\/#\/schema\/logo\/image\/"}}]}},"_links":{"self":[{"href":"https:\/\/artisjet-printers.eu\/de\/wp-json\/wp\/v2\/pages\/9030","targetHints":{"allow":["GET"]}}],"collection":[{"href":"https:\/\/artisjet-printers.eu\/de\/wp-json\/wp\/v2\/pages"}],"about":[{"href":"https:\/\/artisjet-printers.eu\/de\/wp-json\/wp\/v2\/types\/page"}],"author":[{"embeddable":true,"href":"https:\/\/artisjet-printers.eu\/de\/wp-json\/wp\/v2\/users\/1"}],"replies":[{"embeddable":true,"href":"https:\/\/artisjet-printers.eu\/de\/wp-json\/wp\/v2\/comments?post=9030"}],"version-history":[{"count":1,"href":"https:\/\/artisjet-printers.eu\/de\/wp-json\/wp\/v2\/pages\/9030\/revisions"}],"predecessor-version":[{"id":9068,"href":"https:\/\/artisjet-printers.eu\/de\/wp-json\/wp\/v2\/pages\/9030\/revisions\/9068"}],"up":[{"embeddable":true,"href":"https:\/\/artisjet-printers.eu\/de\/wp-json\/wp\/v2\/pages\/9013"}],"wp:attachment":[{"href":"https:\/\/artisjet-printers.eu\/de\/wp-json\/wp\/v2\/media?parent=9030"}],"curies":[{"name":"wp","href":"https:\/\/api.w.org\/{rel}","templated":true}]}}