{"id":9029,"date":"2026-03-18T21:29:19","date_gmt":"2026-03-18T21:29:19","guid":{"rendered":"https:\/\/artisjet-printers.eu\/dtg-textile-printing\/"},"modified":"2026-03-19T07:38:22","modified_gmt":"2026-03-19T06:38:22","slug":"dtg-textile-printing","status":"publish","type":"page","link":"https:\/\/artisjet-printers.eu\/de\/technology\/dtg-textile-printing\/","title":{"rendered":"DTG-Textildruck"},"content":{"rendered":"\n<div class=\"wp-block-group aj-article\"><div class=\"wp-block-group__inner-container is-layout-constrained wp-block-group-is-layout-constrained\">\n\n\n<h1 class=\"wp-block-heading\">Was ist digitaler Direktdruck auf Stoffe (DTG)?<\/h1>\n\n\n\n<p><strong>Direktdruck auf Kleidung<\/strong>, auch als DTG (Direct to Garment) bekannt, ist ein Druckverfahren auf Textilien und Kleidungsst\u00fccken mit spezialisierter Tintenstrahl-Technologie. Es tr\u00e4gt spezielle Tinten direkt auf den Stoff auf, die von den Fasern absorbiert werden.<\/p>\n\n\n\n<figure class=\"wp-block-image size-large\"><img decoding=\"async\" src=\"https:\/\/www.artisjet.com\/images\/easyblog_articles\/202\/dtg-banner.jpg\" alt=\"artisJet DTG direct to garment printing banner\"\/><\/figure>\n\n\n\n<h2 class=\"wp-block-heading\">DTG vs. andere Druckmethoden f\u00fcr Kleidung<\/h2>\n\n\n\n<ul class=\"wp-block-list\">\n\n<li><strong>Sublimation<\/strong> \u2014 das Bild wird zuerst auf Transferpapier gedruckt, dann mit W\u00e4rme und Druck auf den Stoff aufgebracht. Beschr\u00e4nkt auf Polyester.<\/li>\n\n\n<li><strong>W\u00e4rmetransfer<\/strong> \u2014 kombiniert W\u00e4rme und Druck f\u00fcr Designs. Geeignet f\u00fcr kurze Auflagen, aber mit Haltbarkeitslimitierungen.<\/li>\n\n\n<li><strong>Siebdruck<\/strong> \u2014 dr\u00fcckt Tinte durch ein Netz. Ausgezeichnet f\u00fcr gro\u00dfe Auflagen, aber komplex f\u00fcr personalisierte oder kurze Serien.<\/li>\n\n\n<li><strong>Digitaler DTG<\/strong> \u2014 druckt direkt auf das Kleidungsst\u00fcck wie auf Papier. Viel weniger Zeit und Arbeitsaufwand als traditionelle Methoden.<\/li>\n\n<\/ul>\n\n\n\n<h2 class=\"wp-block-heading\">Vorteile des DTG-Drucks<\/h2>\n\n\n\n<div class=\"wp-block-columns is-layout-flex wp-container-core-columns-is-layout-9d6595d7 wp-block-columns-is-layout-flex\">\n\n<div class=\"wp-block-column is-layout-flow wp-block-column-is-layout-flow\">\n\n<figure class=\"wp-block-image size-medium\"><img decoding=\"async\" src=\"https:\/\/www.artisjet.com\/images\/easyblog_articles\/202\/b2ap3_thumbnail_img-1.jpg\" alt=\"DTG print on t-shirt example 1\"\/><\/figure>\n\n<\/div>\n\n\n<div class=\"wp-block-column is-layout-flow wp-block-column-is-layout-flow\">\n\n<figure class=\"wp-block-image size-medium\"><img decoding=\"async\" src=\"https:\/\/www.artisjet.com\/images\/easyblog_articles\/202\/b2ap3_thumbnail_img-2.jpg\" alt=\"DTG print on t-shirt example 2\"\/><\/figure>\n\n<\/div>\n\n<\/div>\n\n\n\n<ul class=\"wp-block-list\">\n\n<li>\u2705 Die meisten farbigen Kleidungsst\u00fccke k\u00f6nnen bedruckt werden \u2014 wei\u00dfer Tintenkanal f\u00fcr dunkle und transparente Hintergr\u00fcnde.<\/li>\n\n\n<li>\u2705 Breite Anwendungspalette: T-Shirts, M\u00fctzen, Sweatshirts, Socken, Taschen, Handt\u00fccher und mehr.<\/li>\n\n\n<li>\u2705 Wasserbasierte Tinten, <strong>nicht toxisch und umweltfreundlich<\/strong>, mit ausgezeichneter Farbfixierung, hoher Elastizit\u00e4t und ohne Rissbildung.<\/li>\n\n\n<li>\u2705 Ideal f\u00fcr kurze Auflagen, Prototypen und hochwertige personalisierte Kleidung.<\/li>\n\n\n<li>\u2705 Verschiedene <strong>On-Demand-Druckplatten<\/strong> zur Prozessvereinfachung \u2014 einfach zu drucken zu niedrigen Kosten ohne Bestellmengenlimit.<\/li>\n\n<\/ul>\n\n\n\n<h2 class=\"wp-block-heading\">Der DTG-Druckprozess ist einfach<\/h2>\n\n\n\n<ul class=\"wp-block-list\">\n\n<li><strong>1. Vorbehandlung<\/strong> \u2014 bereitet das Kleidungsst\u00fcck f\u00fcr den Druck vor.<\/li>\n\n\n<li><strong>2. Drucker laden<\/strong> \u2014 legen Sie das Kleidungsst\u00fcck ein und bereiten Sie sich zum Drucken vor.<\/li>\n\n\n<li><strong>3. Drucken und verkaufen<\/strong> \u2014 lassen Sie den Drucker seine Arbeit machen, finish mit W\u00e4rmepresse und verkaufen.<\/li>\n\n<\/ul>\n\n\n\n<h2 class=\"wp-block-heading\">Empfohlene artisJet DTG-Drucker<\/h2>\n\n\n\n<div class=\"wp-block-columns is-layout-flex wp-container-core-columns-is-layout-9d6595d7 wp-block-columns-is-layout-flex\">\n\n<div class=\"wp-block-column is-layout-flow wp-block-column-is-layout-flow\">\n\n<figure class=\"wp-block-image size-medium\"><img decoding=\"async\" src=\"https:\/\/www.artisjet.com\/images\/easyblog_articles\/202\/b2ap3_thumbnail_3000T.jpg\" alt=\"artisJet artis 3000T DTG printer\"\/><\/figure>\n\n\n<p><strong>artis 3000T<\/strong> \u2014 B3-Format, ideal f\u00fcr KMU und professionelle Personalisierung.<\/p>\n\n<\/div>\n\n\n<div class=\"wp-block-column is-layout-flow wp-block-column-is-layout-flow\">\n\n<figure class=\"wp-block-image size-medium\"><img decoding=\"async\" src=\"https:\/\/www.artisjet.com\/images\/easyblog_articles\/202\/b2ap3_thumbnail_5000T.jpg\" alt=\"artisJet artis 5000T DTG printer\"\/><\/figure>\n\n\n<p><strong>artis 5000T<\/strong> \u2014 gr\u00f6\u00dferes Format und h\u00f6here Geschwindigkeit f\u00fcr gr\u00f6\u00dferes Produktionsvolumen.<\/p>\n\n<\/div>\n\n<\/div>\n\n\n\n<div class=\"wp-block-group has-background\" style=\"background-color:#f5f5f5;padding-top:1.5rem;padding-right:1.5rem;padding-bottom:1.5rem;padding-left:1.5rem\"><div class=\"wp-block-group__inner-container is-layout-constrained wp-container-core-group-is-layout-1675ba18 wp-block-group-is-layout-constrained\">\n\n<p>M\u00f6chten Sie DTG-Druck f\u00fcr Ihr Textilgesch\u00e4ft erkunden? Fordern Sie ein Muster oder eine Demo an.<br\/><br\/>\ud83d\udcde <a href=\"tel:+4921154690\u200b38\">+49 211 54 69 038<\/a> \u00b7 \ud83d\udce7 <a href=\"mailto:info@artisjet-printers.eu\">info@artisjet-printers.eu<\/a><\/p>\n\n\n<div class=\"wp-block-buttons is-layout-flex wp-block-buttons-is-layout-flex\">\n\n<div class=\"wp-block-button\"><a class=\"wp-block-button__link wp-element-button\" href=\"\/de\/contact\/\">DTG-Muster anfordern<\/a><\/div>\n\n<\/div>\n\n<\/div><\/div>\n\n\n<\/div><\/div>\n","protected":false},"excerpt":{"rendered":"<p>Was ist digitaler Direktdruck auf Stoffe (DTG)? Direktdruck auf Kleidung, auch als DTG (Direct to Garment) bekannt, ist ein Druckverfahren auf Textilien und Kleidungsst\u00fccken mit spezialisierter Tintenstrahl-Technologie. Es tr\u00e4gt spezielle Tinten direkt auf den Stoff auf, die von den Fasern<\/p>\n","protected":false},"author":1,"featured_media":0,"parent":9013,"menu_order":0,"comment_status":"closed","ping_status":"closed","template":"","meta":{"ngg_post_thumbnail":0,"footnotes":""},"class_list":["post-9029","page","type-page","status-publish","hentry"],"translation":{"provider":"WPGlobus","version":"2.12.2","language":"de","enabled_languages":["fr","de","pt","en"],"languages":{"fr":{"title":true,"content":true,"excerpt":false},"de":{"title":true,"content":true,"excerpt":false},"pt":{"title":true,"content":true,"excerpt":false},"en":{"title":true,"content":true,"excerpt":false}}},"yoast_head":"<!-- This site is optimized with the Yoast SEO plugin v22.0 - https:\/\/yoast.com\/wordpress\/plugins\/seo\/ -->\n<title>DTG-Textildruck | Artisjet Europe<\/title>\n<meta name=\"robots\" content=\"index, follow, max-snippet:-1, max-image-preview:large, max-video-preview:-1\" \/>\n<link rel=\"canonical\" href=\"https:\/\/artisjet-printers.eu\/technology\/dtg-textile-printing\/\" \/>\n<meta property=\"og:locale\" content=\"de_DE\" \/>\n<meta property=\"og:type\" content=\"article\" \/>\n<meta property=\"og:title\" content=\"DTG-Textildruck | Artisjet Europe\" \/>\n<meta property=\"og:url\" content=\"https:\/\/artisjet-printers.eu\/technology\/dtg-textile-printing\/\" \/>\n<meta property=\"og:site_name\" content=\"Artisjet Europe\" \/>\n<meta property=\"article:modified_time\" content=\"2026-03-19T06:38:22+00:00\" \/>\n<meta property=\"og:image\" content=\"https:\/\/www.artisjet.com\/images\/easyblog_articles\/202\/dtg-banner.jpg\" \/>\n<meta name=\"twitter:card\" content=\"summary_large_image\" \/>\n<meta name=\"twitter:label1\" content=\"Gesch\u00e4tzte Lesezeit\" \/>\n\t<meta name=\"twitter:data1\" content=\"7\u00a0Minuten\" \/>\n<script type=\"application\/ld+json\" class=\"yoast-schema-graph\">{\"@context\":\"https:\/\/schema.org\",\"@graph\":[{\"@type\":\"WebPage\",\"@id\":\"https:\/\/artisjet-printers.eu\/technology\/dtg-textile-printing\/\",\"url\":\"https:\/\/artisjet-printers.eu\/technology\/dtg-textile-printing\/\",\"name\":\"DTG-Textildruck | Artisjet Europe\",\"isPartOf\":{\"@id\":\"https:\/\/artisjet-printers.eu\/#website\"},\"datePublished\":\"2026-03-18T21:29:19+00:00\",\"dateModified\":\"2026-03-19T06:38:22+00:00\",\"breadcrumb\":{\"@id\":\"https:\/\/artisjet-printers.eu\/technology\/dtg-textile-printing\/#breadcrumb\"},\"inLanguage\":\"de\",\"potentialAction\":[{\"@type\":\"ReadAction\",\"target\":[\"https:\/\/artisjet-printers.eu\/technology\/dtg-textile-printing\/\"]}]},{\"@type\":\"BreadcrumbList\",\"@id\":\"https:\/\/artisjet-printers.eu\/technology\/dtg-textile-printing\/#breadcrumb\",\"itemListElement\":[{\"@type\":\"ListItem\",\"position\":1,\"name\":\"Home\",\"item\":\"https:\/\/artisjet-printers.eu\/\"},{\"@type\":\"ListItem\",\"position\":2,\"name\":\"Technologie d\u2019impression UV\",\"item\":\"https:\/\/artisjet-printers.eu\/technology\/\"},{\"@type\":\"ListItem\",\"position\":3,\"name\":\"Impression DTG sur textiles\"}]},{\"@type\":\"WebSite\",\"@id\":\"https:\/\/artisjet-printers.eu\/#website\",\"url\":\"https:\/\/artisjet-printers.eu\/\",\"name\":\"Artisjet Europe\",\"description\":\"Official distributor in Europe\",\"publisher\":{\"@id\":\"https:\/\/artisjet-printers.eu\/#organization\"},\"potentialAction\":[{\"@type\":\"SearchAction\",\"target\":{\"@type\":\"EntryPoint\",\"urlTemplate\":\"https:\/\/artisjet-printers.eu\/?s={search_term_string}\"},\"query-input\":\"required name=search_term_string\"}],\"inLanguage\":\"de\"},{\"@type\":\"Organization\",\"@id\":\"https:\/\/artisjet-printers.eu\/#organization\",\"name\":\"ArtisJet\",\"url\":\"https:\/\/artisjet-printers.eu\/\",\"logo\":{\"@type\":\"ImageObject\",\"inLanguage\":\"de\",\"@id\":\"https:\/\/artisjet-printers.eu\/#\/schema\/logo\/image\/\",\"url\":\"https:\/\/artisjet-printers.eu\/wp-content\/uploads\/2017\/12\/logoartisjet.jpg\",\"contentUrl\":\"https:\/\/artisjet-printers.eu\/wp-content\/uploads\/2017\/12\/logoartisjet.jpg\",\"width\":217,\"height\":80,\"caption\":\"ArtisJet\"},\"image\":{\"@id\":\"https:\/\/artisjet-printers.eu\/#\/schema\/logo\/image\/\"}}]}<\/script>\n<!-- \/ Yoast SEO plugin. -->","yoast_head_json":{"title":"DTG-Textildruck | Artisjet Europe","robots":{"index":"index","follow":"follow","max-snippet":"max-snippet:-1","max-image-preview":"max-image-preview:large","max-video-preview":"max-video-preview:-1"},"canonical":"https:\/\/artisjet-printers.eu\/technology\/dtg-textile-printing\/","og_locale":"de_DE","og_type":"article","og_title":"DTG-Textildruck | Artisjet Europe","og_url":"https:\/\/artisjet-printers.eu\/technology\/dtg-textile-printing\/","og_site_name":"Artisjet Europe","article_modified_time":"2026-03-19T06:38:22+00:00","og_image":[{"url":"https:\/\/www.artisjet.com\/images\/easyblog_articles\/202\/dtg-banner.jpg"}],"twitter_card":"summary_large_image","twitter_misc":{"Gesch\u00e4tzte Lesezeit":"7\u00a0Minuten"},"schema":{"@context":"https:\/\/schema.org","@graph":[{"@type":"WebPage","@id":"https:\/\/artisjet-printers.eu\/technology\/dtg-textile-printing\/","url":"https:\/\/artisjet-printers.eu\/technology\/dtg-textile-printing\/","name":"DTG-Textildruck | Artisjet Europe","isPartOf":{"@id":"https:\/\/artisjet-printers.eu\/#website"},"datePublished":"2026-03-18T21:29:19+00:00","dateModified":"2026-03-19T06:38:22+00:00","breadcrumb":{"@id":"https:\/\/artisjet-printers.eu\/technology\/dtg-textile-printing\/#breadcrumb"},"inLanguage":"de","potentialAction":[{"@type":"ReadAction","target":["https:\/\/artisjet-printers.eu\/technology\/dtg-textile-printing\/"]}]},{"@type":"BreadcrumbList","@id":"https:\/\/artisjet-printers.eu\/technology\/dtg-textile-printing\/#breadcrumb","itemListElement":[{"@type":"ListItem","position":1,"name":"Home","item":"https:\/\/artisjet-printers.eu\/"},{"@type":"ListItem","position":2,"name":"Technologie d\u2019impression UV","item":"https:\/\/artisjet-printers.eu\/technology\/"},{"@type":"ListItem","position":3,"name":"Impression DTG sur textiles"}]},{"@type":"WebSite","@id":"https:\/\/artisjet-printers.eu\/#website","url":"https:\/\/artisjet-printers.eu\/","name":"Artisjet Europe","description":"Official distributor in Europe","publisher":{"@id":"https:\/\/artisjet-printers.eu\/#organization"},"potentialAction":[{"@type":"SearchAction","target":{"@type":"EntryPoint","urlTemplate":"https:\/\/artisjet-printers.eu\/?s={search_term_string}"},"query-input":"required name=search_term_string"}],"inLanguage":"de"},{"@type":"Organization","@id":"https:\/\/artisjet-printers.eu\/#organization","name":"ArtisJet","url":"https:\/\/artisjet-printers.eu\/","logo":{"@type":"ImageObject","inLanguage":"de","@id":"https:\/\/artisjet-printers.eu\/#\/schema\/logo\/image\/","url":"https:\/\/artisjet-printers.eu\/wp-content\/uploads\/2017\/12\/logoartisjet.jpg","contentUrl":"https:\/\/artisjet-printers.eu\/wp-content\/uploads\/2017\/12\/logoartisjet.jpg","width":217,"height":80,"caption":"ArtisJet"},"image":{"@id":"https:\/\/artisjet-printers.eu\/#\/schema\/logo\/image\/"}}]}},"_links":{"self":[{"href":"https:\/\/artisjet-printers.eu\/de\/wp-json\/wp\/v2\/pages\/9029","targetHints":{"allow":["GET"]}}],"collection":[{"href":"https:\/\/artisjet-printers.eu\/de\/wp-json\/wp\/v2\/pages"}],"about":[{"href":"https:\/\/artisjet-printers.eu\/de\/wp-json\/wp\/v2\/types\/page"}],"author":[{"embeddable":true,"href":"https:\/\/artisjet-printers.eu\/de\/wp-json\/wp\/v2\/users\/1"}],"replies":[{"embeddable":true,"href":"https:\/\/artisjet-printers.eu\/de\/wp-json\/wp\/v2\/comments?post=9029"}],"version-history":[{"count":1,"href":"https:\/\/artisjet-printers.eu\/de\/wp-json\/wp\/v2\/pages\/9029\/revisions"}],"predecessor-version":[{"id":9092,"href":"https:\/\/artisjet-printers.eu\/de\/wp-json\/wp\/v2\/pages\/9029\/revisions\/9092"}],"up":[{"embeddable":true,"href":"https:\/\/artisjet-printers.eu\/de\/wp-json\/wp\/v2\/pages\/9013"}],"wp:attachment":[{"href":"https:\/\/artisjet-printers.eu\/de\/wp-json\/wp\/v2\/media?parent=9029"}],"curies":[{"name":"wp","href":"https:\/\/api.w.org\/{rel}","templated":true}]}}