{"id":9028,"date":"2026-03-18T21:29:19","date_gmt":"2026-03-18T21:29:19","guid":{"rendered":"https:\/\/artisjet-printers.eu\/uv-printing-plastics\/"},"modified":"2026-03-19T07:38:21","modified_gmt":"2026-03-19T06:38:21","slug":"uv-printing-plastics","status":"publish","type":"page","link":"https:\/\/artisjet-printers.eu\/de\/technology\/uv-printing-plastics\/","title":{"rendered":"UV-Druck auf Kunststoffe"},"content":{"rendered":"\n<div class=\"wp-block-group aj-article\"><div class=\"wp-block-group__inner-container is-layout-constrained wp-block-group-is-layout-constrained\">\n\n\n<h1 class=\"wp-block-heading\">H\u00e4ufige Probleme beim direkten UV-LED-Druck auf Kunststoffe \u2014 und wie artisJet sie l\u00f6st<\/h1>\n\n\n\n<p>Was eine UV-LED-Druckerin von anderen Drucktechnologien unterscheidet, ist die UV-H\u00e4rtungstechnologie. UV-LED-Druck ist eine ber\u00fchrungslose Tintenstrahldrucktechnik, die Tintentropfen direkt auf dem bedruckbaren Substrat sofort aush\u00e4rtet oder trocknet. Es ist erstaunlich, was ein einziger UV-LED-Drucker produzieren kann.<\/p>\n\n\n\n<h2 class=\"wp-block-heading\">Welche h\u00e4ufigen Probleme gibt es beim UV-LED-Druck auf Kunststoffe?<\/h2>\n\n\n\n<h3 class=\"wp-block-heading\">1. Fliegende Tinten, die Materialien verschmutzen<\/h3>\n\n\n\n<p>Alle Digitaldrucker verteilen Farben mithilfe von Piezotechnologie. Einige Tintentropfen k\u00f6nnen jedoch aufgrund der Luftbewegung w\u00e4hrend des Druckerbetriebs zuf\u00e4llig spritzen. Dies erzeugt Staub und verschmutzt das Tintensystem und den Druckkopf, was deren Lebensdauer verk\u00fcrzt.<\/p>\n\n\n\n<h3 class=\"wp-block-heading\">2. Statische Elektrizit\u00e4t der Materialien, die Doppeldruck verursacht<\/h3>\n\n\n\n<p>Die elektrostatische Ladung der Oberfl\u00e4che ist auch die Ursache vieler h\u00e4ufiger Druckfehler. Statische Elektrizit\u00e4t, die von Kunststoffen, Papier, Glas, Keramik und anderen nicht leitenden Materialien erzeugt wird, st\u00f6rt die Tintenrichtung w\u00e4hrend des Drucks und lenkt Tintenteilchen von ihren vorgesehenen Bahnen ab, was Fehler wie Doppeldruck verursacht.<\/p>\n\n\n\n<h2 class=\"wp-block-heading\">Wie l\u00f6st artisJet das?<\/h2>\n\n\n\n<h3 class=\"wp-block-heading\">Filtersystem zur Absorption fliegender Tintentropfen<\/h3>\n\n\n\n<div class=\"wp-block-columns is-layout-flex wp-container-core-columns-is-layout-9d6595d7 wp-block-columns-is-layout-flex\">\n\n<div class=\"wp-block-column is-layout-flow wp-block-column-is-layout-flow\">\n\n<figure class=\"wp-block-image size-medium\"><img decoding=\"async\" src=\"https:\/\/www.artisjet.com\/images\/easyblog_articles\/219\/air-filtering-system-front-view.jpg\" alt=\"artisJet air filtering system front\"\/><\/figure>\n\n<\/div>\n\n\n<div class=\"wp-block-column is-layout-flow wp-block-column-is-layout-flow\">\n\n<figure class=\"wp-block-image size-medium\"><img decoding=\"async\" src=\"https:\/\/www.artisjet.com\/images\/easyblog_articles\/219\/air-filtering-system-back-view.jpg\" alt=\"artisJet air filtering system back\"\/><\/figure>\n\n<\/div>\n\n<\/div>\n\n\n\n<p>artisJet UV-LED-Digitaldrucker sind mit einem <strong>professionellen Filtersystem<\/strong> nahe dem Schlitten (ca. 7\u00a0cm) ausgestattet, das den durch Tinten erzeugten Staub minimiert. Dies f\u00fchrt zu einer l\u00e4ngeren Lebensdauer des gesamten Tintensystems und zu sauberen, klaren Drucken.<\/p>\n\n\n\n<h3 class=\"wp-block-heading\">Antistatisches System zur Neutralisierung der Materialelektrizit\u00e4t<\/h3>\n\n\n\n<figure class=\"wp-block-image size-medium\"><img decoding=\"async\" src=\"https:\/\/www.artisjet.com\/images\/easyblog_articles\/219\/electrostatic-rod.jpg\" alt=\"artisJet anti-static bar\"\/><\/figure>\n\n\n\n<p>Die <strong>artisJet-Antistatikst\u00e4be<\/strong>, die am Materialeingangsport 2\u00a0cm vor Druckbeginn installiert sind, k\u00f6nnen gro\u00dfe Mengen positiver und negativer Luftmasseladungen erzeugen, die die Oberfl\u00e4chenelektrizit\u00e4t des Objekts neutralisieren. Wenn die Objektoberfl\u00e4che negativ geladen ist, zieht sie die positive Ladung im Strahlungsbereich an, und umgekehrt, wodurch die statische Elektrizit\u00e4t der Oberfl\u00e4che neutralisiert wird.<\/p>\n\n\n\n<h2 class=\"wp-block-heading\">Kombinierte Vorteile<\/h2>\n\n\n\n<ul class=\"wp-block-list\">\n\n<li>\u2705 L\u00e4ngere Lebensdauer des gesamten Tintensystems<\/li>\n\n\n<li>\u2705 Saubere und klare Drucke ohne Flecken oder Doppeldruck<\/li>\n\n\n<li>\u2705 100\u00a0% garantierte Tintentropfenrichtung<\/li>\n\n\n<li>\u2705 Keine Ozon-Emissionen oder gef\u00e4hrliche Abf\u00e4lle \u2014 sicher f\u00fcr Shops, Kioske und \u00f6ffentliche R\u00e4ume<\/li>\n\n\n<li>\u2705 Kompatibel mit Kunststoff, Acrylglas, Glas, Aluminium, PVC, Keramik und vielem mehr<\/li>\n\n<\/ul>\n\n\n\n<div class=\"wp-block-group has-background\" style=\"background-color:#f5f5f5;padding-top:1.5rem;padding-right:1.5rem;padding-bottom:1.5rem;padding-left:1.5rem\"><div class=\"wp-block-group__inner-container is-layout-constrained wp-container-core-group-is-layout-1675ba18 wp-block-group-is-layout-constrained\">\n\n<p>Probleme beim Druck auf Kunststoffe oder andere Materialien? Unser technisches Team in Europa kann helfen.<br\/><br\/>\ud83d\udcde <a href=\"tel:+4921154690\u200b38\">+49 211 54 69 038<\/a> \u00b7 \ud83d\udce7 <a href=\"mailto:info@artisjet-printers.eu\">info@artisjet-printers.eu<\/a><\/p>\n\n\n<div class=\"wp-block-buttons is-layout-flex wp-block-buttons-is-layout-flex\">\n\n<div class=\"wp-block-button\"><a class=\"wp-block-button__link wp-element-button\" href=\"\/de\/contact\/\">Technischen Support kontaktieren<\/a><\/div>\n\n<\/div>\n\n<\/div><\/div>\n\n\n<\/div><\/div>\n","protected":false},"excerpt":{"rendered":"<p>H\u00e4ufige Probleme beim direkten UV-LED-Druck auf Kunststoffe \u2014 und wie artisJet sie l\u00f6st Was eine UV-LED-Druckerin von anderen Drucktechnologien unterscheidet, ist die UV-H\u00e4rtungstechnologie. UV-LED-Druck ist eine ber\u00fchrungslose Tintenstrahldrucktechnik, die Tintentropfen direkt auf dem bedruckbaren Substrat sofort aush\u00e4rtet oder trocknet. Es<\/p>\n","protected":false},"author":1,"featured_media":0,"parent":9013,"menu_order":0,"comment_status":"closed","ping_status":"closed","template":"","meta":{"ngg_post_thumbnail":0,"footnotes":""},"class_list":["post-9028","page","type-page","status-publish","hentry"],"translation":{"provider":"WPGlobus","version":"2.12.2","language":"de","enabled_languages":["fr","de","pt","en"],"languages":{"fr":{"title":true,"content":true,"excerpt":false},"de":{"title":true,"content":true,"excerpt":false},"pt":{"title":true,"content":true,"excerpt":false},"en":{"title":true,"content":true,"excerpt":false}}},"yoast_head":"<!-- This site is optimized with the Yoast SEO plugin v22.0 - https:\/\/yoast.com\/wordpress\/plugins\/seo\/ -->\n<title>UV-Druck auf Kunststoffe | Artisjet Europe<\/title>\n<meta name=\"robots\" content=\"index, follow, max-snippet:-1, max-image-preview:large, max-video-preview:-1\" \/>\n<link rel=\"canonical\" href=\"https:\/\/artisjet-printers.eu\/technology\/uv-printing-plastics\/\" \/>\n<meta property=\"og:locale\" content=\"de_DE\" \/>\n<meta property=\"og:type\" content=\"article\" \/>\n<meta property=\"og:title\" content=\"UV-Druck auf Kunststoffe | Artisjet Europe\" \/>\n<meta property=\"og:url\" content=\"https:\/\/artisjet-printers.eu\/technology\/uv-printing-plastics\/\" \/>\n<meta property=\"og:site_name\" content=\"Artisjet Europe\" \/>\n<meta property=\"article:modified_time\" content=\"2026-03-19T06:38:21+00:00\" \/>\n<meta property=\"og:image\" content=\"https:\/\/www.artisjet.com\/images\/easyblog_articles\/219\/air-filtering-system-front-view.jpg\" \/>\n<meta name=\"twitter:card\" content=\"summary_large_image\" \/>\n<meta name=\"twitter:label1\" content=\"Gesch\u00e4tzte Lesezeit\" \/>\n\t<meta name=\"twitter:data1\" content=\"8\u00a0Minuten\" \/>\n<script type=\"application\/ld+json\" class=\"yoast-schema-graph\">{\"@context\":\"https:\/\/schema.org\",\"@graph\":[{\"@type\":\"WebPage\",\"@id\":\"https:\/\/artisjet-printers.eu\/technology\/uv-printing-plastics\/\",\"url\":\"https:\/\/artisjet-printers.eu\/technology\/uv-printing-plastics\/\",\"name\":\"UV-Druck auf Kunststoffe | Artisjet Europe\",\"isPartOf\":{\"@id\":\"https:\/\/artisjet-printers.eu\/#website\"},\"datePublished\":\"2026-03-18T21:29:19+00:00\",\"dateModified\":\"2026-03-19T06:38:21+00:00\",\"breadcrumb\":{\"@id\":\"https:\/\/artisjet-printers.eu\/technology\/uv-printing-plastics\/#breadcrumb\"},\"inLanguage\":\"de\",\"potentialAction\":[{\"@type\":\"ReadAction\",\"target\":[\"https:\/\/artisjet-printers.eu\/technology\/uv-printing-plastics\/\"]}]},{\"@type\":\"BreadcrumbList\",\"@id\":\"https:\/\/artisjet-printers.eu\/technology\/uv-printing-plastics\/#breadcrumb\",\"itemListElement\":[{\"@type\":\"ListItem\",\"position\":1,\"name\":\"Home\",\"item\":\"https:\/\/artisjet-printers.eu\/\"},{\"@type\":\"ListItem\",\"position\":2,\"name\":\"Technologie d\u2019impression UV\",\"item\":\"https:\/\/artisjet-printers.eu\/technology\/\"},{\"@type\":\"ListItem\",\"position\":3,\"name\":\"Impression UV sur plastiques\"}]},{\"@type\":\"WebSite\",\"@id\":\"https:\/\/artisjet-printers.eu\/#website\",\"url\":\"https:\/\/artisjet-printers.eu\/\",\"name\":\"Artisjet Europe\",\"description\":\"Official distributor in Europe\",\"publisher\":{\"@id\":\"https:\/\/artisjet-printers.eu\/#organization\"},\"potentialAction\":[{\"@type\":\"SearchAction\",\"target\":{\"@type\":\"EntryPoint\",\"urlTemplate\":\"https:\/\/artisjet-printers.eu\/?s={search_term_string}\"},\"query-input\":\"required name=search_term_string\"}],\"inLanguage\":\"de\"},{\"@type\":\"Organization\",\"@id\":\"https:\/\/artisjet-printers.eu\/#organization\",\"name\":\"ArtisJet\",\"url\":\"https:\/\/artisjet-printers.eu\/\",\"logo\":{\"@type\":\"ImageObject\",\"inLanguage\":\"de\",\"@id\":\"https:\/\/artisjet-printers.eu\/#\/schema\/logo\/image\/\",\"url\":\"https:\/\/artisjet-printers.eu\/wp-content\/uploads\/2017\/12\/logoartisjet.jpg\",\"contentUrl\":\"https:\/\/artisjet-printers.eu\/wp-content\/uploads\/2017\/12\/logoartisjet.jpg\",\"width\":217,\"height\":80,\"caption\":\"ArtisJet\"},\"image\":{\"@id\":\"https:\/\/artisjet-printers.eu\/#\/schema\/logo\/image\/\"}}]}<\/script>\n<!-- \/ Yoast SEO plugin. -->","yoast_head_json":{"title":"UV-Druck auf Kunststoffe | Artisjet Europe","robots":{"index":"index","follow":"follow","max-snippet":"max-snippet:-1","max-image-preview":"max-image-preview:large","max-video-preview":"max-video-preview:-1"},"canonical":"https:\/\/artisjet-printers.eu\/technology\/uv-printing-plastics\/","og_locale":"de_DE","og_type":"article","og_title":"UV-Druck auf Kunststoffe | Artisjet Europe","og_url":"https:\/\/artisjet-printers.eu\/technology\/uv-printing-plastics\/","og_site_name":"Artisjet Europe","article_modified_time":"2026-03-19T06:38:21+00:00","og_image":[{"url":"https:\/\/www.artisjet.com\/images\/easyblog_articles\/219\/air-filtering-system-front-view.jpg"}],"twitter_card":"summary_large_image","twitter_misc":{"Gesch\u00e4tzte Lesezeit":"8\u00a0Minuten"},"schema":{"@context":"https:\/\/schema.org","@graph":[{"@type":"WebPage","@id":"https:\/\/artisjet-printers.eu\/technology\/uv-printing-plastics\/","url":"https:\/\/artisjet-printers.eu\/technology\/uv-printing-plastics\/","name":"UV-Druck auf Kunststoffe | Artisjet Europe","isPartOf":{"@id":"https:\/\/artisjet-printers.eu\/#website"},"datePublished":"2026-03-18T21:29:19+00:00","dateModified":"2026-03-19T06:38:21+00:00","breadcrumb":{"@id":"https:\/\/artisjet-printers.eu\/technology\/uv-printing-plastics\/#breadcrumb"},"inLanguage":"de","potentialAction":[{"@type":"ReadAction","target":["https:\/\/artisjet-printers.eu\/technology\/uv-printing-plastics\/"]}]},{"@type":"BreadcrumbList","@id":"https:\/\/artisjet-printers.eu\/technology\/uv-printing-plastics\/#breadcrumb","itemListElement":[{"@type":"ListItem","position":1,"name":"Home","item":"https:\/\/artisjet-printers.eu\/"},{"@type":"ListItem","position":2,"name":"Technologie d\u2019impression UV","item":"https:\/\/artisjet-printers.eu\/technology\/"},{"@type":"ListItem","position":3,"name":"Impression UV sur plastiques"}]},{"@type":"WebSite","@id":"https:\/\/artisjet-printers.eu\/#website","url":"https:\/\/artisjet-printers.eu\/","name":"Artisjet Europe","description":"Official distributor in Europe","publisher":{"@id":"https:\/\/artisjet-printers.eu\/#organization"},"potentialAction":[{"@type":"SearchAction","target":{"@type":"EntryPoint","urlTemplate":"https:\/\/artisjet-printers.eu\/?s={search_term_string}"},"query-input":"required name=search_term_string"}],"inLanguage":"de"},{"@type":"Organization","@id":"https:\/\/artisjet-printers.eu\/#organization","name":"ArtisJet","url":"https:\/\/artisjet-printers.eu\/","logo":{"@type":"ImageObject","inLanguage":"de","@id":"https:\/\/artisjet-printers.eu\/#\/schema\/logo\/image\/","url":"https:\/\/artisjet-printers.eu\/wp-content\/uploads\/2017\/12\/logoartisjet.jpg","contentUrl":"https:\/\/artisjet-printers.eu\/wp-content\/uploads\/2017\/12\/logoartisjet.jpg","width":217,"height":80,"caption":"ArtisJet"},"image":{"@id":"https:\/\/artisjet-printers.eu\/#\/schema\/logo\/image\/"}}]}},"_links":{"self":[{"href":"https:\/\/artisjet-printers.eu\/de\/wp-json\/wp\/v2\/pages\/9028","targetHints":{"allow":["GET"]}}],"collection":[{"href":"https:\/\/artisjet-printers.eu\/de\/wp-json\/wp\/v2\/pages"}],"about":[{"href":"https:\/\/artisjet-printers.eu\/de\/wp-json\/wp\/v2\/types\/page"}],"author":[{"embeddable":true,"href":"https:\/\/artisjet-printers.eu\/de\/wp-json\/wp\/v2\/users\/1"}],"replies":[{"embeddable":true,"href":"https:\/\/artisjet-printers.eu\/de\/wp-json\/wp\/v2\/comments?post=9028"}],"version-history":[{"count":1,"href":"https:\/\/artisjet-printers.eu\/de\/wp-json\/wp\/v2\/pages\/9028\/revisions"}],"predecessor-version":[{"id":9062,"href":"https:\/\/artisjet-printers.eu\/de\/wp-json\/wp\/v2\/pages\/9028\/revisions\/9062"}],"up":[{"embeddable":true,"href":"https:\/\/artisjet-printers.eu\/de\/wp-json\/wp\/v2\/pages\/9013"}],"wp:attachment":[{"href":"https:\/\/artisjet-printers.eu\/de\/wp-json\/wp\/v2\/media?parent=9028"}],"curies":[{"name":"wp","href":"https:\/\/api.w.org\/{rel}","templated":true}]}}