{"id":9026,"date":"2026-03-18T21:29:19","date_gmt":"2026-03-18T21:29:19","guid":{"rendered":"https:\/\/artisjet-printers.eu\/upgraded-print-system\/"},"modified":"2026-03-19T07:38:21","modified_gmt":"2026-03-19T06:38:21","slug":"upgraded-print-system","status":"publish","type":"page","link":"https:\/\/artisjet-printers.eu\/de\/technology\/upgraded-print-system\/","title":{"rendered":"Verbessertes Drucksystem"},"content":{"rendered":"\n<div class=\"wp-block-group aj-article\"><div class=\"wp-block-group__inner-container is-layout-constrained wp-block-group-is-layout-constrained\">\n\n\n<h1 class=\"wp-block-heading\">Verbessertes Drucksystem \u2014 Bessere Benutzererfahrung<\/h1>\n\n\n\n<p>Technologische Innovation und Systemaktualisierungen sind der Kern der Art und Weise, wie artisJet Kundenerwartungen erf\u00fcllt und \u00fcbertrifft. Basierend auf Nutzerfeedback hat artisJet zwei Schl\u00fcsselbereiche f\u00fcr Verbesserungen identifiziert: <strong>die Haltbarkeit des Tintensystems<\/strong> und <strong>die Software-Benutzererfahrung<\/strong>.<\/p>\n\n\n\n<figure class=\"wp-block-image size-large\"><img decoding=\"async\" src=\"https:\/\/www.artisjet.com\/images\/easyblog_articles\/242\/artisjet-upgrades-in-printing-system.jpg\" alt=\"artisJet printing system upgrades\"\/><\/figure>\n\n\n\n<h2 class=\"wp-block-heading\">Teil 1 \u2014 Das neue Doppelpumpensystem<\/h2>\n\n\n\n<p><em>Pr\u00e4ziser, konsistenter, langlebiger, sauberer und weniger Wartung<\/em><\/p>\n\n\n\n<figure class=\"wp-block-image size-large\"><img decoding=\"async\" src=\"https:\/\/www.artisjet.com\/images\/easyblog_articles\/242\/ink-system-new-dual-pump-system.jpg\" alt=\"artisJet new dual pump ink system\"\/><\/figure>\n\n\n\n<ul class=\"wp-block-list\">\n\n<li><strong>Intelligente Pumpe<\/strong> \u2014 f\u00f6rdert Tinte durch \u00e4u\u00dferes Komprimieren des Schlauchs in winzigen, pr\u00e4zisen Schritten. Gew\u00e4hrleistet jederzeit einen konstanten und pr\u00e4zisen Durchfluss.<\/li>\n\n\n<li><strong>Hohe Konsistenz<\/strong> \u2014 konstanter Tintenfluss ohne die schwankenden Pulse der fr\u00fcheren Saugpumpe.<\/li>\n\n\n<li><strong>Hohe Pr\u00e4zision und Zuverl\u00e4ssigkeit<\/strong> \u2014 Reinigungs- und Wartungsergebnisse sind konsistent.<\/li>\n\n\n<li><strong>H\u00f6here Haltbarkeit<\/strong> \u2014 die neue intelligente Pumpe hat keinen direkten Kontakt mit der Tinte, was jegliche nachteiligen Auswirkungen auf das Pumpensystem eliminiert.<\/li>\n\n\n<li><strong>Dedizierte Reinigungspumpe<\/strong> \u2014 leert den Tintenabfallbeh\u00e4lter, um das Innere und \u00c4u\u00dfere der Drucker sauber und ordentlich zu halten.<\/li>\n\n<\/ul>\n\n\n\n<h2 class=\"wp-block-heading\">Teil 2 \u2014 Software-Verbesserungen<\/h2>\n\n\n\n<figure class=\"wp-block-image size-large\"><img decoding=\"async\" src=\"https:\/\/www.artisjet.com\/images\/easyblog_articles\/242\/software-upgrades.jpg\" alt=\"artisJet software upgrades\"\/><\/figure>\n\n\n\n<ul class=\"wp-block-list\">\n\n<li><strong>Intelligenter Schlitten (Beta)<\/strong> \u2014 wenn nur ein kleiner Bereich gedruckt werden muss, kann der Druckkopf nur diesen Bereich ansteuern und so Zeit sparen.<\/li>\n\n\n<li><strong>Intelligente UV-Lampenenergiesparung<\/strong> \u2014 die UV-Lampe kann so programmiert werden, dass sie nur \u00fcber dem Druckbereich eingeschaltet wird und sich automatisch ausschaltet, wo keine Tinte aufgebracht wird.<\/li>\n\n\n<li><strong>API (\u00dcberwachungsordner)<\/strong> \u2014 \u00fcber einen \u00dcberwachungsordner werden Druckauftr\u00e4ge so einfach wie Drag-and-Drop erstellt. Die gew\u00fcnschten Einstellungen k\u00f6nnen f\u00fcr jeden Ordner programmiert werden.<\/li>\n\n\n<li><strong>Benutzerfreundlicherer USB-Stick<\/strong> \u2014 ein Popup-Fenster erscheint, wenn der Stick nicht angeschlossen ist. Die RIP-Software startet automatisch bei seiner Erkennung.<\/li>\n\n<\/ul>\n\n\n\n<h2 class=\"wp-block-heading\">Teil 3 \u2014 Weitere Verbesserungen<\/h2>\n\n\n\n<figure class=\"wp-block-image size-large\"><img decoding=\"async\" src=\"https:\/\/www.artisjet.com\/images\/easyblog_articles\/242\/more-printing-system-upgrades.jpg\" alt=\"artisJet more system upgrades\"\/><\/figure>\n\n\n\n<ul class=\"wp-block-list\">\n\n<li><strong>Neuer Tintenschlauch<\/strong> \u2014 hergestellt von Saint-Gobain, mit h\u00f6chstem Industriestandard in Korrosionsbest\u00e4ndigkeit.<\/li>\n\n\n<li><strong>Neue Industrief\u00fchrungen f\u00fcr artis 3000U Pro<\/strong> \u2014 pr\u00e4zisere Plattformbewegungen und mechanische Elemente, die weniger Wartung ben\u00f6tigen.<\/li>\n\n<\/ul>\n\n\n\n<div class=\"wp-block-group has-background\" style=\"background-color:#f5f5f5;padding-top:1.5rem;padding-right:1.5rem;padding-bottom:1.5rem;padding-left:1.5rem\"><div class=\"wp-block-group__inner-container is-layout-constrained wp-container-core-group-is-layout-1675ba18 wp-block-group-is-layout-constrained\">\n\n<p>Fragen zu Updates oder zur Wartung Ihres artisJet-Druckers?<br\/><br\/>\ud83d\udcde <a href=\"tel:+4921154690\u200b38\">+49 211 54 69 038<\/a> \u00b7 \ud83d\udce7 <a href=\"mailto:info@artisjet-printers.eu\">info@artisjet-printers.eu<\/a><\/p>\n\n\n<div class=\"wp-block-buttons is-layout-flex wp-block-buttons-is-layout-flex\">\n\n<div class=\"wp-block-button\"><a class=\"wp-block-button__link wp-element-button\" href=\"\/de\/contact\/\">artisJet Europe kontaktieren<\/a><\/div>\n\n<\/div>\n\n<\/div><\/div>\n\n\n<\/div><\/div>\n","protected":false},"excerpt":{"rendered":"<p>Verbessertes Drucksystem \u2014 Bessere Benutzererfahrung Technologische Innovation und Systemaktualisierungen sind der Kern der Art und Weise, wie artisJet Kundenerwartungen erf\u00fcllt und \u00fcbertrifft. Basierend auf Nutzerfeedback hat artisJet zwei Schl\u00fcsselbereiche f\u00fcr Verbesserungen identifiziert: die Haltbarkeit des Tintensystems und die Software-Benutzererfahrung. Teil<\/p>\n","protected":false},"author":1,"featured_media":0,"parent":9013,"menu_order":0,"comment_status":"closed","ping_status":"closed","template":"","meta":{"ngg_post_thumbnail":0,"footnotes":""},"class_list":["post-9026","page","type-page","status-publish","hentry"],"translation":{"provider":"WPGlobus","version":"2.12.2","language":"de","enabled_languages":["fr","de","pt","en"],"languages":{"fr":{"title":true,"content":true,"excerpt":false},"de":{"title":true,"content":true,"excerpt":false},"pt":{"title":true,"content":true,"excerpt":false},"en":{"title":true,"content":true,"excerpt":false}}},"yoast_head":"<!-- This site is optimized with the Yoast SEO plugin v22.0 - https:\/\/yoast.com\/wordpress\/plugins\/seo\/ -->\n<title>Verbessertes Drucksystem | Artisjet Europe<\/title>\n<meta name=\"robots\" content=\"index, follow, max-snippet:-1, max-image-preview:large, max-video-preview:-1\" \/>\n<link rel=\"canonical\" href=\"https:\/\/artisjet-printers.eu\/technology\/upgraded-print-system\/\" \/>\n<meta property=\"og:locale\" content=\"de_DE\" \/>\n<meta property=\"og:type\" content=\"article\" \/>\n<meta property=\"og:title\" content=\"Verbessertes Drucksystem | Artisjet Europe\" \/>\n<meta property=\"og:url\" content=\"https:\/\/artisjet-printers.eu\/technology\/upgraded-print-system\/\" \/>\n<meta property=\"og:site_name\" content=\"Artisjet Europe\" \/>\n<meta property=\"article:modified_time\" content=\"2026-03-19T06:38:21+00:00\" \/>\n<meta property=\"og:image\" content=\"https:\/\/www.artisjet.com\/images\/easyblog_articles\/242\/artisjet-upgrades-in-printing-system.jpg\" \/>\n<meta name=\"twitter:card\" content=\"summary_large_image\" \/>\n<meta name=\"twitter:label1\" content=\"Gesch\u00e4tzte Lesezeit\" \/>\n\t<meta name=\"twitter:data1\" content=\"7\u00a0Minuten\" \/>\n<script type=\"application\/ld+json\" class=\"yoast-schema-graph\">{\"@context\":\"https:\/\/schema.org\",\"@graph\":[{\"@type\":\"WebPage\",\"@id\":\"https:\/\/artisjet-printers.eu\/technology\/upgraded-print-system\/\",\"url\":\"https:\/\/artisjet-printers.eu\/technology\/upgraded-print-system\/\",\"name\":\"Verbessertes Drucksystem | Artisjet Europe\",\"isPartOf\":{\"@id\":\"https:\/\/artisjet-printers.eu\/#website\"},\"datePublished\":\"2026-03-18T21:29:19+00:00\",\"dateModified\":\"2026-03-19T06:38:21+00:00\",\"breadcrumb\":{\"@id\":\"https:\/\/artisjet-printers.eu\/technology\/upgraded-print-system\/#breadcrumb\"},\"inLanguage\":\"de\",\"potentialAction\":[{\"@type\":\"ReadAction\",\"target\":[\"https:\/\/artisjet-printers.eu\/technology\/upgraded-print-system\/\"]}]},{\"@type\":\"BreadcrumbList\",\"@id\":\"https:\/\/artisjet-printers.eu\/technology\/upgraded-print-system\/#breadcrumb\",\"itemListElement\":[{\"@type\":\"ListItem\",\"position\":1,\"name\":\"Home\",\"item\":\"https:\/\/artisjet-printers.eu\/\"},{\"@type\":\"ListItem\",\"position\":2,\"name\":\"Technologie d\u2019impression UV\",\"item\":\"https:\/\/artisjet-printers.eu\/technology\/\"},{\"@type\":\"ListItem\",\"position\":3,\"name\":\"Syst\u00e8me d\u2019impression am\u00e9lior\u00e9\"}]},{\"@type\":\"WebSite\",\"@id\":\"https:\/\/artisjet-printers.eu\/#website\",\"url\":\"https:\/\/artisjet-printers.eu\/\",\"name\":\"Artisjet Europe\",\"description\":\"Official distributor in Europe\",\"publisher\":{\"@id\":\"https:\/\/artisjet-printers.eu\/#organization\"},\"potentialAction\":[{\"@type\":\"SearchAction\",\"target\":{\"@type\":\"EntryPoint\",\"urlTemplate\":\"https:\/\/artisjet-printers.eu\/?s={search_term_string}\"},\"query-input\":\"required name=search_term_string\"}],\"inLanguage\":\"de\"},{\"@type\":\"Organization\",\"@id\":\"https:\/\/artisjet-printers.eu\/#organization\",\"name\":\"ArtisJet\",\"url\":\"https:\/\/artisjet-printers.eu\/\",\"logo\":{\"@type\":\"ImageObject\",\"inLanguage\":\"de\",\"@id\":\"https:\/\/artisjet-printers.eu\/#\/schema\/logo\/image\/\",\"url\":\"https:\/\/artisjet-printers.eu\/wp-content\/uploads\/2017\/12\/logoartisjet.jpg\",\"contentUrl\":\"https:\/\/artisjet-printers.eu\/wp-content\/uploads\/2017\/12\/logoartisjet.jpg\",\"width\":217,\"height\":80,\"caption\":\"ArtisJet\"},\"image\":{\"@id\":\"https:\/\/artisjet-printers.eu\/#\/schema\/logo\/image\/\"}}]}<\/script>\n<!-- \/ Yoast SEO plugin. -->","yoast_head_json":{"title":"Verbessertes Drucksystem | Artisjet Europe","robots":{"index":"index","follow":"follow","max-snippet":"max-snippet:-1","max-image-preview":"max-image-preview:large","max-video-preview":"max-video-preview:-1"},"canonical":"https:\/\/artisjet-printers.eu\/technology\/upgraded-print-system\/","og_locale":"de_DE","og_type":"article","og_title":"Verbessertes Drucksystem | Artisjet Europe","og_url":"https:\/\/artisjet-printers.eu\/technology\/upgraded-print-system\/","og_site_name":"Artisjet Europe","article_modified_time":"2026-03-19T06:38:21+00:00","og_image":[{"url":"https:\/\/www.artisjet.com\/images\/easyblog_articles\/242\/artisjet-upgrades-in-printing-system.jpg"}],"twitter_card":"summary_large_image","twitter_misc":{"Gesch\u00e4tzte Lesezeit":"7\u00a0Minuten"},"schema":{"@context":"https:\/\/schema.org","@graph":[{"@type":"WebPage","@id":"https:\/\/artisjet-printers.eu\/technology\/upgraded-print-system\/","url":"https:\/\/artisjet-printers.eu\/technology\/upgraded-print-system\/","name":"Verbessertes Drucksystem | Artisjet Europe","isPartOf":{"@id":"https:\/\/artisjet-printers.eu\/#website"},"datePublished":"2026-03-18T21:29:19+00:00","dateModified":"2026-03-19T06:38:21+00:00","breadcrumb":{"@id":"https:\/\/artisjet-printers.eu\/technology\/upgraded-print-system\/#breadcrumb"},"inLanguage":"de","potentialAction":[{"@type":"ReadAction","target":["https:\/\/artisjet-printers.eu\/technology\/upgraded-print-system\/"]}]},{"@type":"BreadcrumbList","@id":"https:\/\/artisjet-printers.eu\/technology\/upgraded-print-system\/#breadcrumb","itemListElement":[{"@type":"ListItem","position":1,"name":"Home","item":"https:\/\/artisjet-printers.eu\/"},{"@type":"ListItem","position":2,"name":"Technologie d\u2019impression UV","item":"https:\/\/artisjet-printers.eu\/technology\/"},{"@type":"ListItem","position":3,"name":"Syst\u00e8me d\u2019impression am\u00e9lior\u00e9"}]},{"@type":"WebSite","@id":"https:\/\/artisjet-printers.eu\/#website","url":"https:\/\/artisjet-printers.eu\/","name":"Artisjet Europe","description":"Official distributor in Europe","publisher":{"@id":"https:\/\/artisjet-printers.eu\/#organization"},"potentialAction":[{"@type":"SearchAction","target":{"@type":"EntryPoint","urlTemplate":"https:\/\/artisjet-printers.eu\/?s={search_term_string}"},"query-input":"required name=search_term_string"}],"inLanguage":"de"},{"@type":"Organization","@id":"https:\/\/artisjet-printers.eu\/#organization","name":"ArtisJet","url":"https:\/\/artisjet-printers.eu\/","logo":{"@type":"ImageObject","inLanguage":"de","@id":"https:\/\/artisjet-printers.eu\/#\/schema\/logo\/image\/","url":"https:\/\/artisjet-printers.eu\/wp-content\/uploads\/2017\/12\/logoartisjet.jpg","contentUrl":"https:\/\/artisjet-printers.eu\/wp-content\/uploads\/2017\/12\/logoartisjet.jpg","width":217,"height":80,"caption":"ArtisJet"},"image":{"@id":"https:\/\/artisjet-printers.eu\/#\/schema\/logo\/image\/"}}]}},"_links":{"self":[{"href":"https:\/\/artisjet-printers.eu\/de\/wp-json\/wp\/v2\/pages\/9026","targetHints":{"allow":["GET"]}}],"collection":[{"href":"https:\/\/artisjet-printers.eu\/de\/wp-json\/wp\/v2\/pages"}],"about":[{"href":"https:\/\/artisjet-printers.eu\/de\/wp-json\/wp\/v2\/types\/page"}],"author":[{"embeddable":true,"href":"https:\/\/artisjet-printers.eu\/de\/wp-json\/wp\/v2\/users\/1"}],"replies":[{"embeddable":true,"href":"https:\/\/artisjet-printers.eu\/de\/wp-json\/wp\/v2\/comments?post=9026"}],"version-history":[{"count":1,"href":"https:\/\/artisjet-printers.eu\/de\/wp-json\/wp\/v2\/pages\/9026\/revisions"}],"predecessor-version":[{"id":9067,"href":"https:\/\/artisjet-printers.eu\/de\/wp-json\/wp\/v2\/pages\/9026\/revisions\/9067"}],"up":[{"embeddable":true,"href":"https:\/\/artisjet-printers.eu\/de\/wp-json\/wp\/v2\/pages\/9013"}],"wp:attachment":[{"href":"https:\/\/artisjet-printers.eu\/de\/wp-json\/wp\/v2\/media?parent=9026"}],"curies":[{"name":"wp","href":"https:\/\/api.w.org\/{rel}","templated":true}]}}