{"id":9024,"date":"2026-03-18T21:29:19","date_gmt":"2026-03-18T21:29:19","guid":{"rendered":"https:\/\/artisjet-printers.eu\/halftone-dither\/"},"modified":"2026-03-19T07:38:21","modified_gmt":"2026-03-19T06:38:21","slug":"halftone-dither","status":"publish","type":"page","link":"https:\/\/artisjet-printers.eu\/de\/technology\/halftone-dither\/","title":{"rendered":"Halftone-Dithering"},"content":{"rendered":"\n<div class=\"wp-block-group aj-article\"><div class=\"wp-block-group__inner-container is-layout-constrained wp-block-group-is-layout-constrained\">\n\n\n<h1 class=\"wp-block-heading\">95\u00a0% der Nutzer verwenden diese Einstellung nie \u2014 Halftone-Dithering in artisJet Workstation<\/h1>\n\n\n\n<p>Wenn Sie ein erfahrener Nutzer sind oder Ihren artisJet-Drucker zum ersten Mal einrichten, haben Sie wahrscheinlich die Option \u201eHalftone Dither\u201c in artisJet Workstation gesehen. Wenn Sie dieser Begriff verwirrt hat, sind Sie nicht allein \u2014 das ist die \u00fcbliche Reaktion.<\/p>\n\n\n\n<figure class=\"wp-block-image size-large\"><img decoding=\"async\" src=\"https:\/\/www.artisjet.com\/images\/easyblog_articles\/259\/feathering-setting-in-printing-workstation.jpg\" alt=\"Halftone dither setting in artisJet Workstation\"\/><\/figure>\n\n\n\n<h2 class=\"wp-block-heading\">Wof\u00fcr wird das Halftone-Dithering verwendet?<\/h2>\n\n\n\n<p>Es bestimmt die Menge an \u201e\u00dcberlappung\u201c, die jeder gedruckte Tintenstreifen mit dem vorherigen und dem n\u00e4chsten teilt. Einfach ausgedr\u00fcckt: Es wirkt wie ein Ventil, das steuert, ob der \u00dcbergang zwischen den verschiedenen Teilen des Drucks scharf oder weich ist.<\/p>\n\n\n\n<div class=\"wp-block-columns is-layout-flex wp-container-core-columns-is-layout-9d6595d7 wp-block-columns-is-layout-flex\">\n\n<div class=\"wp-block-column is-layout-flow wp-block-column-is-layout-flow\">\n\n<figure class=\"wp-block-image size-medium\"><img decoding=\"async\" src=\"https:\/\/www.artisjet.com\/images\/easyblog_articles\/259\/what-is-halftone-dithering.jpg\" alt=\"Halftone dithering\"\/><\/figure>\n\n\n<p><strong>Halftone Dither<\/strong><\/p>\n\n<\/div>\n\n\n<div class=\"wp-block-column is-layout-flow wp-block-column-is-layout-flow\">\n\n<figure class=\"wp-block-image size-medium\"><img decoding=\"async\" src=\"https:\/\/www.artisjet.com\/images\/easyblog_articles\/259\/full-dither-setting.jpg\" alt=\"Full dither setting\"\/><\/figure>\n\n\n<p><strong>F (voll)<\/strong> \u2014 Standardeinstellung, ideal f\u00fcr die meisten Auftr\u00e4ge<\/p>\n\n<\/div>\n\n<\/div>\n\n\n\n<div class=\"wp-block-columns is-layout-flex wp-container-core-columns-is-layout-9d6595d7 wp-block-columns-is-layout-flex\">\n\n<div class=\"wp-block-column is-layout-flow wp-block-column-is-layout-flow\">\n\n<figure class=\"wp-block-image size-medium\"><img decoding=\"async\" src=\"https:\/\/www.artisjet.com\/images\/easyblog_articles\/259\/medium-dither-setting.jpg\" alt=\"Medium dither setting\"\/><\/figure>\n\n\n<p><strong>M (mittel)<\/strong> \u2014 Balance zwischen Weichheit und Sch\u00e4rfe<\/p>\n\n<\/div>\n\n\n<div class=\"wp-block-column is-layout-flow wp-block-column-is-layout-flow\">\n\n<figure class=\"wp-block-image size-medium\"><img decoding=\"async\" src=\"https:\/\/www.artisjet.com\/images\/easyblog_articles\/259\/small-dither-setting.jpg\" alt=\"Small dither setting\"\/><\/figure>\n\n\n<p><strong>S (klein)<\/strong> \u2014 ideal f\u00fcr feine Linien, kleinen Text und Zifferbl\u00e4tter<\/p>\n\n<\/div>\n\n<\/div>\n\n\n\n<h2 class=\"wp-block-heading\">Wann welche Einstellung verwenden?<\/h2>\n\n\n\n<ul class=\"wp-block-list\">\n\n<li><strong>F (voll)<\/strong> \u2014 Standard. Bew\u00e4ltigt die meisten Druckanforderungen zufriedenstellend. F\u00fcr allgemeinen Gebrauch mit fotorealistischer Qualit\u00e4t und ohne Banding.<\/li>\n\n\n<li><strong>S (klein)<\/strong> \u2014 besser f\u00fcr Muster mit feinen d\u00fcnnen Linien wie kleiner Text oder Messzifferbl\u00e4tter. Durch Minimierung des Tintenverlaufs werden Linienkanten sch\u00e4rfer. Der Unterschied ist ausgepr\u00e4gter, je feiner die Linien sind.<\/li>\n\n<\/ul>\n\n\n\n<figure class=\"wp-block-image size-large\"><img decoding=\"async\" src=\"https:\/\/www.artisjet.com\/images\/easyblog_articles\/259\/feather-types-in-printing-software.png\" alt=\"Dither types comparison\"\/><\/figure>\n\n\n\n<p><strong>Hinweis:<\/strong> Der S-Effekt kann manchmal nicht nur sch\u00e4rfer, sondern auch heller in der Farbdichte wahrgenommen werden. Experimentieren Sie mit verschiedenen Einstellungen, um die beste Kombination f\u00fcr Ihr Projekt zu finden.<\/p>\n\n\n\n<div class=\"wp-block-group has-background\" style=\"background-color:#f5f5f5;padding-top:1.5rem;padding-right:1.5rem;padding-bottom:1.5rem;padding-left:1.5rem\"><div class=\"wp-block-group__inner-container is-layout-constrained wp-container-core-group-is-layout-1675ba18 wp-block-group-is-layout-constrained\">\n\n<p>Fragen zu artisJet Workstation oder zur Druckerkonfiguration? Kontaktieren Sie unser Team in Europa.<br\/><br\/>\ud83d\udcde <a href=\"tel:+4921154690\u200b38\">+49 211 54 69 038<\/a> \u00b7 \ud83d\udce7 <a href=\"mailto:info@artisjet-printers.eu\">info@artisjet-printers.eu<\/a><\/p>\n\n\n<div class=\"wp-block-buttons is-layout-flex wp-block-buttons-is-layout-flex\">\n\n<div class=\"wp-block-button\"><a class=\"wp-block-button__link wp-element-button\" href=\"\/de\/contact\/\">artisJet Europe kontaktieren<\/a><\/div>\n\n<\/div>\n\n<\/div><\/div>\n\n\n<\/div><\/div>\n","protected":false},"excerpt":{"rendered":"<p>95\u00a0% der Nutzer verwenden diese Einstellung nie \u2014 Halftone-Dithering in artisJet Workstation Wenn Sie ein erfahrener Nutzer sind oder Ihren artisJet-Drucker zum ersten Mal einrichten, haben Sie wahrscheinlich die Option \u201eHalftone Dither\u201c in artisJet Workstation gesehen. Wenn Sie dieser Begriff<\/p>\n","protected":false},"author":1,"featured_media":0,"parent":9013,"menu_order":0,"comment_status":"closed","ping_status":"closed","template":"","meta":{"ngg_post_thumbnail":0,"footnotes":""},"class_list":["post-9024","page","type-page","status-publish","hentry"],"translation":{"provider":"WPGlobus","version":"2.12.2","language":"de","enabled_languages":["fr","de","pt","en"],"languages":{"fr":{"title":true,"content":true,"excerpt":false},"de":{"title":true,"content":true,"excerpt":false},"pt":{"title":true,"content":true,"excerpt":false},"en":{"title":true,"content":true,"excerpt":false}}},"yoast_head":"<!-- This site is optimized with the Yoast SEO plugin v22.0 - https:\/\/yoast.com\/wordpress\/plugins\/seo\/ -->\n<title>Halftone-Dithering | Artisjet Europe<\/title>\n<meta name=\"robots\" content=\"index, follow, max-snippet:-1, max-image-preview:large, max-video-preview:-1\" \/>\n<link rel=\"canonical\" href=\"https:\/\/artisjet-printers.eu\/technology\/halftone-dither\/\" \/>\n<meta property=\"og:locale\" content=\"de_DE\" \/>\n<meta property=\"og:type\" content=\"article\" \/>\n<meta property=\"og:title\" content=\"Halftone-Dithering | Artisjet Europe\" \/>\n<meta property=\"og:url\" content=\"https:\/\/artisjet-printers.eu\/technology\/halftone-dither\/\" \/>\n<meta property=\"og:site_name\" content=\"Artisjet Europe\" \/>\n<meta property=\"article:modified_time\" content=\"2026-03-19T06:38:21+00:00\" \/>\n<meta property=\"og:image\" content=\"https:\/\/www.artisjet.com\/images\/easyblog_articles\/259\/feathering-setting-in-printing-workstation.jpg\" \/>\n<meta name=\"twitter:card\" content=\"summary_large_image\" \/>\n<meta name=\"twitter:label1\" content=\"Gesch\u00e4tzte Lesezeit\" \/>\n\t<meta name=\"twitter:data1\" content=\"5\u00a0Minuten\" \/>\n<script type=\"application\/ld+json\" class=\"yoast-schema-graph\">{\"@context\":\"https:\/\/schema.org\",\"@graph\":[{\"@type\":\"WebPage\",\"@id\":\"https:\/\/artisjet-printers.eu\/technology\/halftone-dither\/\",\"url\":\"https:\/\/artisjet-printers.eu\/technology\/halftone-dither\/\",\"name\":\"Halftone-Dithering | Artisjet Europe\",\"isPartOf\":{\"@id\":\"https:\/\/artisjet-printers.eu\/#website\"},\"datePublished\":\"2026-03-18T21:29:19+00:00\",\"dateModified\":\"2026-03-19T06:38:21+00:00\",\"breadcrumb\":{\"@id\":\"https:\/\/artisjet-printers.eu\/technology\/halftone-dither\/#breadcrumb\"},\"inLanguage\":\"de\",\"potentialAction\":[{\"@type\":\"ReadAction\",\"target\":[\"https:\/\/artisjet-printers.eu\/technology\/halftone-dither\/\"]}]},{\"@type\":\"BreadcrumbList\",\"@id\":\"https:\/\/artisjet-printers.eu\/technology\/halftone-dither\/#breadcrumb\",\"itemListElement\":[{\"@type\":\"ListItem\",\"position\":1,\"name\":\"Home\",\"item\":\"https:\/\/artisjet-printers.eu\/\"},{\"@type\":\"ListItem\",\"position\":2,\"name\":\"Technologie d\u2019impression UV\",\"item\":\"https:\/\/artisjet-printers.eu\/technology\/\"},{\"@type\":\"ListItem\",\"position\":3,\"name\":\"Tramage Halftone\"}]},{\"@type\":\"WebSite\",\"@id\":\"https:\/\/artisjet-printers.eu\/#website\",\"url\":\"https:\/\/artisjet-printers.eu\/\",\"name\":\"Artisjet Europe\",\"description\":\"Official distributor in Europe\",\"publisher\":{\"@id\":\"https:\/\/artisjet-printers.eu\/#organization\"},\"potentialAction\":[{\"@type\":\"SearchAction\",\"target\":{\"@type\":\"EntryPoint\",\"urlTemplate\":\"https:\/\/artisjet-printers.eu\/?s={search_term_string}\"},\"query-input\":\"required name=search_term_string\"}],\"inLanguage\":\"de\"},{\"@type\":\"Organization\",\"@id\":\"https:\/\/artisjet-printers.eu\/#organization\",\"name\":\"ArtisJet\",\"url\":\"https:\/\/artisjet-printers.eu\/\",\"logo\":{\"@type\":\"ImageObject\",\"inLanguage\":\"de\",\"@id\":\"https:\/\/artisjet-printers.eu\/#\/schema\/logo\/image\/\",\"url\":\"https:\/\/artisjet-printers.eu\/wp-content\/uploads\/2017\/12\/logoartisjet.jpg\",\"contentUrl\":\"https:\/\/artisjet-printers.eu\/wp-content\/uploads\/2017\/12\/logoartisjet.jpg\",\"width\":217,\"height\":80,\"caption\":\"ArtisJet\"},\"image\":{\"@id\":\"https:\/\/artisjet-printers.eu\/#\/schema\/logo\/image\/\"}}]}<\/script>\n<!-- \/ Yoast SEO plugin. -->","yoast_head_json":{"title":"Halftone-Dithering | Artisjet Europe","robots":{"index":"index","follow":"follow","max-snippet":"max-snippet:-1","max-image-preview":"max-image-preview:large","max-video-preview":"max-video-preview:-1"},"canonical":"https:\/\/artisjet-printers.eu\/technology\/halftone-dither\/","og_locale":"de_DE","og_type":"article","og_title":"Halftone-Dithering | Artisjet Europe","og_url":"https:\/\/artisjet-printers.eu\/technology\/halftone-dither\/","og_site_name":"Artisjet Europe","article_modified_time":"2026-03-19T06:38:21+00:00","og_image":[{"url":"https:\/\/www.artisjet.com\/images\/easyblog_articles\/259\/feathering-setting-in-printing-workstation.jpg"}],"twitter_card":"summary_large_image","twitter_misc":{"Gesch\u00e4tzte Lesezeit":"5\u00a0Minuten"},"schema":{"@context":"https:\/\/schema.org","@graph":[{"@type":"WebPage","@id":"https:\/\/artisjet-printers.eu\/technology\/halftone-dither\/","url":"https:\/\/artisjet-printers.eu\/technology\/halftone-dither\/","name":"Halftone-Dithering | Artisjet Europe","isPartOf":{"@id":"https:\/\/artisjet-printers.eu\/#website"},"datePublished":"2026-03-18T21:29:19+00:00","dateModified":"2026-03-19T06:38:21+00:00","breadcrumb":{"@id":"https:\/\/artisjet-printers.eu\/technology\/halftone-dither\/#breadcrumb"},"inLanguage":"de","potentialAction":[{"@type":"ReadAction","target":["https:\/\/artisjet-printers.eu\/technology\/halftone-dither\/"]}]},{"@type":"BreadcrumbList","@id":"https:\/\/artisjet-printers.eu\/technology\/halftone-dither\/#breadcrumb","itemListElement":[{"@type":"ListItem","position":1,"name":"Home","item":"https:\/\/artisjet-printers.eu\/"},{"@type":"ListItem","position":2,"name":"Technologie d\u2019impression UV","item":"https:\/\/artisjet-printers.eu\/technology\/"},{"@type":"ListItem","position":3,"name":"Tramage Halftone"}]},{"@type":"WebSite","@id":"https:\/\/artisjet-printers.eu\/#website","url":"https:\/\/artisjet-printers.eu\/","name":"Artisjet Europe","description":"Official distributor in Europe","publisher":{"@id":"https:\/\/artisjet-printers.eu\/#organization"},"potentialAction":[{"@type":"SearchAction","target":{"@type":"EntryPoint","urlTemplate":"https:\/\/artisjet-printers.eu\/?s={search_term_string}"},"query-input":"required name=search_term_string"}],"inLanguage":"de"},{"@type":"Organization","@id":"https:\/\/artisjet-printers.eu\/#organization","name":"ArtisJet","url":"https:\/\/artisjet-printers.eu\/","logo":{"@type":"ImageObject","inLanguage":"de","@id":"https:\/\/artisjet-printers.eu\/#\/schema\/logo\/image\/","url":"https:\/\/artisjet-printers.eu\/wp-content\/uploads\/2017\/12\/logoartisjet.jpg","contentUrl":"https:\/\/artisjet-printers.eu\/wp-content\/uploads\/2017\/12\/logoartisjet.jpg","width":217,"height":80,"caption":"ArtisJet"},"image":{"@id":"https:\/\/artisjet-printers.eu\/#\/schema\/logo\/image\/"}}]}},"_links":{"self":[{"href":"https:\/\/artisjet-printers.eu\/de\/wp-json\/wp\/v2\/pages\/9024","targetHints":{"allow":["GET"]}}],"collection":[{"href":"https:\/\/artisjet-printers.eu\/de\/wp-json\/wp\/v2\/pages"}],"about":[{"href":"https:\/\/artisjet-printers.eu\/de\/wp-json\/wp\/v2\/types\/page"}],"author":[{"embeddable":true,"href":"https:\/\/artisjet-printers.eu\/de\/wp-json\/wp\/v2\/users\/1"}],"replies":[{"embeddable":true,"href":"https:\/\/artisjet-printers.eu\/de\/wp-json\/wp\/v2\/comments?post=9024"}],"version-history":[{"count":1,"href":"https:\/\/artisjet-printers.eu\/de\/wp-json\/wp\/v2\/pages\/9024\/revisions"}],"predecessor-version":[{"id":9065,"href":"https:\/\/artisjet-printers.eu\/de\/wp-json\/wp\/v2\/pages\/9024\/revisions\/9065"}],"up":[{"embeddable":true,"href":"https:\/\/artisjet-printers.eu\/de\/wp-json\/wp\/v2\/pages\/9013"}],"wp:attachment":[{"href":"https:\/\/artisjet-printers.eu\/de\/wp-json\/wp\/v2\/media?parent=9024"}],"curies":[{"name":"wp","href":"https:\/\/api.w.org\/{rel}","templated":true}]}}