{"id":9023,"date":"2026-03-18T21:29:19","date_gmt":"2026-03-18T21:29:19","guid":{"rendered":"https:\/\/artisjet-printers.eu\/cloud-service\/"},"modified":"2026-03-19T07:38:20","modified_gmt":"2026-03-19T06:38:20","slug":"cloud-service","status":"publish","type":"page","link":"https:\/\/artisjet-printers.eu\/de\/technology\/cloud-service\/","title":{"rendered":"artisJet Cloud-Service"},"content":{"rendered":"\n<div class=\"wp-block-group aj-article\"><div class=\"wp-block-group__inner-container is-layout-constrained wp-block-group-is-layout-constrained\">\n\n\n<h1 class=\"wp-block-heading\">Cloud-Service \u2014 Optimieren Sie Arbeit und Druck mit einem zug\u00e4nglichen cloudbasierten Servicesystem<\/h1>\n\n\n\n<p>artisJet hat den Sprung zu einem cloudbasierten Servicesystem vollzogen, das f\u00fcr alle Nutzer noch effizienter und kosteng\u00fcnstiger ist. Die Einf\u00fchrung dieses Systems reduziert den Papierverbrauch und den CO\u2082-Aussto\u00df und spiegelt artisJets Engagement f\u00fcr ESG-Initiativen wider.<\/p>\n\n\n\n<h2 class=\"wp-block-heading\">1. Automatisierung und Digitalisierung<\/h2>\n\n\n\n<figure class=\"wp-block-image size-large\"><img decoding=\"async\" src=\"https:\/\/www.artisjet.com\/images\/easyblog_articles\/263\/automation-and-digitalization.png\" alt=\"Automatisierung und Digitalisierung im artisJet UV-Druck\"\/><\/figure>\n\n\n\n<p>Die Digitalisierung von Produkten und die Standardisierung von Betriebsabl\u00e4ufen erm\u00f6glichen eine deutliche Reduzierung der Produktionszeiten und Arbeitskosten.<\/p>\n\n\n\n<h3 class=\"wp-block-heading\">Zeit- und Kostensch\u00e4tzung f\u00fcr Druckauftr\u00e4ge<\/h3>\n\n\n\n<figure class=\"wp-block-image size-medium\"><img decoding=\"async\" src=\"https:\/\/www.artisjet.com\/images\/easyblog_articles\/263\/printing-time-and-cost-estimation.jpg\" alt=\"Zeit- und Kostensch\u00e4tzung artisJet\"\/><\/figure>\n\n\n\n<p>Die Zeit- und Kostensch\u00e4tzung f\u00fcr jeden Druckauftrag erm\u00f6glicht es den Nutzern, Einstellungen anzupassen und Ressourcen entsprechend zuzuweisen.<\/p>\n\n\n\n<h3 class=\"wp-block-heading\">Wartung per Mausklick<\/h3>\n\n\n\n<figure class=\"wp-block-image size-medium\"><img decoding=\"async\" src=\"https:\/\/www.artisjet.com\/images\/easyblog_articles\/263\/one-click-maintenance.jpg\" alt=\"Wartung per Mausklick artisJet\"\/><\/figure>\n\n\n\n<p>Mit einem einzigen Klick reinigt diese Funktion die D\u00fcsen und gew\u00e4hrleistet die korrekte Leistung des Druckkopfes, wodurch auch dessen Lebensdauer verl\u00e4ngert wird.<\/p>\n\n\n\n<h3 class=\"wp-block-heading\">Kompatibilit\u00e4t mit Drittanbieter-Software<\/h3>\n\n\n\n<figure class=\"wp-block-image size-medium\"><img decoding=\"async\" src=\"https:\/\/www.artisjet.com\/images\/easyblog_articles\/263\/third-party-compatible-print-system.jpg\" alt=\"Drittanbieter-Software-Kompatibilit\u00e4t artisJet Workstation\"\/><\/figure>\n\n\n\n<p>artisJet Workstation l\u00e4sst sich dank hoher Kompatibilit\u00e4t mit Drittanbieter-Anwendungen in jeden bestehenden Workflow integrieren, einschlie\u00dflich Photoshop, Adobe Illustrator und viele weitere.<\/p>\n\n\n\n<h2 class=\"wp-block-heading\">2. Cloudisierung<\/h2>\n\n\n\n<figure class=\"wp-block-image size-large\"><img decoding=\"async\" src=\"https:\/\/www.artisjet.com\/images\/easyblog_articles\/263\/cloudization.png\" alt=\"Cloudisierung artisJet\"\/><\/figure>\n\n\n\n<p>Die Online-Plattform <strong>artisJet.xyz<\/strong> ist ein zentraler Zugangspunkt, der umfassende Ressourcen bereitstellt, damit Nutzer von artisJet-Produkten Maschinen in Betrieb nehmen, Routinewartungen durchf\u00fchren und \u00fcbliche Probleme beheben k\u00f6nnen \u2013 mit Online-Unterst\u00fctzung durch den technischen Support von artisJet.<\/p>\n\n\n\n<div class=\"wp-block-columns is-layout-flex wp-container-core-columns-is-layout-9d6595d7 wp-block-columns-is-layout-flex\">\n\n<div class=\"wp-block-column is-layout-flow wp-block-column-is-layout-flow\">\n\n<figure class=\"wp-block-image size-medium\"><img decoding=\"async\" src=\"https:\/\/www.artisjet.com\/images\/easyblog_articles\/263\/artisJet-technical-support.jpg\" alt=\"artisJet technical support\"\/><\/figure>\n\n<\/div>\n\n\n<div class=\"wp-block-column is-layout-flow wp-block-column-is-layout-flow\">\n\n<figure class=\"wp-block-image size-medium\"><img decoding=\"async\" src=\"https:\/\/www.artisjet.com\/images\/easyblog_articles\/263\/artisJet-online-technical-support.jpg\" alt=\"artisJet online technical support\"\/><\/figure>\n\n<\/div>\n\n<\/div>\n\n\n\n<h2 class=\"wp-block-heading\">3. Zuk\u00fcnftige Entwicklung<\/h2>\n\n\n\n<figure class=\"wp-block-image size-medium\"><img decoding=\"async\" src=\"https:\/\/www.artisjet.com\/images\/easyblog_articles\/263\/future-development.png\" alt=\"Zuk\u00fcnftige Entwicklung artisJet\"\/><\/figure>\n\n\n\n<p>artisJet sucht aktiv internationale Partner zur Verbesserung von Services und Logistik sowie zur Sicherstellung der Produktverf\u00fcgbarkeit in lokalen M\u00e4rkten. Lokaler Support in Kombination mit Fernwartungskapazit\u00e4ten bietet Kunden maximale Sicherheit.<\/p>\n\n\n\n<div class=\"wp-block-group has-background\" style=\"background-color:#f5f5f5;padding-top:1.5rem;padding-right:1.5rem;padding-bottom:1.5rem;padding-left:1.5rem\"><div class=\"wp-block-group__inner-container is-layout-constrained wp-container-core-group-is-layout-1675ba18 wp-block-group-is-layout-constrained\">\n\n<p>\ud83d\udcde <a href=\"tel:+4921154690\u200b38\">+49 211 54 69 038<\/a> \u00b7 \ud83d\udce7 <a href=\"mailto:info@artisjet-printers.eu\">info@artisjet-printers.eu<\/a><\/p>\n\n\n<div class=\"wp-block-buttons is-layout-flex wp-block-buttons-is-layout-flex\">\n\n<div class=\"wp-block-button\"><a class=\"wp-block-button__link wp-element-button\" href=\"\/de\/contact\/\">artisJet Europe kontaktieren<\/a><\/div>\n\n<\/div>\n\n<\/div><\/div>\n\n\n<\/div><\/div>\n","protected":false},"excerpt":{"rendered":"<p>Cloud-Service \u2014 Optimieren Sie Arbeit und Druck mit einem zug\u00e4nglichen cloudbasierten Servicesystem artisJet hat den Sprung zu einem cloudbasierten Servicesystem vollzogen, das f\u00fcr alle Nutzer noch effizienter und kosteng\u00fcnstiger ist. Die Einf\u00fchrung dieses Systems reduziert den Papierverbrauch und den CO\u2082-Aussto\u00df<\/p>\n","protected":false},"author":1,"featured_media":0,"parent":9013,"menu_order":0,"comment_status":"closed","ping_status":"closed","template":"","meta":{"ngg_post_thumbnail":0,"footnotes":""},"class_list":["post-9023","page","type-page","status-publish","hentry"],"translation":{"provider":"WPGlobus","version":"2.12.2","language":"de","enabled_languages":["fr","de","pt","en"],"languages":{"fr":{"title":true,"content":true,"excerpt":false},"de":{"title":true,"content":true,"excerpt":false},"pt":{"title":true,"content":true,"excerpt":false},"en":{"title":true,"content":true,"excerpt":false}}},"yoast_head":"<!-- This site is optimized with the Yoast SEO plugin v22.0 - https:\/\/yoast.com\/wordpress\/plugins\/seo\/ -->\n<title>artisJet Cloud-Service | Artisjet Europe<\/title>\n<meta name=\"robots\" content=\"index, follow, max-snippet:-1, max-image-preview:large, max-video-preview:-1\" \/>\n<link rel=\"canonical\" href=\"https:\/\/artisjet-printers.eu\/technology\/cloud-service\/\" \/>\n<meta property=\"og:locale\" content=\"de_DE\" \/>\n<meta property=\"og:type\" content=\"article\" \/>\n<meta property=\"og:title\" content=\"artisJet Cloud-Service | Artisjet Europe\" \/>\n<meta property=\"og:url\" content=\"https:\/\/artisjet-printers.eu\/technology\/cloud-service\/\" \/>\n<meta property=\"og:site_name\" content=\"Artisjet Europe\" \/>\n<meta property=\"article:modified_time\" content=\"2026-03-19T06:38:20+00:00\" \/>\n<meta property=\"og:image\" content=\"https:\/\/www.artisjet.com\/images\/easyblog_articles\/263\/automation-and-digitalization.png\" \/>\n<meta name=\"twitter:card\" content=\"summary_large_image\" \/>\n<meta name=\"twitter:label1\" content=\"Gesch\u00e4tzte Lesezeit\" \/>\n\t<meta name=\"twitter:data1\" content=\"5\u00a0Minuten\" \/>\n<script type=\"application\/ld+json\" class=\"yoast-schema-graph\">{\"@context\":\"https:\/\/schema.org\",\"@graph\":[{\"@type\":\"WebPage\",\"@id\":\"https:\/\/artisjet-printers.eu\/technology\/cloud-service\/\",\"url\":\"https:\/\/artisjet-printers.eu\/technology\/cloud-service\/\",\"name\":\"artisJet Cloud-Service | Artisjet Europe\",\"isPartOf\":{\"@id\":\"https:\/\/artisjet-printers.eu\/#website\"},\"datePublished\":\"2026-03-18T21:29:19+00:00\",\"dateModified\":\"2026-03-19T06:38:20+00:00\",\"breadcrumb\":{\"@id\":\"https:\/\/artisjet-printers.eu\/technology\/cloud-service\/#breadcrumb\"},\"inLanguage\":\"de\",\"potentialAction\":[{\"@type\":\"ReadAction\",\"target\":[\"https:\/\/artisjet-printers.eu\/technology\/cloud-service\/\"]}]},{\"@type\":\"BreadcrumbList\",\"@id\":\"https:\/\/artisjet-printers.eu\/technology\/cloud-service\/#breadcrumb\",\"itemListElement\":[{\"@type\":\"ListItem\",\"position\":1,\"name\":\"Home\",\"item\":\"https:\/\/artisjet-printers.eu\/\"},{\"@type\":\"ListItem\",\"position\":2,\"name\":\"Technologie d\u2019impression UV\",\"item\":\"https:\/\/artisjet-printers.eu\/technology\/\"},{\"@type\":\"ListItem\",\"position\":3,\"name\":\"Service Cloud artisJet\"}]},{\"@type\":\"WebSite\",\"@id\":\"https:\/\/artisjet-printers.eu\/#website\",\"url\":\"https:\/\/artisjet-printers.eu\/\",\"name\":\"Artisjet Europe\",\"description\":\"Official distributor in Europe\",\"publisher\":{\"@id\":\"https:\/\/artisjet-printers.eu\/#organization\"},\"potentialAction\":[{\"@type\":\"SearchAction\",\"target\":{\"@type\":\"EntryPoint\",\"urlTemplate\":\"https:\/\/artisjet-printers.eu\/?s={search_term_string}\"},\"query-input\":\"required name=search_term_string\"}],\"inLanguage\":\"de\"},{\"@type\":\"Organization\",\"@id\":\"https:\/\/artisjet-printers.eu\/#organization\",\"name\":\"ArtisJet\",\"url\":\"https:\/\/artisjet-printers.eu\/\",\"logo\":{\"@type\":\"ImageObject\",\"inLanguage\":\"de\",\"@id\":\"https:\/\/artisjet-printers.eu\/#\/schema\/logo\/image\/\",\"url\":\"https:\/\/artisjet-printers.eu\/wp-content\/uploads\/2017\/12\/logoartisjet.jpg\",\"contentUrl\":\"https:\/\/artisjet-printers.eu\/wp-content\/uploads\/2017\/12\/logoartisjet.jpg\",\"width\":217,\"height\":80,\"caption\":\"ArtisJet\"},\"image\":{\"@id\":\"https:\/\/artisjet-printers.eu\/#\/schema\/logo\/image\/\"}}]}<\/script>\n<!-- \/ Yoast SEO plugin. -->","yoast_head_json":{"title":"artisJet Cloud-Service | Artisjet Europe","robots":{"index":"index","follow":"follow","max-snippet":"max-snippet:-1","max-image-preview":"max-image-preview:large","max-video-preview":"max-video-preview:-1"},"canonical":"https:\/\/artisjet-printers.eu\/technology\/cloud-service\/","og_locale":"de_DE","og_type":"article","og_title":"artisJet Cloud-Service | Artisjet Europe","og_url":"https:\/\/artisjet-printers.eu\/technology\/cloud-service\/","og_site_name":"Artisjet Europe","article_modified_time":"2026-03-19T06:38:20+00:00","og_image":[{"url":"https:\/\/www.artisjet.com\/images\/easyblog_articles\/263\/automation-and-digitalization.png"}],"twitter_card":"summary_large_image","twitter_misc":{"Gesch\u00e4tzte Lesezeit":"5\u00a0Minuten"},"schema":{"@context":"https:\/\/schema.org","@graph":[{"@type":"WebPage","@id":"https:\/\/artisjet-printers.eu\/technology\/cloud-service\/","url":"https:\/\/artisjet-printers.eu\/technology\/cloud-service\/","name":"artisJet Cloud-Service | Artisjet Europe","isPartOf":{"@id":"https:\/\/artisjet-printers.eu\/#website"},"datePublished":"2026-03-18T21:29:19+00:00","dateModified":"2026-03-19T06:38:20+00:00","breadcrumb":{"@id":"https:\/\/artisjet-printers.eu\/technology\/cloud-service\/#breadcrumb"},"inLanguage":"de","potentialAction":[{"@type":"ReadAction","target":["https:\/\/artisjet-printers.eu\/technology\/cloud-service\/"]}]},{"@type":"BreadcrumbList","@id":"https:\/\/artisjet-printers.eu\/technology\/cloud-service\/#breadcrumb","itemListElement":[{"@type":"ListItem","position":1,"name":"Home","item":"https:\/\/artisjet-printers.eu\/"},{"@type":"ListItem","position":2,"name":"Technologie d\u2019impression UV","item":"https:\/\/artisjet-printers.eu\/technology\/"},{"@type":"ListItem","position":3,"name":"Service Cloud artisJet"}]},{"@type":"WebSite","@id":"https:\/\/artisjet-printers.eu\/#website","url":"https:\/\/artisjet-printers.eu\/","name":"Artisjet Europe","description":"Official distributor in Europe","publisher":{"@id":"https:\/\/artisjet-printers.eu\/#organization"},"potentialAction":[{"@type":"SearchAction","target":{"@type":"EntryPoint","urlTemplate":"https:\/\/artisjet-printers.eu\/?s={search_term_string}"},"query-input":"required name=search_term_string"}],"inLanguage":"de"},{"@type":"Organization","@id":"https:\/\/artisjet-printers.eu\/#organization","name":"ArtisJet","url":"https:\/\/artisjet-printers.eu\/","logo":{"@type":"ImageObject","inLanguage":"de","@id":"https:\/\/artisjet-printers.eu\/#\/schema\/logo\/image\/","url":"https:\/\/artisjet-printers.eu\/wp-content\/uploads\/2017\/12\/logoartisjet.jpg","contentUrl":"https:\/\/artisjet-printers.eu\/wp-content\/uploads\/2017\/12\/logoartisjet.jpg","width":217,"height":80,"caption":"ArtisJet"},"image":{"@id":"https:\/\/artisjet-printers.eu\/#\/schema\/logo\/image\/"}}]}},"_links":{"self":[{"href":"https:\/\/artisjet-printers.eu\/de\/wp-json\/wp\/v2\/pages\/9023","targetHints":{"allow":["GET"]}}],"collection":[{"href":"https:\/\/artisjet-printers.eu\/de\/wp-json\/wp\/v2\/pages"}],"about":[{"href":"https:\/\/artisjet-printers.eu\/de\/wp-json\/wp\/v2\/types\/page"}],"author":[{"embeddable":true,"href":"https:\/\/artisjet-printers.eu\/de\/wp-json\/wp\/v2\/users\/1"}],"replies":[{"embeddable":true,"href":"https:\/\/artisjet-printers.eu\/de\/wp-json\/wp\/v2\/comments?post=9023"}],"version-history":[{"count":1,"href":"https:\/\/artisjet-printers.eu\/de\/wp-json\/wp\/v2\/pages\/9023\/revisions"}],"predecessor-version":[{"id":9091,"href":"https:\/\/artisjet-printers.eu\/de\/wp-json\/wp\/v2\/pages\/9023\/revisions\/9091"}],"up":[{"embeddable":true,"href":"https:\/\/artisjet-printers.eu\/de\/wp-json\/wp\/v2\/pages\/9013"}],"wp:attachment":[{"href":"https:\/\/artisjet-printers.eu\/de\/wp-json\/wp\/v2\/media?parent=9023"}],"curies":[{"name":"wp","href":"https:\/\/api.w.org\/{rel}","templated":true}]}}