{"id":9022,"date":"2026-03-18T21:29:19","date_gmt":"2026-03-18T21:29:19","guid":{"rendered":"https:\/\/artisjet-printers.eu\/freebird-print-engine\/"},"modified":"2026-03-19T07:38:20","modified_gmt":"2026-03-19T06:38:20","slug":"freebird-print-engine","status":"publish","type":"page","link":"https:\/\/artisjet-printers.eu\/de\/technology\/freebird-print-engine\/","title":{"rendered":"FREEBIRD \u2014 Next-Gen-Druckmodul"},"content":{"rendered":"\n<div class=\"wp-block-group aj-article\"><div class=\"wp-block-group__inner-container is-layout-constrained wp-block-group-is-layout-constrained\">\n\n\n<h1 class=\"wp-block-heading\">FREEBIRD \u2014 Das Druckmotor-Modul der n\u00e4chsten Generation von artisJet<\/h1>\n\n\n\n<p>FREEBIRD ist ein <strong>dynamisches Druckmotor-Upgrade<\/strong>, das in alle artisJet-Drucker integriert werden kann. Es bietet <strong>2-fach schnellere Druckgeschwindigkeiten<\/strong>, \u00fcberlegene Druckpr\u00e4zision und vollst\u00e4ndige Kontrolle \u00fcber Ihre Druckoperationen mit <strong>Open-API-Integration<\/strong>.<\/p>\n\n\n\n<h2 class=\"wp-block-heading\">Warum FREEBIRD?<\/h2>\n\n\n\n<p>FREEBIRD <strong>steigert nicht nur die Druckgeschwindigkeit<\/strong> \u2014 es bietet vollst\u00e4ndige Flexibilit\u00e4t und Kontrolle \u00fcber den gesamten Druckprozess. Mit der erweiterten API-Integration verwalten Sie alles, von der Tintensystemwartung bis hin zu Reinigungsprozessen und Auftragskonfigurationen.<\/p>\n\n\n\n<div class=\"wp-block-columns is-layout-flex wp-container-core-columns-is-layout-9d6595d7 wp-block-columns-is-layout-flex\">\n\n<div class=\"wp-block-column is-layout-flow wp-block-column-is-layout-flow\">\n\n<figure class=\"wp-block-image size-medium\"><img decoding=\"async\" src=\"https:\/\/www.artisjet.com\/images\/easyblog_articles\/276\/printing-speed-two-times-faster.jpg\" alt=\"2-fach schnellere Druckgeschwindigkeit mit FREEBIRD\"\/><\/figure>\n\n\n<h3 class=\"wp-block-heading\">2-FACHE DRUCKGESCHWINDIGKEIT<\/h3>\n\n\n<p>Entwickelt f\u00fcr alle, die sich keine Verz\u00f6gerungen leisten k\u00f6nnen. Termine werden eingehalten \u2014 ohne Kompromisse bei der Pr\u00e4zision.<\/p>\n\n<\/div>\n\n\n<div class=\"wp-block-column is-layout-flow wp-block-column-is-layout-flow\">\n\n<figure class=\"wp-block-image size-medium\"><img decoding=\"async\" src=\"https:\/\/www.artisjet.com\/images\/easyblog_articles\/276\/next-gen-chip-architecture-uv-printing.jpg\" alt=\"Next-Gen-Chip-Architektur f\u00fcr UV-Druck\"\/><\/figure>\n\n\n<h3 class=\"wp-block-heading\">NEXT-GEN-CHIP-ARCHITEKTUR<\/h3>\n\n\n<p>FREEBIRD nutzt fortschrittliche Chip-Technologie f\u00fcr \u00fcberlegene Tintenstabilisierung und Geschwindigkeit, die die Grenzen traditioneller Kondensatoren \u00fcberwindet.<\/p>\n\n<\/div>\n\n<\/div>\n\n\n\n<div class=\"wp-block-columns is-layout-flex wp-container-core-columns-is-layout-9d6595d7 wp-block-columns-is-layout-flex\">\n\n<div class=\"wp-block-column is-layout-flow wp-block-column-is-layout-flow\">\n\n<figure class=\"wp-block-image size-medium\"><img decoding=\"async\" src=\"https:\/\/www.artisjet.com\/images\/easyblog_articles\/276\/clear-grayscale-printing.jpg\" alt=\"Klarer Graustufen-Druck mit FREEBIRD\"\/><\/figure>\n\n\n<h3 class=\"wp-block-heading\">GRAUSTUFEN-DRUCK<\/h3>\n\n\n<p>Mit Multibit-Graustufen-Druck bietet FREEBIRD \u00fcberlegene Druckklarheit und -tiefe, die Ihre Designs pr\u00e4zise zum Leben erweckt.<\/p>\n\n<\/div>\n\n\n<div class=\"wp-block-column is-layout-flow wp-block-column-is-layout-flow\">\n\n<figure class=\"wp-block-image size-medium\"><img decoding=\"async\" src=\"https:\/\/www.artisjet.com\/images\/easyblog_articles\/276\/open-API-integration.jpg\" alt=\"Open-API-Integration f\u00fcr nahtlosen Workflow mit FREEBIRD\"\/><\/figure>\n\n\n<h3 class=\"wp-block-heading\">NAHTLOSE WORKFLOW-INTEGRATION<\/h3>\n\n\n<p>Integrieren Sie Ihre Druckaufgaben nahtlos in bestehende Abl\u00e4ufe mit Open API \u2014 mit vollst\u00e4ndiger Kontrolle \u00fcber das Auftragsmanagement.<\/p>\n\n<\/div>\n\n<\/div>\n\n\n\n<div class=\"wp-block-columns is-layout-flex wp-container-core-columns-is-layout-9d6595d7 wp-block-columns-is-layout-flex\">\n\n<div class=\"wp-block-column is-layout-flow wp-block-column-is-layout-flow\">\n\n<figure class=\"wp-block-image size-medium\"><img decoding=\"async\" src=\"https:\/\/www.artisjet.com\/images\/easyblog_articles\/276\/cloud-based-monitoring-printing-jobs.jpg\" alt=\"Cloud-basierte \u00dcberwachung von Druckauftr\u00e4gen\"\/><\/figure>\n\n\n<h3 class=\"wp-block-heading\">CLOUD-\u00dcBERWACHUNG<\/h3>\n\n\n<p>Verfolgen Sie Druckauftr\u00e4ge, Leistung und Wartung von \u00fcberall auf der Welt, zu jeder Zeit.<\/p>\n\n<\/div>\n\n\n<div class=\"wp-block-column is-layout-flow wp-block-column-is-layout-flow\">\n\n<figure class=\"wp-block-image size-medium\"><img decoding=\"async\" src=\"https:\/\/www.artisjet.com\/images\/easyblog_articles\/276\/braille-dots-printing-and-print-effects.jpg\" alt=\"Braille-Punktdruck und Druckeffekte mit FREEBIRD\"\/><\/figure>\n\n\n<h3 class=\"wp-block-heading\">PERSONALISIERUNGSLEISTUNG<\/h3>\n\n\n<p>Spezialeffekte wie Braille, 3D-Texturen oder Lack \u2014 der vielseitige FREEBIRD-Motor bew\u00e4ltigt alles und garantiert bei jedem Auftrag Premium-Qualit\u00e4t.<\/p>\n\n<\/div>\n\n<\/div>\n\n\n\n<h2 class=\"wp-block-heading\">F\u00fcr wen ist FREEBIRD gedacht?<\/h2>\n\n\n\n<p>Kompatibel mit den UV-Druckern von artisJet, ist FREEBIRD f\u00fcr Profis konzipiert, die <strong>projektbezogene Workflows<\/strong> verwalten und schnelle, hochwertige und anpassbare Druckl\u00f6sungen fordern.<\/p>\n\n\n\n<div class=\"wp-block-group has-background\" style=\"background-color:#f5f5f5;padding-top:1.5rem;padding-right:1.5rem;padding-bottom:1.5rem;padding-left:1.5rem\"><div class=\"wp-block-group__inner-container is-layout-constrained wp-container-core-group-is-layout-1675ba18 wp-block-group-is-layout-constrained\">\n\n<h3 class=\"wp-block-heading\">M\u00f6chten Sie FREEBIRD in Aktion sehen?<\/h3>\n\n\n<p>Kontaktieren Sie uns f\u00fcr eine Live-Demo und entdecken Sie, wie FREEBIRD in Ihren Workflow passt und die Produktivit\u00e4t steigert.<br\/><br\/>\ud83d\udcde <a href=\"tel:+4921154690\u200b38\">+49 211 54 69 038<\/a><br\/>\ud83d\udce7 <a href=\"mailto:info@artisjet-printers.eu\">info@artisjet-printers.eu<\/a><\/p>\n\n\n<div class=\"wp-block-buttons is-layout-flex wp-block-buttons-is-layout-flex\">\n\n<div class=\"wp-block-button\"><a class=\"wp-block-button__link wp-element-button\" href=\"\/de\/contact\/\">FREEBIRD-Demo anfragen<\/a><\/div>\n\n<\/div>\n\n<\/div><\/div>\n\n\n<\/div><\/div>\n","protected":false},"excerpt":{"rendered":"<p>FREEBIRD \u2014 Das Druckmotor-Modul der n\u00e4chsten Generation von artisJet FREEBIRD ist ein dynamisches Druckmotor-Upgrade, das in alle artisJet-Drucker integriert werden kann. Es bietet 2-fach schnellere Druckgeschwindigkeiten, \u00fcberlegene Druckpr\u00e4zision und vollst\u00e4ndige Kontrolle \u00fcber Ihre Druckoperationen mit Open-API-Integration. Warum FREEBIRD? FREEBIRD steigert<\/p>\n","protected":false},"author":1,"featured_media":0,"parent":9013,"menu_order":0,"comment_status":"closed","ping_status":"closed","template":"","meta":{"ngg_post_thumbnail":0,"footnotes":""},"class_list":["post-9022","page","type-page","status-publish","hentry"],"translation":{"provider":"WPGlobus","version":"2.12.2","language":"de","enabled_languages":["fr","de","pt","en"],"languages":{"fr":{"title":true,"content":true,"excerpt":false},"de":{"title":true,"content":true,"excerpt":false},"pt":{"title":true,"content":true,"excerpt":false},"en":{"title":true,"content":true,"excerpt":false}}},"yoast_head":"<!-- This site is optimized with the Yoast SEO plugin v22.0 - https:\/\/yoast.com\/wordpress\/plugins\/seo\/ -->\n<title>FREEBIRD \u2014 Next-Gen-Druckmodul | Artisjet Europe<\/title>\n<meta name=\"robots\" content=\"index, follow, max-snippet:-1, max-image-preview:large, max-video-preview:-1\" \/>\n<link rel=\"canonical\" href=\"https:\/\/artisjet-printers.eu\/technology\/freebird-print-engine\/\" \/>\n<meta property=\"og:locale\" content=\"de_DE\" \/>\n<meta property=\"og:type\" content=\"article\" \/>\n<meta property=\"og:title\" content=\"FREEBIRD \u2014 Next-Gen-Druckmodul | Artisjet Europe\" \/>\n<meta property=\"og:url\" content=\"https:\/\/artisjet-printers.eu\/technology\/freebird-print-engine\/\" \/>\n<meta property=\"og:site_name\" content=\"Artisjet Europe\" \/>\n<meta property=\"article:modified_time\" content=\"2026-03-19T06:38:20+00:00\" \/>\n<meta property=\"og:image\" content=\"https:\/\/www.artisjet.com\/images\/easyblog_articles\/276\/printing-speed-two-times-faster.jpg\" \/>\n<meta name=\"twitter:card\" content=\"summary_large_image\" \/>\n<meta name=\"twitter:label1\" content=\"Gesch\u00e4tzte Lesezeit\" \/>\n\t<meta name=\"twitter:data1\" content=\"6\u00a0Minuten\" \/>\n<script type=\"application\/ld+json\" class=\"yoast-schema-graph\">{\"@context\":\"https:\/\/schema.org\",\"@graph\":[{\"@type\":\"WebPage\",\"@id\":\"https:\/\/artisjet-printers.eu\/technology\/freebird-print-engine\/\",\"url\":\"https:\/\/artisjet-printers.eu\/technology\/freebird-print-engine\/\",\"name\":\"FREEBIRD \u2014 Next-Gen-Druckmodul | Artisjet Europe\",\"isPartOf\":{\"@id\":\"https:\/\/artisjet-printers.eu\/#website\"},\"datePublished\":\"2026-03-18T21:29:19+00:00\",\"dateModified\":\"2026-03-19T06:38:20+00:00\",\"breadcrumb\":{\"@id\":\"https:\/\/artisjet-printers.eu\/technology\/freebird-print-engine\/#breadcrumb\"},\"inLanguage\":\"de\",\"potentialAction\":[{\"@type\":\"ReadAction\",\"target\":[\"https:\/\/artisjet-printers.eu\/technology\/freebird-print-engine\/\"]}]},{\"@type\":\"BreadcrumbList\",\"@id\":\"https:\/\/artisjet-printers.eu\/technology\/freebird-print-engine\/#breadcrumb\",\"itemListElement\":[{\"@type\":\"ListItem\",\"position\":1,\"name\":\"Home\",\"item\":\"https:\/\/artisjet-printers.eu\/\"},{\"@type\":\"ListItem\",\"position\":2,\"name\":\"Technologie d\u2019impression UV\",\"item\":\"https:\/\/artisjet-printers.eu\/technology\/\"},{\"@type\":\"ListItem\",\"position\":3,\"name\":\"FREEBIRD \u2014 Moteur d\u2019impression nouvelle g\u00e9n\u00e9ration\"}]},{\"@type\":\"WebSite\",\"@id\":\"https:\/\/artisjet-printers.eu\/#website\",\"url\":\"https:\/\/artisjet-printers.eu\/\",\"name\":\"Artisjet Europe\",\"description\":\"Official distributor in Europe\",\"publisher\":{\"@id\":\"https:\/\/artisjet-printers.eu\/#organization\"},\"potentialAction\":[{\"@type\":\"SearchAction\",\"target\":{\"@type\":\"EntryPoint\",\"urlTemplate\":\"https:\/\/artisjet-printers.eu\/?s={search_term_string}\"},\"query-input\":\"required name=search_term_string\"}],\"inLanguage\":\"de\"},{\"@type\":\"Organization\",\"@id\":\"https:\/\/artisjet-printers.eu\/#organization\",\"name\":\"ArtisJet\",\"url\":\"https:\/\/artisjet-printers.eu\/\",\"logo\":{\"@type\":\"ImageObject\",\"inLanguage\":\"de\",\"@id\":\"https:\/\/artisjet-printers.eu\/#\/schema\/logo\/image\/\",\"url\":\"https:\/\/artisjet-printers.eu\/wp-content\/uploads\/2017\/12\/logoartisjet.jpg\",\"contentUrl\":\"https:\/\/artisjet-printers.eu\/wp-content\/uploads\/2017\/12\/logoartisjet.jpg\",\"width\":217,\"height\":80,\"caption\":\"ArtisJet\"},\"image\":{\"@id\":\"https:\/\/artisjet-printers.eu\/#\/schema\/logo\/image\/\"}}]}<\/script>\n<!-- \/ Yoast SEO plugin. -->","yoast_head_json":{"title":"FREEBIRD \u2014 Next-Gen-Druckmodul | Artisjet Europe","robots":{"index":"index","follow":"follow","max-snippet":"max-snippet:-1","max-image-preview":"max-image-preview:large","max-video-preview":"max-video-preview:-1"},"canonical":"https:\/\/artisjet-printers.eu\/technology\/freebird-print-engine\/","og_locale":"de_DE","og_type":"article","og_title":"FREEBIRD \u2014 Next-Gen-Druckmodul | Artisjet Europe","og_url":"https:\/\/artisjet-printers.eu\/technology\/freebird-print-engine\/","og_site_name":"Artisjet Europe","article_modified_time":"2026-03-19T06:38:20+00:00","og_image":[{"url":"https:\/\/www.artisjet.com\/images\/easyblog_articles\/276\/printing-speed-two-times-faster.jpg"}],"twitter_card":"summary_large_image","twitter_misc":{"Gesch\u00e4tzte Lesezeit":"6\u00a0Minuten"},"schema":{"@context":"https:\/\/schema.org","@graph":[{"@type":"WebPage","@id":"https:\/\/artisjet-printers.eu\/technology\/freebird-print-engine\/","url":"https:\/\/artisjet-printers.eu\/technology\/freebird-print-engine\/","name":"FREEBIRD \u2014 Next-Gen-Druckmodul | Artisjet Europe","isPartOf":{"@id":"https:\/\/artisjet-printers.eu\/#website"},"datePublished":"2026-03-18T21:29:19+00:00","dateModified":"2026-03-19T06:38:20+00:00","breadcrumb":{"@id":"https:\/\/artisjet-printers.eu\/technology\/freebird-print-engine\/#breadcrumb"},"inLanguage":"de","potentialAction":[{"@type":"ReadAction","target":["https:\/\/artisjet-printers.eu\/technology\/freebird-print-engine\/"]}]},{"@type":"BreadcrumbList","@id":"https:\/\/artisjet-printers.eu\/technology\/freebird-print-engine\/#breadcrumb","itemListElement":[{"@type":"ListItem","position":1,"name":"Home","item":"https:\/\/artisjet-printers.eu\/"},{"@type":"ListItem","position":2,"name":"Technologie d\u2019impression UV","item":"https:\/\/artisjet-printers.eu\/technology\/"},{"@type":"ListItem","position":3,"name":"FREEBIRD \u2014 Moteur d\u2019impression nouvelle g\u00e9n\u00e9ration"}]},{"@type":"WebSite","@id":"https:\/\/artisjet-printers.eu\/#website","url":"https:\/\/artisjet-printers.eu\/","name":"Artisjet Europe","description":"Official distributor in Europe","publisher":{"@id":"https:\/\/artisjet-printers.eu\/#organization"},"potentialAction":[{"@type":"SearchAction","target":{"@type":"EntryPoint","urlTemplate":"https:\/\/artisjet-printers.eu\/?s={search_term_string}"},"query-input":"required name=search_term_string"}],"inLanguage":"de"},{"@type":"Organization","@id":"https:\/\/artisjet-printers.eu\/#organization","name":"ArtisJet","url":"https:\/\/artisjet-printers.eu\/","logo":{"@type":"ImageObject","inLanguage":"de","@id":"https:\/\/artisjet-printers.eu\/#\/schema\/logo\/image\/","url":"https:\/\/artisjet-printers.eu\/wp-content\/uploads\/2017\/12\/logoartisjet.jpg","contentUrl":"https:\/\/artisjet-printers.eu\/wp-content\/uploads\/2017\/12\/logoartisjet.jpg","width":217,"height":80,"caption":"ArtisJet"},"image":{"@id":"https:\/\/artisjet-printers.eu\/#\/schema\/logo\/image\/"}}]}},"_links":{"self":[{"href":"https:\/\/artisjet-printers.eu\/de\/wp-json\/wp\/v2\/pages\/9022","targetHints":{"allow":["GET"]}}],"collection":[{"href":"https:\/\/artisjet-printers.eu\/de\/wp-json\/wp\/v2\/pages"}],"about":[{"href":"https:\/\/artisjet-printers.eu\/de\/wp-json\/wp\/v2\/types\/page"}],"author":[{"embeddable":true,"href":"https:\/\/artisjet-printers.eu\/de\/wp-json\/wp\/v2\/users\/1"}],"replies":[{"embeddable":true,"href":"https:\/\/artisjet-printers.eu\/de\/wp-json\/wp\/v2\/comments?post=9022"}],"version-history":[{"count":1,"href":"https:\/\/artisjet-printers.eu\/de\/wp-json\/wp\/v2\/pages\/9022\/revisions"}],"predecessor-version":[{"id":9064,"href":"https:\/\/artisjet-printers.eu\/de\/wp-json\/wp\/v2\/pages\/9022\/revisions\/9064"}],"up":[{"embeddable":true,"href":"https:\/\/artisjet-printers.eu\/de\/wp-json\/wp\/v2\/pages\/9013"}],"wp:attachment":[{"href":"https:\/\/artisjet-printers.eu\/de\/wp-json\/wp\/v2\/media?parent=9022"}],"curies":[{"name":"wp","href":"https:\/\/api.w.org\/{rel}","templated":true}]}}