{"id":9021,"date":"2026-03-18T21:29:19","date_gmt":"2026-03-18T21:29:19","guid":{"rendered":"https:\/\/artisjet-printers.eu\/bec1go-edison-awards\/"},"modified":"2026-03-19T07:38:20","modified_gmt":"2026-03-19T06:38:20","slug":"bec1go-edison-awards","status":"publish","type":"page","link":"https:\/\/artisjet-printers.eu\/de\/technology\/bec1go-edison-awards\/","title":{"rendered":"BEC1GO\u2122 \u2014 Nominiert f\u00fcr Edison Award 2026"},"content":{"rendered":"\n<div class=\"wp-block-group aj-article\"><div class=\"wp-block-group__inner-container is-layout-constrained wp-block-group-is-layout-constrained\">\n\n\n<h1 class=\"wp-block-heading\">BEC1GO\u2122 f\u00fcr den Edison Award 2026 nominiert \u2014 Ein gemeinsamer Meilenstein<\/h1>\n\n\n\n<p><strong>BEC1GO\u2122 wurde offiziell f\u00fcr die <a href=\"https:\/\/edisonawards.com\/the-edison-awards\/\">Edison Awards 2026<\/a> nominiert.<\/strong> Diese Anerkennung spiegelt das langfristige Engagement unserer Teams, Partner, Entwickler, Betreiber und akademischen Mitarbeiter weltweit wider.<\/p>\n\n\n\n<figure class=\"wp-block-image size-medium\"><img decoding=\"async\" src=\"https:\/\/www.artisjet.com\/images\/Signatures\/edison-seal.png\" alt=\"Edison Awards Nominierungssiegel\"\/><\/figure>\n\n\n\n<div class=\"wp-block-buttons is-layout-flex wp-block-buttons-is-layout-flex\">\n\n<div class=\"wp-block-button is-style-outline is-style-outline--1\"><a class=\"wp-block-button__link wp-element-button\" href=\"https:\/\/www.youtube.com\/watch?v=F3bTNsAsqe4\">Video auf YouTube ansehen<\/a><\/div>\n\n<\/div>\n\n\n\n<h2 class=\"wp-block-heading\">Der Ursprung von BEC1GO<\/h2>\n\n\n\n<p>BEC1GO\u2122 entstand mit einem einfachen, aber kraftvollen Zweck: <strong>Emotionen wecken, Kreativit\u00e4t inspirieren und Druck durch Farbe, Textur und Tastsinn zum Leben erwecken.<\/strong> Von taktiler Kommunikation bis zu ADA-Anwendungen, von Kreativen bis zu Betreibern, von Barrierefreiheit bis zur Kunst \u2014 BEC1GO tr\u00e4gt die \u00dcberzeugung, dass Druck menschlich, intuitiv und wirkungsvoll sein muss.<\/p>\n\n\n\n<h2 class=\"wp-block-heading\">Gemeinsam vom globalen \u00d6kosystem entwickelt<\/h2>\n\n\n\n<ul class=\"wp-block-list\">\n\n<li>\ud83d\udd39 Ingenieure, die Pr\u00e4zision mit Disziplin verfolgen<\/li>\n\n\n<li>\ud83d\udd39 Anwendungsteams, die zuverl\u00e4ssige und sch\u00f6ne Muster erstellen<\/li>\n\n\n<li>\ud83d\udd39 Serviceteams, die Nutzer in allen L\u00e4ndern unterst\u00fctzen<\/li>\n\n\n<li>\ud83d\udd39 Produkt- und F&#038;E-Teams, die t\u00e4glich Standards herausfordern<\/li>\n\n\n<li>\ud83d\udd39 Kreative und Betreiber, die die Grenzen des Ausdrucks erweitern<\/li>\n\n\n<li>\ud83d\udd39 Gesch\u00e4ftspartner, die uns vertrauen und mit uns wachsen<\/li>\n\n\n<li>\ud83d\udd39 Akademische Mitarbeiter, die neue M\u00f6glichkeiten er\u00f6ffnen<\/li>\n\n<\/ul>\n\n\n\n<h2 class=\"wp-block-heading\">Was diese Nominierung f\u00fcr die Zukunft bedeutet<\/h2>\n\n\n\n<p>Diese Anerkennung gibt uns starken Schwung, unsere Mission voranzutreiben: Technologie zu schaffen, die Emotionen entz\u00fcndet, Kreativit\u00e4t inspiriert und der Welt bedeutungsvolle Druckergebnisse liefert.<\/p>\n\n\n\n<ul class=\"wp-block-list\">\n\n<li>\ud83c\udfaf <strong>St\u00e4rkung der Mission<\/strong> \u2014 Weiterentwicklung nutzerzentrierter, intuitiver, zuverl\u00e4ssiger und emotional bedeutsamer Technologie.<\/li>\n\n\n<li>\ud83c\udf1f <strong>Verbesserte Nutzererfahrung<\/strong> \u2014 St\u00e4rkerer Fokus auf Betreiber, Kreative, Designer und sehbehinderte Communities.<\/li>\n\n\n<li>\ud83c\udf10 <strong>St\u00e4rkere globale Zusammenarbeit<\/strong> \u2014 Vertiefung der Kooperation mit Distributoren, Partnern und akademischen Institutionen.<\/li>\n\n\n<li>\ud83c\udfc5 <strong>H\u00f6here Exzellenzstandards<\/strong> \u2014 Mehr Agilit\u00e4t, Qualit\u00e4t, Zuverl\u00e4ssigkeit und Innovation in allen Abteilungen und Regionen.<\/li>\n\n\n<li>\ud83d\udcab <strong>Beschleunigung der globalen Vision<\/strong> \u2014 Bedeutungsvoller Druck f\u00fcr mehr Branchen, L\u00e4nder und Communities.<\/li>\n\n<\/ul>\n\n\n\n<p>Diese Nominierung ist kein Ziel. Sie ist die positive Energie, die uns antreibt, mit Klarheit, Bescheidenheit und Entschlossenheit voranzugehen.<\/p>\n\n\n\n<div class=\"wp-block-group has-background\" style=\"background-color:#f5f5f5;padding-top:1.5rem;padding-right:1.5rem;padding-bottom:1.5rem;padding-left:1.5rem\"><div class=\"wp-block-group__inner-container is-layout-constrained wp-container-core-group-is-layout-1675ba18 wp-block-group-is-layout-constrained\">\n\n<h3 class=\"wp-block-heading\">M\u00f6chten Sie mehr \u00fcber BEC1GO\u2122 erfahren?<\/h3>\n\n\n<p>Bei artisJet Europe sind wir offizieller Distributor und k\u00f6nnen Ihnen BEC1GO in einer Live-Demonstration zeigen.<br\/><br\/>\ud83d\udcde <a href=\"tel:+4921154690\u200b38\">+49 211 54 69 038<\/a><br\/>\ud83d\udce7 <a href=\"mailto:info@artisjet-printers.eu\">info@artisjet-printers.eu<\/a><\/p>\n\n\n<div class=\"wp-block-buttons is-layout-flex wp-block-buttons-is-layout-flex\">\n\n<div class=\"wp-block-button\"><a class=\"wp-block-button__link wp-element-button\" href=\"\/de\/contact\/\">Demo anfragen<\/a><\/div>\n\n<\/div>\n\n<\/div><\/div>\n\n\n<\/div><\/div>\n","protected":false},"excerpt":{"rendered":"<p>BEC1GO\u2122 f\u00fcr den Edison Award 2026 nominiert \u2014 Ein gemeinsamer Meilenstein BEC1GO\u2122 wurde offiziell f\u00fcr die Edison Awards 2026 nominiert. Diese Anerkennung spiegelt das langfristige Engagement unserer Teams, Partner, Entwickler, Betreiber und akademischen Mitarbeiter weltweit wider. Der Ursprung von BEC1GO<\/p>\n","protected":false},"author":1,"featured_media":0,"parent":9013,"menu_order":0,"comment_status":"closed","ping_status":"closed","template":"","meta":{"ngg_post_thumbnail":0,"footnotes":""},"class_list":["post-9021","page","type-page","status-publish","hentry"],"translation":{"provider":"WPGlobus","version":"2.12.2","language":"de","enabled_languages":["fr","de","pt","en"],"languages":{"fr":{"title":true,"content":true,"excerpt":false},"de":{"title":true,"content":true,"excerpt":false},"pt":{"title":true,"content":true,"excerpt":false},"en":{"title":true,"content":true,"excerpt":false}}},"yoast_head":"<!-- This site is optimized with the Yoast SEO plugin v22.0 - https:\/\/yoast.com\/wordpress\/plugins\/seo\/ -->\n<title>BEC1GO\u2122 \u2014 Nominiert f\u00fcr Edison Award 2026 | Artisjet Europe<\/title>\n<meta name=\"robots\" content=\"index, follow, max-snippet:-1, max-image-preview:large, max-video-preview:-1\" \/>\n<link rel=\"canonical\" href=\"https:\/\/artisjet-printers.eu\/technology\/bec1go-edison-awards\/\" \/>\n<meta property=\"og:locale\" content=\"de_DE\" \/>\n<meta property=\"og:type\" content=\"article\" \/>\n<meta property=\"og:title\" content=\"BEC1GO\u2122 \u2014 Nominiert f\u00fcr Edison Award 2026 | Artisjet Europe\" \/>\n<meta property=\"og:url\" content=\"https:\/\/artisjet-printers.eu\/technology\/bec1go-edison-awards\/\" \/>\n<meta property=\"og:site_name\" content=\"Artisjet Europe\" \/>\n<meta property=\"article:modified_time\" content=\"2026-03-19T06:38:20+00:00\" \/>\n<meta property=\"og:image\" content=\"https:\/\/www.artisjet.com\/images\/Signatures\/edison-seal.png\" \/>\n<meta name=\"twitter:card\" content=\"summary_large_image\" \/>\n<meta name=\"twitter:label1\" content=\"Gesch\u00e4tzte Lesezeit\" \/>\n\t<meta name=\"twitter:data1\" content=\"7\u00a0Minuten\" \/>\n<script type=\"application\/ld+json\" class=\"yoast-schema-graph\">{\"@context\":\"https:\/\/schema.org\",\"@graph\":[{\"@type\":\"WebPage\",\"@id\":\"https:\/\/artisjet-printers.eu\/technology\/bec1go-edison-awards\/\",\"url\":\"https:\/\/artisjet-printers.eu\/technology\/bec1go-edison-awards\/\",\"name\":\"BEC1GO\u2122 \u2014 Nominiert f\u00fcr Edison Award 2026 | Artisjet Europe\",\"isPartOf\":{\"@id\":\"https:\/\/artisjet-printers.eu\/#website\"},\"datePublished\":\"2026-03-18T21:29:19+00:00\",\"dateModified\":\"2026-03-19T06:38:20+00:00\",\"breadcrumb\":{\"@id\":\"https:\/\/artisjet-printers.eu\/technology\/bec1go-edison-awards\/#breadcrumb\"},\"inLanguage\":\"de\",\"potentialAction\":[{\"@type\":\"ReadAction\",\"target\":[\"https:\/\/artisjet-printers.eu\/technology\/bec1go-edison-awards\/\"]}]},{\"@type\":\"BreadcrumbList\",\"@id\":\"https:\/\/artisjet-printers.eu\/technology\/bec1go-edison-awards\/#breadcrumb\",\"itemListElement\":[{\"@type\":\"ListItem\",\"position\":1,\"name\":\"Home\",\"item\":\"https:\/\/artisjet-printers.eu\/\"},{\"@type\":\"ListItem\",\"position\":2,\"name\":\"Technologie d\u2019impression UV\",\"item\":\"https:\/\/artisjet-printers.eu\/technology\/\"},{\"@type\":\"ListItem\",\"position\":3,\"name\":\"BEC1GO\u2122 \u2014 Nomin\u00e9 aux Edison Awards 2026\"}]},{\"@type\":\"WebSite\",\"@id\":\"https:\/\/artisjet-printers.eu\/#website\",\"url\":\"https:\/\/artisjet-printers.eu\/\",\"name\":\"Artisjet Europe\",\"description\":\"Official distributor in Europe\",\"publisher\":{\"@id\":\"https:\/\/artisjet-printers.eu\/#organization\"},\"potentialAction\":[{\"@type\":\"SearchAction\",\"target\":{\"@type\":\"EntryPoint\",\"urlTemplate\":\"https:\/\/artisjet-printers.eu\/?s={search_term_string}\"},\"query-input\":\"required name=search_term_string\"}],\"inLanguage\":\"de\"},{\"@type\":\"Organization\",\"@id\":\"https:\/\/artisjet-printers.eu\/#organization\",\"name\":\"ArtisJet\",\"url\":\"https:\/\/artisjet-printers.eu\/\",\"logo\":{\"@type\":\"ImageObject\",\"inLanguage\":\"de\",\"@id\":\"https:\/\/artisjet-printers.eu\/#\/schema\/logo\/image\/\",\"url\":\"https:\/\/artisjet-printers.eu\/wp-content\/uploads\/2017\/12\/logoartisjet.jpg\",\"contentUrl\":\"https:\/\/artisjet-printers.eu\/wp-content\/uploads\/2017\/12\/logoartisjet.jpg\",\"width\":217,\"height\":80,\"caption\":\"ArtisJet\"},\"image\":{\"@id\":\"https:\/\/artisjet-printers.eu\/#\/schema\/logo\/image\/\"}}]}<\/script>\n<!-- \/ Yoast SEO plugin. -->","yoast_head_json":{"title":"BEC1GO\u2122 \u2014 Nominiert f\u00fcr Edison Award 2026 | Artisjet Europe","robots":{"index":"index","follow":"follow","max-snippet":"max-snippet:-1","max-image-preview":"max-image-preview:large","max-video-preview":"max-video-preview:-1"},"canonical":"https:\/\/artisjet-printers.eu\/technology\/bec1go-edison-awards\/","og_locale":"de_DE","og_type":"article","og_title":"BEC1GO\u2122 \u2014 Nominiert f\u00fcr Edison Award 2026 | Artisjet Europe","og_url":"https:\/\/artisjet-printers.eu\/technology\/bec1go-edison-awards\/","og_site_name":"Artisjet Europe","article_modified_time":"2026-03-19T06:38:20+00:00","og_image":[{"url":"https:\/\/www.artisjet.com\/images\/Signatures\/edison-seal.png"}],"twitter_card":"summary_large_image","twitter_misc":{"Gesch\u00e4tzte Lesezeit":"7\u00a0Minuten"},"schema":{"@context":"https:\/\/schema.org","@graph":[{"@type":"WebPage","@id":"https:\/\/artisjet-printers.eu\/technology\/bec1go-edison-awards\/","url":"https:\/\/artisjet-printers.eu\/technology\/bec1go-edison-awards\/","name":"BEC1GO\u2122 \u2014 Nominiert f\u00fcr Edison Award 2026 | Artisjet Europe","isPartOf":{"@id":"https:\/\/artisjet-printers.eu\/#website"},"datePublished":"2026-03-18T21:29:19+00:00","dateModified":"2026-03-19T06:38:20+00:00","breadcrumb":{"@id":"https:\/\/artisjet-printers.eu\/technology\/bec1go-edison-awards\/#breadcrumb"},"inLanguage":"de","potentialAction":[{"@type":"ReadAction","target":["https:\/\/artisjet-printers.eu\/technology\/bec1go-edison-awards\/"]}]},{"@type":"BreadcrumbList","@id":"https:\/\/artisjet-printers.eu\/technology\/bec1go-edison-awards\/#breadcrumb","itemListElement":[{"@type":"ListItem","position":1,"name":"Home","item":"https:\/\/artisjet-printers.eu\/"},{"@type":"ListItem","position":2,"name":"Technologie d\u2019impression UV","item":"https:\/\/artisjet-printers.eu\/technology\/"},{"@type":"ListItem","position":3,"name":"BEC1GO\u2122 \u2014 Nomin\u00e9 aux Edison Awards 2026"}]},{"@type":"WebSite","@id":"https:\/\/artisjet-printers.eu\/#website","url":"https:\/\/artisjet-printers.eu\/","name":"Artisjet Europe","description":"Official distributor in Europe","publisher":{"@id":"https:\/\/artisjet-printers.eu\/#organization"},"potentialAction":[{"@type":"SearchAction","target":{"@type":"EntryPoint","urlTemplate":"https:\/\/artisjet-printers.eu\/?s={search_term_string}"},"query-input":"required name=search_term_string"}],"inLanguage":"de"},{"@type":"Organization","@id":"https:\/\/artisjet-printers.eu\/#organization","name":"ArtisJet","url":"https:\/\/artisjet-printers.eu\/","logo":{"@type":"ImageObject","inLanguage":"de","@id":"https:\/\/artisjet-printers.eu\/#\/schema\/logo\/image\/","url":"https:\/\/artisjet-printers.eu\/wp-content\/uploads\/2017\/12\/logoartisjet.jpg","contentUrl":"https:\/\/artisjet-printers.eu\/wp-content\/uploads\/2017\/12\/logoartisjet.jpg","width":217,"height":80,"caption":"ArtisJet"},"image":{"@id":"https:\/\/artisjet-printers.eu\/#\/schema\/logo\/image\/"}}]}},"_links":{"self":[{"href":"https:\/\/artisjet-printers.eu\/de\/wp-json\/wp\/v2\/pages\/9021","targetHints":{"allow":["GET"]}}],"collection":[{"href":"https:\/\/artisjet-printers.eu\/de\/wp-json\/wp\/v2\/pages"}],"about":[{"href":"https:\/\/artisjet-printers.eu\/de\/wp-json\/wp\/v2\/types\/page"}],"author":[{"embeddable":true,"href":"https:\/\/artisjet-printers.eu\/de\/wp-json\/wp\/v2\/users\/1"}],"replies":[{"embeddable":true,"href":"https:\/\/artisjet-printers.eu\/de\/wp-json\/wp\/v2\/comments?post=9021"}],"version-history":[{"count":1,"href":"https:\/\/artisjet-printers.eu\/de\/wp-json\/wp\/v2\/pages\/9021\/revisions"}],"predecessor-version":[{"id":9090,"href":"https:\/\/artisjet-printers.eu\/de\/wp-json\/wp\/v2\/pages\/9021\/revisions\/9090"}],"up":[{"embeddable":true,"href":"https:\/\/artisjet-printers.eu\/de\/wp-json\/wp\/v2\/pages\/9013"}],"wp:attachment":[{"href":"https:\/\/artisjet-printers.eu\/de\/wp-json\/wp\/v2\/media?parent=9021"}],"curies":[{"name":"wp","href":"https:\/\/api.w.org\/{rel}","templated":true}]}}