{"id":9020,"date":"2026-03-18T21:29:19","date_gmt":"2026-03-18T21:29:19","guid":{"rendered":"https:\/\/artisjet-printers.eu\/trust-signs-printer\/"},"modified":"2026-03-19T07:38:20","modified_gmt":"2026-03-19T06:38:20","slug":"trust-signs-printer","status":"publish","type":"page","link":"https:\/\/artisjet-printers.eu\/de\/technology\/trust-signs-printer\/","title":{"rendered":"TRUST \u2014 UV-Beschilderungsdrucker"},"content":{"rendered":"\n<div class=\"wp-block-group aj-article\"><div class=\"wp-block-group__inner-container is-layout-constrained wp-block-group-is-layout-constrained\">\n\n\n<h1 class=\"wp-block-heading\">Mehr erreichen mit TRUST \u2014 Ihr n\u00e4chster professioneller UV-Beschilderungsdrucker<\/h1>\n\n\n\n<p>Ein kompakter UV-Drucker f\u00fcr Beschilderungsprofis: gro\u00dfe Plakatformate, stabiler Druck, vollst\u00e4ndig ADA-konformes Braille und eine Wartung, die f\u00fcr die t\u00e4gliche Produktion ausgelegt ist.<\/p>\n\n\n\n<figure class=\"wp-block-image size-large\"><img decoding=\"async\" src=\"https:\/\/www.artisjet.com\/images\/easyblog_articles\/286\/the-NEW-artisJet-TRUST-printer-for-signage-and-more.jpeg\" alt=\"artisJet TRUST \u2014 UV-Drucker f\u00fcr Beschilderung\"\/><\/figure>\n\n\n\n<div class=\"wp-block-buttons is-layout-flex wp-block-buttons-is-layout-flex\">\n\n<div class=\"wp-block-button\"><a class=\"wp-block-button__link wp-element-button\" href=\"https:\/\/youtu.be\/rlkaiwQgR8o\">Video ansehen<\/a><\/div>\n\n\n<div class=\"wp-block-button is-style-outline is-style-outline--1\"><a class=\"wp-block-button__link wp-element-button\" href=\"\/de\/contact\/\">Informationen anfordern<\/a><\/div>\n\n<\/div>\n\n\n\n<h2 class=\"wp-block-heading\">Warum TRUST<\/h2>\n\n\n\n<p>Entstanden aus einem echten Bedarf: Eine f\u00fchrende Laser- und CNC-Marke suchte einen zuverl\u00e4ssigeren UV-Drucker zur Erg\u00e4nzung ihrer L\u00f6sungen. Was als \u201e6090&#8243;-Modell (ISO A1+ 60 \u00d7 90 cm) begann, hat sich zum weltweit kompaktesten Drucker seiner Gr\u00f6\u00dfe entwickelt \u2014 konzipiert f\u00fcr professionelle Beschilderungsformate und vielseitige Individualisierungsproduktion.<\/p>\n\n\n\n<h3 class=\"wp-block-heading\">Entwickelt f\u00fcr Beschilderung und vieles mehr<\/h3>\n\n\n\n<ul class=\"wp-block-list\">\n\n<li>Plakatformate: <strong>45\u00d760 cm<\/strong>, <strong>60\u00d760 cm<\/strong>, <strong>60\u00d790 cm<\/strong><\/li>\n\n\n<li>Innenbeschilderung: Orientierung und Sicherheit<\/li>\n\n\n<li>ADA-konforme Braille-Beschilderung<\/li>\n\n\n<li>Individualisierung von Aufzug- und Bedienpanelen<\/li>\n\n\n<li>Kleinserienfertigung und Chargenproduktion<\/li>\n\n<\/ul>\n\n\n\n<h2 class=\"wp-block-heading\">Wichtigste technische Daten<\/h2>\n\n\n\n<figure class=\"wp-block-table\"><table><tbody>\n<tr><td><strong>Druckbereich<\/strong><\/td><td>60,96 \u00d7 91,44 cm<\/td><\/tr>\n<tr><td><strong>Maximale Objekth\u00f6he<\/strong><\/td><td>bis 25,4 cm<\/td><\/tr>\n<tr><td><strong>Aufl\u00f6sung<\/strong><\/td><td>bis 1800 DPI<\/td><\/tr>\n<tr><td><strong>Tintenkan\u00e4le<\/strong><\/td><td>CMYK + WW + VV<\/td><\/tr>\n<tr><td><strong>Effekte<\/strong><\/td><td>Braille ADA, 3D-Relief, Glanz-\/Mattlack, CWC-Sandwich, Goldeffekt<\/td><\/tr>\n<tr><td><strong>Rotationsdruck<\/strong><\/td><td>\u00d8 1,5 \u2013 22,5 cm<\/td><\/tr>\n<tr><td><strong>H\u00f6henscan<\/strong><\/td><td>Automatisch \u2014 keine manuelle Einstellung<\/td><\/tr>\n<\/tbody><\/table><\/figure>\n\n\n\n<h2 class=\"wp-block-heading\">Druckeffekte f\u00fcr die Beschilderung<\/h2>\n\n\n\n<div class=\"wp-block-columns is-layout-flex wp-container-core-columns-is-layout-9d6595d7 wp-block-columns-is-layout-flex\">\n\n<div class=\"wp-block-column is-layout-flow wp-block-column-is-layout-flow\">\n\n<figure class=\"wp-block-image size-medium\"><img decoding=\"async\" src=\"https:\/\/www.artisjet.com\/images\/easyblog_articles\/286\/fully-compliant-ADA-Braille-signage.png\" alt=\"ADA-konforme Braille-Beschilderung\"\/><\/figure>\n\n\n<p><strong>Vollst\u00e4ndig ADA-konformes Braille<\/strong><br\/>Punkte in einem einzigen Durchgang gedruckt, H\u00f6he 0,74\u20130,76 mm.<\/p>\n\n<\/div>\n\n\n<div class=\"wp-block-column is-layout-flow wp-block-column-is-layout-flow\">\n\n<figure class=\"wp-block-image size-medium\"><img decoding=\"async\" src=\"https:\/\/www.artisjet.com\/images\/easyblog_articles\/286\/embossed-letters-printing-on-yard-signage.png\" alt=\"Pr\u00e4gebuchstaben auf Beschilderungsschildern\"\/><\/figure>\n\n\n<p><strong>Relieftexturen auf 3 Ebenen<\/strong><br\/>Klein 0,18 mm \u00b7 Mittel 0,38 mm \u00b7 Gro\u00df 0,58 mm<\/p>\n\n<\/div>\n\n<\/div>\n\n\n\n<div class=\"wp-block-columns is-layout-flex wp-container-core-columns-is-layout-9d6595d7 wp-block-columns-is-layout-flex\">\n\n<div class=\"wp-block-column is-layout-flow wp-block-column-is-layout-flow\">\n\n<figure class=\"wp-block-image size-medium\"><img decoding=\"async\" src=\"https:\/\/www.artisjet.com\/images\/easyblog_articles\/286\/accurate-real-photo-quality-color-reproduction.png\" alt=\"Farbwiedergabe in echte Fotoqualit\u00e4t\"\/><\/figure>\n\n\n<p><strong>Echte Fotoqualit\u00e4t<\/strong><br\/>Hochwertige Farbwiedergabe und Kontrast.<\/p>\n\n<\/div>\n\n\n<div class=\"wp-block-column is-layout-flow wp-block-column-is-layout-flow\">\n\n<figure class=\"wp-block-image size-medium\"><img decoding=\"async\" src=\"https:\/\/www.artisjet.com\/images\/easyblog_articles\/286\/color-white-color-layers-printing-for-transparent-signage.png\" alt=\"CWC-Druck f\u00fcr transparente Beschilderung\"\/><\/figure>\n\n\n<p><strong>CWC-Sandwich-Druck<\/strong><br\/>Farbe\u2013Wei\u00df\u2013Farbe in einem Durchgang f\u00fcr transparente Substrate.<\/p>\n\n<\/div>\n\n<\/div>\n\n\n\n<div class=\"wp-block-columns is-layout-flex wp-container-core-columns-is-layout-9d6595d7 wp-block-columns-is-layout-flex\">\n\n<div class=\"wp-block-column is-layout-flow wp-block-column-is-layout-flow\">\n\n<figure class=\"wp-block-image size-medium\"><img decoding=\"async\" src=\"https:\/\/www.artisjet.com\/images\/easyblog_articles\/286\/varnish-printing-on-rotary.png\" alt=\"Lackveredelung beim Rotationsdruck\"\/><\/figure>\n\n\n<p><strong>Lackveredelungen<\/strong><br\/>Glanz \/ Matt \/ Umkehrlack f\u00fcr Premium-Kontrast und Langlebigkeit.<\/p>\n\n<\/div>\n\n\n<div class=\"wp-block-column is-layout-flow wp-block-column-is-layout-flow\">\n\n<figure class=\"wp-block-image size-medium\"><img decoding=\"async\" src=\"https:\/\/www.artisjet.com\/images\/easyblog_articles\/286\/wedding-cards-signage-gold-printing.png\" alt=\"Golddruckeffekte auf Beschilderung\"\/><\/figure>\n\n\n<p><strong>Gold ohne Gold<\/strong><br\/>3 Goldeffekttypen: glattes Glanz, Glanz\/Matt mit Textur (mit Braille).<\/p>\n\n<\/div>\n\n<\/div>\n\n\n\n<p><strong>BEC1GO\u2122-Workflow:<\/strong> Braille + Relief + Farbe in einem einzigen strukturierten Schritt.<\/p>\n\n\n\n<h2 class=\"wp-block-heading\">Schneller Workflow unter Druck<\/h2>\n\n\n\n<div class=\"wp-block-columns is-layout-flex wp-container-core-columns-is-layout-9d6595d7 wp-block-columns-is-layout-flex\">\n\n<div class=\"wp-block-column is-layout-flow wp-block-column-is-layout-flow\">\n\n<figure class=\"wp-block-image size-medium\"><img decoding=\"async\" src=\"https:\/\/www.artisjet.com\/images\/easyblog_articles\/286\/hot-folder-direct-artwork-and-design-selection.png\" alt=\"artisJet Workstation Software-Oberfl\u00e4che \u2014 \u00dcberwachungsordner\"\/><\/figure>\n\n<\/div>\n\n\n<div class=\"wp-block-column is-layout-flow wp-block-column-is-layout-flow\">\n\n<figure class=\"wp-block-image size-medium\"><img decoding=\"async\" src=\"https:\/\/www.artisjet.com\/images\/easyblog_articles\/286\/hot-folder-integration.png\" alt=\"Designer bereitet Druckauftrag an Workstation vor\"\/><\/figure>\n\n<\/div>\n\n<\/div>\n\n\n\n<ul class=\"wp-block-list\">\n\n<li><strong>Hot Folder<\/strong> \u2014 Datei ablegen und der Druck startet automatisch.<\/li>\n\n\n<li><strong>Kompatibel mit Photoshop \/ Illustrator \/ CorelDRAW<\/strong> \u2014 ohne \u00c4nderung Ihres Design-Workflows.<\/li>\n\n\n<li><strong>Kantensch\u00e4rfe<\/strong> \u2014 kleiner Text und feine Details sauberer f\u00fcr bessere Lesbarkeit.<\/li>\n\n\n<li><strong>Zeit- und Kostensch\u00e4tzung<\/strong> \u2014 Planung von Produktion, Preisen und Terminen.<\/li>\n\n\n<li><strong>Tintenpegelalarm<\/strong> \u2014 vermeidet Unterbrechungen mitten im Druckauftrag.<\/li>\n\n<\/ul>\n\n\n\n<h2 class=\"wp-block-heading\">Einfache Wartung \u2014 ja, Sie k\u00f6nnen ihn abends ausschalten<\/h2>\n\n\n\n<div class=\"wp-block-columns is-layout-flex wp-container-core-columns-is-layout-9d6595d7 wp-block-columns-is-layout-flex\">\n\n<div class=\"wp-block-column is-layout-flow wp-block-column-is-layout-flow\">\n\n<figure class=\"wp-block-image size-medium\"><img decoding=\"async\" src=\"https:\/\/www.artisjet.com\/images\/easyblog_articles\/286\/coffee-level-maintenance.png\" alt=\"Leicht zug\u00e4ngliche Wartungsklappe artisJet TRUST\"\/><\/figure>\n\n<\/div>\n\n\n<div class=\"wp-block-column is-layout-flow wp-block-column-is-layout-flow\">\n\n<figure class=\"wp-block-image size-medium\"><img decoding=\"async\" src=\"https:\/\/www.artisjet.com\/images\/easyblog_articles\/286\/easy-printer-maintenance.png\" alt=\"Tintensystem und Reinigungsprozess artisJet TRUST\"\/><\/figure>\n\n<\/div>\n\n<\/div>\n\n\n\n<ul class=\"wp-block-list\">\n\n<li><strong>Abends ausschalten<\/strong> \u2014 ohne komplizierte Abschaltprozeduren.<\/li>\n\n\n<li><strong>Morgens REINIGEN per Klick<\/strong> \u2192 automatische \u00dcberpr\u00fcfung\/Reinigung \u2192 druckbereit.<\/li>\n\n\n<li><strong>Selbstwartung<\/strong> nach intensivem Gebrauch oder l\u00e4ngeren Ruhephasen.<\/li>\n\n\n<li><strong>Schnellzugriffsklappen<\/strong> f\u00fcr Fehlerbehebung und technischen Service.<\/li>\n\n\n<li><strong>Tinten- und Abfallbeh\u00e4lteralarme<\/strong> f\u00fcr keine unangenehmen \u00dcberraschungen.<\/li>\n\n<\/ul>\n\n\n\n<div class=\"wp-block-group has-background\" style=\"background-color:#f5f5f5;padding-top:1.5rem;padding-right:1.5rem;padding-bottom:1.5rem;padding-left:1.5rem\"><div class=\"wp-block-group__inner-container is-layout-constrained wp-container-core-group-is-layout-1675ba18 wp-block-group-is-layout-constrained\">\n\n<h3 class=\"wp-block-heading\">Haben Sie Fragen zum Beschilderungsdruck?<\/h3>\n\n\n<p>Teilen Sie uns mit, was Sie drucken (Plakate, Braille ADA, Orientierung, Sicherheitsbeschilderung, Paneele) und wir helfen Ihnen, die passende L\u00f6sung zu finden.<br\/><br\/>\ud83d\udcde <a href=\"tel:+4921154690\u200b38\">+49 211 54 69 038<\/a><br\/>\ud83d\udce7 <a href=\"mailto:info@artisjet-printers.eu\">info@artisjet-printers.eu<\/a><\/p>\n\n\n<div class=\"wp-block-buttons is-layout-flex wp-block-buttons-is-layout-flex\">\n\n<div class=\"wp-block-button\"><a class=\"wp-block-button__link wp-element-button\" href=\"\/de\/contact\/\">artisJet Europe kontaktieren<\/a><\/div>\n\n<\/div>\n\n<\/div><\/div>\n\n\n<\/div><\/div>\n","protected":false},"excerpt":{"rendered":"<p>Mehr erreichen mit TRUST \u2014 Ihr n\u00e4chster professioneller UV-Beschilderungsdrucker Ein kompakter UV-Drucker f\u00fcr Beschilderungsprofis: gro\u00dfe Plakatformate, stabiler Druck, vollst\u00e4ndig ADA-konformes Braille und eine Wartung, die f\u00fcr die t\u00e4gliche Produktion ausgelegt ist. Warum TRUST Entstanden aus einem echten Bedarf: Eine f\u00fchrende<\/p>\n","protected":false},"author":1,"featured_media":0,"parent":9013,"menu_order":0,"comment_status":"closed","ping_status":"closed","template":"","meta":{"ngg_post_thumbnail":0,"footnotes":""},"class_list":["post-9020","page","type-page","status-publish","hentry"],"translation":{"provider":"WPGlobus","version":"2.12.2","language":"de","enabled_languages":["fr","de","pt","en"],"languages":{"fr":{"title":true,"content":true,"excerpt":false},"de":{"title":true,"content":true,"excerpt":false},"pt":{"title":true,"content":true,"excerpt":false},"en":{"title":true,"content":true,"excerpt":false}}},"yoast_head":"<!-- This site is optimized with the Yoast SEO plugin v22.0 - https:\/\/yoast.com\/wordpress\/plugins\/seo\/ -->\n<title>TRUST \u2014 UV-Beschilderungsdrucker | Artisjet Europe<\/title>\n<meta name=\"robots\" content=\"index, follow, max-snippet:-1, max-image-preview:large, max-video-preview:-1\" \/>\n<link rel=\"canonical\" href=\"https:\/\/artisjet-printers.eu\/technology\/trust-signs-printer\/\" \/>\n<meta property=\"og:locale\" content=\"de_DE\" \/>\n<meta property=\"og:type\" content=\"article\" \/>\n<meta property=\"og:title\" content=\"TRUST \u2014 UV-Beschilderungsdrucker | Artisjet Europe\" \/>\n<meta property=\"og:url\" content=\"https:\/\/artisjet-printers.eu\/technology\/trust-signs-printer\/\" \/>\n<meta property=\"og:site_name\" content=\"Artisjet Europe\" \/>\n<meta property=\"article:modified_time\" content=\"2026-03-19T06:38:20+00:00\" \/>\n<meta property=\"og:image\" content=\"https:\/\/www.artisjet.com\/images\/easyblog_articles\/286\/the-NEW-artisJet-TRUST-printer-for-signage-and-more.jpeg\" \/>\n<meta name=\"twitter:card\" content=\"summary_large_image\" \/>\n<meta name=\"twitter:label1\" content=\"Gesch\u00e4tzte Lesezeit\" \/>\n\t<meta name=\"twitter:data1\" content=\"8\u00a0Minuten\" \/>\n<script type=\"application\/ld+json\" class=\"yoast-schema-graph\">{\"@context\":\"https:\/\/schema.org\",\"@graph\":[{\"@type\":\"WebPage\",\"@id\":\"https:\/\/artisjet-printers.eu\/technology\/trust-signs-printer\/\",\"url\":\"https:\/\/artisjet-printers.eu\/technology\/trust-signs-printer\/\",\"name\":\"TRUST \u2014 UV-Beschilderungsdrucker | Artisjet Europe\",\"isPartOf\":{\"@id\":\"https:\/\/artisjet-printers.eu\/#website\"},\"datePublished\":\"2026-03-18T21:29:19+00:00\",\"dateModified\":\"2026-03-19T06:38:20+00:00\",\"breadcrumb\":{\"@id\":\"https:\/\/artisjet-printers.eu\/technology\/trust-signs-printer\/#breadcrumb\"},\"inLanguage\":\"de\",\"potentialAction\":[{\"@type\":\"ReadAction\",\"target\":[\"https:\/\/artisjet-printers.eu\/technology\/trust-signs-printer\/\"]}]},{\"@type\":\"BreadcrumbList\",\"@id\":\"https:\/\/artisjet-printers.eu\/technology\/trust-signs-printer\/#breadcrumb\",\"itemListElement\":[{\"@type\":\"ListItem\",\"position\":1,\"name\":\"Home\",\"item\":\"https:\/\/artisjet-printers.eu\/\"},{\"@type\":\"ListItem\",\"position\":2,\"name\":\"Technologie d\u2019impression UV\",\"item\":\"https:\/\/artisjet-printers.eu\/technology\/\"},{\"@type\":\"ListItem\",\"position\":3,\"name\":\"TRUST \u2014 Imprimante UV de signalet\u00e9ique\"}]},{\"@type\":\"WebSite\",\"@id\":\"https:\/\/artisjet-printers.eu\/#website\",\"url\":\"https:\/\/artisjet-printers.eu\/\",\"name\":\"Artisjet Europe\",\"description\":\"Official distributor in Europe\",\"publisher\":{\"@id\":\"https:\/\/artisjet-printers.eu\/#organization\"},\"potentialAction\":[{\"@type\":\"SearchAction\",\"target\":{\"@type\":\"EntryPoint\",\"urlTemplate\":\"https:\/\/artisjet-printers.eu\/?s={search_term_string}\"},\"query-input\":\"required name=search_term_string\"}],\"inLanguage\":\"de\"},{\"@type\":\"Organization\",\"@id\":\"https:\/\/artisjet-printers.eu\/#organization\",\"name\":\"ArtisJet\",\"url\":\"https:\/\/artisjet-printers.eu\/\",\"logo\":{\"@type\":\"ImageObject\",\"inLanguage\":\"de\",\"@id\":\"https:\/\/artisjet-printers.eu\/#\/schema\/logo\/image\/\",\"url\":\"https:\/\/artisjet-printers.eu\/wp-content\/uploads\/2017\/12\/logoartisjet.jpg\",\"contentUrl\":\"https:\/\/artisjet-printers.eu\/wp-content\/uploads\/2017\/12\/logoartisjet.jpg\",\"width\":217,\"height\":80,\"caption\":\"ArtisJet\"},\"image\":{\"@id\":\"https:\/\/artisjet-printers.eu\/#\/schema\/logo\/image\/\"}}]}<\/script>\n<!-- \/ Yoast SEO plugin. -->","yoast_head_json":{"title":"TRUST \u2014 UV-Beschilderungsdrucker | Artisjet Europe","robots":{"index":"index","follow":"follow","max-snippet":"max-snippet:-1","max-image-preview":"max-image-preview:large","max-video-preview":"max-video-preview:-1"},"canonical":"https:\/\/artisjet-printers.eu\/technology\/trust-signs-printer\/","og_locale":"de_DE","og_type":"article","og_title":"TRUST \u2014 UV-Beschilderungsdrucker | Artisjet Europe","og_url":"https:\/\/artisjet-printers.eu\/technology\/trust-signs-printer\/","og_site_name":"Artisjet Europe","article_modified_time":"2026-03-19T06:38:20+00:00","og_image":[{"url":"https:\/\/www.artisjet.com\/images\/easyblog_articles\/286\/the-NEW-artisJet-TRUST-printer-for-signage-and-more.jpeg"}],"twitter_card":"summary_large_image","twitter_misc":{"Gesch\u00e4tzte Lesezeit":"8\u00a0Minuten"},"schema":{"@context":"https:\/\/schema.org","@graph":[{"@type":"WebPage","@id":"https:\/\/artisjet-printers.eu\/technology\/trust-signs-printer\/","url":"https:\/\/artisjet-printers.eu\/technology\/trust-signs-printer\/","name":"TRUST \u2014 UV-Beschilderungsdrucker | Artisjet Europe","isPartOf":{"@id":"https:\/\/artisjet-printers.eu\/#website"},"datePublished":"2026-03-18T21:29:19+00:00","dateModified":"2026-03-19T06:38:20+00:00","breadcrumb":{"@id":"https:\/\/artisjet-printers.eu\/technology\/trust-signs-printer\/#breadcrumb"},"inLanguage":"de","potentialAction":[{"@type":"ReadAction","target":["https:\/\/artisjet-printers.eu\/technology\/trust-signs-printer\/"]}]},{"@type":"BreadcrumbList","@id":"https:\/\/artisjet-printers.eu\/technology\/trust-signs-printer\/#breadcrumb","itemListElement":[{"@type":"ListItem","position":1,"name":"Home","item":"https:\/\/artisjet-printers.eu\/"},{"@type":"ListItem","position":2,"name":"Technologie d\u2019impression UV","item":"https:\/\/artisjet-printers.eu\/technology\/"},{"@type":"ListItem","position":3,"name":"TRUST \u2014 Imprimante UV de signalet\u00e9ique"}]},{"@type":"WebSite","@id":"https:\/\/artisjet-printers.eu\/#website","url":"https:\/\/artisjet-printers.eu\/","name":"Artisjet Europe","description":"Official distributor in Europe","publisher":{"@id":"https:\/\/artisjet-printers.eu\/#organization"},"potentialAction":[{"@type":"SearchAction","target":{"@type":"EntryPoint","urlTemplate":"https:\/\/artisjet-printers.eu\/?s={search_term_string}"},"query-input":"required name=search_term_string"}],"inLanguage":"de"},{"@type":"Organization","@id":"https:\/\/artisjet-printers.eu\/#organization","name":"ArtisJet","url":"https:\/\/artisjet-printers.eu\/","logo":{"@type":"ImageObject","inLanguage":"de","@id":"https:\/\/artisjet-printers.eu\/#\/schema\/logo\/image\/","url":"https:\/\/artisjet-printers.eu\/wp-content\/uploads\/2017\/12\/logoartisjet.jpg","contentUrl":"https:\/\/artisjet-printers.eu\/wp-content\/uploads\/2017\/12\/logoartisjet.jpg","width":217,"height":80,"caption":"ArtisJet"},"image":{"@id":"https:\/\/artisjet-printers.eu\/#\/schema\/logo\/image\/"}}]}},"_links":{"self":[{"href":"https:\/\/artisjet-printers.eu\/de\/wp-json\/wp\/v2\/pages\/9020","targetHints":{"allow":["GET"]}}],"collection":[{"href":"https:\/\/artisjet-printers.eu\/de\/wp-json\/wp\/v2\/pages"}],"about":[{"href":"https:\/\/artisjet-printers.eu\/de\/wp-json\/wp\/v2\/types\/page"}],"author":[{"embeddable":true,"href":"https:\/\/artisjet-printers.eu\/de\/wp-json\/wp\/v2\/users\/1"}],"replies":[{"embeddable":true,"href":"https:\/\/artisjet-printers.eu\/de\/wp-json\/wp\/v2\/comments?post=9020"}],"version-history":[{"count":1,"href":"https:\/\/artisjet-printers.eu\/de\/wp-json\/wp\/v2\/pages\/9020\/revisions"}],"predecessor-version":[{"id":9063,"href":"https:\/\/artisjet-printers.eu\/de\/wp-json\/wp\/v2\/pages\/9020\/revisions\/9063"}],"up":[{"embeddable":true,"href":"https:\/\/artisjet-printers.eu\/de\/wp-json\/wp\/v2\/pages\/9013"}],"wp:attachment":[{"href":"https:\/\/artisjet-printers.eu\/de\/wp-json\/wp\/v2\/media?parent=9020"}],"curies":[{"name":"wp","href":"https:\/\/api.w.org\/{rel}","templated":true}]}}