{"id":9013,"date":"2026-03-19T06:20:19","date_gmt":"2026-03-19T06:20:19","guid":{"rendered":"https:\/\/artisjet-printers.eu\/technology\/"},"modified":"2026-03-19T06:20:19","modified_gmt":"2026-03-19T06:20:19","slug":"technology","status":"publish","type":"page","link":"https:\/\/artisjet-printers.eu\/de\/technology\/","title":{"rendered":"artisJet Europe Technologie"},"content":{"rendered":"\n<div class=\"wp-block-group aj-page-technology\"><div class=\"wp-block-group__inner-container is-layout-constrained wp-block-group-is-layout-constrained\">\n\n\n<h1 class=\"wp-block-heading\">artisJet Europe Technologie<\/h1>\n\n\n\n<p>Technische Artikel, Produktleitf\u00e4den und Technologieneuigkeiten von artisJet f\u00fcr UV-LED-Drucknutzer und -profis in Europa.<\/p>\n\n\n\n<div class=\"wp-block-group aj-post-card has-border-color\" style=\"border-color:#e0e0e0;border-width:1px;padding-top:2rem;padding-right:2rem;padding-bottom:2rem;padding-left:2rem\"><div class=\"wp-block-group__inner-container is-layout-constrained wp-container-core-group-is-layout-bcd1463b wp-block-group-is-layout-constrained\">\n\n\n<p><strong>TECHNOLOGIE \u00b7 PRODUKT<\/strong><\/p>\n\n\n\n<h2 class=\"wp-block-heading\"><a href=\"\/de\/technology\/trust-signs-printer\/\">TRUST \u2014 Ihr n\u00e4chster professioneller UV-Beschilderungsdrucker<\/a><\/h2>\n\n\n\n<figure class=\"wp-block-image size-large\"><img decoding=\"async\" src=\"https:\/\/www.artisjet.com\/images\/easyblog_articles\/286\/the-NEW-artisJet-TRUST-printer-for-signage-and-more.jpeg\" alt=\"artisJet TRUST\"\/><\/figure>\n\n\n\n<p>Ein kompakter UV-Drucker f\u00fcr Beschilderungsprofis: gro\u00dfe Formate bis 60\u00d790\u00a0cm, vollst\u00e4ndig ADA-konformes Braille, Reliefeffekte, Lack und Wartung f\u00fcr die t\u00e4gliche Produktion.<\/p>\n\n\n\n<div class=\"wp-block-buttons is-layout-flex wp-block-buttons-is-layout-flex\">\n\n<div class=\"wp-block-button\"><a class=\"wp-block-button__link wp-element-button\" href=\"\/de\/technology\/trust-signs-printer\/\">Mehr lesen<\/a><\/div>\n\n<\/div>\n\n\n<\/div><\/div>\n\n\n\n<div class=\"wp-block-group aj-post-card has-border-color\" style=\"border-color:#e0e0e0;border-width:1px;padding-top:2rem;padding-right:2rem;padding-bottom:2rem;padding-left:2rem\"><div class=\"wp-block-group__inner-container is-layout-constrained wp-container-core-group-is-layout-bcd1463b wp-block-group-is-layout-constrained\">\n\n\n<p><strong>NACHRICHTEN \u00b7 AUSZEICHNUNGEN<\/strong><\/p>\n\n\n\n<h2 class=\"wp-block-heading\"><a href=\"\/de\/bec1go-edison-awards\/\">BEC1GO\u2122 f\u00fcr den Edison Award 2026 nominiert<\/a><\/h2>\n\n\n\n<figure class=\"wp-block-image size-large\"><img decoding=\"async\" src=\"https:\/\/www.artisjet.com\/images\/Signatures\/edison-seal.png\" alt=\"Edison Awards 2026\"\/><\/figure>\n\n\n\n<p>BEC1GO\u2122 wurde offiziell f\u00fcr die Edison Awards 2026, Kategorie Commercial Technology, nominiert. Ein gemeinsamer Meilenstein f\u00fcr die Einpass-Drucktechnologie: Braille + Relief + Farbe.<\/p>\n\n\n\n<div class=\"wp-block-buttons is-layout-flex wp-block-buttons-is-layout-flex\">\n\n<div class=\"wp-block-button\"><a class=\"wp-block-button__link wp-element-button\" href=\"\/de\/bec1go-edison-awards\/\">Mehr lesen<\/a><\/div>\n\n<\/div>\n\n\n<\/div><\/div>\n\n\n\n<div class=\"wp-block-group aj-post-card has-border-color\" style=\"border-color:#e0e0e0;border-width:1px;padding-top:2rem;padding-right:2rem;padding-bottom:2rem;padding-left:2rem\"><div class=\"wp-block-group__inner-container is-layout-constrained wp-container-core-group-is-layout-bcd1463b wp-block-group-is-layout-constrained\">\n\n\n<p><strong>TECHNOLOGIE \u00b7 DRUCKMOTOR<\/strong><\/p>\n\n\n\n<h2 class=\"wp-block-heading\"><a href=\"\/de\/technology\/freebird-print-engine\/\">FREEBIRD \u2014 Das Next-Gen-Druckmotor-Modul<\/a><\/h2>\n\n\n\n<figure class=\"wp-block-image size-large\"><img decoding=\"async\" src=\"https:\/\/www.artisjet.com\/images\/easyblog_articles\/276\/printing-speed-two-times-faster.jpg\" alt=\"FREEBIRD 2x\"\/><\/figure>\n\n\n\n<p>FREEBIRD ist das Druckmotor-Upgrade f\u00fcr alle artisJet-Drucker: 2-fache Geschwindigkeit, Next-Gen-Chip, Graustufen-Druck, Open-API und Cloud-\u00dcberwachung.<\/p>\n\n\n\n<div class=\"wp-block-buttons is-layout-flex wp-block-buttons-is-layout-flex\">\n\n<div class=\"wp-block-button\"><a class=\"wp-block-button__link wp-element-button\" href=\"\/de\/technology\/freebird-print-engine\/\">Mehr lesen<\/a><\/div>\n\n<\/div>\n\n\n<\/div><\/div>\n\n\n\n<div class=\"wp-block-group aj-post-card has-border-color\" style=\"border-color:#e0e0e0;border-width:1px;padding-top:2rem;padding-right:2rem;padding-bottom:2rem;padding-left:2rem\"><div class=\"wp-block-group__inner-container is-layout-constrained wp-container-core-group-is-layout-bcd1463b wp-block-group-is-layout-constrained\">\n\n\n<p><strong>TECHNOLOGIE \u00b7 SOFTWARE UND SERVICE<\/strong><\/p>\n\n\n\n<h2 class=\"wp-block-heading\"><a href=\"\/de\/cloud-service\/\">Cloud-Service \u2014 Optimieren Sie Arbeit und Druck<\/a><\/h2>\n\n\n\n<figure class=\"wp-block-image size-large\"><img decoding=\"async\" src=\"https:\/\/www.artisjet.com\/images\/easyblog_articles\/263\/automation-and-digitalization.png\" alt=\"Cloud-Service artisJet\"\/><\/figure>\n\n\n\n<p>Das Cloud-Service-System erm\u00f6glicht Automatisierung, Kostensch\u00e4tzung, Wartung per Klick, Drittanbieter-Kompatibilit\u00e4t und technische Fernunterst\u00fctzung weltweit.<\/p>\n\n\n\n<div class=\"wp-block-buttons is-layout-flex wp-block-buttons-is-layout-flex\">\n\n<div class=\"wp-block-button\"><a class=\"wp-block-button__link wp-element-button\" href=\"\/de\/cloud-service\/\">Mehr lesen<\/a><\/div>\n\n<\/div>\n\n\n<\/div><\/div>\n\n\n\n<div class=\"wp-block-group aj-post-card has-border-color\" style=\"border-color:#e0e0e0;border-width:1px;padding-top:2rem;padding-right:2rem;padding-bottom:2rem;padding-left:2rem\"><div class=\"wp-block-group__inner-container is-layout-constrained wp-container-core-group-is-layout-bcd1463b wp-block-group-is-layout-constrained\">\n\n\n<p><strong>TECHNOLOGIE \u00b7 SOFTWARE<\/strong><\/p>\n\n\n\n<h2 class=\"wp-block-heading\"><a href=\"\/de\/technology\/halftone-dither\/\">95\u00a0% der Nutzer verwenden diese Einstellung nie \u2014 Halftone-Dithering<\/a><\/h2>\n\n\n\n<figure class=\"wp-block-image size-large\"><img decoding=\"async\" src=\"https:\/\/www.artisjet.com\/images\/easyblog_articles\/259\/feathering-setting-in-printing-workstation.jpg\" alt=\"Halftone-Dithering\"\/><\/figure>\n\n\n\n<p>Die Halftone-Dither-Einstellung steuert die \u00dcbergangssch\u00e4rfe zwischen Tintenstreifen. Erfahren Sie, wann Sie F, M oder S f\u00fcr das beste Ergebnis verwenden.<\/p>\n\n\n\n<div class=\"wp-block-buttons is-layout-flex wp-block-buttons-is-layout-flex\">\n\n<div class=\"wp-block-button\"><a class=\"wp-block-button__link wp-element-button\" href=\"\/de\/technology\/halftone-dither\/\">Mehr lesen<\/a><\/div>\n\n<\/div>\n\n\n<\/div><\/div>\n\n\n\n<div class=\"wp-block-group aj-post-card has-border-color\" style=\"border-color:#e0e0e0;border-width:1px;padding-top:2rem;padding-right:2rem;padding-bottom:2rem;padding-left:2rem\"><div class=\"wp-block-group__inner-container is-layout-constrained wp-container-core-group-is-layout-bcd1463b wp-block-group-is-layout-constrained\">\n\n\n<p><strong>TECHNOLOGIE \u00b7 MARKT<\/strong><\/p>\n\n\n\n<h2 class=\"wp-block-heading\"><a href=\"\/de\/technology\/why-artisjet\/\">3 Gr\u00fcnde, warum artisJet (vielleicht) nichts f\u00fcr Sie ist<\/a><\/h2>\n\n\n\n<figure class=\"wp-block-image size-large\"><img decoding=\"async\" src=\"https:\/\/www.artisjet.com\/images\/easyblog_articles\/229\/SOHO-Business-Solution-for-Mobile-Customization-Young-printer.jpg\" alt=\"artisJet Young SOHO\"\/><\/figure>\n\n\n\n<p>artisJet ist im mittleren bis gehobenen Segment positioniert. Vor einer Investition erkl\u00e4ren wir klar, in welchen F\u00e4llen unsere L\u00f6sung nicht passt \u2014 und in welchen sie perfekt passt.<\/p>\n\n\n\n<div class=\"wp-block-buttons is-layout-flex wp-block-buttons-is-layout-flex\">\n\n<div class=\"wp-block-button\"><a class=\"wp-block-button__link wp-element-button\" href=\"\/de\/technology\/why-artisjet\/\">Mehr lesen<\/a><\/div>\n\n<\/div>\n\n\n<\/div><\/div>\n\n\n\n<div class=\"wp-block-group aj-post-card has-border-color\" style=\"border-color:#e0e0e0;border-width:1px;padding-top:2rem;padding-right:2rem;padding-bottom:2rem;padding-left:2rem\"><div class=\"wp-block-group__inner-container is-layout-constrained wp-container-core-group-is-layout-bcd1463b wp-block-group-is-layout-constrained\">\n\n\n<p><strong>TECHNOLOGIE \u00b7 HARDWARE<\/strong><\/p>\n\n\n\n<h2 class=\"wp-block-heading\"><a href=\"\/de\/technology\/upgraded-print-system\/\">Verbessertes Drucksystem \u2014 Bessere Benutzererfahrung<\/a><\/h2>\n\n\n\n<figure class=\"wp-block-image size-large\"><img decoding=\"async\" src=\"https:\/\/www.artisjet.com\/images\/easyblog_articles\/242\/artisjet-upgrades-in-printing-system.jpg\" alt=\"Drucksystem-Upgrades\"\/><\/figure>\n\n\n\n<p>artisJet hat das Drucksystem aktualisiert: neues Doppelpumpensystem (pr\u00e4ziser, langlebiger, sauberer) und Workstation-Verbesserungen mit intelligentem Schlitten, \u00dcberwachungsordner und UV-Energiesparen.<\/p>\n\n\n\n<div class=\"wp-block-buttons is-layout-flex wp-block-buttons-is-layout-flex\">\n\n<div class=\"wp-block-button\"><a class=\"wp-block-button__link wp-element-button\" href=\"\/de\/technology\/upgraded-print-system\/\">Mehr lesen<\/a><\/div>\n\n<\/div>\n\n\n<\/div><\/div>\n\n\n\n<div class=\"wp-block-group aj-post-card has-border-color\" style=\"border-color:#e0e0e0;border-width:1px;padding-top:2rem;padding-right:2rem;padding-bottom:2rem;padding-left:2rem\"><div class=\"wp-block-group__inner-container is-layout-constrained wp-container-core-group-is-layout-bcd1463b wp-block-group-is-layout-constrained\">\n\n\n<p><strong>TECHNOLOGIE \u00b7 BRAILLE<\/strong><\/p>\n\n\n\n<h2 class=\"wp-block-heading\"><a href=\"\/de\/braille-ada-printing\/\">Braille-ADA-Druck \u2014 Effizienter und einfacher<\/a><\/h2>\n\n\n\n<figure class=\"wp-block-image size-large\"><img decoding=\"async\" src=\"https:\/\/www.artisjet.com\/images\/easyblog_articles\/239\/braille-printing-highlights-banner.jpg\" alt=\"Braille-ADA-Druck\"\/><\/figure>\n\n\n\n<p>Mit artisJet-Druckern ist ADA-konformer Braille-Druck per Klick m\u00f6glich. Einzel-Durchgang, keine mehrstufigen Prozesse. Weiche, kuppelf\u00f6rmige Punkte, langlebig und elegant.<\/p>\n\n\n\n<div class=\"wp-block-buttons is-layout-flex wp-block-buttons-is-layout-flex\">\n\n<div class=\"wp-block-button\"><a class=\"wp-block-button__link wp-element-button\" href=\"\/de\/braille-ada-printing\/\">Mehr lesen<\/a><\/div>\n\n<\/div>\n\n\n<\/div><\/div>\n\n\n\n<div class=\"wp-block-group aj-post-card has-border-color\" style=\"border-color:#e0e0e0;border-width:1px;padding-top:2rem;padding-right:2rem;padding-bottom:2rem;padding-left:2rem\"><div class=\"wp-block-group__inner-container is-layout-constrained wp-container-core-group-is-layout-bcd1463b wp-block-group-is-layout-constrained\">\n\n\n<p><strong>TECHNOLOGIE \u00b7 MATERIALIEN<\/strong><\/p>\n\n\n\n<h2 class=\"wp-block-heading\"><a href=\"\/de\/technology\/uv-printing-plastics\/\">H\u00e4ufige Probleme beim UV-Druck auf Kunststoffe \u2014 und wie artisJet sie l\u00f6st<\/a><\/h2>\n\n\n\n<figure class=\"wp-block-image size-large\"><img decoding=\"async\" src=\"https:\/\/www.artisjet.com\/images\/easyblog_articles\/219\/air-filtering-system-front-view.jpg\" alt=\"artisJet Luftfiltersystem\"\/><\/figure>\n\n\n\n<p>Fliegende Tinten, statische Elektrizit\u00e4t, Doppeldruck: die h\u00e4ufigsten UV-Druckprobleme auf Kunststoffe und wie Filtersystem und Antistatikst\u00e4be von artisJet sie beheben.<\/p>\n\n\n\n<div class=\"wp-block-buttons is-layout-flex wp-block-buttons-is-layout-flex\">\n\n<div class=\"wp-block-button\"><a class=\"wp-block-button__link wp-element-button\" href=\"\/de\/technology\/uv-printing-plastics\/\">Mehr lesen<\/a><\/div>\n\n<\/div>\n\n\n<\/div><\/div>\n\n\n\n<div class=\"wp-block-group aj-post-card has-border-color\" style=\"border-color:#e0e0e0;border-width:1px;padding-top:2rem;padding-right:2rem;padding-bottom:2rem;padding-left:2rem\"><div class=\"wp-block-group__inner-container is-layout-constrained wp-container-core-group-is-layout-bcd1463b wp-block-group-is-layout-constrained\">\n\n\n<p><strong>TECHNOLOGIE \u00b7 TEXTIL<\/strong><\/p>\n\n\n\n<h2 class=\"wp-block-heading\"><a href=\"\/de\/dtg-textile-printing\/\">Was ist digitaler Direktdruck auf Stoffe (DTG)?<\/a><\/h2>\n\n\n\n<figure class=\"wp-block-image size-large\"><img decoding=\"async\" src=\"https:\/\/www.artisjet.com\/images\/easyblog_articles\/202\/dtg-banner.jpg\" alt=\"DTG-Druck artisJet\"\/><\/figure>\n\n\n\n<p>DTG gegen\u00fcber Siebdruck, Sublimation und W\u00e4rmetransfer. Vorteile, Schritt-f\u00fcr-Schritt-Prozess und empfohlene artisJet-Modelle f\u00fcr direkten Textildruck.<\/p>\n\n\n\n<div class=\"wp-block-buttons is-layout-flex wp-block-buttons-is-layout-flex\">\n\n<div class=\"wp-block-button\"><a class=\"wp-block-button__link wp-element-button\" href=\"\/de\/dtg-textile-printing\/\">Mehr lesen<\/a><\/div>\n\n<\/div>\n\n\n<\/div><\/div>\n\n\n\n<div class=\"wp-block-group aj-post-card has-border-color\" style=\"border-color:#e0e0e0;border-width:1px;padding-top:2rem;padding-right:2rem;padding-bottom:2rem;padding-left:2rem\"><div class=\"wp-block-group__inner-container is-layout-constrained wp-container-core-group-is-layout-bcd1463b wp-block-group-is-layout-constrained\">\n\n\n<p><strong>TECHNOLOGIE \u00b7 TINTENSYSTEM<\/strong><\/p>\n\n\n\n<h2 class=\"wp-block-heading\"><a href=\"\/de\/technology\/uv-led-ink-system\/\">Wie das UV-LED-Tintensystem in artisJet-Druckern funktioniert<\/a><\/h2>\n\n\n\n<figure class=\"wp-block-image size-large\"><img decoding=\"async\" src=\"https:\/\/www.artisjet.com\/images\/easyblog_articles\/90\/b2ap3_thumbnail_3.jpg\" alt=\"artisJet Tintenpumpe\"\/><\/figure>\n\n\n\n<p>Vollst\u00e4ndiger Leitfaden: Tanks, Pumpe, Schl\u00e4uche, D\u00e4mpfer, Druckkopf, Wischer und Abfallbeh\u00e4lter. Wie jedes Teil funktioniert und Wartungstipps.<\/p>\n\n\n\n<div class=\"wp-block-buttons is-layout-flex wp-block-buttons-is-layout-flex\">\n\n<div class=\"wp-block-button\"><a class=\"wp-block-button__link wp-element-button\" href=\"\/de\/technology\/uv-led-ink-system\/\">Mehr lesen<\/a><\/div>\n\n<\/div>\n\n\n<\/div><\/div>\n\n\n\n<div class=\"wp-block-group aj-post-card has-border-color\" style=\"border-color:#e0e0e0;border-width:1px;padding-top:2rem;padding-right:2rem;padding-bottom:2rem;padding-left:2rem\"><div class=\"wp-block-group__inner-container is-layout-constrained wp-container-core-group-is-layout-bcd1463b wp-block-group-is-layout-constrained\">\n\n\n<p><strong>TECHNOLOGIE \u00b7 TINTENSYSTEM<\/strong><\/p>\n\n\n\n<h2 class=\"wp-block-heading\"><a href=\"\/de\/ciss-ink-supply\/\">Kontinuierliches Tintenversorgungssystem (CISS) von artisJet<\/a><\/h2>\n\n\n\n<figure class=\"wp-block-image size-large\"><img decoding=\"async\" src=\"https:\/\/www.artisjet.com\/images\/easyblog_articles\/90\/b2ap3_thumbnail_1.jpg\" alt=\"artisJet CISS\"\/><\/figure>\n\n\n\n<p>Das CISS-System erm\u00f6glicht 100\u00a0% Tintenausnutzung zu deutlich niedrigeren Kosten als Patronen. Nur 30\u00a0ml kombinierte Tinte pro bedrucktem Quadratmeter.<\/p>\n\n\n\n<div class=\"wp-block-buttons is-layout-flex wp-block-buttons-is-layout-flex\">\n\n<div class=\"wp-block-button\"><a class=\"wp-block-button__link wp-element-button\" href=\"\/de\/ciss-ink-supply\/\">Mehr lesen<\/a><\/div>\n\n<\/div>\n\n\n<\/div><\/div>\n\n\n<\/div><\/div>\n","protected":false},"excerpt":{"rendered":"<p>artisJet Europe Technologie Technische Artikel, Produktleitf\u00e4den und Technologieneuigkeiten von artisJet f\u00fcr UV-LED-Drucknutzer und -profis in Europa. TECHNOLOGIE \u00b7 PRODUKT TRUST \u2014 Ihr n\u00e4chster professioneller UV-Beschilderungsdrucker Ein kompakter UV-Drucker f\u00fcr Beschilderungsprofis: gro\u00dfe Formate bis 60\u00d790\u00a0cm, vollst\u00e4ndig ADA-konformes Braille, Reliefeffekte, Lack und<\/p>\n","protected":false},"author":1,"featured_media":0,"parent":0,"menu_order":0,"comment_status":"closed","ping_status":"closed","template":"","meta":{"ngg_post_thumbnail":0,"footnotes":""},"class_list":["post-9013","page","type-page","status-publish","hentry"],"translation":{"provider":"WPGlobus","version":"2.12.2","language":"de","enabled_languages":["fr","de","pt","en"],"languages":{"fr":{"title":true,"content":true,"excerpt":false},"de":{"title":true,"content":true,"excerpt":false},"pt":{"title":true,"content":true,"excerpt":false},"en":{"title":true,"content":true,"excerpt":false}}},"yoast_head":"<!-- This site is optimized with the Yoast SEO plugin v22.0 - https:\/\/yoast.com\/wordpress\/plugins\/seo\/ -->\n<title>artisJet Europe Technologie | Artisjet Europe<\/title>\n<meta name=\"robots\" content=\"index, follow, max-snippet:-1, max-image-preview:large, max-video-preview:-1\" \/>\n<link rel=\"canonical\" href=\"https:\/\/artisjet-printers.eu\/technology\/\" \/>\n<meta property=\"og:locale\" content=\"de_DE\" \/>\n<meta property=\"og:type\" content=\"article\" \/>\n<meta property=\"og:title\" content=\"artisJet Europe Technologie | Artisjet Europe\" \/>\n<meta property=\"og:url\" content=\"https:\/\/artisjet-printers.eu\/technology\/\" \/>\n<meta property=\"og:site_name\" content=\"Artisjet Europe\" \/>\n<meta property=\"og:image\" content=\"https:\/\/www.artisjet.com\/images\/easyblog_articles\/286\/the-NEW-artisJet-TRUST-printer-for-signage-and-more.jpeg\" \/>\n<meta name=\"twitter:card\" content=\"summary_large_image\" \/>\n<meta name=\"twitter:label1\" content=\"Gesch\u00e4tzte Lesezeit\" \/>\n\t<meta name=\"twitter:data1\" content=\"10\u00a0Minuten\" \/>\n<script type=\"application\/ld+json\" class=\"yoast-schema-graph\">{\"@context\":\"https:\/\/schema.org\",\"@graph\":[{\"@type\":\"WebPage\",\"@id\":\"https:\/\/artisjet-printers.eu\/technology\/\",\"url\":\"https:\/\/artisjet-printers.eu\/technology\/\",\"name\":\"artisJet Europe Technologie | Artisjet Europe\",\"isPartOf\":{\"@id\":\"https:\/\/artisjet-printers.eu\/#website\"},\"datePublished\":\"2026-03-19T06:20:19+00:00\",\"dateModified\":\"2026-03-19T06:20:19+00:00\",\"breadcrumb\":{\"@id\":\"https:\/\/artisjet-printers.eu\/technology\/#breadcrumb\"},\"inLanguage\":\"de\",\"potentialAction\":[{\"@type\":\"ReadAction\",\"target\":[\"https:\/\/artisjet-printers.eu\/technology\/\"]}]},{\"@type\":\"BreadcrumbList\",\"@id\":\"https:\/\/artisjet-printers.eu\/technology\/#breadcrumb\",\"itemListElement\":[{\"@type\":\"ListItem\",\"position\":1,\"name\":\"Home\",\"item\":\"https:\/\/artisjet-printers.eu\/\"},{\"@type\":\"ListItem\",\"position\":2,\"name\":\"Technologie d\u2019impression UV\"}]},{\"@type\":\"WebSite\",\"@id\":\"https:\/\/artisjet-printers.eu\/#website\",\"url\":\"https:\/\/artisjet-printers.eu\/\",\"name\":\"Artisjet Europe\",\"description\":\"Official distributor in Europe\",\"publisher\":{\"@id\":\"https:\/\/artisjet-printers.eu\/#organization\"},\"potentialAction\":[{\"@type\":\"SearchAction\",\"target\":{\"@type\":\"EntryPoint\",\"urlTemplate\":\"https:\/\/artisjet-printers.eu\/?s={search_term_string}\"},\"query-input\":\"required name=search_term_string\"}],\"inLanguage\":\"de\"},{\"@type\":\"Organization\",\"@id\":\"https:\/\/artisjet-printers.eu\/#organization\",\"name\":\"ArtisJet\",\"url\":\"https:\/\/artisjet-printers.eu\/\",\"logo\":{\"@type\":\"ImageObject\",\"inLanguage\":\"de\",\"@id\":\"https:\/\/artisjet-printers.eu\/#\/schema\/logo\/image\/\",\"url\":\"https:\/\/artisjet-printers.eu\/wp-content\/uploads\/2017\/12\/logoartisjet.jpg\",\"contentUrl\":\"https:\/\/artisjet-printers.eu\/wp-content\/uploads\/2017\/12\/logoartisjet.jpg\",\"width\":217,\"height\":80,\"caption\":\"ArtisJet\"},\"image\":{\"@id\":\"https:\/\/artisjet-printers.eu\/#\/schema\/logo\/image\/\"}}]}<\/script>\n<!-- \/ Yoast SEO plugin. -->","yoast_head_json":{"title":"artisJet Europe Technologie | Artisjet Europe","robots":{"index":"index","follow":"follow","max-snippet":"max-snippet:-1","max-image-preview":"max-image-preview:large","max-video-preview":"max-video-preview:-1"},"canonical":"https:\/\/artisjet-printers.eu\/technology\/","og_locale":"de_DE","og_type":"article","og_title":"artisJet Europe Technologie | Artisjet Europe","og_url":"https:\/\/artisjet-printers.eu\/technology\/","og_site_name":"Artisjet Europe","og_image":[{"url":"https:\/\/www.artisjet.com\/images\/easyblog_articles\/286\/the-NEW-artisJet-TRUST-printer-for-signage-and-more.jpeg"}],"twitter_card":"summary_large_image","twitter_misc":{"Gesch\u00e4tzte Lesezeit":"10\u00a0Minuten"},"schema":{"@context":"https:\/\/schema.org","@graph":[{"@type":"WebPage","@id":"https:\/\/artisjet-printers.eu\/technology\/","url":"https:\/\/artisjet-printers.eu\/technology\/","name":"artisJet Europe Technologie | Artisjet Europe","isPartOf":{"@id":"https:\/\/artisjet-printers.eu\/#website"},"datePublished":"2026-03-19T06:20:19+00:00","dateModified":"2026-03-19T06:20:19+00:00","breadcrumb":{"@id":"https:\/\/artisjet-printers.eu\/technology\/#breadcrumb"},"inLanguage":"de","potentialAction":[{"@type":"ReadAction","target":["https:\/\/artisjet-printers.eu\/technology\/"]}]},{"@type":"BreadcrumbList","@id":"https:\/\/artisjet-printers.eu\/technology\/#breadcrumb","itemListElement":[{"@type":"ListItem","position":1,"name":"Home","item":"https:\/\/artisjet-printers.eu\/"},{"@type":"ListItem","position":2,"name":"Technologie d\u2019impression UV"}]},{"@type":"WebSite","@id":"https:\/\/artisjet-printers.eu\/#website","url":"https:\/\/artisjet-printers.eu\/","name":"Artisjet Europe","description":"Official distributor in Europe","publisher":{"@id":"https:\/\/artisjet-printers.eu\/#organization"},"potentialAction":[{"@type":"SearchAction","target":{"@type":"EntryPoint","urlTemplate":"https:\/\/artisjet-printers.eu\/?s={search_term_string}"},"query-input":"required name=search_term_string"}],"inLanguage":"de"},{"@type":"Organization","@id":"https:\/\/artisjet-printers.eu\/#organization","name":"ArtisJet","url":"https:\/\/artisjet-printers.eu\/","logo":{"@type":"ImageObject","inLanguage":"de","@id":"https:\/\/artisjet-printers.eu\/#\/schema\/logo\/image\/","url":"https:\/\/artisjet-printers.eu\/wp-content\/uploads\/2017\/12\/logoartisjet.jpg","contentUrl":"https:\/\/artisjet-printers.eu\/wp-content\/uploads\/2017\/12\/logoartisjet.jpg","width":217,"height":80,"caption":"ArtisJet"},"image":{"@id":"https:\/\/artisjet-printers.eu\/#\/schema\/logo\/image\/"}}]}},"_links":{"self":[{"href":"https:\/\/artisjet-printers.eu\/de\/wp-json\/wp\/v2\/pages\/9013","targetHints":{"allow":["GET"]}}],"collection":[{"href":"https:\/\/artisjet-printers.eu\/de\/wp-json\/wp\/v2\/pages"}],"about":[{"href":"https:\/\/artisjet-printers.eu\/de\/wp-json\/wp\/v2\/types\/page"}],"author":[{"embeddable":true,"href":"https:\/\/artisjet-printers.eu\/de\/wp-json\/wp\/v2\/users\/1"}],"replies":[{"embeddable":true,"href":"https:\/\/artisjet-printers.eu\/de\/wp-json\/wp\/v2\/comments?post=9013"}],"version-history":[{"count":0,"href":"https:\/\/artisjet-printers.eu\/de\/wp-json\/wp\/v2\/pages\/9013\/revisions"}],"wp:attachment":[{"href":"https:\/\/artisjet-printers.eu\/de\/wp-json\/wp\/v2\/media?parent=9013"}],"curies":[{"name":"wp","href":"https:\/\/api.w.org\/{rel}","templated":true}]}}