{"id":9012,"date":"2026-03-19T06:20:19","date_gmt":"2026-03-19T06:20:19","guid":{"rendered":"https:\/\/artisjet-printers.eu\/applications\/"},"modified":"2026-03-19T06:20:19","modified_gmt":"2026-03-19T06:20:19","slug":"applications","status":"publish","type":"page","link":"https:\/\/artisjet-printers.eu\/de\/applications\/","title":{"rendered":"UV-LED-Druckanwendungen"},"content":{"rendered":"\n<div class=\"wp-block-group aj-page-applications\"><div class=\"wp-block-group__inner-container is-layout-constrained wp-block-group-is-layout-constrained\">\n\n\n<h1 class=\"wp-block-heading\">UV-LED-Druckanwendungen<\/h1>\n\n\n\n<p>Entdecken Sie alles, was Sie mit artisJet-Druckern bedrucken k\u00f6nnen: von Industriebeschilderung und Braille bis zu Golfb\u00e4llen, Geschenkboxen, Dekoration und vielem mehr.<\/p>\n\n\n\n<div class=\"wp-block-group aj-app-card has-border-color\" style=\"border-color:#e0e0e0;border-width:1px;padding-top:2rem;padding-right:2rem;padding-bottom:2rem;padding-left:2rem\"><div class=\"wp-block-group__inner-container is-layout-constrained wp-container-core-group-is-layout-bcd1463b wp-block-group-is-layout-constrained\">\n\n\n<p><strong>INDUSTRIEBESCHILDERUNG \u00b7 ZIFFERBL\u00c4TTER \u00b7 ETIKETTEN<\/strong><\/p>\n\n\n\n<h2 class=\"wp-block-heading\">Einfacher, produktiver, g\u00fcnstiger \u2014 Druck auf Industriepaneele und Zifferbl\u00e4tter<\/h2>\n\n\n\n<figure class=\"wp-block-image size-large\"><img decoding=\"async\" src=\"https:\/\/www.artisjet.com\/images\/easyblog_articles\/266\/industrial-panels-and-gauges-printing.png\" alt=\"Einfacher, produktiver, g\u00fcnstiger \u2014 Druck auf Industriepaneele und Zifferbl\u00e4tter\"\/><\/figure>\n\n\n\n<p>artisJet UV-LED-Drucker revolutionieren die Personalisierung von Industrieetiketten: Zifferbl\u00e4tter, Steuerpaneele, Modems, Sicherheitsschranken, Uhrzifferbl\u00e4tter, Armaturenbretter, OBU-Einheiten, Messger\u00e4te und Leiterplatten.<\/p>\n\n\n\n<div class=\"wp-block-buttons is-layout-flex wp-block-buttons-is-layout-flex\">\n\n<div class=\"wp-block-button\"><a class=\"wp-block-button__link wp-element-button\" href=\"\/de\/contact\/\">Demo anfordern<\/a><\/div>\n\n<\/div>\n\n\n<\/div><\/div>\n\n\n\n<div class=\"wp-block-group aj-app-card has-border-color\" style=\"border-color:#e0e0e0;border-width:1px;padding-top:2rem;padding-right:2rem;padding-bottom:2rem;padding-left:2rem\"><div class=\"wp-block-group__inner-container is-layout-constrained wp-container-core-group-is-layout-bcd1463b wp-block-group-is-layout-constrained\">\n\n\n<p><strong>GOLF \u00b7 SPORTARTIKEL \u00b7 FIRMENGESCHENKE<\/strong><\/p>\n\n\n\n<h2 class=\"wp-block-heading\">artisJet Golfball-Drucker \u2014 Direktpersonalisierung auf Sportartikeln<\/h2>\n\n\n\n<figure class=\"wp-block-image size-large\"><img decoding=\"async\" src=\"https:\/\/www.artisjet.com\/images\/easyblog_articles\/232\/golf-printer.jpg\" alt=\"artisJet Golfball-Drucker \u2014 Direktpersonalisierung auf Sportartikeln\"\/><\/figure>\n\n\n\n<p>Personalisierte Golfb\u00e4lle sind Werbeartikel und Firmengeschenke mit sehr hohem Differenzierungspotenzial. Logos, Fotos und Designs direkt auf B\u00e4lle, Tees und Marker \u2014 lebhafte Farben, hohe Aufl\u00f6sung, Au\u00dfenbest\u00e4ndigkeit bis 3 Jahre.<\/p>\n\n\n\n<div class=\"wp-block-buttons is-layout-flex wp-block-buttons-is-layout-flex\">\n\n<div class=\"wp-block-button\"><a class=\"wp-block-button__link wp-element-button\" href=\"\/de\/contact\/\">Angebot anfordern<\/a><\/div>\n\n<\/div>\n\n\n<\/div><\/div>\n\n\n\n<div class=\"wp-block-group aj-app-card has-border-color\" style=\"border-color:#e0e0e0;border-width:1px;padding-top:2rem;padding-right:2rem;padding-bottom:2rem;padding-left:2rem\"><div class=\"wp-block-group__inner-container is-layout-constrained wp-container-core-group-is-layout-bcd1463b wp-block-group-is-layout-constrained\">\n\n\n<p><strong>VERPACKUNG \u00b7 GESCHENKE \u00b7 WEIHNACHTSDRUCK<\/strong><\/p>\n\n\n\n<h2 class=\"wp-block-heading\">Personalisierung von Verpackungen und Geschenken \u2014 Blumenboxen, Schokolade, Flaschen und mehr<\/h2>\n\n\n\n<figure class=\"wp-block-image size-large\"><img decoding=\"async\" src=\"https:\/\/www.artisjet.com\/images\/easyblog_articles\/214\/b2ap3_thumbnail_personalized-flower-gift-box.jpg\" alt=\"Personalisierung von Verpackungen und Geschenken \u2014 Blumenboxen, Schokolade, Flaschen und mehr\"\/><\/figure>\n\n\n\n<p>Mit artisJet UV-LED-Druckern k\u00f6nnen Floristen, Chocolatiers und Geschenkl\u00e4den direkt auf Kartonboxen, Weinflaschen, Karten und Weihnachtsornamente drucken. Personalisierung mit 3D-Reliefeffekten und UV-Glanz\/Matt-Lack.<\/p>\n\n\n\n<div class=\"wp-block-buttons is-layout-flex wp-block-buttons-is-layout-flex\">\n\n<div class=\"wp-block-button\"><a class=\"wp-block-button__link wp-element-button\" href=\"\/de\/contact\/\">Druckmuster anfordern<\/a><\/div>\n\n<\/div>\n\n\n<\/div><\/div>\n\n\n\n<div class=\"wp-block-group aj-app-card has-border-color\" style=\"border-color:#e0e0e0;border-width:1px;padding-top:2rem;padding-right:2rem;padding-bottom:2rem;padding-left:2rem\"><div class=\"wp-block-group__inner-container is-layout-constrained wp-container-core-group-is-layout-bcd1463b wp-block-group-is-layout-constrained\">\n\n\n<p><strong>INNENDEKORATION \u00b7 HOLZ \u00b7 CANVAS<\/strong><\/p>\n\n\n\n<h2 class=\"wp-block-heading\">Direktdruck auf Holz und Canvas \u2014 artisJet-L\u00f6sung f\u00fcr Dekoration<\/h2>\n\n\n\n<figure class=\"wp-block-image size-large\"><img decoding=\"async\" src=\"https:\/\/www.artisjet.com\/images\/easyblog_articles\/198\/LED-UV-direct-printing-for-indoor-decorations.jpg\" alt=\"Direktdruck auf Holz und Canvas \u2014 artisJet-L\u00f6sung f\u00fcr Dekoration\"\/><\/figure>\n\n\n\n<p>artisJet UV-LED-Druck auf Holz, Canvas und MDF er\u00f6ffnet vielf\u00e4ltige M\u00f6glichkeiten f\u00fcr Innendekoration: Bilder mit nat\u00fcrlicher Maserung, 3D-Tasteffekte, Spot-UV-Lack und fotorealistische Farben.<\/p>\n\n\n\n<div class=\"wp-block-buttons is-layout-flex wp-block-buttons-is-layout-flex\">\n\n<div class=\"wp-block-button\"><a class=\"wp-block-button__link wp-element-button\" href=\"\/de\/contact\/\">F\u00fcr Ihr Unternehmen anfragen<\/a><\/div>\n\n<\/div>\n\n\n<\/div><\/div>\n\n\n\n<div class=\"wp-block-group aj-app-card has-border-color\" style=\"border-color:#e0e0e0;border-width:1px;padding-top:2rem;padding-right:2rem;padding-bottom:2rem;padding-left:2rem\"><div class=\"wp-block-group__inner-container is-layout-constrained wp-container-core-group-is-layout-bcd1463b wp-block-group-is-layout-constrained\">\n\n\n<p><strong>BESCHILDERUNG \u00b7 BRAILLE \u00b7 UV-EFFEKTE<\/strong><\/p>\n\n\n\n<h2 class=\"wp-block-heading\">Druck auf Beschilderung \u2014 Braille, UV-Effekte und Lack f\u00fcr Schilder aller Art<\/h2>\n\n\n\n<figure class=\"wp-block-image size-large\"><img decoding=\"async\" src=\"https:\/\/www.artisjet.com\/images\/easyblog_articles\/193\/banner.jpg\" alt=\"Druck auf Beschilderung \u2014 Braille, UV-Effekte und Lack f\u00fcr Schilder aller Art\"\/><\/figure>\n\n\n\n<p>artisJet-Drucker erm\u00f6glichen professionelle Beschilderung mit leuchtenden Farben, ADA-konformem Braille-Relief, Glanz\/Matt-Lack, 3D-Tasteffekten und Au\u00dfenschutz.<\/p>\n\n\n\n<div class=\"wp-block-buttons is-layout-flex wp-block-buttons-is-layout-flex\">\n\n<div class=\"wp-block-button\"><a class=\"wp-block-button__link wp-element-button\" href=\"\/de\/contact\/\">Muster oder Demo anfordern<\/a><\/div>\n\n<\/div>\n\n\n<\/div><\/div>\n\n\n<\/div><\/div>\n","protected":false},"excerpt":{"rendered":"<p>UV-LED-Druckanwendungen Entdecken Sie alles, was Sie mit artisJet-Druckern bedrucken k\u00f6nnen: von Industriebeschilderung und Braille bis zu Golfb\u00e4llen, Geschenkboxen, Dekoration und vielem mehr. INDUSTRIEBESCHILDERUNG \u00b7 ZIFFERBL\u00c4TTER \u00b7 ETIKETTEN Einfacher, produktiver, g\u00fcnstiger \u2014 Druck auf Industriepaneele und Zifferbl\u00e4tter artisJet UV-LED-Drucker revolutionieren die<\/p>\n","protected":false},"author":1,"featured_media":0,"parent":0,"menu_order":0,"comment_status":"closed","ping_status":"closed","template":"","meta":{"ngg_post_thumbnail":0,"footnotes":""},"class_list":["post-9012","page","type-page","status-publish","hentry"],"translation":{"provider":"WPGlobus","version":"2.12.2","language":"de","enabled_languages":["fr","de","pt","en"],"languages":{"fr":{"title":true,"content":true,"excerpt":false},"de":{"title":true,"content":true,"excerpt":false},"pt":{"title":true,"content":true,"excerpt":false},"en":{"title":true,"content":true,"excerpt":false}}},"yoast_head":"<!-- This site is optimized with the Yoast SEO plugin v22.0 - https:\/\/yoast.com\/wordpress\/plugins\/seo\/ -->\n<title>UV-LED-Druckanwendungen | Artisjet Europe<\/title>\n<meta name=\"robots\" content=\"index, follow, max-snippet:-1, max-image-preview:large, max-video-preview:-1\" \/>\n<link rel=\"canonical\" href=\"https:\/\/artisjet-printers.eu\/applications\/\" \/>\n<meta property=\"og:locale\" content=\"de_DE\" \/>\n<meta property=\"og:type\" content=\"article\" \/>\n<meta property=\"og:title\" content=\"UV-LED-Druckanwendungen | Artisjet Europe\" \/>\n<meta property=\"og:url\" content=\"https:\/\/artisjet-printers.eu\/applications\/\" \/>\n<meta property=\"og:site_name\" content=\"Artisjet Europe\" \/>\n<meta property=\"og:image\" content=\"https:\/\/www.artisjet.com\/images\/easyblog_articles\/266\/industrial-panels-and-gauges-printing.png\" \/>\n<meta name=\"twitter:card\" content=\"summary_large_image\" \/>\n<meta name=\"twitter:label1\" content=\"Gesch\u00e4tzte Lesezeit\" \/>\n\t<meta name=\"twitter:data1\" content=\"6\u00a0Minuten\" \/>\n<script type=\"application\/ld+json\" class=\"yoast-schema-graph\">{\"@context\":\"https:\/\/schema.org\",\"@graph\":[{\"@type\":\"WebPage\",\"@id\":\"https:\/\/artisjet-printers.eu\/applications\/\",\"url\":\"https:\/\/artisjet-printers.eu\/applications\/\",\"name\":\"UV-LED-Druckanwendungen | Artisjet Europe\",\"isPartOf\":{\"@id\":\"https:\/\/artisjet-printers.eu\/#website\"},\"datePublished\":\"2026-03-19T06:20:19+00:00\",\"dateModified\":\"2026-03-19T06:20:19+00:00\",\"breadcrumb\":{\"@id\":\"https:\/\/artisjet-printers.eu\/applications\/#breadcrumb\"},\"inLanguage\":\"de\",\"potentialAction\":[{\"@type\":\"ReadAction\",\"target\":[\"https:\/\/artisjet-printers.eu\/applications\/\"]}]},{\"@type\":\"BreadcrumbList\",\"@id\":\"https:\/\/artisjet-printers.eu\/applications\/#breadcrumb\",\"itemListElement\":[{\"@type\":\"ListItem\",\"position\":1,\"name\":\"Home\",\"item\":\"https:\/\/artisjet-printers.eu\/\"},{\"@type\":\"ListItem\",\"position\":2,\"name\":\"Applications d\u2019impression UV-LED\"}]},{\"@type\":\"WebSite\",\"@id\":\"https:\/\/artisjet-printers.eu\/#website\",\"url\":\"https:\/\/artisjet-printers.eu\/\",\"name\":\"Artisjet Europe\",\"description\":\"Official distributor in Europe\",\"publisher\":{\"@id\":\"https:\/\/artisjet-printers.eu\/#organization\"},\"potentialAction\":[{\"@type\":\"SearchAction\",\"target\":{\"@type\":\"EntryPoint\",\"urlTemplate\":\"https:\/\/artisjet-printers.eu\/?s={search_term_string}\"},\"query-input\":\"required name=search_term_string\"}],\"inLanguage\":\"de\"},{\"@type\":\"Organization\",\"@id\":\"https:\/\/artisjet-printers.eu\/#organization\",\"name\":\"ArtisJet\",\"url\":\"https:\/\/artisjet-printers.eu\/\",\"logo\":{\"@type\":\"ImageObject\",\"inLanguage\":\"de\",\"@id\":\"https:\/\/artisjet-printers.eu\/#\/schema\/logo\/image\/\",\"url\":\"https:\/\/artisjet-printers.eu\/wp-content\/uploads\/2017\/12\/logoartisjet.jpg\",\"contentUrl\":\"https:\/\/artisjet-printers.eu\/wp-content\/uploads\/2017\/12\/logoartisjet.jpg\",\"width\":217,\"height\":80,\"caption\":\"ArtisJet\"},\"image\":{\"@id\":\"https:\/\/artisjet-printers.eu\/#\/schema\/logo\/image\/\"}}]}<\/script>\n<!-- \/ Yoast SEO plugin. -->","yoast_head_json":{"title":"UV-LED-Druckanwendungen | Artisjet Europe","robots":{"index":"index","follow":"follow","max-snippet":"max-snippet:-1","max-image-preview":"max-image-preview:large","max-video-preview":"max-video-preview:-1"},"canonical":"https:\/\/artisjet-printers.eu\/applications\/","og_locale":"de_DE","og_type":"article","og_title":"UV-LED-Druckanwendungen | Artisjet Europe","og_url":"https:\/\/artisjet-printers.eu\/applications\/","og_site_name":"Artisjet Europe","og_image":[{"url":"https:\/\/www.artisjet.com\/images\/easyblog_articles\/266\/industrial-panels-and-gauges-printing.png"}],"twitter_card":"summary_large_image","twitter_misc":{"Gesch\u00e4tzte Lesezeit":"6\u00a0Minuten"},"schema":{"@context":"https:\/\/schema.org","@graph":[{"@type":"WebPage","@id":"https:\/\/artisjet-printers.eu\/applications\/","url":"https:\/\/artisjet-printers.eu\/applications\/","name":"UV-LED-Druckanwendungen | Artisjet Europe","isPartOf":{"@id":"https:\/\/artisjet-printers.eu\/#website"},"datePublished":"2026-03-19T06:20:19+00:00","dateModified":"2026-03-19T06:20:19+00:00","breadcrumb":{"@id":"https:\/\/artisjet-printers.eu\/applications\/#breadcrumb"},"inLanguage":"de","potentialAction":[{"@type":"ReadAction","target":["https:\/\/artisjet-printers.eu\/applications\/"]}]},{"@type":"BreadcrumbList","@id":"https:\/\/artisjet-printers.eu\/applications\/#breadcrumb","itemListElement":[{"@type":"ListItem","position":1,"name":"Home","item":"https:\/\/artisjet-printers.eu\/"},{"@type":"ListItem","position":2,"name":"Applications d\u2019impression UV-LED"}]},{"@type":"WebSite","@id":"https:\/\/artisjet-printers.eu\/#website","url":"https:\/\/artisjet-printers.eu\/","name":"Artisjet Europe","description":"Official distributor in Europe","publisher":{"@id":"https:\/\/artisjet-printers.eu\/#organization"},"potentialAction":[{"@type":"SearchAction","target":{"@type":"EntryPoint","urlTemplate":"https:\/\/artisjet-printers.eu\/?s={search_term_string}"},"query-input":"required name=search_term_string"}],"inLanguage":"de"},{"@type":"Organization","@id":"https:\/\/artisjet-printers.eu\/#organization","name":"ArtisJet","url":"https:\/\/artisjet-printers.eu\/","logo":{"@type":"ImageObject","inLanguage":"de","@id":"https:\/\/artisjet-printers.eu\/#\/schema\/logo\/image\/","url":"https:\/\/artisjet-printers.eu\/wp-content\/uploads\/2017\/12\/logoartisjet.jpg","contentUrl":"https:\/\/artisjet-printers.eu\/wp-content\/uploads\/2017\/12\/logoartisjet.jpg","width":217,"height":80,"caption":"ArtisJet"},"image":{"@id":"https:\/\/artisjet-printers.eu\/#\/schema\/logo\/image\/"}}]}},"_links":{"self":[{"href":"https:\/\/artisjet-printers.eu\/de\/wp-json\/wp\/v2\/pages\/9012","targetHints":{"allow":["GET"]}}],"collection":[{"href":"https:\/\/artisjet-printers.eu\/de\/wp-json\/wp\/v2\/pages"}],"about":[{"href":"https:\/\/artisjet-printers.eu\/de\/wp-json\/wp\/v2\/types\/page"}],"author":[{"embeddable":true,"href":"https:\/\/artisjet-printers.eu\/de\/wp-json\/wp\/v2\/users\/1"}],"replies":[{"embeddable":true,"href":"https:\/\/artisjet-printers.eu\/de\/wp-json\/wp\/v2\/comments?post=9012"}],"version-history":[{"count":0,"href":"https:\/\/artisjet-printers.eu\/de\/wp-json\/wp\/v2\/pages\/9012\/revisions"}],"wp:attachment":[{"href":"https:\/\/artisjet-printers.eu\/de\/wp-json\/wp\/v2\/media?parent=9012"}],"curies":[{"name":"wp","href":"https:\/\/api.w.org\/{rel}","templated":true}]}}